{"id":868,"date":"2021-05-10T10:11:30","date_gmt":"2021-05-10T08:11:30","guid":{"rendered":"https:\/\/urologiagirona.com\/la-robotique-da-vinci\/prostatectomie-radicale-robotique\/"},"modified":"2021-05-10T10:11:30","modified_gmt":"2021-05-10T08:11:30","slug":"prostatectomie-radicale-robotique","status":"publish","type":"page","link":"https:\/\/urologiagirona.com\/fr\/la-robotique-da-vinci\/prostatectomie-radicale-robotique\/","title":{"rendered":"Prostatectomie radicale robotique"},"content":{"rendered":"<p><span style=\"font-weight: 400;\">Dans le cancer de la prostate, la tendance actuelle est d&rsquo;effectuer de plus en plus d&rsquo;interventions chirurgicales et celles-ci, dans la mesure du possible, \u00e0 r\u00e9aliser par chirurgie robotique, et <\/span><b>d&rsquo;am\u00e9liorer les r\u00e9sultats en termes de continence urinaire et de fonction sexuelle.<\/b><\/p>\n<p><span style=\"font-weight: 400;\">Cette approche permet: <\/span><b>L&rsquo;optimisation de l&rsquo;extirpation des tissus tumoraux<\/b><span style=\"font-weight: 400;\">. Meilleure vision et contr\u00f4le pour pr\u00e9server les bandes neurovasculaires (responsables de la r\u00e9gulation de l&rsquo;\u00e9rection). Pouvoir \u00eatre plus s\u00e9lectif et pr\u00e9cis dans la dissection de la zone sphinct\u00e9rienne (le sphincter est le muscle responsable de la continence urinaire). D&rsquo;autres avantages sont, par exemple, que si la chirurgie n\u00e9cessite une lymphad\u00e9nectomie (ablation des ganglions lymphatiques adjacents \u00e0 la prostate), elle est plus facile \u00e0 r\u00e9aliser. <\/span><b>La probabilit\u00e9 d\u2019avoir besoin d\u2019une transfusion sanguine ou d\u2019\u00e9prouver une complication telle que l\u2019infection de la plaie chirurgicale est \u00e9galement plus faible.<\/b><\/p>\n<p><span style=\"font-weight: 400;\">Enfin, il convient \u00e9galement de noter qu&rsquo;un s\u00e9jour hospitalier plus court et une r\u00e9cup\u00e9ration seront n\u00e9cessaires et que le retour aux activit\u00e9s normales sera plus pr\u00e9coce.<\/span><\/p>\n<h3><b>Br\u00e8ve description de la proc\u00e9dure\u00a0:<\/b><\/h3>\n<p><span style=\"font-weight: 400;\">Entre 4 et 5 trous sont pratiqu\u00e9s dans la partie inf\u00e9rieure de l&rsquo;abdomen \u00e0 travers lesquels les instruments robotiques sont ins\u00e9r\u00e9s.\u00a0<\/span><\/p>\n<p><span style=\"font-weight: 400;\">Une fois termin\u00e9, le tissu excis\u00e9 est retir\u00e9 par l&rsquo;un des trous qui est \u00e9largi. Le patient quitte la salle d&rsquo;op\u00e9ration avec un cath\u00e9ter v\u00e9sical et dans certains cas avec un drainage abdominal. L&rsquo;op\u00e9ration est r\u00e9alis\u00e9e sous anesth\u00e9sie g\u00e9n\u00e9rale, dure entre 2 et 4 heures, n\u00e9cessite une admission d&rsquo;environ 48 heures et g\u00e9n\u00e9ralement la r\u00e9cup\u00e9ration dure entre 1 et 2 semaines. <\/span><b>Le patient est d\u00e9charg\u00e9 avec un cath\u00e9ter v\u00e9sical et il est retir\u00e9 apr\u00e8s 7 \u00e0 10 jours.<\/b><\/p>\n","protected":false},"excerpt":{"rendered":"<p>Dans le cancer de la prostate, la tendance actuelle est d&rsquo;effectuer de plus en plus d&rsquo;interventions chirurgicales et celles-ci, dans la mesure du possible, \u00e0 r\u00e9aliser par chirurgie robotique, et d&rsquo;am\u00e9liorer les r\u00e9sultats en termes de continence urinaire et de fonction sexuelle. Cette approche permet: L&rsquo;optimisation de l&rsquo;extirpation des tissus tumoraux. Meilleure vision et contr\u00f4le [&hellip;]<\/p>\n","protected":false},"author":1,"featured_media":0,"parent":863,"menu_order":0,"comment_status":"closed","ping_status":"closed","template":"","meta":{"_et_pb_use_builder":"off","_et_pb_old_content":"","_et_gb_content_width":"","footnotes":""},"class_list":["post-868","page","type-page","status-publish","hentry"],"yoast_head":"<!-- This site is optimized with the Yoast SEO plugin v25.8 - https:\/\/yoast.com\/wordpress\/plugins\/seo\/ -->\n<title>Prostatectomie radicale robotique - Urologia Girona<\/title>\n<meta name=\"robots\" content=\"index, follow, max-snippet:-1, max-image-preview:large, max-video-preview:-1\" \/>\n<link rel=\"canonical\" href=\"https:\/\/urologiagirona.com\/fr\/la-robotique-da-vinci\/prostatectomie-radicale-robotique\/\" \/>\n<meta property=\"og:locale\" content=\"fr_FR\" \/>\n<meta property=\"og:type\" content=\"article\" \/>\n<meta property=\"og:title\" content=\"Prostatectomie radicale robotique - Urologia Girona\" \/>\n<meta property=\"og:description\" content=\"Dans le cancer de la prostate, la tendance actuelle est d&rsquo;effectuer de plus en plus d&rsquo;interventions chirurgicales et celles-ci, dans la mesure du possible, \u00e0 r\u00e9aliser par chirurgie robotique, et d&rsquo;am\u00e9liorer les r\u00e9sultats en termes de continence urinaire et de fonction sexuelle. Cette approche permet: L&rsquo;optimisation de l&rsquo;extirpation des tissus tumoraux. Meilleure vision et contr\u00f4le [&hellip;]\" \/>\n<meta property=\"og:url\" content=\"https:\/\/urologiagirona.com\/fr\/la-robotique-da-vinci\/prostatectomie-radicale-robotique\/\" \/>\n<meta property=\"og:site_name\" content=\"Urologia Girona\" \/>\n<meta property=\"og:image\" content=\"https:\/\/urologiagirona.com\/wp-content\/uploads\/2020\/11\/logo_urologia_girona.jpg\" \/>\n\t<meta property=\"og:image:width\" content=\"600\" \/>\n\t<meta property=\"og:image:height\" content=\"341\" \/>\n\t<meta property=\"og:image:type\" content=\"image\/jpeg\" \/>\n<script type=\"application\/ld+json\" class=\"yoast-schema-graph\">{\"@context\":\"https:\/\/schema.org\",\"@graph\":[{\"@type\":\"WebPage\",\"@id\":\"https:\/\/urologiagirona.com\/fr\/la-robotique-da-vinci\/prostatectomie-radicale-robotique\/\",\"url\":\"https:\/\/urologiagirona.com\/fr\/la-robotique-da-vinci\/prostatectomie-radicale-robotique\/\",\"name\":\"Prostatectomie radicale robotique - Urologia Girona\",\"isPartOf\":{\"@id\":\"https:\/\/urologiagirona.com\/#website\"},\"datePublished\":\"2021-05-10T08:11:30+00:00\",\"breadcrumb\":{\"@id\":\"https:\/\/urologiagirona.com\/fr\/la-robotique-da-vinci\/prostatectomie-radicale-robotique\/#breadcrumb\"},\"inLanguage\":\"fr-FR\",\"potentialAction\":[{\"@type\":\"ReadAction\",\"target\":[\"https:\/\/urologiagirona.com\/fr\/la-robotique-da-vinci\/prostatectomie-radicale-robotique\/\"]}]},{\"@type\":\"BreadcrumbList\",\"@id\":\"https:\/\/urologiagirona.com\/fr\/la-robotique-da-vinci\/prostatectomie-radicale-robotique\/#breadcrumb\",\"itemListElement\":[{\"@type\":\"ListItem\",\"position\":1,\"name\":\"Inici\",\"item\":\"https:\/\/urologiagirona.com\/\"},{\"@type\":\"ListItem\",\"position\":2,\"name\":\"La robotique Da Vinci\",\"item\":\"https:\/\/urologiagirona.com\/fr\/la-robotique-da-vinci\/\"},{\"@type\":\"ListItem\",\"position\":3,\"name\":\"Prostatectomie radicale robotique\"}]},{\"@type\":\"WebSite\",\"@id\":\"https:\/\/urologiagirona.com\/#website\",\"url\":\"https:\/\/urologiagirona.com\/\",\"name\":\"Urologia Girona \/ Cl\u00ednica Urologia Girona\",\"description\":\"Som especialistes en cirurgia rob\u00f2tica i m\u00ednimament invasiva per el tractament de patologia prost\u00e0tica ( l\u00e0ser de pr\u00f2stata, Robot Da Vinci, ter\u00e0pia focal), patologia renal (c\u00e0ncer, litiasis, cirurgia rob\u00f2tica i laparosc\u00f2pia) i vesical (tumors de bufeta).\",\"publisher\":{\"@id\":\"https:\/\/urologiagirona.com\/#organization\"},\"alternateName\":\"Cl\u00ednica Urologia Girona\",\"potentialAction\":[{\"@type\":\"SearchAction\",\"target\":{\"@type\":\"EntryPoint\",\"urlTemplate\":\"https:\/\/urologiagirona.com\/?s={search_term_string}\"},\"query-input\":{\"@type\":\"PropertyValueSpecification\",\"valueRequired\":true,\"valueName\":\"search_term_string\"}}],\"inLanguage\":\"fr-FR\"},{\"@type\":\"Organization\",\"@id\":\"https:\/\/urologiagirona.com\/#organization\",\"name\":\"Urologia Girona \/ Cl\u00ednica Urologia Girona\",\"url\":\"https:\/\/urologiagirona.com\/\",\"logo\":{\"@type\":\"ImageObject\",\"inLanguage\":\"fr-FR\",\"@id\":\"https:\/\/urologiagirona.com\/#\/schema\/logo\/image\/\",\"url\":\"https:\/\/urologiagirona.com\/wp-content\/uploads\/2020\/11\/logo_urologia_girona.jpg\",\"contentUrl\":\"https:\/\/urologiagirona.com\/wp-content\/uploads\/2020\/11\/logo_urologia_girona.jpg\",\"width\":600,\"height\":341,\"caption\":\"Urologia Girona \/ Cl\u00ednica Urologia Girona\"},\"image\":{\"@id\":\"https:\/\/urologiagirona.com\/#\/schema\/logo\/image\/\"}}]}<\/script>\n<!-- \/ Yoast SEO plugin. -->","yoast_head_json":{"title":"Prostatectomie radicale robotique - Urologia Girona","robots":{"index":"index","follow":"follow","max-snippet":"max-snippet:-1","max-image-preview":"max-image-preview:large","max-video-preview":"max-video-preview:-1"},"canonical":"https:\/\/urologiagirona.com\/fr\/la-robotique-da-vinci\/prostatectomie-radicale-robotique\/","og_locale":"fr_FR","og_type":"article","og_title":"Prostatectomie radicale robotique - Urologia Girona","og_description":"Dans le cancer de la prostate, la tendance actuelle est d&rsquo;effectuer de plus en plus d&rsquo;interventions chirurgicales et celles-ci, dans la mesure du possible, \u00e0 r\u00e9aliser par chirurgie robotique, et d&rsquo;am\u00e9liorer les r\u00e9sultats en termes de continence urinaire et de fonction sexuelle. Cette approche permet: L&rsquo;optimisation de l&rsquo;extirpation des tissus tumoraux. Meilleure vision et contr\u00f4le [&hellip;]","og_url":"https:\/\/urologiagirona.com\/fr\/la-robotique-da-vinci\/prostatectomie-radicale-robotique\/","og_site_name":"Urologia Girona","og_image":[{"width":600,"height":341,"url":"https:\/\/urologiagirona.com\/wp-content\/uploads\/2020\/11\/logo_urologia_girona.jpg","type":"image\/jpeg"}],"schema":{"@context":"https:\/\/schema.org","@graph":[{"@type":"WebPage","@id":"https:\/\/urologiagirona.com\/fr\/la-robotique-da-vinci\/prostatectomie-radicale-robotique\/","url":"https:\/\/urologiagirona.com\/fr\/la-robotique-da-vinci\/prostatectomie-radicale-robotique\/","name":"Prostatectomie radicale robotique - Urologia Girona","isPartOf":{"@id":"https:\/\/urologiagirona.com\/#website"},"datePublished":"2021-05-10T08:11:30+00:00","breadcrumb":{"@id":"https:\/\/urologiagirona.com\/fr\/la-robotique-da-vinci\/prostatectomie-radicale-robotique\/#breadcrumb"},"inLanguage":"fr-FR","potentialAction":[{"@type":"ReadAction","target":["https:\/\/urologiagirona.com\/fr\/la-robotique-da-vinci\/prostatectomie-radicale-robotique\/"]}]},{"@type":"BreadcrumbList","@id":"https:\/\/urologiagirona.com\/fr\/la-robotique-da-vinci\/prostatectomie-radicale-robotique\/#breadcrumb","itemListElement":[{"@type":"ListItem","position":1,"name":"Inici","item":"https:\/\/urologiagirona.com\/"},{"@type":"ListItem","position":2,"name":"La robotique Da Vinci","item":"https:\/\/urologiagirona.com\/fr\/la-robotique-da-vinci\/"},{"@type":"ListItem","position":3,"name":"Prostatectomie radicale robotique"}]},{"@type":"WebSite","@id":"https:\/\/urologiagirona.com\/#website","url":"https:\/\/urologiagirona.com\/","name":"Urologia Girona \/ Cl\u00ednica Urologia Girona","description":"Som especialistes en cirurgia rob\u00f2tica i m\u00ednimament invasiva per el tractament de patologia prost\u00e0tica ( l\u00e0ser de pr\u00f2stata, Robot Da Vinci, ter\u00e0pia focal), patologia renal (c\u00e0ncer, litiasis, cirurgia rob\u00f2tica i laparosc\u00f2pia) i vesical (tumors de bufeta).","publisher":{"@id":"https:\/\/urologiagirona.com\/#organization"},"alternateName":"Cl\u00ednica Urologia Girona","potentialAction":[{"@type":"SearchAction","target":{"@type":"EntryPoint","urlTemplate":"https:\/\/urologiagirona.com\/?s={search_term_string}"},"query-input":{"@type":"PropertyValueSpecification","valueRequired":true,"valueName":"search_term_string"}}],"inLanguage":"fr-FR"},{"@type":"Organization","@id":"https:\/\/urologiagirona.com\/#organization","name":"Urologia Girona \/ Cl\u00ednica Urologia Girona","url":"https:\/\/urologiagirona.com\/","logo":{"@type":"ImageObject","inLanguage":"fr-FR","@id":"https:\/\/urologiagirona.com\/#\/schema\/logo\/image\/","url":"https:\/\/urologiagirona.com\/wp-content\/uploads\/2020\/11\/logo_urologia_girona.jpg","contentUrl":"https:\/\/urologiagirona.com\/wp-content\/uploads\/2020\/11\/logo_urologia_girona.jpg","width":600,"height":341,"caption":"Urologia Girona \/ Cl\u00ednica Urologia Girona"},"image":{"@id":"https:\/\/urologiagirona.com\/#\/schema\/logo\/image\/"}}]}},"_links":{"self":[{"href":"https:\/\/urologiagirona.com\/fr\/wp-json\/wp\/v2\/pages\/868","targetHints":{"allow":["GET"]}}],"collection":[{"href":"https:\/\/urologiagirona.com\/fr\/wp-json\/wp\/v2\/pages"}],"about":[{"href":"https:\/\/urologiagirona.com\/fr\/wp-json\/wp\/v2\/types\/page"}],"author":[{"embeddable":true,"href":"https:\/\/urologiagirona.com\/fr\/wp-json\/wp\/v2\/users\/1"}],"replies":[{"embeddable":true,"href":"https:\/\/urologiagirona.com\/fr\/wp-json\/wp\/v2\/comments?post=868"}],"version-history":[{"count":0,"href":"https:\/\/urologiagirona.com\/fr\/wp-json\/wp\/v2\/pages\/868\/revisions"}],"up":[{"embeddable":true,"href":"https:\/\/urologiagirona.com\/fr\/wp-json\/wp\/v2\/pages\/863"}],"wp:attachment":[{"href":"https:\/\/urologiagirona.com\/fr\/wp-json\/wp\/v2\/media?parent=868"}],"curies":[{"name":"wp","href":"https:\/\/api.w.org\/{rel}","templated":true}]}}