{"id":866,"date":"2021-05-10T09:56:35","date_gmt":"2021-05-10T07:56:35","guid":{"rendered":"https:\/\/urologiagirona.com\/la-robotique-da-vinci\/nephrectomie-partielle\/"},"modified":"2021-05-10T10:10:13","modified_gmt":"2021-05-10T08:10:13","slug":"nephrectomie-partielle","status":"publish","type":"page","link":"https:\/\/urologiagirona.com\/fr\/la-robotique-da-vinci\/nephrectomie-partielle\/","title":{"rendered":"N\u00e9phrectomie partielle"},"content":{"rendered":"<p><b>Lorsque la tumeur r\u00e9nale pr\u00e9sente certaines caract\u00e9ristiques, il est possible de pratiquer une chirurgie partielle, c&rsquo;est-\u00e0-dire de ne retirer que la tumeur, <\/b><span style=\"font-weight: 400;\">pr\u00e9server le rein en emp\u00eachant la d\u00e9t\u00e9rioration de la fonction r\u00e9nale qui se produit lorsque le rein entier est retir\u00e9. <\/span><b>Dans les cas o\u00f9 cela n&rsquo;est pas possible, il sera imp\u00e9ratif de pratiquer une n\u00e9phrectomie radicale, c&rsquo;est-\u00e0-dire de retirer tout l&rsquo;organe. <\/b><span style=\"font-weight: 400;\">L&rsquo;ex\u00e9cution de la proc\u00e9dure avec le robot facilite beaucoup la t\u00e2che et aide \u00e0 \u00eatre plus pr\u00e9cise, \u00e0 r\u00e9duire les dommages aux reins et \u00e0 mieux reconstruire les tissus voisins vers la tumeur enlev\u00e9e.<\/span><\/p>\n<h3><b>Br\u00e8ve description de la proc\u00e9dure\u00a0:<\/b><\/h3>\n<p><span style=\"font-weight: 400;\">Le patient est plac\u00e9 sur le c\u00f4t\u00e9 sous anesth\u00e9sie g\u00e9n\u00e9rale et dure entre 2 et 4 heures. 4 incisions sont pratiqu\u00e9es sur le c\u00f4t\u00e9 de la paroi abdominale (4-5), \u00e0 travers lesquelles les instruments robotiques sont ins\u00e9r\u00e9s.<\/span><\/p>\n<p><span style=\"font-weight: 400;\">Des man\u0153uvres pertinentes sont effectu\u00e9es pour acc\u00e9der \u00e0 la tumeur, une r\u00e9section de la tumeur est effectu\u00e9e, suivie des sutures n\u00e9cessaires sur le tissu r\u00e9nal restant ainsi que de l&rsquo;application d&rsquo;autres agents h\u00e9mostatiques. \u00c0 la fin de la chirurgie, le tissu enlev\u00e9 est retir\u00e9 par l&rsquo;un des trous pr\u00e9c\u00e9demment agrandis.<\/span><\/p>\n<p><span style=\"font-weight: 400;\">L&rsquo;hospitalisation dure environ 72 heures, g\u00e9n\u00e9ralement le premier jour postop\u00e9ratoire \u00e0 l&rsquo;USI. <\/span><b>Dans la plupart des cas, la r\u00e9cup\u00e9ration pour reprendre des activit\u00e9s normales se situe entre 2 et 3 semaines<\/b><span style=\"font-weight: 400;\">.<\/span><\/p>\n","protected":false},"excerpt":{"rendered":"<p>Lorsque la tumeur r\u00e9nale pr\u00e9sente certaines caract\u00e9ristiques, il est possible de pratiquer une chirurgie partielle, c&rsquo;est-\u00e0-dire de ne retirer que la tumeur, pr\u00e9server le rein en emp\u00eachant la d\u00e9t\u00e9rioration de la fonction r\u00e9nale qui se produit lorsque le rein entier est retir\u00e9. Dans les cas o\u00f9 cela n&rsquo;est pas possible, il sera imp\u00e9ratif de pratiquer [&hellip;]<\/p>\n","protected":false},"author":1,"featured_media":0,"parent":863,"menu_order":0,"comment_status":"closed","ping_status":"closed","template":"","meta":{"_et_pb_use_builder":"off","_et_pb_old_content":"","_et_gb_content_width":"","footnotes":""},"class_list":["post-866","page","type-page","status-publish","hentry"],"yoast_head":"<!-- This site is optimized with the Yoast SEO plugin v25.8 - https:\/\/yoast.com\/wordpress\/plugins\/seo\/ -->\n<title>N\u00e9phrectomie partielle - Urologia Girona<\/title>\n<meta name=\"robots\" content=\"index, follow, max-snippet:-1, max-image-preview:large, max-video-preview:-1\" \/>\n<link rel=\"canonical\" href=\"https:\/\/urologiagirona.com\/fr\/la-robotique-da-vinci\/nephrectomie-partielle\/\" \/>\n<meta property=\"og:locale\" content=\"fr_FR\" \/>\n<meta property=\"og:type\" content=\"article\" \/>\n<meta property=\"og:title\" content=\"N\u00e9phrectomie partielle - Urologia Girona\" \/>\n<meta property=\"og:description\" content=\"Lorsque la tumeur r\u00e9nale pr\u00e9sente certaines caract\u00e9ristiques, il est possible de pratiquer une chirurgie partielle, c&rsquo;est-\u00e0-dire de ne retirer que la tumeur, pr\u00e9server le rein en emp\u00eachant la d\u00e9t\u00e9rioration de la fonction r\u00e9nale qui se produit lorsque le rein entier est retir\u00e9. Dans les cas o\u00f9 cela n&rsquo;est pas possible, il sera imp\u00e9ratif de pratiquer [&hellip;]\" \/>\n<meta property=\"og:url\" content=\"https:\/\/urologiagirona.com\/fr\/la-robotique-da-vinci\/nephrectomie-partielle\/\" \/>\n<meta property=\"og:site_name\" content=\"Urologia Girona\" \/>\n<meta property=\"article:modified_time\" content=\"2021-05-10T08:10:13+00:00\" \/>\n<meta property=\"og:image\" content=\"https:\/\/urologiagirona.com\/wp-content\/uploads\/2020\/11\/logo_urologia_girona.jpg\" \/>\n\t<meta property=\"og:image:width\" content=\"600\" \/>\n\t<meta property=\"og:image:height\" content=\"341\" \/>\n\t<meta property=\"og:image:type\" content=\"image\/jpeg\" \/>\n<script type=\"application\/ld+json\" class=\"yoast-schema-graph\">{\"@context\":\"https:\/\/schema.org\",\"@graph\":[{\"@type\":\"WebPage\",\"@id\":\"https:\/\/urologiagirona.com\/fr\/la-robotique-da-vinci\/nephrectomie-partielle\/\",\"url\":\"https:\/\/urologiagirona.com\/fr\/la-robotique-da-vinci\/nephrectomie-partielle\/\",\"name\":\"N\u00e9phrectomie partielle - Urologia Girona\",\"isPartOf\":{\"@id\":\"https:\/\/urologiagirona.com\/#website\"},\"datePublished\":\"2021-05-10T07:56:35+00:00\",\"dateModified\":\"2021-05-10T08:10:13+00:00\",\"breadcrumb\":{\"@id\":\"https:\/\/urologiagirona.com\/fr\/la-robotique-da-vinci\/nephrectomie-partielle\/#breadcrumb\"},\"inLanguage\":\"fr-FR\",\"potentialAction\":[{\"@type\":\"ReadAction\",\"target\":[\"https:\/\/urologiagirona.com\/fr\/la-robotique-da-vinci\/nephrectomie-partielle\/\"]}]},{\"@type\":\"BreadcrumbList\",\"@id\":\"https:\/\/urologiagirona.com\/fr\/la-robotique-da-vinci\/nephrectomie-partielle\/#breadcrumb\",\"itemListElement\":[{\"@type\":\"ListItem\",\"position\":1,\"name\":\"Inici\",\"item\":\"https:\/\/urologiagirona.com\/\"},{\"@type\":\"ListItem\",\"position\":2,\"name\":\"La robotique Da Vinci\",\"item\":\"https:\/\/urologiagirona.com\/fr\/la-robotique-da-vinci\/\"},{\"@type\":\"ListItem\",\"position\":3,\"name\":\"N\u00e9phrectomie partielle\"}]},{\"@type\":\"WebSite\",\"@id\":\"https:\/\/urologiagirona.com\/#website\",\"url\":\"https:\/\/urologiagirona.com\/\",\"name\":\"Urologia Girona \/ Cl\u00ednica Urologia Girona\",\"description\":\"Som especialistes en cirurgia rob\u00f2tica i m\u00ednimament invasiva per el tractament de patologia prost\u00e0tica ( l\u00e0ser de pr\u00f2stata, Robot Da Vinci, ter\u00e0pia focal), patologia renal (c\u00e0ncer, litiasis, cirurgia rob\u00f2tica i laparosc\u00f2pia) i vesical (tumors de bufeta).\",\"publisher\":{\"@id\":\"https:\/\/urologiagirona.com\/#organization\"},\"alternateName\":\"Cl\u00ednica Urologia Girona\",\"potentialAction\":[{\"@type\":\"SearchAction\",\"target\":{\"@type\":\"EntryPoint\",\"urlTemplate\":\"https:\/\/urologiagirona.com\/?s={search_term_string}\"},\"query-input\":{\"@type\":\"PropertyValueSpecification\",\"valueRequired\":true,\"valueName\":\"search_term_string\"}}],\"inLanguage\":\"fr-FR\"},{\"@type\":\"Organization\",\"@id\":\"https:\/\/urologiagirona.com\/#organization\",\"name\":\"Urologia Girona \/ Cl\u00ednica Urologia Girona\",\"url\":\"https:\/\/urologiagirona.com\/\",\"logo\":{\"@type\":\"ImageObject\",\"inLanguage\":\"fr-FR\",\"@id\":\"https:\/\/urologiagirona.com\/#\/schema\/logo\/image\/\",\"url\":\"https:\/\/urologiagirona.com\/wp-content\/uploads\/2020\/11\/logo_urologia_girona.jpg\",\"contentUrl\":\"https:\/\/urologiagirona.com\/wp-content\/uploads\/2020\/11\/logo_urologia_girona.jpg\",\"width\":600,\"height\":341,\"caption\":\"Urologia Girona \/ Cl\u00ednica Urologia Girona\"},\"image\":{\"@id\":\"https:\/\/urologiagirona.com\/#\/schema\/logo\/image\/\"}}]}<\/script>\n<!-- \/ Yoast SEO plugin. -->","yoast_head_json":{"title":"N\u00e9phrectomie partielle - Urologia Girona","robots":{"index":"index","follow":"follow","max-snippet":"max-snippet:-1","max-image-preview":"max-image-preview:large","max-video-preview":"max-video-preview:-1"},"canonical":"https:\/\/urologiagirona.com\/fr\/la-robotique-da-vinci\/nephrectomie-partielle\/","og_locale":"fr_FR","og_type":"article","og_title":"N\u00e9phrectomie partielle - Urologia Girona","og_description":"Lorsque la tumeur r\u00e9nale pr\u00e9sente certaines caract\u00e9ristiques, il est possible de pratiquer une chirurgie partielle, c&rsquo;est-\u00e0-dire de ne retirer que la tumeur, pr\u00e9server le rein en emp\u00eachant la d\u00e9t\u00e9rioration de la fonction r\u00e9nale qui se produit lorsque le rein entier est retir\u00e9. Dans les cas o\u00f9 cela n&rsquo;est pas possible, il sera imp\u00e9ratif de pratiquer [&hellip;]","og_url":"https:\/\/urologiagirona.com\/fr\/la-robotique-da-vinci\/nephrectomie-partielle\/","og_site_name":"Urologia Girona","article_modified_time":"2021-05-10T08:10:13+00:00","og_image":[{"width":600,"height":341,"url":"https:\/\/urologiagirona.com\/wp-content\/uploads\/2020\/11\/logo_urologia_girona.jpg","type":"image\/jpeg"}],"schema":{"@context":"https:\/\/schema.org","@graph":[{"@type":"WebPage","@id":"https:\/\/urologiagirona.com\/fr\/la-robotique-da-vinci\/nephrectomie-partielle\/","url":"https:\/\/urologiagirona.com\/fr\/la-robotique-da-vinci\/nephrectomie-partielle\/","name":"N\u00e9phrectomie partielle - Urologia Girona","isPartOf":{"@id":"https:\/\/urologiagirona.com\/#website"},"datePublished":"2021-05-10T07:56:35+00:00","dateModified":"2021-05-10T08:10:13+00:00","breadcrumb":{"@id":"https:\/\/urologiagirona.com\/fr\/la-robotique-da-vinci\/nephrectomie-partielle\/#breadcrumb"},"inLanguage":"fr-FR","potentialAction":[{"@type":"ReadAction","target":["https:\/\/urologiagirona.com\/fr\/la-robotique-da-vinci\/nephrectomie-partielle\/"]}]},{"@type":"BreadcrumbList","@id":"https:\/\/urologiagirona.com\/fr\/la-robotique-da-vinci\/nephrectomie-partielle\/#breadcrumb","itemListElement":[{"@type":"ListItem","position":1,"name":"Inici","item":"https:\/\/urologiagirona.com\/"},{"@type":"ListItem","position":2,"name":"La robotique Da Vinci","item":"https:\/\/urologiagirona.com\/fr\/la-robotique-da-vinci\/"},{"@type":"ListItem","position":3,"name":"N\u00e9phrectomie partielle"}]},{"@type":"WebSite","@id":"https:\/\/urologiagirona.com\/#website","url":"https:\/\/urologiagirona.com\/","name":"Urologia Girona \/ Cl\u00ednica Urologia Girona","description":"Som especialistes en cirurgia rob\u00f2tica i m\u00ednimament invasiva per el tractament de patologia prost\u00e0tica ( l\u00e0ser de pr\u00f2stata, Robot Da Vinci, ter\u00e0pia focal), patologia renal (c\u00e0ncer, litiasis, cirurgia rob\u00f2tica i laparosc\u00f2pia) i vesical (tumors de bufeta).","publisher":{"@id":"https:\/\/urologiagirona.com\/#organization"},"alternateName":"Cl\u00ednica Urologia Girona","potentialAction":[{"@type":"SearchAction","target":{"@type":"EntryPoint","urlTemplate":"https:\/\/urologiagirona.com\/?s={search_term_string}"},"query-input":{"@type":"PropertyValueSpecification","valueRequired":true,"valueName":"search_term_string"}}],"inLanguage":"fr-FR"},{"@type":"Organization","@id":"https:\/\/urologiagirona.com\/#organization","name":"Urologia Girona \/ Cl\u00ednica Urologia Girona","url":"https:\/\/urologiagirona.com\/","logo":{"@type":"ImageObject","inLanguage":"fr-FR","@id":"https:\/\/urologiagirona.com\/#\/schema\/logo\/image\/","url":"https:\/\/urologiagirona.com\/wp-content\/uploads\/2020\/11\/logo_urologia_girona.jpg","contentUrl":"https:\/\/urologiagirona.com\/wp-content\/uploads\/2020\/11\/logo_urologia_girona.jpg","width":600,"height":341,"caption":"Urologia Girona \/ Cl\u00ednica Urologia Girona"},"image":{"@id":"https:\/\/urologiagirona.com\/#\/schema\/logo\/image\/"}}]}},"_links":{"self":[{"href":"https:\/\/urologiagirona.com\/fr\/wp-json\/wp\/v2\/pages\/866","targetHints":{"allow":["GET"]}}],"collection":[{"href":"https:\/\/urologiagirona.com\/fr\/wp-json\/wp\/v2\/pages"}],"about":[{"href":"https:\/\/urologiagirona.com\/fr\/wp-json\/wp\/v2\/types\/page"}],"author":[{"embeddable":true,"href":"https:\/\/urologiagirona.com\/fr\/wp-json\/wp\/v2\/users\/1"}],"replies":[{"embeddable":true,"href":"https:\/\/urologiagirona.com\/fr\/wp-json\/wp\/v2\/comments?post=866"}],"version-history":[{"count":1,"href":"https:\/\/urologiagirona.com\/fr\/wp-json\/wp\/v2\/pages\/866\/revisions"}],"predecessor-version":[{"id":867,"href":"https:\/\/urologiagirona.com\/fr\/wp-json\/wp\/v2\/pages\/866\/revisions\/867"}],"up":[{"embeddable":true,"href":"https:\/\/urologiagirona.com\/fr\/wp-json\/wp\/v2\/pages\/863"}],"wp:attachment":[{"href":"https:\/\/urologiagirona.com\/fr\/wp-json\/wp\/v2\/media?parent=866"}],"curies":[{"name":"wp","href":"https:\/\/api.w.org\/{rel}","templated":true}]}}