{"id":865,"date":"2021-05-10T09:55:22","date_gmt":"2021-05-10T07:55:22","guid":{"rendered":"https:\/\/urologiagirona.com\/la-robotique-da-vinci\/cystectomie-radicale-robotique-cancer-de-la-vessie\/"},"modified":"2021-05-10T09:55:22","modified_gmt":"2021-05-10T07:55:22","slug":"cystectomie-radicale-robotique-cancer-de-la-vessie","status":"publish","type":"page","link":"https:\/\/urologiagirona.com\/fr\/la-robotique-da-vinci\/cystectomie-radicale-robotique-cancer-de-la-vessie\/","title":{"rendered":"Cystectomie radicale robotique. (CANCER DE LA VESSIE)"},"content":{"rendered":"\r\n<p><b>Lorsque la tumeur envahit le muscle de la vessie, il est n\u00e9cessaire de retirer compl\u00e8tement la vessie et de reconstruire les voies urinaires en utilisant diff\u00e9rentes techniques.<\/b><\/p>\r\n<p>&nbsp;<\/p>\r\n<p><b>Cystectomie radicale robotique<\/b><\/p>\r\n<p><span style=\"font-weight: 400;\">Il consiste \u00e0 retirer la vessie (et la prostate dans le cas des hommes, dans le cas des femmes, comprend l&rsquo;ut\u00e9rus et les deux tiers de la face ant\u00e9rieure du vagin). Une lymphad\u00e9nectomie est \u00e9galement r\u00e9alis\u00e9e, ce qui implique l&rsquo;ablation des ganglions lymphatiques. De cette fa\u00e7on, il est possible de retirer tout le tissu tumoral.<\/span><\/p>\r\n<p><span style=\"font-weight: 400;\">Une fois la vessie retir\u00e9e, <\/span><b>une reconstruction des voies urinaires est n\u00e9cessaire<\/b><span style=\"font-weight: 400;\">. Selon chaque cas, cette reconstruction peut \u00eatre en d\u00e9posant une poign\u00e9e intestinale qui est vers\u00e9e dans la peau (conduit ill\u00e9gal, technique Bricker) ou en fabriquant une n\u00e9o-vessie, auquel cas la continence urinaire est pr\u00e9serv\u00e9e et il ne sera pas n\u00e9cessaire pour le patient de porter des poches d&rsquo;excr\u00e9tion urinaire sur la peau.<\/span><\/p>\r\n<p><b>La chirurgie robotique<\/b><span style=\"font-weight: 400;\"> offre la possibilit\u00e9 d&rsquo;\u00e9viter l&rsquo;incision chirurgicale et donc les cons\u00e9quences du contact des anses intestinales avec l&rsquo;ext\u00e9rieur, de sorte que la r\u00e9cup\u00e9ration est beaucoup plus rapide.<\/span><\/p>\r\n<p><span style=\"font-weight: 400;\">L&rsquo;admission \u00e0 l&rsquo;h\u00f4pital dure g\u00e9n\u00e9ralement de 10 \u00e0 14 jours et des soins intensifs sont n\u00e9cessaires pendant les premi\u00e8res 24 \u00e0 48 heures.<\/span><\/p>\r\n<p><b>Br\u00e8ve description de la proc\u00e9dure<\/b><\/p>\r\n<p><span style=\"font-weight: 400;\">Le patient est plac\u00e9 en d\u00e9cubitus dorsal. Sous anesth\u00e9sie g\u00e9n\u00e9rale. 4 trous sont pratiqu\u00e9s dans le bas de l&rsquo;abdomen, ces petits trous sont ceux que le robot utilise comme ports d&rsquo;acc\u00e8s pour ins\u00e9rer les instruments.<\/span><\/p>\r\n<p><span style=\"font-weight: 400;\">La vessie et les structures concern\u00e9es sont retir\u00e9es en fonction du sexe du patient, suivies d&rsquo;une lymphad\u00e9nectomie. Ensuite, c&rsquo;est la proc\u00e9dure pour effectuer la reconstruction urinaire suivant le conduit il\u00e9al ou la r\u00e9alisation d&rsquo;un n\u00e9obufet, dans les deux cas il sera n\u00e9cessaire de manipuler l&rsquo;intestin primaire. \u00c0 la fin de la chirurgie, le tissu pr\u00e9lev\u00e9 est retir\u00e9 par l&rsquo;une de ces mini-incisions l\u00e9g\u00e8rement agrandies et un drain est plac\u00e9. La dur\u00e9e de l&rsquo;intervention est de 4 \u00e0 8 heures (en fonction du d\u00e9tournement urinaire \u00e0 r\u00e9aliser et des difficult\u00e9s qui peuvent survenir). L&rsquo;admission dure entre 7 et 10 jours, les 48 premi\u00e8res heures \u00e0 l&rsquo;USI. <\/span><b>Il faut entre 3 et 5 semaines de convalescence pour pouvoir reprendre progressivement les activit\u00e9s habituelles<\/b><span style=\"font-weight: 400;\">.<\/span><\/p>\r\n","protected":false},"excerpt":{"rendered":"<p>Lorsque la tumeur envahit le muscle de la vessie, il est n\u00e9cessaire de retirer compl\u00e8tement la vessie et de reconstruire les voies urinaires en utilisant diff\u00e9rentes techniques. &nbsp; Cystectomie radicale robotique Il consiste \u00e0 retirer la vessie (et la prostate dans le cas des hommes, dans le cas des femmes, comprend l&rsquo;ut\u00e9rus et les deux [&hellip;]<\/p>\n","protected":false},"author":1,"featured_media":0,"parent":863,"menu_order":0,"comment_status":"closed","ping_status":"closed","template":"","meta":{"_et_pb_use_builder":"off","_et_pb_old_content":"","_et_gb_content_width":"","footnotes":""},"class_list":["post-865","page","type-page","status-publish","hentry"],"yoast_head":"<!-- This site is optimized with the Yoast SEO plugin v25.8 - https:\/\/yoast.com\/wordpress\/plugins\/seo\/ -->\n<title>Cystectomie radicale robotique. (CANCER DE LA VESSIE) - Urologia Girona<\/title>\n<meta name=\"robots\" content=\"index, follow, max-snippet:-1, max-image-preview:large, max-video-preview:-1\" \/>\n<link rel=\"canonical\" href=\"https:\/\/urologiagirona.com\/fr\/la-robotique-da-vinci\/cystectomie-radicale-robotique-cancer-de-la-vessie\/\" \/>\n<meta property=\"og:locale\" content=\"fr_FR\" \/>\n<meta property=\"og:type\" content=\"article\" \/>\n<meta property=\"og:title\" content=\"Cystectomie radicale robotique. (CANCER DE LA VESSIE) - Urologia Girona\" \/>\n<meta property=\"og:description\" content=\"Lorsque la tumeur envahit le muscle de la vessie, il est n\u00e9cessaire de retirer compl\u00e8tement la vessie et de reconstruire les voies urinaires en utilisant diff\u00e9rentes techniques. &nbsp; Cystectomie radicale robotique Il consiste \u00e0 retirer la vessie (et la prostate dans le cas des hommes, dans le cas des femmes, comprend l&rsquo;ut\u00e9rus et les deux [&hellip;]\" \/>\n<meta property=\"og:url\" content=\"https:\/\/urologiagirona.com\/fr\/la-robotique-da-vinci\/cystectomie-radicale-robotique-cancer-de-la-vessie\/\" \/>\n<meta property=\"og:site_name\" content=\"Urologia Girona\" \/>\n<meta property=\"og:image\" content=\"https:\/\/urologiagirona.com\/wp-content\/uploads\/2020\/11\/logo_urologia_girona.jpg\" \/>\n\t<meta property=\"og:image:width\" content=\"600\" \/>\n\t<meta property=\"og:image:height\" content=\"341\" \/>\n\t<meta property=\"og:image:type\" content=\"image\/jpeg\" \/>\n<script type=\"application\/ld+json\" class=\"yoast-schema-graph\">{\"@context\":\"https:\/\/schema.org\",\"@graph\":[{\"@type\":\"WebPage\",\"@id\":\"https:\/\/urologiagirona.com\/fr\/la-robotique-da-vinci\/cystectomie-radicale-robotique-cancer-de-la-vessie\/\",\"url\":\"https:\/\/urologiagirona.com\/fr\/la-robotique-da-vinci\/cystectomie-radicale-robotique-cancer-de-la-vessie\/\",\"name\":\"Cystectomie radicale robotique. (CANCER DE LA VESSIE) - Urologia Girona\",\"isPartOf\":{\"@id\":\"https:\/\/urologiagirona.com\/#website\"},\"datePublished\":\"2021-05-10T07:55:22+00:00\",\"breadcrumb\":{\"@id\":\"https:\/\/urologiagirona.com\/fr\/la-robotique-da-vinci\/cystectomie-radicale-robotique-cancer-de-la-vessie\/#breadcrumb\"},\"inLanguage\":\"fr-FR\",\"potentialAction\":[{\"@type\":\"ReadAction\",\"target\":[\"https:\/\/urologiagirona.com\/fr\/la-robotique-da-vinci\/cystectomie-radicale-robotique-cancer-de-la-vessie\/\"]}]},{\"@type\":\"BreadcrumbList\",\"@id\":\"https:\/\/urologiagirona.com\/fr\/la-robotique-da-vinci\/cystectomie-radicale-robotique-cancer-de-la-vessie\/#breadcrumb\",\"itemListElement\":[{\"@type\":\"ListItem\",\"position\":1,\"name\":\"Inici\",\"item\":\"https:\/\/urologiagirona.com\/\"},{\"@type\":\"ListItem\",\"position\":2,\"name\":\"La robotique Da Vinci\",\"item\":\"https:\/\/urologiagirona.com\/fr\/la-robotique-da-vinci\/\"},{\"@type\":\"ListItem\",\"position\":3,\"name\":\"Cystectomie radicale robotique. (CANCER DE LA VESSIE)\"}]},{\"@type\":\"WebSite\",\"@id\":\"https:\/\/urologiagirona.com\/#website\",\"url\":\"https:\/\/urologiagirona.com\/\",\"name\":\"Urologia Girona \/ Cl\u00ednica Urologia Girona\",\"description\":\"Som especialistes en cirurgia rob\u00f2tica i m\u00ednimament invasiva per el tractament de patologia prost\u00e0tica ( l\u00e0ser de pr\u00f2stata, Robot Da Vinci, ter\u00e0pia focal), patologia renal (c\u00e0ncer, litiasis, cirurgia rob\u00f2tica i laparosc\u00f2pia) i vesical (tumors de bufeta).\",\"publisher\":{\"@id\":\"https:\/\/urologiagirona.com\/#organization\"},\"alternateName\":\"Cl\u00ednica Urologia Girona\",\"potentialAction\":[{\"@type\":\"SearchAction\",\"target\":{\"@type\":\"EntryPoint\",\"urlTemplate\":\"https:\/\/urologiagirona.com\/?s={search_term_string}\"},\"query-input\":{\"@type\":\"PropertyValueSpecification\",\"valueRequired\":true,\"valueName\":\"search_term_string\"}}],\"inLanguage\":\"fr-FR\"},{\"@type\":\"Organization\",\"@id\":\"https:\/\/urologiagirona.com\/#organization\",\"name\":\"Urologia Girona \/ Cl\u00ednica Urologia Girona\",\"url\":\"https:\/\/urologiagirona.com\/\",\"logo\":{\"@type\":\"ImageObject\",\"inLanguage\":\"fr-FR\",\"@id\":\"https:\/\/urologiagirona.com\/#\/schema\/logo\/image\/\",\"url\":\"https:\/\/urologiagirona.com\/wp-content\/uploads\/2020\/11\/logo_urologia_girona.jpg\",\"contentUrl\":\"https:\/\/urologiagirona.com\/wp-content\/uploads\/2020\/11\/logo_urologia_girona.jpg\",\"width\":600,\"height\":341,\"caption\":\"Urologia Girona \/ Cl\u00ednica Urologia Girona\"},\"image\":{\"@id\":\"https:\/\/urologiagirona.com\/#\/schema\/logo\/image\/\"}}]}<\/script>\n<!-- \/ Yoast SEO plugin. -->","yoast_head_json":{"title":"Cystectomie radicale robotique. (CANCER DE LA VESSIE) - Urologia Girona","robots":{"index":"index","follow":"follow","max-snippet":"max-snippet:-1","max-image-preview":"max-image-preview:large","max-video-preview":"max-video-preview:-1"},"canonical":"https:\/\/urologiagirona.com\/fr\/la-robotique-da-vinci\/cystectomie-radicale-robotique-cancer-de-la-vessie\/","og_locale":"fr_FR","og_type":"article","og_title":"Cystectomie radicale robotique. (CANCER DE LA VESSIE) - Urologia Girona","og_description":"Lorsque la tumeur envahit le muscle de la vessie, il est n\u00e9cessaire de retirer compl\u00e8tement la vessie et de reconstruire les voies urinaires en utilisant diff\u00e9rentes techniques. &nbsp; Cystectomie radicale robotique Il consiste \u00e0 retirer la vessie (et la prostate dans le cas des hommes, dans le cas des femmes, comprend l&rsquo;ut\u00e9rus et les deux [&hellip;]","og_url":"https:\/\/urologiagirona.com\/fr\/la-robotique-da-vinci\/cystectomie-radicale-robotique-cancer-de-la-vessie\/","og_site_name":"Urologia Girona","og_image":[{"width":600,"height":341,"url":"https:\/\/urologiagirona.com\/wp-content\/uploads\/2020\/11\/logo_urologia_girona.jpg","type":"image\/jpeg"}],"schema":{"@context":"https:\/\/schema.org","@graph":[{"@type":"WebPage","@id":"https:\/\/urologiagirona.com\/fr\/la-robotique-da-vinci\/cystectomie-radicale-robotique-cancer-de-la-vessie\/","url":"https:\/\/urologiagirona.com\/fr\/la-robotique-da-vinci\/cystectomie-radicale-robotique-cancer-de-la-vessie\/","name":"Cystectomie radicale robotique. (CANCER DE LA VESSIE) - Urologia Girona","isPartOf":{"@id":"https:\/\/urologiagirona.com\/#website"},"datePublished":"2021-05-10T07:55:22+00:00","breadcrumb":{"@id":"https:\/\/urologiagirona.com\/fr\/la-robotique-da-vinci\/cystectomie-radicale-robotique-cancer-de-la-vessie\/#breadcrumb"},"inLanguage":"fr-FR","potentialAction":[{"@type":"ReadAction","target":["https:\/\/urologiagirona.com\/fr\/la-robotique-da-vinci\/cystectomie-radicale-robotique-cancer-de-la-vessie\/"]}]},{"@type":"BreadcrumbList","@id":"https:\/\/urologiagirona.com\/fr\/la-robotique-da-vinci\/cystectomie-radicale-robotique-cancer-de-la-vessie\/#breadcrumb","itemListElement":[{"@type":"ListItem","position":1,"name":"Inici","item":"https:\/\/urologiagirona.com\/"},{"@type":"ListItem","position":2,"name":"La robotique Da Vinci","item":"https:\/\/urologiagirona.com\/fr\/la-robotique-da-vinci\/"},{"@type":"ListItem","position":3,"name":"Cystectomie radicale robotique. (CANCER DE LA VESSIE)"}]},{"@type":"WebSite","@id":"https:\/\/urologiagirona.com\/#website","url":"https:\/\/urologiagirona.com\/","name":"Urologia Girona \/ Cl\u00ednica Urologia Girona","description":"Som especialistes en cirurgia rob\u00f2tica i m\u00ednimament invasiva per el tractament de patologia prost\u00e0tica ( l\u00e0ser de pr\u00f2stata, Robot Da Vinci, ter\u00e0pia focal), patologia renal (c\u00e0ncer, litiasis, cirurgia rob\u00f2tica i laparosc\u00f2pia) i vesical (tumors de bufeta).","publisher":{"@id":"https:\/\/urologiagirona.com\/#organization"},"alternateName":"Cl\u00ednica Urologia Girona","potentialAction":[{"@type":"SearchAction","target":{"@type":"EntryPoint","urlTemplate":"https:\/\/urologiagirona.com\/?s={search_term_string}"},"query-input":{"@type":"PropertyValueSpecification","valueRequired":true,"valueName":"search_term_string"}}],"inLanguage":"fr-FR"},{"@type":"Organization","@id":"https:\/\/urologiagirona.com\/#organization","name":"Urologia Girona \/ Cl\u00ednica Urologia Girona","url":"https:\/\/urologiagirona.com\/","logo":{"@type":"ImageObject","inLanguage":"fr-FR","@id":"https:\/\/urologiagirona.com\/#\/schema\/logo\/image\/","url":"https:\/\/urologiagirona.com\/wp-content\/uploads\/2020\/11\/logo_urologia_girona.jpg","contentUrl":"https:\/\/urologiagirona.com\/wp-content\/uploads\/2020\/11\/logo_urologia_girona.jpg","width":600,"height":341,"caption":"Urologia Girona \/ Cl\u00ednica Urologia Girona"},"image":{"@id":"https:\/\/urologiagirona.com\/#\/schema\/logo\/image\/"}}]}},"_links":{"self":[{"href":"https:\/\/urologiagirona.com\/fr\/wp-json\/wp\/v2\/pages\/865","targetHints":{"allow":["GET"]}}],"collection":[{"href":"https:\/\/urologiagirona.com\/fr\/wp-json\/wp\/v2\/pages"}],"about":[{"href":"https:\/\/urologiagirona.com\/fr\/wp-json\/wp\/v2\/types\/page"}],"author":[{"embeddable":true,"href":"https:\/\/urologiagirona.com\/fr\/wp-json\/wp\/v2\/users\/1"}],"replies":[{"embeddable":true,"href":"https:\/\/urologiagirona.com\/fr\/wp-json\/wp\/v2\/comments?post=865"}],"version-history":[{"count":0,"href":"https:\/\/urologiagirona.com\/fr\/wp-json\/wp\/v2\/pages\/865\/revisions"}],"up":[{"embeddable":true,"href":"https:\/\/urologiagirona.com\/fr\/wp-json\/wp\/v2\/pages\/863"}],"wp:attachment":[{"href":"https:\/\/urologiagirona.com\/fr\/wp-json\/wp\/v2\/media?parent=865"}],"curies":[{"name":"wp","href":"https:\/\/api.w.org\/{rel}","templated":true}]}}