{"id":863,"date":"2021-05-10T09:53:21","date_gmt":"2021-05-10T07:53:21","guid":{"rendered":"https:\/\/urologiagirona.com\/la-robotique-da-vinci\/"},"modified":"2021-05-10T09:54:36","modified_gmt":"2021-05-10T07:54:36","slug":"la-robotique-da-vinci","status":"publish","type":"page","link":"https:\/\/urologiagirona.com\/fr\/la-robotique-da-vinci\/","title":{"rendered":"La robotique Da Vinci"},"content":{"rendered":"\n<p><strong>Le syst\u00e8me Da Vinci<\/strong> est un syst\u00e8me de chirurgie robotique con\u00e7u et fabriqu\u00e9 aux \u00c9tats-Unis au d\u00e9but des ann\u00e9es 2000 et a \u00e9t\u00e9 d\u00e9velopp\u00e9 et perfectionn\u00e9 \u00e0 ce jour. <strong>C&rsquo;est une nouvelle \u00e9tape dans l&rsquo;apport de la chirurgie laparoscopique, car un robot assiste le chirurgien au moment de la r\u00e9aliser.<\/strong><\/p>\n\n\n\n<p><strong>Le robot se compose de 4 bras robotiques<\/strong>, l&rsquo;un d&rsquo;eux supporte le syst\u00e8me optique, c&rsquo;est-\u00e0-dire o\u00f9 vous pouvez voir les \u00e9tapes chirurgicales en cours, et dans les trois autres types d&rsquo;appareils diff\u00e9rents sont attach\u00e9s (pinces, scalpels, porte-aiguilles, agrafeuses &#8230;) pour pouvoir proc\u00e9der \u00e0 l&rsquo;intervention. Tous n\u2019agissent pas de fa\u00e7on ind\u00e9pendante comme beaucoup de gens le croient ou le pr\u00e9supposent. Le chirurgien \u00e0 partir d&rsquo;une console situ\u00e9e dans la m\u00eame salle d&rsquo;op\u00e9ration, est responsable de l&rsquo;exploitation et du contr\u00f4le de tous les \u00e9l\u00e9ments d\u00e9crits ci-dessus.<\/p>\n\n\n\n<p>Ce syst\u00e8me complexe offre une vision tridimensionnelle et une tr\u00e8s haute r\u00e9solution. Les bras robotiques ont une mobilit\u00e9 sup\u00e9rieure au poignet humain en ce qui concerne les degr\u00e9s de libert\u00e9. Gr\u00e2ce \u00e0 ces progr\u00e8s techniques, la pr\u00e9cision et la s\u00e9curit\u00e9 augmentent.<\/p>\n\n\n\n<p><strong>En urologie, toutes les proc\u00e9dures laparoscopiques peuvent \u00eatre effectu\u00e9es de mani\u00e8re robotique. <\/strong>De plus en plus de proc\u00e9dures sont mises en \u0153uvre; non seulement dans le domaine de l&rsquo;oncologie, mais aussi en urologie reconstructive (fistules, st\u00e9noses\u2026) et en chirurgie fonctionnelle (prolapsus v\u00e9sical, incontinence urinaire\u2026).<\/p>\n\n\n\n<p><strong>L&rsquo;\u00e9quipe d&rsquo;urologie de G\u00e9rone dirig\u00e9e par les Drs. Comet i Boix<\/strong> a l&rsquo;opportunit\u00e9 d&rsquo;offrir ce type d&rsquo;intervention aux patients, en effectuant la chirurgie nous-m\u00eames dans les installations de la clinique Sagrada Fam\u00edlia \u00e0 Barcelone, o\u00f9 se trouve le syst\u00e8me Da Vinci, et en \u00e9troite collaboration avec les urologues du centre pendant la p\u00e9riode postop\u00e9ratoire du patient.<\/p>\n\n\n\n<p><strong>Ces facilites nous permettent de fournir des soins complets aux patients, car nous pouvons effectuer le diagnostic, le traitement et le suivi de nos patients sans avoir \u00e0 renoncer aux derni\u00e8res technologies actuelles ou \u00e0 orienter nos patients vers d&rsquo;autres centres.<\/strong><\/p>\n","protected":false},"excerpt":{"rendered":"<p>Le syst\u00e8me Da Vinci est un syst\u00e8me de chirurgie robotique con\u00e7u et fabriqu\u00e9 aux \u00c9tats-Unis au d\u00e9but des ann\u00e9es 2000 et a \u00e9t\u00e9 d\u00e9velopp\u00e9 et perfectionn\u00e9 \u00e0 ce jour. C&rsquo;est une nouvelle \u00e9tape dans l&rsquo;apport de la chirurgie laparoscopique, car un robot assiste le chirurgien au moment de la r\u00e9aliser. Le robot se compose de [&hellip;]<\/p>\n","protected":false},"author":1,"featured_media":0,"parent":0,"menu_order":0,"comment_status":"closed","ping_status":"closed","template":"","meta":{"_et_pb_use_builder":"off","_et_pb_old_content":"","_et_gb_content_width":"","footnotes":""},"class_list":["post-863","page","type-page","status-publish","hentry"],"yoast_head":"<!-- This site is optimized with the Yoast SEO plugin v25.8 - https:\/\/yoast.com\/wordpress\/plugins\/seo\/ -->\n<title>La robotique Da Vinci - Urologia Girona<\/title>\n<meta name=\"robots\" content=\"index, follow, max-snippet:-1, max-image-preview:large, max-video-preview:-1\" \/>\n<link rel=\"canonical\" href=\"https:\/\/urologiagirona.com\/fr\/la-robotique-da-vinci\/\" \/>\n<meta property=\"og:locale\" content=\"fr_FR\" \/>\n<meta property=\"og:type\" content=\"article\" \/>\n<meta property=\"og:title\" content=\"La robotique Da Vinci - Urologia Girona\" \/>\n<meta property=\"og:description\" content=\"Le syst\u00e8me Da Vinci est un syst\u00e8me de chirurgie robotique con\u00e7u et fabriqu\u00e9 aux \u00c9tats-Unis au d\u00e9but des ann\u00e9es 2000 et a \u00e9t\u00e9 d\u00e9velopp\u00e9 et perfectionn\u00e9 \u00e0 ce jour. C&rsquo;est une nouvelle \u00e9tape dans l&rsquo;apport de la chirurgie laparoscopique, car un robot assiste le chirurgien au moment de la r\u00e9aliser. Le robot se compose de [&hellip;]\" \/>\n<meta property=\"og:url\" content=\"https:\/\/urologiagirona.com\/fr\/la-robotique-da-vinci\/\" \/>\n<meta property=\"og:site_name\" content=\"Urologia Girona\" \/>\n<meta property=\"article:modified_time\" content=\"2021-05-10T07:54:36+00:00\" \/>\n<meta property=\"og:image\" content=\"https:\/\/urologiagirona.com\/wp-content\/uploads\/2020\/11\/logo_urologia_girona.jpg\" \/>\n\t<meta property=\"og:image:width\" content=\"600\" \/>\n\t<meta property=\"og:image:height\" content=\"341\" \/>\n\t<meta property=\"og:image:type\" content=\"image\/jpeg\" \/>\n<script type=\"application\/ld+json\" class=\"yoast-schema-graph\">{\"@context\":\"https:\/\/schema.org\",\"@graph\":[{\"@type\":\"WebPage\",\"@id\":\"https:\/\/urologiagirona.com\/fr\/la-robotique-da-vinci\/\",\"url\":\"https:\/\/urologiagirona.com\/fr\/la-robotique-da-vinci\/\",\"name\":\"La robotique Da Vinci - Urologia Girona\",\"isPartOf\":{\"@id\":\"https:\/\/urologiagirona.com\/#website\"},\"datePublished\":\"2021-05-10T07:53:21+00:00\",\"dateModified\":\"2021-05-10T07:54:36+00:00\",\"breadcrumb\":{\"@id\":\"https:\/\/urologiagirona.com\/fr\/la-robotique-da-vinci\/#breadcrumb\"},\"inLanguage\":\"fr-FR\",\"potentialAction\":[{\"@type\":\"ReadAction\",\"target\":[\"https:\/\/urologiagirona.com\/fr\/la-robotique-da-vinci\/\"]}]},{\"@type\":\"BreadcrumbList\",\"@id\":\"https:\/\/urologiagirona.com\/fr\/la-robotique-da-vinci\/#breadcrumb\",\"itemListElement\":[{\"@type\":\"ListItem\",\"position\":1,\"name\":\"Inici\",\"item\":\"https:\/\/urologiagirona.com\/\"},{\"@type\":\"ListItem\",\"position\":2,\"name\":\"La robotique Da Vinci\"}]},{\"@type\":\"WebSite\",\"@id\":\"https:\/\/urologiagirona.com\/#website\",\"url\":\"https:\/\/urologiagirona.com\/\",\"name\":\"Urologia Girona \/ Cl\u00ednica Urologia Girona\",\"description\":\"Som especialistes en cirurgia rob\u00f2tica i m\u00ednimament invasiva per el tractament de patologia prost\u00e0tica ( l\u00e0ser de pr\u00f2stata, Robot Da Vinci, ter\u00e0pia focal), patologia renal (c\u00e0ncer, litiasis, cirurgia rob\u00f2tica i laparosc\u00f2pia) i vesical (tumors de bufeta).\",\"publisher\":{\"@id\":\"https:\/\/urologiagirona.com\/#organization\"},\"alternateName\":\"Cl\u00ednica Urologia Girona\",\"potentialAction\":[{\"@type\":\"SearchAction\",\"target\":{\"@type\":\"EntryPoint\",\"urlTemplate\":\"https:\/\/urologiagirona.com\/?s={search_term_string}\"},\"query-input\":{\"@type\":\"PropertyValueSpecification\",\"valueRequired\":true,\"valueName\":\"search_term_string\"}}],\"inLanguage\":\"fr-FR\"},{\"@type\":\"Organization\",\"@id\":\"https:\/\/urologiagirona.com\/#organization\",\"name\":\"Urologia Girona \/ Cl\u00ednica Urologia Girona\",\"url\":\"https:\/\/urologiagirona.com\/\",\"logo\":{\"@type\":\"ImageObject\",\"inLanguage\":\"fr-FR\",\"@id\":\"https:\/\/urologiagirona.com\/#\/schema\/logo\/image\/\",\"url\":\"https:\/\/urologiagirona.com\/wp-content\/uploads\/2020\/11\/logo_urologia_girona.jpg\",\"contentUrl\":\"https:\/\/urologiagirona.com\/wp-content\/uploads\/2020\/11\/logo_urologia_girona.jpg\",\"width\":600,\"height\":341,\"caption\":\"Urologia Girona \/ Cl\u00ednica Urologia Girona\"},\"image\":{\"@id\":\"https:\/\/urologiagirona.com\/#\/schema\/logo\/image\/\"}}]}<\/script>\n<!-- \/ Yoast SEO plugin. -->","yoast_head_json":{"title":"La robotique Da Vinci - Urologia Girona","robots":{"index":"index","follow":"follow","max-snippet":"max-snippet:-1","max-image-preview":"max-image-preview:large","max-video-preview":"max-video-preview:-1"},"canonical":"https:\/\/urologiagirona.com\/fr\/la-robotique-da-vinci\/","og_locale":"fr_FR","og_type":"article","og_title":"La robotique Da Vinci - Urologia Girona","og_description":"Le syst\u00e8me Da Vinci est un syst\u00e8me de chirurgie robotique con\u00e7u et fabriqu\u00e9 aux \u00c9tats-Unis au d\u00e9but des ann\u00e9es 2000 et a \u00e9t\u00e9 d\u00e9velopp\u00e9 et perfectionn\u00e9 \u00e0 ce jour. C&rsquo;est une nouvelle \u00e9tape dans l&rsquo;apport de la chirurgie laparoscopique, car un robot assiste le chirurgien au moment de la r\u00e9aliser. Le robot se compose de [&hellip;]","og_url":"https:\/\/urologiagirona.com\/fr\/la-robotique-da-vinci\/","og_site_name":"Urologia Girona","article_modified_time":"2021-05-10T07:54:36+00:00","og_image":[{"width":600,"height":341,"url":"https:\/\/urologiagirona.com\/wp-content\/uploads\/2020\/11\/logo_urologia_girona.jpg","type":"image\/jpeg"}],"schema":{"@context":"https:\/\/schema.org","@graph":[{"@type":"WebPage","@id":"https:\/\/urologiagirona.com\/fr\/la-robotique-da-vinci\/","url":"https:\/\/urologiagirona.com\/fr\/la-robotique-da-vinci\/","name":"La robotique Da Vinci - Urologia Girona","isPartOf":{"@id":"https:\/\/urologiagirona.com\/#website"},"datePublished":"2021-05-10T07:53:21+00:00","dateModified":"2021-05-10T07:54:36+00:00","breadcrumb":{"@id":"https:\/\/urologiagirona.com\/fr\/la-robotique-da-vinci\/#breadcrumb"},"inLanguage":"fr-FR","potentialAction":[{"@type":"ReadAction","target":["https:\/\/urologiagirona.com\/fr\/la-robotique-da-vinci\/"]}]},{"@type":"BreadcrumbList","@id":"https:\/\/urologiagirona.com\/fr\/la-robotique-da-vinci\/#breadcrumb","itemListElement":[{"@type":"ListItem","position":1,"name":"Inici","item":"https:\/\/urologiagirona.com\/"},{"@type":"ListItem","position":2,"name":"La robotique Da Vinci"}]},{"@type":"WebSite","@id":"https:\/\/urologiagirona.com\/#website","url":"https:\/\/urologiagirona.com\/","name":"Urologia Girona \/ Cl\u00ednica Urologia Girona","description":"Som especialistes en cirurgia rob\u00f2tica i m\u00ednimament invasiva per el tractament de patologia prost\u00e0tica ( l\u00e0ser de pr\u00f2stata, Robot Da Vinci, ter\u00e0pia focal), patologia renal (c\u00e0ncer, litiasis, cirurgia rob\u00f2tica i laparosc\u00f2pia) i vesical (tumors de bufeta).","publisher":{"@id":"https:\/\/urologiagirona.com\/#organization"},"alternateName":"Cl\u00ednica Urologia Girona","potentialAction":[{"@type":"SearchAction","target":{"@type":"EntryPoint","urlTemplate":"https:\/\/urologiagirona.com\/?s={search_term_string}"},"query-input":{"@type":"PropertyValueSpecification","valueRequired":true,"valueName":"search_term_string"}}],"inLanguage":"fr-FR"},{"@type":"Organization","@id":"https:\/\/urologiagirona.com\/#organization","name":"Urologia Girona \/ Cl\u00ednica Urologia Girona","url":"https:\/\/urologiagirona.com\/","logo":{"@type":"ImageObject","inLanguage":"fr-FR","@id":"https:\/\/urologiagirona.com\/#\/schema\/logo\/image\/","url":"https:\/\/urologiagirona.com\/wp-content\/uploads\/2020\/11\/logo_urologia_girona.jpg","contentUrl":"https:\/\/urologiagirona.com\/wp-content\/uploads\/2020\/11\/logo_urologia_girona.jpg","width":600,"height":341,"caption":"Urologia Girona \/ Cl\u00ednica Urologia Girona"},"image":{"@id":"https:\/\/urologiagirona.com\/#\/schema\/logo\/image\/"}}]}},"_links":{"self":[{"href":"https:\/\/urologiagirona.com\/fr\/wp-json\/wp\/v2\/pages\/863","targetHints":{"allow":["GET"]}}],"collection":[{"href":"https:\/\/urologiagirona.com\/fr\/wp-json\/wp\/v2\/pages"}],"about":[{"href":"https:\/\/urologiagirona.com\/fr\/wp-json\/wp\/v2\/types\/page"}],"author":[{"embeddable":true,"href":"https:\/\/urologiagirona.com\/fr\/wp-json\/wp\/v2\/users\/1"}],"replies":[{"embeddable":true,"href":"https:\/\/urologiagirona.com\/fr\/wp-json\/wp\/v2\/comments?post=863"}],"version-history":[{"count":1,"href":"https:\/\/urologiagirona.com\/fr\/wp-json\/wp\/v2\/pages\/863\/revisions"}],"predecessor-version":[{"id":864,"href":"https:\/\/urologiagirona.com\/fr\/wp-json\/wp\/v2\/pages\/863\/revisions\/864"}],"wp:attachment":[{"href":"https:\/\/urologiagirona.com\/fr\/wp-json\/wp\/v2\/media?parent=863"}],"curies":[{"name":"wp","href":"https:\/\/api.w.org\/{rel}","templated":true}]}}