{"id":861,"date":"2021-05-10T09:51:28","date_gmt":"2021-05-10T07:51:28","guid":{"rendered":"https:\/\/urologiagirona.com\/chirurgie-laparoscopie-3d\/"},"modified":"2021-05-10T09:52:26","modified_gmt":"2021-05-10T07:52:26","slug":"chirurgie-laparoscopie-3d","status":"publish","type":"page","link":"https:\/\/urologiagirona.com\/fr\/chirurgie-laparoscopie-3d\/","title":{"rendered":"Chirurgie laparoscopie 3D"},"content":{"rendered":"<p><a href=\"https:\/\/urologiagirona.com\/wp-content\/uploads\/2015\/04\/uroleg-1631.jpg\"><img fetchpriority=\"high\" fetchpriority=\"high\" decoding=\"async\" class=\" wp-image-119 alignright\" src=\"https:\/\/urologiagirona.com\/wp-content\/uploads\/2015\/04\/uroleg-1631-300x200.jpg\" alt=\"uroleg, urologia, clinica onyar, dr boix, dr comet\" width=\"379\" height=\"239\" \/><\/a><\/p>\n<p><b>La chirurgie laparoscopique 3D est un type de chirurgie qui pr\u00e9sente les m\u00eames avantages<\/b> <span style=\"font-weight: 400;\">que la laparoscopie conventionnelle (sans incisions, la chirurgie est r\u00e9alis\u00e9e \u00e0 travers de petits trous)<\/span> <span style=\"font-weight: 400;\">mais avec une vision 3D. Cette vue en trois dimensions facilite la chirurgie, en particulier lors de l&rsquo;ex\u00e9cution de mouvements complexes, tels que des sutures.<\/span><\/p>\n<p><span style=\"font-weight: 400;\">Pour effectuer une chirurgie laparoscopique 3D, du dioxyde de carbone est \u00e9galement infus\u00e9 dans la cavit\u00e9 abdominale et les instruments sont ins\u00e9r\u00e9s \u00e0 travers des trous qui nous permettent de r\u00e9aliser l&rsquo;op\u00e9ration. Mais cela change le type de vision que nous obtenons avec une cam\u00e9ra 3D.<\/span><\/p>\n<p><span style=\"font-weight: 400;\">Les avantages de la chirurgie laparoscopique (conventionnelle et 3D) par rapport \u00e0 la chirurgie ouverte classique sont:<\/span><\/p>\n<ul>\n<li aria-level=\"1\"><b>R\u00e9cup\u00e9ration plus rapide et aucune blessure majeure.<\/b><\/li>\n<\/ul>\n<ul>\n<li style=\"font-weight: 400;\" aria-level=\"1\"><b>Diminution des pertes de sang pendant la chirurgie. <\/b><span style=\"font-weight: 400;\">Le besoin de transfusions sanguines est tr\u00e8s faible.<\/span><\/li>\n<li style=\"font-weight: 400;\" aria-level=\"1\"><b>Pr\u00e9cision accrue, <\/b><span style=\"font-weight: 400;\">gr\u00e2ce au grossissement de l&rsquo;image, qui nous permet d&rsquo;appr\u00e9cier un plus grand d\u00e9tail de l&rsquo;anatomie.<\/span><\/li>\n<\/ul>\n<p><span style=\"font-weight: 400;\">Nous effectuons une chirurgie laparoscopique 3D pour pratiquement toutes les proc\u00e9dures oncologiques laparoscopiques du rein, de la prostate et de la vessie. Il est \u00e9galement tr\u00e8s utile pour la chirurgie des processus b\u00e9nins des reins et des voies urinaires, tels que les calculs et les malformations, ainsi que pour la correction des prolapsus des organes pelviens chez la femme.<\/span><\/p>\n<p><span style=\"font-weight: 400;\">Les proc\u00e9dures que nous effectuons par voie laparoscopique conventionnelle et en 3D sont:<\/span><\/p>\n<p><b>Prostatectomie radicale laparoscopique<\/b><span style=\"font-weight: 400;\">: ou ablation de la prostate et des v\u00e9sicules s\u00e9minales dans le cancer de la prostate<\/span><\/p>\n<p><b>N\u00e9phrectomie laparoscopique radicale et partielle<\/b><span style=\"font-weight: 400;\">: consiste en l&rsquo;ablation de tout le rein ou seulement du nodule tumoral, lorsqu&rsquo;il est plus petit et de localisation plus p\u00e9riph\u00e9rique<\/span><\/p>\n<p><b>Cystectomie radicale avec lymphad\u00e9nectomie laparoscopique : <\/b><span style=\"font-weight: 400;\">est l&rsquo;\u00e9limination compl\u00e8te de la vessie et des ganglions pelviens d&rsquo;un cancer de la vessie. Cette intervention est associ\u00e9e \u00e0 une reconstruction d&rsquo;une n\u00e9o-vessie avec des segments intestinaux<\/span><\/p>\n<p><b>Py\u00e9loplastie laparoscopique<\/b><span style=\"font-weight: 400;\">: il consiste en la r\u00e9paration d\u2019une malformation des voies urinaires qui provoque une obstruction \u00e0 l&rsquo;\u00e9limination de l&rsquo;urine au niveau du rein.<\/span><\/p>\n<p><b>Ur\u00e9t\u00e9rolithomie et py\u00e9lolithotomie laparoscopique<\/b><span style=\"font-weight: 400;\">: ou l&rsquo;ablation de calculs dans l&rsquo;uret\u00e8re ou le rein qui ne peuvent pas \u00eatre cass\u00e9s par voie endoscopique ou avec une lithotritie extra-corporelle.<\/span><\/p>\n<p><b>Colposacropexie laparoscopique<\/b><span style=\"font-weight: 400;\">: ou correction des prolapsus des organes pelviens (vessie, d\u00f4me vaginal et rectum) au moyen de mailles qui se fixent au bassin<\/span><\/p>\n","protected":false},"excerpt":{"rendered":"<p>La chirurgie laparoscopique 3D est un type de chirurgie qui pr\u00e9sente les m\u00eames avantages que la laparoscopie conventionnelle (sans incisions, la chirurgie est r\u00e9alis\u00e9e \u00e0 travers de petits trous) mais avec une vision 3D. Cette vue en trois dimensions facilite la chirurgie, en particulier lors de l&rsquo;ex\u00e9cution de mouvements complexes, tels que des sutures. Pour [&hellip;]<\/p>\n","protected":false},"author":1,"featured_media":0,"parent":0,"menu_order":0,"comment_status":"open","ping_status":"open","template":"","meta":{"_et_pb_use_builder":"","_et_pb_old_content":"","_et_gb_content_width":"","footnotes":""},"class_list":["post-861","page","type-page","status-publish","hentry"],"yoast_head":"<!-- This site is optimized with the Yoast SEO plugin v25.8 - https:\/\/yoast.com\/wordpress\/plugins\/seo\/ -->\n<title>Chirurgie laparoscopie 3D - Urologia Girona<\/title>\n<meta name=\"robots\" content=\"index, follow, max-snippet:-1, max-image-preview:large, max-video-preview:-1\" \/>\n<link rel=\"canonical\" href=\"https:\/\/urologiagirona.com\/fr\/chirurgie-laparoscopie-3d\/\" \/>\n<meta property=\"og:locale\" content=\"fr_FR\" \/>\n<meta property=\"og:type\" content=\"article\" \/>\n<meta property=\"og:title\" content=\"Chirurgie laparoscopie 3D - Urologia Girona\" \/>\n<meta property=\"og:description\" content=\"La chirurgie laparoscopique 3D est un type de chirurgie qui pr\u00e9sente les m\u00eames avantages que la laparoscopie conventionnelle (sans incisions, la chirurgie est r\u00e9alis\u00e9e \u00e0 travers de petits trous) mais avec une vision 3D. Cette vue en trois dimensions facilite la chirurgie, en particulier lors de l&rsquo;ex\u00e9cution de mouvements complexes, tels que des sutures. Pour [&hellip;]\" \/>\n<meta property=\"og:url\" content=\"https:\/\/urologiagirona.com\/fr\/chirurgie-laparoscopie-3d\/\" \/>\n<meta property=\"og:site_name\" content=\"Urologia Girona\" \/>\n<meta property=\"article:modified_time\" content=\"2021-05-10T07:52:26+00:00\" \/>\n<meta property=\"og:image\" content=\"https:\/\/urologiagirona.com\/wp-content\/uploads\/2015\/04\/uroleg-1631-300x200.jpg\" \/>\n<script type=\"application\/ld+json\" class=\"yoast-schema-graph\">{\"@context\":\"https:\/\/schema.org\",\"@graph\":[{\"@type\":\"WebPage\",\"@id\":\"https:\/\/urologiagirona.com\/fr\/chirurgie-laparoscopie-3d\/\",\"url\":\"https:\/\/urologiagirona.com\/fr\/chirurgie-laparoscopie-3d\/\",\"name\":\"Chirurgie laparoscopie 3D - Urologia Girona\",\"isPartOf\":{\"@id\":\"https:\/\/urologiagirona.com\/#website\"},\"primaryImageOfPage\":{\"@id\":\"https:\/\/urologiagirona.com\/fr\/chirurgie-laparoscopie-3d\/#primaryimage\"},\"image\":{\"@id\":\"https:\/\/urologiagirona.com\/fr\/chirurgie-laparoscopie-3d\/#primaryimage\"},\"thumbnailUrl\":\"https:\/\/urologiagirona.com\/wp-content\/uploads\/2015\/04\/uroleg-1631-300x200.jpg\",\"datePublished\":\"2021-05-10T07:51:28+00:00\",\"dateModified\":\"2021-05-10T07:52:26+00:00\",\"breadcrumb\":{\"@id\":\"https:\/\/urologiagirona.com\/fr\/chirurgie-laparoscopie-3d\/#breadcrumb\"},\"inLanguage\":\"fr-FR\",\"potentialAction\":[{\"@type\":\"ReadAction\",\"target\":[\"https:\/\/urologiagirona.com\/fr\/chirurgie-laparoscopie-3d\/\"]}]},{\"@type\":\"ImageObject\",\"inLanguage\":\"fr-FR\",\"@id\":\"https:\/\/urologiagirona.com\/fr\/chirurgie-laparoscopie-3d\/#primaryimage\",\"url\":\"https:\/\/urologiagirona.com\/wp-content\/uploads\/2015\/04\/uroleg-1631-300x200.jpg\",\"contentUrl\":\"https:\/\/urologiagirona.com\/wp-content\/uploads\/2015\/04\/uroleg-1631-300x200.jpg\"},{\"@type\":\"BreadcrumbList\",\"@id\":\"https:\/\/urologiagirona.com\/fr\/chirurgie-laparoscopie-3d\/#breadcrumb\",\"itemListElement\":[{\"@type\":\"ListItem\",\"position\":1,\"name\":\"Inici\",\"item\":\"https:\/\/urologiagirona.com\/\"},{\"@type\":\"ListItem\",\"position\":2,\"name\":\"Chirurgie laparoscopie 3D\"}]},{\"@type\":\"WebSite\",\"@id\":\"https:\/\/urologiagirona.com\/#website\",\"url\":\"https:\/\/urologiagirona.com\/\",\"name\":\"Urologia Girona \/ Cl\u00ednica Urologia Girona\",\"description\":\"Som especialistes en cirurgia rob\u00f2tica i m\u00ednimament invasiva per el tractament de patologia prost\u00e0tica ( l\u00e0ser de pr\u00f2stata, Robot Da Vinci, ter\u00e0pia focal), patologia renal (c\u00e0ncer, litiasis, cirurgia rob\u00f2tica i laparosc\u00f2pia) i vesical (tumors de bufeta).\",\"publisher\":{\"@id\":\"https:\/\/urologiagirona.com\/#organization\"},\"alternateName\":\"Cl\u00ednica Urologia Girona\",\"potentialAction\":[{\"@type\":\"SearchAction\",\"target\":{\"@type\":\"EntryPoint\",\"urlTemplate\":\"https:\/\/urologiagirona.com\/?s={search_term_string}\"},\"query-input\":{\"@type\":\"PropertyValueSpecification\",\"valueRequired\":true,\"valueName\":\"search_term_string\"}}],\"inLanguage\":\"fr-FR\"},{\"@type\":\"Organization\",\"@id\":\"https:\/\/urologiagirona.com\/#organization\",\"name\":\"Urologia Girona \/ Cl\u00ednica Urologia Girona\",\"url\":\"https:\/\/urologiagirona.com\/\",\"logo\":{\"@type\":\"ImageObject\",\"inLanguage\":\"fr-FR\",\"@id\":\"https:\/\/urologiagirona.com\/#\/schema\/logo\/image\/\",\"url\":\"https:\/\/urologiagirona.com\/wp-content\/uploads\/2020\/11\/logo_urologia_girona.jpg\",\"contentUrl\":\"https:\/\/urologiagirona.com\/wp-content\/uploads\/2020\/11\/logo_urologia_girona.jpg\",\"width\":600,\"height\":341,\"caption\":\"Urologia Girona \/ Cl\u00ednica Urologia Girona\"},\"image\":{\"@id\":\"https:\/\/urologiagirona.com\/#\/schema\/logo\/image\/\"}}]}<\/script>\n<!-- \/ Yoast SEO plugin. -->","yoast_head_json":{"title":"Chirurgie laparoscopie 3D - Urologia Girona","robots":{"index":"index","follow":"follow","max-snippet":"max-snippet:-1","max-image-preview":"max-image-preview:large","max-video-preview":"max-video-preview:-1"},"canonical":"https:\/\/urologiagirona.com\/fr\/chirurgie-laparoscopie-3d\/","og_locale":"fr_FR","og_type":"article","og_title":"Chirurgie laparoscopie 3D - Urologia Girona","og_description":"La chirurgie laparoscopique 3D est un type de chirurgie qui pr\u00e9sente les m\u00eames avantages que la laparoscopie conventionnelle (sans incisions, la chirurgie est r\u00e9alis\u00e9e \u00e0 travers de petits trous) mais avec une vision 3D. Cette vue en trois dimensions facilite la chirurgie, en particulier lors de l&rsquo;ex\u00e9cution de mouvements complexes, tels que des sutures. Pour [&hellip;]","og_url":"https:\/\/urologiagirona.com\/fr\/chirurgie-laparoscopie-3d\/","og_site_name":"Urologia Girona","article_modified_time":"2021-05-10T07:52:26+00:00","og_image":[{"url":"https:\/\/urologiagirona.com\/wp-content\/uploads\/2015\/04\/uroleg-1631-300x200.jpg","type":"","width":"","height":""}],"schema":{"@context":"https:\/\/schema.org","@graph":[{"@type":"WebPage","@id":"https:\/\/urologiagirona.com\/fr\/chirurgie-laparoscopie-3d\/","url":"https:\/\/urologiagirona.com\/fr\/chirurgie-laparoscopie-3d\/","name":"Chirurgie laparoscopie 3D - Urologia Girona","isPartOf":{"@id":"https:\/\/urologiagirona.com\/#website"},"primaryImageOfPage":{"@id":"https:\/\/urologiagirona.com\/fr\/chirurgie-laparoscopie-3d\/#primaryimage"},"image":{"@id":"https:\/\/urologiagirona.com\/fr\/chirurgie-laparoscopie-3d\/#primaryimage"},"thumbnailUrl":"https:\/\/urologiagirona.com\/wp-content\/uploads\/2015\/04\/uroleg-1631-300x200.jpg","datePublished":"2021-05-10T07:51:28+00:00","dateModified":"2021-05-10T07:52:26+00:00","breadcrumb":{"@id":"https:\/\/urologiagirona.com\/fr\/chirurgie-laparoscopie-3d\/#breadcrumb"},"inLanguage":"fr-FR","potentialAction":[{"@type":"ReadAction","target":["https:\/\/urologiagirona.com\/fr\/chirurgie-laparoscopie-3d\/"]}]},{"@type":"ImageObject","inLanguage":"fr-FR","@id":"https:\/\/urologiagirona.com\/fr\/chirurgie-laparoscopie-3d\/#primaryimage","url":"https:\/\/urologiagirona.com\/wp-content\/uploads\/2015\/04\/uroleg-1631-300x200.jpg","contentUrl":"https:\/\/urologiagirona.com\/wp-content\/uploads\/2015\/04\/uroleg-1631-300x200.jpg"},{"@type":"BreadcrumbList","@id":"https:\/\/urologiagirona.com\/fr\/chirurgie-laparoscopie-3d\/#breadcrumb","itemListElement":[{"@type":"ListItem","position":1,"name":"Inici","item":"https:\/\/urologiagirona.com\/"},{"@type":"ListItem","position":2,"name":"Chirurgie laparoscopie 3D"}]},{"@type":"WebSite","@id":"https:\/\/urologiagirona.com\/#website","url":"https:\/\/urologiagirona.com\/","name":"Urologia Girona \/ Cl\u00ednica Urologia Girona","description":"Som especialistes en cirurgia rob\u00f2tica i m\u00ednimament invasiva per el tractament de patologia prost\u00e0tica ( l\u00e0ser de pr\u00f2stata, Robot Da Vinci, ter\u00e0pia focal), patologia renal (c\u00e0ncer, litiasis, cirurgia rob\u00f2tica i laparosc\u00f2pia) i vesical (tumors de bufeta).","publisher":{"@id":"https:\/\/urologiagirona.com\/#organization"},"alternateName":"Cl\u00ednica Urologia Girona","potentialAction":[{"@type":"SearchAction","target":{"@type":"EntryPoint","urlTemplate":"https:\/\/urologiagirona.com\/?s={search_term_string}"},"query-input":{"@type":"PropertyValueSpecification","valueRequired":true,"valueName":"search_term_string"}}],"inLanguage":"fr-FR"},{"@type":"Organization","@id":"https:\/\/urologiagirona.com\/#organization","name":"Urologia Girona \/ Cl\u00ednica Urologia Girona","url":"https:\/\/urologiagirona.com\/","logo":{"@type":"ImageObject","inLanguage":"fr-FR","@id":"https:\/\/urologiagirona.com\/#\/schema\/logo\/image\/","url":"https:\/\/urologiagirona.com\/wp-content\/uploads\/2020\/11\/logo_urologia_girona.jpg","contentUrl":"https:\/\/urologiagirona.com\/wp-content\/uploads\/2020\/11\/logo_urologia_girona.jpg","width":600,"height":341,"caption":"Urologia Girona \/ Cl\u00ednica Urologia Girona"},"image":{"@id":"https:\/\/urologiagirona.com\/#\/schema\/logo\/image\/"}}]}},"_links":{"self":[{"href":"https:\/\/urologiagirona.com\/fr\/wp-json\/wp\/v2\/pages\/861","targetHints":{"allow":["GET"]}}],"collection":[{"href":"https:\/\/urologiagirona.com\/fr\/wp-json\/wp\/v2\/pages"}],"about":[{"href":"https:\/\/urologiagirona.com\/fr\/wp-json\/wp\/v2\/types\/page"}],"author":[{"embeddable":true,"href":"https:\/\/urologiagirona.com\/fr\/wp-json\/wp\/v2\/users\/1"}],"replies":[{"embeddable":true,"href":"https:\/\/urologiagirona.com\/fr\/wp-json\/wp\/v2\/comments?post=861"}],"version-history":[{"count":1,"href":"https:\/\/urologiagirona.com\/fr\/wp-json\/wp\/v2\/pages\/861\/revisions"}],"predecessor-version":[{"id":862,"href":"https:\/\/urologiagirona.com\/fr\/wp-json\/wp\/v2\/pages\/861\/revisions\/862"}],"wp:attachment":[{"href":"https:\/\/urologiagirona.com\/fr\/wp-json\/wp\/v2\/media?parent=861"}],"curies":[{"name":"wp","href":"https:\/\/api.w.org\/{rel}","templated":true}]}}