{"id":859,"date":"2021-05-10T09:50:28","date_gmt":"2021-05-10T07:50:28","guid":{"rendered":"https:\/\/urologiagirona.com\/biopsie-par-fusion-et-therapie-focale\/"},"modified":"2021-05-10T09:50:28","modified_gmt":"2021-05-10T07:50:28","slug":"biopsie-par-fusion-et-therapie-focale","status":"publish","type":"page","link":"https:\/\/urologiagirona.com\/fr\/biopsie-par-fusion-et-therapie-focale\/","title":{"rendered":"Biopsie par fusion et th\u00e9rapie focale"},"content":{"rendered":"\n<p><strong>La biopsie par fusion est une proc\u00e9dure mini-invasive qui, \u00e0 l&rsquo;aide d&rsquo;un logiciel de fusion, combine les images obtenues par IRM multiparam\u00e9trique avec celles obtenues par \u00e9chographie en temps r\u00e9el.<\/strong><\/p>\n\n<p>Le r\u00e9sultat est une image 3D de la glande prostatique, dans laquelle les blessures suspectes de chapeau peuvent \u00eatre exactement localis\u00e9es, rendant possible une biopsie cibl\u00e9e plus pr\u00e9cise et une planification plus personnalis\u00e9e du traitement, comme la th\u00e9rapie focale.&#13;\n&#13;\n<\/p>\n\n<p>La th\u00e9rapie focale propose un traitement actif sur la CaP localis\u00e9e, avec une diminution de la morbidit\u00e9, car elle se limite au traitement d&rsquo;une partie de la prostate (h\u00e9m\u00e9mie) ou de la l\u00e9sion dominante, respectant le reste de la glande prostatique et des structures neurovasculaires et sphfinteriennes.&#13;\n<\/p>\n","protected":false},"excerpt":{"rendered":"<p>La biopsie par fusion est une proc\u00e9dure mini-invasive qui, \u00e0 l&rsquo;aide d&rsquo;un logiciel de fusion, combine les images obtenues par IRM multiparam\u00e9trique avec celles obtenues par \u00e9chographie en temps r\u00e9el. Le r\u00e9sultat est une image 3D de la glande prostatique, dans laquelle les blessures suspectes de chapeau peuvent \u00eatre exactement localis\u00e9es, rendant possible une biopsie [&hellip;]<\/p>\n","protected":false},"author":1,"featured_media":0,"parent":0,"menu_order":0,"comment_status":"closed","ping_status":"closed","template":"","meta":{"_et_pb_use_builder":"off","_et_pb_old_content":"","_et_gb_content_width":"","footnotes":""},"class_list":["post-859","page","type-page","status-publish","hentry"],"yoast_head":"<!-- This site is optimized with the Yoast SEO plugin v25.8 - https:\/\/yoast.com\/wordpress\/plugins\/seo\/ -->\n<title>Biopsie par fusion et th\u00e9rapie focale - Urologia Girona<\/title>\n<meta name=\"robots\" content=\"index, follow, max-snippet:-1, max-image-preview:large, max-video-preview:-1\" \/>\n<link rel=\"canonical\" href=\"https:\/\/urologiagirona.com\/fr\/biopsie-par-fusion-et-therapie-focale\/\" \/>\n<meta property=\"og:locale\" content=\"fr_FR\" \/>\n<meta property=\"og:type\" content=\"article\" \/>\n<meta property=\"og:title\" content=\"Biopsie par fusion et th\u00e9rapie focale - Urologia Girona\" \/>\n<meta property=\"og:description\" content=\"La biopsie par fusion est une proc\u00e9dure mini-invasive qui, \u00e0 l&rsquo;aide d&rsquo;un logiciel de fusion, combine les images obtenues par IRM multiparam\u00e9trique avec celles obtenues par \u00e9chographie en temps r\u00e9el. Le r\u00e9sultat est une image 3D de la glande prostatique, dans laquelle les blessures suspectes de chapeau peuvent \u00eatre exactement localis\u00e9es, rendant possible une biopsie [&hellip;]\" \/>\n<meta property=\"og:url\" content=\"https:\/\/urologiagirona.com\/fr\/biopsie-par-fusion-et-therapie-focale\/\" \/>\n<meta property=\"og:site_name\" content=\"Urologia Girona\" \/>\n<meta property=\"og:image\" content=\"https:\/\/urologiagirona.com\/wp-content\/uploads\/2020\/11\/logo_urologia_girona.jpg\" \/>\n\t<meta property=\"og:image:width\" content=\"600\" \/>\n\t<meta property=\"og:image:height\" content=\"341\" \/>\n\t<meta property=\"og:image:type\" content=\"image\/jpeg\" \/>\n<script type=\"application\/ld+json\" class=\"yoast-schema-graph\">{\"@context\":\"https:\/\/schema.org\",\"@graph\":[{\"@type\":\"WebPage\",\"@id\":\"https:\/\/urologiagirona.com\/fr\/biopsie-par-fusion-et-therapie-focale\/\",\"url\":\"https:\/\/urologiagirona.com\/fr\/biopsie-par-fusion-et-therapie-focale\/\",\"name\":\"Biopsie par fusion et th\u00e9rapie focale - Urologia Girona\",\"isPartOf\":{\"@id\":\"https:\/\/urologiagirona.com\/#website\"},\"datePublished\":\"2021-05-10T07:50:28+00:00\",\"breadcrumb\":{\"@id\":\"https:\/\/urologiagirona.com\/fr\/biopsie-par-fusion-et-therapie-focale\/#breadcrumb\"},\"inLanguage\":\"fr-FR\",\"potentialAction\":[{\"@type\":\"ReadAction\",\"target\":[\"https:\/\/urologiagirona.com\/fr\/biopsie-par-fusion-et-therapie-focale\/\"]}]},{\"@type\":\"BreadcrumbList\",\"@id\":\"https:\/\/urologiagirona.com\/fr\/biopsie-par-fusion-et-therapie-focale\/#breadcrumb\",\"itemListElement\":[{\"@type\":\"ListItem\",\"position\":1,\"name\":\"Inici\",\"item\":\"https:\/\/urologiagirona.com\/\"},{\"@type\":\"ListItem\",\"position\":2,\"name\":\"Biopsie par fusion et th\u00e9rapie focale\"}]},{\"@type\":\"WebSite\",\"@id\":\"https:\/\/urologiagirona.com\/#website\",\"url\":\"https:\/\/urologiagirona.com\/\",\"name\":\"Urologia Girona \/ Cl\u00ednica Urologia Girona\",\"description\":\"Som especialistes en cirurgia rob\u00f2tica i m\u00ednimament invasiva per el tractament de patologia prost\u00e0tica ( l\u00e0ser de pr\u00f2stata, Robot Da Vinci, ter\u00e0pia focal), patologia renal (c\u00e0ncer, litiasis, cirurgia rob\u00f2tica i laparosc\u00f2pia) i vesical (tumors de bufeta).\",\"publisher\":{\"@id\":\"https:\/\/urologiagirona.com\/#organization\"},\"alternateName\":\"Cl\u00ednica Urologia Girona\",\"potentialAction\":[{\"@type\":\"SearchAction\",\"target\":{\"@type\":\"EntryPoint\",\"urlTemplate\":\"https:\/\/urologiagirona.com\/?s={search_term_string}\"},\"query-input\":{\"@type\":\"PropertyValueSpecification\",\"valueRequired\":true,\"valueName\":\"search_term_string\"}}],\"inLanguage\":\"fr-FR\"},{\"@type\":\"Organization\",\"@id\":\"https:\/\/urologiagirona.com\/#organization\",\"name\":\"Urologia Girona \/ Cl\u00ednica Urologia Girona\",\"url\":\"https:\/\/urologiagirona.com\/\",\"logo\":{\"@type\":\"ImageObject\",\"inLanguage\":\"fr-FR\",\"@id\":\"https:\/\/urologiagirona.com\/#\/schema\/logo\/image\/\",\"url\":\"https:\/\/urologiagirona.com\/wp-content\/uploads\/2020\/11\/logo_urologia_girona.jpg\",\"contentUrl\":\"https:\/\/urologiagirona.com\/wp-content\/uploads\/2020\/11\/logo_urologia_girona.jpg\",\"width\":600,\"height\":341,\"caption\":\"Urologia Girona \/ Cl\u00ednica Urologia Girona\"},\"image\":{\"@id\":\"https:\/\/urologiagirona.com\/#\/schema\/logo\/image\/\"}}]}<\/script>\n<!-- \/ Yoast SEO plugin. -->","yoast_head_json":{"title":"Biopsie par fusion et th\u00e9rapie focale - Urologia Girona","robots":{"index":"index","follow":"follow","max-snippet":"max-snippet:-1","max-image-preview":"max-image-preview:large","max-video-preview":"max-video-preview:-1"},"canonical":"https:\/\/urologiagirona.com\/fr\/biopsie-par-fusion-et-therapie-focale\/","og_locale":"fr_FR","og_type":"article","og_title":"Biopsie par fusion et th\u00e9rapie focale - Urologia Girona","og_description":"La biopsie par fusion est une proc\u00e9dure mini-invasive qui, \u00e0 l&rsquo;aide d&rsquo;un logiciel de fusion, combine les images obtenues par IRM multiparam\u00e9trique avec celles obtenues par \u00e9chographie en temps r\u00e9el. Le r\u00e9sultat est une image 3D de la glande prostatique, dans laquelle les blessures suspectes de chapeau peuvent \u00eatre exactement localis\u00e9es, rendant possible une biopsie [&hellip;]","og_url":"https:\/\/urologiagirona.com\/fr\/biopsie-par-fusion-et-therapie-focale\/","og_site_name":"Urologia Girona","og_image":[{"width":600,"height":341,"url":"https:\/\/urologiagirona.com\/wp-content\/uploads\/2020\/11\/logo_urologia_girona.jpg","type":"image\/jpeg"}],"schema":{"@context":"https:\/\/schema.org","@graph":[{"@type":"WebPage","@id":"https:\/\/urologiagirona.com\/fr\/biopsie-par-fusion-et-therapie-focale\/","url":"https:\/\/urologiagirona.com\/fr\/biopsie-par-fusion-et-therapie-focale\/","name":"Biopsie par fusion et th\u00e9rapie focale - Urologia Girona","isPartOf":{"@id":"https:\/\/urologiagirona.com\/#website"},"datePublished":"2021-05-10T07:50:28+00:00","breadcrumb":{"@id":"https:\/\/urologiagirona.com\/fr\/biopsie-par-fusion-et-therapie-focale\/#breadcrumb"},"inLanguage":"fr-FR","potentialAction":[{"@type":"ReadAction","target":["https:\/\/urologiagirona.com\/fr\/biopsie-par-fusion-et-therapie-focale\/"]}]},{"@type":"BreadcrumbList","@id":"https:\/\/urologiagirona.com\/fr\/biopsie-par-fusion-et-therapie-focale\/#breadcrumb","itemListElement":[{"@type":"ListItem","position":1,"name":"Inici","item":"https:\/\/urologiagirona.com\/"},{"@type":"ListItem","position":2,"name":"Biopsie par fusion et th\u00e9rapie focale"}]},{"@type":"WebSite","@id":"https:\/\/urologiagirona.com\/#website","url":"https:\/\/urologiagirona.com\/","name":"Urologia Girona \/ Cl\u00ednica Urologia Girona","description":"Som especialistes en cirurgia rob\u00f2tica i m\u00ednimament invasiva per el tractament de patologia prost\u00e0tica ( l\u00e0ser de pr\u00f2stata, Robot Da Vinci, ter\u00e0pia focal), patologia renal (c\u00e0ncer, litiasis, cirurgia rob\u00f2tica i laparosc\u00f2pia) i vesical (tumors de bufeta).","publisher":{"@id":"https:\/\/urologiagirona.com\/#organization"},"alternateName":"Cl\u00ednica Urologia Girona","potentialAction":[{"@type":"SearchAction","target":{"@type":"EntryPoint","urlTemplate":"https:\/\/urologiagirona.com\/?s={search_term_string}"},"query-input":{"@type":"PropertyValueSpecification","valueRequired":true,"valueName":"search_term_string"}}],"inLanguage":"fr-FR"},{"@type":"Organization","@id":"https:\/\/urologiagirona.com\/#organization","name":"Urologia Girona \/ Cl\u00ednica Urologia Girona","url":"https:\/\/urologiagirona.com\/","logo":{"@type":"ImageObject","inLanguage":"fr-FR","@id":"https:\/\/urologiagirona.com\/#\/schema\/logo\/image\/","url":"https:\/\/urologiagirona.com\/wp-content\/uploads\/2020\/11\/logo_urologia_girona.jpg","contentUrl":"https:\/\/urologiagirona.com\/wp-content\/uploads\/2020\/11\/logo_urologia_girona.jpg","width":600,"height":341,"caption":"Urologia Girona \/ Cl\u00ednica Urologia Girona"},"image":{"@id":"https:\/\/urologiagirona.com\/#\/schema\/logo\/image\/"}}]}},"_links":{"self":[{"href":"https:\/\/urologiagirona.com\/fr\/wp-json\/wp\/v2\/pages\/859","targetHints":{"allow":["GET"]}}],"collection":[{"href":"https:\/\/urologiagirona.com\/fr\/wp-json\/wp\/v2\/pages"}],"about":[{"href":"https:\/\/urologiagirona.com\/fr\/wp-json\/wp\/v2\/types\/page"}],"author":[{"embeddable":true,"href":"https:\/\/urologiagirona.com\/fr\/wp-json\/wp\/v2\/users\/1"}],"replies":[{"embeddable":true,"href":"https:\/\/urologiagirona.com\/fr\/wp-json\/wp\/v2\/comments?post=859"}],"version-history":[{"count":1,"href":"https:\/\/urologiagirona.com\/fr\/wp-json\/wp\/v2\/pages\/859\/revisions"}],"predecessor-version":[{"id":860,"href":"https:\/\/urologiagirona.com\/fr\/wp-json\/wp\/v2\/pages\/859\/revisions\/860"}],"wp:attachment":[{"href":"https:\/\/urologiagirona.com\/fr\/wp-json\/wp\/v2\/media?parent=859"}],"curies":[{"name":"wp","href":"https:\/\/api.w.org\/{rel}","templated":true}]}}