{"id":855,"date":"2021-05-10T09:48:15","date_gmt":"2021-05-10T07:48:15","guid":{"rendered":"https:\/\/urologiagirona.com\/laser-lithiase\/"},"modified":"2021-05-10T09:48:15","modified_gmt":"2021-05-10T07:48:15","slug":"laser-lithiase","status":"publish","type":"page","link":"https:\/\/urologiagirona.com\/fr\/laser-lithiase\/","title":{"rendered":"Laser lithiase"},"content":{"rendered":"\n<div class=\"wp-block-image\"><figure class=\"alignright size-large is-resized\"><img decoding=\"async\" src=\"https:\/\/urologiagirona.com\/\/wp-content\/uploads\/2020\/11\/laser-litiasi-1-1024x683.jpg\" alt=\"\" class=\"wp-image-538\" width=\"256\" height=\"171\" srcset=\"https:\/\/urologiagirona.com\/wp-content\/uploads\/2020\/11\/laser-litiasi-1-1024x683.jpg 1024w, https:\/\/urologiagirona.com\/wp-content\/uploads\/2020\/11\/laser-litiasi-1-300x200.jpg 300w, https:\/\/urologiagirona.com\/wp-content\/uploads\/2020\/11\/laser-litiasi-1-768x512.jpg 768w, https:\/\/urologiagirona.com\/wp-content\/uploads\/2020\/11\/laser-litiasi-1-1536x1024.jpg 1536w, https:\/\/urologiagirona.com\/wp-content\/uploads\/2020\/11\/laser-litiasi-1-2048x1365.jpg 2048w, https:\/\/urologiagirona.com\/wp-content\/uploads\/2020\/11\/laser-litiasi-1-1080x720.jpg 1080w, https:\/\/urologiagirona.com\/wp-content\/uploads\/2020\/11\/laser-litiasi-1-1280x854.jpg 1280w\" sizes=\"(max-width: 256px) 100vw, 256px\" \/><figcaption><em>Dr Comet i Dr Boix<\/em><\/figcaption><\/figure><\/div>\n\n<p><strong>Le laser holmium permet le traitement de la lithiase, qu\u2019ils soient v\u00e9sical (lien avec le laser de la prostate), ur\u00e9eteral ou pelvien (rein).&#13;\n<\/strong><\/p>\n\n<p>Afin d\u2019effectuer le traitement, l\u2019utilisation de mat\u00e9riel d\u2019endoscopie (cystoscope, urt\u00e9roscope semi-rigide ou flexible) est n\u00e9cessaire. De cette mani\u00e8re, on acc\u00e8de \u00e0 l&rsquo;endroit o\u00f9 se trouve la lithiase, \u00e0 travers le dispositif une fibre est introduite qui transmet l&rsquo;\u00e9nergie laser. De cette mani\u00e8re, il est possible de fragmenter et de pulv\u00e9riser les pierres. Avec des instruments sp\u00e9ciaux, les fragments sont enlev\u00e9s.&#13;\n<\/p>\n\n<p><strong>Ce type d&rsquo;approche est devenu le traitement de premi\u00e8re intention de ce type de pathologie.<\/strong><\/p>\n\n<figure class=\"wp-block-video\"><video controls=\"\" src=\"https:\/\/urologiagirona.com\/\/wp-content\/uploads\/2020\/11\/WhatsApp-Video-2020-11-19-at-12.06.49.mp4\"><\/video><figcaption>Video<\/figcaption><\/figure>","protected":false},"excerpt":{"rendered":"<p>Le laser holmium permet le traitement de la lithiase, qu\u2019ils soient v\u00e9sical (lien avec le laser de la prostate), ur\u00e9eteral ou pelvien (rein).&#13; Afin d\u2019effectuer le traitement, l\u2019utilisation de mat\u00e9riel d\u2019endoscopie (cystoscope, urt\u00e9roscope semi-rigide ou flexible) est n\u00e9cessaire. De cette mani\u00e8re, on acc\u00e8de \u00e0 l&rsquo;endroit o\u00f9 se trouve la lithiase, \u00e0 travers le dispositif une [&hellip;]<\/p>\n","protected":false},"author":1,"featured_media":0,"parent":0,"menu_order":0,"comment_status":"closed","ping_status":"closed","template":"","meta":{"_et_pb_use_builder":"off","_et_pb_old_content":"","_et_gb_content_width":"","footnotes":""},"class_list":["post-855","page","type-page","status-publish","hentry"],"yoast_head":"<!-- This site is optimized with the Yoast SEO plugin v25.8 - https:\/\/yoast.com\/wordpress\/plugins\/seo\/ -->\n<title>Laser lithiase - Urologia Girona<\/title>\n<meta name=\"robots\" content=\"index, follow, max-snippet:-1, max-image-preview:large, max-video-preview:-1\" \/>\n<link rel=\"canonical\" href=\"https:\/\/urologiagirona.com\/fr\/laser-lithiase\/\" \/>\n<meta property=\"og:locale\" content=\"fr_FR\" \/>\n<meta property=\"og:type\" content=\"article\" \/>\n<meta property=\"og:title\" content=\"Laser lithiase - Urologia Girona\" \/>\n<meta property=\"og:description\" content=\"Le laser holmium permet le traitement de la lithiase, qu\u2019ils soient v\u00e9sical (lien avec le laser de la prostate), ur\u00e9eteral ou pelvien (rein).&#013; Afin d\u2019effectuer le traitement, l\u2019utilisation de mat\u00e9riel d\u2019endoscopie (cystoscope, urt\u00e9roscope semi-rigide ou flexible) est n\u00e9cessaire. De cette mani\u00e8re, on acc\u00e8de \u00e0 l&rsquo;endroit o\u00f9 se trouve la lithiase, \u00e0 travers le dispositif une [&hellip;]\" \/>\n<meta property=\"og:url\" content=\"https:\/\/urologiagirona.com\/fr\/laser-lithiase\/\" \/>\n<meta property=\"og:site_name\" content=\"Urologia Girona\" \/>\n<meta property=\"og:image\" content=\"https:\/\/urologiagirona.com\/\/wp-content\/uploads\/2020\/11\/laser-litiasi-1-1024x683.jpg\" \/>\n<script type=\"application\/ld+json\" class=\"yoast-schema-graph\">{\"@context\":\"https:\/\/schema.org\",\"@graph\":[{\"@type\":\"WebPage\",\"@id\":\"https:\/\/urologiagirona.com\/fr\/laser-lithiase\/\",\"url\":\"https:\/\/urologiagirona.com\/fr\/laser-lithiase\/\",\"name\":\"Laser lithiase - Urologia Girona\",\"isPartOf\":{\"@id\":\"https:\/\/urologiagirona.com\/#website\"},\"primaryImageOfPage\":{\"@id\":\"https:\/\/urologiagirona.com\/fr\/laser-lithiase\/#primaryimage\"},\"image\":{\"@id\":\"https:\/\/urologiagirona.com\/fr\/laser-lithiase\/#primaryimage\"},\"thumbnailUrl\":\"https:\/\/urologiagirona.com\/\/wp-content\/uploads\/2020\/11\/laser-litiasi-1-1024x683.jpg\",\"datePublished\":\"2021-05-10T07:48:15+00:00\",\"breadcrumb\":{\"@id\":\"https:\/\/urologiagirona.com\/fr\/laser-lithiase\/#breadcrumb\"},\"inLanguage\":\"fr-FR\",\"potentialAction\":[{\"@type\":\"ReadAction\",\"target\":[\"https:\/\/urologiagirona.com\/fr\/laser-lithiase\/\"]}]},{\"@type\":\"ImageObject\",\"inLanguage\":\"fr-FR\",\"@id\":\"https:\/\/urologiagirona.com\/fr\/laser-lithiase\/#primaryimage\",\"url\":\"https:\/\/urologiagirona.com\/\/wp-content\/uploads\/2020\/11\/laser-litiasi-1-1024x683.jpg\",\"contentUrl\":\"https:\/\/urologiagirona.com\/\/wp-content\/uploads\/2020\/11\/laser-litiasi-1-1024x683.jpg\"},{\"@type\":\"BreadcrumbList\",\"@id\":\"https:\/\/urologiagirona.com\/fr\/laser-lithiase\/#breadcrumb\",\"itemListElement\":[{\"@type\":\"ListItem\",\"position\":1,\"name\":\"Inici\",\"item\":\"https:\/\/urologiagirona.com\/\"},{\"@type\":\"ListItem\",\"position\":2,\"name\":\"Laser lithiase\"}]},{\"@type\":\"WebSite\",\"@id\":\"https:\/\/urologiagirona.com\/#website\",\"url\":\"https:\/\/urologiagirona.com\/\",\"name\":\"Urologia Girona \/ Cl\u00ednica Urologia Girona\",\"description\":\"Som especialistes en cirurgia rob\u00f2tica i m\u00ednimament invasiva per el tractament de patologia prost\u00e0tica ( l\u00e0ser de pr\u00f2stata, Robot Da Vinci, ter\u00e0pia focal), patologia renal (c\u00e0ncer, litiasis, cirurgia rob\u00f2tica i laparosc\u00f2pia) i vesical (tumors de bufeta).\",\"publisher\":{\"@id\":\"https:\/\/urologiagirona.com\/#organization\"},\"alternateName\":\"Cl\u00ednica Urologia Girona\",\"potentialAction\":[{\"@type\":\"SearchAction\",\"target\":{\"@type\":\"EntryPoint\",\"urlTemplate\":\"https:\/\/urologiagirona.com\/?s={search_term_string}\"},\"query-input\":{\"@type\":\"PropertyValueSpecification\",\"valueRequired\":true,\"valueName\":\"search_term_string\"}}],\"inLanguage\":\"fr-FR\"},{\"@type\":\"Organization\",\"@id\":\"https:\/\/urologiagirona.com\/#organization\",\"name\":\"Urologia Girona \/ Cl\u00ednica Urologia Girona\",\"url\":\"https:\/\/urologiagirona.com\/\",\"logo\":{\"@type\":\"ImageObject\",\"inLanguage\":\"fr-FR\",\"@id\":\"https:\/\/urologiagirona.com\/#\/schema\/logo\/image\/\",\"url\":\"https:\/\/urologiagirona.com\/wp-content\/uploads\/2020\/11\/logo_urologia_girona.jpg\",\"contentUrl\":\"https:\/\/urologiagirona.com\/wp-content\/uploads\/2020\/11\/logo_urologia_girona.jpg\",\"width\":600,\"height\":341,\"caption\":\"Urologia Girona \/ Cl\u00ednica Urologia Girona\"},\"image\":{\"@id\":\"https:\/\/urologiagirona.com\/#\/schema\/logo\/image\/\"}}]}<\/script>\n<!-- \/ Yoast SEO plugin. -->","yoast_head_json":{"title":"Laser lithiase - Urologia Girona","robots":{"index":"index","follow":"follow","max-snippet":"max-snippet:-1","max-image-preview":"max-image-preview:large","max-video-preview":"max-video-preview:-1"},"canonical":"https:\/\/urologiagirona.com\/fr\/laser-lithiase\/","og_locale":"fr_FR","og_type":"article","og_title":"Laser lithiase - Urologia Girona","og_description":"Le laser holmium permet le traitement de la lithiase, qu\u2019ils soient v\u00e9sical (lien avec le laser de la prostate), ur\u00e9eteral ou pelvien (rein).&#13; Afin d\u2019effectuer le traitement, l\u2019utilisation de mat\u00e9riel d\u2019endoscopie (cystoscope, urt\u00e9roscope semi-rigide ou flexible) est n\u00e9cessaire. De cette mani\u00e8re, on acc\u00e8de \u00e0 l&rsquo;endroit o\u00f9 se trouve la lithiase, \u00e0 travers le dispositif une [&hellip;]","og_url":"https:\/\/urologiagirona.com\/fr\/laser-lithiase\/","og_site_name":"Urologia Girona","og_image":[{"url":"https:\/\/urologiagirona.com\/\/wp-content\/uploads\/2020\/11\/laser-litiasi-1-1024x683.jpg","type":"","width":"","height":""}],"schema":{"@context":"https:\/\/schema.org","@graph":[{"@type":"WebPage","@id":"https:\/\/urologiagirona.com\/fr\/laser-lithiase\/","url":"https:\/\/urologiagirona.com\/fr\/laser-lithiase\/","name":"Laser lithiase - Urologia Girona","isPartOf":{"@id":"https:\/\/urologiagirona.com\/#website"},"primaryImageOfPage":{"@id":"https:\/\/urologiagirona.com\/fr\/laser-lithiase\/#primaryimage"},"image":{"@id":"https:\/\/urologiagirona.com\/fr\/laser-lithiase\/#primaryimage"},"thumbnailUrl":"https:\/\/urologiagirona.com\/\/wp-content\/uploads\/2020\/11\/laser-litiasi-1-1024x683.jpg","datePublished":"2021-05-10T07:48:15+00:00","breadcrumb":{"@id":"https:\/\/urologiagirona.com\/fr\/laser-lithiase\/#breadcrumb"},"inLanguage":"fr-FR","potentialAction":[{"@type":"ReadAction","target":["https:\/\/urologiagirona.com\/fr\/laser-lithiase\/"]}]},{"@type":"ImageObject","inLanguage":"fr-FR","@id":"https:\/\/urologiagirona.com\/fr\/laser-lithiase\/#primaryimage","url":"https:\/\/urologiagirona.com\/\/wp-content\/uploads\/2020\/11\/laser-litiasi-1-1024x683.jpg","contentUrl":"https:\/\/urologiagirona.com\/\/wp-content\/uploads\/2020\/11\/laser-litiasi-1-1024x683.jpg"},{"@type":"BreadcrumbList","@id":"https:\/\/urologiagirona.com\/fr\/laser-lithiase\/#breadcrumb","itemListElement":[{"@type":"ListItem","position":1,"name":"Inici","item":"https:\/\/urologiagirona.com\/"},{"@type":"ListItem","position":2,"name":"Laser lithiase"}]},{"@type":"WebSite","@id":"https:\/\/urologiagirona.com\/#website","url":"https:\/\/urologiagirona.com\/","name":"Urologia Girona \/ Cl\u00ednica Urologia Girona","description":"Som especialistes en cirurgia rob\u00f2tica i m\u00ednimament invasiva per el tractament de patologia prost\u00e0tica ( l\u00e0ser de pr\u00f2stata, Robot Da Vinci, ter\u00e0pia focal), patologia renal (c\u00e0ncer, litiasis, cirurgia rob\u00f2tica i laparosc\u00f2pia) i vesical (tumors de bufeta).","publisher":{"@id":"https:\/\/urologiagirona.com\/#organization"},"alternateName":"Cl\u00ednica Urologia Girona","potentialAction":[{"@type":"SearchAction","target":{"@type":"EntryPoint","urlTemplate":"https:\/\/urologiagirona.com\/?s={search_term_string}"},"query-input":{"@type":"PropertyValueSpecification","valueRequired":true,"valueName":"search_term_string"}}],"inLanguage":"fr-FR"},{"@type":"Organization","@id":"https:\/\/urologiagirona.com\/#organization","name":"Urologia Girona \/ Cl\u00ednica Urologia Girona","url":"https:\/\/urologiagirona.com\/","logo":{"@type":"ImageObject","inLanguage":"fr-FR","@id":"https:\/\/urologiagirona.com\/#\/schema\/logo\/image\/","url":"https:\/\/urologiagirona.com\/wp-content\/uploads\/2020\/11\/logo_urologia_girona.jpg","contentUrl":"https:\/\/urologiagirona.com\/wp-content\/uploads\/2020\/11\/logo_urologia_girona.jpg","width":600,"height":341,"caption":"Urologia Girona \/ Cl\u00ednica Urologia Girona"},"image":{"@id":"https:\/\/urologiagirona.com\/#\/schema\/logo\/image\/"}}]}},"_links":{"self":[{"href":"https:\/\/urologiagirona.com\/fr\/wp-json\/wp\/v2\/pages\/855","targetHints":{"allow":["GET"]}}],"collection":[{"href":"https:\/\/urologiagirona.com\/fr\/wp-json\/wp\/v2\/pages"}],"about":[{"href":"https:\/\/urologiagirona.com\/fr\/wp-json\/wp\/v2\/types\/page"}],"author":[{"embeddable":true,"href":"https:\/\/urologiagirona.com\/fr\/wp-json\/wp\/v2\/users\/1"}],"replies":[{"embeddable":true,"href":"https:\/\/urologiagirona.com\/fr\/wp-json\/wp\/v2\/comments?post=855"}],"version-history":[{"count":1,"href":"https:\/\/urologiagirona.com\/fr\/wp-json\/wp\/v2\/pages\/855\/revisions"}],"predecessor-version":[{"id":858,"href":"https:\/\/urologiagirona.com\/fr\/wp-json\/wp\/v2\/pages\/855\/revisions\/858"}],"wp:attachment":[{"href":"https:\/\/urologiagirona.com\/fr\/wp-json\/wp\/v2\/media?parent=855"}],"curies":[{"name":"wp","href":"https:\/\/api.w.org\/{rel}","templated":true}]}}