{"id":852,"date":"2021-05-10T09:44:15","date_gmt":"2021-05-10T07:44:15","guid":{"rendered":"https:\/\/urologiagirona.com\/prostate-laser\/"},"modified":"2021-05-10T09:44:15","modified_gmt":"2021-05-10T07:44:15","slug":"prostate-laser","status":"publish","type":"page","link":"https:\/\/urologiagirona.com\/fr\/prostate-laser\/","title":{"rendered":"Prostate Laser"},"content":{"rendered":"\n<p><p><b>L&rsquo;introduction du laser dans le traitement de l&rsquo;HBP, <\/b><span style=\"font-weight: 400;\">cela peut \u00eatre fait avec diff\u00e9rents types d&rsquo;ondes lumineuses en fonction de l&rsquo;effet que vous souhaitez obtenir sur le tissu. (laser vert, laser Holmium, Thulium, Diode). Certains d&rsquo;entre eux permettent la photovaporisation de la prostate, comme le laser vert.<\/span><\/p><\/p>\n\n<p>Urologia Girona, nous pratiquons la nucl\u00e9ation de la prostate avec un laser Holmium qui permet le traitement des prostates de toutes tailles, mais surtout les grains, qui devaient auparavant \u00eatre effectu\u00e9s par chirurgie ouverte. Cela nous permet \u00e9galement de traiter la lithiase qui finit par se former dans la vessie r\u00e9sultant de l\u2019obstruction caus\u00e9e par la prostate sans avoir besoin d\u2019une incision ou d\u2019ouvrir la vessie.<\/p>\n\n<figure class=\"wp-block-image size-large\"><img fetchpriority=\"high\" fetchpriority=\"high\" decoding=\"async\" width=\"1024\" height=\"683\" src=\"https:\/\/urologiagirona.com\/\/wp-content\/uploads\/2020\/11\/laser-de-prostata-1-1024x683.jpg\" alt=\"\" class=\"wp-image-541\" srcset=\"https:\/\/urologiagirona.com\/wp-content\/uploads\/2020\/11\/laser-de-prostata-1-1024x683.jpg 1024w, https:\/\/urologiagirona.com\/wp-content\/uploads\/2020\/11\/laser-de-prostata-1-300x200.jpg 300w, https:\/\/urologiagirona.com\/wp-content\/uploads\/2020\/11\/laser-de-prostata-1-768x512.jpg 768w, https:\/\/urologiagirona.com\/wp-content\/uploads\/2020\/11\/laser-de-prostata-1-1536x1024.jpg 1536w, https:\/\/urologiagirona.com\/wp-content\/uploads\/2020\/11\/laser-de-prostata-1-2048x1365.jpg 2048w, https:\/\/urologiagirona.com\/wp-content\/uploads\/2020\/11\/laser-de-prostata-1-1080x720.jpg 1080w\" sizes=\"(max-width: 1024px) 100vw, 1024px\" \/><figcaption><em> Dr Comet i Dr Boix<\/em><\/figcaption><\/figure>\n<h2 class=\"wp-block-heading\">\u00c9nucl\u00e9ation prostatique au laser<\/h2>\n\n<p>La m\u00eame proc\u00e9dure est r\u00e9alis\u00e9e comme une ad\u00e9nomectomie r\u00e9tropubienne en plein air mais sans avoir besoin d&rsquo;une incision dans la peau, puisque l&rsquo;utilisation du laser nous permet d&rsquo;effectuer l&rsquo;op\u00e9ration \u00e0 travers l&rsquo;ur\u00e8tre. Il vous permet de traiter les prostates \u00e0 volume \u00e9lev\u00e9. Il obtient des r\u00e9sultats similaires, mais avec moins de perte de sang, diminution du besoin de transfusions, une p\u00e9riode postop\u00e9ratoire et un retour \u00e0 l\u2019activit\u00e9 r\u00e9guli\u00e8re plus rapide. <\/p>\n","protected":false},"excerpt":{"rendered":"<p>L&rsquo;introduction du laser dans le traitement de l&rsquo;HBP, cela peut \u00eatre fait avec diff\u00e9rents types d&rsquo;ondes lumineuses en fonction de l&rsquo;effet que vous souhaitez obtenir sur le tissu. (laser vert, laser Holmium, Thulium, Diode). Certains d&rsquo;entre eux permettent la photovaporisation de la prostate, comme le laser vert. Urologia Girona, nous pratiquons la nucl\u00e9ation de la [&hellip;]<\/p>\n","protected":false},"author":1,"featured_media":0,"parent":0,"menu_order":0,"comment_status":"closed","ping_status":"closed","template":"","meta":{"_et_pb_use_builder":"off","_et_pb_old_content":"","_et_gb_content_width":"","footnotes":""},"class_list":["post-852","page","type-page","status-publish","hentry"],"yoast_head":"<!-- This site is optimized with the Yoast SEO plugin v25.8 - https:\/\/yoast.com\/wordpress\/plugins\/seo\/ -->\n<title>Prostate Laser - Urologia Girona<\/title>\n<meta name=\"robots\" content=\"index, follow, max-snippet:-1, max-image-preview:large, max-video-preview:-1\" \/>\n<link rel=\"canonical\" href=\"https:\/\/urologiagirona.com\/fr\/prostate-laser\/\" \/>\n<meta property=\"og:locale\" content=\"fr_FR\" \/>\n<meta property=\"og:type\" content=\"article\" \/>\n<meta property=\"og:title\" content=\"Prostate Laser - Urologia Girona\" \/>\n<meta property=\"og:description\" content=\"L&rsquo;introduction du laser dans le traitement de l&rsquo;HBP, cela peut \u00eatre fait avec diff\u00e9rents types d&rsquo;ondes lumineuses en fonction de l&rsquo;effet que vous souhaitez obtenir sur le tissu. (laser vert, laser Holmium, Thulium, Diode). Certains d&rsquo;entre eux permettent la photovaporisation de la prostate, comme le laser vert. Urologia Girona, nous pratiquons la nucl\u00e9ation de la [&hellip;]\" \/>\n<meta property=\"og:url\" content=\"https:\/\/urologiagirona.com\/fr\/prostate-laser\/\" \/>\n<meta property=\"og:site_name\" content=\"Urologia Girona\" \/>\n<meta property=\"og:image\" content=\"https:\/\/urologiagirona.com\/\/wp-content\/uploads\/2020\/11\/laser-de-prostata-1-1024x683.jpg\" \/>\n<script type=\"application\/ld+json\" class=\"yoast-schema-graph\">{\"@context\":\"https:\/\/schema.org\",\"@graph\":[{\"@type\":\"WebPage\",\"@id\":\"https:\/\/urologiagirona.com\/fr\/prostate-laser\/\",\"url\":\"https:\/\/urologiagirona.com\/fr\/prostate-laser\/\",\"name\":\"Prostate Laser - Urologia Girona\",\"isPartOf\":{\"@id\":\"https:\/\/urologiagirona.com\/#website\"},\"primaryImageOfPage\":{\"@id\":\"https:\/\/urologiagirona.com\/fr\/prostate-laser\/#primaryimage\"},\"image\":{\"@id\":\"https:\/\/urologiagirona.com\/fr\/prostate-laser\/#primaryimage\"},\"thumbnailUrl\":\"https:\/\/urologiagirona.com\/\/wp-content\/uploads\/2020\/11\/laser-de-prostata-1-1024x683.jpg\",\"datePublished\":\"2021-05-10T07:44:15+00:00\",\"breadcrumb\":{\"@id\":\"https:\/\/urologiagirona.com\/fr\/prostate-laser\/#breadcrumb\"},\"inLanguage\":\"fr-FR\",\"potentialAction\":[{\"@type\":\"ReadAction\",\"target\":[\"https:\/\/urologiagirona.com\/fr\/prostate-laser\/\"]}]},{\"@type\":\"ImageObject\",\"inLanguage\":\"fr-FR\",\"@id\":\"https:\/\/urologiagirona.com\/fr\/prostate-laser\/#primaryimage\",\"url\":\"https:\/\/urologiagirona.com\/\/wp-content\/uploads\/2020\/11\/laser-de-prostata-1-1024x683.jpg\",\"contentUrl\":\"https:\/\/urologiagirona.com\/\/wp-content\/uploads\/2020\/11\/laser-de-prostata-1-1024x683.jpg\"},{\"@type\":\"BreadcrumbList\",\"@id\":\"https:\/\/urologiagirona.com\/fr\/prostate-laser\/#breadcrumb\",\"itemListElement\":[{\"@type\":\"ListItem\",\"position\":1,\"name\":\"Inici\",\"item\":\"https:\/\/urologiagirona.com\/\"},{\"@type\":\"ListItem\",\"position\":2,\"name\":\"Prostate Laser\"}]},{\"@type\":\"WebSite\",\"@id\":\"https:\/\/urologiagirona.com\/#website\",\"url\":\"https:\/\/urologiagirona.com\/\",\"name\":\"Urologia Girona \/ Cl\u00ednica Urologia Girona\",\"description\":\"Som especialistes en cirurgia rob\u00f2tica i m\u00ednimament invasiva per el tractament de patologia prost\u00e0tica ( l\u00e0ser de pr\u00f2stata, Robot Da Vinci, ter\u00e0pia focal), patologia renal (c\u00e0ncer, litiasis, cirurgia rob\u00f2tica i laparosc\u00f2pia) i vesical (tumors de bufeta).\",\"publisher\":{\"@id\":\"https:\/\/urologiagirona.com\/#organization\"},\"alternateName\":\"Cl\u00ednica Urologia Girona\",\"potentialAction\":[{\"@type\":\"SearchAction\",\"target\":{\"@type\":\"EntryPoint\",\"urlTemplate\":\"https:\/\/urologiagirona.com\/?s={search_term_string}\"},\"query-input\":{\"@type\":\"PropertyValueSpecification\",\"valueRequired\":true,\"valueName\":\"search_term_string\"}}],\"inLanguage\":\"fr-FR\"},{\"@type\":\"Organization\",\"@id\":\"https:\/\/urologiagirona.com\/#organization\",\"name\":\"Urologia Girona \/ Cl\u00ednica Urologia Girona\",\"url\":\"https:\/\/urologiagirona.com\/\",\"logo\":{\"@type\":\"ImageObject\",\"inLanguage\":\"fr-FR\",\"@id\":\"https:\/\/urologiagirona.com\/#\/schema\/logo\/image\/\",\"url\":\"https:\/\/urologiagirona.com\/wp-content\/uploads\/2020\/11\/logo_urologia_girona.jpg\",\"contentUrl\":\"https:\/\/urologiagirona.com\/wp-content\/uploads\/2020\/11\/logo_urologia_girona.jpg\",\"width\":600,\"height\":341,\"caption\":\"Urologia Girona \/ Cl\u00ednica Urologia Girona\"},\"image\":{\"@id\":\"https:\/\/urologiagirona.com\/#\/schema\/logo\/image\/\"}}]}<\/script>\n<!-- \/ Yoast SEO plugin. -->","yoast_head_json":{"title":"Prostate Laser - Urologia Girona","robots":{"index":"index","follow":"follow","max-snippet":"max-snippet:-1","max-image-preview":"max-image-preview:large","max-video-preview":"max-video-preview:-1"},"canonical":"https:\/\/urologiagirona.com\/fr\/prostate-laser\/","og_locale":"fr_FR","og_type":"article","og_title":"Prostate Laser - Urologia Girona","og_description":"L&rsquo;introduction du laser dans le traitement de l&rsquo;HBP, cela peut \u00eatre fait avec diff\u00e9rents types d&rsquo;ondes lumineuses en fonction de l&rsquo;effet que vous souhaitez obtenir sur le tissu. (laser vert, laser Holmium, Thulium, Diode). Certains d&rsquo;entre eux permettent la photovaporisation de la prostate, comme le laser vert. Urologia Girona, nous pratiquons la nucl\u00e9ation de la [&hellip;]","og_url":"https:\/\/urologiagirona.com\/fr\/prostate-laser\/","og_site_name":"Urologia Girona","og_image":[{"url":"https:\/\/urologiagirona.com\/\/wp-content\/uploads\/2020\/11\/laser-de-prostata-1-1024x683.jpg","type":"","width":"","height":""}],"schema":{"@context":"https:\/\/schema.org","@graph":[{"@type":"WebPage","@id":"https:\/\/urologiagirona.com\/fr\/prostate-laser\/","url":"https:\/\/urologiagirona.com\/fr\/prostate-laser\/","name":"Prostate Laser - Urologia Girona","isPartOf":{"@id":"https:\/\/urologiagirona.com\/#website"},"primaryImageOfPage":{"@id":"https:\/\/urologiagirona.com\/fr\/prostate-laser\/#primaryimage"},"image":{"@id":"https:\/\/urologiagirona.com\/fr\/prostate-laser\/#primaryimage"},"thumbnailUrl":"https:\/\/urologiagirona.com\/\/wp-content\/uploads\/2020\/11\/laser-de-prostata-1-1024x683.jpg","datePublished":"2021-05-10T07:44:15+00:00","breadcrumb":{"@id":"https:\/\/urologiagirona.com\/fr\/prostate-laser\/#breadcrumb"},"inLanguage":"fr-FR","potentialAction":[{"@type":"ReadAction","target":["https:\/\/urologiagirona.com\/fr\/prostate-laser\/"]}]},{"@type":"ImageObject","inLanguage":"fr-FR","@id":"https:\/\/urologiagirona.com\/fr\/prostate-laser\/#primaryimage","url":"https:\/\/urologiagirona.com\/\/wp-content\/uploads\/2020\/11\/laser-de-prostata-1-1024x683.jpg","contentUrl":"https:\/\/urologiagirona.com\/\/wp-content\/uploads\/2020\/11\/laser-de-prostata-1-1024x683.jpg"},{"@type":"BreadcrumbList","@id":"https:\/\/urologiagirona.com\/fr\/prostate-laser\/#breadcrumb","itemListElement":[{"@type":"ListItem","position":1,"name":"Inici","item":"https:\/\/urologiagirona.com\/"},{"@type":"ListItem","position":2,"name":"Prostate Laser"}]},{"@type":"WebSite","@id":"https:\/\/urologiagirona.com\/#website","url":"https:\/\/urologiagirona.com\/","name":"Urologia Girona \/ Cl\u00ednica Urologia Girona","description":"Som especialistes en cirurgia rob\u00f2tica i m\u00ednimament invasiva per el tractament de patologia prost\u00e0tica ( l\u00e0ser de pr\u00f2stata, Robot Da Vinci, ter\u00e0pia focal), patologia renal (c\u00e0ncer, litiasis, cirurgia rob\u00f2tica i laparosc\u00f2pia) i vesical (tumors de bufeta).","publisher":{"@id":"https:\/\/urologiagirona.com\/#organization"},"alternateName":"Cl\u00ednica Urologia Girona","potentialAction":[{"@type":"SearchAction","target":{"@type":"EntryPoint","urlTemplate":"https:\/\/urologiagirona.com\/?s={search_term_string}"},"query-input":{"@type":"PropertyValueSpecification","valueRequired":true,"valueName":"search_term_string"}}],"inLanguage":"fr-FR"},{"@type":"Organization","@id":"https:\/\/urologiagirona.com\/#organization","name":"Urologia Girona \/ Cl\u00ednica Urologia Girona","url":"https:\/\/urologiagirona.com\/","logo":{"@type":"ImageObject","inLanguage":"fr-FR","@id":"https:\/\/urologiagirona.com\/#\/schema\/logo\/image\/","url":"https:\/\/urologiagirona.com\/wp-content\/uploads\/2020\/11\/logo_urologia_girona.jpg","contentUrl":"https:\/\/urologiagirona.com\/wp-content\/uploads\/2020\/11\/logo_urologia_girona.jpg","width":600,"height":341,"caption":"Urologia Girona \/ Cl\u00ednica Urologia Girona"},"image":{"@id":"https:\/\/urologiagirona.com\/#\/schema\/logo\/image\/"}}]}},"_links":{"self":[{"href":"https:\/\/urologiagirona.com\/fr\/wp-json\/wp\/v2\/pages\/852","targetHints":{"allow":["GET"]}}],"collection":[{"href":"https:\/\/urologiagirona.com\/fr\/wp-json\/wp\/v2\/pages"}],"about":[{"href":"https:\/\/urologiagirona.com\/fr\/wp-json\/wp\/v2\/types\/page"}],"author":[{"embeddable":true,"href":"https:\/\/urologiagirona.com\/fr\/wp-json\/wp\/v2\/users\/1"}],"replies":[{"embeddable":true,"href":"https:\/\/urologiagirona.com\/fr\/wp-json\/wp\/v2\/comments?post=852"}],"version-history":[{"count":1,"href":"https:\/\/urologiagirona.com\/fr\/wp-json\/wp\/v2\/pages\/852\/revisions"}],"predecessor-version":[{"id":854,"href":"https:\/\/urologiagirona.com\/fr\/wp-json\/wp\/v2\/pages\/852\/revisions\/854"}],"wp:attachment":[{"href":"https:\/\/urologiagirona.com\/fr\/wp-json\/wp\/v2\/media?parent=852"}],"curies":[{"name":"wp","href":"https:\/\/api.w.org\/{rel}","templated":true}]}}