{"id":849,"date":"2021-05-10T09:40:49","date_gmt":"2021-05-10T07:40:49","guid":{"rendered":"https:\/\/urologiagirona.com\/infections-urinaires\/"},"modified":"2021-05-10T09:41:56","modified_gmt":"2021-05-10T07:41:56","slug":"infections-urinaires","status":"publish","type":"page","link":"https:\/\/urologiagirona.com\/fr\/infections-urinaires\/","title":{"rendered":"Infections urinaires"},"content":{"rendered":"\n<h2 class=\"wp-block-heading\">Cystite aigu\u00eb<\/h2>\n\n\n\n<p><strong>Accent particulier sur la cystite r\u00e9p\u00e9t\u00e9e. <\/strong>Il a des crit\u00e8res de cystite de r\u00e9p\u00e9tition que le patient qui a pr\u00e9sent\u00e9 plus de 3 infections en un an, et n\u00e9cessite l\u2019\u00e9valuation d\u2019un urologue pour \u00e9carter un probl\u00e8me qui justifie sa r\u00e9p\u00e9tition, ainsi qu\u2019un traitement pour la phase aigu\u00eb et \u00e9valuer un traitement pr\u00e9ventif \u00e9ventuel. <\/p>\n\n\n\n<p><strong>Cette condition affecte souvent les femmes sexuellement actives \u00e2g\u00e9es de 20 \u00e0 50 ans<\/strong>, mais cela peut aussi arriver chez ceux qui ne sont pas sexuellement actifs et chez les filles. Les personnes \u00e2g\u00e9es courent \u00e9galement un risque \u00e9lev\u00e9 de d\u00e9velopper une cystite, avec une incidence beaucoup plus \u00e9lev\u00e9e que chez les personnes plus jeunes. La cystite est rare chez les hommes. <strong>Plus de 90% des cas de cystite sont caus\u00e9s par (E. coli), une bact\u00e9rie pr\u00e9sente dans l&rsquo;intestin et le c\u00f4lon.<\/strong><\/p>\n\n\n\n<p>Clinique: Pression au fond du bassin, douleur lors de l\u2019urine, besoin urgent d\u2019uriner, urine trouble, odeur d\u2019urine.<\/p>\n\n\n\n<h2 class=\"wp-block-heading\"> Prostatite aigu\u00eb<\/h2>\n\n\n\n<p><strong>La prostatite aigu\u00eb est un type d\u2019infection bact\u00e9rienne aigu\u00eb fr\u00e9quente<\/strong>, qui est facilement diagnostiqu\u00e9e et r\u00e9pond g\u00e9n\u00e9ralement bien au traitement antibiotique. Le tableau clinique est caract\u00e9ris\u00e9 par l&rsquo;apparition soudaine d&rsquo;une forte fi\u00e8vre, frissons ou tremblements, malaise g\u00e9n\u00e9ral, lumbergi et inconfort urinaire intense qui peut atteindre la r\u00e9tention aigu\u00eb d\u2019urine.<\/p>\n\n\n\n<p>L\u2019infection donne rapidement avec des antibiotiques qui devraient \u00eatre maintenus un temps relativement long entre six et huit semaines.\r\nl est important, une fois qu&rsquo;un \u00e9pisode aigu est survenu, d&rsquo;\u00e9carter toute cause qui pourrait en justifier la cause. Et \u00e9valuez les caract\u00e9ristiques de la prostate et le bon fonctionnement de la vessie de l\u2019urine.<\/p>\n","protected":false},"excerpt":{"rendered":"<p>Cystite aigu\u00eb Accent particulier sur la cystite r\u00e9p\u00e9t\u00e9e. Il a des crit\u00e8res de cystite de r\u00e9p\u00e9tition que le patient qui a pr\u00e9sent\u00e9 plus de 3 infections en un an, et n\u00e9cessite l\u2019\u00e9valuation d\u2019un urologue pour \u00e9carter un probl\u00e8me qui justifie sa r\u00e9p\u00e9tition, ainsi qu\u2019un traitement pour la phase aigu\u00eb et \u00e9valuer un traitement pr\u00e9ventif \u00e9ventuel. [&hellip;]<\/p>\n","protected":false},"author":1,"featured_media":0,"parent":0,"menu_order":0,"comment_status":"closed","ping_status":"closed","template":"","meta":{"_et_pb_use_builder":"off","_et_pb_old_content":"","_et_gb_content_width":"","footnotes":""},"class_list":["post-849","page","type-page","status-publish","hentry"],"yoast_head":"<!-- This site is optimized with the Yoast SEO plugin v25.8 - https:\/\/yoast.com\/wordpress\/plugins\/seo\/ -->\n<title>Infections urinaires - Urologia Girona<\/title>\n<meta name=\"robots\" content=\"index, follow, max-snippet:-1, max-image-preview:large, max-video-preview:-1\" \/>\n<link rel=\"canonical\" href=\"https:\/\/urologiagirona.com\/fr\/infections-urinaires\/\" \/>\n<meta property=\"og:locale\" content=\"fr_FR\" \/>\n<meta property=\"og:type\" content=\"article\" \/>\n<meta property=\"og:title\" content=\"Infections urinaires - Urologia Girona\" \/>\n<meta property=\"og:description\" content=\"Cystite aigu\u00eb Accent particulier sur la cystite r\u00e9p\u00e9t\u00e9e. Il a des crit\u00e8res de cystite de r\u00e9p\u00e9tition que le patient qui a pr\u00e9sent\u00e9 plus de 3 infections en un an, et n\u00e9cessite l\u2019\u00e9valuation d\u2019un urologue pour \u00e9carter un probl\u00e8me qui justifie sa r\u00e9p\u00e9tition, ainsi qu\u2019un traitement pour la phase aigu\u00eb et \u00e9valuer un traitement pr\u00e9ventif \u00e9ventuel. [&hellip;]\" \/>\n<meta property=\"og:url\" content=\"https:\/\/urologiagirona.com\/fr\/infections-urinaires\/\" \/>\n<meta property=\"og:site_name\" content=\"Urologia Girona\" \/>\n<meta property=\"article:modified_time\" content=\"2021-05-10T07:41:56+00:00\" \/>\n<meta property=\"og:image\" content=\"https:\/\/urologiagirona.com\/wp-content\/uploads\/2020\/11\/logo_urologia_girona.jpg\" \/>\n\t<meta property=\"og:image:width\" content=\"600\" \/>\n\t<meta property=\"og:image:height\" content=\"341\" \/>\n\t<meta property=\"og:image:type\" content=\"image\/jpeg\" \/>\n<script type=\"application\/ld+json\" class=\"yoast-schema-graph\">{\"@context\":\"https:\/\/schema.org\",\"@graph\":[{\"@type\":\"WebPage\",\"@id\":\"https:\/\/urologiagirona.com\/fr\/infections-urinaires\/\",\"url\":\"https:\/\/urologiagirona.com\/fr\/infections-urinaires\/\",\"name\":\"Infections urinaires - Urologia Girona\",\"isPartOf\":{\"@id\":\"https:\/\/urologiagirona.com\/#website\"},\"datePublished\":\"2021-05-10T07:40:49+00:00\",\"dateModified\":\"2021-05-10T07:41:56+00:00\",\"breadcrumb\":{\"@id\":\"https:\/\/urologiagirona.com\/fr\/infections-urinaires\/#breadcrumb\"},\"inLanguage\":\"fr-FR\",\"potentialAction\":[{\"@type\":\"ReadAction\",\"target\":[\"https:\/\/urologiagirona.com\/fr\/infections-urinaires\/\"]}]},{\"@type\":\"BreadcrumbList\",\"@id\":\"https:\/\/urologiagirona.com\/fr\/infections-urinaires\/#breadcrumb\",\"itemListElement\":[{\"@type\":\"ListItem\",\"position\":1,\"name\":\"Inici\",\"item\":\"https:\/\/urologiagirona.com\/\"},{\"@type\":\"ListItem\",\"position\":2,\"name\":\"Infections urinaires\"}]},{\"@type\":\"WebSite\",\"@id\":\"https:\/\/urologiagirona.com\/#website\",\"url\":\"https:\/\/urologiagirona.com\/\",\"name\":\"Urologia Girona \/ Cl\u00ednica Urologia Girona\",\"description\":\"Som especialistes en cirurgia rob\u00f2tica i m\u00ednimament invasiva per el tractament de patologia prost\u00e0tica ( l\u00e0ser de pr\u00f2stata, Robot Da Vinci, ter\u00e0pia focal), patologia renal (c\u00e0ncer, litiasis, cirurgia rob\u00f2tica i laparosc\u00f2pia) i vesical (tumors de bufeta).\",\"publisher\":{\"@id\":\"https:\/\/urologiagirona.com\/#organization\"},\"alternateName\":\"Cl\u00ednica Urologia Girona\",\"potentialAction\":[{\"@type\":\"SearchAction\",\"target\":{\"@type\":\"EntryPoint\",\"urlTemplate\":\"https:\/\/urologiagirona.com\/?s={search_term_string}\"},\"query-input\":{\"@type\":\"PropertyValueSpecification\",\"valueRequired\":true,\"valueName\":\"search_term_string\"}}],\"inLanguage\":\"fr-FR\"},{\"@type\":\"Organization\",\"@id\":\"https:\/\/urologiagirona.com\/#organization\",\"name\":\"Urologia Girona \/ Cl\u00ednica Urologia Girona\",\"url\":\"https:\/\/urologiagirona.com\/\",\"logo\":{\"@type\":\"ImageObject\",\"inLanguage\":\"fr-FR\",\"@id\":\"https:\/\/urologiagirona.com\/#\/schema\/logo\/image\/\",\"url\":\"https:\/\/urologiagirona.com\/wp-content\/uploads\/2020\/11\/logo_urologia_girona.jpg\",\"contentUrl\":\"https:\/\/urologiagirona.com\/wp-content\/uploads\/2020\/11\/logo_urologia_girona.jpg\",\"width\":600,\"height\":341,\"caption\":\"Urologia Girona \/ Cl\u00ednica Urologia Girona\"},\"image\":{\"@id\":\"https:\/\/urologiagirona.com\/#\/schema\/logo\/image\/\"}}]}<\/script>\n<!-- \/ Yoast SEO plugin. -->","yoast_head_json":{"title":"Infections urinaires - Urologia Girona","robots":{"index":"index","follow":"follow","max-snippet":"max-snippet:-1","max-image-preview":"max-image-preview:large","max-video-preview":"max-video-preview:-1"},"canonical":"https:\/\/urologiagirona.com\/fr\/infections-urinaires\/","og_locale":"fr_FR","og_type":"article","og_title":"Infections urinaires - Urologia Girona","og_description":"Cystite aigu\u00eb Accent particulier sur la cystite r\u00e9p\u00e9t\u00e9e. Il a des crit\u00e8res de cystite de r\u00e9p\u00e9tition que le patient qui a pr\u00e9sent\u00e9 plus de 3 infections en un an, et n\u00e9cessite l\u2019\u00e9valuation d\u2019un urologue pour \u00e9carter un probl\u00e8me qui justifie sa r\u00e9p\u00e9tition, ainsi qu\u2019un traitement pour la phase aigu\u00eb et \u00e9valuer un traitement pr\u00e9ventif \u00e9ventuel. [&hellip;]","og_url":"https:\/\/urologiagirona.com\/fr\/infections-urinaires\/","og_site_name":"Urologia Girona","article_modified_time":"2021-05-10T07:41:56+00:00","og_image":[{"width":600,"height":341,"url":"https:\/\/urologiagirona.com\/wp-content\/uploads\/2020\/11\/logo_urologia_girona.jpg","type":"image\/jpeg"}],"schema":{"@context":"https:\/\/schema.org","@graph":[{"@type":"WebPage","@id":"https:\/\/urologiagirona.com\/fr\/infections-urinaires\/","url":"https:\/\/urologiagirona.com\/fr\/infections-urinaires\/","name":"Infections urinaires - Urologia Girona","isPartOf":{"@id":"https:\/\/urologiagirona.com\/#website"},"datePublished":"2021-05-10T07:40:49+00:00","dateModified":"2021-05-10T07:41:56+00:00","breadcrumb":{"@id":"https:\/\/urologiagirona.com\/fr\/infections-urinaires\/#breadcrumb"},"inLanguage":"fr-FR","potentialAction":[{"@type":"ReadAction","target":["https:\/\/urologiagirona.com\/fr\/infections-urinaires\/"]}]},{"@type":"BreadcrumbList","@id":"https:\/\/urologiagirona.com\/fr\/infections-urinaires\/#breadcrumb","itemListElement":[{"@type":"ListItem","position":1,"name":"Inici","item":"https:\/\/urologiagirona.com\/"},{"@type":"ListItem","position":2,"name":"Infections urinaires"}]},{"@type":"WebSite","@id":"https:\/\/urologiagirona.com\/#website","url":"https:\/\/urologiagirona.com\/","name":"Urologia Girona \/ Cl\u00ednica Urologia Girona","description":"Som especialistes en cirurgia rob\u00f2tica i m\u00ednimament invasiva per el tractament de patologia prost\u00e0tica ( l\u00e0ser de pr\u00f2stata, Robot Da Vinci, ter\u00e0pia focal), patologia renal (c\u00e0ncer, litiasis, cirurgia rob\u00f2tica i laparosc\u00f2pia) i vesical (tumors de bufeta).","publisher":{"@id":"https:\/\/urologiagirona.com\/#organization"},"alternateName":"Cl\u00ednica Urologia Girona","potentialAction":[{"@type":"SearchAction","target":{"@type":"EntryPoint","urlTemplate":"https:\/\/urologiagirona.com\/?s={search_term_string}"},"query-input":{"@type":"PropertyValueSpecification","valueRequired":true,"valueName":"search_term_string"}}],"inLanguage":"fr-FR"},{"@type":"Organization","@id":"https:\/\/urologiagirona.com\/#organization","name":"Urologia Girona \/ Cl\u00ednica Urologia Girona","url":"https:\/\/urologiagirona.com\/","logo":{"@type":"ImageObject","inLanguage":"fr-FR","@id":"https:\/\/urologiagirona.com\/#\/schema\/logo\/image\/","url":"https:\/\/urologiagirona.com\/wp-content\/uploads\/2020\/11\/logo_urologia_girona.jpg","contentUrl":"https:\/\/urologiagirona.com\/wp-content\/uploads\/2020\/11\/logo_urologia_girona.jpg","width":600,"height":341,"caption":"Urologia Girona \/ Cl\u00ednica Urologia Girona"},"image":{"@id":"https:\/\/urologiagirona.com\/#\/schema\/logo\/image\/"}}]}},"_links":{"self":[{"href":"https:\/\/urologiagirona.com\/fr\/wp-json\/wp\/v2\/pages\/849","targetHints":{"allow":["GET"]}}],"collection":[{"href":"https:\/\/urologiagirona.com\/fr\/wp-json\/wp\/v2\/pages"}],"about":[{"href":"https:\/\/urologiagirona.com\/fr\/wp-json\/wp\/v2\/types\/page"}],"author":[{"embeddable":true,"href":"https:\/\/urologiagirona.com\/fr\/wp-json\/wp\/v2\/users\/1"}],"replies":[{"embeddable":true,"href":"https:\/\/urologiagirona.com\/fr\/wp-json\/wp\/v2\/comments?post=849"}],"version-history":[{"count":2,"href":"https:\/\/urologiagirona.com\/fr\/wp-json\/wp\/v2\/pages\/849\/revisions"}],"predecessor-version":[{"id":851,"href":"https:\/\/urologiagirona.com\/fr\/wp-json\/wp\/v2\/pages\/849\/revisions\/851"}],"wp:attachment":[{"href":"https:\/\/urologiagirona.com\/fr\/wp-json\/wp\/v2\/media?parent=849"}],"curies":[{"name":"wp","href":"https:\/\/api.w.org\/{rel}","templated":true}]}}