{"id":847,"date":"2021-05-10T09:38:09","date_gmt":"2021-05-10T07:38:09","guid":{"rendered":"https:\/\/urologiagirona.com\/revisions-urologiques-examens-urologiques-generaux-prostate-psa\/"},"modified":"2021-05-10T09:38:53","modified_gmt":"2021-05-10T07:38:53","slug":"revisions-urologiques-examens-urologiques-generaux-prostate-psa","status":"publish","type":"page","link":"https:\/\/urologiagirona.com\/fr\/revisions-urologiques-examens-urologiques-generaux-prostate-psa\/","title":{"rendered":"R\u00e9visions urologiques: examens urologiques g\u00e9n\u00e9raux, prostate, PSA."},"content":{"rendered":"\n<h2 class=\"wp-block-heading\"><strong>Hyperplasie b\u00e9nigne de la prostate<\/strong><\/h2>\n\n\n\n<p>Hyperplasie b\u00e9nigne de la prostate (HBP) <strong>il consiste en une croissance excessive de la taille de la glande prostate. <\/strong>Il est tr\u00e8s fr\u00e9quent chez les hommes de plus de 60 ans. Il peut produire comme symptomatologie: difficult\u00e9 \u00e0 uriner, sensation de vidange incompl\u00e8te, miction faible, ruissellement post-urinaire, augmentation de la fr\u00e9quence des mictionsbesoin de se lever la nuit pour uriner, urgence \u00e0 uriner. Cela peut entra\u00eener des complications, surtout s&rsquo;il n&rsquo;est pas trait\u00e9; <strong>risque accru d&rsquo;infections des voies urinaires<\/strong>, calculs v\u00e9sicaux, r\u00e9tention urinaire <strong>(incapacit\u00e9 \u00e0 uriner, n\u00e9cessitant un sondage imm\u00e9diat. Insuffisance r\u00e9nale obstructive).<\/strong><\/p>\n\n\n\n<p>Pour le diagnostic il faut: Une bonne anamn\u00e8se, faire le toucher rectal (palpation de la prostate \u00e0 travers le rectum), \u00c9valuation de l&rsquo;antig\u00e8ne prostatique sp\u00e9cifique (PSA), \u00e9chographie r\u00e9no-v\u00e9sico-prostatique et \u00e9tude d\u00e9bitm\u00e9trique.<\/p>\n\n\n\n<p><strong>Une fois le diagnostic \u00e9tabli<\/strong> et en fonction des besoins du patient, diff\u00e9rents types de traitements peuvent \u00eatre utilis\u00e9s:<\/p>\n\n\n\n<p><strong>Pharmacologique<\/strong><\/p>\n\n\n\n<ul class=\"wp-block-list\"><li>Alphab\u00e8tres<\/li><li>Inhibiteurs de la 5a-r\u00e9ductase<\/li><li>Phytoth\u00e9rapie<\/li><\/ul>\n\n\n\n<p><strong>Chirurgie<\/strong><\/p>\n\n\n\n<p>Indiqu\u00e9 lorsque le traitement pharmacologique n&rsquo;est pas suffisant, les sympt\u00f4mes affectent consid\u00e9rablement la qualit\u00e9 de vie du patient, ou lorsque les complications disparaissent difficilement avec un traitement non chirurgical. <strong>R\u00e9section transur\u00e9trale de la prostate (RTU)<\/strong>: ablation d&rsquo;une partie de la prostate par l&rsquo;ur\u00e8tre.<\/p>\n\n\n\n<ul class=\"wp-block-list\"><li><strong>Ad\u00e9nomectomie r\u00e9tropubienne<\/strong>: avec une incision dans le bas de l&rsquo;abdomen.<\/li><li><strong>\u00c9nucl\u00e9ation prostatique au laser<\/strong>. La m\u00eame proc\u00e9dure est r\u00e9alis\u00e9e comme une ad\u00e9nomectomie r\u00e9tropubienne en plein air mais sans avoir besoin d&rsquo;une incision dans la peau, car l&rsquo;utilisation du laser nous permet d&rsquo;effectuer l&rsquo;op\u00e9ration \u00e0 travers l&rsquo;ur\u00e8tre.<\/li><\/ul>\n\n\n\n<p>Il vous permet de traiter les prostates \u00e0 volume \u00e9lev\u00e9. Obtenez des r\u00e9sultats similaires mais avec moins de perte de sang, diminution du besoin de transfusions et postop\u00e9ratoire plus rapide.<\/p>\n\n\n\n<ul class=\"wp-block-list\"><li><strong>Vaporisation prostatique laser: <\/strong>Elle est r\u00e9alis\u00e9e via le transur\u00e9tral et permet au tissu prostatique de se vaporiser, est l&rsquo;\u00e9quivalent de la RTU de la prostate, mais lorsqu&rsquo;elle est r\u00e9alis\u00e9e avec un laser, diminue le risque de perte de sang, diminue le besoin de transfusions et la p\u00e9riode postop\u00e9ratoire est plus rapide.<\/li><\/ul>\n\n\n\n<p><em>(Afin d&rsquo;optimiser le diagnostic et le suivi, nous disposons d&rsquo;une unit\u00e9 d\u00e9di\u00e9e uniquement \u00e0 la r\u00e9alisation du contr\u00f4le de la prostate en r\u00e9alisant tous les tests pertinents ainsi qu&rsquo;une Flowmetry et une enqu\u00eate IPSS (International Prostate Symptom Score).<\/em><\/p>\n","protected":false},"excerpt":{"rendered":"<p>Hyperplasie b\u00e9nigne de la prostate Hyperplasie b\u00e9nigne de la prostate (HBP) il consiste en une croissance excessive de la taille de la glande prostate. Il est tr\u00e8s fr\u00e9quent chez les hommes de plus de 60 ans. Il peut produire comme symptomatologie: difficult\u00e9 \u00e0 uriner, sensation de vidange incompl\u00e8te, miction faible, ruissellement post-urinaire, augmentation de la [&hellip;]<\/p>\n","protected":false},"author":1,"featured_media":0,"parent":0,"menu_order":0,"comment_status":"closed","ping_status":"closed","template":"","meta":{"_et_pb_use_builder":"off","_et_pb_old_content":"","_et_gb_content_width":"","footnotes":""},"class_list":["post-847","page","type-page","status-publish","hentry"],"yoast_head":"<!-- This site is optimized with the Yoast SEO plugin v25.8 - https:\/\/yoast.com\/wordpress\/plugins\/seo\/ -->\n<title>R\u00e9visions urologiques: examens urologiques g\u00e9n\u00e9raux, prostate, PSA. - Urologia Girona<\/title>\n<meta name=\"robots\" content=\"index, follow, max-snippet:-1, max-image-preview:large, max-video-preview:-1\" \/>\n<link rel=\"canonical\" href=\"https:\/\/urologiagirona.com\/fr\/revisions-urologiques-examens-urologiques-generaux-prostate-psa\/\" \/>\n<meta property=\"og:locale\" content=\"fr_FR\" \/>\n<meta property=\"og:type\" content=\"article\" \/>\n<meta property=\"og:title\" content=\"R\u00e9visions urologiques: examens urologiques g\u00e9n\u00e9raux, prostate, PSA. - Urologia Girona\" \/>\n<meta property=\"og:description\" content=\"Hyperplasie b\u00e9nigne de la prostate Hyperplasie b\u00e9nigne de la prostate (HBP) il consiste en une croissance excessive de la taille de la glande prostate. Il est tr\u00e8s fr\u00e9quent chez les hommes de plus de 60 ans. Il peut produire comme symptomatologie: difficult\u00e9 \u00e0 uriner, sensation de vidange incompl\u00e8te, miction faible, ruissellement post-urinaire, augmentation de la [&hellip;]\" \/>\n<meta property=\"og:url\" content=\"https:\/\/urologiagirona.com\/fr\/revisions-urologiques-examens-urologiques-generaux-prostate-psa\/\" \/>\n<meta property=\"og:site_name\" content=\"Urologia Girona\" \/>\n<meta property=\"article:modified_time\" content=\"2021-05-10T07:38:53+00:00\" \/>\n<meta property=\"og:image\" content=\"https:\/\/urologiagirona.com\/wp-content\/uploads\/2020\/11\/logo_urologia_girona.jpg\" \/>\n\t<meta property=\"og:image:width\" content=\"600\" \/>\n\t<meta property=\"og:image:height\" content=\"341\" \/>\n\t<meta property=\"og:image:type\" content=\"image\/jpeg\" \/>\n<script type=\"application\/ld+json\" class=\"yoast-schema-graph\">{\"@context\":\"https:\/\/schema.org\",\"@graph\":[{\"@type\":\"WebPage\",\"@id\":\"https:\/\/urologiagirona.com\/fr\/revisions-urologiques-examens-urologiques-generaux-prostate-psa\/\",\"url\":\"https:\/\/urologiagirona.com\/fr\/revisions-urologiques-examens-urologiques-generaux-prostate-psa\/\",\"name\":\"R\u00e9visions urologiques: examens urologiques g\u00e9n\u00e9raux, prostate, PSA. - Urologia Girona\",\"isPartOf\":{\"@id\":\"https:\/\/urologiagirona.com\/#website\"},\"datePublished\":\"2021-05-10T07:38:09+00:00\",\"dateModified\":\"2021-05-10T07:38:53+00:00\",\"breadcrumb\":{\"@id\":\"https:\/\/urologiagirona.com\/fr\/revisions-urologiques-examens-urologiques-generaux-prostate-psa\/#breadcrumb\"},\"inLanguage\":\"fr-FR\",\"potentialAction\":[{\"@type\":\"ReadAction\",\"target\":[\"https:\/\/urologiagirona.com\/fr\/revisions-urologiques-examens-urologiques-generaux-prostate-psa\/\"]}]},{\"@type\":\"BreadcrumbList\",\"@id\":\"https:\/\/urologiagirona.com\/fr\/revisions-urologiques-examens-urologiques-generaux-prostate-psa\/#breadcrumb\",\"itemListElement\":[{\"@type\":\"ListItem\",\"position\":1,\"name\":\"Inici\",\"item\":\"https:\/\/urologiagirona.com\/\"},{\"@type\":\"ListItem\",\"position\":2,\"name\":\"R\u00e9visions urologiques: examens urologiques g\u00e9n\u00e9raux, prostate, PSA.\"}]},{\"@type\":\"WebSite\",\"@id\":\"https:\/\/urologiagirona.com\/#website\",\"url\":\"https:\/\/urologiagirona.com\/\",\"name\":\"Urologia Girona \/ Cl\u00ednica Urologia Girona\",\"description\":\"Som especialistes en cirurgia rob\u00f2tica i m\u00ednimament invasiva per el tractament de patologia prost\u00e0tica ( l\u00e0ser de pr\u00f2stata, Robot Da Vinci, ter\u00e0pia focal), patologia renal (c\u00e0ncer, litiasis, cirurgia rob\u00f2tica i laparosc\u00f2pia) i vesical (tumors de bufeta).\",\"publisher\":{\"@id\":\"https:\/\/urologiagirona.com\/#organization\"},\"alternateName\":\"Cl\u00ednica Urologia Girona\",\"potentialAction\":[{\"@type\":\"SearchAction\",\"target\":{\"@type\":\"EntryPoint\",\"urlTemplate\":\"https:\/\/urologiagirona.com\/?s={search_term_string}\"},\"query-input\":{\"@type\":\"PropertyValueSpecification\",\"valueRequired\":true,\"valueName\":\"search_term_string\"}}],\"inLanguage\":\"fr-FR\"},{\"@type\":\"Organization\",\"@id\":\"https:\/\/urologiagirona.com\/#organization\",\"name\":\"Urologia Girona \/ Cl\u00ednica Urologia Girona\",\"url\":\"https:\/\/urologiagirona.com\/\",\"logo\":{\"@type\":\"ImageObject\",\"inLanguage\":\"fr-FR\",\"@id\":\"https:\/\/urologiagirona.com\/#\/schema\/logo\/image\/\",\"url\":\"https:\/\/urologiagirona.com\/wp-content\/uploads\/2020\/11\/logo_urologia_girona.jpg\",\"contentUrl\":\"https:\/\/urologiagirona.com\/wp-content\/uploads\/2020\/11\/logo_urologia_girona.jpg\",\"width\":600,\"height\":341,\"caption\":\"Urologia Girona \/ Cl\u00ednica Urologia Girona\"},\"image\":{\"@id\":\"https:\/\/urologiagirona.com\/#\/schema\/logo\/image\/\"}}]}<\/script>\n<!-- \/ Yoast SEO plugin. -->","yoast_head_json":{"title":"R\u00e9visions urologiques: examens urologiques g\u00e9n\u00e9raux, prostate, PSA. - Urologia Girona","robots":{"index":"index","follow":"follow","max-snippet":"max-snippet:-1","max-image-preview":"max-image-preview:large","max-video-preview":"max-video-preview:-1"},"canonical":"https:\/\/urologiagirona.com\/fr\/revisions-urologiques-examens-urologiques-generaux-prostate-psa\/","og_locale":"fr_FR","og_type":"article","og_title":"R\u00e9visions urologiques: examens urologiques g\u00e9n\u00e9raux, prostate, PSA. - Urologia Girona","og_description":"Hyperplasie b\u00e9nigne de la prostate Hyperplasie b\u00e9nigne de la prostate (HBP) il consiste en une croissance excessive de la taille de la glande prostate. Il est tr\u00e8s fr\u00e9quent chez les hommes de plus de 60 ans. Il peut produire comme symptomatologie: difficult\u00e9 \u00e0 uriner, sensation de vidange incompl\u00e8te, miction faible, ruissellement post-urinaire, augmentation de la [&hellip;]","og_url":"https:\/\/urologiagirona.com\/fr\/revisions-urologiques-examens-urologiques-generaux-prostate-psa\/","og_site_name":"Urologia Girona","article_modified_time":"2021-05-10T07:38:53+00:00","og_image":[{"width":600,"height":341,"url":"https:\/\/urologiagirona.com\/wp-content\/uploads\/2020\/11\/logo_urologia_girona.jpg","type":"image\/jpeg"}],"schema":{"@context":"https:\/\/schema.org","@graph":[{"@type":"WebPage","@id":"https:\/\/urologiagirona.com\/fr\/revisions-urologiques-examens-urologiques-generaux-prostate-psa\/","url":"https:\/\/urologiagirona.com\/fr\/revisions-urologiques-examens-urologiques-generaux-prostate-psa\/","name":"R\u00e9visions urologiques: examens urologiques g\u00e9n\u00e9raux, prostate, PSA. - Urologia Girona","isPartOf":{"@id":"https:\/\/urologiagirona.com\/#website"},"datePublished":"2021-05-10T07:38:09+00:00","dateModified":"2021-05-10T07:38:53+00:00","breadcrumb":{"@id":"https:\/\/urologiagirona.com\/fr\/revisions-urologiques-examens-urologiques-generaux-prostate-psa\/#breadcrumb"},"inLanguage":"fr-FR","potentialAction":[{"@type":"ReadAction","target":["https:\/\/urologiagirona.com\/fr\/revisions-urologiques-examens-urologiques-generaux-prostate-psa\/"]}]},{"@type":"BreadcrumbList","@id":"https:\/\/urologiagirona.com\/fr\/revisions-urologiques-examens-urologiques-generaux-prostate-psa\/#breadcrumb","itemListElement":[{"@type":"ListItem","position":1,"name":"Inici","item":"https:\/\/urologiagirona.com\/"},{"@type":"ListItem","position":2,"name":"R\u00e9visions urologiques: examens urologiques g\u00e9n\u00e9raux, prostate, PSA."}]},{"@type":"WebSite","@id":"https:\/\/urologiagirona.com\/#website","url":"https:\/\/urologiagirona.com\/","name":"Urologia Girona \/ Cl\u00ednica Urologia Girona","description":"Som especialistes en cirurgia rob\u00f2tica i m\u00ednimament invasiva per el tractament de patologia prost\u00e0tica ( l\u00e0ser de pr\u00f2stata, Robot Da Vinci, ter\u00e0pia focal), patologia renal (c\u00e0ncer, litiasis, cirurgia rob\u00f2tica i laparosc\u00f2pia) i vesical (tumors de bufeta).","publisher":{"@id":"https:\/\/urologiagirona.com\/#organization"},"alternateName":"Cl\u00ednica Urologia Girona","potentialAction":[{"@type":"SearchAction","target":{"@type":"EntryPoint","urlTemplate":"https:\/\/urologiagirona.com\/?s={search_term_string}"},"query-input":{"@type":"PropertyValueSpecification","valueRequired":true,"valueName":"search_term_string"}}],"inLanguage":"fr-FR"},{"@type":"Organization","@id":"https:\/\/urologiagirona.com\/#organization","name":"Urologia Girona \/ Cl\u00ednica Urologia Girona","url":"https:\/\/urologiagirona.com\/","logo":{"@type":"ImageObject","inLanguage":"fr-FR","@id":"https:\/\/urologiagirona.com\/#\/schema\/logo\/image\/","url":"https:\/\/urologiagirona.com\/wp-content\/uploads\/2020\/11\/logo_urologia_girona.jpg","contentUrl":"https:\/\/urologiagirona.com\/wp-content\/uploads\/2020\/11\/logo_urologia_girona.jpg","width":600,"height":341,"caption":"Urologia Girona \/ Cl\u00ednica Urologia Girona"},"image":{"@id":"https:\/\/urologiagirona.com\/#\/schema\/logo\/image\/"}}]}},"_links":{"self":[{"href":"https:\/\/urologiagirona.com\/fr\/wp-json\/wp\/v2\/pages\/847","targetHints":{"allow":["GET"]}}],"collection":[{"href":"https:\/\/urologiagirona.com\/fr\/wp-json\/wp\/v2\/pages"}],"about":[{"href":"https:\/\/urologiagirona.com\/fr\/wp-json\/wp\/v2\/types\/page"}],"author":[{"embeddable":true,"href":"https:\/\/urologiagirona.com\/fr\/wp-json\/wp\/v2\/users\/1"}],"replies":[{"embeddable":true,"href":"https:\/\/urologiagirona.com\/fr\/wp-json\/wp\/v2\/comments?post=847"}],"version-history":[{"count":1,"href":"https:\/\/urologiagirona.com\/fr\/wp-json\/wp\/v2\/pages\/847\/revisions"}],"predecessor-version":[{"id":848,"href":"https:\/\/urologiagirona.com\/fr\/wp-json\/wp\/v2\/pages\/847\/revisions\/848"}],"wp:attachment":[{"href":"https:\/\/urologiagirona.com\/fr\/wp-json\/wp\/v2\/media?parent=847"}],"curies":[{"name":"wp","href":"https:\/\/api.w.org\/{rel}","templated":true}]}}