{"id":842,"date":"2021-05-10T09:36:16","date_gmt":"2021-05-10T07:36:16","guid":{"rendered":"https:\/\/urologiagirona.com\/chirurgie-reconstructive-et-chirurgie-uretrale\/"},"modified":"2021-05-10T09:37:28","modified_gmt":"2021-05-10T07:37:28","slug":"chirurgie-reconstructive-et-chirurgie-uretrale","status":"publish","type":"page","link":"https:\/\/urologiagirona.com\/fr\/chirurgie-reconstructive-et-chirurgie-uretrale\/","title":{"rendered":"Chirurgie reconstructive et chirurgie ur\u00e9trale"},"content":{"rendered":"\n<h2 class=\"wp-block-heading\"><strong>Chirurgie reconstructrice<\/strong><\/h2>\n\n\n\n<p>C&rsquo;est la partie de l&rsquo;urologie d\u00e9di\u00e9e \u00e0 la r\u00e9alisation d&rsquo;interventions pour pr\u00e9server ou r\u00e9cup\u00e9rer <strong>le bon fonctionnalisme du syst\u00e8me excr\u00e9teur et reproducteur masculin<\/strong><\/p>\n\n\n\n<h2 class=\"wp-block-heading\"><strong>Chirurgie ur\u00e9trale<\/strong><\/h2>\n\n\n\n<p>C&rsquo;est la partie de l&rsquo;urologie d\u00e9di\u00e9e \u00e0 la correction de toutes les alt\u00e9rations de l&rsquo;ur\u00e8tre<strong>. Le conduit qui est charg\u00e9 de transporter l&rsquo;urine et le sperme vers l&rsquo;ext\u00e9rieur des organes o\u00f9 ils sont fabriqu\u00e9s.<\/strong><\/p>\n\n\n\n<p>La principale pathologie ur\u00e9trale<strong> est la st\u00e9nose ur\u00e9trale, qui est l&rsquo;amincissement de la lumi\u00e8re ur\u00e9trale qui peut survenir en raison de plusieurs causes.<\/strong><\/p>\n\n\n\n<p><strong>Le traitement est \u00e9minemment chirurgical<\/strong>, pouvant \u00eatre r\u00e9alis\u00e9 en fonction de l&#8217;emplacement et de la longueur: une ur\u00e9trotomie interne endoscopique, c&rsquo;est-\u00e0-dire une coupure \u00e0 froid de l&rsquo;ur\u00e8tre au niveau o\u00f9 le r\u00e9tr\u00e9cissement se fait \u00e0 travers le conduit ur\u00e9tral lui-m\u00eame. Ses performances sont parfois assez \u00e9lev\u00e9es, bien que la st\u00e9nose ait tendance \u00e0 se reproduire, n\u00e9cessitant alors des techniques de chirurgie ouverte plus complexes. Ceux-ci n\u00e9cessitent parfois des greffes (tissus d&rsquo;autres parties du corps) afin de performer. Il a r\u00e9cemment \u00e9t\u00e9 d\u00e9montr\u00e9 que l&rsquo;une des meilleures greffes est la muqueuse buccale.&nbsp;L&rsquo;\u00e9quipe d&rsquo;urologie de G\u00e9rone a \u00e9t\u00e9 sp\u00e9cifiquement form\u00e9e \u00e0 ce type de chirurgie, <strong>et a r\u00e9alis\u00e9 avec succ\u00e8s de nombreuses interventions complexes <\/strong>en utilisant des greffes de muqueuse buccale. Il est important dans ce type d&rsquo;intervention, un diagnostic soign\u00e9, choisir la technique \u00e0 la fois la plus simple et la plus d\u00e9cisive, <strong>avoir une vaste exp\u00e9rience pr\u00e9alable et les outils appropri\u00e9s.<\/strong><\/p>\n\n\n\n<figure class=\"wp-block-image size-large\"><img fetchpriority=\"high\" fetchpriority=\"high\" decoding=\"async\" width=\"1024\" height=\"683\" src=\"https:\/\/urologiagirona.com\/\/wp-content\/uploads\/2020\/11\/biopsai-de-prostata-1024x683.jpg\" alt=\"\" class=\"wp-image-551\" srcset=\"https:\/\/urologiagirona.com\/wp-content\/uploads\/2020\/11\/biopsai-de-prostata-1024x683.jpg 1024w, https:\/\/urologiagirona.com\/wp-content\/uploads\/2020\/11\/biopsai-de-prostata-300x200.jpg 300w, https:\/\/urologiagirona.com\/wp-content\/uploads\/2020\/11\/biopsai-de-prostata-768x512.jpg 768w, https:\/\/urologiagirona.com\/wp-content\/uploads\/2020\/11\/biopsai-de-prostata-1536x1024.jpg 1536w, https:\/\/urologiagirona.com\/wp-content\/uploads\/2020\/11\/biopsai-de-prostata-2048x1365.jpg 2048w, https:\/\/urologiagirona.com\/wp-content\/uploads\/2020\/11\/biopsai-de-prostata-1080x720.jpg 1080w\" sizes=\"(max-width: 1024px) 100vw, 1024px\" \/><figcaption>Dr Comet i Dr Boix<\/figcaption><\/figure>\n\n\n\n<p>&nbsp;<\/p>\n","protected":false},"excerpt":{"rendered":"<p>Chirurgie reconstructrice C&rsquo;est la partie de l&rsquo;urologie d\u00e9di\u00e9e \u00e0 la r\u00e9alisation d&rsquo;interventions pour pr\u00e9server ou r\u00e9cup\u00e9rer le bon fonctionnalisme du syst\u00e8me excr\u00e9teur et reproducteur masculin Chirurgie ur\u00e9trale C&rsquo;est la partie de l&rsquo;urologie d\u00e9di\u00e9e \u00e0 la correction de toutes les alt\u00e9rations de l&rsquo;ur\u00e8tre. Le conduit qui est charg\u00e9 de transporter l&rsquo;urine et le sperme vers l&rsquo;ext\u00e9rieur [&hellip;]<\/p>\n","protected":false},"author":1,"featured_media":0,"parent":0,"menu_order":0,"comment_status":"closed","ping_status":"closed","template":"","meta":{"_et_pb_use_builder":"off","_et_pb_old_content":"","_et_gb_content_width":"","footnotes":""},"class_list":["post-842","page","type-page","status-publish","hentry"],"yoast_head":"<!-- This site is optimized with the Yoast SEO plugin v25.8 - https:\/\/yoast.com\/wordpress\/plugins\/seo\/ -->\n<title>Chirurgie reconstructive et chirurgie ur\u00e9trale - Urologia Girona<\/title>\n<meta name=\"robots\" content=\"index, follow, max-snippet:-1, max-image-preview:large, max-video-preview:-1\" \/>\n<link rel=\"canonical\" href=\"https:\/\/urologiagirona.com\/fr\/chirurgie-reconstructive-et-chirurgie-uretrale\/\" \/>\n<meta property=\"og:locale\" content=\"fr_FR\" \/>\n<meta property=\"og:type\" content=\"article\" \/>\n<meta property=\"og:title\" content=\"Chirurgie reconstructive et chirurgie ur\u00e9trale - Urologia Girona\" \/>\n<meta property=\"og:description\" content=\"Chirurgie reconstructrice C&rsquo;est la partie de l&rsquo;urologie d\u00e9di\u00e9e \u00e0 la r\u00e9alisation d&rsquo;interventions pour pr\u00e9server ou r\u00e9cup\u00e9rer le bon fonctionnalisme du syst\u00e8me excr\u00e9teur et reproducteur masculin Chirurgie ur\u00e9trale C&rsquo;est la partie de l&rsquo;urologie d\u00e9di\u00e9e \u00e0 la correction de toutes les alt\u00e9rations de l&rsquo;ur\u00e8tre. Le conduit qui est charg\u00e9 de transporter l&rsquo;urine et le sperme vers l&rsquo;ext\u00e9rieur [&hellip;]\" \/>\n<meta property=\"og:url\" content=\"https:\/\/urologiagirona.com\/fr\/chirurgie-reconstructive-et-chirurgie-uretrale\/\" \/>\n<meta property=\"og:site_name\" content=\"Urologia Girona\" \/>\n<meta property=\"article:modified_time\" content=\"2021-05-10T07:37:28+00:00\" \/>\n<meta property=\"og:image\" content=\"https:\/\/urologiagirona.com\/\/wp-content\/uploads\/2020\/11\/biopsai-de-prostata-1024x683.jpg\" \/>\n<script type=\"application\/ld+json\" class=\"yoast-schema-graph\">{\"@context\":\"https:\/\/schema.org\",\"@graph\":[{\"@type\":\"WebPage\",\"@id\":\"https:\/\/urologiagirona.com\/fr\/chirurgie-reconstructive-et-chirurgie-uretrale\/\",\"url\":\"https:\/\/urologiagirona.com\/fr\/chirurgie-reconstructive-et-chirurgie-uretrale\/\",\"name\":\"Chirurgie reconstructive et chirurgie ur\u00e9trale - Urologia Girona\",\"isPartOf\":{\"@id\":\"https:\/\/urologiagirona.com\/#website\"},\"primaryImageOfPage\":{\"@id\":\"https:\/\/urologiagirona.com\/fr\/chirurgie-reconstructive-et-chirurgie-uretrale\/#primaryimage\"},\"image\":{\"@id\":\"https:\/\/urologiagirona.com\/fr\/chirurgie-reconstructive-et-chirurgie-uretrale\/#primaryimage\"},\"thumbnailUrl\":\"https:\/\/urologiagirona.com\/\/wp-content\/uploads\/2020\/11\/biopsai-de-prostata-1024x683.jpg\",\"datePublished\":\"2021-05-10T07:36:16+00:00\",\"dateModified\":\"2021-05-10T07:37:28+00:00\",\"breadcrumb\":{\"@id\":\"https:\/\/urologiagirona.com\/fr\/chirurgie-reconstructive-et-chirurgie-uretrale\/#breadcrumb\"},\"inLanguage\":\"fr-FR\",\"potentialAction\":[{\"@type\":\"ReadAction\",\"target\":[\"https:\/\/urologiagirona.com\/fr\/chirurgie-reconstructive-et-chirurgie-uretrale\/\"]}]},{\"@type\":\"ImageObject\",\"inLanguage\":\"fr-FR\",\"@id\":\"https:\/\/urologiagirona.com\/fr\/chirurgie-reconstructive-et-chirurgie-uretrale\/#primaryimage\",\"url\":\"https:\/\/urologiagirona.com\/\/wp-content\/uploads\/2020\/11\/biopsai-de-prostata-1024x683.jpg\",\"contentUrl\":\"https:\/\/urologiagirona.com\/\/wp-content\/uploads\/2020\/11\/biopsai-de-prostata-1024x683.jpg\"},{\"@type\":\"BreadcrumbList\",\"@id\":\"https:\/\/urologiagirona.com\/fr\/chirurgie-reconstructive-et-chirurgie-uretrale\/#breadcrumb\",\"itemListElement\":[{\"@type\":\"ListItem\",\"position\":1,\"name\":\"Inici\",\"item\":\"https:\/\/urologiagirona.com\/\"},{\"@type\":\"ListItem\",\"position\":2,\"name\":\"Chirurgie reconstructive et chirurgie ur\u00e9trale\"}]},{\"@type\":\"WebSite\",\"@id\":\"https:\/\/urologiagirona.com\/#website\",\"url\":\"https:\/\/urologiagirona.com\/\",\"name\":\"Urologia Girona \/ Cl\u00ednica Urologia Girona\",\"description\":\"Som especialistes en cirurgia rob\u00f2tica i m\u00ednimament invasiva per el tractament de patologia prost\u00e0tica ( l\u00e0ser de pr\u00f2stata, Robot Da Vinci, ter\u00e0pia focal), patologia renal (c\u00e0ncer, litiasis, cirurgia rob\u00f2tica i laparosc\u00f2pia) i vesical (tumors de bufeta).\",\"publisher\":{\"@id\":\"https:\/\/urologiagirona.com\/#organization\"},\"alternateName\":\"Cl\u00ednica Urologia Girona\",\"potentialAction\":[{\"@type\":\"SearchAction\",\"target\":{\"@type\":\"EntryPoint\",\"urlTemplate\":\"https:\/\/urologiagirona.com\/?s={search_term_string}\"},\"query-input\":{\"@type\":\"PropertyValueSpecification\",\"valueRequired\":true,\"valueName\":\"search_term_string\"}}],\"inLanguage\":\"fr-FR\"},{\"@type\":\"Organization\",\"@id\":\"https:\/\/urologiagirona.com\/#organization\",\"name\":\"Urologia Girona \/ Cl\u00ednica Urologia Girona\",\"url\":\"https:\/\/urologiagirona.com\/\",\"logo\":{\"@type\":\"ImageObject\",\"inLanguage\":\"fr-FR\",\"@id\":\"https:\/\/urologiagirona.com\/#\/schema\/logo\/image\/\",\"url\":\"https:\/\/urologiagirona.com\/wp-content\/uploads\/2020\/11\/logo_urologia_girona.jpg\",\"contentUrl\":\"https:\/\/urologiagirona.com\/wp-content\/uploads\/2020\/11\/logo_urologia_girona.jpg\",\"width\":600,\"height\":341,\"caption\":\"Urologia Girona \/ Cl\u00ednica Urologia Girona\"},\"image\":{\"@id\":\"https:\/\/urologiagirona.com\/#\/schema\/logo\/image\/\"}}]}<\/script>\n<!-- \/ Yoast SEO plugin. -->","yoast_head_json":{"title":"Chirurgie reconstructive et chirurgie ur\u00e9trale - Urologia Girona","robots":{"index":"index","follow":"follow","max-snippet":"max-snippet:-1","max-image-preview":"max-image-preview:large","max-video-preview":"max-video-preview:-1"},"canonical":"https:\/\/urologiagirona.com\/fr\/chirurgie-reconstructive-et-chirurgie-uretrale\/","og_locale":"fr_FR","og_type":"article","og_title":"Chirurgie reconstructive et chirurgie ur\u00e9trale - Urologia Girona","og_description":"Chirurgie reconstructrice C&rsquo;est la partie de l&rsquo;urologie d\u00e9di\u00e9e \u00e0 la r\u00e9alisation d&rsquo;interventions pour pr\u00e9server ou r\u00e9cup\u00e9rer le bon fonctionnalisme du syst\u00e8me excr\u00e9teur et reproducteur masculin Chirurgie ur\u00e9trale C&rsquo;est la partie de l&rsquo;urologie d\u00e9di\u00e9e \u00e0 la correction de toutes les alt\u00e9rations de l&rsquo;ur\u00e8tre. Le conduit qui est charg\u00e9 de transporter l&rsquo;urine et le sperme vers l&rsquo;ext\u00e9rieur [&hellip;]","og_url":"https:\/\/urologiagirona.com\/fr\/chirurgie-reconstructive-et-chirurgie-uretrale\/","og_site_name":"Urologia Girona","article_modified_time":"2021-05-10T07:37:28+00:00","og_image":[{"url":"https:\/\/urologiagirona.com\/\/wp-content\/uploads\/2020\/11\/biopsai-de-prostata-1024x683.jpg","type":"","width":"","height":""}],"schema":{"@context":"https:\/\/schema.org","@graph":[{"@type":"WebPage","@id":"https:\/\/urologiagirona.com\/fr\/chirurgie-reconstructive-et-chirurgie-uretrale\/","url":"https:\/\/urologiagirona.com\/fr\/chirurgie-reconstructive-et-chirurgie-uretrale\/","name":"Chirurgie reconstructive et chirurgie ur\u00e9trale - Urologia Girona","isPartOf":{"@id":"https:\/\/urologiagirona.com\/#website"},"primaryImageOfPage":{"@id":"https:\/\/urologiagirona.com\/fr\/chirurgie-reconstructive-et-chirurgie-uretrale\/#primaryimage"},"image":{"@id":"https:\/\/urologiagirona.com\/fr\/chirurgie-reconstructive-et-chirurgie-uretrale\/#primaryimage"},"thumbnailUrl":"https:\/\/urologiagirona.com\/\/wp-content\/uploads\/2020\/11\/biopsai-de-prostata-1024x683.jpg","datePublished":"2021-05-10T07:36:16+00:00","dateModified":"2021-05-10T07:37:28+00:00","breadcrumb":{"@id":"https:\/\/urologiagirona.com\/fr\/chirurgie-reconstructive-et-chirurgie-uretrale\/#breadcrumb"},"inLanguage":"fr-FR","potentialAction":[{"@type":"ReadAction","target":["https:\/\/urologiagirona.com\/fr\/chirurgie-reconstructive-et-chirurgie-uretrale\/"]}]},{"@type":"ImageObject","inLanguage":"fr-FR","@id":"https:\/\/urologiagirona.com\/fr\/chirurgie-reconstructive-et-chirurgie-uretrale\/#primaryimage","url":"https:\/\/urologiagirona.com\/\/wp-content\/uploads\/2020\/11\/biopsai-de-prostata-1024x683.jpg","contentUrl":"https:\/\/urologiagirona.com\/\/wp-content\/uploads\/2020\/11\/biopsai-de-prostata-1024x683.jpg"},{"@type":"BreadcrumbList","@id":"https:\/\/urologiagirona.com\/fr\/chirurgie-reconstructive-et-chirurgie-uretrale\/#breadcrumb","itemListElement":[{"@type":"ListItem","position":1,"name":"Inici","item":"https:\/\/urologiagirona.com\/"},{"@type":"ListItem","position":2,"name":"Chirurgie reconstructive et chirurgie ur\u00e9trale"}]},{"@type":"WebSite","@id":"https:\/\/urologiagirona.com\/#website","url":"https:\/\/urologiagirona.com\/","name":"Urologia Girona \/ Cl\u00ednica Urologia Girona","description":"Som especialistes en cirurgia rob\u00f2tica i m\u00ednimament invasiva per el tractament de patologia prost\u00e0tica ( l\u00e0ser de pr\u00f2stata, Robot Da Vinci, ter\u00e0pia focal), patologia renal (c\u00e0ncer, litiasis, cirurgia rob\u00f2tica i laparosc\u00f2pia) i vesical (tumors de bufeta).","publisher":{"@id":"https:\/\/urologiagirona.com\/#organization"},"alternateName":"Cl\u00ednica Urologia Girona","potentialAction":[{"@type":"SearchAction","target":{"@type":"EntryPoint","urlTemplate":"https:\/\/urologiagirona.com\/?s={search_term_string}"},"query-input":{"@type":"PropertyValueSpecification","valueRequired":true,"valueName":"search_term_string"}}],"inLanguage":"fr-FR"},{"@type":"Organization","@id":"https:\/\/urologiagirona.com\/#organization","name":"Urologia Girona \/ Cl\u00ednica Urologia Girona","url":"https:\/\/urologiagirona.com\/","logo":{"@type":"ImageObject","inLanguage":"fr-FR","@id":"https:\/\/urologiagirona.com\/#\/schema\/logo\/image\/","url":"https:\/\/urologiagirona.com\/wp-content\/uploads\/2020\/11\/logo_urologia_girona.jpg","contentUrl":"https:\/\/urologiagirona.com\/wp-content\/uploads\/2020\/11\/logo_urologia_girona.jpg","width":600,"height":341,"caption":"Urologia Girona \/ Cl\u00ednica Urologia Girona"},"image":{"@id":"https:\/\/urologiagirona.com\/#\/schema\/logo\/image\/"}}]}},"_links":{"self":[{"href":"https:\/\/urologiagirona.com\/fr\/wp-json\/wp\/v2\/pages\/842","targetHints":{"allow":["GET"]}}],"collection":[{"href":"https:\/\/urologiagirona.com\/fr\/wp-json\/wp\/v2\/pages"}],"about":[{"href":"https:\/\/urologiagirona.com\/fr\/wp-json\/wp\/v2\/types\/page"}],"author":[{"embeddable":true,"href":"https:\/\/urologiagirona.com\/fr\/wp-json\/wp\/v2\/users\/1"}],"replies":[{"embeddable":true,"href":"https:\/\/urologiagirona.com\/fr\/wp-json\/wp\/v2\/comments?post=842"}],"version-history":[{"count":2,"href":"https:\/\/urologiagirona.com\/fr\/wp-json\/wp\/v2\/pages\/842\/revisions"}],"predecessor-version":[{"id":846,"href":"https:\/\/urologiagirona.com\/fr\/wp-json\/wp\/v2\/pages\/842\/revisions\/846"}],"wp:attachment":[{"href":"https:\/\/urologiagirona.com\/fr\/wp-json\/wp\/v2\/media?parent=842"}],"curies":[{"name":"wp","href":"https:\/\/api.w.org\/{rel}","templated":true}]}}