{"id":835,"date":"2021-05-07T13:09:13","date_gmt":"2021-05-07T11:09:13","guid":{"rendered":"https:\/\/urologiagirona.com\/home\/"},"modified":"2023-08-28T11:51:27","modified_gmt":"2023-08-28T09:51:27","slug":"home","status":"publish","type":"page","link":"https:\/\/urologiagirona.com\/fr\/home\/","title":{"rendered":"Home"},"content":{"rendered":"<p>[et_pb_section fb_built=\u00a0\u00bb1&Prime; _builder_version=\u00a0\u00bb4.6.6&Prime; _module_preset=\u00a0\u00bbdefault\u00a0\u00bb background_color=\u00a0\u00bb#EBFAFE\u00a0\u00bb custom_padding=\u00a0\u00bb0px||||false|false\u00a0\u00bb][et_pb_row _builder_version=\u00a0\u00bb4.9.0&Prime; _module_preset=\u00a0\u00bbdefault\u00a0\u00bb custom_padding=\u00a0\u00bb0px||0px|||\u00a0\u00bb hover_enabled=\u00a0\u00bb0&Prime; sticky_enabled=\u00a0\u00bb0&Prime; width_last_edited=\u00a0\u00bbon|phone\u00a0\u00bb width_phone=\u00a0\u00bb100%\u00a0\u00bb max_width_last_edited=\u00a0\u00bbon|phone\u00a0\u00bb max_width_phone=\u00a0\u00bb\u00a0\u00bb min_height_last_edited=\u00a0\u00bbon|phone\u00a0\u00bb min_height_phone=\u00a0\u00bb744px\u00a0\u00bb height=\u00a0\u00bb740px\u00a0\u00bb][et_pb_column type=\u00a0\u00bb4_4&Prime; _builder_version=\u00a0\u00bb4.6.6&Prime; _module_preset=\u00a0\u00bbdefault\u00a0\u00bb][et_pb_slider use_bg_overlay=\u00a0\u00bboff\u00a0\u00bb _builder_version=\u00a0\u00bb4.9.0&Prime; _module_preset=\u00a0\u00bbdefault\u00a0\u00bb hover_enabled=\u00a0\u00bb0&Prime; sticky_enabled=\u00a0\u00bb0&Prime;][et_pb_slide heading=\u00a0\u00bbUrologia Girona\u00a0\u00bb button_text=\u00a0\u00bbNos services\u00a0\u00bb button_link=\u00a0\u00bbhttps:\/\/urologiagirona.com\/fr\/oncologie-urologique\/\u00a0\u00bb use_bg_overlay=\u00a0\u00bboff\u00a0\u00bb use_text_overlay=\u00a0\u00bbon\u00a0\u00bb text_overlay_color=\u00a0\u00bbrgba(12,153,214,0.13)\u00a0\u00bb text_border_radius=\u00a0\u00bb0px\u00a0\u00bb _builder_version=\u00a0\u00bb4.9.0&Prime; _module_preset=\u00a0\u00bbdefault\u00a0\u00bb header_level=\u00a0\u00bbh2&Prime; header_font=\u00a0\u00bbAlata||||||||\u00a0\u00bb header_font_size=\u00a0\u00bb63px\u00a0\u00bb body_font=\u00a0\u00bbAlata||||||||\u00a0\u00bb body_font_size=\u00a0\u00bb29px\u00a0\u00bb background_image=\u00a0\u00bbhttps:\/\/urologiagirona.com\/\/wp-content\/uploads\/2020\/11\/slider_1.jpg\u00a0\u00bb background_enable_image=\u00a0\u00bbon\u00a0\u00bb custom_button=\u00a0\u00bbon\u00a0\u00bb button_bg_color=\u00a0\u00bb#1d89d6&Prime; button_border_width=\u00a0\u00bb0px\u00a0\u00bb button_border_radius=\u00a0\u00bb20px\u00a0\u00bb button_letter_spacing=\u00a0\u00bb0px\u00a0\u00bb button_alignment=\u00a0\u00bbright\u00a0\u00bb text_orientation=\u00a0\u00bbright\u00a0\u00bb width=\u00a0\u00bb100%\u00a0\u00bb custom_padding=\u00a0\u00bb|||0px|false|false\u00a0\u00bb header_text_shadow_style=\u00a0\u00bbpreset2&Prime; header_text_shadow_horizontal_length=\u00a0\u00bb0.07em\u00a0\u00bb header_text_shadow_vertical_length=\u00a0\u00bb0.03em\u00a0\u00bb body_text_shadow_style=\u00a0\u00bbpreset1&Prime; text_shadow_style=\u00a0\u00bbpreset1&Prime; sticky_transition=\u00a0\u00bbon\u00a0\u00bb]<\/p>\n<p>Votre sant\u00e9 entre nos mains<\/p>\n<p>[\/et_pb_slide][et_pb_slide heading=\u00a0\u00bbQui sommes nous\u00a0\u00bb button_text=\u00a0\u00bbConsultez notre \u00e9quipe\u00a0\u00bb button_link=\u00a0\u00bbhttps:\/\/urologiagirona.com\/fr\/qui-sommes-nous\/\u00a0\u00bb use_bg_overlay=\u00a0\u00bboff\u00a0\u00bb use_text_overlay=\u00a0\u00bbon\u00a0\u00bb text_overlay_color=\u00a0\u00bbrgba(12,153,214,0.13)\u00a0\u00bb text_border_radius=\u00a0\u00bb0px\u00a0\u00bb _builder_version=\u00a0\u00bb4.9.0&Prime; _module_preset=\u00a0\u00bbdefault\u00a0\u00bb header_level=\u00a0\u00bbh2&Prime; header_font=\u00a0\u00bbAlata||||||||\u00a0\u00bb header_font_size=\u00a0\u00bb63px\u00a0\u00bb body_font=\u00a0\u00bbAlata||||||||\u00a0\u00bb body_font_size=\u00a0\u00bb29px\u00a0\u00bb background_image=\u00a0\u00bbhttps:\/\/urologiagirona.com\/\/wp-content\/uploads\/2020\/11\/equip.jpg\u00a0\u00bb background_enable_image=\u00a0\u00bbon\u00a0\u00bb custom_button=\u00a0\u00bbon\u00a0\u00bb button_text_color=\u00a0\u00bb#ffffff\u00a0\u00bb button_bg_color=\u00a0\u00bb#0c71c3&Prime; button_border_width=\u00a0\u00bb0px\u00a0\u00bb button_border_radius=\u00a0\u00bb19px\u00a0\u00bb button_letter_spacing=\u00a0\u00bb0px\u00a0\u00bb button_font=\u00a0\u00bbABeeZee||||||||\u00a0\u00bb button_use_icon=\u00a0\u00bbon\u00a0\u00bb button_icon=\u00a0\u00bb%%28%%\u00a0\u00bb text_orientation=\u00a0\u00bbright\u00a0\u00bb width=\u00a0\u00bb100%\u00a0\u00bb custom_padding=\u00a0\u00bb|||0px|false|false\u00a0\u00bb header_text_shadow_style=\u00a0\u00bbpreset2&Prime; header_text_shadow_horizontal_length=\u00a0\u00bb0.07em\u00a0\u00bb header_text_shadow_vertical_length=\u00a0\u00bb0.03em\u00a0\u00bb body_text_shadow_style=\u00a0\u00bbpreset1&Prime; text_shadow_style=\u00a0\u00bbpreset1&Prime; sticky_transition=\u00a0\u00bbon\u00a0\u00bb]<\/p>\n<p>Doctor Boix, Doctor Comet i Doctor Domingo<\/p>\n<p>[\/et_pb_slide][et_pb_slide heading=\u00a0\u00bbLa meilleure \u00e9quipe\u00a0\u00bb button_text=\u00a0\u00bbLa Robotique Da Vinci\u00a0\u00bb button_link=\u00a0\u00bbhttps:\/\/urologiagirona.com\/fr\/la-robotique-da-vinci\/\u00a0\u00bb use_bg_overlay=\u00a0\u00bboff\u00a0\u00bb use_text_overlay=\u00a0\u00bbon\u00a0\u00bb text_overlay_color=\u00a0\u00bbrgba(12,153,214,0.13)\u00a0\u00bb text_border_radius=\u00a0\u00bb0px\u00a0\u00bb _builder_version=\u00a0\u00bb4.9.0&Prime; _module_preset=\u00a0\u00bbdefault\u00a0\u00bb header_level=\u00a0\u00bbh2&Prime; header_font=\u00a0\u00bbAlata||||||||\u00a0\u00bb header_font_size=\u00a0\u00bb63px\u00a0\u00bb body_font=\u00a0\u00bbAlata||||||||\u00a0\u00bb body_font_size=\u00a0\u00bb19px\u00a0\u00bb background_image=\u00a0\u00bbhttps:\/\/urologiagirona.com\/\/wp-content\/uploads\/2020\/11\/elmillormaterial.jpg\u00a0\u00bb background_enable_image=\u00a0\u00bbon\u00a0\u00bb custom_button=\u00a0\u00bbon\u00a0\u00bb button_bg_color=\u00a0\u00bb#0c71c3&Prime; button_border_width=\u00a0\u00bb0px\u00a0\u00bb button_border_radius=\u00a0\u00bb18px\u00a0\u00bb text_orientation=\u00a0\u00bbright\u00a0\u00bb width=\u00a0\u00bb100%\u00a0\u00bb max_width=\u00a0\u00bb82%\u00a0\u00bb custom_padding=\u00a0\u00bb|||0px|false|false\u00a0\u00bb header_text_shadow_style=\u00a0\u00bbpreset2&Prime; header_text_shadow_horizontal_length=\u00a0\u00bb0.07em\u00a0\u00bb header_text_shadow_vertical_length=\u00a0\u00bb0.03em\u00a0\u00bb body_text_shadow_style=\u00a0\u00bbpreset1&Prime; text_shadow_style=\u00a0\u00bbpreset1&Prime; sticky_transition=\u00a0\u00bbon\u00a0\u00bb]<\/p>\n<p><span>Nous utilisons des \u00e9quipements de pointe pour offrir les meilleures et les derni\u00e8res solutions dans le domaine urologique: chirurgie mini-invasive, chirurgie laparoscopique, chirurgie endoscopique au laser.<\/span><\/p>\n<p>[\/et_pb_slide][\/et_pb_slider][\/et_pb_column][\/et_pb_row][et_pb_row column_structure=\u00a0\u00bb1_3,1_3,1_3&Prime; _builder_version=\u00a0\u00bb4.6.6&Prime; _module_preset=\u00a0\u00bbdefault\u00a0\u00bb width=\u00a0\u00bb100%\u00a0\u00bb max_width=\u00a0\u00bb1079px\u00a0\u00bb custom_margin=\u00a0\u00bb-27px||||false|false\u00a0\u00bb custom_padding=\u00a0\u00bb||||false|false\u00a0\u00bb][et_pb_column type=\u00a0\u00bb1_3&Prime; _builder_version=\u00a0\u00bb4.6.6&Prime; _module_preset=\u00a0\u00bbdefault\u00a0\u00bb][et_pb_text _builder_version=\u00a0\u00bb4.9.0&Prime; _module_preset=\u00a0\u00bbdefault\u00a0\u00bb text_font=\u00a0\u00bbCabin||||||||\u00a0\u00bb text_text_color=\u00a0\u00bb#ffffff\u00a0\u00bb text_font_size=\u00a0\u00bb15px\u00a0\u00bb text_line_height=\u00a0\u00bb1.5em\u00a0\u00bb link_font=\u00a0\u00bbCabin||||||||\u00a0\u00bb link_text_color=\u00a0\u00bb#0c71c3&Prime; link_font_size=\u00a0\u00bb17px\u00a0\u00bb header_text_color=\u00a0\u00bb#ffffff\u00a0\u00bb header_font_size=\u00a0\u00bb24px\u00a0\u00bb background_color=\u00a0\u00bb#3BB8E1&Prime; use_background_color_gradient=\u00a0\u00bbon\u00a0\u00bb background_image=\u00a0\u00bbhttps:\/\/urologiagirona.com\/\/wp-content\/uploads\/2020\/11\/BACKGROUND.jpg\u00a0\u00bb width=\u00a0\u00bb370px\u00a0\u00bb height=\u00a0\u00bb300px\u00a0\u00bb custom_padding=\u00a0\u00bb125px|20px||20px|false|false\u00a0\u00bb hover_enabled=\u00a0\u00bb0&Prime; custom_padding_last_edited=\u00a0\u00bbon|phone\u00a0\u00bb custom_padding_phone=\u00a0\u00bb125px|20px||24px|false|false\u00a0\u00bb custom_margin=\u00a0\u00bb|||11px|false|false\u00a0\u00bb sticky_enabled=\u00a0\u00bb0&Prime;]<\/p>\n<h3><strong><span style=\"color: #ffffff;\">Nous sommes des sp\u00e9cialistes<\/span><\/strong><\/h3>\n<p>Nous sommes sp\u00e9cialis\u00e9s dans la chirurgie robotique et mini-invasive pour le traitement de la pathologie de la prostate\u00a0 ( <a href=\"https:\/\/urologiagirona.com\/fr\/prostate-laser\/\">Laser prostatique<\/a>, <a href=\"https:\/\/urologiagirona.com\/fr\/la-robotique-da-vinci\/\">robot Da Vinci<\/a>, <a href=\"https:\/\/urologiagirona.com\/fr\/biopsie-par-fusion-et-therapie-focale\/\">th\u00e9rapie focale<\/a>), pathologie r\u00e9nale (<a href=\"https:\/\/urologiagirona.com\/fr\/oncologie-urologique\/\">cancer<\/a>, <a href=\"https:\/\/urologiagirona.com\/fr\/lithiase\/\">lithiase<\/a>, <a href=\"https:\/\/urologiagirona.com\/fr\/la-robotique-da-vinci\/\">chirurgie robotique<\/a> et <a href=\"https:\/\/urologiagirona.com\/fr\/chirurgie-laparoscopie-3d\/\">laparoscopie<\/a>) et vessie (tumeurs de la vessie).<\/p>\n<p>[\/et_pb_text][\/et_pb_column][et_pb_column type=\u00a0\u00bb1_3&Prime; _builder_version=\u00a0\u00bb4.6.6&Prime; _module_preset=\u00a0\u00bbdefault\u00a0\u00bb][et_pb_text _builder_version=\u00a0\u00bb4.9.0&Prime; _module_preset=\u00a0\u00bbdefault\u00a0\u00bb text_font=\u00a0\u00bbCabin||||||||\u00a0\u00bb text_text_color=\u00a0\u00bb#ffffff\u00a0\u00bb text_line_height=\u00a0\u00bb1.5em\u00a0\u00bb link_font=\u00a0\u00bbCabin||||||||\u00a0\u00bb link_text_color=\u00a0\u00bb#00106b\u00a0\u00bb link_font_size=\u00a0\u00bb17px\u00a0\u00bb header_text_color=\u00a0\u00bb#ffffff\u00a0\u00bb header_font_size=\u00a0\u00bb24px\u00a0\u00bb background_color=\u00a0\u00bb#3BB8E1&Prime; use_background_color_gradient=\u00a0\u00bbon\u00a0\u00bb background_image=\u00a0\u00bbhttps:\/\/urologiagirona.com\/\/wp-content\/uploads\/2020\/11\/contrast-1.jpg\u00a0\u00bb width=\u00a0\u00bb370px\u00a0\u00bb height=\u00a0\u00bb300px\u00a0\u00bb custom_margin=\u00a0\u00bb|||-20px|false|false\u00a0\u00bb custom_padding=\u00a0\u00bb70px|20px||120px|false|false\u00a0\u00bb hover_enabled=\u00a0\u00bb0&Prime; text_text_shadow_style=\u00a0\u00bbpreset1&Prime; custom_margin_last_edited=\u00a0\u00bbon|phone\u00a0\u00bb custom_margin_phone=\u00a0\u00bb|||11px|false|false\u00a0\u00bb sticky_enabled=\u00a0\u00bb0&Prime;]<\/p>\n<h3><strong><span style=\"color: #ffffff;\">La meilleure technologie<\/span><\/strong><\/h3>\n<p><span>Nous utilisons des \u00e9quipements de pointe pour offrir les meilleures et les derni\u00e8res solutions dans le domaine de l&rsquo;urologie, de la <a href=\"https:\/\/urologiagirona.com\/fr\/chirurgie-laparoscopie-3d\/\">chirurgie mini-invasive<\/a>, <a href=\"https:\/\/urologiagirona.com\/fr\/chirurgie-laparoscopie-3d\/\">chirurgie laparoscopique 3D<\/a>, de la chirurgie endoscopique au laser et <a href=\"https:\/\/urologiagirona.com\/fr\/la-robotique-da-vinci\/\">de la chirurgie robotique (Da Vinci).<\/a><\/span><\/p>\n<p>[\/et_pb_text][\/et_pb_column][et_pb_column type=\u00a0\u00bb1_3&Prime; _builder_version=\u00a0\u00bb4.6.6&Prime; _module_preset=\u00a0\u00bbdefault\u00a0\u00bb][et_pb_text _builder_version=\u00a0\u00bb4.9.0&Prime; _module_preset=\u00a0\u00bbdefault\u00a0\u00bb text_font=\u00a0\u00bbCabin||||||||\u00a0\u00bb text_text_color=\u00a0\u00bb#ffffff\u00a0\u00bb text_font_size=\u00a0\u00bb15px\u00a0\u00bb text_line_height=\u00a0\u00bb1.5em\u00a0\u00bb link_font=\u00a0\u00bbCabin||||||||\u00a0\u00bb header_text_color=\u00a0\u00bb#ffffff\u00a0\u00bb header_font_size=\u00a0\u00bb24px\u00a0\u00bb background_color=\u00a0\u00bb#3BB8E1&Prime; use_background_color_gradient=\u00a0\u00bbon\u00a0\u00bb background_image=\u00a0\u00bbhttps:\/\/urologiagirona.com\/\/wp-content\/uploads\/2020\/11\/material2.jpg\u00a0\u00bb width=\u00a0\u00bb350px\u00a0\u00bb height=\u00a0\u00bb300px\u00a0\u00bb custom_margin=\u00a0\u00bb|||-30px|false|false\u00a0\u00bb custom_padding=\u00a0\u00bb70px|120px||20px|false|false\u00a0\u00bb hover_enabled=\u00a0\u00bb0&Prime; custom_margin_last_edited=\u00a0\u00bbon|phone\u00a0\u00bb custom_margin_phone=\u00a0\u00bb|||22px|false|false\u00a0\u00bb sticky_enabled=\u00a0\u00bb0&Prime;]<\/p>\n<h3><strong><span style=\"color: #ffffff;\">Nous nous concentrons sur<\/span><\/strong><\/h3>\n<p>En dehors de l&rsquo;urologie oncologique, nous nous concentrons \u00e9galement sur le <a href=\"https:\/\/urologiagirona.com\/fr\/chirurgie-reconstructive-et-chirurgie-uretrale\/\">traitement de la chirurgie reconstructive ur\u00e9trale<\/a> (st\u00e9nose ur\u00e9trale) <a href=\"https:\/\/urologiagirona.com\/fr\/incontinence-urinaire\/\">Chirurgie et andrologie de l&rsquo;incontinence urinaire.<\/a><\/p>\n<p>[\/et_pb_text][\/et_pb_column][\/et_pb_row][et_pb_row column_structure=\u00a0\u00bb1_2,1_2&Prime; _builder_version=\u00a0\u00bb4.9.0&Prime; _module_preset=\u00a0\u00bbdefault\u00a0\u00bb hover_enabled=\u00a0\u00bb0&Prime; disabled_on=\u00a0\u00bbon|off|off\u00a0\u00bb sticky_enabled=\u00a0\u00bb0&Prime;][et_pb_column type=\u00a0\u00bb1_2&Prime; _builder_version=\u00a0\u00bb4.6.6&Prime; _module_preset=\u00a0\u00bbdefault\u00a0\u00bb][et_pb_text _builder_version=\u00a0\u00bb4.9.0&Prime; _module_preset=\u00a0\u00bbdefault\u00a0\u00bb text_text_color=\u00a0\u00bb#3AB8E0&Prime; text_font_size=\u00a0\u00bb12px\u00a0\u00bb text_line_height=\u00a0\u00bb1.6em\u00a0\u00bb background_image=\u00a0\u00bbhttps:\/\/urologiagirona.com\/\/wp-content\/uploads\/2020\/11\/back2.png\u00a0\u00bb background_size=\u00a0\u00bbinitial\u00a0\u00bb background_position=\u00a0\u00bbtop_left\u00a0\u00bb width=\u00a0\u00bb505px\u00a0\u00bb height=\u00a0\u00bb202px\u00a0\u00bb custom_padding=\u00a0\u00bb25px|0px||220px|false|false\u00a0\u00bb saved_tabs=\u00a0\u00bball\u00a0\u00bb]<\/p>\n<h3><strong><span color=\"#00ccff\" style=\"color: #00ccff;\">O\u00f9 sommes-nous<\/span><\/strong><\/h3>\n<p><span style=\"font-weight: 400;\"><strong>Nous exer\u00e7ons notre activit\u00e9 chirurgicale principalement dans le Causse Cl\u00ednic (anciennement Onyar) \u00e0 G\u00e9rone.<\/strong> Nous sommes aussi p\u00e9sents dans d&rsquo;autres centres tels que: l&rsquo;Institut Catal\u00e0 de Serveis M\u00e8dics, \u00e0 G\u00e9rone, et le Centre Noum\u00e8dic \u00e0 Figueres.<\/span><\/p>\n<p>[\/et_pb_text][\/et_pb_column][et_pb_column type=\u00a0\u00bb1_2&Prime; _builder_version=\u00a0\u00bb4.6.6&Prime; _module_preset=\u00a0\u00bbdefault\u00a0\u00bb][et_pb_text _builder_version=\u00a0\u00bb4.9.0&Prime; _module_preset=\u00a0\u00bbdefault\u00a0\u00bb text_text_color=\u00a0\u00bb#3AB8E0&Prime; text_font_size=\u00a0\u00bb12px\u00a0\u00bb text_line_height=\u00a0\u00bb1.6em\u00a0\u00bb background_image=\u00a0\u00bbhttps:\/\/urologiagirona.com\/\/wp-content\/uploads\/2020\/11\/BACK1.png\u00a0\u00bb background_size=\u00a0\u00bbinitial\u00a0\u00bb background_position=\u00a0\u00bbtop_left\u00a0\u00bb width=\u00a0\u00bb505px\u00a0\u00bb height=\u00a0\u00bb202px\u00a0\u00bb custom_padding=\u00a0\u00bb25px|0px||220px|false|false\u00a0\u00bb]<\/p>\n<h3><strong><span color=\"#00ccff\" style=\"color: #00ccff;\">Contacter<\/span><\/strong><\/h3>\n<p><span style=\"font-weight: 400;\"><a href=\"https:\/\/urologiagirona.com\/fr\/contacter\/\"><strong>Contactez-nous pour une premi\u00e8re visite et \u00e9valuez votre cas.<\/strong> <\/a>Ou vous pouvez le faire via le formulaire de contact et par t\u00e9l\u00e9phone: +34 972 204 900, ou par e-mail <\/span><a href=\"mailto:info@urologiagirona.com\"><span style=\"font-weight: 400;\">info@urologiagirona.com<\/span><\/a><\/p>\n<p>[\/et_pb_text][\/et_pb_column][\/et_pb_row][\/et_pb_section]<\/p>\n","protected":false},"excerpt":{"rendered":"<p>Votre sant\u00e9 entre nos mainsDoctor Boix, Doctor Comet i Doctor DomingoNous utilisons des \u00e9quipements de pointe pour offrir les meilleures et les derni\u00e8res solutions dans le domaine urologique: chirurgie mini-invasive, chirurgie laparoscopique, chirurgie endoscopique au laser.Nous sommes des sp\u00e9cialistes Nous sommes sp\u00e9cialis\u00e9s dans la chirurgie robotique et mini-invasive pour le traitement de la pathologie de [&hellip;]<\/p>\n","protected":false},"author":1,"featured_media":0,"parent":0,"menu_order":0,"comment_status":"closed","ping_status":"closed","template":"","meta":{"_et_pb_use_builder":"on","_et_pb_old_content":"","_et_gb_content_width":"","footnotes":""},"class_list":["post-835","page","type-page","status-publish","hentry"],"yoast_head":"<!-- This site is optimized with the Yoast SEO plugin v25.8 - https:\/\/yoast.com\/wordpress\/plugins\/seo\/ -->\n<title>Home - Urologia Girona<\/title>\n<meta name=\"robots\" content=\"index, follow, max-snippet:-1, max-image-preview:large, max-video-preview:-1\" \/>\n<link rel=\"canonical\" href=\"https:\/\/urologiagirona.com\/fr\/\" \/>\n<meta property=\"og:locale\" content=\"fr_FR\" \/>\n<meta property=\"og:type\" content=\"article\" \/>\n<meta property=\"og:title\" content=\"Home - Urologia Girona\" \/>\n<meta property=\"og:description\" content=\"Votre sant\u00e9 entre nos mainsDoctor Boix, Doctor Comet i Doctor DomingoNous utilisons des \u00e9quipements de pointe pour offrir les meilleures et les derni\u00e8res solutions dans le domaine urologique: chirurgie mini-invasive, chirurgie laparoscopique, chirurgie endoscopique au laser.Nous sommes des sp\u00e9cialistes Nous sommes sp\u00e9cialis\u00e9s dans la chirurgie robotique et mini-invasive pour le traitement de la pathologie de [&hellip;]\" \/>\n<meta property=\"og:url\" content=\"https:\/\/urologiagirona.com\/en\/\" \/>\n<meta property=\"og:site_name\" content=\"Urologia Girona\" \/>\n<meta property=\"article:modified_time\" content=\"2023-08-28T09:51:27+00:00\" \/>\n<meta property=\"og:image\" content=\"https:\/\/urologiagirona.com\/wp-content\/uploads\/2020\/11\/logo_urologia_girona.jpg\" \/>\n\t<meta property=\"og:image:width\" content=\"600\" \/>\n\t<meta property=\"og:image:height\" content=\"341\" \/>\n\t<meta property=\"og:image:type\" content=\"image\/jpeg\" \/>\n<script type=\"application\/ld+json\" class=\"yoast-schema-graph\">{\"@context\":\"https:\/\/schema.org\",\"@graph\":[{\"@type\":\"WebPage\",\"@id\":\"https:\/\/urologiagirona.com\/en\/\",\"url\":\"https:\/\/urologiagirona.com\/en\/\",\"name\":\"Home - Urologia Girona\",\"isPartOf\":{\"@id\":\"https:\/\/urologiagirona.com\/#website\"},\"datePublished\":\"2021-05-07T11:09:13+00:00\",\"dateModified\":\"2023-08-28T09:51:27+00:00\",\"breadcrumb\":{\"@id\":\"https:\/\/urologiagirona.com\/en\/#breadcrumb\"},\"inLanguage\":\"fr-FR\",\"potentialAction\":[{\"@type\":\"ReadAction\",\"target\":[\"https:\/\/urologiagirona.com\/en\/\"]}]},{\"@type\":\"BreadcrumbList\",\"@id\":\"https:\/\/urologiagirona.com\/en\/#breadcrumb\",\"itemListElement\":[{\"@type\":\"ListItem\",\"position\":1,\"name\":\"Inici\",\"item\":\"https:\/\/urologiagirona.com\/\"},{\"@type\":\"ListItem\",\"position\":2,\"name\":\"Home\"}]},{\"@type\":\"WebSite\",\"@id\":\"https:\/\/urologiagirona.com\/#website\",\"url\":\"https:\/\/urologiagirona.com\/\",\"name\":\"Urologia Girona \/ Cl\u00ednica Urologia Girona\",\"description\":\"Som especialistes en cirurgia rob\u00f2tica i m\u00ednimament invasiva per el tractament de patologia prost\u00e0tica ( l\u00e0ser de pr\u00f2stata, Robot Da Vinci, ter\u00e0pia focal), patologia renal (c\u00e0ncer, litiasis, cirurgia rob\u00f2tica i laparosc\u00f2pia) i vesical (tumors de bufeta).\",\"publisher\":{\"@id\":\"https:\/\/urologiagirona.com\/#organization\"},\"alternateName\":\"Cl\u00ednica Urologia Girona\",\"potentialAction\":[{\"@type\":\"SearchAction\",\"target\":{\"@type\":\"EntryPoint\",\"urlTemplate\":\"https:\/\/urologiagirona.com\/?s={search_term_string}\"},\"query-input\":{\"@type\":\"PropertyValueSpecification\",\"valueRequired\":true,\"valueName\":\"search_term_string\"}}],\"inLanguage\":\"fr-FR\"},{\"@type\":\"Organization\",\"@id\":\"https:\/\/urologiagirona.com\/#organization\",\"name\":\"Urologia Girona \/ Cl\u00ednica Urologia Girona\",\"url\":\"https:\/\/urologiagirona.com\/\",\"logo\":{\"@type\":\"ImageObject\",\"inLanguage\":\"fr-FR\",\"@id\":\"https:\/\/urologiagirona.com\/#\/schema\/logo\/image\/\",\"url\":\"https:\/\/urologiagirona.com\/wp-content\/uploads\/2020\/11\/logo_urologia_girona.jpg\",\"contentUrl\":\"https:\/\/urologiagirona.com\/wp-content\/uploads\/2020\/11\/logo_urologia_girona.jpg\",\"width\":600,\"height\":341,\"caption\":\"Urologia Girona \/ Cl\u00ednica Urologia Girona\"},\"image\":{\"@id\":\"https:\/\/urologiagirona.com\/#\/schema\/logo\/image\/\"}}]}<\/script>\n<!-- \/ Yoast SEO plugin. -->","yoast_head_json":{"title":"Home - Urologia Girona","robots":{"index":"index","follow":"follow","max-snippet":"max-snippet:-1","max-image-preview":"max-image-preview:large","max-video-preview":"max-video-preview:-1"},"canonical":"https:\/\/urologiagirona.com\/fr\/","og_locale":"fr_FR","og_type":"article","og_title":"Home - Urologia Girona","og_description":"Votre sant\u00e9 entre nos mainsDoctor Boix, Doctor Comet i Doctor DomingoNous utilisons des \u00e9quipements de pointe pour offrir les meilleures et les derni\u00e8res solutions dans le domaine urologique: chirurgie mini-invasive, chirurgie laparoscopique, chirurgie endoscopique au laser.Nous sommes des sp\u00e9cialistes Nous sommes sp\u00e9cialis\u00e9s dans la chirurgie robotique et mini-invasive pour le traitement de la pathologie de [&hellip;]","og_url":"https:\/\/urologiagirona.com\/en\/","og_site_name":"Urologia Girona","article_modified_time":"2023-08-28T09:51:27+00:00","og_image":[{"width":600,"height":341,"url":"https:\/\/urologiagirona.com\/wp-content\/uploads\/2020\/11\/logo_urologia_girona.jpg","type":"image\/jpeg"}],"schema":{"@context":"https:\/\/schema.org","@graph":[{"@type":"WebPage","@id":"https:\/\/urologiagirona.com\/en\/","url":"https:\/\/urologiagirona.com\/en\/","name":"Home - Urologia Girona","isPartOf":{"@id":"https:\/\/urologiagirona.com\/#website"},"datePublished":"2021-05-07T11:09:13+00:00","dateModified":"2023-08-28T09:51:27+00:00","breadcrumb":{"@id":"https:\/\/urologiagirona.com\/en\/#breadcrumb"},"inLanguage":"fr-FR","potentialAction":[{"@type":"ReadAction","target":["https:\/\/urologiagirona.com\/en\/"]}]},{"@type":"BreadcrumbList","@id":"https:\/\/urologiagirona.com\/en\/#breadcrumb","itemListElement":[{"@type":"ListItem","position":1,"name":"Inici","item":"https:\/\/urologiagirona.com\/"},{"@type":"ListItem","position":2,"name":"Home"}]},{"@type":"WebSite","@id":"https:\/\/urologiagirona.com\/#website","url":"https:\/\/urologiagirona.com\/","name":"Urologia Girona \/ Cl\u00ednica Urologia Girona","description":"Som especialistes en cirurgia rob\u00f2tica i m\u00ednimament invasiva per el tractament de patologia prost\u00e0tica ( l\u00e0ser de pr\u00f2stata, Robot Da Vinci, ter\u00e0pia focal), patologia renal (c\u00e0ncer, litiasis, cirurgia rob\u00f2tica i laparosc\u00f2pia) i vesical (tumors de bufeta).","publisher":{"@id":"https:\/\/urologiagirona.com\/#organization"},"alternateName":"Cl\u00ednica Urologia Girona","potentialAction":[{"@type":"SearchAction","target":{"@type":"EntryPoint","urlTemplate":"https:\/\/urologiagirona.com\/?s={search_term_string}"},"query-input":{"@type":"PropertyValueSpecification","valueRequired":true,"valueName":"search_term_string"}}],"inLanguage":"fr-FR"},{"@type":"Organization","@id":"https:\/\/urologiagirona.com\/#organization","name":"Urologia Girona \/ Cl\u00ednica Urologia Girona","url":"https:\/\/urologiagirona.com\/","logo":{"@type":"ImageObject","inLanguage":"fr-FR","@id":"https:\/\/urologiagirona.com\/#\/schema\/logo\/image\/","url":"https:\/\/urologiagirona.com\/wp-content\/uploads\/2020\/11\/logo_urologia_girona.jpg","contentUrl":"https:\/\/urologiagirona.com\/wp-content\/uploads\/2020\/11\/logo_urologia_girona.jpg","width":600,"height":341,"caption":"Urologia Girona \/ Cl\u00ednica Urologia Girona"},"image":{"@id":"https:\/\/urologiagirona.com\/#\/schema\/logo\/image\/"}}]}},"_links":{"self":[{"href":"https:\/\/urologiagirona.com\/fr\/wp-json\/wp\/v2\/pages\/835","targetHints":{"allow":["GET"]}}],"collection":[{"href":"https:\/\/urologiagirona.com\/fr\/wp-json\/wp\/v2\/pages"}],"about":[{"href":"https:\/\/urologiagirona.com\/fr\/wp-json\/wp\/v2\/types\/page"}],"author":[{"embeddable":true,"href":"https:\/\/urologiagirona.com\/fr\/wp-json\/wp\/v2\/users\/1"}],"replies":[{"embeddable":true,"href":"https:\/\/urologiagirona.com\/fr\/wp-json\/wp\/v2\/comments?post=835"}],"version-history":[{"count":7,"href":"https:\/\/urologiagirona.com\/fr\/wp-json\/wp\/v2\/pages\/835\/revisions"}],"predecessor-version":[{"id":1048,"href":"https:\/\/urologiagirona.com\/fr\/wp-json\/wp\/v2\/pages\/835\/revisions\/1048"}],"wp:attachment":[{"href":"https:\/\/urologiagirona.com\/fr\/wp-json\/wp\/v2\/media?parent=835"}],"curies":[{"name":"wp","href":"https:\/\/api.w.org\/{rel}","templated":true}]}}