{"id":830,"date":"2021-05-07T12:26:20","date_gmt":"2021-05-07T10:26:20","guid":{"rendered":"https:\/\/urologiagirona.com\/qui-sommes-nous\/"},"modified":"2026-03-25T10:49:10","modified_gmt":"2026-03-25T08:49:10","slug":"qui-sommes-nous","status":"publish","type":"page","link":"https:\/\/urologiagirona.com\/fr\/qui-sommes-nous\/","title":{"rendered":"Qui sommes nous"},"content":{"rendered":"<p>[et_pb_section fb_built=\u00a0\u00bb1&Prime; admin_label=\u00a0\u00bbsection\u00a0\u00bb _builder_version=\u00a0\u00bb4.16&Prime; custom_padding=\u00a0\u00bb15px|||||\u00a0\u00bb global_colors_info=\u00a0\u00bb{}\u00a0\u00bb][et_pb_row _builder_version=\u00a0\u00bb4.16&Prime; _module_preset=\u00a0\u00bbdefault\u00a0\u00bb global_colors_info=\u00a0\u00bb{}\u00a0\u00bb][et_pb_column type=\u00a0\u00bb4_4&Prime; _builder_version=\u00a0\u00bb4.16&Prime; _module_preset=\u00a0\u00bbdefault\u00a0\u00bb global_colors_info=\u00a0\u00bb{}\u00a0\u00bb][et_pb_text content_tablet=\u00a0\u00bb\u00a0\u00bb content_phone=\u00a0\u00bb\u00a0\u00bb content_last_edited=\u00a0\u00bbon|desktop\u00a0\u00bb disabled_on=\u00a0\u00bbon|on|off\u00a0\u00bb _builder_version=\u00a0\u00bb4.16&Prime; _module_preset=\u00a0\u00bbdefault\u00a0\u00bb text_text_color=\u00a0\u00bb#ffffff\u00a0\u00bb background_image=\u00a0\u00bbhttps:\/\/urologiagirona.com\/\/wp-content\/uploads\/2020\/11\/drboix.jpg\u00a0\u00bb background_position=\u00a0\u00bbtop_left\u00a0\u00bb height=\u00a0\u00bb342px\u00a0\u00bb custom_margin=\u00a0\u00bb-6px||||false|false\u00a0\u00bb custom_padding=\u00a0\u00bb30px|500px||28px|false|false\u00a0\u00bb text_text_shadow_style=\u00a0\u00bbpreset1&Prime; global_colors_info=\u00a0\u00bb{}\u00a0\u00bb]<\/p>\n<h2><span style=\"color: #ffffff;\"><strong>Doctor Boix<\/strong><\/span><\/h2>\n<p style=\"text-align: left;\"><span><strong>Dipl\u00f4m\u00e9 en M\u00e9decine et Chirurgie de l\u2019Universit\u00e9 de Barcelone, 2003.<\/strong> Sp\u00e9cialiste en urologie depuis 2009 apr\u00e8s avoir termin\u00e9 son internat \u00e0 l\u2019H\u00f4pital Universitaire Germans Trias i Pujol \u00e0 Badalona 2004-2009. M\u00e9decin Assistant au D\u00e9partement d\u2019urologie, H\u00f4pital Josep Trueta, G\u00e9rone, depuis 2009. Activit\u00e9 op\u00e9ratoire et de consultant dans le d\u00e9partement d\u2019urologie, Eastern Virginia Medical University, Norfolk (VA), Etats-Unis, en chirurgie r\u00e9paratrice urologique. Professeur agr\u00e9g\u00e9 d\u2019urologie de la Facult\u00e9 de M\u00e9decine, Universit\u00e9 de G\u00e9rone. Il passe actuellement son doctorat en urologie \u00e0 l\u2019UAB. Fellow de l\u2019European Board of Urology<\/span><\/p>\n<p>[\/et_pb_text][et_pb_text content_tablet=\u00a0\u00bb\u00a0\u00bb content_phone=\u00a0\u00bb<\/p>\n<h2><span style=%22color: #ffffff;%22><strong>Doctor Boix<\/strong><\/span><\/h2>\n<p><span><strong><img src=%22https:\/\/urologiagirona.com\/wp-content\/uploads\/2020\/11\/drboix-1024x674.jpg%22 width=%221024%22 height=%22674%22 alt=%22%22 class=%22wp-image-610 alignleft size-large%22 \/><\/strong><\/span><\/p>\n<p><span><strong>Llicenciat en Medicina per la Universitat de Barcelona, 2003.<\/strong> Especialista en Urologia des de 2009 despr\u00e9s de cursar la resid\u00e8ncia MIR a l\u2019Hospital Germans Trias i Pujol de Badalona 2004-2009. Metge Adjunt en el Servei d\u2019Urologia de l\u2019Hospital Josep Trueta, Girona, des de 2009. Assist\u00e8ncia com a observador cl\u00ednic i quir\u00fargic al departament d\u2019Urologia de la Eastern Medical Virginia University, Norfolk (VA) USA, en cirurgia reconstructiva urol\u00f2gica. Professor associat d\u2019Urologia de la Facultat de Medicina de la Universitat de Girona. Doctor en Cirurgia (Urologia) per la UAB obtenint qualificaci\u00f3 Excel\u00b7lent \u201cCum Laude\u201d. Fellow of the European Board of Urology<\/span><\/p>\n<p>\u00a0\u00bb content_last_edited=\u00a0\u00bbon|phone\u00a0\u00bb disabled_on=\u00a0\u00bboff|off|on\u00a0\u00bb _builder_version=\u00a0\u00bb4.16&Prime; _module_preset=\u00a0\u00bbdefault\u00a0\u00bb text_text_color=\u00a0\u00bb#ffffff\u00a0\u00bb background_color=\u00a0\u00bb#54aad8&Prime; background_enable_image=\u00a0\u00bboff\u00a0\u00bb background_position=\u00a0\u00bbtop_left\u00a0\u00bb module_alignment=\u00a0\u00bbcenter\u00a0\u00bb custom_margin=\u00a0\u00bb||||false|false\u00a0\u00bb custom_padding=\u00a0\u00bb2em|2em|2em|2em|false|false\u00a0\u00bb text_text_shadow_style=\u00a0\u00bbpreset1&Prime; global_colors_info=\u00a0\u00bb{}\u00a0\u00bb]<\/p>\n<h2 style=\"text-align: center;\"><span style=\"color: #ffffff;\"><strong>Doctor Boix<\/strong><\/span><\/h2>\n<p style=\"text-align: center;\"><span><strong>Dipl\u00f4m\u00e9 en M\u00e9decine et Chirurgie de l\u2019Universit\u00e9 de Barcelone, 2003.<\/strong> Sp\u00e9cialiste en urologie depuis 2009 apr\u00e8s avoir termin\u00e9 son internat \u00e0 l\u2019H\u00f4pital Universitaire Germans Trias i Pujol \u00e0 Badalona 2004-2009. M\u00e9decin Assistant au D\u00e9partement d\u2019urologie, H\u00f4pital Josep Trueta, G\u00e9rone, depuis 2009. Activit\u00e9 op\u00e9ratoire et de consultant dans le d\u00e9partement d\u2019urologie, Eastern Virginia Medical University, Norfolk (VA), Etats-Unis, en chirurgie r\u00e9paratrice urologique. Professeur agr\u00e9g\u00e9 d\u2019urologie de la Facult\u00e9 de M\u00e9decine, Universit\u00e9 de G\u00e9rone. Il passe actuellement son doctorat en urologie \u00e0 l\u2019UAB. Fellow de l\u2019European Board of Urology<\/p>\n<p>[\/et_pb_text][et_pb_text content_tablet=\u00a0\u00bb\u00a0\u00bb content_phone=\u00a0\u00bb<\/p>\n<h2><span style=%22color: #ffffff;%22><strong>Doctor Comet<\/strong><\/span><\/h2>\n<p><strong><img src=%22https:\/\/urologiagirona.com\/wp-content\/uploads\/2020\/11\/drcomet-1024x674.jpg%22 width=%221024%22 height=%22674%22 alt=%22%22 class=%22wp-image-611 alignleft size-large%22 \/><\/strong><\/p>\n<p><strong>Llicenciat en Medicina i Cirurgia a la Universitat de Barcelona,<\/strong> 1990. Resid\u00e8ncia en Urologia a l\u2019Hospital Universitari Germans Trias i Pujol, Badalona, 1992-1996. Adjunt d\u2019Urologia de l\u2019Hospital de Palam\u00f3s, 1997. Des de 1998 est\u00e0 exercint activitat com adjunt d\u2019Urologia <strong>a l\u2019Hospital Universitari Dr. Josep Trueta de Girona i com a Cap de Servei d\u2019Urologia des de 2016<\/strong>, Assist\u00e8ncia com a observador cl\u00ednic al Departament d\u2019Urologia de la Washington University School of Medicine per a l\u2019aprenentatge de t\u00e8cniques en endosc\u00f2pia i laparosc\u00f2pia, 1995. Ha realitzat un gran nombre de publicacions a nivell nacional i internacional. Professor associat d\u2019Urologia de la Facultat de Medicina de la Universitat de Girona. Fellow of the European Board of Urology. Doctor en Medicina i Cirurgia per la UAB<\/p>\n<p>\u00a0\u00bb content_last_edited=\u00a0\u00bbon|phone\u00a0\u00bb disabled_on=\u00a0\u00bboff|off|on\u00a0\u00bb _builder_version=\u00a0\u00bb4.16&Prime; _module_preset=\u00a0\u00bbdefault\u00a0\u00bb text_text_color=\u00a0\u00bb#ffffff\u00a0\u00bb background_color=\u00a0\u00bb#54aad8&Prime; background_enable_image=\u00a0\u00bboff\u00a0\u00bb background_position=\u00a0\u00bbtop_left\u00a0\u00bb module_alignment=\u00a0\u00bbcenter\u00a0\u00bb custom_margin=\u00a0\u00bb||||false|false\u00a0\u00bb custom_padding=\u00a0\u00bb2em|2em|2em|2em|false|false\u00a0\u00bb text_text_shadow_style=\u00a0\u00bbpreset1&Prime; global_colors_info=\u00a0\u00bb{}\u00a0\u00bb]<\/p>\n<h2><span style=\"color: #ffffff;\"><strong>Doctor Comet<\/strong><\/span><\/h2>\n<p><span><strong><\/strong><\/span><\/p>\n<p><strong>Dipl\u00f4m\u00e9 en M\u00e9decine et Chirurgie \u00e0 l\u2019Universit\u00e9 de Barcelone, 1990.<\/strong> nternat en urologie \u00e0 l\u2019H\u00f4pital Universitaire Germans Trias i Pujol, Badalona, 1992-1996. Adjoint d\u2019urologie \u00e0 l\u2019H\u00f4pital de Palamos, 1997. Depuis 1998, il exerce comme adjoint d\u2019urologie \u00e0 l\u2019H\u00f4pital universitaire Dr. Trueta Josep de G\u00e9rone. Participation en tant qu\u2019observateur clinique au D\u00e9partement d\u2019urologie de l\u2019Universit\u00e9 de Washington School of Medicine, pour se familiariser avec les techniques d\u2019endoscopie et de laparoscopie, 1995. Il a publi\u00e9 un grand nombre d\u2019articles dans des revues nationales et internationales. Professeur agr\u00e9g\u00e9 d\u2019urologie \u00e0 la Facult\u00e9 de M\u00e9decine, Universit\u00e9 de G\u00e9rone. Fellow de l\u2019European Board of Urology. Docteur en M\u00e9decine et Chirurgie \u00e0 l\u2019UAB.\n<\/p>\n<p>[\/et_pb_text][et_pb_text disabled_on=\u00a0\u00bbon|on|off\u00a0\u00bb _builder_version=\u00a0\u00bb4.16&Prime; _module_preset=\u00a0\u00bbdefault\u00a0\u00bb text_text_color=\u00a0\u00bb#ffffff\u00a0\u00bb background_image=\u00a0\u00bbhttps:\/\/urologiagirona.com\/\/wp-content\/uploads\/2020\/11\/drcomet.jpg\u00a0\u00bb background_position=\u00a0\u00bbtop_left\u00a0\u00bb height=\u00a0\u00bb342px\u00a0\u00bb custom_margin=\u00a0\u00bb-6px||||false|false\u00a0\u00bb custom_padding=\u00a0\u00bb30px|500px||28px|false|false\u00a0\u00bb text_text_shadow_style=\u00a0\u00bbpreset5&Prime; text_text_shadow_horizontal_length=\u00a0\u00bb0.07em\u00a0\u00bb text_text_shadow_vertical_length=\u00a0\u00bb0.11em\u00a0\u00bb text_text_shadow_blur_strength=\u00a0\u00bb0.41em\u00a0\u00bb text_text_shadow_color=\u00a0\u00bb#000000&Prime; global_colors_info=\u00a0\u00bb{}\u00a0\u00bb]<\/p>\n<h2><span style=\"color: #ffffff;\"><strong>Doctor Comet<\/strong><\/span><\/h2>\n<p><span><strong><\/strong><\/span><\/p>\n<p><strong>Dipl\u00f4m\u00e9 en M\u00e9decine et Chirurgie \u00e0 l\u2019Universit\u00e9 de Barcelone, 1990.<\/strong> nternat en urologie \u00e0 l\u2019H\u00f4pital Universitaire Germans Trias i Pujol, Badalona, 1992-1996. Adjoint d\u2019urologie \u00e0 l\u2019H\u00f4pital de Palamos, 1997. Depuis 1998, il exerce comme adjoint d\u2019urologie \u00e0 l\u2019H\u00f4pital universitaire Dr. Trueta Josep de G\u00e9rone. Participation en tant qu\u2019observateur clinique au D\u00e9partement d\u2019urologie de l\u2019Universit\u00e9 de Washington School of Medicine, pour se familiariser avec les techniques d\u2019endoscopie et de laparoscopie, 1995. Il a publi\u00e9 un grand nombre d\u2019articles dans des revues nationales et internationales. Professeur agr\u00e9g\u00e9 d\u2019urologie \u00e0 la Facult\u00e9 de M\u00e9decine, Universit\u00e9 de G\u00e9rone. Fellow de l\u2019European Board of Urology. Docteur en M\u00e9decine et Chirurgie \u00e0 l\u2019UAB.\n<\/p>\n<p>[\/et_pb_text][\/et_pb_column][\/et_pb_row][et_pb_row column_structure=\u00a0\u00bb1_3,1_3,1_3&Prime; _builder_version=\u00a0\u00bb4.16&Prime; _module_preset=\u00a0\u00bbdefault\u00a0\u00bb global_colors_info=\u00a0\u00bb{}\u00a0\u00bb][et_pb_column type=\u00a0\u00bb1_3&Prime; _builder_version=\u00a0\u00bb4.16&Prime; _module_preset=\u00a0\u00bbdefault\u00a0\u00bb global_colors_info=\u00a0\u00bb{}\u00a0\u00bb][\/et_pb_column][et_pb_column type=\u00a0\u00bb1_3&Prime; _builder_version=\u00a0\u00bb4.16&Prime; _module_preset=\u00a0\u00bbdefault\u00a0\u00bb global_colors_info=\u00a0\u00bb{}\u00a0\u00bb][et_pb_team_member name=\u00a0\u00bbDocteur Alex Boix Bonfill\u00a0\u00a0\u00bb position=\u00a0\u00bbDipl\u00f4m\u00e9 en m\u00e9decine de l&rsquo;Universit\u00e9 Internationale de Catalogne (UIC), 2013-2019.\u00a0\u00bb image_url=\u00a0\u00bbhttps:\/\/urologiagirona.com\/wp-content\/uploads\/2026\/03\/WhatsApp-Image-2026-03-16-at-17.14.02.jpeg\u00a0\u00bb _builder_version=\u00a0\u00bb4.22.1&Prime; _module_preset=\u00a0\u00bbdefault\u00a0\u00bb hover_enabled=\u00a0\u00bb0&Prime; global_colors_info=\u00a0\u00bb{}\u00a0\u00bb sticky_enabled=\u00a0\u00bb0&Prime; title_text=\u00a0\u00bbWhatsApp Image 2026-03-16 at 17.14.02&Prime;]<\/p>\n<p data-path-to-node=\"2\">Sp\u00e9cialiste en urologie, form\u00e9 \u00e0 l&rsquo;H\u00f4pital Universitaire Joan XXIII de Tarragone, 2020-2025. Praticien hospitalier \u00e0 l&rsquo;H\u00f4pital Universitaire Docteur Josep Trueta de G\u00e9rone, o\u00f9 il fait partie des unit\u00e9s du rein et de la pathologie lithiasique.<\/p>\n<p>[\/et_pb_team_member][\/et_pb_column][et_pb_column type=\u00a0\u00bb1_3&Prime; _builder_version=\u00a0\u00bb4.16&Prime; _module_preset=\u00a0\u00bbdefault\u00a0\u00bb global_colors_info=\u00a0\u00bb{}\u00a0\u00bb][\/et_pb_column][\/et_pb_row][\/et_pb_section]<\/p>\n","protected":false},"excerpt":{"rendered":"<p>Doctor Boix Dipl\u00f4m\u00e9 en M\u00e9decine et Chirurgie de l\u2019Universit\u00e9 de Barcelone, 2003. Sp\u00e9cialiste en urologie depuis 2009 apr\u00e8s avoir termin\u00e9 son internat \u00e0 l\u2019H\u00f4pital Universitaire Germans Trias i Pujol \u00e0 Badalona 2004-2009. M\u00e9decin Assistant au D\u00e9partement d\u2019urologie, H\u00f4pital Josep Trueta, G\u00e9rone, depuis 2009. Activit\u00e9 op\u00e9ratoire et de consultant dans le d\u00e9partement d\u2019urologie, Eastern Virginia Medical [&hellip;]<\/p>\n","protected":false},"author":1,"featured_media":0,"parent":0,"menu_order":0,"comment_status":"open","ping_status":"open","template":"","meta":{"_et_pb_use_builder":"on","_et_pb_old_content":"","_et_gb_content_width":"","footnotes":""},"class_list":["post-830","page","type-page","status-publish","hentry"],"yoast_head":"<!-- This site is optimized with the Yoast SEO plugin v25.8 - https:\/\/yoast.com\/wordpress\/plugins\/seo\/ -->\n<title>Qui sommes nous - Urologia Girona<\/title>\n<meta name=\"robots\" content=\"index, follow, max-snippet:-1, max-image-preview:large, max-video-preview:-1\" \/>\n<link rel=\"canonical\" href=\"https:\/\/urologiagirona.com\/fr\/quienes-somos\/\" \/>\n<meta property=\"og:locale\" content=\"fr_FR\" \/>\n<meta property=\"og:type\" content=\"article\" \/>\n<meta property=\"og:title\" content=\"Qui sommes nous - Urologia Girona\" \/>\n<meta property=\"og:description\" content=\"Doctor Boix Dipl\u00f4m\u00e9 en M\u00e9decine et Chirurgie de l\u2019Universit\u00e9 de Barcelone, 2003. Sp\u00e9cialiste en urologie depuis 2009 apr\u00e8s avoir termin\u00e9 son internat \u00e0 l\u2019H\u00f4pital Universitaire Germans Trias i Pujol \u00e0 Badalona 2004-2009. M\u00e9decin Assistant au D\u00e9partement d\u2019urologie, H\u00f4pital Josep Trueta, G\u00e9rone, depuis 2009. Activit\u00e9 op\u00e9ratoire et de consultant dans le d\u00e9partement d\u2019urologie, Eastern Virginia Medical [&hellip;]\" \/>\n<meta property=\"og:url\" content=\"https:\/\/urologiagirona.com\/es\/quienes-somos\/\" \/>\n<meta property=\"og:site_name\" content=\"Urologia Girona\" \/>\n<meta property=\"article:modified_time\" content=\"2026-03-25T08:49:10+00:00\" \/>\n<meta property=\"og:image\" content=\"https:\/\/urologiagirona.com\/wp-content\/uploads\/2020\/11\/logo_urologia_girona.jpg\" \/>\n\t<meta property=\"og:image:width\" content=\"600\" \/>\n\t<meta property=\"og:image:height\" content=\"341\" \/>\n\t<meta property=\"og:image:type\" content=\"image\/jpeg\" \/>\n<script type=\"application\/ld+json\" class=\"yoast-schema-graph\">{\"@context\":\"https:\/\/schema.org\",\"@graph\":[{\"@type\":\"WebPage\",\"@id\":\"https:\/\/urologiagirona.com\/es\/quienes-somos\/\",\"url\":\"https:\/\/urologiagirona.com\/es\/quienes-somos\/\",\"name\":\"Qui sommes nous - Urologia Girona\",\"isPartOf\":{\"@id\":\"https:\/\/urologiagirona.com\/#website\"},\"datePublished\":\"2021-05-07T10:26:20+00:00\",\"dateModified\":\"2026-03-25T08:49:10+00:00\",\"breadcrumb\":{\"@id\":\"https:\/\/urologiagirona.com\/es\/quienes-somos\/#breadcrumb\"},\"inLanguage\":\"fr-FR\",\"potentialAction\":[{\"@type\":\"ReadAction\",\"target\":[\"https:\/\/urologiagirona.com\/es\/quienes-somos\/\"]}]},{\"@type\":\"BreadcrumbList\",\"@id\":\"https:\/\/urologiagirona.com\/es\/quienes-somos\/#breadcrumb\",\"itemListElement\":[{\"@type\":\"ListItem\",\"position\":1,\"name\":\"Inici\",\"item\":\"https:\/\/urologiagirona.com\/\"},{\"@type\":\"ListItem\",\"position\":2,\"name\":\"Qui sommes nous\"}]},{\"@type\":\"WebSite\",\"@id\":\"https:\/\/urologiagirona.com\/#website\",\"url\":\"https:\/\/urologiagirona.com\/\",\"name\":\"Urologia Girona \/ Cl\u00ednica Urologia Girona\",\"description\":\"Som especialistes en cirurgia rob\u00f2tica i m\u00ednimament invasiva per el tractament de patologia prost\u00e0tica ( l\u00e0ser de pr\u00f2stata, Robot Da Vinci, ter\u00e0pia focal), patologia renal (c\u00e0ncer, litiasis, cirurgia rob\u00f2tica i laparosc\u00f2pia) i vesical (tumors de bufeta).\",\"publisher\":{\"@id\":\"https:\/\/urologiagirona.com\/#organization\"},\"alternateName\":\"Cl\u00ednica Urologia Girona\",\"potentialAction\":[{\"@type\":\"SearchAction\",\"target\":{\"@type\":\"EntryPoint\",\"urlTemplate\":\"https:\/\/urologiagirona.com\/?s={search_term_string}\"},\"query-input\":{\"@type\":\"PropertyValueSpecification\",\"valueRequired\":true,\"valueName\":\"search_term_string\"}}],\"inLanguage\":\"fr-FR\"},{\"@type\":\"Organization\",\"@id\":\"https:\/\/urologiagirona.com\/#organization\",\"name\":\"Urologia Girona \/ Cl\u00ednica Urologia Girona\",\"url\":\"https:\/\/urologiagirona.com\/\",\"logo\":{\"@type\":\"ImageObject\",\"inLanguage\":\"fr-FR\",\"@id\":\"https:\/\/urologiagirona.com\/#\/schema\/logo\/image\/\",\"url\":\"https:\/\/urologiagirona.com\/wp-content\/uploads\/2020\/11\/logo_urologia_girona.jpg\",\"contentUrl\":\"https:\/\/urologiagirona.com\/wp-content\/uploads\/2020\/11\/logo_urologia_girona.jpg\",\"width\":600,\"height\":341,\"caption\":\"Urologia Girona \/ Cl\u00ednica Urologia Girona\"},\"image\":{\"@id\":\"https:\/\/urologiagirona.com\/#\/schema\/logo\/image\/\"}}]}<\/script>\n<!-- \/ Yoast SEO plugin. -->","yoast_head_json":{"title":"Qui sommes nous - Urologia Girona","robots":{"index":"index","follow":"follow","max-snippet":"max-snippet:-1","max-image-preview":"max-image-preview:large","max-video-preview":"max-video-preview:-1"},"canonical":"https:\/\/urologiagirona.com\/fr\/quienes-somos\/","og_locale":"fr_FR","og_type":"article","og_title":"Qui sommes nous - Urologia Girona","og_description":"Doctor Boix Dipl\u00f4m\u00e9 en M\u00e9decine et Chirurgie de l\u2019Universit\u00e9 de Barcelone, 2003. Sp\u00e9cialiste en urologie depuis 2009 apr\u00e8s avoir termin\u00e9 son internat \u00e0 l\u2019H\u00f4pital Universitaire Germans Trias i Pujol \u00e0 Badalona 2004-2009. M\u00e9decin Assistant au D\u00e9partement d\u2019urologie, H\u00f4pital Josep Trueta, G\u00e9rone, depuis 2009. Activit\u00e9 op\u00e9ratoire et de consultant dans le d\u00e9partement d\u2019urologie, Eastern Virginia Medical [&hellip;]","og_url":"https:\/\/urologiagirona.com\/es\/quienes-somos\/","og_site_name":"Urologia Girona","article_modified_time":"2026-03-25T08:49:10+00:00","og_image":[{"width":600,"height":341,"url":"https:\/\/urologiagirona.com\/wp-content\/uploads\/2020\/11\/logo_urologia_girona.jpg","type":"image\/jpeg"}],"schema":{"@context":"https:\/\/schema.org","@graph":[{"@type":"WebPage","@id":"https:\/\/urologiagirona.com\/es\/quienes-somos\/","url":"https:\/\/urologiagirona.com\/es\/quienes-somos\/","name":"Qui sommes nous - Urologia Girona","isPartOf":{"@id":"https:\/\/urologiagirona.com\/#website"},"datePublished":"2021-05-07T10:26:20+00:00","dateModified":"2026-03-25T08:49:10+00:00","breadcrumb":{"@id":"https:\/\/urologiagirona.com\/es\/quienes-somos\/#breadcrumb"},"inLanguage":"fr-FR","potentialAction":[{"@type":"ReadAction","target":["https:\/\/urologiagirona.com\/es\/quienes-somos\/"]}]},{"@type":"BreadcrumbList","@id":"https:\/\/urologiagirona.com\/es\/quienes-somos\/#breadcrumb","itemListElement":[{"@type":"ListItem","position":1,"name":"Inici","item":"https:\/\/urologiagirona.com\/"},{"@type":"ListItem","position":2,"name":"Qui sommes nous"}]},{"@type":"WebSite","@id":"https:\/\/urologiagirona.com\/#website","url":"https:\/\/urologiagirona.com\/","name":"Urologia Girona \/ Cl\u00ednica Urologia Girona","description":"Som especialistes en cirurgia rob\u00f2tica i m\u00ednimament invasiva per el tractament de patologia prost\u00e0tica ( l\u00e0ser de pr\u00f2stata, Robot Da Vinci, ter\u00e0pia focal), patologia renal (c\u00e0ncer, litiasis, cirurgia rob\u00f2tica i laparosc\u00f2pia) i vesical (tumors de bufeta).","publisher":{"@id":"https:\/\/urologiagirona.com\/#organization"},"alternateName":"Cl\u00ednica Urologia Girona","potentialAction":[{"@type":"SearchAction","target":{"@type":"EntryPoint","urlTemplate":"https:\/\/urologiagirona.com\/?s={search_term_string}"},"query-input":{"@type":"PropertyValueSpecification","valueRequired":true,"valueName":"search_term_string"}}],"inLanguage":"fr-FR"},{"@type":"Organization","@id":"https:\/\/urologiagirona.com\/#organization","name":"Urologia Girona \/ Cl\u00ednica Urologia Girona","url":"https:\/\/urologiagirona.com\/","logo":{"@type":"ImageObject","inLanguage":"fr-FR","@id":"https:\/\/urologiagirona.com\/#\/schema\/logo\/image\/","url":"https:\/\/urologiagirona.com\/wp-content\/uploads\/2020\/11\/logo_urologia_girona.jpg","contentUrl":"https:\/\/urologiagirona.com\/wp-content\/uploads\/2020\/11\/logo_urologia_girona.jpg","width":600,"height":341,"caption":"Urologia Girona \/ Cl\u00ednica Urologia Girona"},"image":{"@id":"https:\/\/urologiagirona.com\/#\/schema\/logo\/image\/"}}]}},"_links":{"self":[{"href":"https:\/\/urologiagirona.com\/fr\/wp-json\/wp\/v2\/pages\/830","targetHints":{"allow":["GET"]}}],"collection":[{"href":"https:\/\/urologiagirona.com\/fr\/wp-json\/wp\/v2\/pages"}],"about":[{"href":"https:\/\/urologiagirona.com\/fr\/wp-json\/wp\/v2\/types\/page"}],"author":[{"embeddable":true,"href":"https:\/\/urologiagirona.com\/fr\/wp-json\/wp\/v2\/users\/1"}],"replies":[{"embeddable":true,"href":"https:\/\/urologiagirona.com\/fr\/wp-json\/wp\/v2\/comments?post=830"}],"version-history":[{"count":7,"href":"https:\/\/urologiagirona.com\/fr\/wp-json\/wp\/v2\/pages\/830\/revisions"}],"predecessor-version":[{"id":1202,"href":"https:\/\/urologiagirona.com\/fr\/wp-json\/wp\/v2\/pages\/830\/revisions\/1202"}],"wp:attachment":[{"href":"https:\/\/urologiagirona.com\/fr\/wp-json\/wp\/v2\/media?parent=830"}],"curies":[{"name":"wp","href":"https:\/\/api.w.org\/{rel}","templated":true}]}}