{"id":822,"date":"2021-05-07T12:14:30","date_gmt":"2021-05-07T10:14:30","guid":{"rendered":"https:\/\/urologiagirona.com\/lithiase\/"},"modified":"2021-05-07T12:14:59","modified_gmt":"2021-05-07T10:14:59","slug":"lithiase","status":"publish","type":"page","link":"https:\/\/urologiagirona.com\/fr\/lithiase\/","title":{"rendered":"Lithiase"},"content":{"rendered":"\n<div class=\"wp-block-image\"><figure class=\"alignright size-large is-resized\"><img fetchpriority=\"high\" fetchpriority=\"high\" decoding=\"async\" src=\"https:\/\/urologiagirona.com\/\/wp-content\/uploads\/2020\/11\/laser-litiasi-1024x683.jpg\" alt=\"\" class=\"wp-image-489\" width=\"416\" height=\"277\" srcset=\"https:\/\/urologiagirona.com\/wp-content\/uploads\/2020\/11\/laser-litiasi-1024x683.jpg 1024w, https:\/\/urologiagirona.com\/wp-content\/uploads\/2020\/11\/laser-litiasi-300x200.jpg 300w, https:\/\/urologiagirona.com\/wp-content\/uploads\/2020\/11\/laser-litiasi-768x512.jpg 768w, https:\/\/urologiagirona.com\/wp-content\/uploads\/2020\/11\/laser-litiasi-1536x1024.jpg 1536w, https:\/\/urologiagirona.com\/wp-content\/uploads\/2020\/11\/laser-litiasi-2048x1365.jpg 2048w, https:\/\/urologiagirona.com\/wp-content\/uploads\/2020\/11\/laser-litiasi-1080x720.jpg 1080w\" sizes=\"(max-width: 416px) 100vw, 416px\" \/><\/figure><\/div>\n\n\n\n<p><strong>La lithiase est caus\u00e9e par les voies urinaires r\u00e9sultant d&rsquo;une sursaturation de certains solut\u00e9s dans l&rsquo;urine (oxalate, calcium, phosphate, acide urique, entre autres). Le tableau clinique qu&rsquo;ils produisent le plus fr\u00e9quemment et qui justifie une consultation, est la colique n\u00e9phritique. Elle se caract\u00e9rise par une lombalgie aigu\u00eb d&rsquo;intensit\u00e9 variable, qui n\u00e9cessite une analg\u00e9sie \u00e0 fortes doses et s&rsquo;accompagne souvent de naus\u00e9es et de vomissements.<\/strong><\/p>\n\n\n\n<p>La lithiase n\u00e9cessite un traitement pour gu\u00e9rir l&rsquo;inconfort et \u00e9viter de futures complications, le traitement peut consister en de grandes lignes:<\/p>\n\n\n\n<ul class=\"wp-block-list\"><li>Traitement m\u00e9dical expulsif.<\/li><li><strong>Ur\u00e9t\u00e9roscopie avec lithotripsie laser <\/strong>(est une op\u00e9ration o\u00f9 l&rsquo;uret\u00e8re est acc\u00e9d\u00e9 par voie endoscopique et la lithiase est cass\u00e9e et enlev\u00e9e).<\/li><li><strong>Lithotritie extracorporelle par ondes de choc; <\/strong>sans chirurgie, une s\u00e9rie d&rsquo;impulsions sont transmises \u00e0 la peau qui atteignent la pierre, la cassent, puis les fragments sont expuls\u00e9s.<\/li><li><strong>Chirurgie ouverte, chirurgie percutan\u00e9e<\/strong><\/li><\/ul>\n\n\n\n<p>Une fois la lithiase r\u00e9solue, il est important de faire une \u00e9tude m\u00e9tabolique pour \u00e9viter d&rsquo;en g\u00e9n\u00e9rer de nouvelles.<\/p>\n","protected":false},"excerpt":{"rendered":"<p>La lithiase est caus\u00e9e par les voies urinaires r\u00e9sultant d&rsquo;une sursaturation de certains solut\u00e9s dans l&rsquo;urine (oxalate, calcium, phosphate, acide urique, entre autres). Le tableau clinique qu&rsquo;ils produisent le plus fr\u00e9quemment et qui justifie une consultation, est la colique n\u00e9phritique. Elle se caract\u00e9rise par une lombalgie aigu\u00eb d&rsquo;intensit\u00e9 variable, qui n\u00e9cessite une analg\u00e9sie \u00e0 fortes [&hellip;]<\/p>\n","protected":false},"author":1,"featured_media":0,"parent":0,"menu_order":0,"comment_status":"closed","ping_status":"closed","template":"","meta":{"_et_pb_use_builder":"off","_et_pb_old_content":"","_et_gb_content_width":"","footnotes":""},"class_list":["post-822","page","type-page","status-publish","hentry"],"yoast_head":"<!-- This site is optimized with the Yoast SEO plugin v25.8 - https:\/\/yoast.com\/wordpress\/plugins\/seo\/ -->\n<title>Lithiase - Urologia Girona<\/title>\n<meta name=\"robots\" content=\"index, follow, max-snippet:-1, max-image-preview:large, max-video-preview:-1\" \/>\n<link rel=\"canonical\" href=\"https:\/\/urologiagirona.com\/fr\/lithiase\/\" \/>\n<meta property=\"og:locale\" content=\"fr_FR\" \/>\n<meta property=\"og:type\" content=\"article\" \/>\n<meta property=\"og:title\" content=\"Lithiase - Urologia Girona\" \/>\n<meta property=\"og:description\" content=\"La lithiase est caus\u00e9e par les voies urinaires r\u00e9sultant d&rsquo;une sursaturation de certains solut\u00e9s dans l&rsquo;urine (oxalate, calcium, phosphate, acide urique, entre autres). Le tableau clinique qu&rsquo;ils produisent le plus fr\u00e9quemment et qui justifie une consultation, est la colique n\u00e9phritique. Elle se caract\u00e9rise par une lombalgie aigu\u00eb d&rsquo;intensit\u00e9 variable, qui n\u00e9cessite une analg\u00e9sie \u00e0 fortes [&hellip;]\" \/>\n<meta property=\"og:url\" content=\"https:\/\/urologiagirona.com\/fr\/lithiase\/\" \/>\n<meta property=\"og:site_name\" content=\"Urologia Girona\" \/>\n<meta property=\"article:modified_time\" content=\"2021-05-07T10:14:59+00:00\" \/>\n<meta property=\"og:image\" content=\"https:\/\/urologiagirona.com\/\/wp-content\/uploads\/2020\/11\/laser-litiasi-1024x683.jpg\" \/>\n<script type=\"application\/ld+json\" class=\"yoast-schema-graph\">{\"@context\":\"https:\/\/schema.org\",\"@graph\":[{\"@type\":\"WebPage\",\"@id\":\"https:\/\/urologiagirona.com\/fr\/lithiase\/\",\"url\":\"https:\/\/urologiagirona.com\/fr\/lithiase\/\",\"name\":\"Lithiase - Urologia Girona\",\"isPartOf\":{\"@id\":\"https:\/\/urologiagirona.com\/#website\"},\"primaryImageOfPage\":{\"@id\":\"https:\/\/urologiagirona.com\/fr\/lithiase\/#primaryimage\"},\"image\":{\"@id\":\"https:\/\/urologiagirona.com\/fr\/lithiase\/#primaryimage\"},\"thumbnailUrl\":\"https:\/\/urologiagirona.com\/\/wp-content\/uploads\/2020\/11\/laser-litiasi-1024x683.jpg\",\"datePublished\":\"2021-05-07T10:14:30+00:00\",\"dateModified\":\"2021-05-07T10:14:59+00:00\",\"breadcrumb\":{\"@id\":\"https:\/\/urologiagirona.com\/fr\/lithiase\/#breadcrumb\"},\"inLanguage\":\"fr-FR\",\"potentialAction\":[{\"@type\":\"ReadAction\",\"target\":[\"https:\/\/urologiagirona.com\/fr\/lithiase\/\"]}]},{\"@type\":\"ImageObject\",\"inLanguage\":\"fr-FR\",\"@id\":\"https:\/\/urologiagirona.com\/fr\/lithiase\/#primaryimage\",\"url\":\"https:\/\/urologiagirona.com\/\/wp-content\/uploads\/2020\/11\/laser-litiasi-1024x683.jpg\",\"contentUrl\":\"https:\/\/urologiagirona.com\/\/wp-content\/uploads\/2020\/11\/laser-litiasi-1024x683.jpg\"},{\"@type\":\"BreadcrumbList\",\"@id\":\"https:\/\/urologiagirona.com\/fr\/lithiase\/#breadcrumb\",\"itemListElement\":[{\"@type\":\"ListItem\",\"position\":1,\"name\":\"Inici\",\"item\":\"https:\/\/urologiagirona.com\/\"},{\"@type\":\"ListItem\",\"position\":2,\"name\":\"Lithiase\"}]},{\"@type\":\"WebSite\",\"@id\":\"https:\/\/urologiagirona.com\/#website\",\"url\":\"https:\/\/urologiagirona.com\/\",\"name\":\"Urologia Girona \/ Cl\u00ednica Urologia Girona\",\"description\":\"Som especialistes en cirurgia rob\u00f2tica i m\u00ednimament invasiva per el tractament de patologia prost\u00e0tica ( l\u00e0ser de pr\u00f2stata, Robot Da Vinci, ter\u00e0pia focal), patologia renal (c\u00e0ncer, litiasis, cirurgia rob\u00f2tica i laparosc\u00f2pia) i vesical (tumors de bufeta).\",\"publisher\":{\"@id\":\"https:\/\/urologiagirona.com\/#organization\"},\"alternateName\":\"Cl\u00ednica Urologia Girona\",\"potentialAction\":[{\"@type\":\"SearchAction\",\"target\":{\"@type\":\"EntryPoint\",\"urlTemplate\":\"https:\/\/urologiagirona.com\/?s={search_term_string}\"},\"query-input\":{\"@type\":\"PropertyValueSpecification\",\"valueRequired\":true,\"valueName\":\"search_term_string\"}}],\"inLanguage\":\"fr-FR\"},{\"@type\":\"Organization\",\"@id\":\"https:\/\/urologiagirona.com\/#organization\",\"name\":\"Urologia Girona \/ Cl\u00ednica Urologia Girona\",\"url\":\"https:\/\/urologiagirona.com\/\",\"logo\":{\"@type\":\"ImageObject\",\"inLanguage\":\"fr-FR\",\"@id\":\"https:\/\/urologiagirona.com\/#\/schema\/logo\/image\/\",\"url\":\"https:\/\/urologiagirona.com\/wp-content\/uploads\/2020\/11\/logo_urologia_girona.jpg\",\"contentUrl\":\"https:\/\/urologiagirona.com\/wp-content\/uploads\/2020\/11\/logo_urologia_girona.jpg\",\"width\":600,\"height\":341,\"caption\":\"Urologia Girona \/ Cl\u00ednica Urologia Girona\"},\"image\":{\"@id\":\"https:\/\/urologiagirona.com\/#\/schema\/logo\/image\/\"}}]}<\/script>\n<!-- \/ Yoast SEO plugin. -->","yoast_head_json":{"title":"Lithiase - Urologia Girona","robots":{"index":"index","follow":"follow","max-snippet":"max-snippet:-1","max-image-preview":"max-image-preview:large","max-video-preview":"max-video-preview:-1"},"canonical":"https:\/\/urologiagirona.com\/fr\/lithiase\/","og_locale":"fr_FR","og_type":"article","og_title":"Lithiase - Urologia Girona","og_description":"La lithiase est caus\u00e9e par les voies urinaires r\u00e9sultant d&rsquo;une sursaturation de certains solut\u00e9s dans l&rsquo;urine (oxalate, calcium, phosphate, acide urique, entre autres). Le tableau clinique qu&rsquo;ils produisent le plus fr\u00e9quemment et qui justifie une consultation, est la colique n\u00e9phritique. Elle se caract\u00e9rise par une lombalgie aigu\u00eb d&rsquo;intensit\u00e9 variable, qui n\u00e9cessite une analg\u00e9sie \u00e0 fortes [&hellip;]","og_url":"https:\/\/urologiagirona.com\/fr\/lithiase\/","og_site_name":"Urologia Girona","article_modified_time":"2021-05-07T10:14:59+00:00","og_image":[{"url":"https:\/\/urologiagirona.com\/\/wp-content\/uploads\/2020\/11\/laser-litiasi-1024x683.jpg","type":"","width":"","height":""}],"schema":{"@context":"https:\/\/schema.org","@graph":[{"@type":"WebPage","@id":"https:\/\/urologiagirona.com\/fr\/lithiase\/","url":"https:\/\/urologiagirona.com\/fr\/lithiase\/","name":"Lithiase - Urologia Girona","isPartOf":{"@id":"https:\/\/urologiagirona.com\/#website"},"primaryImageOfPage":{"@id":"https:\/\/urologiagirona.com\/fr\/lithiase\/#primaryimage"},"image":{"@id":"https:\/\/urologiagirona.com\/fr\/lithiase\/#primaryimage"},"thumbnailUrl":"https:\/\/urologiagirona.com\/\/wp-content\/uploads\/2020\/11\/laser-litiasi-1024x683.jpg","datePublished":"2021-05-07T10:14:30+00:00","dateModified":"2021-05-07T10:14:59+00:00","breadcrumb":{"@id":"https:\/\/urologiagirona.com\/fr\/lithiase\/#breadcrumb"},"inLanguage":"fr-FR","potentialAction":[{"@type":"ReadAction","target":["https:\/\/urologiagirona.com\/fr\/lithiase\/"]}]},{"@type":"ImageObject","inLanguage":"fr-FR","@id":"https:\/\/urologiagirona.com\/fr\/lithiase\/#primaryimage","url":"https:\/\/urologiagirona.com\/\/wp-content\/uploads\/2020\/11\/laser-litiasi-1024x683.jpg","contentUrl":"https:\/\/urologiagirona.com\/\/wp-content\/uploads\/2020\/11\/laser-litiasi-1024x683.jpg"},{"@type":"BreadcrumbList","@id":"https:\/\/urologiagirona.com\/fr\/lithiase\/#breadcrumb","itemListElement":[{"@type":"ListItem","position":1,"name":"Inici","item":"https:\/\/urologiagirona.com\/"},{"@type":"ListItem","position":2,"name":"Lithiase"}]},{"@type":"WebSite","@id":"https:\/\/urologiagirona.com\/#website","url":"https:\/\/urologiagirona.com\/","name":"Urologia Girona \/ Cl\u00ednica Urologia Girona","description":"Som especialistes en cirurgia rob\u00f2tica i m\u00ednimament invasiva per el tractament de patologia prost\u00e0tica ( l\u00e0ser de pr\u00f2stata, Robot Da Vinci, ter\u00e0pia focal), patologia renal (c\u00e0ncer, litiasis, cirurgia rob\u00f2tica i laparosc\u00f2pia) i vesical (tumors de bufeta).","publisher":{"@id":"https:\/\/urologiagirona.com\/#organization"},"alternateName":"Cl\u00ednica Urologia Girona","potentialAction":[{"@type":"SearchAction","target":{"@type":"EntryPoint","urlTemplate":"https:\/\/urologiagirona.com\/?s={search_term_string}"},"query-input":{"@type":"PropertyValueSpecification","valueRequired":true,"valueName":"search_term_string"}}],"inLanguage":"fr-FR"},{"@type":"Organization","@id":"https:\/\/urologiagirona.com\/#organization","name":"Urologia Girona \/ Cl\u00ednica Urologia Girona","url":"https:\/\/urologiagirona.com\/","logo":{"@type":"ImageObject","inLanguage":"fr-FR","@id":"https:\/\/urologiagirona.com\/#\/schema\/logo\/image\/","url":"https:\/\/urologiagirona.com\/wp-content\/uploads\/2020\/11\/logo_urologia_girona.jpg","contentUrl":"https:\/\/urologiagirona.com\/wp-content\/uploads\/2020\/11\/logo_urologia_girona.jpg","width":600,"height":341,"caption":"Urologia Girona \/ Cl\u00ednica Urologia Girona"},"image":{"@id":"https:\/\/urologiagirona.com\/#\/schema\/logo\/image\/"}}]}},"_links":{"self":[{"href":"https:\/\/urologiagirona.com\/fr\/wp-json\/wp\/v2\/pages\/822","targetHints":{"allow":["GET"]}}],"collection":[{"href":"https:\/\/urologiagirona.com\/fr\/wp-json\/wp\/v2\/pages"}],"about":[{"href":"https:\/\/urologiagirona.com\/fr\/wp-json\/wp\/v2\/types\/page"}],"author":[{"embeddable":true,"href":"https:\/\/urologiagirona.com\/fr\/wp-json\/wp\/v2\/users\/1"}],"replies":[{"embeddable":true,"href":"https:\/\/urologiagirona.com\/fr\/wp-json\/wp\/v2\/comments?post=822"}],"version-history":[{"count":1,"href":"https:\/\/urologiagirona.com\/fr\/wp-json\/wp\/v2\/pages\/822\/revisions"}],"predecessor-version":[{"id":824,"href":"https:\/\/urologiagirona.com\/fr\/wp-json\/wp\/v2\/pages\/822\/revisions\/824"}],"wp:attachment":[{"href":"https:\/\/urologiagirona.com\/fr\/wp-json\/wp\/v2\/media?parent=822"}],"curies":[{"name":"wp","href":"https:\/\/api.w.org\/{rel}","templated":true}]}}