{"id":818,"date":"2021-05-07T11:52:53","date_gmt":"2021-05-07T09:52:53","guid":{"rendered":"https:\/\/urologiagirona.com\/incontinence-urinaire\/"},"modified":"2021-05-07T12:13:11","modified_gmt":"2021-05-07T10:13:11","slug":"incontinence-urinaire","status":"publish","type":"page","link":"https:\/\/urologiagirona.com\/fr\/incontinence-urinaire\/","title":{"rendered":"Incontinence urinaire"},"content":{"rendered":"<p><b>Elle est d\u00e9finie comme l&rsquo;incapacit\u00e9 \u00e0 \u00e9viter d&rsquo;uriner lorsque vous ne voulez pas ou ne povez pas uriner. Il existe plusieurs types; effort, urgence et mixte.<\/b><\/p>\n<p><span style=\"font-weight: 400;\">Pour son diagnostic optimal, il est imp\u00e9ratif de faire une bonne anamn\u00e8se et un examen physique et neurologique, ainsi que des tests compl\u00e9mentaires (\u00e9chographie, cystoscopie, \u00e9tude urodynamique).<\/span><\/p>\n<p><span style=\"font-weight: 400;\">Les options th\u00e9rapeutiques ils sont selon par type.<\/span><\/p>\n<ul>\n<li style=\"font-weight: 400;\" aria-level=\"1\"><span style=\"font-weight: 400;\">Effort: \u00e9charpes ou mailles libres de tension \/ tension r\u00e9glable. Chirurgie endoscopique mini-invasive (Bulkamid\u00ae) ou dispositifs tels que le sphincter urinaire artificiel pour l&rsquo;incontinence s\u00e9v\u00e8re.<\/span><\/li>\n<li style=\"font-weight: 400;\" aria-level=\"1\"><span style=\"font-weight: 400;\">Urgence: injection de toxine botulique, neuromodulation de la racine sacr\u00e9e.<\/span><\/li>\n<\/ul>\n<h3><b>Traitement de l&rsquo;incontinence urinaire (IO)<\/b><\/h3>\n<p><span style=\"font-weight: 400;\">Effort: lorsqu&rsquo;un traitement conservateur tel que la physioth\u00e9rapie du plancher pelvien ne suffit pas, c&rsquo;est quand on propose le traitement chirurgical en fonction de la s\u00e9v\u00e9rit\u00e9 de l&rsquo;incontinence et en tenant compte des ant\u00e9c\u00e9dents cliniques et personnels de chaque patient.<\/span><\/p>\n<p><span style=\"font-weight: 400;\">Les techniques chirurgicales vont de l&rsquo;utilisation de maillages sous-ur\u00e9traux non r\u00e9glables, tels que TOT,<\/span> <span style=\"font-weight: 400;\">ou des mailles sous-ur\u00e9trales ajustables telles que Remeex\u00ae en cas d&rsquo;incontinence mod\u00e9r\u00e9e ou d&rsquo;\u00e9chec des chirurgies pr\u00e9c\u00e9dentes. D&rsquo;une utilisation plus r\u00e9cente, l&rsquo;utilisation d&rsquo;agents intra-ur\u00e9traux tels que Bulkamid\u00ae a conduit \u00e0 l&rsquo;innovation dans le fait qu&rsquo;il s&rsquo;agit d&rsquo;une proc\u00e9dure endoscopique mini-invasive, sans plaie chirurgicale et avec des r\u00e9sultats similaires \u00e0 l&rsquo;utilisation de mailles sous-ur\u00e9trales.<\/span><\/p>\n<p><span style=\"font-weight: 400;\"><strong>Dans le cas de l&rsquo;homme IO<\/strong>, g\u00e9n\u00e9ralement apr\u00e8s une chirurgie de la prostate, en plus de l&rsquo;utilisation de mailles sous-ur\u00e9trales \u00e0 tension r\u00e9glable comme le Remeex\u00ae;le traitement peut inclure des dispositifs anti-incontinence tels que le sphincter urinaire artificiel pour le traitement de l&rsquo;IOE s\u00e9v\u00e8re avec des taux de r\u00e9ussite de 90% ou dispositif r\u00e9glable tel que ATOMS\u00ae pour le traitement de l&rsquo;IOE mod\u00e9r\u00e9e.<\/span><\/p>\n<p><span style=\"font-weight: 400;\">Urgence: lorsque le traitement m\u00e9dical est insuffisant ou inefficace, dans le cas du syndrome de la vessie hyperactive, le traitement comprend l&rsquo;injection intrad\u00e9treuse de toxine botulique (Botox \u00ae) \u00e0 la fois dans les cas idiopathiques (cause inconnue) et neurog\u00e8nes.<\/span><\/p>\n<p><span style=\"font-weight: 400;\"><strong>Le traitement de l&rsquo;incontinence urinaire est un d\u00e9fi pour l&rsquo;urologue<\/strong>, ainsi qu&rsquo;un changement dans la qualit\u00e9 de vie du patient, c&rsquo;est pourquoi le traitement n&rsquo;est pas g\u00e9n\u00e9ral mais personnalis\u00e9 et ajust\u00e9 en fonction de chaque patient.<\/span><\/p>\n","protected":false},"excerpt":{"rendered":"<p>Elle est d\u00e9finie comme l&rsquo;incapacit\u00e9 \u00e0 \u00e9viter d&rsquo;uriner lorsque vous ne voulez pas ou ne povez pas uriner. Il existe plusieurs types; effort, urgence et mixte. Pour son diagnostic optimal, il est imp\u00e9ratif de faire une bonne anamn\u00e8se et un examen physique et neurologique, ainsi que des tests compl\u00e9mentaires (\u00e9chographie, cystoscopie, \u00e9tude urodynamique). Les options [&hellip;]<\/p>\n","protected":false},"author":1,"featured_media":0,"parent":0,"menu_order":0,"comment_status":"closed","ping_status":"closed","template":"","meta":{"_et_pb_use_builder":"off","_et_pb_old_content":"","_et_gb_content_width":"","footnotes":""},"class_list":["post-818","page","type-page","status-publish","hentry"],"yoast_head":"<!-- This site is optimized with the Yoast SEO plugin v25.8 - https:\/\/yoast.com\/wordpress\/plugins\/seo\/ -->\n<title>Incontinence urinaire - Urologia Girona<\/title>\n<meta name=\"robots\" content=\"index, follow, max-snippet:-1, max-image-preview:large, max-video-preview:-1\" \/>\n<link rel=\"canonical\" href=\"https:\/\/urologiagirona.com\/fr\/incontinence-urinaire\/\" \/>\n<meta property=\"og:locale\" content=\"fr_FR\" \/>\n<meta property=\"og:type\" content=\"article\" \/>\n<meta property=\"og:title\" content=\"Incontinence urinaire - Urologia Girona\" \/>\n<meta property=\"og:description\" content=\"Elle est d\u00e9finie comme l&rsquo;incapacit\u00e9 \u00e0 \u00e9viter d&rsquo;uriner lorsque vous ne voulez pas ou ne povez pas uriner. Il existe plusieurs types; effort, urgence et mixte. Pour son diagnostic optimal, il est imp\u00e9ratif de faire une bonne anamn\u00e8se et un examen physique et neurologique, ainsi que des tests compl\u00e9mentaires (\u00e9chographie, cystoscopie, \u00e9tude urodynamique). Les options [&hellip;]\" \/>\n<meta property=\"og:url\" content=\"https:\/\/urologiagirona.com\/fr\/incontinence-urinaire\/\" \/>\n<meta property=\"og:site_name\" content=\"Urologia Girona\" \/>\n<meta property=\"article:modified_time\" content=\"2021-05-07T10:13:11+00:00\" \/>\n<meta property=\"og:image\" content=\"https:\/\/urologiagirona.com\/wp-content\/uploads\/2020\/11\/logo_urologia_girona.jpg\" \/>\n\t<meta property=\"og:image:width\" content=\"600\" \/>\n\t<meta property=\"og:image:height\" content=\"341\" \/>\n\t<meta property=\"og:image:type\" content=\"image\/jpeg\" \/>\n<script type=\"application\/ld+json\" class=\"yoast-schema-graph\">{\"@context\":\"https:\/\/schema.org\",\"@graph\":[{\"@type\":\"WebPage\",\"@id\":\"https:\/\/urologiagirona.com\/fr\/incontinence-urinaire\/\",\"url\":\"https:\/\/urologiagirona.com\/fr\/incontinence-urinaire\/\",\"name\":\"Incontinence urinaire - Urologia Girona\",\"isPartOf\":{\"@id\":\"https:\/\/urologiagirona.com\/#website\"},\"datePublished\":\"2021-05-07T09:52:53+00:00\",\"dateModified\":\"2021-05-07T10:13:11+00:00\",\"breadcrumb\":{\"@id\":\"https:\/\/urologiagirona.com\/fr\/incontinence-urinaire\/#breadcrumb\"},\"inLanguage\":\"fr-FR\",\"potentialAction\":[{\"@type\":\"ReadAction\",\"target\":[\"https:\/\/urologiagirona.com\/fr\/incontinence-urinaire\/\"]}]},{\"@type\":\"BreadcrumbList\",\"@id\":\"https:\/\/urologiagirona.com\/fr\/incontinence-urinaire\/#breadcrumb\",\"itemListElement\":[{\"@type\":\"ListItem\",\"position\":1,\"name\":\"Inici\",\"item\":\"https:\/\/urologiagirona.com\/\"},{\"@type\":\"ListItem\",\"position\":2,\"name\":\"Incontinence urinaire\"}]},{\"@type\":\"WebSite\",\"@id\":\"https:\/\/urologiagirona.com\/#website\",\"url\":\"https:\/\/urologiagirona.com\/\",\"name\":\"Urologia Girona \/ Cl\u00ednica Urologia Girona\",\"description\":\"Som especialistes en cirurgia rob\u00f2tica i m\u00ednimament invasiva per el tractament de patologia prost\u00e0tica ( l\u00e0ser de pr\u00f2stata, Robot Da Vinci, ter\u00e0pia focal), patologia renal (c\u00e0ncer, litiasis, cirurgia rob\u00f2tica i laparosc\u00f2pia) i vesical (tumors de bufeta).\",\"publisher\":{\"@id\":\"https:\/\/urologiagirona.com\/#organization\"},\"alternateName\":\"Cl\u00ednica Urologia Girona\",\"potentialAction\":[{\"@type\":\"SearchAction\",\"target\":{\"@type\":\"EntryPoint\",\"urlTemplate\":\"https:\/\/urologiagirona.com\/?s={search_term_string}\"},\"query-input\":{\"@type\":\"PropertyValueSpecification\",\"valueRequired\":true,\"valueName\":\"search_term_string\"}}],\"inLanguage\":\"fr-FR\"},{\"@type\":\"Organization\",\"@id\":\"https:\/\/urologiagirona.com\/#organization\",\"name\":\"Urologia Girona \/ Cl\u00ednica Urologia Girona\",\"url\":\"https:\/\/urologiagirona.com\/\",\"logo\":{\"@type\":\"ImageObject\",\"inLanguage\":\"fr-FR\",\"@id\":\"https:\/\/urologiagirona.com\/#\/schema\/logo\/image\/\",\"url\":\"https:\/\/urologiagirona.com\/wp-content\/uploads\/2020\/11\/logo_urologia_girona.jpg\",\"contentUrl\":\"https:\/\/urologiagirona.com\/wp-content\/uploads\/2020\/11\/logo_urologia_girona.jpg\",\"width\":600,\"height\":341,\"caption\":\"Urologia Girona \/ Cl\u00ednica Urologia Girona\"},\"image\":{\"@id\":\"https:\/\/urologiagirona.com\/#\/schema\/logo\/image\/\"}}]}<\/script>\n<!-- \/ Yoast SEO plugin. -->","yoast_head_json":{"title":"Incontinence urinaire - Urologia Girona","robots":{"index":"index","follow":"follow","max-snippet":"max-snippet:-1","max-image-preview":"max-image-preview:large","max-video-preview":"max-video-preview:-1"},"canonical":"https:\/\/urologiagirona.com\/fr\/incontinence-urinaire\/","og_locale":"fr_FR","og_type":"article","og_title":"Incontinence urinaire - Urologia Girona","og_description":"Elle est d\u00e9finie comme l&rsquo;incapacit\u00e9 \u00e0 \u00e9viter d&rsquo;uriner lorsque vous ne voulez pas ou ne povez pas uriner. Il existe plusieurs types; effort, urgence et mixte. Pour son diagnostic optimal, il est imp\u00e9ratif de faire une bonne anamn\u00e8se et un examen physique et neurologique, ainsi que des tests compl\u00e9mentaires (\u00e9chographie, cystoscopie, \u00e9tude urodynamique). Les options [&hellip;]","og_url":"https:\/\/urologiagirona.com\/fr\/incontinence-urinaire\/","og_site_name":"Urologia Girona","article_modified_time":"2021-05-07T10:13:11+00:00","og_image":[{"width":600,"height":341,"url":"https:\/\/urologiagirona.com\/wp-content\/uploads\/2020\/11\/logo_urologia_girona.jpg","type":"image\/jpeg"}],"schema":{"@context":"https:\/\/schema.org","@graph":[{"@type":"WebPage","@id":"https:\/\/urologiagirona.com\/fr\/incontinence-urinaire\/","url":"https:\/\/urologiagirona.com\/fr\/incontinence-urinaire\/","name":"Incontinence urinaire - Urologia Girona","isPartOf":{"@id":"https:\/\/urologiagirona.com\/#website"},"datePublished":"2021-05-07T09:52:53+00:00","dateModified":"2021-05-07T10:13:11+00:00","breadcrumb":{"@id":"https:\/\/urologiagirona.com\/fr\/incontinence-urinaire\/#breadcrumb"},"inLanguage":"fr-FR","potentialAction":[{"@type":"ReadAction","target":["https:\/\/urologiagirona.com\/fr\/incontinence-urinaire\/"]}]},{"@type":"BreadcrumbList","@id":"https:\/\/urologiagirona.com\/fr\/incontinence-urinaire\/#breadcrumb","itemListElement":[{"@type":"ListItem","position":1,"name":"Inici","item":"https:\/\/urologiagirona.com\/"},{"@type":"ListItem","position":2,"name":"Incontinence urinaire"}]},{"@type":"WebSite","@id":"https:\/\/urologiagirona.com\/#website","url":"https:\/\/urologiagirona.com\/","name":"Urologia Girona \/ Cl\u00ednica Urologia Girona","description":"Som especialistes en cirurgia rob\u00f2tica i m\u00ednimament invasiva per el tractament de patologia prost\u00e0tica ( l\u00e0ser de pr\u00f2stata, Robot Da Vinci, ter\u00e0pia focal), patologia renal (c\u00e0ncer, litiasis, cirurgia rob\u00f2tica i laparosc\u00f2pia) i vesical (tumors de bufeta).","publisher":{"@id":"https:\/\/urologiagirona.com\/#organization"},"alternateName":"Cl\u00ednica Urologia Girona","potentialAction":[{"@type":"SearchAction","target":{"@type":"EntryPoint","urlTemplate":"https:\/\/urologiagirona.com\/?s={search_term_string}"},"query-input":{"@type":"PropertyValueSpecification","valueRequired":true,"valueName":"search_term_string"}}],"inLanguage":"fr-FR"},{"@type":"Organization","@id":"https:\/\/urologiagirona.com\/#organization","name":"Urologia Girona \/ Cl\u00ednica Urologia Girona","url":"https:\/\/urologiagirona.com\/","logo":{"@type":"ImageObject","inLanguage":"fr-FR","@id":"https:\/\/urologiagirona.com\/#\/schema\/logo\/image\/","url":"https:\/\/urologiagirona.com\/wp-content\/uploads\/2020\/11\/logo_urologia_girona.jpg","contentUrl":"https:\/\/urologiagirona.com\/wp-content\/uploads\/2020\/11\/logo_urologia_girona.jpg","width":600,"height":341,"caption":"Urologia Girona \/ Cl\u00ednica Urologia Girona"},"image":{"@id":"https:\/\/urologiagirona.com\/#\/schema\/logo\/image\/"}}]}},"_links":{"self":[{"href":"https:\/\/urologiagirona.com\/fr\/wp-json\/wp\/v2\/pages\/818","targetHints":{"allow":["GET"]}}],"collection":[{"href":"https:\/\/urologiagirona.com\/fr\/wp-json\/wp\/v2\/pages"}],"about":[{"href":"https:\/\/urologiagirona.com\/fr\/wp-json\/wp\/v2\/types\/page"}],"author":[{"embeddable":true,"href":"https:\/\/urologiagirona.com\/fr\/wp-json\/wp\/v2\/users\/1"}],"replies":[{"embeddable":true,"href":"https:\/\/urologiagirona.com\/fr\/wp-json\/wp\/v2\/comments?post=818"}],"version-history":[{"count":2,"href":"https:\/\/urologiagirona.com\/fr\/wp-json\/wp\/v2\/pages\/818\/revisions"}],"predecessor-version":[{"id":821,"href":"https:\/\/urologiagirona.com\/fr\/wp-json\/wp\/v2\/pages\/818\/revisions\/821"}],"wp:attachment":[{"href":"https:\/\/urologiagirona.com\/fr\/wp-json\/wp\/v2\/media?parent=818"}],"curies":[{"name":"wp","href":"https:\/\/api.w.org\/{rel}","templated":true}]}}