{"id":807,"date":"2021-05-07T11:45:51","date_gmt":"2021-05-07T09:45:51","guid":{"rendered":"https:\/\/urologiagirona.com\/andrologie\/"},"modified":"2021-05-07T11:47:03","modified_gmt":"2021-05-07T09:47:03","slug":"andrologie","status":"publish","type":"page","link":"https:\/\/urologiagirona.com\/fr\/andrologie\/","title":{"rendered":"Andrologie"},"content":{"rendered":"<p><span style=\"font-weight: 400;\">C&rsquo;est la discipline m\u00e9dicale qui s&rsquo;occupe des pathologies du syst\u00e8me reproducteur masculin.<\/span><\/p>\n<h2><b>Dys\u00e9rection<\/b><\/h2>\n<p><span style=\"font-weight: 400;\">Anciennement <\/span><b>appel\u00e9e impuissance<\/b><span style=\"font-weight: 400;\">, c&rsquo;est une situation dans laquelle il n&rsquo;y a pas d&rsquo;\u00e9rection ad\u00e9quate du p\u00e9nis face \u00e0 des stimuli sexuels, ce qui permet l&rsquo;introduction du p\u00e9nis dans le vagin.<\/span><\/p>\n<p><b>Il existe diff\u00e9rentes causes:<\/b><\/p>\n<ul>\n<li style=\"font-weight: 400;\" aria-level=\"1\"><span style=\"font-weight: 400;\">Les causes des <\/span><b>probl\u00e8mes physiques sont appel\u00e9es DE organique<\/b><\/li>\n<\/ul>\n<p><span style=\"font-weight: 400;\">Type de DE organique:<\/span><\/p>\n<ul>\n<li style=\"font-weight: 400;\" aria-level=\"2\"><span style=\"font-weight: 400;\">Vasculaire (manque d&rsquo;approvisionnement en sang)<\/span><\/li>\n<li style=\"font-weight: 400;\" aria-level=\"2\"><span style=\"font-weight: 400;\">Hormonale (manque de testost\u00e9rone)<\/span><\/li>\n<li style=\"font-weight: 400;\" aria-level=\"2\"><span style=\"font-weight: 400;\">Neurologique: (condition nerveuse)<\/span><\/li>\n<\/ul>\n<ul>\n<li aria-level=\"1\"><b>En raison de probl\u00e8mes psychologiques, principalement dus \u00e0 des pens\u00e9es de peur de ne pas avoir d&rsquo;\u00e9rection. Appel psychologique DE.<\/b><\/li>\n<\/ul>\n<ul>\n<li aria-level=\"1\"><b>Pour des probl\u00e8mes organiques et psychologiques \u00e0 la fois, appel\u00e9s DE mixtes.<\/b><\/li>\n<\/ul>\n<h4><b>Traitement:<\/b><\/h4>\n<ul>\n<li aria-level=\"1\"><b>Changements \u00e0 des modes de vie sains<\/b><\/li>\n<\/ul>\n<ul>\n<li aria-level=\"1\"><b>M\u00e9dicament:<\/b><\/li>\n<\/ul>\n<ul>\n<li style=\"font-weight: 400;\" aria-level=\"1\"><span style=\"font-weight: 400;\">Voie orale: inhibiteurs de la phosphodiest\u00e9rase 5.<\/span><\/li>\n<li style=\"font-weight: 400;\" aria-level=\"1\"><span style=\"font-weight: 400;\">Voie intracaverneuse: c&rsquo;est-\u00e0-dire une injection dans le p\u00e9nis<\/span><\/li>\n<\/ul>\n<ul>\n<li aria-level=\"1\"><b>M\u00e9canicien:<\/b><\/li>\n<\/ul>\n<ul>\n<li style=\"font-weight: 400;\" aria-level=\"1\"><span style=\"font-weight: 400;\">Des anneaux de constriction sont plac\u00e9s \u00e0 la base du p\u00e9nis<\/span><\/li>\n<li style=\"font-weight: 400;\" aria-level=\"1\"><span style=\"font-weight: 400;\">Appareils \u00e0 vide<\/span><\/li>\n<\/ul>\n<ul>\n<li style=\"font-weight: 400;\" aria-level=\"1\"><b>Chirurgical:<\/b><span style=\"font-weight: 400;\"> C&rsquo;est le dernier recours, et consiste en l&rsquo;implantation d&rsquo;une proth\u00e8se du p\u00e9nis, les plus recommand\u00e9es sont les hydrauliques, qui ont un m\u00e9canisme qui permet la r\u00e9versibilit\u00e9 de la position \u00e9rig\u00e9e du p\u00e9nis.<\/span><\/li>\n<\/ul>\n<h3><b>Contr\u00f4le SDT<\/b><\/h3>\n<p><span style=\"font-weight: 400;\">Syndrome de carence en testost\u00e9rone<\/span><\/p>\n<h3><b>Fertilit\u00e9 dans l&rsquo;homme<\/b><\/h3>\n<p><span style=\"font-weight: 400;\">\u00c9tude utilisant des s\u00e9minogrammes pour \u00e9valuer et objectiver le degr\u00e9 d&rsquo;infertilit\u00e9 masculine et effectuer le traitement appropri\u00e9. Dans le cas des patients vasectomis\u00e9s, nous pouvons r\u00e9aliser une vaso-vasostomie<\/span><\/p>\n","protected":false},"excerpt":{"rendered":"<p>C&rsquo;est la discipline m\u00e9dicale qui s&rsquo;occupe des pathologies du syst\u00e8me reproducteur masculin. Dys\u00e9rection Anciennement appel\u00e9e impuissance, c&rsquo;est une situation dans laquelle il n&rsquo;y a pas d&rsquo;\u00e9rection ad\u00e9quate du p\u00e9nis face \u00e0 des stimuli sexuels, ce qui permet l&rsquo;introduction du p\u00e9nis dans le vagin. Il existe diff\u00e9rentes causes: Les causes des probl\u00e8mes physiques sont appel\u00e9es DE [&hellip;]<\/p>\n","protected":false},"author":1,"featured_media":0,"parent":0,"menu_order":0,"comment_status":"closed","ping_status":"closed","template":"","meta":{"_et_pb_use_builder":"off","_et_pb_old_content":"","_et_gb_content_width":"","footnotes":""},"class_list":["post-807","page","type-page","status-publish","hentry"],"yoast_head":"<!-- This site is optimized with the Yoast SEO plugin v25.8 - https:\/\/yoast.com\/wordpress\/plugins\/seo\/ -->\n<title>Andrologie - Urologia Girona<\/title>\n<meta name=\"robots\" content=\"index, follow, max-snippet:-1, max-image-preview:large, max-video-preview:-1\" \/>\n<link rel=\"canonical\" href=\"https:\/\/urologiagirona.com\/fr\/andrologie\/\" \/>\n<meta property=\"og:locale\" content=\"fr_FR\" \/>\n<meta property=\"og:type\" content=\"article\" \/>\n<meta property=\"og:title\" content=\"Andrologie - Urologia Girona\" \/>\n<meta property=\"og:description\" content=\"C&rsquo;est la discipline m\u00e9dicale qui s&rsquo;occupe des pathologies du syst\u00e8me reproducteur masculin. Dys\u00e9rection Anciennement appel\u00e9e impuissance, c&rsquo;est une situation dans laquelle il n&rsquo;y a pas d&rsquo;\u00e9rection ad\u00e9quate du p\u00e9nis face \u00e0 des stimuli sexuels, ce qui permet l&rsquo;introduction du p\u00e9nis dans le vagin. Il existe diff\u00e9rentes causes: Les causes des probl\u00e8mes physiques sont appel\u00e9es DE [&hellip;]\" \/>\n<meta property=\"og:url\" content=\"https:\/\/urologiagirona.com\/fr\/andrologie\/\" \/>\n<meta property=\"og:site_name\" content=\"Urologia Girona\" \/>\n<meta property=\"article:modified_time\" content=\"2021-05-07T09:47:03+00:00\" \/>\n<meta property=\"og:image\" content=\"https:\/\/urologiagirona.com\/wp-content\/uploads\/2020\/11\/logo_urologia_girona.jpg\" \/>\n\t<meta property=\"og:image:width\" content=\"600\" \/>\n\t<meta property=\"og:image:height\" content=\"341\" \/>\n\t<meta property=\"og:image:type\" content=\"image\/jpeg\" \/>\n<script type=\"application\/ld+json\" class=\"yoast-schema-graph\">{\"@context\":\"https:\/\/schema.org\",\"@graph\":[{\"@type\":\"WebPage\",\"@id\":\"https:\/\/urologiagirona.com\/fr\/andrologie\/\",\"url\":\"https:\/\/urologiagirona.com\/fr\/andrologie\/\",\"name\":\"Andrologie - Urologia Girona\",\"isPartOf\":{\"@id\":\"https:\/\/urologiagirona.com\/#website\"},\"datePublished\":\"2021-05-07T09:45:51+00:00\",\"dateModified\":\"2021-05-07T09:47:03+00:00\",\"breadcrumb\":{\"@id\":\"https:\/\/urologiagirona.com\/fr\/andrologie\/#breadcrumb\"},\"inLanguage\":\"fr-FR\",\"potentialAction\":[{\"@type\":\"ReadAction\",\"target\":[\"https:\/\/urologiagirona.com\/fr\/andrologie\/\"]}]},{\"@type\":\"BreadcrumbList\",\"@id\":\"https:\/\/urologiagirona.com\/fr\/andrologie\/#breadcrumb\",\"itemListElement\":[{\"@type\":\"ListItem\",\"position\":1,\"name\":\"Inici\",\"item\":\"https:\/\/urologiagirona.com\/\"},{\"@type\":\"ListItem\",\"position\":2,\"name\":\"Andrologie\"}]},{\"@type\":\"WebSite\",\"@id\":\"https:\/\/urologiagirona.com\/#website\",\"url\":\"https:\/\/urologiagirona.com\/\",\"name\":\"Urologia Girona \/ Cl\u00ednica Urologia Girona\",\"description\":\"Som especialistes en cirurgia rob\u00f2tica i m\u00ednimament invasiva per el tractament de patologia prost\u00e0tica ( l\u00e0ser de pr\u00f2stata, Robot Da Vinci, ter\u00e0pia focal), patologia renal (c\u00e0ncer, litiasis, cirurgia rob\u00f2tica i laparosc\u00f2pia) i vesical (tumors de bufeta).\",\"publisher\":{\"@id\":\"https:\/\/urologiagirona.com\/#organization\"},\"alternateName\":\"Cl\u00ednica Urologia Girona\",\"potentialAction\":[{\"@type\":\"SearchAction\",\"target\":{\"@type\":\"EntryPoint\",\"urlTemplate\":\"https:\/\/urologiagirona.com\/?s={search_term_string}\"},\"query-input\":{\"@type\":\"PropertyValueSpecification\",\"valueRequired\":true,\"valueName\":\"search_term_string\"}}],\"inLanguage\":\"fr-FR\"},{\"@type\":\"Organization\",\"@id\":\"https:\/\/urologiagirona.com\/#organization\",\"name\":\"Urologia Girona \/ Cl\u00ednica Urologia Girona\",\"url\":\"https:\/\/urologiagirona.com\/\",\"logo\":{\"@type\":\"ImageObject\",\"inLanguage\":\"fr-FR\",\"@id\":\"https:\/\/urologiagirona.com\/#\/schema\/logo\/image\/\",\"url\":\"https:\/\/urologiagirona.com\/wp-content\/uploads\/2020\/11\/logo_urologia_girona.jpg\",\"contentUrl\":\"https:\/\/urologiagirona.com\/wp-content\/uploads\/2020\/11\/logo_urologia_girona.jpg\",\"width\":600,\"height\":341,\"caption\":\"Urologia Girona \/ Cl\u00ednica Urologia Girona\"},\"image\":{\"@id\":\"https:\/\/urologiagirona.com\/#\/schema\/logo\/image\/\"}}]}<\/script>\n<!-- \/ Yoast SEO plugin. -->","yoast_head_json":{"title":"Andrologie - Urologia Girona","robots":{"index":"index","follow":"follow","max-snippet":"max-snippet:-1","max-image-preview":"max-image-preview:large","max-video-preview":"max-video-preview:-1"},"canonical":"https:\/\/urologiagirona.com\/fr\/andrologie\/","og_locale":"fr_FR","og_type":"article","og_title":"Andrologie - Urologia Girona","og_description":"C&rsquo;est la discipline m\u00e9dicale qui s&rsquo;occupe des pathologies du syst\u00e8me reproducteur masculin. Dys\u00e9rection Anciennement appel\u00e9e impuissance, c&rsquo;est une situation dans laquelle il n&rsquo;y a pas d&rsquo;\u00e9rection ad\u00e9quate du p\u00e9nis face \u00e0 des stimuli sexuels, ce qui permet l&rsquo;introduction du p\u00e9nis dans le vagin. Il existe diff\u00e9rentes causes: Les causes des probl\u00e8mes physiques sont appel\u00e9es DE [&hellip;]","og_url":"https:\/\/urologiagirona.com\/fr\/andrologie\/","og_site_name":"Urologia Girona","article_modified_time":"2021-05-07T09:47:03+00:00","og_image":[{"width":600,"height":341,"url":"https:\/\/urologiagirona.com\/wp-content\/uploads\/2020\/11\/logo_urologia_girona.jpg","type":"image\/jpeg"}],"schema":{"@context":"https:\/\/schema.org","@graph":[{"@type":"WebPage","@id":"https:\/\/urologiagirona.com\/fr\/andrologie\/","url":"https:\/\/urologiagirona.com\/fr\/andrologie\/","name":"Andrologie - Urologia Girona","isPartOf":{"@id":"https:\/\/urologiagirona.com\/#website"},"datePublished":"2021-05-07T09:45:51+00:00","dateModified":"2021-05-07T09:47:03+00:00","breadcrumb":{"@id":"https:\/\/urologiagirona.com\/fr\/andrologie\/#breadcrumb"},"inLanguage":"fr-FR","potentialAction":[{"@type":"ReadAction","target":["https:\/\/urologiagirona.com\/fr\/andrologie\/"]}]},{"@type":"BreadcrumbList","@id":"https:\/\/urologiagirona.com\/fr\/andrologie\/#breadcrumb","itemListElement":[{"@type":"ListItem","position":1,"name":"Inici","item":"https:\/\/urologiagirona.com\/"},{"@type":"ListItem","position":2,"name":"Andrologie"}]},{"@type":"WebSite","@id":"https:\/\/urologiagirona.com\/#website","url":"https:\/\/urologiagirona.com\/","name":"Urologia Girona \/ Cl\u00ednica Urologia Girona","description":"Som especialistes en cirurgia rob\u00f2tica i m\u00ednimament invasiva per el tractament de patologia prost\u00e0tica ( l\u00e0ser de pr\u00f2stata, Robot Da Vinci, ter\u00e0pia focal), patologia renal (c\u00e0ncer, litiasis, cirurgia rob\u00f2tica i laparosc\u00f2pia) i vesical (tumors de bufeta).","publisher":{"@id":"https:\/\/urologiagirona.com\/#organization"},"alternateName":"Cl\u00ednica Urologia Girona","potentialAction":[{"@type":"SearchAction","target":{"@type":"EntryPoint","urlTemplate":"https:\/\/urologiagirona.com\/?s={search_term_string}"},"query-input":{"@type":"PropertyValueSpecification","valueRequired":true,"valueName":"search_term_string"}}],"inLanguage":"fr-FR"},{"@type":"Organization","@id":"https:\/\/urologiagirona.com\/#organization","name":"Urologia Girona \/ Cl\u00ednica Urologia Girona","url":"https:\/\/urologiagirona.com\/","logo":{"@type":"ImageObject","inLanguage":"fr-FR","@id":"https:\/\/urologiagirona.com\/#\/schema\/logo\/image\/","url":"https:\/\/urologiagirona.com\/wp-content\/uploads\/2020\/11\/logo_urologia_girona.jpg","contentUrl":"https:\/\/urologiagirona.com\/wp-content\/uploads\/2020\/11\/logo_urologia_girona.jpg","width":600,"height":341,"caption":"Urologia Girona \/ Cl\u00ednica Urologia Girona"},"image":{"@id":"https:\/\/urologiagirona.com\/#\/schema\/logo\/image\/"}}]}},"_links":{"self":[{"href":"https:\/\/urologiagirona.com\/fr\/wp-json\/wp\/v2\/pages\/807","targetHints":{"allow":["GET"]}}],"collection":[{"href":"https:\/\/urologiagirona.com\/fr\/wp-json\/wp\/v2\/pages"}],"about":[{"href":"https:\/\/urologiagirona.com\/fr\/wp-json\/wp\/v2\/types\/page"}],"author":[{"embeddable":true,"href":"https:\/\/urologiagirona.com\/fr\/wp-json\/wp\/v2\/users\/1"}],"replies":[{"embeddable":true,"href":"https:\/\/urologiagirona.com\/fr\/wp-json\/wp\/v2\/comments?post=807"}],"version-history":[{"count":1,"href":"https:\/\/urologiagirona.com\/fr\/wp-json\/wp\/v2\/pages\/807\/revisions"}],"predecessor-version":[{"id":808,"href":"https:\/\/urologiagirona.com\/fr\/wp-json\/wp\/v2\/pages\/807\/revisions\/808"}],"wp:attachment":[{"href":"https:\/\/urologiagirona.com\/fr\/wp-json\/wp\/v2\/media?parent=807"}],"curies":[{"name":"wp","href":"https:\/\/api.w.org\/{rel}","templated":true}]}}