{"id":806,"date":"2021-05-07T11:44:53","date_gmt":"2021-05-07T09:44:53","guid":{"rendered":"https:\/\/urologiagirona.com\/vasectomie\/"},"modified":"2021-05-07T11:44:53","modified_gmt":"2021-05-07T09:44:53","slug":"vasectomie","status":"publish","type":"page","link":"https:\/\/urologiagirona.com\/fr\/vasectomie\/","title":{"rendered":"Vasectomie"},"content":{"rendered":"<p><b>La vasectomie est une st\u00e9rilisation et une m\u00e9thode de contraception<\/b><span style=\"font-weight: 400;\"> g\u00e9n\u00e9ralement permanente, consistant en le ligature et la section des conduits. Faisant, en peu de temps, que le sperme ne contient pas de spermatozo\u00efde.<\/span><\/p>\n<p><span style=\"font-weight: 400;\">Sous anesth\u00e9sie, une petite incision est pratiqu\u00e9e dans la partie ant\u00e9rieure du scrotum. Les canaux s\u00e9minaux sont coup\u00e9s et attach\u00e9s apr\u00e8s l&rsquo;extraction d&rsquo;un segment, de sorte que les deux extr\u00e9mit\u00e9s de chaque canal sont nou\u00e9es et s\u00e9par\u00e9es l&rsquo;une de l&rsquo;autre. Une fois l&rsquo;op\u00e9ration r\u00e9alis\u00e9e, un s\u00e9minogramme de <\/span><b>contr\u00f4le doit \u00eatre r\u00e9alis\u00e9 apr\u00e8s 2-3 mois pour confirmer qu&rsquo;il n&rsquo;y a plus de spermatozo\u00efdes dans le sperme.<\/b><\/p>\n<p><b>Il est important de souligner les points suivants:<\/b><\/p>\n<ul>\n<li style=\"list-style-type: none;\">\n<ul>\n<li style=\"font-weight: 400;\" aria-level=\"1\"><b>Il n&rsquo;existe pas de \u00ab\u00a0vasectomie r\u00e9versible\u00a0\u00bb, <\/b><span style=\"font-weight: 400;\">toutes les vasectomies sont r\u00e9alis\u00e9es dans un but d&rsquo;irr\u00e9versibilit\u00e9. Si la fertilit\u00e9 doit \u00eatre r\u00e9tablie \u00e0 l&rsquo;avenir, une vasovasostomie ou une biopsie testiculaire doit \u00eatre r\u00e9alis\u00e9e pour obtenir du sperme et une ins\u00e9mination artificielle.<\/span><\/li>\n<\/ul>\n<\/li>\n<\/ul>\n<ul>\n<li aria-level=\"1\"><b>La vasectomie n&rsquo;implique aucun changement hormonal ou sexuel.<\/b><\/li>\n<li aria-level=\"1\"><b>L&rsquo;\u00e9jaculation n&rsquo;est pas perdue apr\u00e8s une vasectomie<\/b><\/li>\n<\/ul>\n","protected":false},"excerpt":{"rendered":"<p>La vasectomie est une st\u00e9rilisation et une m\u00e9thode de contraception g\u00e9n\u00e9ralement permanente, consistant en le ligature et la section des conduits. Faisant, en peu de temps, que le sperme ne contient pas de spermatozo\u00efde. Sous anesth\u00e9sie, une petite incision est pratiqu\u00e9e dans la partie ant\u00e9rieure du scrotum. Les canaux s\u00e9minaux sont coup\u00e9s et attach\u00e9s apr\u00e8s [&hellip;]<\/p>\n","protected":false},"author":1,"featured_media":0,"parent":0,"menu_order":0,"comment_status":"closed","ping_status":"closed","template":"","meta":{"_et_pb_use_builder":"off","_et_pb_old_content":"","_et_gb_content_width":"","footnotes":""},"class_list":["post-806","page","type-page","status-publish","hentry"],"yoast_head":"<!-- This site is optimized with the Yoast SEO plugin v25.8 - https:\/\/yoast.com\/wordpress\/plugins\/seo\/ -->\n<title>Vasectomie - Urologia Girona<\/title>\n<meta name=\"robots\" content=\"index, follow, max-snippet:-1, max-image-preview:large, max-video-preview:-1\" \/>\n<link rel=\"canonical\" href=\"https:\/\/urologiagirona.com\/fr\/vasectomie\/\" \/>\n<meta property=\"og:locale\" content=\"fr_FR\" \/>\n<meta property=\"og:type\" content=\"article\" \/>\n<meta property=\"og:title\" content=\"Vasectomie - Urologia Girona\" \/>\n<meta property=\"og:description\" content=\"La vasectomie est une st\u00e9rilisation et une m\u00e9thode de contraception g\u00e9n\u00e9ralement permanente, consistant en le ligature et la section des conduits. Faisant, en peu de temps, que le sperme ne contient pas de spermatozo\u00efde. Sous anesth\u00e9sie, une petite incision est pratiqu\u00e9e dans la partie ant\u00e9rieure du scrotum. Les canaux s\u00e9minaux sont coup\u00e9s et attach\u00e9s apr\u00e8s [&hellip;]\" \/>\n<meta property=\"og:url\" content=\"https:\/\/urologiagirona.com\/fr\/vasectomie\/\" \/>\n<meta property=\"og:site_name\" content=\"Urologia Girona\" \/>\n<meta property=\"og:image\" content=\"https:\/\/urologiagirona.com\/wp-content\/uploads\/2020\/11\/logo_urologia_girona.jpg\" \/>\n\t<meta property=\"og:image:width\" content=\"600\" \/>\n\t<meta property=\"og:image:height\" content=\"341\" \/>\n\t<meta property=\"og:image:type\" content=\"image\/jpeg\" \/>\n<script type=\"application\/ld+json\" class=\"yoast-schema-graph\">{\"@context\":\"https:\/\/schema.org\",\"@graph\":[{\"@type\":\"WebPage\",\"@id\":\"https:\/\/urologiagirona.com\/fr\/vasectomie\/\",\"url\":\"https:\/\/urologiagirona.com\/fr\/vasectomie\/\",\"name\":\"Vasectomie - Urologia Girona\",\"isPartOf\":{\"@id\":\"https:\/\/urologiagirona.com\/#website\"},\"datePublished\":\"2021-05-07T09:44:53+00:00\",\"breadcrumb\":{\"@id\":\"https:\/\/urologiagirona.com\/fr\/vasectomie\/#breadcrumb\"},\"inLanguage\":\"fr-FR\",\"potentialAction\":[{\"@type\":\"ReadAction\",\"target\":[\"https:\/\/urologiagirona.com\/fr\/vasectomie\/\"]}]},{\"@type\":\"BreadcrumbList\",\"@id\":\"https:\/\/urologiagirona.com\/fr\/vasectomie\/#breadcrumb\",\"itemListElement\":[{\"@type\":\"ListItem\",\"position\":1,\"name\":\"Inici\",\"item\":\"https:\/\/urologiagirona.com\/\"},{\"@type\":\"ListItem\",\"position\":2,\"name\":\"Vasectomie\"}]},{\"@type\":\"WebSite\",\"@id\":\"https:\/\/urologiagirona.com\/#website\",\"url\":\"https:\/\/urologiagirona.com\/\",\"name\":\"Urologia Girona \/ Cl\u00ednica Urologia Girona\",\"description\":\"Som especialistes en cirurgia rob\u00f2tica i m\u00ednimament invasiva per el tractament de patologia prost\u00e0tica ( l\u00e0ser de pr\u00f2stata, Robot Da Vinci, ter\u00e0pia focal), patologia renal (c\u00e0ncer, litiasis, cirurgia rob\u00f2tica i laparosc\u00f2pia) i vesical (tumors de bufeta).\",\"publisher\":{\"@id\":\"https:\/\/urologiagirona.com\/#organization\"},\"alternateName\":\"Cl\u00ednica Urologia Girona\",\"potentialAction\":[{\"@type\":\"SearchAction\",\"target\":{\"@type\":\"EntryPoint\",\"urlTemplate\":\"https:\/\/urologiagirona.com\/?s={search_term_string}\"},\"query-input\":{\"@type\":\"PropertyValueSpecification\",\"valueRequired\":true,\"valueName\":\"search_term_string\"}}],\"inLanguage\":\"fr-FR\"},{\"@type\":\"Organization\",\"@id\":\"https:\/\/urologiagirona.com\/#organization\",\"name\":\"Urologia Girona \/ Cl\u00ednica Urologia Girona\",\"url\":\"https:\/\/urologiagirona.com\/\",\"logo\":{\"@type\":\"ImageObject\",\"inLanguage\":\"fr-FR\",\"@id\":\"https:\/\/urologiagirona.com\/#\/schema\/logo\/image\/\",\"url\":\"https:\/\/urologiagirona.com\/wp-content\/uploads\/2020\/11\/logo_urologia_girona.jpg\",\"contentUrl\":\"https:\/\/urologiagirona.com\/wp-content\/uploads\/2020\/11\/logo_urologia_girona.jpg\",\"width\":600,\"height\":341,\"caption\":\"Urologia Girona \/ Cl\u00ednica Urologia Girona\"},\"image\":{\"@id\":\"https:\/\/urologiagirona.com\/#\/schema\/logo\/image\/\"}}]}<\/script>\n<!-- \/ Yoast SEO plugin. -->","yoast_head_json":{"title":"Vasectomie - Urologia Girona","robots":{"index":"index","follow":"follow","max-snippet":"max-snippet:-1","max-image-preview":"max-image-preview:large","max-video-preview":"max-video-preview:-1"},"canonical":"https:\/\/urologiagirona.com\/fr\/vasectomie\/","og_locale":"fr_FR","og_type":"article","og_title":"Vasectomie - Urologia Girona","og_description":"La vasectomie est une st\u00e9rilisation et une m\u00e9thode de contraception g\u00e9n\u00e9ralement permanente, consistant en le ligature et la section des conduits. Faisant, en peu de temps, que le sperme ne contient pas de spermatozo\u00efde. Sous anesth\u00e9sie, une petite incision est pratiqu\u00e9e dans la partie ant\u00e9rieure du scrotum. Les canaux s\u00e9minaux sont coup\u00e9s et attach\u00e9s apr\u00e8s [&hellip;]","og_url":"https:\/\/urologiagirona.com\/fr\/vasectomie\/","og_site_name":"Urologia Girona","og_image":[{"width":600,"height":341,"url":"https:\/\/urologiagirona.com\/wp-content\/uploads\/2020\/11\/logo_urologia_girona.jpg","type":"image\/jpeg"}],"schema":{"@context":"https:\/\/schema.org","@graph":[{"@type":"WebPage","@id":"https:\/\/urologiagirona.com\/fr\/vasectomie\/","url":"https:\/\/urologiagirona.com\/fr\/vasectomie\/","name":"Vasectomie - Urologia Girona","isPartOf":{"@id":"https:\/\/urologiagirona.com\/#website"},"datePublished":"2021-05-07T09:44:53+00:00","breadcrumb":{"@id":"https:\/\/urologiagirona.com\/fr\/vasectomie\/#breadcrumb"},"inLanguage":"fr-FR","potentialAction":[{"@type":"ReadAction","target":["https:\/\/urologiagirona.com\/fr\/vasectomie\/"]}]},{"@type":"BreadcrumbList","@id":"https:\/\/urologiagirona.com\/fr\/vasectomie\/#breadcrumb","itemListElement":[{"@type":"ListItem","position":1,"name":"Inici","item":"https:\/\/urologiagirona.com\/"},{"@type":"ListItem","position":2,"name":"Vasectomie"}]},{"@type":"WebSite","@id":"https:\/\/urologiagirona.com\/#website","url":"https:\/\/urologiagirona.com\/","name":"Urologia Girona \/ Cl\u00ednica Urologia Girona","description":"Som especialistes en cirurgia rob\u00f2tica i m\u00ednimament invasiva per el tractament de patologia prost\u00e0tica ( l\u00e0ser de pr\u00f2stata, Robot Da Vinci, ter\u00e0pia focal), patologia renal (c\u00e0ncer, litiasis, cirurgia rob\u00f2tica i laparosc\u00f2pia) i vesical (tumors de bufeta).","publisher":{"@id":"https:\/\/urologiagirona.com\/#organization"},"alternateName":"Cl\u00ednica Urologia Girona","potentialAction":[{"@type":"SearchAction","target":{"@type":"EntryPoint","urlTemplate":"https:\/\/urologiagirona.com\/?s={search_term_string}"},"query-input":{"@type":"PropertyValueSpecification","valueRequired":true,"valueName":"search_term_string"}}],"inLanguage":"fr-FR"},{"@type":"Organization","@id":"https:\/\/urologiagirona.com\/#organization","name":"Urologia Girona \/ Cl\u00ednica Urologia Girona","url":"https:\/\/urologiagirona.com\/","logo":{"@type":"ImageObject","inLanguage":"fr-FR","@id":"https:\/\/urologiagirona.com\/#\/schema\/logo\/image\/","url":"https:\/\/urologiagirona.com\/wp-content\/uploads\/2020\/11\/logo_urologia_girona.jpg","contentUrl":"https:\/\/urologiagirona.com\/wp-content\/uploads\/2020\/11\/logo_urologia_girona.jpg","width":600,"height":341,"caption":"Urologia Girona \/ Cl\u00ednica Urologia Girona"},"image":{"@id":"https:\/\/urologiagirona.com\/#\/schema\/logo\/image\/"}}]}},"_links":{"self":[{"href":"https:\/\/urologiagirona.com\/fr\/wp-json\/wp\/v2\/pages\/806","targetHints":{"allow":["GET"]}}],"collection":[{"href":"https:\/\/urologiagirona.com\/fr\/wp-json\/wp\/v2\/pages"}],"about":[{"href":"https:\/\/urologiagirona.com\/fr\/wp-json\/wp\/v2\/types\/page"}],"author":[{"embeddable":true,"href":"https:\/\/urologiagirona.com\/fr\/wp-json\/wp\/v2\/users\/1"}],"replies":[{"embeddable":true,"href":"https:\/\/urologiagirona.com\/fr\/wp-json\/wp\/v2\/comments?post=806"}],"version-history":[{"count":0,"href":"https:\/\/urologiagirona.com\/fr\/wp-json\/wp\/v2\/pages\/806\/revisions"}],"wp:attachment":[{"href":"https:\/\/urologiagirona.com\/fr\/wp-json\/wp\/v2\/media?parent=806"}],"curies":[{"name":"wp","href":"https:\/\/api.w.org\/{rel}","templated":true}]}}