{"id":804,"date":"2021-05-07T11:41:16","date_gmt":"2021-05-07T09:41:16","guid":{"rendered":"https:\/\/urologiagirona.com\/phimosis\/"},"modified":"2021-05-07T11:42:26","modified_gmt":"2021-05-07T09:42:26","slug":"phimosis","status":"publish","type":"page","link":"https:\/\/urologiagirona.com\/fr\/phimosis\/","title":{"rendered":"Phimosis"},"content":{"rendered":"<p><strong>Le phimosis est une anomalie de la peau du p\u00e9nis (pr\u00e9puce) qui alt\u00e8re la m\u00e9canique de cet organe.<\/strong> Et par cons\u00e9quent, il emp\u00eache la r\u00e9traction compl\u00e8te du pr\u00e9puce laissant le gland expos\u00e9.<\/p>\n<p>Contrairement \u00e0 ce que beaucoup de gens pensent, ce n&rsquo;est pas une pathologie exclusive de l&rsquo;enfance et <strong>peut survenir \u00e0 tout \u00e2ge et, si elle n&rsquo;est pas r\u00e9solue, peut entra\u00eener des difficult\u00e9s d&rsquo;\u00e9rection, une g\u00eane lors des rapports sexuels.<\/strong> Laiss\u00e9 \u00e0 son \u00e9volution naturelle, il peut au fil des ann\u00e9es produire une insuffisance r\u00e9nale obstructive en ne vidant pas la vessie ou d\u00e9clenchant le cancer du p\u00e9nis.<\/p>\n<h4><strong>La solution est d&rsquo;op\u00e9rer chirurgicalement en pratiquant la circoncision.<\/strong><\/h4>\n","protected":false},"excerpt":{"rendered":"<p>Le phimosis est une anomalie de la peau du p\u00e9nis (pr\u00e9puce) qui alt\u00e8re la m\u00e9canique de cet organe. Et par cons\u00e9quent, il emp\u00eache la r\u00e9traction compl\u00e8te du pr\u00e9puce laissant le gland expos\u00e9. Contrairement \u00e0 ce que beaucoup de gens pensent, ce n&rsquo;est pas une pathologie exclusive de l&rsquo;enfance et peut survenir \u00e0 tout \u00e2ge et, [&hellip;]<\/p>\n","protected":false},"author":1,"featured_media":0,"parent":0,"menu_order":0,"comment_status":"closed","ping_status":"closed","template":"","meta":{"_et_pb_use_builder":"off","_et_pb_old_content":"","_et_gb_content_width":"","footnotes":""},"class_list":["post-804","page","type-page","status-publish","hentry"],"yoast_head":"<!-- This site is optimized with the Yoast SEO plugin v25.8 - https:\/\/yoast.com\/wordpress\/plugins\/seo\/ -->\n<title>Phimosis - Urologia Girona<\/title>\n<meta name=\"robots\" content=\"index, follow, max-snippet:-1, max-image-preview:large, max-video-preview:-1\" \/>\n<link rel=\"canonical\" href=\"https:\/\/urologiagirona.com\/fr\/phimosis\/\" \/>\n<meta property=\"og:locale\" content=\"fr_FR\" \/>\n<meta property=\"og:type\" content=\"article\" \/>\n<meta property=\"og:title\" content=\"Phimosis - Urologia Girona\" \/>\n<meta property=\"og:description\" content=\"Le phimosis est une anomalie de la peau du p\u00e9nis (pr\u00e9puce) qui alt\u00e8re la m\u00e9canique de cet organe. Et par cons\u00e9quent, il emp\u00eache la r\u00e9traction compl\u00e8te du pr\u00e9puce laissant le gland expos\u00e9. Contrairement \u00e0 ce que beaucoup de gens pensent, ce n&rsquo;est pas une pathologie exclusive de l&rsquo;enfance et peut survenir \u00e0 tout \u00e2ge et, [&hellip;]\" \/>\n<meta property=\"og:url\" content=\"https:\/\/urologiagirona.com\/fr\/phimosis\/\" \/>\n<meta property=\"og:site_name\" content=\"Urologia Girona\" \/>\n<meta property=\"article:modified_time\" content=\"2021-05-07T09:42:26+00:00\" \/>\n<meta property=\"og:image\" content=\"https:\/\/urologiagirona.com\/wp-content\/uploads\/2020\/11\/logo_urologia_girona.jpg\" \/>\n\t<meta property=\"og:image:width\" content=\"600\" \/>\n\t<meta property=\"og:image:height\" content=\"341\" \/>\n\t<meta property=\"og:image:type\" content=\"image\/jpeg\" \/>\n<script type=\"application\/ld+json\" class=\"yoast-schema-graph\">{\"@context\":\"https:\/\/schema.org\",\"@graph\":[{\"@type\":\"WebPage\",\"@id\":\"https:\/\/urologiagirona.com\/fr\/phimosis\/\",\"url\":\"https:\/\/urologiagirona.com\/fr\/phimosis\/\",\"name\":\"Phimosis - Urologia Girona\",\"isPartOf\":{\"@id\":\"https:\/\/urologiagirona.com\/#website\"},\"datePublished\":\"2021-05-07T09:41:16+00:00\",\"dateModified\":\"2021-05-07T09:42:26+00:00\",\"breadcrumb\":{\"@id\":\"https:\/\/urologiagirona.com\/fr\/phimosis\/#breadcrumb\"},\"inLanguage\":\"fr-FR\",\"potentialAction\":[{\"@type\":\"ReadAction\",\"target\":[\"https:\/\/urologiagirona.com\/fr\/phimosis\/\"]}]},{\"@type\":\"BreadcrumbList\",\"@id\":\"https:\/\/urologiagirona.com\/fr\/phimosis\/#breadcrumb\",\"itemListElement\":[{\"@type\":\"ListItem\",\"position\":1,\"name\":\"Inici\",\"item\":\"https:\/\/urologiagirona.com\/\"},{\"@type\":\"ListItem\",\"position\":2,\"name\":\"Phimosis\"}]},{\"@type\":\"WebSite\",\"@id\":\"https:\/\/urologiagirona.com\/#website\",\"url\":\"https:\/\/urologiagirona.com\/\",\"name\":\"Urologia Girona \/ Cl\u00ednica Urologia Girona\",\"description\":\"Som especialistes en cirurgia rob\u00f2tica i m\u00ednimament invasiva per el tractament de patologia prost\u00e0tica ( l\u00e0ser de pr\u00f2stata, Robot Da Vinci, ter\u00e0pia focal), patologia renal (c\u00e0ncer, litiasis, cirurgia rob\u00f2tica i laparosc\u00f2pia) i vesical (tumors de bufeta).\",\"publisher\":{\"@id\":\"https:\/\/urologiagirona.com\/#organization\"},\"alternateName\":\"Cl\u00ednica Urologia Girona\",\"potentialAction\":[{\"@type\":\"SearchAction\",\"target\":{\"@type\":\"EntryPoint\",\"urlTemplate\":\"https:\/\/urologiagirona.com\/?s={search_term_string}\"},\"query-input\":{\"@type\":\"PropertyValueSpecification\",\"valueRequired\":true,\"valueName\":\"search_term_string\"}}],\"inLanguage\":\"fr-FR\"},{\"@type\":\"Organization\",\"@id\":\"https:\/\/urologiagirona.com\/#organization\",\"name\":\"Urologia Girona \/ Cl\u00ednica Urologia Girona\",\"url\":\"https:\/\/urologiagirona.com\/\",\"logo\":{\"@type\":\"ImageObject\",\"inLanguage\":\"fr-FR\",\"@id\":\"https:\/\/urologiagirona.com\/#\/schema\/logo\/image\/\",\"url\":\"https:\/\/urologiagirona.com\/wp-content\/uploads\/2020\/11\/logo_urologia_girona.jpg\",\"contentUrl\":\"https:\/\/urologiagirona.com\/wp-content\/uploads\/2020\/11\/logo_urologia_girona.jpg\",\"width\":600,\"height\":341,\"caption\":\"Urologia Girona \/ Cl\u00ednica Urologia Girona\"},\"image\":{\"@id\":\"https:\/\/urologiagirona.com\/#\/schema\/logo\/image\/\"}}]}<\/script>\n<!-- \/ Yoast SEO plugin. -->","yoast_head_json":{"title":"Phimosis - Urologia Girona","robots":{"index":"index","follow":"follow","max-snippet":"max-snippet:-1","max-image-preview":"max-image-preview:large","max-video-preview":"max-video-preview:-1"},"canonical":"https:\/\/urologiagirona.com\/fr\/phimosis\/","og_locale":"fr_FR","og_type":"article","og_title":"Phimosis - Urologia Girona","og_description":"Le phimosis est une anomalie de la peau du p\u00e9nis (pr\u00e9puce) qui alt\u00e8re la m\u00e9canique de cet organe. Et par cons\u00e9quent, il emp\u00eache la r\u00e9traction compl\u00e8te du pr\u00e9puce laissant le gland expos\u00e9. Contrairement \u00e0 ce que beaucoup de gens pensent, ce n&rsquo;est pas une pathologie exclusive de l&rsquo;enfance et peut survenir \u00e0 tout \u00e2ge et, [&hellip;]","og_url":"https:\/\/urologiagirona.com\/fr\/phimosis\/","og_site_name":"Urologia Girona","article_modified_time":"2021-05-07T09:42:26+00:00","og_image":[{"width":600,"height":341,"url":"https:\/\/urologiagirona.com\/wp-content\/uploads\/2020\/11\/logo_urologia_girona.jpg","type":"image\/jpeg"}],"schema":{"@context":"https:\/\/schema.org","@graph":[{"@type":"WebPage","@id":"https:\/\/urologiagirona.com\/fr\/phimosis\/","url":"https:\/\/urologiagirona.com\/fr\/phimosis\/","name":"Phimosis - Urologia Girona","isPartOf":{"@id":"https:\/\/urologiagirona.com\/#website"},"datePublished":"2021-05-07T09:41:16+00:00","dateModified":"2021-05-07T09:42:26+00:00","breadcrumb":{"@id":"https:\/\/urologiagirona.com\/fr\/phimosis\/#breadcrumb"},"inLanguage":"fr-FR","potentialAction":[{"@type":"ReadAction","target":["https:\/\/urologiagirona.com\/fr\/phimosis\/"]}]},{"@type":"BreadcrumbList","@id":"https:\/\/urologiagirona.com\/fr\/phimosis\/#breadcrumb","itemListElement":[{"@type":"ListItem","position":1,"name":"Inici","item":"https:\/\/urologiagirona.com\/"},{"@type":"ListItem","position":2,"name":"Phimosis"}]},{"@type":"WebSite","@id":"https:\/\/urologiagirona.com\/#website","url":"https:\/\/urologiagirona.com\/","name":"Urologia Girona \/ Cl\u00ednica Urologia Girona","description":"Som especialistes en cirurgia rob\u00f2tica i m\u00ednimament invasiva per el tractament de patologia prost\u00e0tica ( l\u00e0ser de pr\u00f2stata, Robot Da Vinci, ter\u00e0pia focal), patologia renal (c\u00e0ncer, litiasis, cirurgia rob\u00f2tica i laparosc\u00f2pia) i vesical (tumors de bufeta).","publisher":{"@id":"https:\/\/urologiagirona.com\/#organization"},"alternateName":"Cl\u00ednica Urologia Girona","potentialAction":[{"@type":"SearchAction","target":{"@type":"EntryPoint","urlTemplate":"https:\/\/urologiagirona.com\/?s={search_term_string}"},"query-input":{"@type":"PropertyValueSpecification","valueRequired":true,"valueName":"search_term_string"}}],"inLanguage":"fr-FR"},{"@type":"Organization","@id":"https:\/\/urologiagirona.com\/#organization","name":"Urologia Girona \/ Cl\u00ednica Urologia Girona","url":"https:\/\/urologiagirona.com\/","logo":{"@type":"ImageObject","inLanguage":"fr-FR","@id":"https:\/\/urologiagirona.com\/#\/schema\/logo\/image\/","url":"https:\/\/urologiagirona.com\/wp-content\/uploads\/2020\/11\/logo_urologia_girona.jpg","contentUrl":"https:\/\/urologiagirona.com\/wp-content\/uploads\/2020\/11\/logo_urologia_girona.jpg","width":600,"height":341,"caption":"Urologia Girona \/ Cl\u00ednica Urologia Girona"},"image":{"@id":"https:\/\/urologiagirona.com\/#\/schema\/logo\/image\/"}}]}},"_links":{"self":[{"href":"https:\/\/urologiagirona.com\/fr\/wp-json\/wp\/v2\/pages\/804","targetHints":{"allow":["GET"]}}],"collection":[{"href":"https:\/\/urologiagirona.com\/fr\/wp-json\/wp\/v2\/pages"}],"about":[{"href":"https:\/\/urologiagirona.com\/fr\/wp-json\/wp\/v2\/types\/page"}],"author":[{"embeddable":true,"href":"https:\/\/urologiagirona.com\/fr\/wp-json\/wp\/v2\/users\/1"}],"replies":[{"embeddable":true,"href":"https:\/\/urologiagirona.com\/fr\/wp-json\/wp\/v2\/comments?post=804"}],"version-history":[{"count":1,"href":"https:\/\/urologiagirona.com\/fr\/wp-json\/wp\/v2\/pages\/804\/revisions"}],"predecessor-version":[{"id":805,"href":"https:\/\/urologiagirona.com\/fr\/wp-json\/wp\/v2\/pages\/804\/revisions\/805"}],"wp:attachment":[{"href":"https:\/\/urologiagirona.com\/fr\/wp-json\/wp\/v2\/media?parent=804"}],"curies":[{"name":"wp","href":"https:\/\/api.w.org\/{rel}","templated":true}]}}