{"id":1177,"date":"2025-06-02T08:20:27","date_gmt":"2025-06-02T06:20:27","guid":{"rendered":"https:\/\/urologiagirona.com\/?page_id=1177"},"modified":"2025-06-03T11:42:15","modified_gmt":"2025-06-03T09:42:15","slug":"elementor-1177","status":"publish","type":"page","link":"https:\/\/urologiagirona.com\/fr\/","title":{"rendered":"Elementor #1177"},"content":{"rendered":"\t\t<div data-elementor-type=\"wp-page\" data-elementor-id=\"1177\" class=\"elementor elementor-1177\" data-elementor-post-type=\"page\">\n\t\t\t\t<div class=\"elementor-element elementor-element-72163d55 e-flex e-con-boxed e-con e-parent\" data-id=\"72163d55\" data-element_type=\"container\">\n\t\t\t\t\t<div class=\"e-con-inner\">\n\t\t\t\t<div class=\"elementor-element elementor-element-5daad744 elementor-widget elementor-widget-text-editor\" data-id=\"5daad744\" data-element_type=\"widget\" data-widget_type=\"text-editor.default\">\n\t\t\t\t<div class=\"elementor-widget-container\">\n\t\t\t\t\t\t\t\t\t\t\t\t\t\t\t\t\t<\/div>\n\t\t\t\t<\/div>\n\t\t\t\t\t<\/div>\n\t\t\t\t<\/div>\n\t\t<div class=\"elementor-element elementor-element-3342bfb e-con-full e-flex e-con e-parent\" data-id=\"3342bfb\" data-element_type=\"container\">\n\t\t\t\t<div class=\"elementor-element elementor-element-d2ba192 elementor--h-position-center elementor--v-position-middle elementor-arrows-position-inside elementor-pagination-position-inside elementor-widget elementor-widget-slides\" data-id=\"d2ba192\" data-element_type=\"widget\" data-settings=\"{&quot;navigation&quot;:&quot;both&quot;,&quot;autoplay&quot;:&quot;yes&quot;,&quot;pause_on_hover&quot;:&quot;yes&quot;,&quot;pause_on_interaction&quot;:&quot;yes&quot;,&quot;autoplay_speed&quot;:5000,&quot;infinite&quot;:&quot;yes&quot;,&quot;transition&quot;:&quot;slide&quot;,&quot;transition_speed&quot;:500}\" data-widget_type=\"slides.default\">\n\t\t\t\t<div class=\"elementor-widget-container\">\n\t\t\t\t\t\t\t\t\t<div class=\"elementor-swiper\">\n\t\t\t\t\t<div class=\"elementor-slides-wrapper elementor-main-swiper swiper\" role=\"region\" aria-roledescription=\"carousel\" aria-label=\"Slides\" dir=\"ltr\" data-animation=\"fadeInUp\">\n\t\t\t\t<div class=\"swiper-wrapper elementor-slides\">\n\t\t\t\t\t\t\t\t\t\t<div class=\"elementor-repeater-item-c4a47c4 swiper-slide\" role=\"group\" aria-roledescription=\"slide\"><div class=\"swiper-slide-bg\" role=\"img\"><\/div><a class=\"swiper-slide-inner\" href=\"https:\/\/urologiagirona.com\/fr\/oncologie-urologique\/\"><div class=\"swiper-slide-contents\"><div class=\"elementor-slide-heading\">Urologia Girona <\/div><div class=\"elementor-slide-description\">Votre sant\u00e9 entre nos mains<\/div><div  class=\"elementor-button elementor-slide-button elementor-size-md\">NOS SERVICES<\/div><\/div><\/a><\/div><div class=\"elementor-repeater-item-5037ca5 swiper-slide\" role=\"group\" aria-roledescription=\"slide\"><div class=\"swiper-slide-bg\" role=\"img\"><\/div><a class=\"swiper-slide-inner\" href=\"https:\/\/urologiagirona.com\/fr\/qui-sommes-nous\/\"><div class=\"swiper-slide-contents\"><div class=\"elementor-slide-heading\">QUI SOMMES NOUS<\/div><div class=\"elementor-slide-description\">Doctor Boix i Doctor Comet<\/div><div  class=\"elementor-button elementor-slide-button elementor-size-md\">onsultez notre \u00e9quipe<\/div><\/div><\/a><\/div><div class=\"elementor-repeater-item-c62e5b0 swiper-slide\" role=\"group\" aria-roledescription=\"slide\"><div class=\"swiper-slide-bg\" role=\"img\"><\/div><a class=\"swiper-slide-inner\" href=\"https:\/\/urologiagirona.com\/fr\/la-robotique-da-vinci\/\"><div class=\"swiper-slide-contents\"><div class=\"elementor-slide-heading\">La meilleure \u00e9quipe<\/div><div class=\"elementor-slide-description\">Nous utilisons des \u00e9quipements de pointe pour offrir les meilleures et les derni\u00e8res solutions dans le domaine urologique: chirurgie mini-invasive, chirurgie laparoscopique, chirurgie endoscopique au laser.<\/div><div  class=\"elementor-button elementor-slide-button elementor-size-md\">Rob\u00f3tica Da Vinci<\/div><\/div><\/a><\/div>\t\t\t\t<\/div>\n\t\t\t\t\t\t\t\t\t\t\t\t\t\t\t<div class=\"elementor-swiper-button elementor-swiper-button-prev\" role=\"button\" tabindex=\"0\" aria-label=\"Diapositive pr\u00e9c\u00e9dente\">\n\t\t\t\t\t\t\t<svg aria-hidden=\"true\" class=\"e-font-icon-svg e-eicon-chevron-left\" viewBox=\"0 0 1000 1000\" xmlns=\"http:\/\/www.w3.org\/2000\/svg\"><path d=\"M646 125C629 125 613 133 604 142L308 442C296 454 292 471 292 487 292 504 296 521 308 533L604 854C617 867 629 875 646 875 663 875 679 871 692 858 704 846 713 829 713 812 713 796 708 779 692 767L438 487 692 225C700 217 708 204 708 187 708 171 704 154 692 142 675 129 663 125 646 125Z\"><\/path><\/svg>\t\t\t\t\t\t<\/div>\n\t\t\t\t\t\t<div class=\"elementor-swiper-button elementor-swiper-button-next\" role=\"button\" tabindex=\"0\" aria-label=\"Diapositive suivante\">\n\t\t\t\t\t\t\t<svg aria-hidden=\"true\" class=\"e-font-icon-svg e-eicon-chevron-right\" viewBox=\"0 0 1000 1000\" xmlns=\"http:\/\/www.w3.org\/2000\/svg\"><path d=\"M696 533C708 521 713 504 713 487 713 471 708 454 696 446L400 146C388 133 375 125 354 125 338 125 325 129 313 142 300 154 292 171 292 187 292 204 296 221 308 233L563 492 304 771C292 783 288 800 288 817 288 833 296 850 308 863 321 871 338 875 354 875 371 875 388 867 400 854L696 533Z\"><\/path><\/svg>\t\t\t\t\t\t<\/div>\n\t\t\t\t\t\t\t\t\t\t\t\t\t\t\t\t<div class=\"swiper-pagination\"><\/div>\n\t\t\t\t\t\t\t\t\t\t\t\t<\/div>\n\t\t\t\t<\/div>\n\t\t\t\t\t\t\t\t<\/div>\n\t\t\t\t<\/div>\n\t\t\t\t<\/div>\n\t\t<div class=\"elementor-element elementor-element-7f5687b e-grid e-con-boxed e-con e-parent\" data-id=\"7f5687b\" data-element_type=\"container\">\n\t\t\t\t\t<div class=\"e-con-inner\">\n\t\t\t\t<div class=\"elementor-element elementor-element-3557f7d elementor-widget elementor-widget-text-editor\" data-id=\"3557f7d\" data-element_type=\"widget\" data-widget_type=\"text-editor.default\">\n\t\t\t\t<div class=\"elementor-widget-container\">\n\t\t\t\t\t\t\t\t\t<h3><span style=\"color: #ffffff;\"><strong>Nous sommes des sp\u00e9cialistes<\/strong><\/span><\/h3>\n<p>Nous sommes sp\u00e9cialis\u00e9s dans la chirurgie robotique et mini-invasive pour le traitement de la pathologie de la prostate\u00a0 (\u00a0<a href=\"https:\/\/urologiagirona.com\/fr\/prostate-laser\/\">Laser prostatique<\/a>,\u00a0<a href=\"https:\/\/urologiagirona.com\/fr\/la-robotique-da-vinci\/\">robot Da Vinci<\/a>,\u00a0<a href=\"https:\/\/urologiagirona.com\/fr\/biopsie-par-fusion-et-therapie-focale\/\">th\u00e9rapie focale<\/a>), pathologie r\u00e9nale (<a href=\"https:\/\/urologiagirona.com\/fr\/oncologie-urologique\/\">cancer<\/a>,\u00a0<a href=\"https:\/\/urologiagirona.com\/fr\/lithiase\/\">lithiase<\/a>,\u00a0<a href=\"https:\/\/urologiagirona.com\/fr\/la-robotique-da-vinci\/\">chirurgie robotique<\/a>\u00a0et\u00a0<a href=\"https:\/\/urologiagirona.com\/fr\/chirurgie-laparoscopie-3d\/\">laparoscopie<\/a>) et vessie (tumeurs de la vessie).<\/p>\t\t\t\t\t\t\t\t<\/div>\n\t\t\t\t<\/div>\n\t\t\t\t<div class=\"elementor-element elementor-element-24ba2c6 elementor-widget elementor-widget-text-editor\" data-id=\"24ba2c6\" data-element_type=\"widget\" data-widget_type=\"text-editor.default\">\n\t\t\t\t<div class=\"elementor-widget-container\">\n\t\t\t\t\t\t\t\t\t<h3><span style=\"color: #ffffff;\"><strong>La meilleure technologie<\/strong><\/span><\/h3>\n<p>Nous utilisons des \u00e9quipements de pointe pour offrir les meilleures et les derni\u00e8res solutions dans le domaine de l\u2019urologie, de la\u00a0<a href=\"https:\/\/urologiagirona.com\/fr\/chirurgie-laparoscopie-3d\/\">chirurgie mini-invasive<\/a>,\u00a0<a href=\"https:\/\/urologiagirona.com\/fr\/chirurgie-laparoscopie-3d\/\">chirurgie laparoscopique 3D<\/a>, de la chirurgie endoscopique au laser et\u00a0<a href=\"https:\/\/urologiagirona.com\/fr\/la-robotique-da-vinci\/\">de la chirurgie robotique (Da Vinci).<\/a><\/p>\t\t\t\t\t\t\t\t<\/div>\n\t\t\t\t<\/div>\n\t\t\t\t<div class=\"elementor-element elementor-element-c0ef732 elementor-widget elementor-widget-text-editor\" data-id=\"c0ef732\" data-element_type=\"widget\" data-widget_type=\"text-editor.default\">\n\t\t\t\t<div class=\"elementor-widget-container\">\n\t\t\t\t\t\t\t\t\t<h3><span style=\"color: #ffffff;\"><strong>Nous nous concentrons sur<\/strong><\/span><\/h3>\n<p>En dehors de l\u2019urologie oncologique, nous nous concentrons \u00e9galement sur le\u00a0<a href=\"https:\/\/urologiagirona.com\/fr\/chirurgie-reconstructive-et-chirurgie-uretrale\/\">traitement de la chirurgie reconstructive ur\u00e9trale<\/a>\u00a0(st\u00e9nose ur\u00e9trale)\u00a0<a href=\"https:\/\/urologiagirona.com\/fr\/incontinence-urinaire\/\">Chirurgie et andrologie de l\u2019incontinence urinaire.<\/a><\/p>\t\t\t\t\t\t\t\t<\/div>\n\t\t\t\t<\/div>\n\t\t\t\t\t<\/div>\n\t\t\t\t<\/div>\n\t\t<div class=\"elementor-element elementor-element-6871ad6 e-flex e-con-boxed e-con e-parent\" data-id=\"6871ad6\" data-element_type=\"container\">\n\t\t\t\t\t<div class=\"e-con-inner\">\n\t\t<div class=\"elementor-element elementor-element-1acf01e e-con-full e-flex e-con e-child\" data-id=\"1acf01e\" data-element_type=\"container\">\n\t\t\t\t<div class=\"elementor-element elementor-element-393f7fe elementor-position-top elementor-widget elementor-widget-image-box\" data-id=\"393f7fe\" data-element_type=\"widget\" data-widget_type=\"image-box.default\">\n\t\t\t\t<div class=\"elementor-widget-container\">\n\t\t\t\t\t<div class=\"elementor-image-box-wrapper\"><figure class=\"elementor-image-box-img\"><img fetchpriority=\"high\" fetchpriority=\"high\" decoding=\"async\" width=\"2560\" height=\"1707\" src=\"https:\/\/urologiagirona.com\/wp-content\/uploads\/2020\/11\/uretroplastia-scaled.jpg\" class=\"attachment-full size-full wp-image-546\" alt=\"\" srcset=\"https:\/\/urologiagirona.com\/wp-content\/uploads\/2020\/11\/uretroplastia-scaled.jpg 2560w, https:\/\/urologiagirona.com\/wp-content\/uploads\/2020\/11\/uretroplastia-300x200.jpg 300w, https:\/\/urologiagirona.com\/wp-content\/uploads\/2020\/11\/uretroplastia-1024x683.jpg 1024w, https:\/\/urologiagirona.com\/wp-content\/uploads\/2020\/11\/uretroplastia-768x512.jpg 768w, https:\/\/urologiagirona.com\/wp-content\/uploads\/2020\/11\/uretroplastia-1536x1024.jpg 1536w, https:\/\/urologiagirona.com\/wp-content\/uploads\/2020\/11\/uretroplastia-2048x1365.jpg 2048w, https:\/\/urologiagirona.com\/wp-content\/uploads\/2020\/11\/uretroplastia-1080x720.jpg 1080w\" sizes=\"(max-width: 2560px) 100vw, 2560px\" \/><\/figure><div class=\"elementor-image-box-content\"><h3 class=\"elementor-image-box-title\">O\u00f9 sommes-nous<\/h3><p class=\"elementor-image-box-description\">Nous exer\u00e7ons notre activit\u00e9 chirurgicale principalement dans le Causse Cl\u00ednic (anciennement Onyar) \u00e0 G\u00e9rone. Nous sommes aussi p\u00e9sents dans d\u2019autres centres tels que: l\u2019Institut Catal\u00e0 de Serveis M\u00e8dics, \u00e0 G\u00e9rone, et le Centre Noum\u00e8dic \u00e0 Figueres.<\/p><\/div><\/div>\t\t\t\t<\/div>\n\t\t\t\t<\/div>\n\t\t\t\t<\/div>\n\t\t<div class=\"elementor-element elementor-element-7b08394 e-con-full e-flex e-con e-child\" data-id=\"7b08394\" data-element_type=\"container\">\n\t\t\t\t<div class=\"elementor-element elementor-element-8b2dc83 elementor-position-top elementor-widget elementor-widget-image-box\" data-id=\"8b2dc83\" data-element_type=\"widget\" data-widget_type=\"image-box.default\">\n\t\t\t\t<div class=\"elementor-widget-container\">\n\t\t\t\t\t<div class=\"elementor-image-box-wrapper\"><figure class=\"elementor-image-box-img\"><img decoding=\"async\" width=\"2560\" height=\"1707\" src=\"https:\/\/urologiagirona.com\/wp-content\/uploads\/2020\/11\/biopsai-de-prostata-scaled.jpg\" class=\"attachment-full size-full wp-image-551\" alt=\"\" srcset=\"https:\/\/urologiagirona.com\/wp-content\/uploads\/2020\/11\/biopsai-de-prostata-scaled.jpg 2560w, https:\/\/urologiagirona.com\/wp-content\/uploads\/2020\/11\/biopsai-de-prostata-1280x720.jpg 1280w, https:\/\/urologiagirona.com\/wp-content\/uploads\/2020\/11\/biopsai-de-prostata-980x551.jpg 980w, https:\/\/urologiagirona.com\/wp-content\/uploads\/2020\/11\/biopsai-de-prostata-480x270.jpg 480w\" sizes=\"(min-width: 0px) and (max-width: 480px) 480px, (min-width: 481px) and (max-width: 980px) 980px, (min-width: 981px) and (max-width: 1280px) 1280px, (min-width: 1281px) 2560px, 100vw\" \/><\/figure><div class=\"elementor-image-box-content\"><h3 class=\"elementor-image-box-title\">Contacter<\/h3><p class=\"elementor-image-box-description\">Contactez-nous pour une premi\u00e8re visite et \u00e9valuez votre cas. Ou vous pouvez le faire via le formulaire de contact et par t\u00e9l\u00e9phone: +34 972 204 900, ou par e-mail info@urologiagirona.com<\/p><\/div><\/div>\t\t\t\t<\/div>\n\t\t\t\t<\/div>\n\t\t\t\t<\/div>\n\t\t\t\t\t<\/div>\n\t\t\t\t<\/div>\n\t\t\t\t<\/div>\n\t\t","protected":false},"excerpt":{"rendered":"<p>Urologia Girona Votre sant\u00e9 entre nos mainsNOS SERVICESQUI SOMMES NOUSDoctor Boix i Doctor Cometonsultez notre \u00e9quipeLa meilleure \u00e9quipeNous utilisons des \u00e9quipements de pointe pour offrir les meilleures et les derni\u00e8res solutions dans le domaine urologique: chirurgie mini-invasive, chirurgie laparoscopique, chirurgie endoscopique au laser.Rob\u00f3tica Da Vinci Nous sommes des sp\u00e9cialistes Nous sommes sp\u00e9cialis\u00e9s dans la chirurgie [&hellip;]<\/p>\n","protected":false},"author":1,"featured_media":0,"parent":0,"menu_order":0,"comment_status":"closed","ping_status":"closed","template":"elementor_header_footer","meta":{"_et_pb_use_builder":"","_et_pb_old_content":"","_et_gb_content_width":"","footnotes":""},"class_list":["post-1177","page","type-page","status-publish","hentry"],"yoast_head":"<!-- This site is optimized with the Yoast SEO plugin v25.8 - https:\/\/yoast.com\/wordpress\/plugins\/seo\/ -->\n<title>Elementor #1177 - Urologia Girona<\/title>\n<meta name=\"robots\" content=\"index, follow, max-snippet:-1, max-image-preview:large, max-video-preview:-1\" \/>\n<link rel=\"canonical\" href=\"https:\/\/urologiagirona.com\/fr\/\" \/>\n<meta property=\"og:locale\" content=\"fr_FR\" \/>\n<meta property=\"og:type\" content=\"article\" \/>\n<meta property=\"og:title\" content=\"Elementor #1177 - Urologia Girona\" \/>\n<meta property=\"og:description\" content=\"Urologia Girona Votre sant\u00e9 entre nos mainsNOS SERVICESQUI SOMMES NOUSDoctor Boix i Doctor Cometonsultez notre \u00e9quipeLa meilleure \u00e9quipeNous utilisons des \u00e9quipements de pointe pour offrir les meilleures et les derni\u00e8res solutions dans le domaine urologique: chirurgie mini-invasive, chirurgie laparoscopique, chirurgie endoscopique au laser.Rob\u00f3tica Da Vinci Nous sommes des sp\u00e9cialistes Nous sommes sp\u00e9cialis\u00e9s dans la chirurgie [&hellip;]\" \/>\n<meta property=\"og:url\" content=\"https:\/\/urologiagirona.com\/\" \/>\n<meta property=\"og:site_name\" content=\"Urologia Girona\" \/>\n<meta property=\"article:modified_time\" content=\"2025-06-03T09:42:15+00:00\" \/>\n<meta property=\"og:image\" content=\"https:\/\/urologiagirona.com\/wp-content\/uploads\/2020\/11\/uretroplastia-scaled.jpg\" \/>\n\t<meta property=\"og:image:width\" content=\"2560\" \/>\n\t<meta property=\"og:image:height\" content=\"1707\" \/>\n\t<meta property=\"og:image:type\" content=\"image\/jpeg\" \/>\n<script type=\"application\/ld+json\" class=\"yoast-schema-graph\">{\"@context\":\"https:\/\/schema.org\",\"@graph\":[{\"@type\":\"WebPage\",\"@id\":\"https:\/\/urologiagirona.com\/\",\"url\":\"https:\/\/urologiagirona.com\/\",\"name\":\"Elementor #1177 - Urologia Girona\",\"isPartOf\":{\"@id\":\"https:\/\/urologiagirona.com\/#website\"},\"primaryImageOfPage\":{\"@id\":\"https:\/\/urologiagirona.com\/#primaryimage\"},\"image\":{\"@id\":\"https:\/\/urologiagirona.com\/#primaryimage\"},\"thumbnailUrl\":\"https:\/\/urologiagirona.com\/wp-content\/uploads\/2020\/11\/uretroplastia-scaled.jpg\",\"datePublished\":\"2025-06-02T06:20:27+00:00\",\"dateModified\":\"2025-06-03T09:42:15+00:00\",\"breadcrumb\":{\"@id\":\"https:\/\/urologiagirona.com\/#breadcrumb\"},\"inLanguage\":\"fr-FR\",\"potentialAction\":[{\"@type\":\"ReadAction\",\"target\":[\"https:\/\/urologiagirona.com\/\"]}]},{\"@type\":\"ImageObject\",\"inLanguage\":\"fr-FR\",\"@id\":\"https:\/\/urologiagirona.com\/#primaryimage\",\"url\":\"https:\/\/urologiagirona.com\/wp-content\/uploads\/2020\/11\/uretroplastia-scaled.jpg\",\"contentUrl\":\"https:\/\/urologiagirona.com\/wp-content\/uploads\/2020\/11\/uretroplastia-scaled.jpg\"},{\"@type\":\"BreadcrumbList\",\"@id\":\"https:\/\/urologiagirona.com\/#breadcrumb\",\"itemListElement\":[{\"@type\":\"ListItem\",\"position\":1,\"name\":\"Inici\",\"item\":\"https:\/\/urologiagirona.com\/\"},{\"@type\":\"ListItem\",\"position\":2,\"name\":\"Elementor #1177\"}]},{\"@type\":\"WebSite\",\"@id\":\"https:\/\/urologiagirona.com\/#website\",\"url\":\"https:\/\/urologiagirona.com\/\",\"name\":\"Urologia Girona \/ Cl\u00ednica Urologia Girona\",\"description\":\"Som especialistes en cirurgia rob\u00f2tica i m\u00ednimament invasiva per el tractament de patologia prost\u00e0tica ( l\u00e0ser de pr\u00f2stata, Robot Da Vinci, ter\u00e0pia focal), patologia renal (c\u00e0ncer, litiasis, cirurgia rob\u00f2tica i laparosc\u00f2pia) i vesical (tumors de bufeta).\",\"publisher\":{\"@id\":\"https:\/\/urologiagirona.com\/#organization\"},\"alternateName\":\"Cl\u00ednica Urologia Girona\",\"potentialAction\":[{\"@type\":\"SearchAction\",\"target\":{\"@type\":\"EntryPoint\",\"urlTemplate\":\"https:\/\/urologiagirona.com\/?s={search_term_string}\"},\"query-input\":{\"@type\":\"PropertyValueSpecification\",\"valueRequired\":true,\"valueName\":\"search_term_string\"}}],\"inLanguage\":\"fr-FR\"},{\"@type\":\"Organization\",\"@id\":\"https:\/\/urologiagirona.com\/#organization\",\"name\":\"Urologia Girona \/ Cl\u00ednica Urologia Girona\",\"url\":\"https:\/\/urologiagirona.com\/\",\"logo\":{\"@type\":\"ImageObject\",\"inLanguage\":\"fr-FR\",\"@id\":\"https:\/\/urologiagirona.com\/#\/schema\/logo\/image\/\",\"url\":\"https:\/\/urologiagirona.com\/wp-content\/uploads\/2020\/11\/logo_urologia_girona.jpg\",\"contentUrl\":\"https:\/\/urologiagirona.com\/wp-content\/uploads\/2020\/11\/logo_urologia_girona.jpg\",\"width\":600,\"height\":341,\"caption\":\"Urologia Girona \/ Cl\u00ednica Urologia Girona\"},\"image\":{\"@id\":\"https:\/\/urologiagirona.com\/#\/schema\/logo\/image\/\"}}]}<\/script>\n<!-- \/ Yoast SEO plugin. -->","yoast_head_json":{"title":"Elementor #1177 - Urologia Girona","robots":{"index":"index","follow":"follow","max-snippet":"max-snippet:-1","max-image-preview":"max-image-preview:large","max-video-preview":"max-video-preview:-1"},"canonical":"https:\/\/urologiagirona.com\/fr\/","og_locale":"fr_FR","og_type":"article","og_title":"Elementor #1177 - Urologia Girona","og_description":"Urologia Girona Votre sant\u00e9 entre nos mainsNOS SERVICESQUI SOMMES NOUSDoctor Boix i Doctor Cometonsultez notre \u00e9quipeLa meilleure \u00e9quipeNous utilisons des \u00e9quipements de pointe pour offrir les meilleures et les derni\u00e8res solutions dans le domaine urologique: chirurgie mini-invasive, chirurgie laparoscopique, chirurgie endoscopique au laser.Rob\u00f3tica Da Vinci Nous sommes des sp\u00e9cialistes Nous sommes sp\u00e9cialis\u00e9s dans la chirurgie [&hellip;]","og_url":"https:\/\/urologiagirona.com\/","og_site_name":"Urologia Girona","article_modified_time":"2025-06-03T09:42:15+00:00","og_image":[{"width":2560,"height":1707,"url":"https:\/\/urologiagirona.com\/wp-content\/uploads\/2020\/11\/uretroplastia-scaled.jpg","type":"image\/jpeg"}],"schema":{"@context":"https:\/\/schema.org","@graph":[{"@type":"WebPage","@id":"https:\/\/urologiagirona.com\/","url":"https:\/\/urologiagirona.com\/","name":"Elementor #1177 - Urologia Girona","isPartOf":{"@id":"https:\/\/urologiagirona.com\/#website"},"primaryImageOfPage":{"@id":"https:\/\/urologiagirona.com\/#primaryimage"},"image":{"@id":"https:\/\/urologiagirona.com\/#primaryimage"},"thumbnailUrl":"https:\/\/urologiagirona.com\/wp-content\/uploads\/2020\/11\/uretroplastia-scaled.jpg","datePublished":"2025-06-02T06:20:27+00:00","dateModified":"2025-06-03T09:42:15+00:00","breadcrumb":{"@id":"https:\/\/urologiagirona.com\/#breadcrumb"},"inLanguage":"fr-FR","potentialAction":[{"@type":"ReadAction","target":["https:\/\/urologiagirona.com\/"]}]},{"@type":"ImageObject","inLanguage":"fr-FR","@id":"https:\/\/urologiagirona.com\/#primaryimage","url":"https:\/\/urologiagirona.com\/wp-content\/uploads\/2020\/11\/uretroplastia-scaled.jpg","contentUrl":"https:\/\/urologiagirona.com\/wp-content\/uploads\/2020\/11\/uretroplastia-scaled.jpg"},{"@type":"BreadcrumbList","@id":"https:\/\/urologiagirona.com\/#breadcrumb","itemListElement":[{"@type":"ListItem","position":1,"name":"Inici","item":"https:\/\/urologiagirona.com\/"},{"@type":"ListItem","position":2,"name":"Elementor #1177"}]},{"@type":"WebSite","@id":"https:\/\/urologiagirona.com\/#website","url":"https:\/\/urologiagirona.com\/","name":"Urologia Girona \/ Cl\u00ednica Urologia Girona","description":"Som especialistes en cirurgia rob\u00f2tica i m\u00ednimament invasiva per el tractament de patologia prost\u00e0tica ( l\u00e0ser de pr\u00f2stata, Robot Da Vinci, ter\u00e0pia focal), patologia renal (c\u00e0ncer, litiasis, cirurgia rob\u00f2tica i laparosc\u00f2pia) i vesical (tumors de bufeta).","publisher":{"@id":"https:\/\/urologiagirona.com\/#organization"},"alternateName":"Cl\u00ednica Urologia Girona","potentialAction":[{"@type":"SearchAction","target":{"@type":"EntryPoint","urlTemplate":"https:\/\/urologiagirona.com\/?s={search_term_string}"},"query-input":{"@type":"PropertyValueSpecification","valueRequired":true,"valueName":"search_term_string"}}],"inLanguage":"fr-FR"},{"@type":"Organization","@id":"https:\/\/urologiagirona.com\/#organization","name":"Urologia Girona \/ Cl\u00ednica Urologia Girona","url":"https:\/\/urologiagirona.com\/","logo":{"@type":"ImageObject","inLanguage":"fr-FR","@id":"https:\/\/urologiagirona.com\/#\/schema\/logo\/image\/","url":"https:\/\/urologiagirona.com\/wp-content\/uploads\/2020\/11\/logo_urologia_girona.jpg","contentUrl":"https:\/\/urologiagirona.com\/wp-content\/uploads\/2020\/11\/logo_urologia_girona.jpg","width":600,"height":341,"caption":"Urologia Girona \/ Cl\u00ednica Urologia Girona"},"image":{"@id":"https:\/\/urologiagirona.com\/#\/schema\/logo\/image\/"}}]}},"_links":{"self":[{"href":"https:\/\/urologiagirona.com\/fr\/wp-json\/wp\/v2\/pages\/1177","targetHints":{"allow":["GET"]}}],"collection":[{"href":"https:\/\/urologiagirona.com\/fr\/wp-json\/wp\/v2\/pages"}],"about":[{"href":"https:\/\/urologiagirona.com\/fr\/wp-json\/wp\/v2\/types\/page"}],"author":[{"embeddable":true,"href":"https:\/\/urologiagirona.com\/fr\/wp-json\/wp\/v2\/users\/1"}],"replies":[{"embeddable":true,"href":"https:\/\/urologiagirona.com\/fr\/wp-json\/wp\/v2\/comments?post=1177"}],"version-history":[{"count":10,"href":"https:\/\/urologiagirona.com\/fr\/wp-json\/wp\/v2\/pages\/1177\/revisions"}],"predecessor-version":[{"id":1188,"href":"https:\/\/urologiagirona.com\/fr\/wp-json\/wp\/v2\/pages\/1177\/revisions\/1188"}],"wp:attachment":[{"href":"https:\/\/urologiagirona.com\/fr\/wp-json\/wp\/v2\/media?parent=1177"}],"curies":[{"name":"wp","href":"https:\/\/api.w.org\/{rel}","templated":true}]}}