{"id":791,"date":"2021-03-09T12:01:32","date_gmt":"2021-03-09T10:01:32","guid":{"rendered":"https:\/\/urologiagirona.com\/?page_id=791"},"modified":"2023-08-28T11:48:37","modified_gmt":"2023-08-28T09:48:37","slug":"inicio","status":"publish","type":"page","link":"https:\/\/urologiagirona.com\/es\/inicio\/","title":{"rendered":"Inicio"},"content":{"rendered":"<p>[et_pb_section fb_built=\u00bb1&#8243; _builder_version=\u00bb4.6.6&#8243; _module_preset=\u00bbdefault\u00bb background_color=\u00bb#EBFAFE\u00bb custom_padding=\u00bb0px||||false|false\u00bb][et_pb_row _builder_version=\u00bb4.9.0&#8243; _module_preset=\u00bbdefault\u00bb width_tablet=\u00bb\u00bb width_phone=\u00bb100%\u00bb width_last_edited=\u00bbon|phone\u00bb max_width_tablet=\u00bb\u00bb max_width_phone=\u00bb713px\u00bb max_width_last_edited=\u00bbon|phone\u00bb custom_padding=\u00bb0px||0px|||\u00bb][et_pb_column type=\u00bb4_4&#8243; _builder_version=\u00bb4.6.6&#8243; _module_preset=\u00bbdefault\u00bb][et_pb_slider use_bg_overlay=\u00bboff\u00bb _builder_version=\u00bb4.9.0&#8243; _module_preset=\u00bbdefault\u00bb][et_pb_slide heading=\u00bbUrologia Girona\u00bb button_text=\u00bbNuestros servicios\u00bb button_link=\u00bbhttps:\/\/urologiagirona.com\/es\/oncologia-urologica\/\u00bb use_bg_overlay=\u00bboff\u00bb use_text_overlay=\u00bbon\u00bb text_overlay_color=\u00bbrgba(12,153,214,0.13)\u00bb text_border_radius=\u00bb0px\u00bb _builder_version=\u00bb4.9.0&#8243; _module_preset=\u00bbdefault\u00bb header_level=\u00bbh2&#8243; header_font=\u00bbAlata||||||||\u00bb header_font_size=\u00bb63px\u00bb body_font=\u00bbAlata||||||||\u00bb body_font_size=\u00bb29px\u00bb background_image=\u00bbhttps:\/\/urologiagirona.com\/\/wp-content\/uploads\/2020\/11\/slider_1.jpg\u00bb background_enable_image=\u00bbon\u00bb custom_button=\u00bbon\u00bb button_bg_color=\u00bb#1d89d6&#8243; button_border_width=\u00bb0px\u00bb button_border_radius=\u00bb20px\u00bb button_letter_spacing=\u00bb0px\u00bb button_alignment=\u00bbright\u00bb text_orientation=\u00bbright\u00bb width=\u00bb100%\u00bb custom_padding=\u00bb|||0px|false|false\u00bb header_text_shadow_style=\u00bbpreset2&#8243; header_text_shadow_horizontal_length=\u00bb0.07em\u00bb header_text_shadow_vertical_length=\u00bb0.03em\u00bb body_text_shadow_style=\u00bbpreset1&#8243; text_shadow_style=\u00bbpreset1&#8243; sticky_transition=\u00bbon\u00bb]<\/p>\n<p>Tu salud en nuestras manos<\/p>\n<p>[\/et_pb_slide][et_pb_slide heading=\u00bbExperiencia\u00bb button_text=\u00bbConsulta nuestro equipo\u00bb button_link=\u00bbhttps:\/\/urologiagirona.com\/es\/quienes-somos\/\u00bb use_bg_overlay=\u00bboff\u00bb use_text_overlay=\u00bbon\u00bb text_overlay_color=\u00bbrgba(12,153,214,0.13)\u00bb text_border_radius=\u00bb0px\u00bb _builder_version=\u00bb4.9.0&#8243; _module_preset=\u00bbdefault\u00bb header_level=\u00bbh2&#8243; header_font=\u00bbAlata||||||||\u00bb header_font_size=\u00bb63px\u00bb body_font=\u00bbAlata||||||||\u00bb body_font_size=\u00bb29px\u00bb background_image=\u00bbhttps:\/\/urologiagirona.com\/\/wp-content\/uploads\/2020\/11\/equip.jpg\u00bb background_enable_image=\u00bbon\u00bb custom_button=\u00bbon\u00bb button_text_color=\u00bb#ffffff\u00bb button_bg_color=\u00bb#0c71c3&#8243; button_border_width=\u00bb0px\u00bb button_border_radius=\u00bb19px\u00bb button_letter_spacing=\u00bb0px\u00bb button_font=\u00bbABeeZee||||||||\u00bb button_use_icon=\u00bbon\u00bb button_icon=\u00bb%%28%%\u00bb text_orientation=\u00bbright\u00bb width=\u00bb100%\u00bb custom_padding=\u00bb|||0px|false|false\u00bb header_text_shadow_style=\u00bbpreset2&#8243; header_text_shadow_horizontal_length=\u00bb0.07em\u00bb header_text_shadow_vertical_length=\u00bb0.03em\u00bb body_text_shadow_style=\u00bbpreset1&#8243; text_shadow_style=\u00bbpreset1&#8243; sticky_transition=\u00bbon\u00bb]<\/p>\n<p>Doctor Boix, Doctor Comet i Doctor Domingo<\/p>\n<p>[\/et_pb_slide][et_pb_slide heading=\u00bbEl mejor equipo\u00bb button_text=\u00bbRob\u00f3tica Da Vinci\u00bb button_link=\u00bbhttps:\/\/urologiagirona.com\/es\/robotica-da-vinci\/\u00bb use_bg_overlay=\u00bboff\u00bb use_text_overlay=\u00bbon\u00bb text_overlay_color=\u00bbrgba(12,153,214,0.13)\u00bb text_border_radius=\u00bb0px\u00bb _builder_version=\u00bb4.9.0&#8243; _module_preset=\u00bbdefault\u00bb header_level=\u00bbh2&#8243; header_font=\u00bbAlata||||||||\u00bb header_font_size=\u00bb63px\u00bb body_font=\u00bbAlata||||||||\u00bb body_font_size=\u00bb19px\u00bb background_image=\u00bbhttps:\/\/urologiagirona.com\/\/wp-content\/uploads\/2020\/11\/elmillormaterial.jpg\u00bb background_enable_image=\u00bbon\u00bb custom_button=\u00bbon\u00bb button_bg_color=\u00bb#0c71c3&#8243; button_border_width=\u00bb0px\u00bb button_border_radius=\u00bb18px\u00bb text_orientation=\u00bbright\u00bb width=\u00bb100%\u00bb max_width=\u00bb82%\u00bb custom_padding=\u00bb|||0px|false|false\u00bb header_text_shadow_style=\u00bbpreset2&#8243; header_text_shadow_horizontal_length=\u00bb0.07em\u00bb header_text_shadow_vertical_length=\u00bb0.03em\u00bb body_text_shadow_style=\u00bbpreset1&#8243; text_shadow_style=\u00bbpreset1&#8243; sticky_transition=\u00bbon\u00bb]<\/p>\n<p><span>Utilizamos equipos de vanguardia para ofrecer las mejores y \u00faltimas soluciones en el campo urol\u00f3gico: cirug\u00eda m\u00ednimamente invasiva, cirug\u00eda laparosc\u00f3pica, cirug\u00eda endosc\u00f3pica con l\u00e1ser.<\/span><\/p>\n<p>[\/et_pb_slide][\/et_pb_slider][\/et_pb_column][\/et_pb_row][et_pb_row column_structure=\u00bb1_3,1_3,1_3&#8243; _builder_version=\u00bb4.6.6&#8243; _module_preset=\u00bbdefault\u00bb width=\u00bb100%\u00bb max_width=\u00bb1079px\u00bb custom_margin=\u00bb-27px||||false|false\u00bb custom_padding=\u00bb||||false|false\u00bb][et_pb_column type=\u00bb1_3&#8243; _builder_version=\u00bb4.6.6&#8243; _module_preset=\u00bbdefault\u00bb][et_pb_text _builder_version=\u00bb4.9.0&#8243; _module_preset=\u00bbdefault\u00bb text_font=\u00bbCabin||||||||\u00bb text_text_color=\u00bb#ffffff\u00bb text_font_size=\u00bb15px\u00bb text_line_height=\u00bb1.5em\u00bb link_font=\u00bbCabin||||||||\u00bb link_text_color=\u00bb#0c71c3&#8243; link_font_size=\u00bb17px\u00bb header_text_color=\u00bb#ffffff\u00bb header_font_size=\u00bb24px\u00bb background_color=\u00bb#3BB8E1&#8243; use_background_color_gradient=\u00bbon\u00bb background_image=\u00bbhttps:\/\/urologiagirona.com\/\/wp-content\/uploads\/2020\/11\/BACKGROUND.jpg\u00bb width=\u00bb370px\u00bb height=\u00bb300px\u00bb custom_padding=\u00bb125px|20px||20px|false|false\u00bb]<\/p>\n<h3><strong><span style=\"color: #ffffff;\">SOMOS ESPECIALISTAS<\/span><\/strong><\/h3>\n<p>Somos especialistas en cirug\u00eda rob\u00f3tica y m\u00ednimamente invasiva en el tratamiento de patolog\u00eda prost\u00e1tica\u00a0 ( <a href=\"https:\/\/urologiagirona.com\/es\/laser-de-prostata\/\">laser de vejiga<\/a>, <a href=\"https:\/\/urologiagirona.com\/es\/robotica-da-vinci\/\">Robot Da Vinci<\/a>, <a href=\"https:\/\/urologiagirona.com\/es\/biopsia-por-fusion-i-terapia-focal\/\">terapia focal<\/a>), patolog\u00eda renal (<a href=\"https:\/\/urologiagirona.com\/es\/oncologia-urologica\/\">c\u00e1ncer<\/a>, <a href=\"https:\/\/urologiagirona.com\/es\/litiasis\/\">litiasis<\/a>, <a href=\"https:\/\/urologiagirona.com\/es\/robotica-da-vinci\/\">cirug\u00eda rob\u00f3tica<\/a> y <a href=\"https:\/\/urologiagirona.com\/es\/cirugia-laparoscopica-en-3d\/\">laparosc\u00f2pia<\/a>) y vesical (tumores de bufeta).<\/p>\n<p>[\/et_pb_text][\/et_pb_column][et_pb_column type=\u00bb1_3&#8243; _builder_version=\u00bb4.6.6&#8243; _module_preset=\u00bbdefault\u00bb][et_pb_text _builder_version=\u00bb4.9.0&#8243; _module_preset=\u00bbdefault\u00bb text_font=\u00bbCabin||||||||\u00bb text_text_color=\u00bb#ffffff\u00bb text_line_height=\u00bb1.5em\u00bb link_font=\u00bbCabin||||||||\u00bb link_text_color=\u00bb#00106b\u00bb link_font_size=\u00bb17px\u00bb header_text_color=\u00bb#ffffff\u00bb header_font_size=\u00bb24px\u00bb background_color=\u00bb#3BB8E1&#8243; use_background_color_gradient=\u00bbon\u00bb background_image=\u00bbhttps:\/\/urologiagirona.com\/\/wp-content\/uploads\/2020\/11\/contrast-1.jpg\u00bb width=\u00bb370px\u00bb height=\u00bb300px\u00bb custom_margin=\u00bb|||-18px|false|false\u00bb custom_padding=\u00bb70px|20px||120px|false|false\u00bb custom_padding_tablet=\u00bb\u00bb custom_padding_phone=\u00bb70px|20px||103px|false|false\u00bb custom_padding_last_edited=\u00bbon|phone\u00bb hover_enabled=\u00bb0&#8243; text_text_shadow_style=\u00bbpreset1&#8243; custom_margin_last_edited=\u00bbon|phone\u00bb sticky_enabled=\u00bb0&#8243; custom_margin_phone=\u00bb|||12px|false|false\u00bb]<\/p>\n<h3><strong><span style=\"color: #ffffff;\">LA MEJOR TECNOLOG\u00cdA<\/span><\/strong><\/h3>\n<p><span>Utilizamos equipos de vanguardia para ofrecer las mejores y \u00faltimas soluciones en el campo urol\u00f3gico: cirug\u00eda m\u00ednimamente invasiva, <a href=\"https:\/\/urologiagirona.com\/es\/cirugia-laparoscopica-en-3d\/\">cirug\u00eda laparosc\u00f3pica<\/a>, <a href=\"https:\/\/urologiagirona.com\/es\/cirugia-laparoscopica-en-3d\/\">cirug\u00eda laparosc\u00f3pica 3D<\/a>, cirug\u00eda endosc\u00f3pica con l\u00e1ser y <a href=\"https:\/\/urologiagirona.com\/es\/robotica-da-vinci\/\">cirug\u00eda rob\u00f3tica (Da Vinci)<\/a><\/span><\/p>\n<p>&nbsp;<\/p>\n<p>&nbsp;<\/p>\n<p>[\/et_pb_text][\/et_pb_column][et_pb_column type=\u00bb1_3&#8243; _builder_version=\u00bb4.6.6&#8243; _module_preset=\u00bbdefault\u00bb][et_pb_text _builder_version=\u00bb4.9.0&#8243; _module_preset=\u00bbdefault\u00bb text_font=\u00bbCabin||||||||\u00bb text_text_color=\u00bb#ffffff\u00bb text_font_size=\u00bb15px\u00bb text_line_height=\u00bb1.5em\u00bb link_font=\u00bbCabin||||||||\u00bb header_text_color=\u00bb#ffffff\u00bb header_font_size=\u00bb24px\u00bb background_color=\u00bb#3BB8E1&#8243; use_background_color_gradient=\u00bbon\u00bb background_image=\u00bbhttps:\/\/urologiagirona.com\/\/wp-content\/uploads\/2020\/11\/material2.jpg\u00bb width=\u00bb350px\u00bb width_tablet=\u00bb\u00bb width_phone=\u00bb94%\u00bb width_last_edited=\u00bbon|phone\u00bb height=\u00bb300px\u00bb custom_margin=\u00bb|||-30px|false|false\u00bb custom_margin_tablet=\u00bb\u00bb custom_margin_phone=\u00bb|||10px|false|false\u00bb custom_margin_last_edited=\u00bbon|phone\u00bb custom_padding=\u00bb70px|120px||20px|false|false\u00bb]<\/p>\n<h3><strong><span style=\"color: #ffffff;\">NOS CENTRAMOS EN<\/span><\/strong><\/h3>\n<p>Aparte de la Urolog\u00eda Oncol\u00f3gica, tambi\u00e9n estamos centrados en el <a href=\"https:\/\/urologiagirona.com\/es\/cirugia-reconstructiva-y-cirugia-uretral\/\">tratamiento de la cirug\u00eda reconstructiva uretral<\/a> (estenosis de uretra). <a href=\"https:\/\/urologiagirona.com\/es\/incontinencia-de-orina\/\">Cirug\u00eda de la incontinencia urinaria y androlog\u00eda.<\/a><\/p>\n<p>[\/et_pb_text][\/et_pb_column][\/et_pb_row][et_pb_row column_structure=\u00bb1_2,1_2&#8243; disabled_on=\u00bbon|on|off\u00bb _builder_version=\u00bb4.9.0&#8243; _module_preset=\u00bbdefault\u00bb][et_pb_column type=\u00bb1_2&#8243; _builder_version=\u00bb4.6.6&#8243; _module_preset=\u00bbdefault\u00bb][et_pb_text _builder_version=\u00bb4.9.0&#8243; _module_preset=\u00bbdefault\u00bb text_text_color=\u00bb#3AB8E0&#8243; text_font_size=\u00bb12px\u00bb text_line_height=\u00bb1.6em\u00bb background_image=\u00bbhttps:\/\/urologiagirona.com\/\/wp-content\/uploads\/2020\/11\/back2.png\u00bb background_size=\u00bbinitial\u00bb background_position=\u00bbtop_left\u00bb width=\u00bb505px\u00bb width_tablet=\u00bb\u00bb width_phone=\u00bb100%\u00bb width_last_edited=\u00bbon|phone\u00bb height=\u00bb202px\u00bb custom_margin=\u00bb||||false|false\u00bb custom_padding=\u00bb25px|0px||220px|false|false\u00bb custom_padding_tablet=\u00bb\u00bb custom_padding_phone=\u00bb15px|15px|15px|1px|false|false\u00bb custom_padding_last_edited=\u00bbon|phone\u00bb background_last_edited=\u00bbon|phone\u00bb background_enable_image_phone=\u00bboff\u00bb saved_tabs=\u00bball\u00bb]<\/p>\n<h3><strong><span color=\"#00ccff\" style=\"color: #00ccff;\">DONDE ESTAMOS<\/span><\/strong><\/h3>\n<p><strong><a href=\"https:\/\/urologiagirona.com\/es\/contacto\/\">Realizamos nuestra actividad quir\u00fargica privada principalmente a Causse Cl\u00ednico (antiguamente Cl\u00ednica Onyar) de Girona.<\/a><\/strong> Visitamos a la propia cl\u00ednica as\u00ed como otros centros como son: Instituto Catal\u00e1n de Servicios M\u00e9dicos, en Girona, y el Centro Noum\u00e8dic en Figueres.<\/p>\n<p>[\/et_pb_text][\/et_pb_column][et_pb_column type=\u00bb1_2&#8243; _builder_version=\u00bb4.6.6&#8243; _module_preset=\u00bbdefault\u00bb][et_pb_text _builder_version=\u00bb4.9.0&#8243; _module_preset=\u00bbdefault\u00bb text_text_color=\u00bb#3AB8E0&#8243; text_font_size=\u00bb12px\u00bb text_line_height=\u00bb1.6em\u00bb background_image=\u00bbhttps:\/\/urologiagirona.com\/\/wp-content\/uploads\/2020\/11\/BACK1.png\u00bb background_size=\u00bbinitial\u00bb background_position=\u00bbtop_left\u00bb width=\u00bb505px\u00bb width_tablet=\u00bb\u00bb width_phone=\u00bb100%\u00bb width_last_edited=\u00bbon|phone\u00bb height=\u00bb197px\u00bb custom_padding=\u00bb25px|0px||220px|false|false\u00bb custom_padding_tablet=\u00bb\u00bb custom_padding_phone=\u00bb10px|10px|10px|10px|false|false\u00bb custom_padding_last_edited=\u00bbon|phone\u00bb background_last_edited=\u00bbon|phone\u00bb background_enable_image_phone=\u00bboff\u00bb]<\/p>\n<h3><strong><span color=\"#00ccff\" style=\"color: #00ccff;\">CONTACTAR<\/span><\/strong><\/h3>\n<p><span><a href=\"https:\/\/urologiagirona.com\/es\/contacto\/\">Ponte en contacto con nosotros para hacer una primera visita y valorar tu caso.<\/a> O puedes hacer v\u00eda formulario de contacto y v\u00eda llamada telef\u00f3nica: +34 972 204 900, o v\u00eda correo electr\u00f3nico info@urologiagirona.com<\/span><\/p>\n<p>[\/et_pb_text][\/et_pb_column][\/et_pb_row][\/et_pb_section]<\/p>\n","protected":false},"excerpt":{"rendered":"<p>Tu salud en nuestras manosDoctor Boix, Doctor Comet i Doctor DomingoUtilizamos equipos de vanguardia para ofrecer las mejores y \u00faltimas soluciones en el campo urol\u00f3gico: cirug\u00eda m\u00ednimamente invasiva, cirug\u00eda laparosc\u00f3pica, cirug\u00eda endosc\u00f3pica con l\u00e1ser.SOMOS ESPECIALISTAS Somos especialistas en cirug\u00eda rob\u00f3tica y m\u00ednimamente invasiva en el tratamiento de patolog\u00eda prost\u00e1tica\u00a0 ( laser de vejiga, Robot Da [&hellip;]<\/p>\n","protected":false},"author":1,"featured_media":0,"parent":0,"menu_order":0,"comment_status":"closed","ping_status":"closed","template":"","meta":{"_et_pb_use_builder":"on","_et_pb_old_content":"","_et_gb_content_width":"","footnotes":""},"class_list":["post-791","page","type-page","status-publish","hentry"],"yoast_head":"<!-- This site is optimized with the Yoast SEO plugin v25.8 - https:\/\/yoast.com\/wordpress\/plugins\/seo\/ -->\n<title>Inicio - Urologia Girona<\/title>\n<meta name=\"robots\" content=\"index, follow, max-snippet:-1, max-image-preview:large, max-video-preview:-1\" \/>\n<link rel=\"canonical\" href=\"https:\/\/urologiagirona.com\/es\/\" \/>\n<meta property=\"og:locale\" content=\"es_ES\" \/>\n<meta property=\"og:type\" content=\"article\" \/>\n<meta property=\"og:title\" content=\"Inicio - Urologia Girona\" \/>\n<meta property=\"og:description\" content=\"Tu salud en nuestras manosDoctor Boix, Doctor Comet i Doctor DomingoUtilizamos equipos de vanguardia para ofrecer las mejores y \u00faltimas soluciones en el campo urol\u00f3gico: cirug\u00eda m\u00ednimamente invasiva, cirug\u00eda laparosc\u00f3pica, cirug\u00eda endosc\u00f3pica con l\u00e1ser.SOMOS ESPECIALISTAS Somos especialistas en cirug\u00eda rob\u00f3tica y m\u00ednimamente invasiva en el tratamiento de patolog\u00eda prost\u00e1tica\u00a0 ( laser de vejiga, Robot Da [&hellip;]\" \/>\n<meta property=\"og:url\" content=\"https:\/\/urologiagirona.com\/en\/\" \/>\n<meta property=\"og:site_name\" content=\"Urologia Girona\" \/>\n<meta property=\"article:modified_time\" content=\"2023-08-28T09:48:37+00:00\" \/>\n<meta property=\"og:image\" content=\"https:\/\/urologiagirona.com\/wp-content\/uploads\/2020\/11\/logo_urologia_girona.jpg\" \/>\n\t<meta property=\"og:image:width\" content=\"600\" \/>\n\t<meta property=\"og:image:height\" content=\"341\" \/>\n\t<meta property=\"og:image:type\" content=\"image\/jpeg\" \/>\n<script type=\"application\/ld+json\" class=\"yoast-schema-graph\">{\"@context\":\"https:\/\/schema.org\",\"@graph\":[{\"@type\":\"WebPage\",\"@id\":\"https:\/\/urologiagirona.com\/en\/\",\"url\":\"https:\/\/urologiagirona.com\/en\/\",\"name\":\"Inicio - Urologia Girona\",\"isPartOf\":{\"@id\":\"https:\/\/urologiagirona.com\/#website\"},\"datePublished\":\"2021-03-09T10:01:32+00:00\",\"dateModified\":\"2023-08-28T09:48:37+00:00\",\"breadcrumb\":{\"@id\":\"https:\/\/urologiagirona.com\/en\/#breadcrumb\"},\"inLanguage\":\"es\",\"potentialAction\":[{\"@type\":\"ReadAction\",\"target\":[\"https:\/\/urologiagirona.com\/en\/\"]}]},{\"@type\":\"BreadcrumbList\",\"@id\":\"https:\/\/urologiagirona.com\/en\/#breadcrumb\",\"itemListElement\":[{\"@type\":\"ListItem\",\"position\":1,\"name\":\"Inici\",\"item\":\"https:\/\/urologiagirona.com\/es\/nueva-home-castellano\/\"},{\"@type\":\"ListItem\",\"position\":2,\"name\":\"Inicio\"}]},{\"@type\":\"WebSite\",\"@id\":\"https:\/\/urologiagirona.com\/#website\",\"url\":\"https:\/\/urologiagirona.com\/\",\"name\":\"Urologia Girona \/ Cl\u00ednica Urologia Girona\",\"description\":\"Som especialistes en cirurgia rob\u00f2tica i m\u00ednimament invasiva per el tractament de patologia prost\u00e0tica ( l\u00e0ser de pr\u00f2stata, Robot Da Vinci, ter\u00e0pia focal), patologia renal (c\u00e0ncer, litiasis, cirurgia rob\u00f2tica i laparosc\u00f2pia) i vesical (tumors de bufeta).\",\"publisher\":{\"@id\":\"https:\/\/urologiagirona.com\/#organization\"},\"alternateName\":\"Cl\u00ednica Urologia Girona\",\"potentialAction\":[{\"@type\":\"SearchAction\",\"target\":{\"@type\":\"EntryPoint\",\"urlTemplate\":\"https:\/\/urologiagirona.com\/?s={search_term_string}\"},\"query-input\":{\"@type\":\"PropertyValueSpecification\",\"valueRequired\":true,\"valueName\":\"search_term_string\"}}],\"inLanguage\":\"es\"},{\"@type\":\"Organization\",\"@id\":\"https:\/\/urologiagirona.com\/#organization\",\"name\":\"Urologia Girona \/ Cl\u00ednica Urologia Girona\",\"url\":\"https:\/\/urologiagirona.com\/\",\"logo\":{\"@type\":\"ImageObject\",\"inLanguage\":\"es\",\"@id\":\"https:\/\/urologiagirona.com\/#\/schema\/logo\/image\/\",\"url\":\"https:\/\/urologiagirona.com\/wp-content\/uploads\/2020\/11\/logo_urologia_girona.jpg\",\"contentUrl\":\"https:\/\/urologiagirona.com\/wp-content\/uploads\/2020\/11\/logo_urologia_girona.jpg\",\"width\":600,\"height\":341,\"caption\":\"Urologia Girona \/ Cl\u00ednica Urologia Girona\"},\"image\":{\"@id\":\"https:\/\/urologiagirona.com\/#\/schema\/logo\/image\/\"}}]}<\/script>\n<!-- \/ Yoast SEO plugin. -->","yoast_head_json":{"title":"Inicio - Urologia Girona","robots":{"index":"index","follow":"follow","max-snippet":"max-snippet:-1","max-image-preview":"max-image-preview:large","max-video-preview":"max-video-preview:-1"},"canonical":"https:\/\/urologiagirona.com\/es\/","og_locale":"es_ES","og_type":"article","og_title":"Inicio - Urologia Girona","og_description":"Tu salud en nuestras manosDoctor Boix, Doctor Comet i Doctor DomingoUtilizamos equipos de vanguardia para ofrecer las mejores y \u00faltimas soluciones en el campo urol\u00f3gico: cirug\u00eda m\u00ednimamente invasiva, cirug\u00eda laparosc\u00f3pica, cirug\u00eda endosc\u00f3pica con l\u00e1ser.SOMOS ESPECIALISTAS Somos especialistas en cirug\u00eda rob\u00f3tica y m\u00ednimamente invasiva en el tratamiento de patolog\u00eda prost\u00e1tica\u00a0 ( laser de vejiga, Robot Da [&hellip;]","og_url":"https:\/\/urologiagirona.com\/en\/","og_site_name":"Urologia Girona","article_modified_time":"2023-08-28T09:48:37+00:00","og_image":[{"width":600,"height":341,"url":"https:\/\/urologiagirona.com\/wp-content\/uploads\/2020\/11\/logo_urologia_girona.jpg","type":"image\/jpeg"}],"schema":{"@context":"https:\/\/schema.org","@graph":[{"@type":"WebPage","@id":"https:\/\/urologiagirona.com\/en\/","url":"https:\/\/urologiagirona.com\/en\/","name":"Inicio - Urologia Girona","isPartOf":{"@id":"https:\/\/urologiagirona.com\/#website"},"datePublished":"2021-03-09T10:01:32+00:00","dateModified":"2023-08-28T09:48:37+00:00","breadcrumb":{"@id":"https:\/\/urologiagirona.com\/en\/#breadcrumb"},"inLanguage":"es","potentialAction":[{"@type":"ReadAction","target":["https:\/\/urologiagirona.com\/en\/"]}]},{"@type":"BreadcrumbList","@id":"https:\/\/urologiagirona.com\/en\/#breadcrumb","itemListElement":[{"@type":"ListItem","position":1,"name":"Inici","item":"https:\/\/urologiagirona.com\/es\/nueva-home-castellano\/"},{"@type":"ListItem","position":2,"name":"Inicio"}]},{"@type":"WebSite","@id":"https:\/\/urologiagirona.com\/#website","url":"https:\/\/urologiagirona.com\/","name":"Urologia Girona \/ Cl\u00ednica Urologia Girona","description":"Som especialistes en cirurgia rob\u00f2tica i m\u00ednimament invasiva per el tractament de patologia prost\u00e0tica ( l\u00e0ser de pr\u00f2stata, Robot Da Vinci, ter\u00e0pia focal), patologia renal (c\u00e0ncer, litiasis, cirurgia rob\u00f2tica i laparosc\u00f2pia) i vesical (tumors de bufeta).","publisher":{"@id":"https:\/\/urologiagirona.com\/#organization"},"alternateName":"Cl\u00ednica Urologia Girona","potentialAction":[{"@type":"SearchAction","target":{"@type":"EntryPoint","urlTemplate":"https:\/\/urologiagirona.com\/?s={search_term_string}"},"query-input":{"@type":"PropertyValueSpecification","valueRequired":true,"valueName":"search_term_string"}}],"inLanguage":"es"},{"@type":"Organization","@id":"https:\/\/urologiagirona.com\/#organization","name":"Urologia Girona \/ Cl\u00ednica Urologia Girona","url":"https:\/\/urologiagirona.com\/","logo":{"@type":"ImageObject","inLanguage":"es","@id":"https:\/\/urologiagirona.com\/#\/schema\/logo\/image\/","url":"https:\/\/urologiagirona.com\/wp-content\/uploads\/2020\/11\/logo_urologia_girona.jpg","contentUrl":"https:\/\/urologiagirona.com\/wp-content\/uploads\/2020\/11\/logo_urologia_girona.jpg","width":600,"height":341,"caption":"Urologia Girona \/ Cl\u00ednica Urologia Girona"},"image":{"@id":"https:\/\/urologiagirona.com\/#\/schema\/logo\/image\/"}}]}},"_links":{"self":[{"href":"https:\/\/urologiagirona.com\/es\/wp-json\/wp\/v2\/pages\/791","targetHints":{"allow":["GET"]}}],"collection":[{"href":"https:\/\/urologiagirona.com\/es\/wp-json\/wp\/v2\/pages"}],"about":[{"href":"https:\/\/urologiagirona.com\/es\/wp-json\/wp\/v2\/types\/page"}],"author":[{"embeddable":true,"href":"https:\/\/urologiagirona.com\/es\/wp-json\/wp\/v2\/users\/1"}],"replies":[{"embeddable":true,"href":"https:\/\/urologiagirona.com\/es\/wp-json\/wp\/v2\/comments?post=791"}],"version-history":[{"count":12,"href":"https:\/\/urologiagirona.com\/es\/wp-json\/wp\/v2\/pages\/791\/revisions"}],"predecessor-version":[{"id":1046,"href":"https:\/\/urologiagirona.com\/es\/wp-json\/wp\/v2\/pages\/791\/revisions\/1046"}],"wp:attachment":[{"href":"https:\/\/urologiagirona.com\/es\/wp-json\/wp\/v2\/media?parent=791"}],"curies":[{"name":"wp","href":"https:\/\/api.w.org\/{rel}","templated":true}]}}