{"id":719,"date":"2021-03-09T11:07:23","date_gmt":"2021-03-09T09:07:23","guid":{"rendered":"https:\/\/urologiagirona.com\/?page_id=719"},"modified":"2021-03-09T11:08:26","modified_gmt":"2021-03-09T09:08:26","slug":"nefrectomia-parcial","status":"publish","type":"page","link":"https:\/\/urologiagirona.com\/es\/robotica-da-vinci\/nefrectomia-parcial\/","title":{"rendered":"Nefrectomia Parcial"},"content":{"rendered":"\n<p><strong>Cuando el tumor renal&nbsp; tiene unas caracter\u00edsticas determinada es posible realizar una cirug\u00eda parcial, es decir, extirpar s\u00f3lo el tumor, preservando el ri\u00f1\u00f3n evitando el deterioro de la funci\u00f3n renal que ocurre cuando se extirpa la totalidad del ri\u00f1\u00f3n.<\/strong>&nbsp; En casos que no sea posible ser\u00e1 imperativo la realizaci\u00f3n de una nefrectom\u00eda radical, es decir extirpar la totalidad del \u00f3rgano. La realizaci\u00f3n del procedimiento con el robot, lo hace mucho m\u00e1s f\u00e1cil y ayuda a ser m\u00e1s preciso, a disminuir el da\u00f1o renal y a hacer una mejor reconstrucci\u00f3n de los tejidos vecinos al tumor extirpado.&nbsp;<\/p>\n\n\n\n<h4 class=\"wp-block-heading\"><strong>Breve descripci\u00f3n del procedimiento:<\/strong><\/h4>\n\n\n\n<p>El paciente se coloca de lado bajo anestesia general y dura entre 2 y 4 horas. Se practican 4 incisiones en el lateral de la pared abdominal (4-5),&nbsp; y estos peque\u00f1, por los que se introducen los instrumentos robotizados<\/p>\n\n\n\n<p>Se realizan las maniobras pertinentes para acceder al tumor, se efect\u00faa la resecci\u00f3n del tumor, para seguidamente efectuar las suturas necesarias sobre el tejido renal restante as\u00ed como la aplicaci\u00f3n de otros agentes hemost\u00e1ticos. Al finalizar la cirug\u00eda se retira el tejido extirpado a trav\u00e9s de uno de los orificios previamente ampliado<\/p>\n\n\n\n<p><strong>La estancia hospitalaria es de de unas 72 horas<\/strong>, normalmente el primer d\u00eda postoperatorio se realiza en la UCI. En la mayor\u00eda de los casos la recuperaci\u00f3n para poder volver a las actividades habituales es de entre 2 y 3 semanas.<\/p>\n","protected":false},"excerpt":{"rendered":"<p>Cuando el tumor renal&nbsp; tiene unas caracter\u00edsticas determinada es posible realizar una cirug\u00eda parcial, es decir, extirpar s\u00f3lo el tumor, preservando el ri\u00f1\u00f3n evitando el deterioro de la funci\u00f3n renal que ocurre cuando se extirpa la totalidad del ri\u00f1\u00f3n.&nbsp; En casos que no sea posible ser\u00e1 imperativo la realizaci\u00f3n de una nefrectom\u00eda radical, es decir [&hellip;]<\/p>\n","protected":false},"author":1,"featured_media":0,"parent":712,"menu_order":0,"comment_status":"closed","ping_status":"closed","template":"","meta":{"_et_pb_use_builder":"off","_et_pb_old_content":"","_et_gb_content_width":"","footnotes":""},"class_list":["post-719","page","type-page","status-publish","hentry"],"yoast_head":"<!-- This site is optimized with the Yoast SEO plugin v25.8 - https:\/\/yoast.com\/wordpress\/plugins\/seo\/ -->\n<title>Nefrectomia Parcial - Urologia Girona<\/title>\n<meta name=\"robots\" content=\"index, follow, max-snippet:-1, max-image-preview:large, max-video-preview:-1\" \/>\n<link rel=\"canonical\" href=\"https:\/\/urologiagirona.com\/es\/robotica-da-vinci\/nefrectomia-parcial\/\" \/>\n<meta property=\"og:locale\" content=\"es_ES\" \/>\n<meta property=\"og:type\" content=\"article\" \/>\n<meta property=\"og:title\" content=\"Nefrectomia Parcial - Urologia Girona\" \/>\n<meta property=\"og:description\" content=\"Cuando el tumor renal&nbsp; tiene unas caracter\u00edsticas determinada es posible realizar una cirug\u00eda parcial, es decir, extirpar s\u00f3lo el tumor, preservando el ri\u00f1\u00f3n evitando el deterioro de la funci\u00f3n renal que ocurre cuando se extirpa la totalidad del ri\u00f1\u00f3n.&nbsp; En casos que no sea posible ser\u00e1 imperativo la realizaci\u00f3n de una nefrectom\u00eda radical, es decir [&hellip;]\" \/>\n<meta property=\"og:url\" content=\"https:\/\/urologiagirona.com\/es\/robotica-da-vinci\/nefrectomia-parcial\/\" \/>\n<meta property=\"og:site_name\" content=\"Urologia Girona\" \/>\n<meta property=\"article:modified_time\" content=\"2021-03-09T09:08:26+00:00\" \/>\n<meta property=\"og:image\" content=\"https:\/\/urologiagirona.com\/wp-content\/uploads\/2020\/11\/logo_urologia_girona.jpg\" \/>\n\t<meta property=\"og:image:width\" content=\"600\" \/>\n\t<meta property=\"og:image:height\" content=\"341\" \/>\n\t<meta property=\"og:image:type\" content=\"image\/jpeg\" \/>\n<script type=\"application\/ld+json\" class=\"yoast-schema-graph\">{\"@context\":\"https:\/\/schema.org\",\"@graph\":[{\"@type\":\"WebPage\",\"@id\":\"https:\/\/urologiagirona.com\/es\/robotica-da-vinci\/nefrectomia-parcial\/\",\"url\":\"https:\/\/urologiagirona.com\/es\/robotica-da-vinci\/nefrectomia-parcial\/\",\"name\":\"Nefrectomia Parcial - Urologia Girona\",\"isPartOf\":{\"@id\":\"https:\/\/urologiagirona.com\/#website\"},\"datePublished\":\"2021-03-09T09:07:23+00:00\",\"dateModified\":\"2021-03-09T09:08:26+00:00\",\"breadcrumb\":{\"@id\":\"https:\/\/urologiagirona.com\/es\/robotica-da-vinci\/nefrectomia-parcial\/#breadcrumb\"},\"inLanguage\":\"es\",\"potentialAction\":[{\"@type\":\"ReadAction\",\"target\":[\"https:\/\/urologiagirona.com\/es\/robotica-da-vinci\/nefrectomia-parcial\/\"]}]},{\"@type\":\"BreadcrumbList\",\"@id\":\"https:\/\/urologiagirona.com\/es\/robotica-da-vinci\/nefrectomia-parcial\/#breadcrumb\",\"itemListElement\":[{\"@type\":\"ListItem\",\"position\":1,\"name\":\"Inici\",\"item\":\"https:\/\/urologiagirona.com\/es\/nueva-home-castellano\/\"},{\"@type\":\"ListItem\",\"position\":2,\"name\":\"Rob\u00f3tica Da Vinci\",\"item\":\"https:\/\/urologiagirona.com\/es\/robotica-da-vinci\/\"},{\"@type\":\"ListItem\",\"position\":3,\"name\":\"Nefrectomia Parcial\"}]},{\"@type\":\"WebSite\",\"@id\":\"https:\/\/urologiagirona.com\/#website\",\"url\":\"https:\/\/urologiagirona.com\/\",\"name\":\"Urologia Girona \/ Cl\u00ednica Urologia Girona\",\"description\":\"Som especialistes en cirurgia rob\u00f2tica i m\u00ednimament invasiva per el tractament de patologia prost\u00e0tica ( l\u00e0ser de pr\u00f2stata, Robot Da Vinci, ter\u00e0pia focal), patologia renal (c\u00e0ncer, litiasis, cirurgia rob\u00f2tica i laparosc\u00f2pia) i vesical (tumors de bufeta).\",\"publisher\":{\"@id\":\"https:\/\/urologiagirona.com\/#organization\"},\"alternateName\":\"Cl\u00ednica Urologia Girona\",\"potentialAction\":[{\"@type\":\"SearchAction\",\"target\":{\"@type\":\"EntryPoint\",\"urlTemplate\":\"https:\/\/urologiagirona.com\/?s={search_term_string}\"},\"query-input\":{\"@type\":\"PropertyValueSpecification\",\"valueRequired\":true,\"valueName\":\"search_term_string\"}}],\"inLanguage\":\"es\"},{\"@type\":\"Organization\",\"@id\":\"https:\/\/urologiagirona.com\/#organization\",\"name\":\"Urologia Girona \/ Cl\u00ednica Urologia Girona\",\"url\":\"https:\/\/urologiagirona.com\/\",\"logo\":{\"@type\":\"ImageObject\",\"inLanguage\":\"es\",\"@id\":\"https:\/\/urologiagirona.com\/#\/schema\/logo\/image\/\",\"url\":\"https:\/\/urologiagirona.com\/wp-content\/uploads\/2020\/11\/logo_urologia_girona.jpg\",\"contentUrl\":\"https:\/\/urologiagirona.com\/wp-content\/uploads\/2020\/11\/logo_urologia_girona.jpg\",\"width\":600,\"height\":341,\"caption\":\"Urologia Girona \/ Cl\u00ednica Urologia Girona\"},\"image\":{\"@id\":\"https:\/\/urologiagirona.com\/#\/schema\/logo\/image\/\"}}]}<\/script>\n<!-- \/ Yoast SEO plugin. -->","yoast_head_json":{"title":"Nefrectomia Parcial - Urologia Girona","robots":{"index":"index","follow":"follow","max-snippet":"max-snippet:-1","max-image-preview":"max-image-preview:large","max-video-preview":"max-video-preview:-1"},"canonical":"https:\/\/urologiagirona.com\/es\/robotica-da-vinci\/nefrectomia-parcial\/","og_locale":"es_ES","og_type":"article","og_title":"Nefrectomia Parcial - Urologia Girona","og_description":"Cuando el tumor renal&nbsp; tiene unas caracter\u00edsticas determinada es posible realizar una cirug\u00eda parcial, es decir, extirpar s\u00f3lo el tumor, preservando el ri\u00f1\u00f3n evitando el deterioro de la funci\u00f3n renal que ocurre cuando se extirpa la totalidad del ri\u00f1\u00f3n.&nbsp; En casos que no sea posible ser\u00e1 imperativo la realizaci\u00f3n de una nefrectom\u00eda radical, es decir [&hellip;]","og_url":"https:\/\/urologiagirona.com\/es\/robotica-da-vinci\/nefrectomia-parcial\/","og_site_name":"Urologia Girona","article_modified_time":"2021-03-09T09:08:26+00:00","og_image":[{"width":600,"height":341,"url":"https:\/\/urologiagirona.com\/wp-content\/uploads\/2020\/11\/logo_urologia_girona.jpg","type":"image\/jpeg"}],"schema":{"@context":"https:\/\/schema.org","@graph":[{"@type":"WebPage","@id":"https:\/\/urologiagirona.com\/es\/robotica-da-vinci\/nefrectomia-parcial\/","url":"https:\/\/urologiagirona.com\/es\/robotica-da-vinci\/nefrectomia-parcial\/","name":"Nefrectomia Parcial - Urologia Girona","isPartOf":{"@id":"https:\/\/urologiagirona.com\/#website"},"datePublished":"2021-03-09T09:07:23+00:00","dateModified":"2021-03-09T09:08:26+00:00","breadcrumb":{"@id":"https:\/\/urologiagirona.com\/es\/robotica-da-vinci\/nefrectomia-parcial\/#breadcrumb"},"inLanguage":"es","potentialAction":[{"@type":"ReadAction","target":["https:\/\/urologiagirona.com\/es\/robotica-da-vinci\/nefrectomia-parcial\/"]}]},{"@type":"BreadcrumbList","@id":"https:\/\/urologiagirona.com\/es\/robotica-da-vinci\/nefrectomia-parcial\/#breadcrumb","itemListElement":[{"@type":"ListItem","position":1,"name":"Inici","item":"https:\/\/urologiagirona.com\/es\/nueva-home-castellano\/"},{"@type":"ListItem","position":2,"name":"Rob\u00f3tica Da Vinci","item":"https:\/\/urologiagirona.com\/es\/robotica-da-vinci\/"},{"@type":"ListItem","position":3,"name":"Nefrectomia Parcial"}]},{"@type":"WebSite","@id":"https:\/\/urologiagirona.com\/#website","url":"https:\/\/urologiagirona.com\/","name":"Urologia Girona \/ Cl\u00ednica Urologia Girona","description":"Som especialistes en cirurgia rob\u00f2tica i m\u00ednimament invasiva per el tractament de patologia prost\u00e0tica ( l\u00e0ser de pr\u00f2stata, Robot Da Vinci, ter\u00e0pia focal), patologia renal (c\u00e0ncer, litiasis, cirurgia rob\u00f2tica i laparosc\u00f2pia) i vesical (tumors de bufeta).","publisher":{"@id":"https:\/\/urologiagirona.com\/#organization"},"alternateName":"Cl\u00ednica Urologia Girona","potentialAction":[{"@type":"SearchAction","target":{"@type":"EntryPoint","urlTemplate":"https:\/\/urologiagirona.com\/?s={search_term_string}"},"query-input":{"@type":"PropertyValueSpecification","valueRequired":true,"valueName":"search_term_string"}}],"inLanguage":"es"},{"@type":"Organization","@id":"https:\/\/urologiagirona.com\/#organization","name":"Urologia Girona \/ Cl\u00ednica Urologia Girona","url":"https:\/\/urologiagirona.com\/","logo":{"@type":"ImageObject","inLanguage":"es","@id":"https:\/\/urologiagirona.com\/#\/schema\/logo\/image\/","url":"https:\/\/urologiagirona.com\/wp-content\/uploads\/2020\/11\/logo_urologia_girona.jpg","contentUrl":"https:\/\/urologiagirona.com\/wp-content\/uploads\/2020\/11\/logo_urologia_girona.jpg","width":600,"height":341,"caption":"Urologia Girona \/ Cl\u00ednica Urologia Girona"},"image":{"@id":"https:\/\/urologiagirona.com\/#\/schema\/logo\/image\/"}}]}},"_links":{"self":[{"href":"https:\/\/urologiagirona.com\/es\/wp-json\/wp\/v2\/pages\/719","targetHints":{"allow":["GET"]}}],"collection":[{"href":"https:\/\/urologiagirona.com\/es\/wp-json\/wp\/v2\/pages"}],"about":[{"href":"https:\/\/urologiagirona.com\/es\/wp-json\/wp\/v2\/types\/page"}],"author":[{"embeddable":true,"href":"https:\/\/urologiagirona.com\/es\/wp-json\/wp\/v2\/users\/1"}],"replies":[{"embeddable":true,"href":"https:\/\/urologiagirona.com\/es\/wp-json\/wp\/v2\/comments?post=719"}],"version-history":[{"count":2,"href":"https:\/\/urologiagirona.com\/es\/wp-json\/wp\/v2\/pages\/719\/revisions"}],"predecessor-version":[{"id":723,"href":"https:\/\/urologiagirona.com\/es\/wp-json\/wp\/v2\/pages\/719\/revisions\/723"}],"up":[{"embeddable":true,"href":"https:\/\/urologiagirona.com\/es\/wp-json\/wp\/v2\/pages\/712"}],"wp:attachment":[{"href":"https:\/\/urologiagirona.com\/es\/wp-json\/wp\/v2\/media?parent=719"}],"curies":[{"name":"wp","href":"https:\/\/api.w.org\/{rel}","templated":true}]}}