{"id":716,"date":"2021-03-09T11:03:38","date_gmt":"2021-03-09T09:03:38","guid":{"rendered":"https:\/\/urologiagirona.com\/?page_id=716"},"modified":"2021-03-09T11:03:40","modified_gmt":"2021-03-09T09:03:40","slug":"cistectomia-radical-robotica-cancer-de-vejiga","status":"publish","type":"page","link":"https:\/\/urologiagirona.com\/es\/robotica-da-vinci\/cistectomia-radical-robotica-cancer-de-vejiga\/","title":{"rendered":"Cistectomia Radical Rob\u00f3tica. (C\u00c1NCER DE VEJIGA)"},"content":{"rendered":"\n<p><strong>Cuando el&nbsp;tumor invade el m\u00fasculo de la vejiga es necesario extirpar la vejiga por completo y reconstruir la v\u00eda urinaria mediante diferentes t\u00e9cnicas.&nbsp;<\/strong><\/p>\n\n\n\n<h4 class=\"wp-block-heading\"><strong>Cistectom\u00eda radical rob\u00f3tica<\/strong><\/h4>\n\n\n\n<p>Consiste en extirpar la vejiga (y la&nbsp;pr\u00f3stata en caso de los hombres, en el caso de las mujeres, incluye \u00fatero y dos tercios de la cara anterior de la vagina). Tambi\u00e9n se realiza una linfadenectom\u00eda, lo que consiste en extirpar ganglios linf\u00e1ticos.&nbsp;De esta forma, es posible eliminar todo el tejido tumoral.&nbsp;<\/p>\n\n\n\n<p><strong>Una vez se ha eliminado la vejiga<\/strong>, es necesario realizar una reconstrucci\u00f3n de la v\u00eda urinaria. Seg\u00fan cada caso, esta reconstrucci\u00f3n puede ser\u00a0mediante\u00a0la interposici\u00f3n de un asa de intestino que se aboca a la piel (conducto ilegal, t\u00e9cnica Bricker) o mediante la confecci\u00f3n de una\u00a0Neo-vejiga, en cuyo\u00a0caso\u00a0se preserva la continencia urinaria y\u00a0no ser\u00e1 necesario que el\u00a0paciente\u00a0lleve bolsas de eliminaci\u00f3n de orina en\u00a0la\u00a0piel.\u00a0<\/p>\n\n\n\n<p><strong>La cirug\u00eda rob\u00f3tica<\/strong>, aporta la posibilidad de obviar la incisi\u00f3n quir\u00fargica y por tanto las consecuencias del contacto de las asas intestinales con el exterior, por lo que la recuperaci\u00f3n es mucho m\u00e1s r\u00e1pida.<\/p>\n\n\n\n<p><strong>Habitualmente, el ingreso hospitalario dura 10-14&nbsp;d\u00edas y se requiere de cuidados intensivos las primeras 24-48 horas.<\/strong><\/p>\n\n\n\n<h5 class=\"wp-block-heading\"><strong>Breve descripci\u00f3n del procedimiento<\/strong><\/h5>\n\n\n\n<p>El paciente se coloca en dec\u00fabito supino. Bajo anestesia general.El Se practican 4 orificios en la parte inferior del abdomen, estos peque\u00f1os orificios son los que el robot utiliza como puertos de acceso para introducir los instrumentos.&nbsp;<\/p>\n\n\n\n<p><strong>Se procede a la extirpaci\u00f3n de la vejiga y las estructuras pertinentes seg\u00fan el sexo del paciente, y se sigue con la linfadectom\u00edia.<\/strong> A continuaci\u00f3n se procede a realizar la reconstrucci\u00f3n urinaria bien sea con el conducto ileal o la realizaci\u00f3n de una neovejija, en ambos casos ser\u00e1 necesario manipular el intestino delgado. Al finalizar la cirug\u00eda se retira el tejido extirpado a trav\u00e9s de una de \u00e9stas mini-incisiones ligeramente ampliadas y se coloca un drenaje. La duraci\u00f3n de la cirug\u00eda<strong> <\/strong>es de entre 4-8h (variando en funci\u00f3n de la derivaci\u00f3n urinaria que se vaya a efectuar y de las dificultades que se puedan presentar). el ingreso dura entre 7 -10 d\u00edas ,<strong> las primeras 48h en UCI. Se precisan entre 3 y 5 semanas de convalecencia para poder empezar a recuperar paulatinamente las actividades habituales.<\/strong><\/p>\n","protected":false},"excerpt":{"rendered":"<p>Cuando el&nbsp;tumor invade el m\u00fasculo de la vejiga es necesario extirpar la vejiga por completo y reconstruir la v\u00eda urinaria mediante diferentes t\u00e9cnicas.&nbsp; Cistectom\u00eda radical rob\u00f3tica Consiste en extirpar la vejiga (y la&nbsp;pr\u00f3stata en caso de los hombres, en el caso de las mujeres, incluye \u00fatero y dos tercios de la cara anterior de la [&hellip;]<\/p>\n","protected":false},"author":1,"featured_media":0,"parent":712,"menu_order":0,"comment_status":"closed","ping_status":"closed","template":"","meta":{"_et_pb_use_builder":"off","_et_pb_old_content":"","_et_gb_content_width":"","footnotes":""},"class_list":["post-716","page","type-page","status-publish","hentry"],"yoast_head":"<!-- This site is optimized with the Yoast SEO plugin v25.8 - https:\/\/yoast.com\/wordpress\/plugins\/seo\/ -->\n<title>Cistectomia Radical Rob\u00f3tica. (C\u00c1NCER DE VEJIGA) - Urologia Girona<\/title>\n<meta name=\"robots\" content=\"index, follow, max-snippet:-1, max-image-preview:large, max-video-preview:-1\" \/>\n<link rel=\"canonical\" href=\"https:\/\/urologiagirona.com\/es\/robotica-da-vinci\/cistectomia-radical-robotica-cancer-de-vejiga\/\" \/>\n<meta property=\"og:locale\" content=\"es_ES\" \/>\n<meta property=\"og:type\" content=\"article\" \/>\n<meta property=\"og:title\" content=\"Cistectomia Radical Rob\u00f3tica. (C\u00c1NCER DE VEJIGA) - Urologia Girona\" \/>\n<meta property=\"og:description\" content=\"Cuando el&nbsp;tumor invade el m\u00fasculo de la vejiga es necesario extirpar la vejiga por completo y reconstruir la v\u00eda urinaria mediante diferentes t\u00e9cnicas.&nbsp; Cistectom\u00eda radical rob\u00f3tica Consiste en extirpar la vejiga (y la&nbsp;pr\u00f3stata en caso de los hombres, en el caso de las mujeres, incluye \u00fatero y dos tercios de la cara anterior de la [&hellip;]\" \/>\n<meta property=\"og:url\" content=\"https:\/\/urologiagirona.com\/es\/robotica-da-vinci\/cistectomia-radical-robotica-cancer-de-vejiga\/\" \/>\n<meta property=\"og:site_name\" content=\"Urologia Girona\" \/>\n<meta property=\"article:modified_time\" content=\"2021-03-09T09:03:40+00:00\" \/>\n<meta property=\"og:image\" content=\"https:\/\/urologiagirona.com\/wp-content\/uploads\/2020\/11\/logo_urologia_girona.jpg\" \/>\n\t<meta property=\"og:image:width\" content=\"600\" \/>\n\t<meta property=\"og:image:height\" content=\"341\" \/>\n\t<meta property=\"og:image:type\" content=\"image\/jpeg\" \/>\n<script type=\"application\/ld+json\" class=\"yoast-schema-graph\">{\"@context\":\"https:\/\/schema.org\",\"@graph\":[{\"@type\":\"WebPage\",\"@id\":\"https:\/\/urologiagirona.com\/es\/robotica-da-vinci\/cistectomia-radical-robotica-cancer-de-vejiga\/\",\"url\":\"https:\/\/urologiagirona.com\/es\/robotica-da-vinci\/cistectomia-radical-robotica-cancer-de-vejiga\/\",\"name\":\"Cistectomia Radical Rob\u00f3tica. (C\u00c1NCER DE VEJIGA) - Urologia Girona\",\"isPartOf\":{\"@id\":\"https:\/\/urologiagirona.com\/#website\"},\"datePublished\":\"2021-03-09T09:03:38+00:00\",\"dateModified\":\"2021-03-09T09:03:40+00:00\",\"breadcrumb\":{\"@id\":\"https:\/\/urologiagirona.com\/es\/robotica-da-vinci\/cistectomia-radical-robotica-cancer-de-vejiga\/#breadcrumb\"},\"inLanguage\":\"es\",\"potentialAction\":[{\"@type\":\"ReadAction\",\"target\":[\"https:\/\/urologiagirona.com\/es\/robotica-da-vinci\/cistectomia-radical-robotica-cancer-de-vejiga\/\"]}]},{\"@type\":\"BreadcrumbList\",\"@id\":\"https:\/\/urologiagirona.com\/es\/robotica-da-vinci\/cistectomia-radical-robotica-cancer-de-vejiga\/#breadcrumb\",\"itemListElement\":[{\"@type\":\"ListItem\",\"position\":1,\"name\":\"Inici\",\"item\":\"https:\/\/urologiagirona.com\/es\/nueva-home-castellano\/\"},{\"@type\":\"ListItem\",\"position\":2,\"name\":\"Rob\u00f3tica Da Vinci\",\"item\":\"https:\/\/urologiagirona.com\/es\/robotica-da-vinci\/\"},{\"@type\":\"ListItem\",\"position\":3,\"name\":\"Cistectomia Radical Rob\u00f3tica. (C\u00c1NCER DE VEJIGA)\"}]},{\"@type\":\"WebSite\",\"@id\":\"https:\/\/urologiagirona.com\/#website\",\"url\":\"https:\/\/urologiagirona.com\/\",\"name\":\"Urologia Girona \/ Cl\u00ednica Urologia Girona\",\"description\":\"Som especialistes en cirurgia rob\u00f2tica i m\u00ednimament invasiva per el tractament de patologia prost\u00e0tica ( l\u00e0ser de pr\u00f2stata, Robot Da Vinci, ter\u00e0pia focal), patologia renal (c\u00e0ncer, litiasis, cirurgia rob\u00f2tica i laparosc\u00f2pia) i vesical (tumors de bufeta).\",\"publisher\":{\"@id\":\"https:\/\/urologiagirona.com\/#organization\"},\"alternateName\":\"Cl\u00ednica Urologia Girona\",\"potentialAction\":[{\"@type\":\"SearchAction\",\"target\":{\"@type\":\"EntryPoint\",\"urlTemplate\":\"https:\/\/urologiagirona.com\/?s={search_term_string}\"},\"query-input\":{\"@type\":\"PropertyValueSpecification\",\"valueRequired\":true,\"valueName\":\"search_term_string\"}}],\"inLanguage\":\"es\"},{\"@type\":\"Organization\",\"@id\":\"https:\/\/urologiagirona.com\/#organization\",\"name\":\"Urologia Girona \/ Cl\u00ednica Urologia Girona\",\"url\":\"https:\/\/urologiagirona.com\/\",\"logo\":{\"@type\":\"ImageObject\",\"inLanguage\":\"es\",\"@id\":\"https:\/\/urologiagirona.com\/#\/schema\/logo\/image\/\",\"url\":\"https:\/\/urologiagirona.com\/wp-content\/uploads\/2020\/11\/logo_urologia_girona.jpg\",\"contentUrl\":\"https:\/\/urologiagirona.com\/wp-content\/uploads\/2020\/11\/logo_urologia_girona.jpg\",\"width\":600,\"height\":341,\"caption\":\"Urologia Girona \/ Cl\u00ednica Urologia Girona\"},\"image\":{\"@id\":\"https:\/\/urologiagirona.com\/#\/schema\/logo\/image\/\"}}]}<\/script>\n<!-- \/ Yoast SEO plugin. -->","yoast_head_json":{"title":"Cistectomia Radical Rob\u00f3tica. (C\u00c1NCER DE VEJIGA) - Urologia Girona","robots":{"index":"index","follow":"follow","max-snippet":"max-snippet:-1","max-image-preview":"max-image-preview:large","max-video-preview":"max-video-preview:-1"},"canonical":"https:\/\/urologiagirona.com\/es\/robotica-da-vinci\/cistectomia-radical-robotica-cancer-de-vejiga\/","og_locale":"es_ES","og_type":"article","og_title":"Cistectomia Radical Rob\u00f3tica. (C\u00c1NCER DE VEJIGA) - Urologia Girona","og_description":"Cuando el&nbsp;tumor invade el m\u00fasculo de la vejiga es necesario extirpar la vejiga por completo y reconstruir la v\u00eda urinaria mediante diferentes t\u00e9cnicas.&nbsp; Cistectom\u00eda radical rob\u00f3tica Consiste en extirpar la vejiga (y la&nbsp;pr\u00f3stata en caso de los hombres, en el caso de las mujeres, incluye \u00fatero y dos tercios de la cara anterior de la [&hellip;]","og_url":"https:\/\/urologiagirona.com\/es\/robotica-da-vinci\/cistectomia-radical-robotica-cancer-de-vejiga\/","og_site_name":"Urologia Girona","article_modified_time":"2021-03-09T09:03:40+00:00","og_image":[{"width":600,"height":341,"url":"https:\/\/urologiagirona.com\/wp-content\/uploads\/2020\/11\/logo_urologia_girona.jpg","type":"image\/jpeg"}],"schema":{"@context":"https:\/\/schema.org","@graph":[{"@type":"WebPage","@id":"https:\/\/urologiagirona.com\/es\/robotica-da-vinci\/cistectomia-radical-robotica-cancer-de-vejiga\/","url":"https:\/\/urologiagirona.com\/es\/robotica-da-vinci\/cistectomia-radical-robotica-cancer-de-vejiga\/","name":"Cistectomia Radical Rob\u00f3tica. (C\u00c1NCER DE VEJIGA) - Urologia Girona","isPartOf":{"@id":"https:\/\/urologiagirona.com\/#website"},"datePublished":"2021-03-09T09:03:38+00:00","dateModified":"2021-03-09T09:03:40+00:00","breadcrumb":{"@id":"https:\/\/urologiagirona.com\/es\/robotica-da-vinci\/cistectomia-radical-robotica-cancer-de-vejiga\/#breadcrumb"},"inLanguage":"es","potentialAction":[{"@type":"ReadAction","target":["https:\/\/urologiagirona.com\/es\/robotica-da-vinci\/cistectomia-radical-robotica-cancer-de-vejiga\/"]}]},{"@type":"BreadcrumbList","@id":"https:\/\/urologiagirona.com\/es\/robotica-da-vinci\/cistectomia-radical-robotica-cancer-de-vejiga\/#breadcrumb","itemListElement":[{"@type":"ListItem","position":1,"name":"Inici","item":"https:\/\/urologiagirona.com\/es\/nueva-home-castellano\/"},{"@type":"ListItem","position":2,"name":"Rob\u00f3tica Da Vinci","item":"https:\/\/urologiagirona.com\/es\/robotica-da-vinci\/"},{"@type":"ListItem","position":3,"name":"Cistectomia Radical Rob\u00f3tica. (C\u00c1NCER DE VEJIGA)"}]},{"@type":"WebSite","@id":"https:\/\/urologiagirona.com\/#website","url":"https:\/\/urologiagirona.com\/","name":"Urologia Girona \/ Cl\u00ednica Urologia Girona","description":"Som especialistes en cirurgia rob\u00f2tica i m\u00ednimament invasiva per el tractament de patologia prost\u00e0tica ( l\u00e0ser de pr\u00f2stata, Robot Da Vinci, ter\u00e0pia focal), patologia renal (c\u00e0ncer, litiasis, cirurgia rob\u00f2tica i laparosc\u00f2pia) i vesical (tumors de bufeta).","publisher":{"@id":"https:\/\/urologiagirona.com\/#organization"},"alternateName":"Cl\u00ednica Urologia Girona","potentialAction":[{"@type":"SearchAction","target":{"@type":"EntryPoint","urlTemplate":"https:\/\/urologiagirona.com\/?s={search_term_string}"},"query-input":{"@type":"PropertyValueSpecification","valueRequired":true,"valueName":"search_term_string"}}],"inLanguage":"es"},{"@type":"Organization","@id":"https:\/\/urologiagirona.com\/#organization","name":"Urologia Girona \/ Cl\u00ednica Urologia Girona","url":"https:\/\/urologiagirona.com\/","logo":{"@type":"ImageObject","inLanguage":"es","@id":"https:\/\/urologiagirona.com\/#\/schema\/logo\/image\/","url":"https:\/\/urologiagirona.com\/wp-content\/uploads\/2020\/11\/logo_urologia_girona.jpg","contentUrl":"https:\/\/urologiagirona.com\/wp-content\/uploads\/2020\/11\/logo_urologia_girona.jpg","width":600,"height":341,"caption":"Urologia Girona \/ Cl\u00ednica Urologia Girona"},"image":{"@id":"https:\/\/urologiagirona.com\/#\/schema\/logo\/image\/"}}]}},"_links":{"self":[{"href":"https:\/\/urologiagirona.com\/es\/wp-json\/wp\/v2\/pages\/716","targetHints":{"allow":["GET"]}}],"collection":[{"href":"https:\/\/urologiagirona.com\/es\/wp-json\/wp\/v2\/pages"}],"about":[{"href":"https:\/\/urologiagirona.com\/es\/wp-json\/wp\/v2\/types\/page"}],"author":[{"embeddable":true,"href":"https:\/\/urologiagirona.com\/es\/wp-json\/wp\/v2\/users\/1"}],"replies":[{"embeddable":true,"href":"https:\/\/urologiagirona.com\/es\/wp-json\/wp\/v2\/comments?post=716"}],"version-history":[{"count":1,"href":"https:\/\/urologiagirona.com\/es\/wp-json\/wp\/v2\/pages\/716\/revisions"}],"predecessor-version":[{"id":717,"href":"https:\/\/urologiagirona.com\/es\/wp-json\/wp\/v2\/pages\/716\/revisions\/717"}],"up":[{"embeddable":true,"href":"https:\/\/urologiagirona.com\/es\/wp-json\/wp\/v2\/pages\/712"}],"wp:attachment":[{"href":"https:\/\/urologiagirona.com\/es\/wp-json\/wp\/v2\/media?parent=716"}],"curies":[{"name":"wp","href":"https:\/\/api.w.org\/{rel}","templated":true}]}}