{"id":714,"date":"2021-03-09T11:00:45","date_gmt":"2021-03-09T09:00:45","guid":{"rendered":"https:\/\/urologiagirona.com\/?page_id=714"},"modified":"2021-03-09T11:00:46","modified_gmt":"2021-03-09T09:00:46","slug":"prostatectomia-radical-robotica","status":"publish","type":"page","link":"https:\/\/urologiagirona.com\/es\/robotica-da-vinci\/prostatectomia-radical-robotica\/","title":{"rendered":"Prostatectom\u00eda radical Rob\u00f3tica"},"content":{"rendered":"\n<p>En el <strong>c\u00e1ncer de pr\u00f3stata<\/strong> la tendencia actual es la realizaci\u00f3n de cada vez m\u00e1s procedimientos quir\u00fargicos y \u00e9stos en la medida de lo posible realizarlos mediante cirug\u00eda rob\u00f3tica, <strong>ya a mejorar los resultados en cuanto a continencia urinaria y funci\u00f3n sexual.\u00a0<\/strong><\/p>\n\n\n\n<p>Este abordaje consigue: <strong>Una optimizaci\u00f3n en la extirpaci\u00f3n del tejido tumoral.<\/strong> Mejor visi\u00f3n y control para preservar las bandeletas neurovasculares (encargadas de regular la erecci\u00f3n). Poder ser m\u00e1s selectivo y preciso en la disecci\u00f3n de la zona esfinteriana ( el esf\u00ednter es el m\u00fasculo encargado de la continencia urinaria). Otras de las ventajas, son por ejemplo que en caso que la cirug\u00eda precise de la realizaci\u00f3n de una linfadenectom\u00eda (extirpaci\u00f3n de los ganglios colindantes a la pr\u00f3stata), \u00e9sta es m\u00e1s f\u00e1cil de realizar. <strong>Tambi\u00e9n es inferior la probabilidad de precisar una transfusi\u00f3n de sangre o experimentar una complicaci\u00f3n como podr\u00eda ser la infecci\u00f3n de la herida quir\u00fargica.<\/strong><\/p>\n\n\n\n<p>Por \u00faltimo tambi\u00e9n cabe destacar que ser\u00e1n necesaria una estancia hospitalaria y recuperaci\u00f3n m\u00e1s corta\u200b y el retorno a las actividades habituales ser\u00e1 m\u00e1s precoz.<\/p>\n\n\n\n<h5 class=\"wp-block-heading\">Breve descripci\u00f3n del procedimiento:<\/h5>\n\n\n\n<p>Se&nbsp; realizan entre 4 y 5 orificios en la parte inferior del abdomen por donde se introducen los instrumentos robotizados.&nbsp;<\/p>\n\n\n\n<p><strong>Al acabar se retira el tejido extirpado a trav\u00e9s uno de los orificios que se ampl\u00eda.<\/strong> El paciente sale de quir\u00f3fano con sonda vesical y en algunos casos con drenaje abdominal. La operaci\u00f3n se realiza bajo anestesia general, dura entre 2 y 4 horas, precisa de un ingreso de alrededor de 48 horas y normalmente la recuperaci\u00f3n dura entre 1 y 2 semanas. El paciente es dado de alta con sonda vesical y esta se retira a los 7-10 d\u00edas.<\/p>\n","protected":false},"excerpt":{"rendered":"<p>En el c\u00e1ncer de pr\u00f3stata la tendencia actual es la realizaci\u00f3n de cada vez m\u00e1s procedimientos quir\u00fargicos y \u00e9stos en la medida de lo posible realizarlos mediante cirug\u00eda rob\u00f3tica, ya a mejorar los resultados en cuanto a continencia urinaria y funci\u00f3n sexual.\u00a0 Este abordaje consigue: Una optimizaci\u00f3n en la extirpaci\u00f3n del tejido tumoral. Mejor visi\u00f3n [&hellip;]<\/p>\n","protected":false},"author":1,"featured_media":0,"parent":712,"menu_order":0,"comment_status":"closed","ping_status":"closed","template":"","meta":{"_et_pb_use_builder":"off","_et_pb_old_content":"","_et_gb_content_width":"","footnotes":""},"class_list":["post-714","page","type-page","status-publish","hentry"],"yoast_head":"<!-- This site is optimized with the Yoast SEO plugin v25.8 - https:\/\/yoast.com\/wordpress\/plugins\/seo\/ -->\n<title>Prostatectom\u00eda radical Rob\u00f3tica - Urologia Girona<\/title>\n<meta name=\"robots\" content=\"index, follow, max-snippet:-1, max-image-preview:large, max-video-preview:-1\" \/>\n<link rel=\"canonical\" href=\"https:\/\/urologiagirona.com\/es\/robotica-da-vinci\/prostatectomia-radical-robotica\/\" \/>\n<meta property=\"og:locale\" content=\"es_ES\" \/>\n<meta property=\"og:type\" content=\"article\" \/>\n<meta property=\"og:title\" content=\"Prostatectom\u00eda radical Rob\u00f3tica - Urologia Girona\" \/>\n<meta property=\"og:description\" content=\"En el c\u00e1ncer de pr\u00f3stata la tendencia actual es la realizaci\u00f3n de cada vez m\u00e1s procedimientos quir\u00fargicos y \u00e9stos en la medida de lo posible realizarlos mediante cirug\u00eda rob\u00f3tica, ya a mejorar los resultados en cuanto a continencia urinaria y funci\u00f3n sexual.\u00a0 Este abordaje consigue: Una optimizaci\u00f3n en la extirpaci\u00f3n del tejido tumoral. Mejor visi\u00f3n [&hellip;]\" \/>\n<meta property=\"og:url\" content=\"https:\/\/urologiagirona.com\/es\/robotica-da-vinci\/prostatectomia-radical-robotica\/\" \/>\n<meta property=\"og:site_name\" content=\"Urologia Girona\" \/>\n<meta property=\"article:modified_time\" content=\"2021-03-09T09:00:46+00:00\" \/>\n<meta property=\"og:image\" content=\"https:\/\/urologiagirona.com\/wp-content\/uploads\/2020\/11\/logo_urologia_girona.jpg\" \/>\n\t<meta property=\"og:image:width\" content=\"600\" \/>\n\t<meta property=\"og:image:height\" content=\"341\" \/>\n\t<meta property=\"og:image:type\" content=\"image\/jpeg\" \/>\n<script type=\"application\/ld+json\" class=\"yoast-schema-graph\">{\"@context\":\"https:\/\/schema.org\",\"@graph\":[{\"@type\":\"WebPage\",\"@id\":\"https:\/\/urologiagirona.com\/es\/robotica-da-vinci\/prostatectomia-radical-robotica\/\",\"url\":\"https:\/\/urologiagirona.com\/es\/robotica-da-vinci\/prostatectomia-radical-robotica\/\",\"name\":\"Prostatectom\u00eda radical Rob\u00f3tica - Urologia Girona\",\"isPartOf\":{\"@id\":\"https:\/\/urologiagirona.com\/#website\"},\"datePublished\":\"2021-03-09T09:00:45+00:00\",\"dateModified\":\"2021-03-09T09:00:46+00:00\",\"breadcrumb\":{\"@id\":\"https:\/\/urologiagirona.com\/es\/robotica-da-vinci\/prostatectomia-radical-robotica\/#breadcrumb\"},\"inLanguage\":\"es\",\"potentialAction\":[{\"@type\":\"ReadAction\",\"target\":[\"https:\/\/urologiagirona.com\/es\/robotica-da-vinci\/prostatectomia-radical-robotica\/\"]}]},{\"@type\":\"BreadcrumbList\",\"@id\":\"https:\/\/urologiagirona.com\/es\/robotica-da-vinci\/prostatectomia-radical-robotica\/#breadcrumb\",\"itemListElement\":[{\"@type\":\"ListItem\",\"position\":1,\"name\":\"Inici\",\"item\":\"https:\/\/urologiagirona.com\/es\/nueva-home-castellano\/\"},{\"@type\":\"ListItem\",\"position\":2,\"name\":\"Rob\u00f3tica Da Vinci\",\"item\":\"https:\/\/urologiagirona.com\/es\/robotica-da-vinci\/\"},{\"@type\":\"ListItem\",\"position\":3,\"name\":\"Prostatectom\u00eda radical Rob\u00f3tica\"}]},{\"@type\":\"WebSite\",\"@id\":\"https:\/\/urologiagirona.com\/#website\",\"url\":\"https:\/\/urologiagirona.com\/\",\"name\":\"Urologia Girona \/ Cl\u00ednica Urologia Girona\",\"description\":\"Som especialistes en cirurgia rob\u00f2tica i m\u00ednimament invasiva per el tractament de patologia prost\u00e0tica ( l\u00e0ser de pr\u00f2stata, Robot Da Vinci, ter\u00e0pia focal), patologia renal (c\u00e0ncer, litiasis, cirurgia rob\u00f2tica i laparosc\u00f2pia) i vesical (tumors de bufeta).\",\"publisher\":{\"@id\":\"https:\/\/urologiagirona.com\/#organization\"},\"alternateName\":\"Cl\u00ednica Urologia Girona\",\"potentialAction\":[{\"@type\":\"SearchAction\",\"target\":{\"@type\":\"EntryPoint\",\"urlTemplate\":\"https:\/\/urologiagirona.com\/?s={search_term_string}\"},\"query-input\":{\"@type\":\"PropertyValueSpecification\",\"valueRequired\":true,\"valueName\":\"search_term_string\"}}],\"inLanguage\":\"es\"},{\"@type\":\"Organization\",\"@id\":\"https:\/\/urologiagirona.com\/#organization\",\"name\":\"Urologia Girona \/ Cl\u00ednica Urologia Girona\",\"url\":\"https:\/\/urologiagirona.com\/\",\"logo\":{\"@type\":\"ImageObject\",\"inLanguage\":\"es\",\"@id\":\"https:\/\/urologiagirona.com\/#\/schema\/logo\/image\/\",\"url\":\"https:\/\/urologiagirona.com\/wp-content\/uploads\/2020\/11\/logo_urologia_girona.jpg\",\"contentUrl\":\"https:\/\/urologiagirona.com\/wp-content\/uploads\/2020\/11\/logo_urologia_girona.jpg\",\"width\":600,\"height\":341,\"caption\":\"Urologia Girona \/ Cl\u00ednica Urologia Girona\"},\"image\":{\"@id\":\"https:\/\/urologiagirona.com\/#\/schema\/logo\/image\/\"}}]}<\/script>\n<!-- \/ Yoast SEO plugin. -->","yoast_head_json":{"title":"Prostatectom\u00eda radical Rob\u00f3tica - Urologia Girona","robots":{"index":"index","follow":"follow","max-snippet":"max-snippet:-1","max-image-preview":"max-image-preview:large","max-video-preview":"max-video-preview:-1"},"canonical":"https:\/\/urologiagirona.com\/es\/robotica-da-vinci\/prostatectomia-radical-robotica\/","og_locale":"es_ES","og_type":"article","og_title":"Prostatectom\u00eda radical Rob\u00f3tica - Urologia Girona","og_description":"En el c\u00e1ncer de pr\u00f3stata la tendencia actual es la realizaci\u00f3n de cada vez m\u00e1s procedimientos quir\u00fargicos y \u00e9stos en la medida de lo posible realizarlos mediante cirug\u00eda rob\u00f3tica, ya a mejorar los resultados en cuanto a continencia urinaria y funci\u00f3n sexual.\u00a0 Este abordaje consigue: Una optimizaci\u00f3n en la extirpaci\u00f3n del tejido tumoral. Mejor visi\u00f3n [&hellip;]","og_url":"https:\/\/urologiagirona.com\/es\/robotica-da-vinci\/prostatectomia-radical-robotica\/","og_site_name":"Urologia Girona","article_modified_time":"2021-03-09T09:00:46+00:00","og_image":[{"width":600,"height":341,"url":"https:\/\/urologiagirona.com\/wp-content\/uploads\/2020\/11\/logo_urologia_girona.jpg","type":"image\/jpeg"}],"schema":{"@context":"https:\/\/schema.org","@graph":[{"@type":"WebPage","@id":"https:\/\/urologiagirona.com\/es\/robotica-da-vinci\/prostatectomia-radical-robotica\/","url":"https:\/\/urologiagirona.com\/es\/robotica-da-vinci\/prostatectomia-radical-robotica\/","name":"Prostatectom\u00eda radical Rob\u00f3tica - Urologia Girona","isPartOf":{"@id":"https:\/\/urologiagirona.com\/#website"},"datePublished":"2021-03-09T09:00:45+00:00","dateModified":"2021-03-09T09:00:46+00:00","breadcrumb":{"@id":"https:\/\/urologiagirona.com\/es\/robotica-da-vinci\/prostatectomia-radical-robotica\/#breadcrumb"},"inLanguage":"es","potentialAction":[{"@type":"ReadAction","target":["https:\/\/urologiagirona.com\/es\/robotica-da-vinci\/prostatectomia-radical-robotica\/"]}]},{"@type":"BreadcrumbList","@id":"https:\/\/urologiagirona.com\/es\/robotica-da-vinci\/prostatectomia-radical-robotica\/#breadcrumb","itemListElement":[{"@type":"ListItem","position":1,"name":"Inici","item":"https:\/\/urologiagirona.com\/es\/nueva-home-castellano\/"},{"@type":"ListItem","position":2,"name":"Rob\u00f3tica Da Vinci","item":"https:\/\/urologiagirona.com\/es\/robotica-da-vinci\/"},{"@type":"ListItem","position":3,"name":"Prostatectom\u00eda radical Rob\u00f3tica"}]},{"@type":"WebSite","@id":"https:\/\/urologiagirona.com\/#website","url":"https:\/\/urologiagirona.com\/","name":"Urologia Girona \/ Cl\u00ednica Urologia Girona","description":"Som especialistes en cirurgia rob\u00f2tica i m\u00ednimament invasiva per el tractament de patologia prost\u00e0tica ( l\u00e0ser de pr\u00f2stata, Robot Da Vinci, ter\u00e0pia focal), patologia renal (c\u00e0ncer, litiasis, cirurgia rob\u00f2tica i laparosc\u00f2pia) i vesical (tumors de bufeta).","publisher":{"@id":"https:\/\/urologiagirona.com\/#organization"},"alternateName":"Cl\u00ednica Urologia Girona","potentialAction":[{"@type":"SearchAction","target":{"@type":"EntryPoint","urlTemplate":"https:\/\/urologiagirona.com\/?s={search_term_string}"},"query-input":{"@type":"PropertyValueSpecification","valueRequired":true,"valueName":"search_term_string"}}],"inLanguage":"es"},{"@type":"Organization","@id":"https:\/\/urologiagirona.com\/#organization","name":"Urologia Girona \/ Cl\u00ednica Urologia Girona","url":"https:\/\/urologiagirona.com\/","logo":{"@type":"ImageObject","inLanguage":"es","@id":"https:\/\/urologiagirona.com\/#\/schema\/logo\/image\/","url":"https:\/\/urologiagirona.com\/wp-content\/uploads\/2020\/11\/logo_urologia_girona.jpg","contentUrl":"https:\/\/urologiagirona.com\/wp-content\/uploads\/2020\/11\/logo_urologia_girona.jpg","width":600,"height":341,"caption":"Urologia Girona \/ Cl\u00ednica Urologia Girona"},"image":{"@id":"https:\/\/urologiagirona.com\/#\/schema\/logo\/image\/"}}]}},"_links":{"self":[{"href":"https:\/\/urologiagirona.com\/es\/wp-json\/wp\/v2\/pages\/714","targetHints":{"allow":["GET"]}}],"collection":[{"href":"https:\/\/urologiagirona.com\/es\/wp-json\/wp\/v2\/pages"}],"about":[{"href":"https:\/\/urologiagirona.com\/es\/wp-json\/wp\/v2\/types\/page"}],"author":[{"embeddable":true,"href":"https:\/\/urologiagirona.com\/es\/wp-json\/wp\/v2\/users\/1"}],"replies":[{"embeddable":true,"href":"https:\/\/urologiagirona.com\/es\/wp-json\/wp\/v2\/comments?post=714"}],"version-history":[{"count":1,"href":"https:\/\/urologiagirona.com\/es\/wp-json\/wp\/v2\/pages\/714\/revisions"}],"predecessor-version":[{"id":715,"href":"https:\/\/urologiagirona.com\/es\/wp-json\/wp\/v2\/pages\/714\/revisions\/715"}],"up":[{"embeddable":true,"href":"https:\/\/urologiagirona.com\/es\/wp-json\/wp\/v2\/pages\/712"}],"wp:attachment":[{"href":"https:\/\/urologiagirona.com\/es\/wp-json\/wp\/v2\/media?parent=714"}],"curies":[{"name":"wp","href":"https:\/\/api.w.org\/{rel}","templated":true}]}}