{"id":712,"date":"2021-03-09T10:58:44","date_gmt":"2021-03-09T08:58:44","guid":{"rendered":"https:\/\/urologiagirona.com\/?page_id=712"},"modified":"2021-03-09T10:58:45","modified_gmt":"2021-03-09T08:58:45","slug":"robotica-da-vinci","status":"publish","type":"page","link":"https:\/\/urologiagirona.com\/es\/robotica-da-vinci\/","title":{"rendered":"Rob\u00f3tica Da Vinci"},"content":{"rendered":"\n<p><strong>El sistema Da Vinci<\/strong>, es un sistema de <strong>cirug\u00eda rob\u00f3tica dise\u00f1ado<\/strong> y fabricado en Estados Unidos a principios del a\u00f1o 2000 y que se ha ido desarrollando y perfeccionando hasta el d\u00eda de hoy. Es un paso m\u00e1s a la aportaci\u00f3n que hizo la cirug\u00eda laparosc\u00f3pica, ya que un robot asiste al cirujano en el momento de realizarla.\u00a0<\/p>\n\n\n\n<p>El robot consta de 4 brazos rob\u00f3ticos, uno de ellos sostiene el sistema \u00f3ptico, es decir por donde se ve los pasos quir\u00fargicos que se van realizando, y en los otros tres se acoplan distintos tipos de dispositivos (pinzas, bistur\u00eds, porta agujas, grapadoras\u2026) para poder proceder con la intervenci\u00f3n. Todos ellos no act\u00faan de forma aut\u00f3noma como mucha gente cree o presupone. El cirujano desde una consola ubicada en el mismo quir\u00f3fano, es el encargado de accionar y controlar todos los elementos antes descritos.<\/p>\n\n\n\n<p>Este complejo sistema ofrece una visi\u00f3n en tres dimensiones y muy alta resoluci\u00f3n. Los brazos rob\u00f3ticos tienen una movilidad superior a la mu\u00f1eca humana en lo que a grados de libertad se refiere.\u00a0 <strong>Fruto de estos avances t\u00e9cnicos, la precisi\u00f3n y seguridad aumentan.\u00a0<\/strong><\/p>\n\n\n\n<p><strong>En urolog\u00eda, todos los procedimientos que se efect\u00faan v\u00eda laparosc\u00f3pica, pueden realizarse v\u00eda rob\u00f3tica. Cada vez, se van implementando m\u00e1s procedimientos; no s\u00f3lo en el \u00e1mbito oncol\u00f3gico, tambi\u00e9n en urolog\u00eda reconstructiva (f\u00edstulas, estenosis\u2026) y cirug\u00eda funcional (prolapso vesical, incontinencia urinaria\u2026).<\/strong><\/p>\n\n\n\n<p>El equipo de Urologia Girona liderado por los Drs. Comet y Boix tenemos <strong>la oportunidad de ofrecer este tipo de intervenciones a los pacientes, realizando nosotros mismos la cirug\u00eda en las instalaciones de la Cl\u00ednica Sagrada Familia en Barcelona<\/strong>, donde se encuentra el sistema Da Vinci, y en colaboraci\u00f3n estrecha con los ur\u00f3logos del centro durante el postoperatorio del paciente. Estas facilidades nos permiten la atenci\u00f3n integral del paciente, ya que podemos llevar a cabo\u00a0 el diagn\u00f3stico, tratamiento y seguimiento de nuestros pacientes sin tener que renunciar a las \u00faltimas tecnolog\u00edas actuales\u00a0 ni derivar nuestros pacientes a otros centros.<\/p>\n","protected":false},"excerpt":{"rendered":"<p>El sistema Da Vinci, es un sistema de cirug\u00eda rob\u00f3tica dise\u00f1ado y fabricado en Estados Unidos a principios del a\u00f1o 2000 y que se ha ido desarrollando y perfeccionando hasta el d\u00eda de hoy. Es un paso m\u00e1s a la aportaci\u00f3n que hizo la cirug\u00eda laparosc\u00f3pica, ya que un robot asiste al cirujano en el [&hellip;]<\/p>\n","protected":false},"author":1,"featured_media":0,"parent":0,"menu_order":0,"comment_status":"closed","ping_status":"closed","template":"","meta":{"_et_pb_use_builder":"off","_et_pb_old_content":"","_et_gb_content_width":"","footnotes":""},"class_list":["post-712","page","type-page","status-publish","hentry"],"yoast_head":"<!-- This site is optimized with the Yoast SEO plugin v25.8 - https:\/\/yoast.com\/wordpress\/plugins\/seo\/ -->\n<title>Rob\u00f3tica Da Vinci - Urologia Girona<\/title>\n<meta name=\"robots\" content=\"index, follow, max-snippet:-1, max-image-preview:large, max-video-preview:-1\" \/>\n<link rel=\"canonical\" href=\"https:\/\/urologiagirona.com\/es\/robotica-da-vinci\/\" \/>\n<meta property=\"og:locale\" content=\"es_ES\" \/>\n<meta property=\"og:type\" content=\"article\" \/>\n<meta property=\"og:title\" content=\"Rob\u00f3tica Da Vinci - Urologia Girona\" \/>\n<meta property=\"og:description\" content=\"El sistema Da Vinci, es un sistema de cirug\u00eda rob\u00f3tica dise\u00f1ado y fabricado en Estados Unidos a principios del a\u00f1o 2000 y que se ha ido desarrollando y perfeccionando hasta el d\u00eda de hoy. Es un paso m\u00e1s a la aportaci\u00f3n que hizo la cirug\u00eda laparosc\u00f3pica, ya que un robot asiste al cirujano en el [&hellip;]\" \/>\n<meta property=\"og:url\" content=\"https:\/\/urologiagirona.com\/es\/robotica-da-vinci\/\" \/>\n<meta property=\"og:site_name\" content=\"Urologia Girona\" \/>\n<meta property=\"article:modified_time\" content=\"2021-03-09T08:58:45+00:00\" \/>\n<meta property=\"og:image\" content=\"https:\/\/urologiagirona.com\/wp-content\/uploads\/2020\/11\/logo_urologia_girona.jpg\" \/>\n\t<meta property=\"og:image:width\" content=\"600\" \/>\n\t<meta property=\"og:image:height\" content=\"341\" \/>\n\t<meta property=\"og:image:type\" content=\"image\/jpeg\" \/>\n<script type=\"application\/ld+json\" class=\"yoast-schema-graph\">{\"@context\":\"https:\/\/schema.org\",\"@graph\":[{\"@type\":\"WebPage\",\"@id\":\"https:\/\/urologiagirona.com\/es\/robotica-da-vinci\/\",\"url\":\"https:\/\/urologiagirona.com\/es\/robotica-da-vinci\/\",\"name\":\"Rob\u00f3tica Da Vinci - Urologia Girona\",\"isPartOf\":{\"@id\":\"https:\/\/urologiagirona.com\/#website\"},\"datePublished\":\"2021-03-09T08:58:44+00:00\",\"dateModified\":\"2021-03-09T08:58:45+00:00\",\"breadcrumb\":{\"@id\":\"https:\/\/urologiagirona.com\/es\/robotica-da-vinci\/#breadcrumb\"},\"inLanguage\":\"es\",\"potentialAction\":[{\"@type\":\"ReadAction\",\"target\":[\"https:\/\/urologiagirona.com\/es\/robotica-da-vinci\/\"]}]},{\"@type\":\"BreadcrumbList\",\"@id\":\"https:\/\/urologiagirona.com\/es\/robotica-da-vinci\/#breadcrumb\",\"itemListElement\":[{\"@type\":\"ListItem\",\"position\":1,\"name\":\"Inici\",\"item\":\"https:\/\/urologiagirona.com\/es\/nueva-home-castellano\/\"},{\"@type\":\"ListItem\",\"position\":2,\"name\":\"Rob\u00f3tica Da Vinci\"}]},{\"@type\":\"WebSite\",\"@id\":\"https:\/\/urologiagirona.com\/#website\",\"url\":\"https:\/\/urologiagirona.com\/\",\"name\":\"Urologia Girona \/ Cl\u00ednica Urologia Girona\",\"description\":\"Som especialistes en cirurgia rob\u00f2tica i m\u00ednimament invasiva per el tractament de patologia prost\u00e0tica ( l\u00e0ser de pr\u00f2stata, Robot Da Vinci, ter\u00e0pia focal), patologia renal (c\u00e0ncer, litiasis, cirurgia rob\u00f2tica i laparosc\u00f2pia) i vesical (tumors de bufeta).\",\"publisher\":{\"@id\":\"https:\/\/urologiagirona.com\/#organization\"},\"alternateName\":\"Cl\u00ednica Urologia Girona\",\"potentialAction\":[{\"@type\":\"SearchAction\",\"target\":{\"@type\":\"EntryPoint\",\"urlTemplate\":\"https:\/\/urologiagirona.com\/?s={search_term_string}\"},\"query-input\":{\"@type\":\"PropertyValueSpecification\",\"valueRequired\":true,\"valueName\":\"search_term_string\"}}],\"inLanguage\":\"es\"},{\"@type\":\"Organization\",\"@id\":\"https:\/\/urologiagirona.com\/#organization\",\"name\":\"Urologia Girona \/ Cl\u00ednica Urologia Girona\",\"url\":\"https:\/\/urologiagirona.com\/\",\"logo\":{\"@type\":\"ImageObject\",\"inLanguage\":\"es\",\"@id\":\"https:\/\/urologiagirona.com\/#\/schema\/logo\/image\/\",\"url\":\"https:\/\/urologiagirona.com\/wp-content\/uploads\/2020\/11\/logo_urologia_girona.jpg\",\"contentUrl\":\"https:\/\/urologiagirona.com\/wp-content\/uploads\/2020\/11\/logo_urologia_girona.jpg\",\"width\":600,\"height\":341,\"caption\":\"Urologia Girona \/ Cl\u00ednica Urologia Girona\"},\"image\":{\"@id\":\"https:\/\/urologiagirona.com\/#\/schema\/logo\/image\/\"}}]}<\/script>\n<!-- \/ Yoast SEO plugin. -->","yoast_head_json":{"title":"Rob\u00f3tica Da Vinci - Urologia Girona","robots":{"index":"index","follow":"follow","max-snippet":"max-snippet:-1","max-image-preview":"max-image-preview:large","max-video-preview":"max-video-preview:-1"},"canonical":"https:\/\/urologiagirona.com\/es\/robotica-da-vinci\/","og_locale":"es_ES","og_type":"article","og_title":"Rob\u00f3tica Da Vinci - Urologia Girona","og_description":"El sistema Da Vinci, es un sistema de cirug\u00eda rob\u00f3tica dise\u00f1ado y fabricado en Estados Unidos a principios del a\u00f1o 2000 y que se ha ido desarrollando y perfeccionando hasta el d\u00eda de hoy. Es un paso m\u00e1s a la aportaci\u00f3n que hizo la cirug\u00eda laparosc\u00f3pica, ya que un robot asiste al cirujano en el [&hellip;]","og_url":"https:\/\/urologiagirona.com\/es\/robotica-da-vinci\/","og_site_name":"Urologia Girona","article_modified_time":"2021-03-09T08:58:45+00:00","og_image":[{"width":600,"height":341,"url":"https:\/\/urologiagirona.com\/wp-content\/uploads\/2020\/11\/logo_urologia_girona.jpg","type":"image\/jpeg"}],"schema":{"@context":"https:\/\/schema.org","@graph":[{"@type":"WebPage","@id":"https:\/\/urologiagirona.com\/es\/robotica-da-vinci\/","url":"https:\/\/urologiagirona.com\/es\/robotica-da-vinci\/","name":"Rob\u00f3tica Da Vinci - Urologia Girona","isPartOf":{"@id":"https:\/\/urologiagirona.com\/#website"},"datePublished":"2021-03-09T08:58:44+00:00","dateModified":"2021-03-09T08:58:45+00:00","breadcrumb":{"@id":"https:\/\/urologiagirona.com\/es\/robotica-da-vinci\/#breadcrumb"},"inLanguage":"es","potentialAction":[{"@type":"ReadAction","target":["https:\/\/urologiagirona.com\/es\/robotica-da-vinci\/"]}]},{"@type":"BreadcrumbList","@id":"https:\/\/urologiagirona.com\/es\/robotica-da-vinci\/#breadcrumb","itemListElement":[{"@type":"ListItem","position":1,"name":"Inici","item":"https:\/\/urologiagirona.com\/es\/nueva-home-castellano\/"},{"@type":"ListItem","position":2,"name":"Rob\u00f3tica Da Vinci"}]},{"@type":"WebSite","@id":"https:\/\/urologiagirona.com\/#website","url":"https:\/\/urologiagirona.com\/","name":"Urologia Girona \/ Cl\u00ednica Urologia Girona","description":"Som especialistes en cirurgia rob\u00f2tica i m\u00ednimament invasiva per el tractament de patologia prost\u00e0tica ( l\u00e0ser de pr\u00f2stata, Robot Da Vinci, ter\u00e0pia focal), patologia renal (c\u00e0ncer, litiasis, cirurgia rob\u00f2tica i laparosc\u00f2pia) i vesical (tumors de bufeta).","publisher":{"@id":"https:\/\/urologiagirona.com\/#organization"},"alternateName":"Cl\u00ednica Urologia Girona","potentialAction":[{"@type":"SearchAction","target":{"@type":"EntryPoint","urlTemplate":"https:\/\/urologiagirona.com\/?s={search_term_string}"},"query-input":{"@type":"PropertyValueSpecification","valueRequired":true,"valueName":"search_term_string"}}],"inLanguage":"es"},{"@type":"Organization","@id":"https:\/\/urologiagirona.com\/#organization","name":"Urologia Girona \/ Cl\u00ednica Urologia Girona","url":"https:\/\/urologiagirona.com\/","logo":{"@type":"ImageObject","inLanguage":"es","@id":"https:\/\/urologiagirona.com\/#\/schema\/logo\/image\/","url":"https:\/\/urologiagirona.com\/wp-content\/uploads\/2020\/11\/logo_urologia_girona.jpg","contentUrl":"https:\/\/urologiagirona.com\/wp-content\/uploads\/2020\/11\/logo_urologia_girona.jpg","width":600,"height":341,"caption":"Urologia Girona \/ Cl\u00ednica Urologia Girona"},"image":{"@id":"https:\/\/urologiagirona.com\/#\/schema\/logo\/image\/"}}]}},"_links":{"self":[{"href":"https:\/\/urologiagirona.com\/es\/wp-json\/wp\/v2\/pages\/712","targetHints":{"allow":["GET"]}}],"collection":[{"href":"https:\/\/urologiagirona.com\/es\/wp-json\/wp\/v2\/pages"}],"about":[{"href":"https:\/\/urologiagirona.com\/es\/wp-json\/wp\/v2\/types\/page"}],"author":[{"embeddable":true,"href":"https:\/\/urologiagirona.com\/es\/wp-json\/wp\/v2\/users\/1"}],"replies":[{"embeddable":true,"href":"https:\/\/urologiagirona.com\/es\/wp-json\/wp\/v2\/comments?post=712"}],"version-history":[{"count":1,"href":"https:\/\/urologiagirona.com\/es\/wp-json\/wp\/v2\/pages\/712\/revisions"}],"predecessor-version":[{"id":713,"href":"https:\/\/urologiagirona.com\/es\/wp-json\/wp\/v2\/pages\/712\/revisions\/713"}],"wp:attachment":[{"href":"https:\/\/urologiagirona.com\/es\/wp-json\/wp\/v2\/media?parent=712"}],"curies":[{"name":"wp","href":"https:\/\/api.w.org\/{rel}","templated":true}]}}