{"id":705,"date":"2021-03-09T10:52:33","date_gmt":"2021-03-09T08:52:33","guid":{"rendered":"https:\/\/urologiagirona.com\/?page_id=705"},"modified":"2021-03-09T10:55:16","modified_gmt":"2021-03-09T08:55:16","slug":"cirugia-laparoscopica-en-3d","status":"publish","type":"page","link":"https:\/\/urologiagirona.com\/es\/cirugia-laparoscopica-en-3d\/","title":{"rendered":"Cirug\u00eda laparosc\u00f3pica en 3D"},"content":{"rendered":"<p><a href=\"https:\/\/urologiagirona.com\/wp-content\/uploads\/2015\/04\/uroleg-1631.jpg\"><img fetchpriority=\"high\" fetchpriority=\"high\" decoding=\"async\" class=\" wp-image-119 alignright\" src=\"https:\/\/urologiagirona.com\/wp-content\/uploads\/2015\/04\/uroleg-1631-300x200.jpg\" alt=\"uroleg, urologia, clinica onyar, dr boix, dr comet\" width=\"379\" height=\"239\" \/><\/a><span style=\"font-weight: 400;\"><strong>La cirug\u00eda laparosc\u00f3pica en 3D es un tipo de cirug\u00eda que tiene las mismas ventajas que la laparoscopia convencional (sin incisiones, se realiza la cirug\u00eda a trav\u00e9s de peque\u00f1os orificios) pero con visi\u00f3n 3D.<\/strong> Esta visi\u00f3n tridimensional facilita la cirug\u00eda, sobre todo cuando se realizan movimientos complejos, como por ejemplo, suturas.<\/span><\/p>\n<p><span style=\"font-weight: 400;\"><strong>Para llevar a cabo la cirug\u00eda laparosc\u00f3pica en 3D<\/strong>, se insufla igualmente di\u00f3xido de carbono en la cavidad abdominal y se introducen los instrumentos a trav\u00e9s de orificios que nos permiten llevar a cabo la intervenci\u00f3n. Cambia pero el tipo de visi\u00f3n que obtenemos, con una c\u00e1mara 3D.<\/span><\/p>\n<p><strong>Las ventajas de la cirug\u00eda laparosc\u00f3pica (convencional y en 3D) sobre la cirug\u00eda abierta cl\u00e1sica son:<\/strong><\/p>\n<ul>\n<li style=\"font-weight: 400;\" aria-level=\"1\"><span style=\"font-weight: 400;\">Recuperaci\u00f3n m\u00e1s r\u00e1pida y sin grandes heridas.<\/span><\/li>\n<li style=\"font-weight: 400;\" aria-level=\"1\"><span style=\"font-weight: 400;\">Disminuci\u00f3n de la p\u00e9rdida de sangre durante la cirurgia.La necesidad de transfusiones de sangre es muy baja.<\/span><\/li>\n<li style=\"font-weight: 400;\" aria-level=\"1\"><span style=\"font-weight: 400;\">Aumento de la precisi\u00f3n, gracias a la magnificaci\u00f3n de la imagen, que nos permite apreciar un mayor detalle de la anatom\u00eda.<\/span><\/li>\n<\/ul>\n<p><span style=\"font-weight: 400;\"><strong>La cirug\u00eda laparosc\u00f3pica en 3D<\/strong> la realizamos para pr\u00e1cticamente todos los procedimientos laparosc\u00f3picos oncol\u00f3gicos de ri\u00f1\u00f3n, pr\u00f3stata y vejiga. Tambi\u00e9n es muy \u00fatil para la cirug\u00eda de procesos benignos del ri\u00f1\u00f3n y v\u00edas urinarias, como c\u00e1lculos y malformaciones, as\u00ed como la correcci\u00f3n de los prolapsos de los \u00f3rganos p\u00e9lvicos en mujeres.<\/span><\/p>\n<h4><span style=\"font-weight: 400;\">Los procedimientos que hacemos por v\u00eda laparosc\u00f3pica convencional y en 3D son:<\/span><\/h4>\n<ul>\n<li><span style=\"font-weight: 400;\"><strong>Prostatectom\u00eda radical laparosc\u00f3pica:<\/strong> o extirpaci\u00f3n de pr\u00f3stata y ves\u00edculas seminales en el c\u00e1ncer de pr\u00f3stata<\/span><\/li>\n<li><span style=\"font-weight: 400;\"><strong>Nefrectom\u00eda radical y parcial laparosc\u00f3pica:<\/strong> consiste en la extirpaci\u00f3n de todo el ri\u00f1\u00f3n o s\u00f3lo del n\u00f3dulo tumoral, cuando \u00e9ste es m\u00e1s peque\u00f1o y de localizaci\u00f3n m\u00e1s perif\u00e9rica<\/span><\/li>\n<li><span style=\"font-weight: 400;\"><strong>Cistectom\u00eda radical con linfadenectom\u00eda laparosc\u00f3pica:<\/strong> es la extirpaci\u00f3n completa de la vejiga urinaria y los ganglios p\u00e9lvicos por c\u00e1ncer de vejiga. Esta intervenci\u00f3n lleva asociada una reconstrucci\u00f3n que precisa de utiltizar segmentos intestinales.<\/span><\/li>\n<li><span style=\"font-weight: 400;\"><strong>Pieloplastia laparosc\u00f3pica:<\/strong> consiste en la reparaci\u00f3n de una malformaci\u00f3n de la v\u00eda urinaria que provoca una obstrucci\u00f3n en la eliminaci\u00f3n de la orina a nivel del ri\u00f1\u00f3n.<\/span><\/li>\n<li><span style=\"font-weight: 400;\"><strong>Ureterolitotomia y pielolitotomia laparosc\u00f2pica:<\/strong> o extirpaci\u00f3n de c\u00e1lculos en el ur\u00e9ter o el ri\u00f1\u00f3n que no se pueden romper por v\u00eda endosc\u00f3pica o con litotricia extra corp\u00f3rea ,.<\/span><\/li>\n<li><span style=\"font-weight: 400;\"><strong>Colposacrop\u00e8xia v\u00eda laparosc\u00f3pica:<\/strong> o correcci\u00f3n de prolapsos de \u00f3rganos p\u00e9lvicos (vejiga, c\u00fapula vaginal y recto) mediante mallas que se fijan a la pelvis.<\/span><\/li>\n<\/ul>\n","protected":false},"excerpt":{"rendered":"<p>La cirug\u00eda laparosc\u00f3pica en 3D es un tipo de cirug\u00eda que tiene las mismas ventajas que la laparoscopia convencional (sin incisiones, se realiza la cirug\u00eda a trav\u00e9s de peque\u00f1os orificios) pero con visi\u00f3n 3D. Esta visi\u00f3n tridimensional facilita la cirug\u00eda, sobre todo cuando se realizan movimientos complejos, como por ejemplo, suturas. Para llevar a cabo [&hellip;]<\/p>\n","protected":false},"author":1,"featured_media":0,"parent":0,"menu_order":0,"comment_status":"open","ping_status":"open","template":"","meta":{"_et_pb_use_builder":"","_et_pb_old_content":"","_et_gb_content_width":"","footnotes":""},"class_list":["post-705","page","type-page","status-publish","hentry"],"yoast_head":"<!-- This site is optimized with the Yoast SEO plugin v25.8 - https:\/\/yoast.com\/wordpress\/plugins\/seo\/ -->\n<title>Cirug\u00eda laparosc\u00f3pica en 3D - Urologia Girona<\/title>\n<meta name=\"robots\" content=\"index, follow, max-snippet:-1, max-image-preview:large, max-video-preview:-1\" \/>\n<link rel=\"canonical\" href=\"https:\/\/urologiagirona.com\/es\/cirugia-laparoscopica-en-3d\/\" \/>\n<meta property=\"og:locale\" content=\"es_ES\" \/>\n<meta property=\"og:type\" content=\"article\" \/>\n<meta property=\"og:title\" content=\"Cirug\u00eda laparosc\u00f3pica en 3D - Urologia Girona\" \/>\n<meta property=\"og:description\" content=\"La cirug\u00eda laparosc\u00f3pica en 3D es un tipo de cirug\u00eda que tiene las mismas ventajas que la laparoscopia convencional (sin incisiones, se realiza la cirug\u00eda a trav\u00e9s de peque\u00f1os orificios) pero con visi\u00f3n 3D. Esta visi\u00f3n tridimensional facilita la cirug\u00eda, sobre todo cuando se realizan movimientos complejos, como por ejemplo, suturas. Para llevar a cabo [&hellip;]\" \/>\n<meta property=\"og:url\" content=\"https:\/\/urologiagirona.com\/es\/cirugia-laparoscopica-en-3d\/\" \/>\n<meta property=\"og:site_name\" content=\"Urologia Girona\" \/>\n<meta property=\"article:modified_time\" content=\"2021-03-09T08:55:16+00:00\" \/>\n<meta property=\"og:image\" content=\"https:\/\/urologiagirona.com\/wp-content\/uploads\/2015\/04\/uroleg-1631-300x200.jpg\" \/>\n<script type=\"application\/ld+json\" class=\"yoast-schema-graph\">{\"@context\":\"https:\/\/schema.org\",\"@graph\":[{\"@type\":\"WebPage\",\"@id\":\"https:\/\/urologiagirona.com\/es\/cirugia-laparoscopica-en-3d\/\",\"url\":\"https:\/\/urologiagirona.com\/es\/cirugia-laparoscopica-en-3d\/\",\"name\":\"Cirug\u00eda laparosc\u00f3pica en 3D - Urologia Girona\",\"isPartOf\":{\"@id\":\"https:\/\/urologiagirona.com\/#website\"},\"primaryImageOfPage\":{\"@id\":\"https:\/\/urologiagirona.com\/es\/cirugia-laparoscopica-en-3d\/#primaryimage\"},\"image\":{\"@id\":\"https:\/\/urologiagirona.com\/es\/cirugia-laparoscopica-en-3d\/#primaryimage\"},\"thumbnailUrl\":\"https:\/\/urologiagirona.com\/wp-content\/uploads\/2015\/04\/uroleg-1631-300x200.jpg\",\"datePublished\":\"2021-03-09T08:52:33+00:00\",\"dateModified\":\"2021-03-09T08:55:16+00:00\",\"breadcrumb\":{\"@id\":\"https:\/\/urologiagirona.com\/es\/cirugia-laparoscopica-en-3d\/#breadcrumb\"},\"inLanguage\":\"es\",\"potentialAction\":[{\"@type\":\"ReadAction\",\"target\":[\"https:\/\/urologiagirona.com\/es\/cirugia-laparoscopica-en-3d\/\"]}]},{\"@type\":\"ImageObject\",\"inLanguage\":\"es\",\"@id\":\"https:\/\/urologiagirona.com\/es\/cirugia-laparoscopica-en-3d\/#primaryimage\",\"url\":\"https:\/\/urologiagirona.com\/wp-content\/uploads\/2015\/04\/uroleg-1631-300x200.jpg\",\"contentUrl\":\"https:\/\/urologiagirona.com\/wp-content\/uploads\/2015\/04\/uroleg-1631-300x200.jpg\"},{\"@type\":\"BreadcrumbList\",\"@id\":\"https:\/\/urologiagirona.com\/es\/cirugia-laparoscopica-en-3d\/#breadcrumb\",\"itemListElement\":[{\"@type\":\"ListItem\",\"position\":1,\"name\":\"Inici\",\"item\":\"https:\/\/urologiagirona.com\/es\/nueva-home-castellano\/\"},{\"@type\":\"ListItem\",\"position\":2,\"name\":\"Cirug\u00eda laparosc\u00f3pica en 3D\"}]},{\"@type\":\"WebSite\",\"@id\":\"https:\/\/urologiagirona.com\/#website\",\"url\":\"https:\/\/urologiagirona.com\/\",\"name\":\"Urologia Girona \/ Cl\u00ednica Urologia Girona\",\"description\":\"Som especialistes en cirurgia rob\u00f2tica i m\u00ednimament invasiva per el tractament de patologia prost\u00e0tica ( l\u00e0ser de pr\u00f2stata, Robot Da Vinci, ter\u00e0pia focal), patologia renal (c\u00e0ncer, litiasis, cirurgia rob\u00f2tica i laparosc\u00f2pia) i vesical (tumors de bufeta).\",\"publisher\":{\"@id\":\"https:\/\/urologiagirona.com\/#organization\"},\"alternateName\":\"Cl\u00ednica Urologia Girona\",\"potentialAction\":[{\"@type\":\"SearchAction\",\"target\":{\"@type\":\"EntryPoint\",\"urlTemplate\":\"https:\/\/urologiagirona.com\/?s={search_term_string}\"},\"query-input\":{\"@type\":\"PropertyValueSpecification\",\"valueRequired\":true,\"valueName\":\"search_term_string\"}}],\"inLanguage\":\"es\"},{\"@type\":\"Organization\",\"@id\":\"https:\/\/urologiagirona.com\/#organization\",\"name\":\"Urologia Girona \/ Cl\u00ednica Urologia Girona\",\"url\":\"https:\/\/urologiagirona.com\/\",\"logo\":{\"@type\":\"ImageObject\",\"inLanguage\":\"es\",\"@id\":\"https:\/\/urologiagirona.com\/#\/schema\/logo\/image\/\",\"url\":\"https:\/\/urologiagirona.com\/wp-content\/uploads\/2020\/11\/logo_urologia_girona.jpg\",\"contentUrl\":\"https:\/\/urologiagirona.com\/wp-content\/uploads\/2020\/11\/logo_urologia_girona.jpg\",\"width\":600,\"height\":341,\"caption\":\"Urologia Girona \/ Cl\u00ednica Urologia Girona\"},\"image\":{\"@id\":\"https:\/\/urologiagirona.com\/#\/schema\/logo\/image\/\"}}]}<\/script>\n<!-- \/ Yoast SEO plugin. -->","yoast_head_json":{"title":"Cirug\u00eda laparosc\u00f3pica en 3D - Urologia Girona","robots":{"index":"index","follow":"follow","max-snippet":"max-snippet:-1","max-image-preview":"max-image-preview:large","max-video-preview":"max-video-preview:-1"},"canonical":"https:\/\/urologiagirona.com\/es\/cirugia-laparoscopica-en-3d\/","og_locale":"es_ES","og_type":"article","og_title":"Cirug\u00eda laparosc\u00f3pica en 3D - Urologia Girona","og_description":"La cirug\u00eda laparosc\u00f3pica en 3D es un tipo de cirug\u00eda que tiene las mismas ventajas que la laparoscopia convencional (sin incisiones, se realiza la cirug\u00eda a trav\u00e9s de peque\u00f1os orificios) pero con visi\u00f3n 3D. Esta visi\u00f3n tridimensional facilita la cirug\u00eda, sobre todo cuando se realizan movimientos complejos, como por ejemplo, suturas. Para llevar a cabo [&hellip;]","og_url":"https:\/\/urologiagirona.com\/es\/cirugia-laparoscopica-en-3d\/","og_site_name":"Urologia Girona","article_modified_time":"2021-03-09T08:55:16+00:00","og_image":[{"url":"https:\/\/urologiagirona.com\/wp-content\/uploads\/2015\/04\/uroleg-1631-300x200.jpg","type":"","width":"","height":""}],"schema":{"@context":"https:\/\/schema.org","@graph":[{"@type":"WebPage","@id":"https:\/\/urologiagirona.com\/es\/cirugia-laparoscopica-en-3d\/","url":"https:\/\/urologiagirona.com\/es\/cirugia-laparoscopica-en-3d\/","name":"Cirug\u00eda laparosc\u00f3pica en 3D - Urologia Girona","isPartOf":{"@id":"https:\/\/urologiagirona.com\/#website"},"primaryImageOfPage":{"@id":"https:\/\/urologiagirona.com\/es\/cirugia-laparoscopica-en-3d\/#primaryimage"},"image":{"@id":"https:\/\/urologiagirona.com\/es\/cirugia-laparoscopica-en-3d\/#primaryimage"},"thumbnailUrl":"https:\/\/urologiagirona.com\/wp-content\/uploads\/2015\/04\/uroleg-1631-300x200.jpg","datePublished":"2021-03-09T08:52:33+00:00","dateModified":"2021-03-09T08:55:16+00:00","breadcrumb":{"@id":"https:\/\/urologiagirona.com\/es\/cirugia-laparoscopica-en-3d\/#breadcrumb"},"inLanguage":"es","potentialAction":[{"@type":"ReadAction","target":["https:\/\/urologiagirona.com\/es\/cirugia-laparoscopica-en-3d\/"]}]},{"@type":"ImageObject","inLanguage":"es","@id":"https:\/\/urologiagirona.com\/es\/cirugia-laparoscopica-en-3d\/#primaryimage","url":"https:\/\/urologiagirona.com\/wp-content\/uploads\/2015\/04\/uroleg-1631-300x200.jpg","contentUrl":"https:\/\/urologiagirona.com\/wp-content\/uploads\/2015\/04\/uroleg-1631-300x200.jpg"},{"@type":"BreadcrumbList","@id":"https:\/\/urologiagirona.com\/es\/cirugia-laparoscopica-en-3d\/#breadcrumb","itemListElement":[{"@type":"ListItem","position":1,"name":"Inici","item":"https:\/\/urologiagirona.com\/es\/nueva-home-castellano\/"},{"@type":"ListItem","position":2,"name":"Cirug\u00eda laparosc\u00f3pica en 3D"}]},{"@type":"WebSite","@id":"https:\/\/urologiagirona.com\/#website","url":"https:\/\/urologiagirona.com\/","name":"Urologia Girona \/ Cl\u00ednica Urologia Girona","description":"Som especialistes en cirurgia rob\u00f2tica i m\u00ednimament invasiva per el tractament de patologia prost\u00e0tica ( l\u00e0ser de pr\u00f2stata, Robot Da Vinci, ter\u00e0pia focal), patologia renal (c\u00e0ncer, litiasis, cirurgia rob\u00f2tica i laparosc\u00f2pia) i vesical (tumors de bufeta).","publisher":{"@id":"https:\/\/urologiagirona.com\/#organization"},"alternateName":"Cl\u00ednica Urologia Girona","potentialAction":[{"@type":"SearchAction","target":{"@type":"EntryPoint","urlTemplate":"https:\/\/urologiagirona.com\/?s={search_term_string}"},"query-input":{"@type":"PropertyValueSpecification","valueRequired":true,"valueName":"search_term_string"}}],"inLanguage":"es"},{"@type":"Organization","@id":"https:\/\/urologiagirona.com\/#organization","name":"Urologia Girona \/ Cl\u00ednica Urologia Girona","url":"https:\/\/urologiagirona.com\/","logo":{"@type":"ImageObject","inLanguage":"es","@id":"https:\/\/urologiagirona.com\/#\/schema\/logo\/image\/","url":"https:\/\/urologiagirona.com\/wp-content\/uploads\/2020\/11\/logo_urologia_girona.jpg","contentUrl":"https:\/\/urologiagirona.com\/wp-content\/uploads\/2020\/11\/logo_urologia_girona.jpg","width":600,"height":341,"caption":"Urologia Girona \/ Cl\u00ednica Urologia Girona"},"image":{"@id":"https:\/\/urologiagirona.com\/#\/schema\/logo\/image\/"}}]}},"_links":{"self":[{"href":"https:\/\/urologiagirona.com\/es\/wp-json\/wp\/v2\/pages\/705","targetHints":{"allow":["GET"]}}],"collection":[{"href":"https:\/\/urologiagirona.com\/es\/wp-json\/wp\/v2\/pages"}],"about":[{"href":"https:\/\/urologiagirona.com\/es\/wp-json\/wp\/v2\/types\/page"}],"author":[{"embeddable":true,"href":"https:\/\/urologiagirona.com\/es\/wp-json\/wp\/v2\/users\/1"}],"replies":[{"embeddable":true,"href":"https:\/\/urologiagirona.com\/es\/wp-json\/wp\/v2\/comments?post=705"}],"version-history":[{"count":3,"href":"https:\/\/urologiagirona.com\/es\/wp-json\/wp\/v2\/pages\/705\/revisions"}],"predecessor-version":[{"id":710,"href":"https:\/\/urologiagirona.com\/es\/wp-json\/wp\/v2\/pages\/705\/revisions\/710"}],"wp:attachment":[{"href":"https:\/\/urologiagirona.com\/es\/wp-json\/wp\/v2\/media?parent=705"}],"curies":[{"name":"wp","href":"https:\/\/api.w.org\/{rel}","templated":true}]}}