{"id":692,"date":"2021-03-08T19:06:17","date_gmt":"2021-03-08T17:06:17","guid":{"rendered":"https:\/\/urologiagirona.com\/?page_id=692"},"modified":"2021-03-08T19:06:19","modified_gmt":"2021-03-08T17:06:19","slug":"infecciones-de-orina","status":"publish","type":"page","link":"https:\/\/urologiagirona.com\/es\/infecciones-de-orina\/","title":{"rendered":"Infecciones de Orina"},"content":{"rendered":"\n<h2 class=\"wp-block-heading\">Cistitis Aguda<\/h2>\n\n\n\n<p><strong>Especial \u00e9nfasis en las cistitis de repetici\u00f3n. Tiene criterios de Cistitis de Repetici\u00f3n aquella paciente que ha presentado m\u00e1s de 3 infecciones en un a\u00f1o<\/strong>, y precisa de la evaluaci\u00f3n de un ur\u00f3logo para descartar alg\u00fan problema que justifique la repetici\u00f3n, as\u00ed como de un tratamiento para la fase aguda y evaluar un eventual tratamiento preventivo.<\/p>\n\n\n\n<p><strong>Esta patolog\u00eda afecta frecuentemente a mujeres sexualmente activas de entre 20 y 50<\/strong>, pero tambi\u00e9n puede ocurrir en las que no son sexualmente activas y en las ni\u00f1as. Los adultos mayores tambi\u00e9n est\u00e1n en alto riesgo de desarrollar cistitis, con una incidencia mucho mayor que en personas m\u00e1s j\u00f3venes. La cistitis es poco com\u00fan en los hombres. M\u00e1s del 90% de los casos de cistitis son causados por (E. coli), una bacteria que se encuentra en el intestino y el colon.<\/p>\n\n\n\n<p>Cl\u00ednica: Presi\u00f3n en la parte inferior de la pelvis, dolor al orinar, necesidad urgente de orinar, orina turbia, olor de la orina<\/p>\n\n\n\n<h2 class=\"wp-block-heading\">Prostatitis Aguda<\/h2>\n\n\n\n<p><strong>La prostatitis aguda es un tipo de infecci\u00f3n bacteriana aguda frecuente<\/strong>, que se diagnostica f\u00e1cilmente y que suele responder bien al tratamiento antibi\u00f3tico. El cuadro cl\u00ednico se caracteriza por aparici\u00f3n repentina con fiebre alta, escalofr\u00edos o temblores, malestar general, lumbalgias e intensas molestias miccionales que pueden llegar a la retenci\u00f3n aguda de orina.<\/p>\n\n\n\n<p><strong>La infecci\u00f3n cede r\u00e1pidamente<\/strong> con antibi\u00f3ticos que deben mantenerse un tiempo relativamente largo entre seis y ocho semanas.<\/p>\n\n\n\n<p>Es importante una vez presentado un episodio agudo, el descartar cualquier causa que pudiera justificar su causa. Y evaluar las caracter\u00edsticas de la pr\u00f3stata y <strong>el buen funcionamiento de la vejiga de la orina.<\/strong><\/p>\n","protected":false},"excerpt":{"rendered":"<p>Cistitis Aguda Especial \u00e9nfasis en las cistitis de repetici\u00f3n. Tiene criterios de Cistitis de Repetici\u00f3n aquella paciente que ha presentado m\u00e1s de 3 infecciones en un a\u00f1o, y precisa de la evaluaci\u00f3n de un ur\u00f3logo para descartar alg\u00fan problema que justifique la repetici\u00f3n, as\u00ed como de un tratamiento para la fase aguda y evaluar un [&hellip;]<\/p>\n","protected":false},"author":1,"featured_media":0,"parent":0,"menu_order":0,"comment_status":"closed","ping_status":"closed","template":"","meta":{"_et_pb_use_builder":"off","_et_pb_old_content":"","_et_gb_content_width":"","footnotes":""},"class_list":["post-692","page","type-page","status-publish","hentry"],"yoast_head":"<!-- This site is optimized with the Yoast SEO plugin v25.8 - https:\/\/yoast.com\/wordpress\/plugins\/seo\/ -->\n<title>Infecciones de Orina - Urologia Girona<\/title>\n<meta name=\"robots\" content=\"index, follow, max-snippet:-1, max-image-preview:large, max-video-preview:-1\" \/>\n<link rel=\"canonical\" href=\"https:\/\/urologiagirona.com\/es\/infecciones-de-orina\/\" \/>\n<meta property=\"og:locale\" content=\"es_ES\" \/>\n<meta property=\"og:type\" content=\"article\" \/>\n<meta property=\"og:title\" content=\"Infecciones de Orina - Urologia Girona\" \/>\n<meta property=\"og:description\" content=\"Cistitis Aguda Especial \u00e9nfasis en las cistitis de repetici\u00f3n. Tiene criterios de Cistitis de Repetici\u00f3n aquella paciente que ha presentado m\u00e1s de 3 infecciones en un a\u00f1o, y precisa de la evaluaci\u00f3n de un ur\u00f3logo para descartar alg\u00fan problema que justifique la repetici\u00f3n, as\u00ed como de un tratamiento para la fase aguda y evaluar un [&hellip;]\" \/>\n<meta property=\"og:url\" content=\"https:\/\/urologiagirona.com\/es\/infecciones-de-orina\/\" \/>\n<meta property=\"og:site_name\" content=\"Urologia Girona\" \/>\n<meta property=\"article:modified_time\" content=\"2021-03-08T17:06:19+00:00\" \/>\n<meta property=\"og:image\" content=\"https:\/\/urologiagirona.com\/wp-content\/uploads\/2020\/11\/logo_urologia_girona.jpg\" \/>\n\t<meta property=\"og:image:width\" content=\"600\" \/>\n\t<meta property=\"og:image:height\" content=\"341\" \/>\n\t<meta property=\"og:image:type\" content=\"image\/jpeg\" \/>\n<script type=\"application\/ld+json\" class=\"yoast-schema-graph\">{\"@context\":\"https:\/\/schema.org\",\"@graph\":[{\"@type\":\"WebPage\",\"@id\":\"https:\/\/urologiagirona.com\/es\/infecciones-de-orina\/\",\"url\":\"https:\/\/urologiagirona.com\/es\/infecciones-de-orina\/\",\"name\":\"Infecciones de Orina - Urologia Girona\",\"isPartOf\":{\"@id\":\"https:\/\/urologiagirona.com\/#website\"},\"datePublished\":\"2021-03-08T17:06:17+00:00\",\"dateModified\":\"2021-03-08T17:06:19+00:00\",\"breadcrumb\":{\"@id\":\"https:\/\/urologiagirona.com\/es\/infecciones-de-orina\/#breadcrumb\"},\"inLanguage\":\"es\",\"potentialAction\":[{\"@type\":\"ReadAction\",\"target\":[\"https:\/\/urologiagirona.com\/es\/infecciones-de-orina\/\"]}]},{\"@type\":\"BreadcrumbList\",\"@id\":\"https:\/\/urologiagirona.com\/es\/infecciones-de-orina\/#breadcrumb\",\"itemListElement\":[{\"@type\":\"ListItem\",\"position\":1,\"name\":\"Inici\",\"item\":\"https:\/\/urologiagirona.com\/es\/nueva-home-castellano\/\"},{\"@type\":\"ListItem\",\"position\":2,\"name\":\"Infecciones de Orina\"}]},{\"@type\":\"WebSite\",\"@id\":\"https:\/\/urologiagirona.com\/#website\",\"url\":\"https:\/\/urologiagirona.com\/\",\"name\":\"Urologia Girona \/ Cl\u00ednica Urologia Girona\",\"description\":\"Som especialistes en cirurgia rob\u00f2tica i m\u00ednimament invasiva per el tractament de patologia prost\u00e0tica ( l\u00e0ser de pr\u00f2stata, Robot Da Vinci, ter\u00e0pia focal), patologia renal (c\u00e0ncer, litiasis, cirurgia rob\u00f2tica i laparosc\u00f2pia) i vesical (tumors de bufeta).\",\"publisher\":{\"@id\":\"https:\/\/urologiagirona.com\/#organization\"},\"alternateName\":\"Cl\u00ednica Urologia Girona\",\"potentialAction\":[{\"@type\":\"SearchAction\",\"target\":{\"@type\":\"EntryPoint\",\"urlTemplate\":\"https:\/\/urologiagirona.com\/?s={search_term_string}\"},\"query-input\":{\"@type\":\"PropertyValueSpecification\",\"valueRequired\":true,\"valueName\":\"search_term_string\"}}],\"inLanguage\":\"es\"},{\"@type\":\"Organization\",\"@id\":\"https:\/\/urologiagirona.com\/#organization\",\"name\":\"Urologia Girona \/ Cl\u00ednica Urologia Girona\",\"url\":\"https:\/\/urologiagirona.com\/\",\"logo\":{\"@type\":\"ImageObject\",\"inLanguage\":\"es\",\"@id\":\"https:\/\/urologiagirona.com\/#\/schema\/logo\/image\/\",\"url\":\"https:\/\/urologiagirona.com\/wp-content\/uploads\/2020\/11\/logo_urologia_girona.jpg\",\"contentUrl\":\"https:\/\/urologiagirona.com\/wp-content\/uploads\/2020\/11\/logo_urologia_girona.jpg\",\"width\":600,\"height\":341,\"caption\":\"Urologia Girona \/ Cl\u00ednica Urologia Girona\"},\"image\":{\"@id\":\"https:\/\/urologiagirona.com\/#\/schema\/logo\/image\/\"}}]}<\/script>\n<!-- \/ Yoast SEO plugin. -->","yoast_head_json":{"title":"Infecciones de Orina - Urologia Girona","robots":{"index":"index","follow":"follow","max-snippet":"max-snippet:-1","max-image-preview":"max-image-preview:large","max-video-preview":"max-video-preview:-1"},"canonical":"https:\/\/urologiagirona.com\/es\/infecciones-de-orina\/","og_locale":"es_ES","og_type":"article","og_title":"Infecciones de Orina - Urologia Girona","og_description":"Cistitis Aguda Especial \u00e9nfasis en las cistitis de repetici\u00f3n. Tiene criterios de Cistitis de Repetici\u00f3n aquella paciente que ha presentado m\u00e1s de 3 infecciones en un a\u00f1o, y precisa de la evaluaci\u00f3n de un ur\u00f3logo para descartar alg\u00fan problema que justifique la repetici\u00f3n, as\u00ed como de un tratamiento para la fase aguda y evaluar un [&hellip;]","og_url":"https:\/\/urologiagirona.com\/es\/infecciones-de-orina\/","og_site_name":"Urologia Girona","article_modified_time":"2021-03-08T17:06:19+00:00","og_image":[{"width":600,"height":341,"url":"https:\/\/urologiagirona.com\/wp-content\/uploads\/2020\/11\/logo_urologia_girona.jpg","type":"image\/jpeg"}],"schema":{"@context":"https:\/\/schema.org","@graph":[{"@type":"WebPage","@id":"https:\/\/urologiagirona.com\/es\/infecciones-de-orina\/","url":"https:\/\/urologiagirona.com\/es\/infecciones-de-orina\/","name":"Infecciones de Orina - Urologia Girona","isPartOf":{"@id":"https:\/\/urologiagirona.com\/#website"},"datePublished":"2021-03-08T17:06:17+00:00","dateModified":"2021-03-08T17:06:19+00:00","breadcrumb":{"@id":"https:\/\/urologiagirona.com\/es\/infecciones-de-orina\/#breadcrumb"},"inLanguage":"es","potentialAction":[{"@type":"ReadAction","target":["https:\/\/urologiagirona.com\/es\/infecciones-de-orina\/"]}]},{"@type":"BreadcrumbList","@id":"https:\/\/urologiagirona.com\/es\/infecciones-de-orina\/#breadcrumb","itemListElement":[{"@type":"ListItem","position":1,"name":"Inici","item":"https:\/\/urologiagirona.com\/es\/nueva-home-castellano\/"},{"@type":"ListItem","position":2,"name":"Infecciones de Orina"}]},{"@type":"WebSite","@id":"https:\/\/urologiagirona.com\/#website","url":"https:\/\/urologiagirona.com\/","name":"Urologia Girona \/ Cl\u00ednica Urologia Girona","description":"Som especialistes en cirurgia rob\u00f2tica i m\u00ednimament invasiva per el tractament de patologia prost\u00e0tica ( l\u00e0ser de pr\u00f2stata, Robot Da Vinci, ter\u00e0pia focal), patologia renal (c\u00e0ncer, litiasis, cirurgia rob\u00f2tica i laparosc\u00f2pia) i vesical (tumors de bufeta).","publisher":{"@id":"https:\/\/urologiagirona.com\/#organization"},"alternateName":"Cl\u00ednica Urologia Girona","potentialAction":[{"@type":"SearchAction","target":{"@type":"EntryPoint","urlTemplate":"https:\/\/urologiagirona.com\/?s={search_term_string}"},"query-input":{"@type":"PropertyValueSpecification","valueRequired":true,"valueName":"search_term_string"}}],"inLanguage":"es"},{"@type":"Organization","@id":"https:\/\/urologiagirona.com\/#organization","name":"Urologia Girona \/ Cl\u00ednica Urologia Girona","url":"https:\/\/urologiagirona.com\/","logo":{"@type":"ImageObject","inLanguage":"es","@id":"https:\/\/urologiagirona.com\/#\/schema\/logo\/image\/","url":"https:\/\/urologiagirona.com\/wp-content\/uploads\/2020\/11\/logo_urologia_girona.jpg","contentUrl":"https:\/\/urologiagirona.com\/wp-content\/uploads\/2020\/11\/logo_urologia_girona.jpg","width":600,"height":341,"caption":"Urologia Girona \/ Cl\u00ednica Urologia Girona"},"image":{"@id":"https:\/\/urologiagirona.com\/#\/schema\/logo\/image\/"}}]}},"_links":{"self":[{"href":"https:\/\/urologiagirona.com\/es\/wp-json\/wp\/v2\/pages\/692","targetHints":{"allow":["GET"]}}],"collection":[{"href":"https:\/\/urologiagirona.com\/es\/wp-json\/wp\/v2\/pages"}],"about":[{"href":"https:\/\/urologiagirona.com\/es\/wp-json\/wp\/v2\/types\/page"}],"author":[{"embeddable":true,"href":"https:\/\/urologiagirona.com\/es\/wp-json\/wp\/v2\/users\/1"}],"replies":[{"embeddable":true,"href":"https:\/\/urologiagirona.com\/es\/wp-json\/wp\/v2\/comments?post=692"}],"version-history":[{"count":1,"href":"https:\/\/urologiagirona.com\/es\/wp-json\/wp\/v2\/pages\/692\/revisions"}],"predecessor-version":[{"id":693,"href":"https:\/\/urologiagirona.com\/es\/wp-json\/wp\/v2\/pages\/692\/revisions\/693"}],"wp:attachment":[{"href":"https:\/\/urologiagirona.com\/es\/wp-json\/wp\/v2\/media?parent=692"}],"curies":[{"name":"wp","href":"https:\/\/api.w.org\/{rel}","templated":true}]}}