{"id":690,"date":"2021-03-08T19:03:08","date_gmt":"2021-03-08T17:03:08","guid":{"rendered":"https:\/\/urologiagirona.com\/?page_id=690"},"modified":"2021-03-08T19:03:09","modified_gmt":"2021-03-08T17:03:09","slug":"revisiones-urologicas-controles-urologicos-generales-prostaticos-psa","status":"publish","type":"page","link":"https:\/\/urologiagirona.com\/es\/revisiones-urologicas-controles-urologicos-generales-prostaticos-psa\/","title":{"rendered":"Revisiones urol\u00f3gicas: Controles urol\u00f3gicos generales, prost\u00e1ticos, PSA."},"content":{"rendered":"\n<h2 class=\"wp-block-heading\">Hiperplasia Benigna de pr\u00f3stata<\/h2>\n\n\n\n<p>La Hiperplasia Benigna de pr\u00f3stata (HBP) <strong>consiste en un crecimiento excesivo en el tama\u00f1o de la gl\u00e1ndula prost\u00e1tica.<\/strong> Es muy com\u00fan en los hombres a partir de los 60 a\u00f1os. Puede producir como sintomatolog\u00eda: dificultad para la micci\u00f3n, sensaci\u00f3n de vaciado incompleto, chorro miccional d\u00e9bil, goteo post miccional, aumento de la frecuencia de orinar, necesidad de levantarse por la noche a orinar, urgencia miccional. P<strong>uede conllevar complicaciones, especialmente si no se la trata; riesgo incrementado de infecciones de orina, c\u00e1lculos vesicales, retenci\u00f3n urinaria (imposibilidad para orinar, que requiere un sondaje inmediato. Insuficiencia Renal obstructiva.<\/strong><\/p>\n\n\n\n<p><strong>Para el diagn\u00f3stico es necesario<\/strong>: una buena anamnesis, hacer el tacto rectal (palpaci\u00f3n de la pr\u00f3stata a trav\u00e9s del recto), evaluaci\u00f3n del ant\u00edgeno prost\u00e1tico espec\u00edfico (PSA), ecograf\u00eda reno-v\u00e9sico-prost\u00e1tica y estudio fluxom\u00e8trico.<\/p>\n\n\n\n<p><strong>Una vez establecido el diagn\u00f3stico y dependiendo de las necesidades del paciente se pueden emplear diferentes tipos de tratamientos:<\/strong><\/p>\n\n\n\n<h3 class=\"wp-block-heading\">Farmacol\u00f3gicos<\/h3>\n\n\n\n<ul class=\"wp-block-list\"><li>Alfabloqueantes<\/li><li>Inhibidores de 5a-reductasa<\/li><li>Fitoterapia<\/li><\/ul>\n\n\n\n<h3 class=\"wp-block-heading\">Cirug\u00eda<\/h3>\n\n\n\n<p><strong>Indicada cuando el tratamiento farmacol\u00f3gico no es suficiente,<\/strong> los s\u00edntomas afectan de forma importante la calidad de vida del paciente, o cuando las complicaciones dif\u00edcilmente se remitir\u00e1n con un tratamiento no quir\u00fargico.\u00a0<\/p>\n\n\n\n<ul class=\"wp-block-list\"><li><strong>Resecci\u00f3n transuretral de pr\u00f3stata (RTU)<\/strong>: eliminaci\u00f3n de parte de la pr\u00f3stata a trav\u00e9s de la uretra.<\/li><li><strong>Adenomectom\u00eda retrop\u00fabica<\/strong>: con una incisi\u00f3n en la parte baja del abdomen.<\/li><li>Enucleaci\u00f3n Prost\u00e1tica con l\u00e1ser. Se realiza la misma intervenci\u00f3n que la adenomectom\u00eda retrop\u00fabica v\u00eda abierta pero sin necesidad de incisi\u00f3n en la piel, ya que al emplear el l\u00e1ser nos permite realizar la intervenci\u00f3n a trav\u00e9s de la uretra. Permite tratar pr\u00f3statas de gran volumen. Consigue resultados similares pero con menos p\u00e9rdida de sangre, disminuci\u00f3n de la necesidad de transfusiones y un postoperatorio m\u00e1s r\u00e1pido.<\/li><li><strong>Vaporizaci\u00f3n Prost\u00e1tica con l\u00e1ser:<\/strong> Se realiza v\u00eda transuretral y permite vaporizar el tejido prost\u00e1tico, es el equivalente a la RTU de pr\u00f3stata, pero al realizarse con l\u00e1ser, disminuye el riesgo de p\u00e9rdida de sangre, disminuyendo la necesidad de transfusiones y el postoperatorio es m\u00e1s r\u00e1pido.<\/li><\/ul>\n\n\n\n<p><em>(Para optimizar el diagn\u00f3stico y el seguimiento, disponemos de una unidad s\u00f3lo dedicada a la realizaci\u00f3n del control de la pr\u00f3stata practicando todas las pruebas pertinentes as\u00ed como una flujometr\u00eda y una encuesta IPSS (International Prostate Symptom Score).<\/em><\/p>\n","protected":false},"excerpt":{"rendered":"<p>Hiperplasia Benigna de pr\u00f3stata La Hiperplasia Benigna de pr\u00f3stata (HBP) consiste en un crecimiento excesivo en el tama\u00f1o de la gl\u00e1ndula prost\u00e1tica. Es muy com\u00fan en los hombres a partir de los 60 a\u00f1os. Puede producir como sintomatolog\u00eda: dificultad para la micci\u00f3n, sensaci\u00f3n de vaciado incompleto, chorro miccional d\u00e9bil, goteo post miccional, aumento de la [&hellip;]<\/p>\n","protected":false},"author":1,"featured_media":0,"parent":0,"menu_order":0,"comment_status":"closed","ping_status":"closed","template":"","meta":{"_et_pb_use_builder":"off","_et_pb_old_content":"","_et_gb_content_width":"","footnotes":""},"class_list":["post-690","page","type-page","status-publish","hentry"],"yoast_head":"<!-- This site is optimized with the Yoast SEO plugin v25.8 - https:\/\/yoast.com\/wordpress\/plugins\/seo\/ -->\n<title>Revisiones urol\u00f3gicas: Controles urol\u00f3gicos generales, prost\u00e1ticos, PSA. - Urologia Girona<\/title>\n<meta name=\"robots\" content=\"index, follow, max-snippet:-1, max-image-preview:large, max-video-preview:-1\" \/>\n<link rel=\"canonical\" href=\"https:\/\/urologiagirona.com\/es\/revisiones-urologicas-controles-urologicos-generales-prostaticos-psa\/\" \/>\n<meta property=\"og:locale\" content=\"es_ES\" \/>\n<meta property=\"og:type\" content=\"article\" \/>\n<meta property=\"og:title\" content=\"Revisiones urol\u00f3gicas: Controles urol\u00f3gicos generales, prost\u00e1ticos, PSA. - Urologia Girona\" \/>\n<meta property=\"og:description\" content=\"Hiperplasia Benigna de pr\u00f3stata La Hiperplasia Benigna de pr\u00f3stata (HBP) consiste en un crecimiento excesivo en el tama\u00f1o de la gl\u00e1ndula prost\u00e1tica. Es muy com\u00fan en los hombres a partir de los 60 a\u00f1os. Puede producir como sintomatolog\u00eda: dificultad para la micci\u00f3n, sensaci\u00f3n de vaciado incompleto, chorro miccional d\u00e9bil, goteo post miccional, aumento de la [&hellip;]\" \/>\n<meta property=\"og:url\" content=\"https:\/\/urologiagirona.com\/es\/revisiones-urologicas-controles-urologicos-generales-prostaticos-psa\/\" \/>\n<meta property=\"og:site_name\" content=\"Urologia Girona\" \/>\n<meta property=\"article:modified_time\" content=\"2021-03-08T17:03:09+00:00\" \/>\n<meta property=\"og:image\" content=\"https:\/\/urologiagirona.com\/wp-content\/uploads\/2020\/11\/logo_urologia_girona.jpg\" \/>\n\t<meta property=\"og:image:width\" content=\"600\" \/>\n\t<meta property=\"og:image:height\" content=\"341\" \/>\n\t<meta property=\"og:image:type\" content=\"image\/jpeg\" \/>\n<script type=\"application\/ld+json\" class=\"yoast-schema-graph\">{\"@context\":\"https:\/\/schema.org\",\"@graph\":[{\"@type\":\"WebPage\",\"@id\":\"https:\/\/urologiagirona.com\/es\/revisiones-urologicas-controles-urologicos-generales-prostaticos-psa\/\",\"url\":\"https:\/\/urologiagirona.com\/es\/revisiones-urologicas-controles-urologicos-generales-prostaticos-psa\/\",\"name\":\"Revisiones urol\u00f3gicas: Controles urol\u00f3gicos generales, prost\u00e1ticos, PSA. - Urologia Girona\",\"isPartOf\":{\"@id\":\"https:\/\/urologiagirona.com\/#website\"},\"datePublished\":\"2021-03-08T17:03:08+00:00\",\"dateModified\":\"2021-03-08T17:03:09+00:00\",\"breadcrumb\":{\"@id\":\"https:\/\/urologiagirona.com\/es\/revisiones-urologicas-controles-urologicos-generales-prostaticos-psa\/#breadcrumb\"},\"inLanguage\":\"es\",\"potentialAction\":[{\"@type\":\"ReadAction\",\"target\":[\"https:\/\/urologiagirona.com\/es\/revisiones-urologicas-controles-urologicos-generales-prostaticos-psa\/\"]}]},{\"@type\":\"BreadcrumbList\",\"@id\":\"https:\/\/urologiagirona.com\/es\/revisiones-urologicas-controles-urologicos-generales-prostaticos-psa\/#breadcrumb\",\"itemListElement\":[{\"@type\":\"ListItem\",\"position\":1,\"name\":\"Inici\",\"item\":\"https:\/\/urologiagirona.com\/es\/nueva-home-castellano\/\"},{\"@type\":\"ListItem\",\"position\":2,\"name\":\"Revisiones urol\u00f3gicas: Controles urol\u00f3gicos generales, prost\u00e1ticos, PSA.\"}]},{\"@type\":\"WebSite\",\"@id\":\"https:\/\/urologiagirona.com\/#website\",\"url\":\"https:\/\/urologiagirona.com\/\",\"name\":\"Urologia Girona \/ Cl\u00ednica Urologia Girona\",\"description\":\"Som especialistes en cirurgia rob\u00f2tica i m\u00ednimament invasiva per el tractament de patologia prost\u00e0tica ( l\u00e0ser de pr\u00f2stata, Robot Da Vinci, ter\u00e0pia focal), patologia renal (c\u00e0ncer, litiasis, cirurgia rob\u00f2tica i laparosc\u00f2pia) i vesical (tumors de bufeta).\",\"publisher\":{\"@id\":\"https:\/\/urologiagirona.com\/#organization\"},\"alternateName\":\"Cl\u00ednica Urologia Girona\",\"potentialAction\":[{\"@type\":\"SearchAction\",\"target\":{\"@type\":\"EntryPoint\",\"urlTemplate\":\"https:\/\/urologiagirona.com\/?s={search_term_string}\"},\"query-input\":{\"@type\":\"PropertyValueSpecification\",\"valueRequired\":true,\"valueName\":\"search_term_string\"}}],\"inLanguage\":\"es\"},{\"@type\":\"Organization\",\"@id\":\"https:\/\/urologiagirona.com\/#organization\",\"name\":\"Urologia Girona \/ Cl\u00ednica Urologia Girona\",\"url\":\"https:\/\/urologiagirona.com\/\",\"logo\":{\"@type\":\"ImageObject\",\"inLanguage\":\"es\",\"@id\":\"https:\/\/urologiagirona.com\/#\/schema\/logo\/image\/\",\"url\":\"https:\/\/urologiagirona.com\/wp-content\/uploads\/2020\/11\/logo_urologia_girona.jpg\",\"contentUrl\":\"https:\/\/urologiagirona.com\/wp-content\/uploads\/2020\/11\/logo_urologia_girona.jpg\",\"width\":600,\"height\":341,\"caption\":\"Urologia Girona \/ Cl\u00ednica Urologia Girona\"},\"image\":{\"@id\":\"https:\/\/urologiagirona.com\/#\/schema\/logo\/image\/\"}}]}<\/script>\n<!-- \/ Yoast SEO plugin. -->","yoast_head_json":{"title":"Revisiones urol\u00f3gicas: Controles urol\u00f3gicos generales, prost\u00e1ticos, PSA. - Urologia Girona","robots":{"index":"index","follow":"follow","max-snippet":"max-snippet:-1","max-image-preview":"max-image-preview:large","max-video-preview":"max-video-preview:-1"},"canonical":"https:\/\/urologiagirona.com\/es\/revisiones-urologicas-controles-urologicos-generales-prostaticos-psa\/","og_locale":"es_ES","og_type":"article","og_title":"Revisiones urol\u00f3gicas: Controles urol\u00f3gicos generales, prost\u00e1ticos, PSA. - Urologia Girona","og_description":"Hiperplasia Benigna de pr\u00f3stata La Hiperplasia Benigna de pr\u00f3stata (HBP) consiste en un crecimiento excesivo en el tama\u00f1o de la gl\u00e1ndula prost\u00e1tica. Es muy com\u00fan en los hombres a partir de los 60 a\u00f1os. Puede producir como sintomatolog\u00eda: dificultad para la micci\u00f3n, sensaci\u00f3n de vaciado incompleto, chorro miccional d\u00e9bil, goteo post miccional, aumento de la [&hellip;]","og_url":"https:\/\/urologiagirona.com\/es\/revisiones-urologicas-controles-urologicos-generales-prostaticos-psa\/","og_site_name":"Urologia Girona","article_modified_time":"2021-03-08T17:03:09+00:00","og_image":[{"width":600,"height":341,"url":"https:\/\/urologiagirona.com\/wp-content\/uploads\/2020\/11\/logo_urologia_girona.jpg","type":"image\/jpeg"}],"schema":{"@context":"https:\/\/schema.org","@graph":[{"@type":"WebPage","@id":"https:\/\/urologiagirona.com\/es\/revisiones-urologicas-controles-urologicos-generales-prostaticos-psa\/","url":"https:\/\/urologiagirona.com\/es\/revisiones-urologicas-controles-urologicos-generales-prostaticos-psa\/","name":"Revisiones urol\u00f3gicas: Controles urol\u00f3gicos generales, prost\u00e1ticos, PSA. - Urologia Girona","isPartOf":{"@id":"https:\/\/urologiagirona.com\/#website"},"datePublished":"2021-03-08T17:03:08+00:00","dateModified":"2021-03-08T17:03:09+00:00","breadcrumb":{"@id":"https:\/\/urologiagirona.com\/es\/revisiones-urologicas-controles-urologicos-generales-prostaticos-psa\/#breadcrumb"},"inLanguage":"es","potentialAction":[{"@type":"ReadAction","target":["https:\/\/urologiagirona.com\/es\/revisiones-urologicas-controles-urologicos-generales-prostaticos-psa\/"]}]},{"@type":"BreadcrumbList","@id":"https:\/\/urologiagirona.com\/es\/revisiones-urologicas-controles-urologicos-generales-prostaticos-psa\/#breadcrumb","itemListElement":[{"@type":"ListItem","position":1,"name":"Inici","item":"https:\/\/urologiagirona.com\/es\/nueva-home-castellano\/"},{"@type":"ListItem","position":2,"name":"Revisiones urol\u00f3gicas: Controles urol\u00f3gicos generales, prost\u00e1ticos, PSA."}]},{"@type":"WebSite","@id":"https:\/\/urologiagirona.com\/#website","url":"https:\/\/urologiagirona.com\/","name":"Urologia Girona \/ Cl\u00ednica Urologia Girona","description":"Som especialistes en cirurgia rob\u00f2tica i m\u00ednimament invasiva per el tractament de patologia prost\u00e0tica ( l\u00e0ser de pr\u00f2stata, Robot Da Vinci, ter\u00e0pia focal), patologia renal (c\u00e0ncer, litiasis, cirurgia rob\u00f2tica i laparosc\u00f2pia) i vesical (tumors de bufeta).","publisher":{"@id":"https:\/\/urologiagirona.com\/#organization"},"alternateName":"Cl\u00ednica Urologia Girona","potentialAction":[{"@type":"SearchAction","target":{"@type":"EntryPoint","urlTemplate":"https:\/\/urologiagirona.com\/?s={search_term_string}"},"query-input":{"@type":"PropertyValueSpecification","valueRequired":true,"valueName":"search_term_string"}}],"inLanguage":"es"},{"@type":"Organization","@id":"https:\/\/urologiagirona.com\/#organization","name":"Urologia Girona \/ Cl\u00ednica Urologia Girona","url":"https:\/\/urologiagirona.com\/","logo":{"@type":"ImageObject","inLanguage":"es","@id":"https:\/\/urologiagirona.com\/#\/schema\/logo\/image\/","url":"https:\/\/urologiagirona.com\/wp-content\/uploads\/2020\/11\/logo_urologia_girona.jpg","contentUrl":"https:\/\/urologiagirona.com\/wp-content\/uploads\/2020\/11\/logo_urologia_girona.jpg","width":600,"height":341,"caption":"Urologia Girona \/ Cl\u00ednica Urologia Girona"},"image":{"@id":"https:\/\/urologiagirona.com\/#\/schema\/logo\/image\/"}}]}},"_links":{"self":[{"href":"https:\/\/urologiagirona.com\/es\/wp-json\/wp\/v2\/pages\/690","targetHints":{"allow":["GET"]}}],"collection":[{"href":"https:\/\/urologiagirona.com\/es\/wp-json\/wp\/v2\/pages"}],"about":[{"href":"https:\/\/urologiagirona.com\/es\/wp-json\/wp\/v2\/types\/page"}],"author":[{"embeddable":true,"href":"https:\/\/urologiagirona.com\/es\/wp-json\/wp\/v2\/users\/1"}],"replies":[{"embeddable":true,"href":"https:\/\/urologiagirona.com\/es\/wp-json\/wp\/v2\/comments?post=690"}],"version-history":[{"count":1,"href":"https:\/\/urologiagirona.com\/es\/wp-json\/wp\/v2\/pages\/690\/revisions"}],"predecessor-version":[{"id":691,"href":"https:\/\/urologiagirona.com\/es\/wp-json\/wp\/v2\/pages\/690\/revisions\/691"}],"wp:attachment":[{"href":"https:\/\/urologiagirona.com\/es\/wp-json\/wp\/v2\/media?parent=690"}],"curies":[{"name":"wp","href":"https:\/\/api.w.org\/{rel}","templated":true}]}}