{"id":688,"date":"2021-03-08T19:00:33","date_gmt":"2021-03-08T17:00:33","guid":{"rendered":"https:\/\/urologiagirona.com\/?page_id=688"},"modified":"2021-03-08T19:00:34","modified_gmt":"2021-03-08T17:00:34","slug":"cirugia-reconstructiva-y-cirugia-uretral","status":"publish","type":"page","link":"https:\/\/urologiagirona.com\/es\/cirugia-reconstructiva-y-cirugia-uretral\/","title":{"rendered":"Cirug\u00eda Reconstructiva y Cirug\u00eda uretral"},"content":{"rendered":"\n<h2 class=\"wp-block-heading\">Cirug\u00eda Reconstructiva<\/h2>\n\n\n\n<p><strong>Es la parte de la urolog\u00eda dedicada a realizar intervenciones para conservar o recuperar el buen funcionalismo del aparato excretor y reproductor masculino.<\/strong><\/p>\n\n\n\n<h2 class=\"wp-block-heading\">Cirug\u00eda uretral<\/h2>\n\n\n\n<p><strong>Es la parte de la urolog\u00eda dedicada a la correcci\u00f3n de todas las alteraciones de la uretra. El conducto que se encarga de llevar la orina y los semen al exterior desde los \u00f3rganos donde se fabrica.<\/strong><\/p>\n\n\n\n<p>La patolog\u00eda uretral pr\u00edncipal es la estenosis de uretra, es decir el adelgazamiento de la luz de la uretra que se puede producir por m\u00faltiples causas.<\/p>\n\n\n\n<p><strong>El tratamiento es eminentemente quir\u00fargico<\/strong>, pudiendo ser realizado seg\u00fan la ubicaci\u00f3n y longitud: una Uretrotom\u00eda interna endosc\u00f3pica, es decir un corte fr\u00edo de la uretra a nivel de donde est\u00e1 la estrechez a trav\u00e9s del mismo conducto uretral. En su rendimiento en determinadas ocasiones es bastante alto aunque suele recidivar la estenosis, precisando entonces de t\u00e9cnicas de cirug\u00eda abierta m\u00e1s complejas. En ocasiones precisan de injertos (tejidos de otras partes del cuerpo) para poderse llevar a cabo. \u00daltimamente se ha visto que uno de los mejores injertos que hay es el de mucosa bucal.<\/p>\n\n\n\n<p><strong>El equipo Urolog\u00eda Girona<\/strong>, se ha formado espec\u00edficamente en este tipo de cirug\u00eda, y ha llevado a cabo con \u00e9xito n\u00fameros intervenciones complejas utilizando injertos de mucosa bucal. Es importante en este tipo de intervenciones, un cuidadoso diagn\u00f3stico, elegir la t\u00e9cnica m\u00e1s simple y al mismo tiempo m\u00e1s resolutiva, tener una experiencia previa amplia y el utillaje adecuado.<\/p>\n\n\n\n<figure class=\"wp-block-image size-large\"><img fetchpriority=\"high\" fetchpriority=\"high\" decoding=\"async\" width=\"1024\" height=\"683\" src=\"https:\/\/urologiagirona.com\/\/wp-content\/uploads\/2020\/11\/biopsai-de-prostata-1024x683.jpg\" alt=\"\" class=\"wp-image-551\" srcset=\"https:\/\/urologiagirona.com\/wp-content\/uploads\/2020\/11\/biopsai-de-prostata-1024x683.jpg 1024w, https:\/\/urologiagirona.com\/wp-content\/uploads\/2020\/11\/biopsai-de-prostata-300x200.jpg 300w, https:\/\/urologiagirona.com\/wp-content\/uploads\/2020\/11\/biopsai-de-prostata-768x512.jpg 768w, https:\/\/urologiagirona.com\/wp-content\/uploads\/2020\/11\/biopsai-de-prostata-1536x1024.jpg 1536w, https:\/\/urologiagirona.com\/wp-content\/uploads\/2020\/11\/biopsai-de-prostata-2048x1365.jpg 2048w, https:\/\/urologiagirona.com\/wp-content\/uploads\/2020\/11\/biopsai-de-prostata-1080x720.jpg 1080w\" sizes=\"(max-width: 1024px) 100vw, 1024px\" \/><figcaption>Dr Comet i Dr Boix, ur\u00f2legs de la Clinica Onyar<\/figcaption><\/figure>\n\n\n\n<p><\/p>\n","protected":false},"excerpt":{"rendered":"<p>Cirug\u00eda Reconstructiva Es la parte de la urolog\u00eda dedicada a realizar intervenciones para conservar o recuperar el buen funcionalismo del aparato excretor y reproductor masculino. Cirug\u00eda uretral Es la parte de la urolog\u00eda dedicada a la correcci\u00f3n de todas las alteraciones de la uretra. El conducto que se encarga de llevar la orina y los [&hellip;]<\/p>\n","protected":false},"author":1,"featured_media":0,"parent":0,"menu_order":0,"comment_status":"closed","ping_status":"closed","template":"","meta":{"_et_pb_use_builder":"off","_et_pb_old_content":"","_et_gb_content_width":"","footnotes":""},"class_list":["post-688","page","type-page","status-publish","hentry"],"yoast_head":"<!-- This site is optimized with the Yoast SEO plugin v25.8 - https:\/\/yoast.com\/wordpress\/plugins\/seo\/ -->\n<title>Cirug\u00eda Reconstructiva y Cirug\u00eda uretral - Urologia Girona<\/title>\n<meta name=\"robots\" content=\"index, follow, max-snippet:-1, max-image-preview:large, max-video-preview:-1\" \/>\n<link rel=\"canonical\" href=\"https:\/\/urologiagirona.com\/es\/cirugia-reconstructiva-y-cirugia-uretral\/\" \/>\n<meta property=\"og:locale\" content=\"es_ES\" \/>\n<meta property=\"og:type\" content=\"article\" \/>\n<meta property=\"og:title\" content=\"Cirug\u00eda Reconstructiva y Cirug\u00eda uretral - Urologia Girona\" \/>\n<meta property=\"og:description\" content=\"Cirug\u00eda Reconstructiva Es la parte de la urolog\u00eda dedicada a realizar intervenciones para conservar o recuperar el buen funcionalismo del aparato excretor y reproductor masculino. Cirug\u00eda uretral Es la parte de la urolog\u00eda dedicada a la correcci\u00f3n de todas las alteraciones de la uretra. El conducto que se encarga de llevar la orina y los [&hellip;]\" \/>\n<meta property=\"og:url\" content=\"https:\/\/urologiagirona.com\/es\/cirugia-reconstructiva-y-cirugia-uretral\/\" \/>\n<meta property=\"og:site_name\" content=\"Urologia Girona\" \/>\n<meta property=\"article:modified_time\" content=\"2021-03-08T17:00:34+00:00\" \/>\n<meta property=\"og:image\" content=\"https:\/\/urologiagirona.com\/\/wp-content\/uploads\/2020\/11\/biopsai-de-prostata-1024x683.jpg\" \/>\n<script type=\"application\/ld+json\" class=\"yoast-schema-graph\">{\"@context\":\"https:\/\/schema.org\",\"@graph\":[{\"@type\":\"WebPage\",\"@id\":\"https:\/\/urologiagirona.com\/es\/cirugia-reconstructiva-y-cirugia-uretral\/\",\"url\":\"https:\/\/urologiagirona.com\/es\/cirugia-reconstructiva-y-cirugia-uretral\/\",\"name\":\"Cirug\u00eda Reconstructiva y Cirug\u00eda uretral - Urologia Girona\",\"isPartOf\":{\"@id\":\"https:\/\/urologiagirona.com\/#website\"},\"primaryImageOfPage\":{\"@id\":\"https:\/\/urologiagirona.com\/es\/cirugia-reconstructiva-y-cirugia-uretral\/#primaryimage\"},\"image\":{\"@id\":\"https:\/\/urologiagirona.com\/es\/cirugia-reconstructiva-y-cirugia-uretral\/#primaryimage\"},\"thumbnailUrl\":\"https:\/\/urologiagirona.com\/\/wp-content\/uploads\/2020\/11\/biopsai-de-prostata-1024x683.jpg\",\"datePublished\":\"2021-03-08T17:00:33+00:00\",\"dateModified\":\"2021-03-08T17:00:34+00:00\",\"breadcrumb\":{\"@id\":\"https:\/\/urologiagirona.com\/es\/cirugia-reconstructiva-y-cirugia-uretral\/#breadcrumb\"},\"inLanguage\":\"es\",\"potentialAction\":[{\"@type\":\"ReadAction\",\"target\":[\"https:\/\/urologiagirona.com\/es\/cirugia-reconstructiva-y-cirugia-uretral\/\"]}]},{\"@type\":\"ImageObject\",\"inLanguage\":\"es\",\"@id\":\"https:\/\/urologiagirona.com\/es\/cirugia-reconstructiva-y-cirugia-uretral\/#primaryimage\",\"url\":\"https:\/\/urologiagirona.com\/\/wp-content\/uploads\/2020\/11\/biopsai-de-prostata-1024x683.jpg\",\"contentUrl\":\"https:\/\/urologiagirona.com\/\/wp-content\/uploads\/2020\/11\/biopsai-de-prostata-1024x683.jpg\"},{\"@type\":\"BreadcrumbList\",\"@id\":\"https:\/\/urologiagirona.com\/es\/cirugia-reconstructiva-y-cirugia-uretral\/#breadcrumb\",\"itemListElement\":[{\"@type\":\"ListItem\",\"position\":1,\"name\":\"Inici\",\"item\":\"https:\/\/urologiagirona.com\/es\/nueva-home-castellano\/\"},{\"@type\":\"ListItem\",\"position\":2,\"name\":\"Cirug\u00eda Reconstructiva y Cirug\u00eda uretral\"}]},{\"@type\":\"WebSite\",\"@id\":\"https:\/\/urologiagirona.com\/#website\",\"url\":\"https:\/\/urologiagirona.com\/\",\"name\":\"Urologia Girona \/ Cl\u00ednica Urologia Girona\",\"description\":\"Som especialistes en cirurgia rob\u00f2tica i m\u00ednimament invasiva per el tractament de patologia prost\u00e0tica ( l\u00e0ser de pr\u00f2stata, Robot Da Vinci, ter\u00e0pia focal), patologia renal (c\u00e0ncer, litiasis, cirurgia rob\u00f2tica i laparosc\u00f2pia) i vesical (tumors de bufeta).\",\"publisher\":{\"@id\":\"https:\/\/urologiagirona.com\/#organization\"},\"alternateName\":\"Cl\u00ednica Urologia Girona\",\"potentialAction\":[{\"@type\":\"SearchAction\",\"target\":{\"@type\":\"EntryPoint\",\"urlTemplate\":\"https:\/\/urologiagirona.com\/?s={search_term_string}\"},\"query-input\":{\"@type\":\"PropertyValueSpecification\",\"valueRequired\":true,\"valueName\":\"search_term_string\"}}],\"inLanguage\":\"es\"},{\"@type\":\"Organization\",\"@id\":\"https:\/\/urologiagirona.com\/#organization\",\"name\":\"Urologia Girona \/ Cl\u00ednica Urologia Girona\",\"url\":\"https:\/\/urologiagirona.com\/\",\"logo\":{\"@type\":\"ImageObject\",\"inLanguage\":\"es\",\"@id\":\"https:\/\/urologiagirona.com\/#\/schema\/logo\/image\/\",\"url\":\"https:\/\/urologiagirona.com\/wp-content\/uploads\/2020\/11\/logo_urologia_girona.jpg\",\"contentUrl\":\"https:\/\/urologiagirona.com\/wp-content\/uploads\/2020\/11\/logo_urologia_girona.jpg\",\"width\":600,\"height\":341,\"caption\":\"Urologia Girona \/ Cl\u00ednica Urologia Girona\"},\"image\":{\"@id\":\"https:\/\/urologiagirona.com\/#\/schema\/logo\/image\/\"}}]}<\/script>\n<!-- \/ Yoast SEO plugin. -->","yoast_head_json":{"title":"Cirug\u00eda Reconstructiva y Cirug\u00eda uretral - Urologia Girona","robots":{"index":"index","follow":"follow","max-snippet":"max-snippet:-1","max-image-preview":"max-image-preview:large","max-video-preview":"max-video-preview:-1"},"canonical":"https:\/\/urologiagirona.com\/es\/cirugia-reconstructiva-y-cirugia-uretral\/","og_locale":"es_ES","og_type":"article","og_title":"Cirug\u00eda Reconstructiva y Cirug\u00eda uretral - Urologia Girona","og_description":"Cirug\u00eda Reconstructiva Es la parte de la urolog\u00eda dedicada a realizar intervenciones para conservar o recuperar el buen funcionalismo del aparato excretor y reproductor masculino. Cirug\u00eda uretral Es la parte de la urolog\u00eda dedicada a la correcci\u00f3n de todas las alteraciones de la uretra. El conducto que se encarga de llevar la orina y los [&hellip;]","og_url":"https:\/\/urologiagirona.com\/es\/cirugia-reconstructiva-y-cirugia-uretral\/","og_site_name":"Urologia Girona","article_modified_time":"2021-03-08T17:00:34+00:00","og_image":[{"url":"https:\/\/urologiagirona.com\/\/wp-content\/uploads\/2020\/11\/biopsai-de-prostata-1024x683.jpg","type":"","width":"","height":""}],"schema":{"@context":"https:\/\/schema.org","@graph":[{"@type":"WebPage","@id":"https:\/\/urologiagirona.com\/es\/cirugia-reconstructiva-y-cirugia-uretral\/","url":"https:\/\/urologiagirona.com\/es\/cirugia-reconstructiva-y-cirugia-uretral\/","name":"Cirug\u00eda Reconstructiva y Cirug\u00eda uretral - Urologia Girona","isPartOf":{"@id":"https:\/\/urologiagirona.com\/#website"},"primaryImageOfPage":{"@id":"https:\/\/urologiagirona.com\/es\/cirugia-reconstructiva-y-cirugia-uretral\/#primaryimage"},"image":{"@id":"https:\/\/urologiagirona.com\/es\/cirugia-reconstructiva-y-cirugia-uretral\/#primaryimage"},"thumbnailUrl":"https:\/\/urologiagirona.com\/\/wp-content\/uploads\/2020\/11\/biopsai-de-prostata-1024x683.jpg","datePublished":"2021-03-08T17:00:33+00:00","dateModified":"2021-03-08T17:00:34+00:00","breadcrumb":{"@id":"https:\/\/urologiagirona.com\/es\/cirugia-reconstructiva-y-cirugia-uretral\/#breadcrumb"},"inLanguage":"es","potentialAction":[{"@type":"ReadAction","target":["https:\/\/urologiagirona.com\/es\/cirugia-reconstructiva-y-cirugia-uretral\/"]}]},{"@type":"ImageObject","inLanguage":"es","@id":"https:\/\/urologiagirona.com\/es\/cirugia-reconstructiva-y-cirugia-uretral\/#primaryimage","url":"https:\/\/urologiagirona.com\/\/wp-content\/uploads\/2020\/11\/biopsai-de-prostata-1024x683.jpg","contentUrl":"https:\/\/urologiagirona.com\/\/wp-content\/uploads\/2020\/11\/biopsai-de-prostata-1024x683.jpg"},{"@type":"BreadcrumbList","@id":"https:\/\/urologiagirona.com\/es\/cirugia-reconstructiva-y-cirugia-uretral\/#breadcrumb","itemListElement":[{"@type":"ListItem","position":1,"name":"Inici","item":"https:\/\/urologiagirona.com\/es\/nueva-home-castellano\/"},{"@type":"ListItem","position":2,"name":"Cirug\u00eda Reconstructiva y Cirug\u00eda uretral"}]},{"@type":"WebSite","@id":"https:\/\/urologiagirona.com\/#website","url":"https:\/\/urologiagirona.com\/","name":"Urologia Girona \/ Cl\u00ednica Urologia Girona","description":"Som especialistes en cirurgia rob\u00f2tica i m\u00ednimament invasiva per el tractament de patologia prost\u00e0tica ( l\u00e0ser de pr\u00f2stata, Robot Da Vinci, ter\u00e0pia focal), patologia renal (c\u00e0ncer, litiasis, cirurgia rob\u00f2tica i laparosc\u00f2pia) i vesical (tumors de bufeta).","publisher":{"@id":"https:\/\/urologiagirona.com\/#organization"},"alternateName":"Cl\u00ednica Urologia Girona","potentialAction":[{"@type":"SearchAction","target":{"@type":"EntryPoint","urlTemplate":"https:\/\/urologiagirona.com\/?s={search_term_string}"},"query-input":{"@type":"PropertyValueSpecification","valueRequired":true,"valueName":"search_term_string"}}],"inLanguage":"es"},{"@type":"Organization","@id":"https:\/\/urologiagirona.com\/#organization","name":"Urologia Girona \/ Cl\u00ednica Urologia Girona","url":"https:\/\/urologiagirona.com\/","logo":{"@type":"ImageObject","inLanguage":"es","@id":"https:\/\/urologiagirona.com\/#\/schema\/logo\/image\/","url":"https:\/\/urologiagirona.com\/wp-content\/uploads\/2020\/11\/logo_urologia_girona.jpg","contentUrl":"https:\/\/urologiagirona.com\/wp-content\/uploads\/2020\/11\/logo_urologia_girona.jpg","width":600,"height":341,"caption":"Urologia Girona \/ Cl\u00ednica Urologia Girona"},"image":{"@id":"https:\/\/urologiagirona.com\/#\/schema\/logo\/image\/"}}]}},"_links":{"self":[{"href":"https:\/\/urologiagirona.com\/es\/wp-json\/wp\/v2\/pages\/688","targetHints":{"allow":["GET"]}}],"collection":[{"href":"https:\/\/urologiagirona.com\/es\/wp-json\/wp\/v2\/pages"}],"about":[{"href":"https:\/\/urologiagirona.com\/es\/wp-json\/wp\/v2\/types\/page"}],"author":[{"embeddable":true,"href":"https:\/\/urologiagirona.com\/es\/wp-json\/wp\/v2\/users\/1"}],"replies":[{"embeddable":true,"href":"https:\/\/urologiagirona.com\/es\/wp-json\/wp\/v2\/comments?post=688"}],"version-history":[{"count":1,"href":"https:\/\/urologiagirona.com\/es\/wp-json\/wp\/v2\/pages\/688\/revisions"}],"predecessor-version":[{"id":689,"href":"https:\/\/urologiagirona.com\/es\/wp-json\/wp\/v2\/pages\/688\/revisions\/689"}],"wp:attachment":[{"href":"https:\/\/urologiagirona.com\/es\/wp-json\/wp\/v2\/media?parent=688"}],"curies":[{"name":"wp","href":"https:\/\/api.w.org\/{rel}","templated":true}]}}