{"id":685,"date":"2021-03-08T18:55:42","date_gmt":"2021-03-08T16:55:42","guid":{"rendered":"https:\/\/urologiagirona.com\/?page_id=685"},"modified":"2021-03-08T18:55:43","modified_gmt":"2021-03-08T16:55:43","slug":"incontinencia-de-orina","status":"publish","type":"page","link":"https:\/\/urologiagirona.com\/es\/incontinencia-de-orina\/","title":{"rendered":"Incontinencia de orina"},"content":{"rendered":"<p>[et_pb_section admin_label=\u00bbsection\u00bb]<br>\n\t\t\t[et_pb_row admin_label=\u00bbrow\u00bb]<br>\n\t\t\t\t[et_pb_column type=\u00bb4_4&#8243;][et_pb_text admin_label=\u00bbText\u00bb]<\/p>\n\n\n<p><strong>Se define como la incapacidad de evitar la emisi\u00f3n de orina cuando no se quiere o no spot orinar. Los hay de varios tipos; de esfuerzo, de urgencia y mixta.<\/strong><\/p>\n\n\n\n<p>Para su \u00f3ptimo diagn\u00f3stico, es imperativo realizar una buena anamnesis y exploraci\u00f3n f\u00edsica y neurol\u00f3gica, as\u00ed como pruebas complementarias (ecograf\u00eda, cistoscopia, estudio urodin\u00e1mico)<\/p>\n\n\n\n<p>Las opciones terap\u00e9uticas son seg\u00fan el tipo.<\/p>\n\n\n\n<ul class=\"wp-block-list\"><li>De esfuerzo: cabestrillos o mallas libres de tensi\u00f3n \/ de tensi\u00f3n regulable. Cirug\u00eda endosc\u00f3pica m\u00ednimamente invasiva (Bulkamid\u00ae) o dispositivos como el esf\u00ednter urinario artificial para incontinencias severas.<\/li><li>De urgencia: inyecci\u00f3n de toxina botul\u00ednica, neuromodulaci\u00f3n de ra\u00edces sacras.<\/li><\/ul>\n\n\n\n<h3 class=\"wp-block-heading\"><strong>Tratamiento de la incontinencia de orina (IO)<\/strong><\/h3>\n\n\n\n<p>De esfuerzo: cuando el tratamiento conservador como la fisioterapia de suelo p\u00e9lvico no es suficiente, es cuando planteamos el tratamiento quir\u00fargico seg\u00fan la gravedad de la incontinencia y atendiendo a la historia cl\u00ednica y personal de cada paciente.<\/p>\n\n\n\n<p>Las t\u00e9cnicas quir\u00fargicas comprenden desde el uso de mallas suburetrales no ajustables, como la TOT, o mallas suburetrales ajustables como el Remeex\u00ae en caso de incontinencias moderadas o fallo de cirug\u00edas previas. De m\u00e1s reciente uso, el uso de agentes intrauretrales como Bulkamid\u00ae ha supuesto innovaci\u00f3n en cuanto a que se trata de un procedimiento endosc\u00f3pico m\u00ednimamente invasivo, sin herida quir\u00fargica y con resultados similares al uso de mallas suburetrales.<\/p>\n\n\n\n<p><strong>En el caso de la IO masculina<\/strong>, generalmente tras cirug\u00eda prost\u00e0tica, adem\u00e1s del uso de mallas suburetrales de tensi\u00f3n regulable como el Remeex\u00ae; el tratamiento puede incluir dispositivos antiincontinencia como el esfinter urinario artificial para el tratamiento de la IOE severa con tasas de \u00e9xito del 90% o dispositivo regulable como ATOMS\u00ae para el tratamiento de la IOE moderada.<\/p>\n\n\n\n<p>De urgencia: cuando el tratamiento m\u00e9dico no es suficiente o no es eficaz, en el caso del s\u00edndrome de vejiga hiperactiva, el tratamiento incluye la inyecci\u00f3n intradetrusor de toxina botulinica (Botox\u00ae) tanto en casos idiop\u00e1ticos (causa desconocida) como neur\u00f3genos.<\/p>\n\n\n\n<p><strong>El tratamiento de la incontinencia urinaria<\/strong>, supone un reto para el ur\u00f3logo, as\u00ed como un rastorno en la calidad de vida del paciente, es por eso que el tratamiento no es general sino personalizado y ajustado seg\u00fan cada paciente.<\/p>\n\n\n<p>[\/et_pb_text][\/et_pb_column]<br>\n\t\t\t[\/et_pb_row]<br>\n\t\t[\/et_pb_section]<\/p>","protected":false},"excerpt":{"rendered":"<p>[et_pb_section admin_label=\u00bbsection\u00bb] [et_pb_row admin_label=\u00bbrow\u00bb] [et_pb_column type=\u00bb4_4&#8243;][et_pb_text admin_label=\u00bbText\u00bb] Se define como la incapacidad de evitar la emisi\u00f3n de orina cuando no se quiere o no spot orinar. Los hay de varios tipos; de esfuerzo, de urgencia y mixta. Para su \u00f3ptimo diagn\u00f3stico, es imperativo realizar una buena anamnesis y exploraci\u00f3n f\u00edsica y neurol\u00f3gica, as\u00ed como pruebas [&hellip;]<\/p>\n","protected":false},"author":1,"featured_media":0,"parent":0,"menu_order":0,"comment_status":"closed","ping_status":"closed","template":"","meta":{"_et_pb_use_builder":"off","_et_pb_old_content":"","_et_gb_content_width":"","footnotes":""},"class_list":["post-685","page","type-page","status-publish","hentry"],"yoast_head":"<!-- This site is optimized with the Yoast SEO plugin v25.8 - https:\/\/yoast.com\/wordpress\/plugins\/seo\/ -->\n<title>Incontinencia de orina - Urologia Girona<\/title>\n<meta name=\"robots\" content=\"index, follow, max-snippet:-1, max-image-preview:large, max-video-preview:-1\" \/>\n<link rel=\"canonical\" href=\"https:\/\/urologiagirona.com\/es\/incontinencia-de-orina\/\" \/>\n<meta property=\"og:locale\" content=\"es_ES\" \/>\n<meta property=\"og:type\" content=\"article\" \/>\n<meta property=\"og:title\" content=\"Incontinencia de orina - Urologia Girona\" \/>\n<meta property=\"og:description\" content=\"[et_pb_section admin_label=\u00bbsection\u00bb] [et_pb_row admin_label=\u00bbrow\u00bb] [et_pb_column type=\u00bb4_4&#8243;][et_pb_text admin_label=\u00bbText\u00bb] Se define como la incapacidad de evitar la emisi\u00f3n de orina cuando no se quiere o no spot orinar. Los hay de varios tipos; de esfuerzo, de urgencia y mixta. Para su \u00f3ptimo diagn\u00f3stico, es imperativo realizar una buena anamnesis y exploraci\u00f3n f\u00edsica y neurol\u00f3gica, as\u00ed como pruebas [&hellip;]\" \/>\n<meta property=\"og:url\" content=\"https:\/\/urologiagirona.com\/es\/incontinencia-de-orina\/\" \/>\n<meta property=\"og:site_name\" content=\"Urologia Girona\" \/>\n<meta property=\"article:modified_time\" content=\"2021-03-08T16:55:43+00:00\" \/>\n<meta property=\"og:image\" content=\"https:\/\/urologiagirona.com\/wp-content\/uploads\/2020\/11\/logo_urologia_girona.jpg\" \/>\n\t<meta property=\"og:image:width\" content=\"600\" \/>\n\t<meta property=\"og:image:height\" content=\"341\" \/>\n\t<meta property=\"og:image:type\" content=\"image\/jpeg\" \/>\n<script type=\"application\/ld+json\" class=\"yoast-schema-graph\">{\"@context\":\"https:\/\/schema.org\",\"@graph\":[{\"@type\":\"WebPage\",\"@id\":\"https:\/\/urologiagirona.com\/es\/incontinencia-de-orina\/\",\"url\":\"https:\/\/urologiagirona.com\/es\/incontinencia-de-orina\/\",\"name\":\"Incontinencia de orina - Urologia Girona\",\"isPartOf\":{\"@id\":\"https:\/\/urologiagirona.com\/#website\"},\"datePublished\":\"2021-03-08T16:55:42+00:00\",\"dateModified\":\"2021-03-08T16:55:43+00:00\",\"breadcrumb\":{\"@id\":\"https:\/\/urologiagirona.com\/es\/incontinencia-de-orina\/#breadcrumb\"},\"inLanguage\":\"es\",\"potentialAction\":[{\"@type\":\"ReadAction\",\"target\":[\"https:\/\/urologiagirona.com\/es\/incontinencia-de-orina\/\"]}]},{\"@type\":\"BreadcrumbList\",\"@id\":\"https:\/\/urologiagirona.com\/es\/incontinencia-de-orina\/#breadcrumb\",\"itemListElement\":[{\"@type\":\"ListItem\",\"position\":1,\"name\":\"Inici\",\"item\":\"https:\/\/urologiagirona.com\/es\/nueva-home-castellano\/\"},{\"@type\":\"ListItem\",\"position\":2,\"name\":\"Incontinencia de orina\"}]},{\"@type\":\"WebSite\",\"@id\":\"https:\/\/urologiagirona.com\/#website\",\"url\":\"https:\/\/urologiagirona.com\/\",\"name\":\"Urologia Girona \/ Cl\u00ednica Urologia Girona\",\"description\":\"Som especialistes en cirurgia rob\u00f2tica i m\u00ednimament invasiva per el tractament de patologia prost\u00e0tica ( l\u00e0ser de pr\u00f2stata, Robot Da Vinci, ter\u00e0pia focal), patologia renal (c\u00e0ncer, litiasis, cirurgia rob\u00f2tica i laparosc\u00f2pia) i vesical (tumors de bufeta).\",\"publisher\":{\"@id\":\"https:\/\/urologiagirona.com\/#organization\"},\"alternateName\":\"Cl\u00ednica Urologia Girona\",\"potentialAction\":[{\"@type\":\"SearchAction\",\"target\":{\"@type\":\"EntryPoint\",\"urlTemplate\":\"https:\/\/urologiagirona.com\/?s={search_term_string}\"},\"query-input\":{\"@type\":\"PropertyValueSpecification\",\"valueRequired\":true,\"valueName\":\"search_term_string\"}}],\"inLanguage\":\"es\"},{\"@type\":\"Organization\",\"@id\":\"https:\/\/urologiagirona.com\/#organization\",\"name\":\"Urologia Girona \/ Cl\u00ednica Urologia Girona\",\"url\":\"https:\/\/urologiagirona.com\/\",\"logo\":{\"@type\":\"ImageObject\",\"inLanguage\":\"es\",\"@id\":\"https:\/\/urologiagirona.com\/#\/schema\/logo\/image\/\",\"url\":\"https:\/\/urologiagirona.com\/wp-content\/uploads\/2020\/11\/logo_urologia_girona.jpg\",\"contentUrl\":\"https:\/\/urologiagirona.com\/wp-content\/uploads\/2020\/11\/logo_urologia_girona.jpg\",\"width\":600,\"height\":341,\"caption\":\"Urologia Girona \/ Cl\u00ednica Urologia Girona\"},\"image\":{\"@id\":\"https:\/\/urologiagirona.com\/#\/schema\/logo\/image\/\"}}]}<\/script>\n<!-- \/ Yoast SEO plugin. -->","yoast_head_json":{"title":"Incontinencia de orina - Urologia Girona","robots":{"index":"index","follow":"follow","max-snippet":"max-snippet:-1","max-image-preview":"max-image-preview:large","max-video-preview":"max-video-preview:-1"},"canonical":"https:\/\/urologiagirona.com\/es\/incontinencia-de-orina\/","og_locale":"es_ES","og_type":"article","og_title":"Incontinencia de orina - Urologia Girona","og_description":"[et_pb_section admin_label=\u00bbsection\u00bb] [et_pb_row admin_label=\u00bbrow\u00bb] [et_pb_column type=\u00bb4_4&#8243;][et_pb_text admin_label=\u00bbText\u00bb] Se define como la incapacidad de evitar la emisi\u00f3n de orina cuando no se quiere o no spot orinar. Los hay de varios tipos; de esfuerzo, de urgencia y mixta. Para su \u00f3ptimo diagn\u00f3stico, es imperativo realizar una buena anamnesis y exploraci\u00f3n f\u00edsica y neurol\u00f3gica, as\u00ed como pruebas [&hellip;]","og_url":"https:\/\/urologiagirona.com\/es\/incontinencia-de-orina\/","og_site_name":"Urologia Girona","article_modified_time":"2021-03-08T16:55:43+00:00","og_image":[{"width":600,"height":341,"url":"https:\/\/urologiagirona.com\/wp-content\/uploads\/2020\/11\/logo_urologia_girona.jpg","type":"image\/jpeg"}],"schema":{"@context":"https:\/\/schema.org","@graph":[{"@type":"WebPage","@id":"https:\/\/urologiagirona.com\/es\/incontinencia-de-orina\/","url":"https:\/\/urologiagirona.com\/es\/incontinencia-de-orina\/","name":"Incontinencia de orina - Urologia Girona","isPartOf":{"@id":"https:\/\/urologiagirona.com\/#website"},"datePublished":"2021-03-08T16:55:42+00:00","dateModified":"2021-03-08T16:55:43+00:00","breadcrumb":{"@id":"https:\/\/urologiagirona.com\/es\/incontinencia-de-orina\/#breadcrumb"},"inLanguage":"es","potentialAction":[{"@type":"ReadAction","target":["https:\/\/urologiagirona.com\/es\/incontinencia-de-orina\/"]}]},{"@type":"BreadcrumbList","@id":"https:\/\/urologiagirona.com\/es\/incontinencia-de-orina\/#breadcrumb","itemListElement":[{"@type":"ListItem","position":1,"name":"Inici","item":"https:\/\/urologiagirona.com\/es\/nueva-home-castellano\/"},{"@type":"ListItem","position":2,"name":"Incontinencia de orina"}]},{"@type":"WebSite","@id":"https:\/\/urologiagirona.com\/#website","url":"https:\/\/urologiagirona.com\/","name":"Urologia Girona \/ Cl\u00ednica Urologia Girona","description":"Som especialistes en cirurgia rob\u00f2tica i m\u00ednimament invasiva per el tractament de patologia prost\u00e0tica ( l\u00e0ser de pr\u00f2stata, Robot Da Vinci, ter\u00e0pia focal), patologia renal (c\u00e0ncer, litiasis, cirurgia rob\u00f2tica i laparosc\u00f2pia) i vesical (tumors de bufeta).","publisher":{"@id":"https:\/\/urologiagirona.com\/#organization"},"alternateName":"Cl\u00ednica Urologia Girona","potentialAction":[{"@type":"SearchAction","target":{"@type":"EntryPoint","urlTemplate":"https:\/\/urologiagirona.com\/?s={search_term_string}"},"query-input":{"@type":"PropertyValueSpecification","valueRequired":true,"valueName":"search_term_string"}}],"inLanguage":"es"},{"@type":"Organization","@id":"https:\/\/urologiagirona.com\/#organization","name":"Urologia Girona \/ Cl\u00ednica Urologia Girona","url":"https:\/\/urologiagirona.com\/","logo":{"@type":"ImageObject","inLanguage":"es","@id":"https:\/\/urologiagirona.com\/#\/schema\/logo\/image\/","url":"https:\/\/urologiagirona.com\/wp-content\/uploads\/2020\/11\/logo_urologia_girona.jpg","contentUrl":"https:\/\/urologiagirona.com\/wp-content\/uploads\/2020\/11\/logo_urologia_girona.jpg","width":600,"height":341,"caption":"Urologia Girona \/ Cl\u00ednica Urologia Girona"},"image":{"@id":"https:\/\/urologiagirona.com\/#\/schema\/logo\/image\/"}}]}},"_links":{"self":[{"href":"https:\/\/urologiagirona.com\/es\/wp-json\/wp\/v2\/pages\/685","targetHints":{"allow":["GET"]}}],"collection":[{"href":"https:\/\/urologiagirona.com\/es\/wp-json\/wp\/v2\/pages"}],"about":[{"href":"https:\/\/urologiagirona.com\/es\/wp-json\/wp\/v2\/types\/page"}],"author":[{"embeddable":true,"href":"https:\/\/urologiagirona.com\/es\/wp-json\/wp\/v2\/users\/1"}],"replies":[{"embeddable":true,"href":"https:\/\/urologiagirona.com\/es\/wp-json\/wp\/v2\/comments?post=685"}],"version-history":[{"count":1,"href":"https:\/\/urologiagirona.com\/es\/wp-json\/wp\/v2\/pages\/685\/revisions"}],"predecessor-version":[{"id":686,"href":"https:\/\/urologiagirona.com\/es\/wp-json\/wp\/v2\/pages\/685\/revisions\/686"}],"wp:attachment":[{"href":"https:\/\/urologiagirona.com\/es\/wp-json\/wp\/v2\/media?parent=685"}],"curies":[{"name":"wp","href":"https:\/\/api.w.org\/{rel}","templated":true}]}}