{"id":681,"date":"2021-03-08T18:51:17","date_gmt":"2021-03-08T16:51:17","guid":{"rendered":"https:\/\/urologiagirona.com\/?page_id=681"},"modified":"2021-03-08T18:51:19","modified_gmt":"2021-03-08T16:51:19","slug":"vaso-vastostomia","status":"publish","type":"page","link":"https:\/\/urologiagirona.com\/es\/vaso-vastostomia\/","title":{"rendered":"Vaso-vastostomia"},"content":{"rendered":"\n<div class=\"wp-block-image\"><figure class=\"alignright\"><a href=\"https:\/\/urologiagirona.com\/wp-content\/uploads\/2015\/04\/vaso-vasostomia1.jpg\"><img decoding=\"async\" src=\"https:\/\/urologiagirona.com\/wp-content\/uploads\/2015\/04\/vaso-vasostomia1-300x224.jpg\" alt=\"vaso-vasostomia1\" class=\"wp-image-137\"\/><\/a><\/figure><\/div>\n\n\n\n<p><strong>La vaso-vasostom\u00eda es la t\u00e9cnica quir\u00fargica que tiene como objetivo la reanastomosis o recanalizaci\u00f3n de los conductos deferentes que previamente se han seccionado en realizar la vasectom\u00eda.<\/strong><\/p>\n\n\n\n<p><span style=\"font-weight: 400;\">La intervenci\u00f3n la realizamos bajo anestesia local y tiene una duraci\u00f3n aproximada de 3 horas. Se realiza en r\u00e9gimen ambulatorio.<\/span><\/p>\n\n\n\n<h3 class=\"wp-block-heading\"><span style=\"font-weight: 400;\">Factores Pron\u00f3sticos:<\/span><\/h3>\n\n\n\n<ul class=\"wp-block-list\"><li style=\"font-weight: 400;\" aria-level=\"1\"><span style=\"font-weight: 400;\">Experiencia del cirujano en microcirug\u00eda<\/span><\/li><li style=\"font-weight: 400;\" aria-level=\"1\"><span style=\"font-weight: 400;\">Tiempo de Obstrucci\u00f3n: Es decir tiempo transcurrido desde la vasectom\u00eda. La tasa de \u00e9xito (seminogramas positivos) seg\u00fan las \u00faltimas publicaciones * \/ **, es del:<\/span>\n<ul>\n<li style=\"font-weight: 400;\" aria-level=\"2\"><span style=\"font-weight: 400;\">&lt;5 a\u00f1os-96%<\/span><\/li>\n<li style=\"font-weight: 400;\" aria-level=\"2\"><span style=\"font-weight: 400;\">5-10 a\u00f1os -90%<\/span><\/li>\n<li style=\"font-weight: 400;\" aria-level=\"2\"><span style=\"font-weight: 400;\">10-15 a\u00f1os- 65%<\/span><\/li>\n<li style=\"font-weight: 400;\" aria-level=\"2\"><span style=\"font-weight: 400;\">15-20 a\u00f1os &#8211; 35%<\/span><\/li>\n<\/ul>\n<\/li><\/ul>\n\n\n\n<p><span style=\"font-weight: 400;\">Aunque el seminograma sea positivo puede que no se consiga un embarazo de manera espont\u00e1nea, aunque s\u00ed que puede que haga posible y simplifique las t\u00e9cnicas de reproducci\u00f3n asistida.<\/span><\/p>\n\n\n\n<ul class=\"wp-block-list\"><li style=\"font-weight: 400;\" aria-level=\"1\"><span style=\"font-weight: 400;\">T\u00e9cnica quir\u00fargica: Es imprescindible el uso de material y t\u00e9cnicas de microcirug\u00eda.<\/span><\/li><li style=\"font-weight: 400;\" aria-level=\"1\"><span style=\"font-weight: 400;\">Nivel de la obstrucci\u00f3n: Lo determina el lugar donde se practic\u00f3 la vasectom\u00eda. Cuando m\u00e1s alejados del test\u00edculo mejor, porque el di\u00e1metro del conducto deferente es mayor.<\/span><\/li><\/ul>\n\n\n\n<h4 class=\"wp-block-heading\"><span style=\"font-weight: 400;\">Preparaci\u00f3n<\/span><\/h4>\n\n\n\n<p><span style=\"font-weight: 400;\">Ayuno de 5 horas y rasurado de la zona<\/span><\/p>\n\n\n\n<div class=\"wp-block-image\"><figure class=\"alignright size-large\"><img fetchpriority=\"high\" fetchpriority=\"high\" decoding=\"async\" width=\"300\" height=\"300\" src=\"https:\/\/urologiagirona.com\/wp-content\/uploads\/2021\/03\/vaso-vasostomia2-300x300-1.jpg\" alt=\"\" class=\"wp-image-682\" srcset=\"https:\/\/urologiagirona.com\/wp-content\/uploads\/2021\/03\/vaso-vasostomia2-300x300-1.jpg 300w, https:\/\/urologiagirona.com\/wp-content\/uploads\/2021\/03\/vaso-vasostomia2-300x300-1-150x150.jpg 150w\" sizes=\"(max-width: 300px) 100vw, 300px\" \/><\/figure><\/div>\n\n\n\n<h4 class=\"wp-block-heading\"><span style=\"font-weight: 400;\">Recuperaci\u00f3n:<\/span><\/h4>\n\n\n\n<p><span style=\"font-weight: 400;\">3 primeros d\u00edas con movimientos suaves y 20 d\u00edas sin relaciones (para asegurar la cicatrizaci\u00f3n de la sutura de los conductos deferentes).<\/span><\/p>\n\n\n\n<h4 class=\"wp-block-heading\"><span style=\"font-weight: 400;\">Control<\/span><\/h4>\n\n\n\n<p><span style=\"font-weight: 400;\">1er An\u00e1lisis de semen a las 8 semanas. Si observamos la presencia de espermatozoides m\u00f3viles se realiza un nuevo control a las 16 semanas de la cirug\u00eda para observar el resultado final de la recanalizaci\u00f3n. Si en el primer control observamos una azoospermia (ausencia de espermatozoides), practicamos un nuevo an\u00e1lisis a las 16 semanas de la cirug\u00eda. Si este hecho persiste hasta las 32 semanas del procedimiento. Consideramos que no ha tenido \u00e9xito.<\/span><\/p>\n\n\n\n<h4 class=\"wp-block-heading\"><span style=\"font-weight: 400;\">Otras Alternativas:<\/span><\/h4>\n\n\n\n<p><span style=\"font-weight: 400;\">Obtenci\u00f3n de espermatozoides mediante punci\u00f3n y biopsia del test\u00edculo, y con los espermatozoides obtenidos practicar una Fertilizaci\u00f3n in Vitro (FIV &#8211; ICSI).<\/span><\/p>\n\n\n\n<p><i><span style=\"font-weight: 400;\">* Vasectomy Reversal Outcomes Among Patients With Vasal Obstructive Intervalos Greater Than 10 Years.Grober ED, Karpman E, Fanipour M.Urology. 2013 Nov 6.<\/span><\/i><\/p>\n\n\n\n<p><i><span style=\"font-weight: 400;\">** Current status of vasectomy reversal. Schwarzer JU, Steinfatt H.Nat Rev Urola. 2013 Apr; 10 (4): 195-205<\/span><\/i><\/p>\n","protected":false},"excerpt":{"rendered":"<p>La vaso-vasostom\u00eda es la t\u00e9cnica quir\u00fargica que tiene como objetivo la reanastomosis o recanalizaci\u00f3n de los conductos deferentes que previamente se han seccionado en realizar la vasectom\u00eda. La intervenci\u00f3n la realizamos bajo anestesia local y tiene una duraci\u00f3n aproximada de 3 horas. Se realiza en r\u00e9gimen ambulatorio. Factores Pron\u00f3sticos: Experiencia del cirujano en microcirug\u00eda Tiempo [&hellip;]<\/p>\n","protected":false},"author":1,"featured_media":0,"parent":0,"menu_order":0,"comment_status":"open","ping_status":"open","template":"","meta":{"_et_pb_use_builder":"","_et_pb_old_content":"","_et_gb_content_width":"","footnotes":""},"class_list":["post-681","page","type-page","status-publish","hentry"],"yoast_head":"<!-- This site is optimized with the Yoast SEO plugin v25.8 - https:\/\/yoast.com\/wordpress\/plugins\/seo\/ -->\n<title>Vaso-vastostomia - Urologia Girona<\/title>\n<meta name=\"robots\" content=\"index, follow, max-snippet:-1, max-image-preview:large, max-video-preview:-1\" \/>\n<link rel=\"canonical\" href=\"https:\/\/urologiagirona.com\/es\/vaso-vastostomia\/\" \/>\n<meta property=\"og:locale\" content=\"es_ES\" \/>\n<meta property=\"og:type\" content=\"article\" \/>\n<meta property=\"og:title\" content=\"Vaso-vastostomia - Urologia Girona\" \/>\n<meta property=\"og:description\" content=\"La vaso-vasostom\u00eda es la t\u00e9cnica quir\u00fargica que tiene como objetivo la reanastomosis o recanalizaci\u00f3n de los conductos deferentes que previamente se han seccionado en realizar la vasectom\u00eda. La intervenci\u00f3n la realizamos bajo anestesia local y tiene una duraci\u00f3n aproximada de 3 horas. Se realiza en r\u00e9gimen ambulatorio. Factores Pron\u00f3sticos: Experiencia del cirujano en microcirug\u00eda Tiempo [&hellip;]\" \/>\n<meta property=\"og:url\" content=\"https:\/\/urologiagirona.com\/es\/vaso-vastostomia\/\" \/>\n<meta property=\"og:site_name\" content=\"Urologia Girona\" \/>\n<meta property=\"article:modified_time\" content=\"2021-03-08T16:51:19+00:00\" \/>\n<meta property=\"og:image\" content=\"https:\/\/urologiagirona.com\/wp-content\/uploads\/2015\/04\/vaso-vasostomia1-300x224.jpg\" \/>\n<script type=\"application\/ld+json\" class=\"yoast-schema-graph\">{\"@context\":\"https:\/\/schema.org\",\"@graph\":[{\"@type\":\"WebPage\",\"@id\":\"https:\/\/urologiagirona.com\/es\/vaso-vastostomia\/\",\"url\":\"https:\/\/urologiagirona.com\/es\/vaso-vastostomia\/\",\"name\":\"Vaso-vastostomia - Urologia Girona\",\"isPartOf\":{\"@id\":\"https:\/\/urologiagirona.com\/#website\"},\"primaryImageOfPage\":{\"@id\":\"https:\/\/urologiagirona.com\/es\/vaso-vastostomia\/#primaryimage\"},\"image\":{\"@id\":\"https:\/\/urologiagirona.com\/es\/vaso-vastostomia\/#primaryimage\"},\"thumbnailUrl\":\"https:\/\/urologiagirona.com\/wp-content\/uploads\/2015\/04\/vaso-vasostomia1-300x224.jpg\",\"datePublished\":\"2021-03-08T16:51:17+00:00\",\"dateModified\":\"2021-03-08T16:51:19+00:00\",\"breadcrumb\":{\"@id\":\"https:\/\/urologiagirona.com\/es\/vaso-vastostomia\/#breadcrumb\"},\"inLanguage\":\"es\",\"potentialAction\":[{\"@type\":\"ReadAction\",\"target\":[\"https:\/\/urologiagirona.com\/es\/vaso-vastostomia\/\"]}]},{\"@type\":\"ImageObject\",\"inLanguage\":\"es\",\"@id\":\"https:\/\/urologiagirona.com\/es\/vaso-vastostomia\/#primaryimage\",\"url\":\"https:\/\/urologiagirona.com\/wp-content\/uploads\/2015\/04\/vaso-vasostomia1-300x224.jpg\",\"contentUrl\":\"https:\/\/urologiagirona.com\/wp-content\/uploads\/2015\/04\/vaso-vasostomia1-300x224.jpg\"},{\"@type\":\"BreadcrumbList\",\"@id\":\"https:\/\/urologiagirona.com\/es\/vaso-vastostomia\/#breadcrumb\",\"itemListElement\":[{\"@type\":\"ListItem\",\"position\":1,\"name\":\"Inici\",\"item\":\"https:\/\/urologiagirona.com\/es\/nueva-home-castellano\/\"},{\"@type\":\"ListItem\",\"position\":2,\"name\":\"Vaso-vastostomia\"}]},{\"@type\":\"WebSite\",\"@id\":\"https:\/\/urologiagirona.com\/#website\",\"url\":\"https:\/\/urologiagirona.com\/\",\"name\":\"Urologia Girona \/ Cl\u00ednica Urologia Girona\",\"description\":\"Som especialistes en cirurgia rob\u00f2tica i m\u00ednimament invasiva per el tractament de patologia prost\u00e0tica ( l\u00e0ser de pr\u00f2stata, Robot Da Vinci, ter\u00e0pia focal), patologia renal (c\u00e0ncer, litiasis, cirurgia rob\u00f2tica i laparosc\u00f2pia) i vesical (tumors de bufeta).\",\"publisher\":{\"@id\":\"https:\/\/urologiagirona.com\/#organization\"},\"alternateName\":\"Cl\u00ednica Urologia Girona\",\"potentialAction\":[{\"@type\":\"SearchAction\",\"target\":{\"@type\":\"EntryPoint\",\"urlTemplate\":\"https:\/\/urologiagirona.com\/?s={search_term_string}\"},\"query-input\":{\"@type\":\"PropertyValueSpecification\",\"valueRequired\":true,\"valueName\":\"search_term_string\"}}],\"inLanguage\":\"es\"},{\"@type\":\"Organization\",\"@id\":\"https:\/\/urologiagirona.com\/#organization\",\"name\":\"Urologia Girona \/ Cl\u00ednica Urologia Girona\",\"url\":\"https:\/\/urologiagirona.com\/\",\"logo\":{\"@type\":\"ImageObject\",\"inLanguage\":\"es\",\"@id\":\"https:\/\/urologiagirona.com\/#\/schema\/logo\/image\/\",\"url\":\"https:\/\/urologiagirona.com\/wp-content\/uploads\/2020\/11\/logo_urologia_girona.jpg\",\"contentUrl\":\"https:\/\/urologiagirona.com\/wp-content\/uploads\/2020\/11\/logo_urologia_girona.jpg\",\"width\":600,\"height\":341,\"caption\":\"Urologia Girona \/ Cl\u00ednica Urologia Girona\"},\"image\":{\"@id\":\"https:\/\/urologiagirona.com\/#\/schema\/logo\/image\/\"}}]}<\/script>\n<!-- \/ Yoast SEO plugin. -->","yoast_head_json":{"title":"Vaso-vastostomia - Urologia Girona","robots":{"index":"index","follow":"follow","max-snippet":"max-snippet:-1","max-image-preview":"max-image-preview:large","max-video-preview":"max-video-preview:-1"},"canonical":"https:\/\/urologiagirona.com\/es\/vaso-vastostomia\/","og_locale":"es_ES","og_type":"article","og_title":"Vaso-vastostomia - Urologia Girona","og_description":"La vaso-vasostom\u00eda es la t\u00e9cnica quir\u00fargica que tiene como objetivo la reanastomosis o recanalizaci\u00f3n de los conductos deferentes que previamente se han seccionado en realizar la vasectom\u00eda. La intervenci\u00f3n la realizamos bajo anestesia local y tiene una duraci\u00f3n aproximada de 3 horas. Se realiza en r\u00e9gimen ambulatorio. Factores Pron\u00f3sticos: Experiencia del cirujano en microcirug\u00eda Tiempo [&hellip;]","og_url":"https:\/\/urologiagirona.com\/es\/vaso-vastostomia\/","og_site_name":"Urologia Girona","article_modified_time":"2021-03-08T16:51:19+00:00","og_image":[{"url":"https:\/\/urologiagirona.com\/wp-content\/uploads\/2015\/04\/vaso-vasostomia1-300x224.jpg","type":"","width":"","height":""}],"schema":{"@context":"https:\/\/schema.org","@graph":[{"@type":"WebPage","@id":"https:\/\/urologiagirona.com\/es\/vaso-vastostomia\/","url":"https:\/\/urologiagirona.com\/es\/vaso-vastostomia\/","name":"Vaso-vastostomia - Urologia Girona","isPartOf":{"@id":"https:\/\/urologiagirona.com\/#website"},"primaryImageOfPage":{"@id":"https:\/\/urologiagirona.com\/es\/vaso-vastostomia\/#primaryimage"},"image":{"@id":"https:\/\/urologiagirona.com\/es\/vaso-vastostomia\/#primaryimage"},"thumbnailUrl":"https:\/\/urologiagirona.com\/wp-content\/uploads\/2015\/04\/vaso-vasostomia1-300x224.jpg","datePublished":"2021-03-08T16:51:17+00:00","dateModified":"2021-03-08T16:51:19+00:00","breadcrumb":{"@id":"https:\/\/urologiagirona.com\/es\/vaso-vastostomia\/#breadcrumb"},"inLanguage":"es","potentialAction":[{"@type":"ReadAction","target":["https:\/\/urologiagirona.com\/es\/vaso-vastostomia\/"]}]},{"@type":"ImageObject","inLanguage":"es","@id":"https:\/\/urologiagirona.com\/es\/vaso-vastostomia\/#primaryimage","url":"https:\/\/urologiagirona.com\/wp-content\/uploads\/2015\/04\/vaso-vasostomia1-300x224.jpg","contentUrl":"https:\/\/urologiagirona.com\/wp-content\/uploads\/2015\/04\/vaso-vasostomia1-300x224.jpg"},{"@type":"BreadcrumbList","@id":"https:\/\/urologiagirona.com\/es\/vaso-vastostomia\/#breadcrumb","itemListElement":[{"@type":"ListItem","position":1,"name":"Inici","item":"https:\/\/urologiagirona.com\/es\/nueva-home-castellano\/"},{"@type":"ListItem","position":2,"name":"Vaso-vastostomia"}]},{"@type":"WebSite","@id":"https:\/\/urologiagirona.com\/#website","url":"https:\/\/urologiagirona.com\/","name":"Urologia Girona \/ Cl\u00ednica Urologia Girona","description":"Som especialistes en cirurgia rob\u00f2tica i m\u00ednimament invasiva per el tractament de patologia prost\u00e0tica ( l\u00e0ser de pr\u00f2stata, Robot Da Vinci, ter\u00e0pia focal), patologia renal (c\u00e0ncer, litiasis, cirurgia rob\u00f2tica i laparosc\u00f2pia) i vesical (tumors de bufeta).","publisher":{"@id":"https:\/\/urologiagirona.com\/#organization"},"alternateName":"Cl\u00ednica Urologia Girona","potentialAction":[{"@type":"SearchAction","target":{"@type":"EntryPoint","urlTemplate":"https:\/\/urologiagirona.com\/?s={search_term_string}"},"query-input":{"@type":"PropertyValueSpecification","valueRequired":true,"valueName":"search_term_string"}}],"inLanguage":"es"},{"@type":"Organization","@id":"https:\/\/urologiagirona.com\/#organization","name":"Urologia Girona \/ Cl\u00ednica Urologia Girona","url":"https:\/\/urologiagirona.com\/","logo":{"@type":"ImageObject","inLanguage":"es","@id":"https:\/\/urologiagirona.com\/#\/schema\/logo\/image\/","url":"https:\/\/urologiagirona.com\/wp-content\/uploads\/2020\/11\/logo_urologia_girona.jpg","contentUrl":"https:\/\/urologiagirona.com\/wp-content\/uploads\/2020\/11\/logo_urologia_girona.jpg","width":600,"height":341,"caption":"Urologia Girona \/ Cl\u00ednica Urologia Girona"},"image":{"@id":"https:\/\/urologiagirona.com\/#\/schema\/logo\/image\/"}}]}},"_links":{"self":[{"href":"https:\/\/urologiagirona.com\/es\/wp-json\/wp\/v2\/pages\/681","targetHints":{"allow":["GET"]}}],"collection":[{"href":"https:\/\/urologiagirona.com\/es\/wp-json\/wp\/v2\/pages"}],"about":[{"href":"https:\/\/urologiagirona.com\/es\/wp-json\/wp\/v2\/types\/page"}],"author":[{"embeddable":true,"href":"https:\/\/urologiagirona.com\/es\/wp-json\/wp\/v2\/users\/1"}],"replies":[{"embeddable":true,"href":"https:\/\/urologiagirona.com\/es\/wp-json\/wp\/v2\/comments?post=681"}],"version-history":[{"count":1,"href":"https:\/\/urologiagirona.com\/es\/wp-json\/wp\/v2\/pages\/681\/revisions"}],"predecessor-version":[{"id":684,"href":"https:\/\/urologiagirona.com\/es\/wp-json\/wp\/v2\/pages\/681\/revisions\/684"}],"wp:attachment":[{"href":"https:\/\/urologiagirona.com\/es\/wp-json\/wp\/v2\/media?parent=681"}],"curies":[{"name":"wp","href":"https:\/\/api.w.org\/{rel}","templated":true}]}}