{"id":676,"date":"2021-03-08T18:30:32","date_gmt":"2021-03-08T16:30:32","guid":{"rendered":"https:\/\/urologiagirona.com\/?page_id=676"},"modified":"2021-03-08T18:30:33","modified_gmt":"2021-03-08T16:30:33","slug":"vasectomia","status":"publish","type":"page","link":"https:\/\/urologiagirona.com\/es\/vasectomia\/","title":{"rendered":"Vasectom\u00eda"},"content":{"rendered":"\n<p><strong>La vasectom\u00eda es un m\u00e9todo anticonceptivo de esterilizaci\u00f3n y habitualmente permanente, consistente en la ligadura y secci\u00f3n de los conductos.<\/strong> Produciendo, en poco tiempo, que el semen no contenga espermatozoides.<\/p>\n\n\n\n<p>Bajo anestesia, se hace una peque\u00f1a incisi\u00f3n en la parte anterior del escroto. <strong>Los conductos seminales se cortan y se ligan tras extraer un segmento, por lo que los dos extremos de cada conducto quedan anudados y separados entre s\u00ed.<\/strong> Una vez hecha la intervenci\u00f3n se debe realizar un seminograma de control pasados \u200b\u200b2-3 meses para confirmar que ya no hay espermatozoides presentes en el semen.<\/p>\n\n\n\n<h3 class=\"wp-block-heading\">Es importante destacar los siguientes puntos:<\/h3>\n\n\n\n<ul class=\"wp-block-list\"><li>No existe la \u00abvasectom\u00eda reversible\u00bb, toda vasectom\u00eda se hace con \u00e1nimo de irreversibilidad. Si en un futuro, se quiere recuperar la fertilidad, se deber\u00e1 realizar una vasovasostom\u00eda o biopsia testicular para obtener espermatozoides y fecundaci\u00f3n artificial.<\/li><li><strong>La vasectom\u00eda no implica ning\u00fan cambio hormonal ni sexual.<\/strong><\/li><li>Despu\u00e9s de una vasectom\u00eda no se pierde la eyaculaci\u00f3n<\/li><\/ul>\n","protected":false},"excerpt":{"rendered":"<p>La vasectom\u00eda es un m\u00e9todo anticonceptivo de esterilizaci\u00f3n y habitualmente permanente, consistente en la ligadura y secci\u00f3n de los conductos. Produciendo, en poco tiempo, que el semen no contenga espermatozoides. Bajo anestesia, se hace una peque\u00f1a incisi\u00f3n en la parte anterior del escroto. Los conductos seminales se cortan y se ligan tras extraer un segmento, [&hellip;]<\/p>\n","protected":false},"author":1,"featured_media":0,"parent":0,"menu_order":0,"comment_status":"closed","ping_status":"closed","template":"","meta":{"_et_pb_use_builder":"off","_et_pb_old_content":"","_et_gb_content_width":"","footnotes":""},"class_list":["post-676","page","type-page","status-publish","hentry"],"yoast_head":"<!-- This site is optimized with the Yoast SEO plugin v25.8 - https:\/\/yoast.com\/wordpress\/plugins\/seo\/ -->\n<title>Vasectom\u00eda - Urologia Girona<\/title>\n<meta name=\"robots\" content=\"index, follow, max-snippet:-1, max-image-preview:large, max-video-preview:-1\" \/>\n<link rel=\"canonical\" href=\"https:\/\/urologiagirona.com\/es\/vasectomia\/\" \/>\n<meta property=\"og:locale\" content=\"es_ES\" \/>\n<meta property=\"og:type\" content=\"article\" \/>\n<meta property=\"og:title\" content=\"Vasectom\u00eda - Urologia Girona\" \/>\n<meta property=\"og:description\" content=\"La vasectom\u00eda es un m\u00e9todo anticonceptivo de esterilizaci\u00f3n y habitualmente permanente, consistente en la ligadura y secci\u00f3n de los conductos. Produciendo, en poco tiempo, que el semen no contenga espermatozoides. Bajo anestesia, se hace una peque\u00f1a incisi\u00f3n en la parte anterior del escroto. Los conductos seminales se cortan y se ligan tras extraer un segmento, [&hellip;]\" \/>\n<meta property=\"og:url\" content=\"https:\/\/urologiagirona.com\/es\/vasectomia\/\" \/>\n<meta property=\"og:site_name\" content=\"Urologia Girona\" \/>\n<meta property=\"article:modified_time\" content=\"2021-03-08T16:30:33+00:00\" \/>\n<meta property=\"og:image\" content=\"https:\/\/urologiagirona.com\/wp-content\/uploads\/2020\/11\/logo_urologia_girona.jpg\" \/>\n\t<meta property=\"og:image:width\" content=\"600\" \/>\n\t<meta property=\"og:image:height\" content=\"341\" \/>\n\t<meta property=\"og:image:type\" content=\"image\/jpeg\" \/>\n<script type=\"application\/ld+json\" class=\"yoast-schema-graph\">{\"@context\":\"https:\/\/schema.org\",\"@graph\":[{\"@type\":\"WebPage\",\"@id\":\"https:\/\/urologiagirona.com\/es\/vasectomia\/\",\"url\":\"https:\/\/urologiagirona.com\/es\/vasectomia\/\",\"name\":\"Vasectom\u00eda - Urologia Girona\",\"isPartOf\":{\"@id\":\"https:\/\/urologiagirona.com\/#website\"},\"datePublished\":\"2021-03-08T16:30:32+00:00\",\"dateModified\":\"2021-03-08T16:30:33+00:00\",\"breadcrumb\":{\"@id\":\"https:\/\/urologiagirona.com\/es\/vasectomia\/#breadcrumb\"},\"inLanguage\":\"es\",\"potentialAction\":[{\"@type\":\"ReadAction\",\"target\":[\"https:\/\/urologiagirona.com\/es\/vasectomia\/\"]}]},{\"@type\":\"BreadcrumbList\",\"@id\":\"https:\/\/urologiagirona.com\/es\/vasectomia\/#breadcrumb\",\"itemListElement\":[{\"@type\":\"ListItem\",\"position\":1,\"name\":\"Inici\",\"item\":\"https:\/\/urologiagirona.com\/es\/nueva-home-castellano\/\"},{\"@type\":\"ListItem\",\"position\":2,\"name\":\"Vasectom\u00eda\"}]},{\"@type\":\"WebSite\",\"@id\":\"https:\/\/urologiagirona.com\/#website\",\"url\":\"https:\/\/urologiagirona.com\/\",\"name\":\"Urologia Girona \/ Cl\u00ednica Urologia Girona\",\"description\":\"Som especialistes en cirurgia rob\u00f2tica i m\u00ednimament invasiva per el tractament de patologia prost\u00e0tica ( l\u00e0ser de pr\u00f2stata, Robot Da Vinci, ter\u00e0pia focal), patologia renal (c\u00e0ncer, litiasis, cirurgia rob\u00f2tica i laparosc\u00f2pia) i vesical (tumors de bufeta).\",\"publisher\":{\"@id\":\"https:\/\/urologiagirona.com\/#organization\"},\"alternateName\":\"Cl\u00ednica Urologia Girona\",\"potentialAction\":[{\"@type\":\"SearchAction\",\"target\":{\"@type\":\"EntryPoint\",\"urlTemplate\":\"https:\/\/urologiagirona.com\/?s={search_term_string}\"},\"query-input\":{\"@type\":\"PropertyValueSpecification\",\"valueRequired\":true,\"valueName\":\"search_term_string\"}}],\"inLanguage\":\"es\"},{\"@type\":\"Organization\",\"@id\":\"https:\/\/urologiagirona.com\/#organization\",\"name\":\"Urologia Girona \/ Cl\u00ednica Urologia Girona\",\"url\":\"https:\/\/urologiagirona.com\/\",\"logo\":{\"@type\":\"ImageObject\",\"inLanguage\":\"es\",\"@id\":\"https:\/\/urologiagirona.com\/#\/schema\/logo\/image\/\",\"url\":\"https:\/\/urologiagirona.com\/wp-content\/uploads\/2020\/11\/logo_urologia_girona.jpg\",\"contentUrl\":\"https:\/\/urologiagirona.com\/wp-content\/uploads\/2020\/11\/logo_urologia_girona.jpg\",\"width\":600,\"height\":341,\"caption\":\"Urologia Girona \/ Cl\u00ednica Urologia Girona\"},\"image\":{\"@id\":\"https:\/\/urologiagirona.com\/#\/schema\/logo\/image\/\"}}]}<\/script>\n<!-- \/ Yoast SEO plugin. -->","yoast_head_json":{"title":"Vasectom\u00eda - Urologia Girona","robots":{"index":"index","follow":"follow","max-snippet":"max-snippet:-1","max-image-preview":"max-image-preview:large","max-video-preview":"max-video-preview:-1"},"canonical":"https:\/\/urologiagirona.com\/es\/vasectomia\/","og_locale":"es_ES","og_type":"article","og_title":"Vasectom\u00eda - Urologia Girona","og_description":"La vasectom\u00eda es un m\u00e9todo anticonceptivo de esterilizaci\u00f3n y habitualmente permanente, consistente en la ligadura y secci\u00f3n de los conductos. Produciendo, en poco tiempo, que el semen no contenga espermatozoides. Bajo anestesia, se hace una peque\u00f1a incisi\u00f3n en la parte anterior del escroto. Los conductos seminales se cortan y se ligan tras extraer un segmento, [&hellip;]","og_url":"https:\/\/urologiagirona.com\/es\/vasectomia\/","og_site_name":"Urologia Girona","article_modified_time":"2021-03-08T16:30:33+00:00","og_image":[{"width":600,"height":341,"url":"https:\/\/urologiagirona.com\/wp-content\/uploads\/2020\/11\/logo_urologia_girona.jpg","type":"image\/jpeg"}],"schema":{"@context":"https:\/\/schema.org","@graph":[{"@type":"WebPage","@id":"https:\/\/urologiagirona.com\/es\/vasectomia\/","url":"https:\/\/urologiagirona.com\/es\/vasectomia\/","name":"Vasectom\u00eda - Urologia Girona","isPartOf":{"@id":"https:\/\/urologiagirona.com\/#website"},"datePublished":"2021-03-08T16:30:32+00:00","dateModified":"2021-03-08T16:30:33+00:00","breadcrumb":{"@id":"https:\/\/urologiagirona.com\/es\/vasectomia\/#breadcrumb"},"inLanguage":"es","potentialAction":[{"@type":"ReadAction","target":["https:\/\/urologiagirona.com\/es\/vasectomia\/"]}]},{"@type":"BreadcrumbList","@id":"https:\/\/urologiagirona.com\/es\/vasectomia\/#breadcrumb","itemListElement":[{"@type":"ListItem","position":1,"name":"Inici","item":"https:\/\/urologiagirona.com\/es\/nueva-home-castellano\/"},{"@type":"ListItem","position":2,"name":"Vasectom\u00eda"}]},{"@type":"WebSite","@id":"https:\/\/urologiagirona.com\/#website","url":"https:\/\/urologiagirona.com\/","name":"Urologia Girona \/ Cl\u00ednica Urologia Girona","description":"Som especialistes en cirurgia rob\u00f2tica i m\u00ednimament invasiva per el tractament de patologia prost\u00e0tica ( l\u00e0ser de pr\u00f2stata, Robot Da Vinci, ter\u00e0pia focal), patologia renal (c\u00e0ncer, litiasis, cirurgia rob\u00f2tica i laparosc\u00f2pia) i vesical (tumors de bufeta).","publisher":{"@id":"https:\/\/urologiagirona.com\/#organization"},"alternateName":"Cl\u00ednica Urologia Girona","potentialAction":[{"@type":"SearchAction","target":{"@type":"EntryPoint","urlTemplate":"https:\/\/urologiagirona.com\/?s={search_term_string}"},"query-input":{"@type":"PropertyValueSpecification","valueRequired":true,"valueName":"search_term_string"}}],"inLanguage":"es"},{"@type":"Organization","@id":"https:\/\/urologiagirona.com\/#organization","name":"Urologia Girona \/ Cl\u00ednica Urologia Girona","url":"https:\/\/urologiagirona.com\/","logo":{"@type":"ImageObject","inLanguage":"es","@id":"https:\/\/urologiagirona.com\/#\/schema\/logo\/image\/","url":"https:\/\/urologiagirona.com\/wp-content\/uploads\/2020\/11\/logo_urologia_girona.jpg","contentUrl":"https:\/\/urologiagirona.com\/wp-content\/uploads\/2020\/11\/logo_urologia_girona.jpg","width":600,"height":341,"caption":"Urologia Girona \/ Cl\u00ednica Urologia Girona"},"image":{"@id":"https:\/\/urologiagirona.com\/#\/schema\/logo\/image\/"}}]}},"_links":{"self":[{"href":"https:\/\/urologiagirona.com\/es\/wp-json\/wp\/v2\/pages\/676","targetHints":{"allow":["GET"]}}],"collection":[{"href":"https:\/\/urologiagirona.com\/es\/wp-json\/wp\/v2\/pages"}],"about":[{"href":"https:\/\/urologiagirona.com\/es\/wp-json\/wp\/v2\/types\/page"}],"author":[{"embeddable":true,"href":"https:\/\/urologiagirona.com\/es\/wp-json\/wp\/v2\/users\/1"}],"replies":[{"embeddable":true,"href":"https:\/\/urologiagirona.com\/es\/wp-json\/wp\/v2\/comments?post=676"}],"version-history":[{"count":1,"href":"https:\/\/urologiagirona.com\/es\/wp-json\/wp\/v2\/pages\/676\/revisions"}],"predecessor-version":[{"id":677,"href":"https:\/\/urologiagirona.com\/es\/wp-json\/wp\/v2\/pages\/676\/revisions\/677"}],"wp:attachment":[{"href":"https:\/\/urologiagirona.com\/es\/wp-json\/wp\/v2\/media?parent=676"}],"curies":[{"name":"wp","href":"https:\/\/api.w.org\/{rel}","templated":true}]}}