{"id":674,"date":"2021-03-08T18:27:36","date_gmt":"2021-03-08T16:27:36","guid":{"rendered":"https:\/\/urologiagirona.com\/?page_id=674"},"modified":"2021-03-08T18:27:37","modified_gmt":"2021-03-08T16:27:37","slug":"andrologia","status":"publish","type":"page","link":"https:\/\/urologiagirona.com\/es\/andrologia\/","title":{"rendered":"Andrologia"},"content":{"rendered":"\n<p>Es la disciplina m\u00e9dica que se encarga de las patolog\u00edas propias del aparato reproductor masculino.<\/p>\n\n\n\n<h2 class=\"wp-block-heading\">Disfunci\u00f3n er\u00e9ctil<\/h2>\n\n\n\n<p>Antes llamada impotencia, es una situaci\u00f3n en la que no hay una adecuada erecci\u00f3n del pene ante los est\u00edmulos sexuales, que permita la introducci\u00f3n del pene en la vagina.<\/p>\n\n\n\n<h3 class=\"wp-block-heading\">Hay diferentes causas:<\/h3>\n\n\n\n<p>Causas por problemas f\u00edsicos se denomina DE org\u00e1nica<\/p>\n\n\n\n<ul class=\"wp-block-list\"><li>Tipo de DE org\u00e1nica:<ul><li>Vascular (falta de aporte sangu\u00edneo)<\/li><li>Hormonal (falta de testosterona)<\/li><li>Neurol\u00f3gica: (afecci\u00f3n los nervios)<\/li><\/ul><\/li><li>Por problemas psicol\u00f3gicos, principalmente debido a pensamientos de miedo de no obtener la erecci\u00f3n. Llamada DE psicol\u00f3gica<\/li><li>Por problemas org\u00e1nicos y psicol\u00f3gicos, llamada Mixta.<\/li><\/ul>\n\n\n\n<h4 class=\"wp-block-heading\">Tratamiento:<\/h4>\n\n\n\n<ul class=\"wp-block-list\"><li>Cambios a estilos de vida saludables<\/li><li>F\u00e1rmacos:<ul><li>V\u00eda oral: inhibidores de la fosfodiesterasa 5.<\/li><li>V\u00eda intracavernosa: es decir una inyecci\u00f3n en el pene<\/li><\/ul><\/li><li>Mec\u00e1nico:<ul><li>Aros constrictores, se colocan en la base del pene<\/li><li>Dispositivos de vac\u00edo<\/li><\/ul><\/li><li>Quir\u00fargico: Es el \u00faltimo recurso, y consiste en la implantaci\u00f3n de una pr\u00f3tesis de pene, las m\u00e1s aconsejables son las hidr\u00e1ulicas, que tienen un mecanismo que permite la reversibilidad de la posici\u00f3n erecta del pene.<\/li><\/ul>\n\n\n\n<h3 class=\"wp-block-heading\">Control del SDT<\/h3>\n\n\n\n<p>S\u00edndrome del d\u00e9ficit de Testosterona<\/p>\n\n\n\n<h3 class=\"wp-block-heading\">Fertilidad en el hombre<\/h3>\n\n\n\n<p>Estudio mediante seminogramas para evaluar y objetivar el grado de infertilidad masculina y realizar el tratamiento adecuado. En caso de pacientes vasectomizados, podemos realizar la vaso-vasostom\u00eda<\/p>\n","protected":false},"excerpt":{"rendered":"<p>Es la disciplina m\u00e9dica que se encarga de las patolog\u00edas propias del aparato reproductor masculino. Disfunci\u00f3n er\u00e9ctil Antes llamada impotencia, es una situaci\u00f3n en la que no hay una adecuada erecci\u00f3n del pene ante los est\u00edmulos sexuales, que permita la introducci\u00f3n del pene en la vagina. Hay diferentes causas: Causas por problemas f\u00edsicos se denomina [&hellip;]<\/p>\n","protected":false},"author":1,"featured_media":0,"parent":0,"menu_order":0,"comment_status":"closed","ping_status":"closed","template":"","meta":{"_et_pb_use_builder":"off","_et_pb_old_content":"","_et_gb_content_width":"","footnotes":""},"class_list":["post-674","page","type-page","status-publish","hentry"],"yoast_head":"<!-- This site is optimized with the Yoast SEO plugin v25.8 - https:\/\/yoast.com\/wordpress\/plugins\/seo\/ -->\n<title>Andrologia - Urologia Girona<\/title>\n<meta name=\"robots\" content=\"index, follow, max-snippet:-1, max-image-preview:large, max-video-preview:-1\" \/>\n<link rel=\"canonical\" href=\"https:\/\/urologiagirona.com\/es\/andrologia\/\" \/>\n<meta property=\"og:locale\" content=\"es_ES\" \/>\n<meta property=\"og:type\" content=\"article\" \/>\n<meta property=\"og:title\" content=\"Andrologia - Urologia Girona\" \/>\n<meta property=\"og:description\" content=\"Es la disciplina m\u00e9dica que se encarga de las patolog\u00edas propias del aparato reproductor masculino. Disfunci\u00f3n er\u00e9ctil Antes llamada impotencia, es una situaci\u00f3n en la que no hay una adecuada erecci\u00f3n del pene ante los est\u00edmulos sexuales, que permita la introducci\u00f3n del pene en la vagina. Hay diferentes causas: Causas por problemas f\u00edsicos se denomina [&hellip;]\" \/>\n<meta property=\"og:url\" content=\"https:\/\/urologiagirona.com\/es\/andrologia\/\" \/>\n<meta property=\"og:site_name\" content=\"Urologia Girona\" \/>\n<meta property=\"article:modified_time\" content=\"2021-03-08T16:27:37+00:00\" \/>\n<meta property=\"og:image\" content=\"https:\/\/urologiagirona.com\/wp-content\/uploads\/2020\/11\/logo_urologia_girona.jpg\" \/>\n\t<meta property=\"og:image:width\" content=\"600\" \/>\n\t<meta property=\"og:image:height\" content=\"341\" \/>\n\t<meta property=\"og:image:type\" content=\"image\/jpeg\" \/>\n<script type=\"application\/ld+json\" class=\"yoast-schema-graph\">{\"@context\":\"https:\/\/schema.org\",\"@graph\":[{\"@type\":\"WebPage\",\"@id\":\"https:\/\/urologiagirona.com\/es\/andrologia\/\",\"url\":\"https:\/\/urologiagirona.com\/es\/andrologia\/\",\"name\":\"Andrologia - Urologia Girona\",\"isPartOf\":{\"@id\":\"https:\/\/urologiagirona.com\/#website\"},\"datePublished\":\"2021-03-08T16:27:36+00:00\",\"dateModified\":\"2021-03-08T16:27:37+00:00\",\"breadcrumb\":{\"@id\":\"https:\/\/urologiagirona.com\/es\/andrologia\/#breadcrumb\"},\"inLanguage\":\"es\",\"potentialAction\":[{\"@type\":\"ReadAction\",\"target\":[\"https:\/\/urologiagirona.com\/es\/andrologia\/\"]}]},{\"@type\":\"BreadcrumbList\",\"@id\":\"https:\/\/urologiagirona.com\/es\/andrologia\/#breadcrumb\",\"itemListElement\":[{\"@type\":\"ListItem\",\"position\":1,\"name\":\"Inici\",\"item\":\"https:\/\/urologiagirona.com\/es\/nueva-home-castellano\/\"},{\"@type\":\"ListItem\",\"position\":2,\"name\":\"Andrologia\"}]},{\"@type\":\"WebSite\",\"@id\":\"https:\/\/urologiagirona.com\/#website\",\"url\":\"https:\/\/urologiagirona.com\/\",\"name\":\"Urologia Girona \/ Cl\u00ednica Urologia Girona\",\"description\":\"Som especialistes en cirurgia rob\u00f2tica i m\u00ednimament invasiva per el tractament de patologia prost\u00e0tica ( l\u00e0ser de pr\u00f2stata, Robot Da Vinci, ter\u00e0pia focal), patologia renal (c\u00e0ncer, litiasis, cirurgia rob\u00f2tica i laparosc\u00f2pia) i vesical (tumors de bufeta).\",\"publisher\":{\"@id\":\"https:\/\/urologiagirona.com\/#organization\"},\"alternateName\":\"Cl\u00ednica Urologia Girona\",\"potentialAction\":[{\"@type\":\"SearchAction\",\"target\":{\"@type\":\"EntryPoint\",\"urlTemplate\":\"https:\/\/urologiagirona.com\/?s={search_term_string}\"},\"query-input\":{\"@type\":\"PropertyValueSpecification\",\"valueRequired\":true,\"valueName\":\"search_term_string\"}}],\"inLanguage\":\"es\"},{\"@type\":\"Organization\",\"@id\":\"https:\/\/urologiagirona.com\/#organization\",\"name\":\"Urologia Girona \/ Cl\u00ednica Urologia Girona\",\"url\":\"https:\/\/urologiagirona.com\/\",\"logo\":{\"@type\":\"ImageObject\",\"inLanguage\":\"es\",\"@id\":\"https:\/\/urologiagirona.com\/#\/schema\/logo\/image\/\",\"url\":\"https:\/\/urologiagirona.com\/wp-content\/uploads\/2020\/11\/logo_urologia_girona.jpg\",\"contentUrl\":\"https:\/\/urologiagirona.com\/wp-content\/uploads\/2020\/11\/logo_urologia_girona.jpg\",\"width\":600,\"height\":341,\"caption\":\"Urologia Girona \/ Cl\u00ednica Urologia Girona\"},\"image\":{\"@id\":\"https:\/\/urologiagirona.com\/#\/schema\/logo\/image\/\"}}]}<\/script>\n<!-- \/ Yoast SEO plugin. -->","yoast_head_json":{"title":"Andrologia - Urologia Girona","robots":{"index":"index","follow":"follow","max-snippet":"max-snippet:-1","max-image-preview":"max-image-preview:large","max-video-preview":"max-video-preview:-1"},"canonical":"https:\/\/urologiagirona.com\/es\/andrologia\/","og_locale":"es_ES","og_type":"article","og_title":"Andrologia - Urologia Girona","og_description":"Es la disciplina m\u00e9dica que se encarga de las patolog\u00edas propias del aparato reproductor masculino. Disfunci\u00f3n er\u00e9ctil Antes llamada impotencia, es una situaci\u00f3n en la que no hay una adecuada erecci\u00f3n del pene ante los est\u00edmulos sexuales, que permita la introducci\u00f3n del pene en la vagina. Hay diferentes causas: Causas por problemas f\u00edsicos se denomina [&hellip;]","og_url":"https:\/\/urologiagirona.com\/es\/andrologia\/","og_site_name":"Urologia Girona","article_modified_time":"2021-03-08T16:27:37+00:00","og_image":[{"width":600,"height":341,"url":"https:\/\/urologiagirona.com\/wp-content\/uploads\/2020\/11\/logo_urologia_girona.jpg","type":"image\/jpeg"}],"schema":{"@context":"https:\/\/schema.org","@graph":[{"@type":"WebPage","@id":"https:\/\/urologiagirona.com\/es\/andrologia\/","url":"https:\/\/urologiagirona.com\/es\/andrologia\/","name":"Andrologia - Urologia Girona","isPartOf":{"@id":"https:\/\/urologiagirona.com\/#website"},"datePublished":"2021-03-08T16:27:36+00:00","dateModified":"2021-03-08T16:27:37+00:00","breadcrumb":{"@id":"https:\/\/urologiagirona.com\/es\/andrologia\/#breadcrumb"},"inLanguage":"es","potentialAction":[{"@type":"ReadAction","target":["https:\/\/urologiagirona.com\/es\/andrologia\/"]}]},{"@type":"BreadcrumbList","@id":"https:\/\/urologiagirona.com\/es\/andrologia\/#breadcrumb","itemListElement":[{"@type":"ListItem","position":1,"name":"Inici","item":"https:\/\/urologiagirona.com\/es\/nueva-home-castellano\/"},{"@type":"ListItem","position":2,"name":"Andrologia"}]},{"@type":"WebSite","@id":"https:\/\/urologiagirona.com\/#website","url":"https:\/\/urologiagirona.com\/","name":"Urologia Girona \/ Cl\u00ednica Urologia Girona","description":"Som especialistes en cirurgia rob\u00f2tica i m\u00ednimament invasiva per el tractament de patologia prost\u00e0tica ( l\u00e0ser de pr\u00f2stata, Robot Da Vinci, ter\u00e0pia focal), patologia renal (c\u00e0ncer, litiasis, cirurgia rob\u00f2tica i laparosc\u00f2pia) i vesical (tumors de bufeta).","publisher":{"@id":"https:\/\/urologiagirona.com\/#organization"},"alternateName":"Cl\u00ednica Urologia Girona","potentialAction":[{"@type":"SearchAction","target":{"@type":"EntryPoint","urlTemplate":"https:\/\/urologiagirona.com\/?s={search_term_string}"},"query-input":{"@type":"PropertyValueSpecification","valueRequired":true,"valueName":"search_term_string"}}],"inLanguage":"es"},{"@type":"Organization","@id":"https:\/\/urologiagirona.com\/#organization","name":"Urologia Girona \/ Cl\u00ednica Urologia Girona","url":"https:\/\/urologiagirona.com\/","logo":{"@type":"ImageObject","inLanguage":"es","@id":"https:\/\/urologiagirona.com\/#\/schema\/logo\/image\/","url":"https:\/\/urologiagirona.com\/wp-content\/uploads\/2020\/11\/logo_urologia_girona.jpg","contentUrl":"https:\/\/urologiagirona.com\/wp-content\/uploads\/2020\/11\/logo_urologia_girona.jpg","width":600,"height":341,"caption":"Urologia Girona \/ Cl\u00ednica Urologia Girona"},"image":{"@id":"https:\/\/urologiagirona.com\/#\/schema\/logo\/image\/"}}]}},"_links":{"self":[{"href":"https:\/\/urologiagirona.com\/es\/wp-json\/wp\/v2\/pages\/674","targetHints":{"allow":["GET"]}}],"collection":[{"href":"https:\/\/urologiagirona.com\/es\/wp-json\/wp\/v2\/pages"}],"about":[{"href":"https:\/\/urologiagirona.com\/es\/wp-json\/wp\/v2\/types\/page"}],"author":[{"embeddable":true,"href":"https:\/\/urologiagirona.com\/es\/wp-json\/wp\/v2\/users\/1"}],"replies":[{"embeddable":true,"href":"https:\/\/urologiagirona.com\/es\/wp-json\/wp\/v2\/comments?post=674"}],"version-history":[{"count":1,"href":"https:\/\/urologiagirona.com\/es\/wp-json\/wp\/v2\/pages\/674\/revisions"}],"predecessor-version":[{"id":675,"href":"https:\/\/urologiagirona.com\/es\/wp-json\/wp\/v2\/pages\/674\/revisions\/675"}],"wp:attachment":[{"href":"https:\/\/urologiagirona.com\/es\/wp-json\/wp\/v2\/media?parent=674"}],"curies":[{"name":"wp","href":"https:\/\/api.w.org\/{rel}","templated":true}]}}