{"id":663,"date":"2021-03-08T18:08:18","date_gmt":"2021-03-08T16:08:18","guid":{"rendered":"https:\/\/urologiagirona.com\/?page_id=663"},"modified":"2026-03-25T10:50:04","modified_gmt":"2026-03-25T08:50:04","slug":"quienes-somos","status":"publish","type":"page","link":"https:\/\/urologiagirona.com\/es\/quienes-somos\/","title":{"rendered":"Quienes somos"},"content":{"rendered":"<p>[et_pb_section fb_built=\u00bb1&#8243; admin_label=\u00bbsection\u00bb _builder_version=\u00bb4.16&#8243; custom_padding=\u00bb15px|||||\u00bb global_colors_info=\u00bb{}\u00bb][et_pb_row _builder_version=\u00bb4.16&#8243; _module_preset=\u00bbdefault\u00bb global_colors_info=\u00bb{}\u00bb][et_pb_column type=\u00bb4_4&#8243; _builder_version=\u00bb4.16&#8243; _module_preset=\u00bbdefault\u00bb global_colors_info=\u00bb{}\u00bb][et_pb_text content_tablet=\u00bb\u00bb content_phone=\u00bb\u00bb content_last_edited=\u00bbon|desktop\u00bb disabled_on=\u00bbon|on|off\u00bb _builder_version=\u00bb4.16&#8243; _module_preset=\u00bbdefault\u00bb text_text_color=\u00bb#ffffff\u00bb background_image=\u00bbhttps:\/\/urologiagirona.com\/\/wp-content\/uploads\/2020\/11\/drboix.jpg\u00bb background_position=\u00bbtop_left\u00bb height=\u00bb342px\u00bb custom_margin=\u00bb-6px||||false|false\u00bb custom_padding=\u00bb30px|500px||28px|false|false\u00bb text_text_shadow_style=\u00bbpreset1&#8243; global_colors_info=\u00bb{}\u00bb]<\/p>\n<h2><span style=\"color: #ffffff;\"><strong>Doctor Boix<\/strong><\/span><\/h2>\n<p><span><strong><\/strong><\/span><\/p>\n<p>Licenciado en Medicina por la Universidad de Barcelona, \u200b\u200b2003. Especialista en Urolog\u00eda desde 2009 despu\u00e9s de cursar la residencia MIR en el Hospital Germans Trias i Pujol de Badalona 2004-2009. M\u00e9dico Adjunto en el Servicio de Urolog\u00eda del Hospital Josep Trueta, Girona, desde 2009. Asistencia como observador cl\u00ednico y quir\u00fargico en el departamento de Urolog\u00eda de la Eastern Medical Virginia University, Norfolk (VA) USA, en cirug\u00eda reconstructiva urol\u00f3gica. Profesor asociado de Urolog\u00eda de la Facultad de Medicina de la Universidad de Girona. Doctor en Cirug\u00eda (Urolog\u00eda) por la UAB obteniendo calificaci\u00f3n Sobresaliente \u00abCum Laude\u00bb. Fellow of the European Board of Urology<\/p>\n<p>[\/et_pb_text][et_pb_text content_tablet=\u00bb\u00bb content_phone=\u00bb\u00bb content_last_edited=\u00bbon|phone\u00bb disabled_on=\u00bboff|off|on\u00bb _builder_version=\u00bb4.16&#8243; _module_preset=\u00bbdefault\u00bb text_text_color=\u00bb#ffffff\u00bb background_color=\u00bb#54aad8&#8243; background_enable_image=\u00bboff\u00bb background_position=\u00bbtop_left\u00bb width=\u00bb%221024%22&#8243; module_alignment=\u00bbcenter\u00bb height=\u00bb%22674%22&#8243; custom_margin=\u00bb||||false|false\u00bb custom_padding=\u00bb2em|2em|2em|2em|false|false\u00bb text_text_shadow_style=\u00bbpreset1&#8243; global_colors_info=\u00bb{}\u00bb]<\/p>\n<h2 style=\"text-align: center;\"><span style=\"color: #ffffff;\"><strong>Doctor Boix<\/strong><\/span><\/h2>\n<p style=\"text-align: center;\"><span style=\"font-weight: 400;\">Licenciado en Medicina por la Universidad de Barcelona, \u200b\u200b2003. Especialista en Urolog\u00eda desde 2009 despu\u00e9s de cursar la residencia MIR en el Hospital Germans Trias i Pujol de Badalona 2004-2009. M\u00e9dico Adjunto en el Servicio de Urolog\u00eda del Hospital Josep Trueta, Girona, desde 2009. Asistencia como observador cl\u00ednico y quir\u00fargico en el departamento de Urolog\u00eda de la Eastern Medical Virginia University, Norfolk (VA) USA, en cirug\u00eda reconstructiva urol\u00f3gica. Profesor asociado de Urolog\u00eda de la Facultad de Medicina de la Universidad de Girona. Doctor en Cirug\u00eda (Urolog\u00eda) por la UAB obteniendo calificaci\u00f3n Sobresaliente \u00abCum Laude\u00bb. Fellow of the European Board of Urology<\/span><\/p>\n<p>[\/et_pb_text][et_pb_text content_tablet=\u00bb\u00bb content_phone=\u00bb\u00bb content_last_edited=\u00bbon|phone\u00bb disabled_on=\u00bboff|off|on\u00bb _builder_version=\u00bb4.16&#8243; _module_preset=\u00bbdefault\u00bb text_text_color=\u00bb#ffffff\u00bb background_color=\u00bb#54aad8&#8243; background_enable_image=\u00bboff\u00bb background_position=\u00bbtop_left\u00bb width=\u00bb%221024%22&#8243; module_alignment=\u00bbcenter\u00bb height=\u00bb%22674%22&#8243; custom_margin=\u00bb||||false|false\u00bb custom_padding=\u00bb2em|2em|2em|2em|false|false\u00bb text_text_shadow_style=\u00bbpreset1&#8243; global_colors_info=\u00bb{}\u00bb]<\/p>\n<h2 style=\"text-align: center;\"><span style=\"color: #ffffff;\"><strong>Doctor Comet<\/strong><\/span><\/h2>\n<p style=\"text-align: center;\"><span style=\"font-weight: 400;\">Licenciado en Medicina y Cirug\u00eda en la Universidad de Barcelona, \u200b\u200b1990. Residencia en Urolog\u00eda en el Hospital Universitario Germans Trias i Pujol, Badalona, \u200b\u200b1992 a 1996. Adjunto de Urolog\u00eda del Hospital de Palam\u00f3s, 1997. Desde 1998 est\u00e1 ejerciendo actividad como adjunto de Urolog\u00eda en el Hospital Universitario Dr. Josep Trueta de Girona y como Jefe de Servicio de Urolog\u00eda desde 2016, Asistencia como observador cl\u00ednico en el Departamento de Urolog\u00eda de la Washington University School of Medicine para el aprendizaje de t\u00e9cnicas en endoscopia y laparoscopia, 1995. Ha realizado un gran n\u00famero de publicaciones a nivel nacional e internacional. Profesor asociado de Urolog\u00eda de la Facultad de Medicina de la Universidad de Girona. Fellow of the European Board of Urology. Doctor en Medicina y Cirug\u00eda por la UAB<\/span><\/p>\n<p>[\/et_pb_text][et_pb_text disabled_on=\u00bbon|on|off\u00bb _builder_version=\u00bb4.16&#8243; _module_preset=\u00bbdefault\u00bb text_text_color=\u00bb#ffffff\u00bb background_image=\u00bbhttps:\/\/urologiagirona.com\/\/wp-content\/uploads\/2020\/11\/drcomet.jpg\u00bb background_position=\u00bbtop_left\u00bb height=\u00bb342px\u00bb custom_margin=\u00bb-6px||||false|false\u00bb custom_padding=\u00bb30px|500px||28px|false|false\u00bb text_text_shadow_style=\u00bbpreset5&#8243; text_text_shadow_horizontal_length=\u00bb0.07em\u00bb text_text_shadow_vertical_length=\u00bb0.11em\u00bb text_text_shadow_blur_strength=\u00bb0.41em\u00bb text_text_shadow_color=\u00bb#000000&#8243; global_colors_info=\u00bb{}\u00bb]<\/p>\n<h2><span style=\"color: #ffffff;\"><strong>Doctor Comet<\/strong><\/span><\/h2>\n<p><span><strong><\/strong><\/span><\/p>\n<p><span style=\"font-weight: 400;\">Licenciado en Medicina y Cirug\u00eda en la Universidad de Barcelona, \u200b\u200b1990. Residencia en Urolog\u00eda en el Hospital Universitario Germans Trias i Pujol, Badalona, \u200b\u200b1992 a 1996. Adjunto de Urolog\u00eda del Hospital de Palam\u00f3s, 1997. Desde 1998 est\u00e1 ejerciendo actividad como adjunto de Urolog\u00eda en el Hospital Universitario Dr. Josep Trueta de Girona y como Jefe de Servicio de Urolog\u00eda desde 2016, Asistencia como observador cl\u00ednico en el Departamento de Urolog\u00eda de la Washington University School of Medicine para el aprendizaje de t\u00e9cnicas en endoscopia y laparoscopia, 1995. Ha realizado un gran n\u00famero de publicaciones a nivel nacional e internacional. Profesor asociado de Urolog\u00eda de la Facultad de Medicina de la Universidad de Girona. Fellow of the European Board of Urology. Doctor en Medicina y Cirug\u00eda por la UAB.<\/span><\/p>\n<p>[\/et_pb_text][\/et_pb_column][\/et_pb_row][et_pb_row column_structure=\u00bb1_3,1_3,1_3&#8243; _builder_version=\u00bb4.16&#8243; _module_preset=\u00bbdefault\u00bb global_colors_info=\u00bb{}\u00bb][et_pb_column type=\u00bb1_3&#8243; _builder_version=\u00bb4.16&#8243; _module_preset=\u00bbdefault\u00bb global_colors_info=\u00bb{}\u00bb][\/et_pb_column][et_pb_column type=\u00bb1_3&#8243; _builder_version=\u00bb4.16&#8243; _module_preset=\u00bbdefault\u00bb global_colors_info=\u00bb{}\u00bb][et_pb_team_member name=\u00bbDoctor Alex Boix Bonfill\u00bb position=\u00bbGraduado en Medicina por la Universitat Internacional de Catalunya (UIC), 2013-2019.\u00bb image_url=\u00bbhttps:\/\/urologiagirona.com\/\/wp-content\/uploads\/2021\/01\/doctoragarcia.jpg\u00bb _builder_version=\u00bb4.22.1&#8243; _module_preset=\u00bbdefault\u00bb custom_padding=\u00bb||0px|||\u00bb hover_enabled=\u00bb0&#8243; global_colors_info=\u00bb{}\u00bb sticky_enabled=\u00bb0&#8243;]<\/p>\n<p>Especialista en Urolog\u00eda, formado en el Hospital Universitari Joan XXIII de Tarragona, 2020-2025. Adjunto en el Hospital Universitari Doctor Josep Trueta de Girona, donde forma parte de las unidades de ri\u00f1\u00f3n y patolog\u00eda liti\u00e1sica.<\/p>\n<p>[\/et_pb_team_member][\/et_pb_column][et_pb_column type=\u00bb1_3&#8243; _builder_version=\u00bb4.16&#8243; _module_preset=\u00bbdefault\u00bb global_colors_info=\u00bb{}\u00bb][\/et_pb_column][\/et_pb_row][\/et_pb_section]<\/p>\n","protected":false},"excerpt":{"rendered":"<p>Doctor Boix Licenciado en Medicina por la Universidad de Barcelona, \u200b\u200b2003. Especialista en Urolog\u00eda desde 2009 despu\u00e9s de cursar la residencia MIR en el Hospital Germans Trias i Pujol de Badalona 2004-2009. M\u00e9dico Adjunto en el Servicio de Urolog\u00eda del Hospital Josep Trueta, Girona, desde 2009. Asistencia como observador cl\u00ednico y quir\u00fargico en el departamento [&hellip;]<\/p>\n","protected":false},"author":1,"featured_media":0,"parent":0,"menu_order":0,"comment_status":"open","ping_status":"open","template":"","meta":{"_et_pb_use_builder":"on","_et_pb_old_content":"","_et_gb_content_width":"","footnotes":""},"class_list":["post-663","page","type-page","status-publish","hentry"],"yoast_head":"<!-- This site is optimized with the Yoast SEO plugin v25.8 - https:\/\/yoast.com\/wordpress\/plugins\/seo\/ -->\n<title>Quienes somos - Urologia Girona<\/title>\n<meta name=\"robots\" content=\"index, follow, max-snippet:-1, max-image-preview:large, max-video-preview:-1\" \/>\n<link rel=\"canonical\" href=\"https:\/\/urologiagirona.com\/es\/about-us\/\" \/>\n<meta property=\"og:locale\" content=\"es_ES\" \/>\n<meta property=\"og:type\" content=\"article\" \/>\n<meta property=\"og:title\" content=\"Quienes somos - Urologia Girona\" \/>\n<meta property=\"og:description\" content=\"Doctor Boix Licenciado en Medicina por la Universidad de Barcelona, \u200b\u200b2003. Especialista en Urolog\u00eda desde 2009 despu\u00e9s de cursar la residencia MIR en el Hospital Germans Trias i Pujol de Badalona 2004-2009. M\u00e9dico Adjunto en el Servicio de Urolog\u00eda del Hospital Josep Trueta, Girona, desde 2009. Asistencia como observador cl\u00ednico y quir\u00fargico en el departamento [&hellip;]\" \/>\n<meta property=\"og:url\" content=\"https:\/\/urologiagirona.com\/en\/about-us\/\" \/>\n<meta property=\"og:site_name\" content=\"Urologia Girona\" \/>\n<meta property=\"article:modified_time\" content=\"2026-03-25T08:50:04+00:00\" \/>\n<meta property=\"og:image\" content=\"https:\/\/urologiagirona.com\/wp-content\/uploads\/2020\/11\/logo_urologia_girona.jpg\" \/>\n\t<meta property=\"og:image:width\" content=\"600\" \/>\n\t<meta property=\"og:image:height\" content=\"341\" \/>\n\t<meta property=\"og:image:type\" content=\"image\/jpeg\" \/>\n<script type=\"application\/ld+json\" class=\"yoast-schema-graph\">{\"@context\":\"https:\/\/schema.org\",\"@graph\":[{\"@type\":\"WebPage\",\"@id\":\"https:\/\/urologiagirona.com\/en\/about-us\/\",\"url\":\"https:\/\/urologiagirona.com\/en\/about-us\/\",\"name\":\"Quienes somos - Urologia Girona\",\"isPartOf\":{\"@id\":\"https:\/\/urologiagirona.com\/#website\"},\"datePublished\":\"2021-03-08T16:08:18+00:00\",\"dateModified\":\"2026-03-25T08:50:04+00:00\",\"breadcrumb\":{\"@id\":\"https:\/\/urologiagirona.com\/en\/about-us\/#breadcrumb\"},\"inLanguage\":\"es\",\"potentialAction\":[{\"@type\":\"ReadAction\",\"target\":[\"https:\/\/urologiagirona.com\/en\/about-us\/\"]}]},{\"@type\":\"BreadcrumbList\",\"@id\":\"https:\/\/urologiagirona.com\/en\/about-us\/#breadcrumb\",\"itemListElement\":[{\"@type\":\"ListItem\",\"position\":1,\"name\":\"Inici\",\"item\":\"https:\/\/urologiagirona.com\/es\/nueva-home-castellano\/\"},{\"@type\":\"ListItem\",\"position\":2,\"name\":\"Quienes somos\"}]},{\"@type\":\"WebSite\",\"@id\":\"https:\/\/urologiagirona.com\/#website\",\"url\":\"https:\/\/urologiagirona.com\/\",\"name\":\"Urologia Girona \/ Cl\u00ednica Urologia Girona\",\"description\":\"Som especialistes en cirurgia rob\u00f2tica i m\u00ednimament invasiva per el tractament de patologia prost\u00e0tica ( l\u00e0ser de pr\u00f2stata, Robot Da Vinci, ter\u00e0pia focal), patologia renal (c\u00e0ncer, litiasis, cirurgia rob\u00f2tica i laparosc\u00f2pia) i vesical (tumors de bufeta).\",\"publisher\":{\"@id\":\"https:\/\/urologiagirona.com\/#organization\"},\"alternateName\":\"Cl\u00ednica Urologia Girona\",\"potentialAction\":[{\"@type\":\"SearchAction\",\"target\":{\"@type\":\"EntryPoint\",\"urlTemplate\":\"https:\/\/urologiagirona.com\/?s={search_term_string}\"},\"query-input\":{\"@type\":\"PropertyValueSpecification\",\"valueRequired\":true,\"valueName\":\"search_term_string\"}}],\"inLanguage\":\"es\"},{\"@type\":\"Organization\",\"@id\":\"https:\/\/urologiagirona.com\/#organization\",\"name\":\"Urologia Girona \/ Cl\u00ednica Urologia Girona\",\"url\":\"https:\/\/urologiagirona.com\/\",\"logo\":{\"@type\":\"ImageObject\",\"inLanguage\":\"es\",\"@id\":\"https:\/\/urologiagirona.com\/#\/schema\/logo\/image\/\",\"url\":\"https:\/\/urologiagirona.com\/wp-content\/uploads\/2020\/11\/logo_urologia_girona.jpg\",\"contentUrl\":\"https:\/\/urologiagirona.com\/wp-content\/uploads\/2020\/11\/logo_urologia_girona.jpg\",\"width\":600,\"height\":341,\"caption\":\"Urologia Girona \/ Cl\u00ednica Urologia Girona\"},\"image\":{\"@id\":\"https:\/\/urologiagirona.com\/#\/schema\/logo\/image\/\"}}]}<\/script>\n<!-- \/ Yoast SEO plugin. -->","yoast_head_json":{"title":"Quienes somos - Urologia Girona","robots":{"index":"index","follow":"follow","max-snippet":"max-snippet:-1","max-image-preview":"max-image-preview:large","max-video-preview":"max-video-preview:-1"},"canonical":"https:\/\/urologiagirona.com\/es\/about-us\/","og_locale":"es_ES","og_type":"article","og_title":"Quienes somos - Urologia Girona","og_description":"Doctor Boix Licenciado en Medicina por la Universidad de Barcelona, \u200b\u200b2003. Especialista en Urolog\u00eda desde 2009 despu\u00e9s de cursar la residencia MIR en el Hospital Germans Trias i Pujol de Badalona 2004-2009. M\u00e9dico Adjunto en el Servicio de Urolog\u00eda del Hospital Josep Trueta, Girona, desde 2009. Asistencia como observador cl\u00ednico y quir\u00fargico en el departamento [&hellip;]","og_url":"https:\/\/urologiagirona.com\/en\/about-us\/","og_site_name":"Urologia Girona","article_modified_time":"2026-03-25T08:50:04+00:00","og_image":[{"width":600,"height":341,"url":"https:\/\/urologiagirona.com\/wp-content\/uploads\/2020\/11\/logo_urologia_girona.jpg","type":"image\/jpeg"}],"schema":{"@context":"https:\/\/schema.org","@graph":[{"@type":"WebPage","@id":"https:\/\/urologiagirona.com\/en\/about-us\/","url":"https:\/\/urologiagirona.com\/en\/about-us\/","name":"Quienes somos - Urologia Girona","isPartOf":{"@id":"https:\/\/urologiagirona.com\/#website"},"datePublished":"2021-03-08T16:08:18+00:00","dateModified":"2026-03-25T08:50:04+00:00","breadcrumb":{"@id":"https:\/\/urologiagirona.com\/en\/about-us\/#breadcrumb"},"inLanguage":"es","potentialAction":[{"@type":"ReadAction","target":["https:\/\/urologiagirona.com\/en\/about-us\/"]}]},{"@type":"BreadcrumbList","@id":"https:\/\/urologiagirona.com\/en\/about-us\/#breadcrumb","itemListElement":[{"@type":"ListItem","position":1,"name":"Inici","item":"https:\/\/urologiagirona.com\/es\/nueva-home-castellano\/"},{"@type":"ListItem","position":2,"name":"Quienes somos"}]},{"@type":"WebSite","@id":"https:\/\/urologiagirona.com\/#website","url":"https:\/\/urologiagirona.com\/","name":"Urologia Girona \/ Cl\u00ednica Urologia Girona","description":"Som especialistes en cirurgia rob\u00f2tica i m\u00ednimament invasiva per el tractament de patologia prost\u00e0tica ( l\u00e0ser de pr\u00f2stata, Robot Da Vinci, ter\u00e0pia focal), patologia renal (c\u00e0ncer, litiasis, cirurgia rob\u00f2tica i laparosc\u00f2pia) i vesical (tumors de bufeta).","publisher":{"@id":"https:\/\/urologiagirona.com\/#organization"},"alternateName":"Cl\u00ednica Urologia Girona","potentialAction":[{"@type":"SearchAction","target":{"@type":"EntryPoint","urlTemplate":"https:\/\/urologiagirona.com\/?s={search_term_string}"},"query-input":{"@type":"PropertyValueSpecification","valueRequired":true,"valueName":"search_term_string"}}],"inLanguage":"es"},{"@type":"Organization","@id":"https:\/\/urologiagirona.com\/#organization","name":"Urologia Girona \/ Cl\u00ednica Urologia Girona","url":"https:\/\/urologiagirona.com\/","logo":{"@type":"ImageObject","inLanguage":"es","@id":"https:\/\/urologiagirona.com\/#\/schema\/logo\/image\/","url":"https:\/\/urologiagirona.com\/wp-content\/uploads\/2020\/11\/logo_urologia_girona.jpg","contentUrl":"https:\/\/urologiagirona.com\/wp-content\/uploads\/2020\/11\/logo_urologia_girona.jpg","width":600,"height":341,"caption":"Urologia Girona \/ Cl\u00ednica Urologia Girona"},"image":{"@id":"https:\/\/urologiagirona.com\/#\/schema\/logo\/image\/"}}]}},"_links":{"self":[{"href":"https:\/\/urologiagirona.com\/es\/wp-json\/wp\/v2\/pages\/663","targetHints":{"allow":["GET"]}}],"collection":[{"href":"https:\/\/urologiagirona.com\/es\/wp-json\/wp\/v2\/pages"}],"about":[{"href":"https:\/\/urologiagirona.com\/es\/wp-json\/wp\/v2\/types\/page"}],"author":[{"embeddable":true,"href":"https:\/\/urologiagirona.com\/es\/wp-json\/wp\/v2\/users\/1"}],"replies":[{"embeddable":true,"href":"https:\/\/urologiagirona.com\/es\/wp-json\/wp\/v2\/comments?post=663"}],"version-history":[{"count":6,"href":"https:\/\/urologiagirona.com\/es\/wp-json\/wp\/v2\/pages\/663\/revisions"}],"predecessor-version":[{"id":1203,"href":"https:\/\/urologiagirona.com\/es\/wp-json\/wp\/v2\/pages\/663\/revisions\/1203"}],"wp:attachment":[{"href":"https:\/\/urologiagirona.com\/es\/wp-json\/wp\/v2\/media?parent=663"}],"curies":[{"name":"wp","href":"https:\/\/api.w.org\/{rel}","templated":true}]}}