{"id":637,"date":"2021-02-12T12:16:59","date_gmt":"2021-02-12T10:16:59","guid":{"rendered":"https:\/\/urologiagirona.com\/novaweb\/laser-por-litiasis\/"},"modified":"2021-03-09T10:49:00","modified_gmt":"2021-03-09T08:49:00","slug":"laser-por-litiasis","status":"publish","type":"page","link":"https:\/\/urologiagirona.com\/es\/laser-por-litiasis\/","title":{"rendered":"L\u00e1ser para Litiasis"},"content":{"rendered":"\n<div class=\"wp-block-image is-style-default\"><figure class=\"alignright size-large is-resized\"><img decoding=\"async\" src=\"https:\/\/urologiagirona.com\/\/wp-content\/uploads\/2020\/11\/laser-litiasi-1-1024x683.jpg\" alt=\"\" class=\"wp-image-538\" width=\"265\" height=\"177\" srcset=\"https:\/\/urologiagirona.com\/wp-content\/uploads\/2020\/11\/laser-litiasi-1-1024x683.jpg 1024w, https:\/\/urologiagirona.com\/wp-content\/uploads\/2020\/11\/laser-litiasi-1-300x200.jpg 300w, https:\/\/urologiagirona.com\/wp-content\/uploads\/2020\/11\/laser-litiasi-1-768x512.jpg 768w, https:\/\/urologiagirona.com\/wp-content\/uploads\/2020\/11\/laser-litiasi-1-1536x1024.jpg 1536w, https:\/\/urologiagirona.com\/wp-content\/uploads\/2020\/11\/laser-litiasi-1-2048x1365.jpg 2048w, https:\/\/urologiagirona.com\/wp-content\/uploads\/2020\/11\/laser-litiasi-1-1080x720.jpg 1080w, https:\/\/urologiagirona.com\/wp-content\/uploads\/2020\/11\/laser-litiasi-1-1280x854.jpg 1280w\" sizes=\"(max-width: 265px) 100vw, 265px\" \/><figcaption><em>Dr Comet i Dr Boix, ur\u00f3logos en Urologia Girona<\/em><\/figcaption><\/figure><\/div>\n\n\n\n<p><strong>El l\u00e1ser Holmium permite el tratamiento de las litiasis, sean vesicales (enlace con l\u00e1ser pr\u00f3stata), ureterales o p\u00e9lvicas (renales).<\/strong><\/p>\n\n\n\n<p><strong>Para poder realizar el tratamiento es preciso la utilizaci\u00f3n de materia<\/strong>l de endoscopia (cistoscopia, Ureteroscopia semi-r\u00edgido o flexible). De este modo se accede hasta donde est\u00e1 la litiasis, a trav\u00e9s del aparato se introduc e una fibra que transmite la energ\u00eda del l\u00e1ser. De esta manera se consigue fragmentar y pulverizar las litiasis. Con instrumentos especiales se retiran los fragmentos.<\/p>\n\n\n\n<p><strong>Este tipo de abordaje se ha convertido en el tratamiento de primera l\u00edne<\/strong>a para este tipo de patolog\u00eda.<\/p>\n\n\n\n<figure class=\"wp-block-video\"><video controls src=\"https:\/\/urologiagirona.com\/\/wp-content\/uploads\/2020\/11\/WhatsApp-Video-2020-11-19-at-12.06.49.mp4\"><\/video><figcaption><em>litofragmentaci\u00f3n con laser de litiasis vesicales.  <\/em><\/figcaption><\/figure>\n","protected":false},"excerpt":{"rendered":"<p>El l\u00e1ser Holmium permite el tratamiento de las litiasis, sean vesicales (enlace con l\u00e1ser pr\u00f3stata), ureterales o p\u00e9lvicas (renales). Para poder realizar el tratamiento es preciso la utilizaci\u00f3n de material de endoscopia (cistoscopia, Ureteroscopia semi-r\u00edgido o flexible). De este modo se accede hasta donde est\u00e1 la litiasis, a trav\u00e9s del aparato se introduc e una [&hellip;]<\/p>\n","protected":false},"author":1,"featured_media":0,"parent":0,"menu_order":0,"comment_status":"closed","ping_status":"closed","template":"","meta":{"_et_pb_use_builder":"off","_et_pb_old_content":"","_et_gb_content_width":"","footnotes":""},"class_list":["post-637","page","type-page","status-publish","hentry"],"yoast_head":"<!-- This site is optimized with the Yoast SEO plugin v25.8 - https:\/\/yoast.com\/wordpress\/plugins\/seo\/ -->\n<title>L\u00e1ser para Litiasis - Urologia Girona<\/title>\n<meta name=\"robots\" content=\"index, follow, max-snippet:-1, max-image-preview:large, max-video-preview:-1\" \/>\n<link rel=\"canonical\" href=\"https:\/\/urologiagirona.com\/es\/laser-por-litiasis\/\" \/>\n<meta property=\"og:locale\" content=\"es_ES\" \/>\n<meta property=\"og:type\" content=\"article\" \/>\n<meta property=\"og:title\" content=\"L\u00e1ser para Litiasis - Urologia Girona\" \/>\n<meta property=\"og:description\" content=\"El l\u00e1ser Holmium permite el tratamiento de las litiasis, sean vesicales (enlace con l\u00e1ser pr\u00f3stata), ureterales o p\u00e9lvicas (renales). Para poder realizar el tratamiento es preciso la utilizaci\u00f3n de material de endoscopia (cistoscopia, Ureteroscopia semi-r\u00edgido o flexible). De este modo se accede hasta donde est\u00e1 la litiasis, a trav\u00e9s del aparato se introduc e una [&hellip;]\" \/>\n<meta property=\"og:url\" content=\"https:\/\/urologiagirona.com\/es\/laser-por-litiasis\/\" \/>\n<meta property=\"og:site_name\" content=\"Urologia Girona\" \/>\n<meta property=\"article:modified_time\" content=\"2021-03-09T08:49:00+00:00\" \/>\n<meta property=\"og:image\" content=\"https:\/\/urologiagirona.com\/\/wp-content\/uploads\/2020\/11\/laser-litiasi-1-1024x683.jpg\" \/>\n<script type=\"application\/ld+json\" class=\"yoast-schema-graph\">{\"@context\":\"https:\/\/schema.org\",\"@graph\":[{\"@type\":\"WebPage\",\"@id\":\"https:\/\/urologiagirona.com\/es\/laser-por-litiasis\/\",\"url\":\"https:\/\/urologiagirona.com\/es\/laser-por-litiasis\/\",\"name\":\"L\u00e1ser para Litiasis - Urologia Girona\",\"isPartOf\":{\"@id\":\"https:\/\/urologiagirona.com\/#website\"},\"primaryImageOfPage\":{\"@id\":\"https:\/\/urologiagirona.com\/es\/laser-por-litiasis\/#primaryimage\"},\"image\":{\"@id\":\"https:\/\/urologiagirona.com\/es\/laser-por-litiasis\/#primaryimage\"},\"thumbnailUrl\":\"https:\/\/urologiagirona.com\/\/wp-content\/uploads\/2020\/11\/laser-litiasi-1-1024x683.jpg\",\"datePublished\":\"2021-02-12T10:16:59+00:00\",\"dateModified\":\"2021-03-09T08:49:00+00:00\",\"breadcrumb\":{\"@id\":\"https:\/\/urologiagirona.com\/es\/laser-por-litiasis\/#breadcrumb\"},\"inLanguage\":\"es\",\"potentialAction\":[{\"@type\":\"ReadAction\",\"target\":[\"https:\/\/urologiagirona.com\/es\/laser-por-litiasis\/\"]}]},{\"@type\":\"ImageObject\",\"inLanguage\":\"es\",\"@id\":\"https:\/\/urologiagirona.com\/es\/laser-por-litiasis\/#primaryimage\",\"url\":\"https:\/\/urologiagirona.com\/\/wp-content\/uploads\/2020\/11\/laser-litiasi-1-1024x683.jpg\",\"contentUrl\":\"https:\/\/urologiagirona.com\/\/wp-content\/uploads\/2020\/11\/laser-litiasi-1-1024x683.jpg\"},{\"@type\":\"BreadcrumbList\",\"@id\":\"https:\/\/urologiagirona.com\/es\/laser-por-litiasis\/#breadcrumb\",\"itemListElement\":[{\"@type\":\"ListItem\",\"position\":1,\"name\":\"Inici\",\"item\":\"https:\/\/urologiagirona.com\/es\/nueva-home-castellano\/\"},{\"@type\":\"ListItem\",\"position\":2,\"name\":\"L\u00e1ser para Litiasis\"}]},{\"@type\":\"WebSite\",\"@id\":\"https:\/\/urologiagirona.com\/#website\",\"url\":\"https:\/\/urologiagirona.com\/\",\"name\":\"Urologia Girona \/ Cl\u00ednica Urologia Girona\",\"description\":\"Som especialistes en cirurgia rob\u00f2tica i m\u00ednimament invasiva per el tractament de patologia prost\u00e0tica ( l\u00e0ser de pr\u00f2stata, Robot Da Vinci, ter\u00e0pia focal), patologia renal (c\u00e0ncer, litiasis, cirurgia rob\u00f2tica i laparosc\u00f2pia) i vesical (tumors de bufeta).\",\"publisher\":{\"@id\":\"https:\/\/urologiagirona.com\/#organization\"},\"alternateName\":\"Cl\u00ednica Urologia Girona\",\"potentialAction\":[{\"@type\":\"SearchAction\",\"target\":{\"@type\":\"EntryPoint\",\"urlTemplate\":\"https:\/\/urologiagirona.com\/?s={search_term_string}\"},\"query-input\":{\"@type\":\"PropertyValueSpecification\",\"valueRequired\":true,\"valueName\":\"search_term_string\"}}],\"inLanguage\":\"es\"},{\"@type\":\"Organization\",\"@id\":\"https:\/\/urologiagirona.com\/#organization\",\"name\":\"Urologia Girona \/ Cl\u00ednica Urologia Girona\",\"url\":\"https:\/\/urologiagirona.com\/\",\"logo\":{\"@type\":\"ImageObject\",\"inLanguage\":\"es\",\"@id\":\"https:\/\/urologiagirona.com\/#\/schema\/logo\/image\/\",\"url\":\"https:\/\/urologiagirona.com\/wp-content\/uploads\/2020\/11\/logo_urologia_girona.jpg\",\"contentUrl\":\"https:\/\/urologiagirona.com\/wp-content\/uploads\/2020\/11\/logo_urologia_girona.jpg\",\"width\":600,\"height\":341,\"caption\":\"Urologia Girona \/ Cl\u00ednica Urologia Girona\"},\"image\":{\"@id\":\"https:\/\/urologiagirona.com\/#\/schema\/logo\/image\/\"}}]}<\/script>\n<!-- \/ Yoast SEO plugin. -->","yoast_head_json":{"title":"L\u00e1ser para Litiasis - Urologia Girona","robots":{"index":"index","follow":"follow","max-snippet":"max-snippet:-1","max-image-preview":"max-image-preview:large","max-video-preview":"max-video-preview:-1"},"canonical":"https:\/\/urologiagirona.com\/es\/laser-por-litiasis\/","og_locale":"es_ES","og_type":"article","og_title":"L\u00e1ser para Litiasis - Urologia Girona","og_description":"El l\u00e1ser Holmium permite el tratamiento de las litiasis, sean vesicales (enlace con l\u00e1ser pr\u00f3stata), ureterales o p\u00e9lvicas (renales). Para poder realizar el tratamiento es preciso la utilizaci\u00f3n de material de endoscopia (cistoscopia, Ureteroscopia semi-r\u00edgido o flexible). De este modo se accede hasta donde est\u00e1 la litiasis, a trav\u00e9s del aparato se introduc e una [&hellip;]","og_url":"https:\/\/urologiagirona.com\/es\/laser-por-litiasis\/","og_site_name":"Urologia Girona","article_modified_time":"2021-03-09T08:49:00+00:00","og_image":[{"url":"https:\/\/urologiagirona.com\/\/wp-content\/uploads\/2020\/11\/laser-litiasi-1-1024x683.jpg","type":"","width":"","height":""}],"schema":{"@context":"https:\/\/schema.org","@graph":[{"@type":"WebPage","@id":"https:\/\/urologiagirona.com\/es\/laser-por-litiasis\/","url":"https:\/\/urologiagirona.com\/es\/laser-por-litiasis\/","name":"L\u00e1ser para Litiasis - Urologia Girona","isPartOf":{"@id":"https:\/\/urologiagirona.com\/#website"},"primaryImageOfPage":{"@id":"https:\/\/urologiagirona.com\/es\/laser-por-litiasis\/#primaryimage"},"image":{"@id":"https:\/\/urologiagirona.com\/es\/laser-por-litiasis\/#primaryimage"},"thumbnailUrl":"https:\/\/urologiagirona.com\/\/wp-content\/uploads\/2020\/11\/laser-litiasi-1-1024x683.jpg","datePublished":"2021-02-12T10:16:59+00:00","dateModified":"2021-03-09T08:49:00+00:00","breadcrumb":{"@id":"https:\/\/urologiagirona.com\/es\/laser-por-litiasis\/#breadcrumb"},"inLanguage":"es","potentialAction":[{"@type":"ReadAction","target":["https:\/\/urologiagirona.com\/es\/laser-por-litiasis\/"]}]},{"@type":"ImageObject","inLanguage":"es","@id":"https:\/\/urologiagirona.com\/es\/laser-por-litiasis\/#primaryimage","url":"https:\/\/urologiagirona.com\/\/wp-content\/uploads\/2020\/11\/laser-litiasi-1-1024x683.jpg","contentUrl":"https:\/\/urologiagirona.com\/\/wp-content\/uploads\/2020\/11\/laser-litiasi-1-1024x683.jpg"},{"@type":"BreadcrumbList","@id":"https:\/\/urologiagirona.com\/es\/laser-por-litiasis\/#breadcrumb","itemListElement":[{"@type":"ListItem","position":1,"name":"Inici","item":"https:\/\/urologiagirona.com\/es\/nueva-home-castellano\/"},{"@type":"ListItem","position":2,"name":"L\u00e1ser para Litiasis"}]},{"@type":"WebSite","@id":"https:\/\/urologiagirona.com\/#website","url":"https:\/\/urologiagirona.com\/","name":"Urologia Girona \/ Cl\u00ednica Urologia Girona","description":"Som especialistes en cirurgia rob\u00f2tica i m\u00ednimament invasiva per el tractament de patologia prost\u00e0tica ( l\u00e0ser de pr\u00f2stata, Robot Da Vinci, ter\u00e0pia focal), patologia renal (c\u00e0ncer, litiasis, cirurgia rob\u00f2tica i laparosc\u00f2pia) i vesical (tumors de bufeta).","publisher":{"@id":"https:\/\/urologiagirona.com\/#organization"},"alternateName":"Cl\u00ednica Urologia Girona","potentialAction":[{"@type":"SearchAction","target":{"@type":"EntryPoint","urlTemplate":"https:\/\/urologiagirona.com\/?s={search_term_string}"},"query-input":{"@type":"PropertyValueSpecification","valueRequired":true,"valueName":"search_term_string"}}],"inLanguage":"es"},{"@type":"Organization","@id":"https:\/\/urologiagirona.com\/#organization","name":"Urologia Girona \/ Cl\u00ednica Urologia Girona","url":"https:\/\/urologiagirona.com\/","logo":{"@type":"ImageObject","inLanguage":"es","@id":"https:\/\/urologiagirona.com\/#\/schema\/logo\/image\/","url":"https:\/\/urologiagirona.com\/wp-content\/uploads\/2020\/11\/logo_urologia_girona.jpg","contentUrl":"https:\/\/urologiagirona.com\/wp-content\/uploads\/2020\/11\/logo_urologia_girona.jpg","width":600,"height":341,"caption":"Urologia Girona \/ Cl\u00ednica Urologia Girona"},"image":{"@id":"https:\/\/urologiagirona.com\/#\/schema\/logo\/image\/"}}]}},"_links":{"self":[{"href":"https:\/\/urologiagirona.com\/es\/wp-json\/wp\/v2\/pages\/637","targetHints":{"allow":["GET"]}}],"collection":[{"href":"https:\/\/urologiagirona.com\/es\/wp-json\/wp\/v2\/pages"}],"about":[{"href":"https:\/\/urologiagirona.com\/es\/wp-json\/wp\/v2\/types\/page"}],"author":[{"embeddable":true,"href":"https:\/\/urologiagirona.com\/es\/wp-json\/wp\/v2\/users\/1"}],"replies":[{"embeddable":true,"href":"https:\/\/urologiagirona.com\/es\/wp-json\/wp\/v2\/comments?post=637"}],"version-history":[{"count":5,"href":"https:\/\/urologiagirona.com\/es\/wp-json\/wp\/v2\/pages\/637\/revisions"}],"predecessor-version":[{"id":704,"href":"https:\/\/urologiagirona.com\/es\/wp-json\/wp\/v2\/pages\/637\/revisions\/704"}],"wp:attachment":[{"href":"https:\/\/urologiagirona.com\/es\/wp-json\/wp\/v2\/media?parent=637"}],"curies":[{"name":"wp","href":"https:\/\/api.w.org\/{rel}","templated":true}]}}