{"id":594,"date":"2021-02-11T12:23:08","date_gmt":"2021-02-11T10:23:08","guid":{"rendered":"https:\/\/urologiagirona.com\/novaweb\/laser-de-prostata\/"},"modified":"2021-03-08T19:40:36","modified_gmt":"2021-03-08T17:40:36","slug":"laser-de-prostata","status":"publish","type":"page","link":"https:\/\/urologiagirona.com\/es\/laser-de-prostata\/","title":{"rendered":"Laser de Pr\u00f3stata"},"content":{"rendered":"\n<p>La introducci\u00f3n del l\u00e1ser en el tratamiento de la HBP ha revolucionado su enfoque. Se puede realizar con diferentes tipos de onda de luz seg\u00fan el efecto que se quiera conseguir sobre el tejido. (L\u00e1ser verde, Holmium, Thulium, Diode). Algunos de ellos permiten la fotovaporizaci\u00f3n de la pr\u00f3stata, como el l\u00e1ser verde. <\/p>\n\n\n\n<p>En Urologia Girona, practicamos la enucleaci\u00f3n de pr\u00f3stata con l\u00e1ser Holmium que permite el tratamiento de las pr\u00f3statas de todos los tama\u00f1os, pero especialmente de las grandes, que anteriormente se ten\u00edan que realizar mediante cirug\u00eda abierta. \u00c9ste tambi\u00e9n nos permite el tratamiento de las litiasis que eventualmente se forman en la vejiga fruto de la obstrucci\u00f3n que causa la pr\u00f3stata sin necesidad de una incisi\u00f3n ni de abrir la vejiga.<\/p>\n\n\n\n<figure class=\"wp-block-image size-large\"><img fetchpriority=\"high\" fetchpriority=\"high\" decoding=\"async\" width=\"1024\" height=\"683\" src=\"https:\/\/urologiagirona.com\/\/wp-content\/uploads\/2020\/11\/laser-de-prostata-1-1024x683.jpg\" alt=\"\" class=\"wp-image-541\" srcset=\"https:\/\/urologiagirona.com\/wp-content\/uploads\/2020\/11\/laser-de-prostata-1-1024x683.jpg 1024w, https:\/\/urologiagirona.com\/wp-content\/uploads\/2020\/11\/laser-de-prostata-1-300x200.jpg 300w, https:\/\/urologiagirona.com\/wp-content\/uploads\/2020\/11\/laser-de-prostata-1-768x512.jpg 768w, https:\/\/urologiagirona.com\/wp-content\/uploads\/2020\/11\/laser-de-prostata-1-1536x1024.jpg 1536w, https:\/\/urologiagirona.com\/wp-content\/uploads\/2020\/11\/laser-de-prostata-1-2048x1365.jpg 2048w, https:\/\/urologiagirona.com\/wp-content\/uploads\/2020\/11\/laser-de-prostata-1-1080x720.jpg 1080w\" sizes=\"(max-width: 1024px) 100vw, 1024px\" \/><figcaption><em> Dr Comet i Dr Boix, ur\u00f3logos en Urologia Girona<\/em><\/figcaption><\/figure>\n\n\n\n<h2 class=\"wp-block-heading\"><strong>Enucleaci\u00f3n Prost\u00e1tica amb l\u00e1ser<\/strong><\/h2>\n\n\n\n<p>Se realiza la misma intervenci\u00f3n que la adenomectom\u00eda retrop\u00fabica v\u00eda abierta pero sin necesidad de incisi\u00f3n en la piel, ya que al emplear el l\u00e1ser nos permite realizar la intervenci\u00f3n a trav\u00e9s de la uretra. Permite tratar pr\u00f3statas de gran volumen. Consigue resultados similares pero con menos p\u00e9rdida de sangre, disminuci\u00f3n de la necesidad de transfusiones, un postoperatorio y retorno a la actividad habitual m\u00e1s r\u00e1pida.<\/p>\n","protected":false},"excerpt":{"rendered":"<p>La introducci\u00f3n del l\u00e1ser en el tratamiento de la HBP ha revolucionado su enfoque. Se puede realizar con diferentes tipos de onda de luz seg\u00fan el efecto que se quiera conseguir sobre el tejido. (L\u00e1ser verde, Holmium, Thulium, Diode). Algunos de ellos permiten la fotovaporizaci\u00f3n de la pr\u00f3stata, como el l\u00e1ser verde. En Urologia Girona, [&hellip;]<\/p>\n","protected":false},"author":1,"featured_media":0,"parent":0,"menu_order":0,"comment_status":"closed","ping_status":"closed","template":"","meta":{"_et_pb_use_builder":"off","_et_pb_old_content":"","_et_gb_content_width":"","footnotes":""},"class_list":["post-594","page","type-page","status-publish","hentry"],"yoast_head":"<!-- This site is optimized with the Yoast SEO plugin v25.8 - https:\/\/yoast.com\/wordpress\/plugins\/seo\/ -->\n<title>Laser de Pr\u00f3stata - Urologia Girona<\/title>\n<meta name=\"robots\" content=\"index, follow, max-snippet:-1, max-image-preview:large, max-video-preview:-1\" \/>\n<link rel=\"canonical\" href=\"https:\/\/urologiagirona.com\/es\/laser-de-prostata\/\" \/>\n<meta property=\"og:locale\" content=\"es_ES\" \/>\n<meta property=\"og:type\" content=\"article\" \/>\n<meta property=\"og:title\" content=\"Laser de Pr\u00f3stata - Urologia Girona\" \/>\n<meta property=\"og:description\" content=\"La introducci\u00f3n del l\u00e1ser en el tratamiento de la HBP ha revolucionado su enfoque. Se puede realizar con diferentes tipos de onda de luz seg\u00fan el efecto que se quiera conseguir sobre el tejido. (L\u00e1ser verde, Holmium, Thulium, Diode). Algunos de ellos permiten la fotovaporizaci\u00f3n de la pr\u00f3stata, como el l\u00e1ser verde. En Urologia Girona, [&hellip;]\" \/>\n<meta property=\"og:url\" content=\"https:\/\/urologiagirona.com\/es\/laser-de-prostata\/\" \/>\n<meta property=\"og:site_name\" content=\"Urologia Girona\" \/>\n<meta property=\"article:modified_time\" content=\"2021-03-08T17:40:36+00:00\" \/>\n<meta property=\"og:image\" content=\"https:\/\/urologiagirona.com\/\/wp-content\/uploads\/2020\/11\/laser-de-prostata-1-1024x683.jpg\" \/>\n<script type=\"application\/ld+json\" class=\"yoast-schema-graph\">{\"@context\":\"https:\/\/schema.org\",\"@graph\":[{\"@type\":\"WebPage\",\"@id\":\"https:\/\/urologiagirona.com\/es\/laser-de-prostata\/\",\"url\":\"https:\/\/urologiagirona.com\/es\/laser-de-prostata\/\",\"name\":\"Laser de Pr\u00f3stata - Urologia Girona\",\"isPartOf\":{\"@id\":\"https:\/\/urologiagirona.com\/#website\"},\"primaryImageOfPage\":{\"@id\":\"https:\/\/urologiagirona.com\/es\/laser-de-prostata\/#primaryimage\"},\"image\":{\"@id\":\"https:\/\/urologiagirona.com\/es\/laser-de-prostata\/#primaryimage\"},\"thumbnailUrl\":\"https:\/\/urologiagirona.com\/\/wp-content\/uploads\/2020\/11\/laser-de-prostata-1-1024x683.jpg\",\"datePublished\":\"2021-02-11T10:23:08+00:00\",\"dateModified\":\"2021-03-08T17:40:36+00:00\",\"breadcrumb\":{\"@id\":\"https:\/\/urologiagirona.com\/es\/laser-de-prostata\/#breadcrumb\"},\"inLanguage\":\"es\",\"potentialAction\":[{\"@type\":\"ReadAction\",\"target\":[\"https:\/\/urologiagirona.com\/es\/laser-de-prostata\/\"]}]},{\"@type\":\"ImageObject\",\"inLanguage\":\"es\",\"@id\":\"https:\/\/urologiagirona.com\/es\/laser-de-prostata\/#primaryimage\",\"url\":\"https:\/\/urologiagirona.com\/\/wp-content\/uploads\/2020\/11\/laser-de-prostata-1-1024x683.jpg\",\"contentUrl\":\"https:\/\/urologiagirona.com\/\/wp-content\/uploads\/2020\/11\/laser-de-prostata-1-1024x683.jpg\"},{\"@type\":\"BreadcrumbList\",\"@id\":\"https:\/\/urologiagirona.com\/es\/laser-de-prostata\/#breadcrumb\",\"itemListElement\":[{\"@type\":\"ListItem\",\"position\":1,\"name\":\"Inici\",\"item\":\"https:\/\/urologiagirona.com\/es\/nueva-home-castellano\/\"},{\"@type\":\"ListItem\",\"position\":2,\"name\":\"Laser de Pr\u00f3stata\"}]},{\"@type\":\"WebSite\",\"@id\":\"https:\/\/urologiagirona.com\/#website\",\"url\":\"https:\/\/urologiagirona.com\/\",\"name\":\"Urologia Girona \/ Cl\u00ednica Urologia Girona\",\"description\":\"Som especialistes en cirurgia rob\u00f2tica i m\u00ednimament invasiva per el tractament de patologia prost\u00e0tica ( l\u00e0ser de pr\u00f2stata, Robot Da Vinci, ter\u00e0pia focal), patologia renal (c\u00e0ncer, litiasis, cirurgia rob\u00f2tica i laparosc\u00f2pia) i vesical (tumors de bufeta).\",\"publisher\":{\"@id\":\"https:\/\/urologiagirona.com\/#organization\"},\"alternateName\":\"Cl\u00ednica Urologia Girona\",\"potentialAction\":[{\"@type\":\"SearchAction\",\"target\":{\"@type\":\"EntryPoint\",\"urlTemplate\":\"https:\/\/urologiagirona.com\/?s={search_term_string}\"},\"query-input\":{\"@type\":\"PropertyValueSpecification\",\"valueRequired\":true,\"valueName\":\"search_term_string\"}}],\"inLanguage\":\"es\"},{\"@type\":\"Organization\",\"@id\":\"https:\/\/urologiagirona.com\/#organization\",\"name\":\"Urologia Girona \/ Cl\u00ednica Urologia Girona\",\"url\":\"https:\/\/urologiagirona.com\/\",\"logo\":{\"@type\":\"ImageObject\",\"inLanguage\":\"es\",\"@id\":\"https:\/\/urologiagirona.com\/#\/schema\/logo\/image\/\",\"url\":\"https:\/\/urologiagirona.com\/wp-content\/uploads\/2020\/11\/logo_urologia_girona.jpg\",\"contentUrl\":\"https:\/\/urologiagirona.com\/wp-content\/uploads\/2020\/11\/logo_urologia_girona.jpg\",\"width\":600,\"height\":341,\"caption\":\"Urologia Girona \/ Cl\u00ednica Urologia Girona\"},\"image\":{\"@id\":\"https:\/\/urologiagirona.com\/#\/schema\/logo\/image\/\"}}]}<\/script>\n<!-- \/ Yoast SEO plugin. -->","yoast_head_json":{"title":"Laser de Pr\u00f3stata - Urologia Girona","robots":{"index":"index","follow":"follow","max-snippet":"max-snippet:-1","max-image-preview":"max-image-preview:large","max-video-preview":"max-video-preview:-1"},"canonical":"https:\/\/urologiagirona.com\/es\/laser-de-prostata\/","og_locale":"es_ES","og_type":"article","og_title":"Laser de Pr\u00f3stata - Urologia Girona","og_description":"La introducci\u00f3n del l\u00e1ser en el tratamiento de la HBP ha revolucionado su enfoque. Se puede realizar con diferentes tipos de onda de luz seg\u00fan el efecto que se quiera conseguir sobre el tejido. (L\u00e1ser verde, Holmium, Thulium, Diode). Algunos de ellos permiten la fotovaporizaci\u00f3n de la pr\u00f3stata, como el l\u00e1ser verde. En Urologia Girona, [&hellip;]","og_url":"https:\/\/urologiagirona.com\/es\/laser-de-prostata\/","og_site_name":"Urologia Girona","article_modified_time":"2021-03-08T17:40:36+00:00","og_image":[{"url":"https:\/\/urologiagirona.com\/\/wp-content\/uploads\/2020\/11\/laser-de-prostata-1-1024x683.jpg","type":"","width":"","height":""}],"schema":{"@context":"https:\/\/schema.org","@graph":[{"@type":"WebPage","@id":"https:\/\/urologiagirona.com\/es\/laser-de-prostata\/","url":"https:\/\/urologiagirona.com\/es\/laser-de-prostata\/","name":"Laser de Pr\u00f3stata - Urologia Girona","isPartOf":{"@id":"https:\/\/urologiagirona.com\/#website"},"primaryImageOfPage":{"@id":"https:\/\/urologiagirona.com\/es\/laser-de-prostata\/#primaryimage"},"image":{"@id":"https:\/\/urologiagirona.com\/es\/laser-de-prostata\/#primaryimage"},"thumbnailUrl":"https:\/\/urologiagirona.com\/\/wp-content\/uploads\/2020\/11\/laser-de-prostata-1-1024x683.jpg","datePublished":"2021-02-11T10:23:08+00:00","dateModified":"2021-03-08T17:40:36+00:00","breadcrumb":{"@id":"https:\/\/urologiagirona.com\/es\/laser-de-prostata\/#breadcrumb"},"inLanguage":"es","potentialAction":[{"@type":"ReadAction","target":["https:\/\/urologiagirona.com\/es\/laser-de-prostata\/"]}]},{"@type":"ImageObject","inLanguage":"es","@id":"https:\/\/urologiagirona.com\/es\/laser-de-prostata\/#primaryimage","url":"https:\/\/urologiagirona.com\/\/wp-content\/uploads\/2020\/11\/laser-de-prostata-1-1024x683.jpg","contentUrl":"https:\/\/urologiagirona.com\/\/wp-content\/uploads\/2020\/11\/laser-de-prostata-1-1024x683.jpg"},{"@type":"BreadcrumbList","@id":"https:\/\/urologiagirona.com\/es\/laser-de-prostata\/#breadcrumb","itemListElement":[{"@type":"ListItem","position":1,"name":"Inici","item":"https:\/\/urologiagirona.com\/es\/nueva-home-castellano\/"},{"@type":"ListItem","position":2,"name":"Laser de Pr\u00f3stata"}]},{"@type":"WebSite","@id":"https:\/\/urologiagirona.com\/#website","url":"https:\/\/urologiagirona.com\/","name":"Urologia Girona \/ Cl\u00ednica Urologia Girona","description":"Som especialistes en cirurgia rob\u00f2tica i m\u00ednimament invasiva per el tractament de patologia prost\u00e0tica ( l\u00e0ser de pr\u00f2stata, Robot Da Vinci, ter\u00e0pia focal), patologia renal (c\u00e0ncer, litiasis, cirurgia rob\u00f2tica i laparosc\u00f2pia) i vesical (tumors de bufeta).","publisher":{"@id":"https:\/\/urologiagirona.com\/#organization"},"alternateName":"Cl\u00ednica Urologia Girona","potentialAction":[{"@type":"SearchAction","target":{"@type":"EntryPoint","urlTemplate":"https:\/\/urologiagirona.com\/?s={search_term_string}"},"query-input":{"@type":"PropertyValueSpecification","valueRequired":true,"valueName":"search_term_string"}}],"inLanguage":"es"},{"@type":"Organization","@id":"https:\/\/urologiagirona.com\/#organization","name":"Urologia Girona \/ Cl\u00ednica Urologia Girona","url":"https:\/\/urologiagirona.com\/","logo":{"@type":"ImageObject","inLanguage":"es","@id":"https:\/\/urologiagirona.com\/#\/schema\/logo\/image\/","url":"https:\/\/urologiagirona.com\/wp-content\/uploads\/2020\/11\/logo_urologia_girona.jpg","contentUrl":"https:\/\/urologiagirona.com\/wp-content\/uploads\/2020\/11\/logo_urologia_girona.jpg","width":600,"height":341,"caption":"Urologia Girona \/ Cl\u00ednica Urologia Girona"},"image":{"@id":"https:\/\/urologiagirona.com\/#\/schema\/logo\/image\/"}}]}},"_links":{"self":[{"href":"https:\/\/urologiagirona.com\/es\/wp-json\/wp\/v2\/pages\/594","targetHints":{"allow":["GET"]}}],"collection":[{"href":"https:\/\/urologiagirona.com\/es\/wp-json\/wp\/v2\/pages"}],"about":[{"href":"https:\/\/urologiagirona.com\/es\/wp-json\/wp\/v2\/types\/page"}],"author":[{"embeddable":true,"href":"https:\/\/urologiagirona.com\/es\/wp-json\/wp\/v2\/users\/1"}],"replies":[{"embeddable":true,"href":"https:\/\/urologiagirona.com\/es\/wp-json\/wp\/v2\/comments?post=594"}],"version-history":[{"count":5,"href":"https:\/\/urologiagirona.com\/es\/wp-json\/wp\/v2\/pages\/594\/revisions"}],"predecessor-version":[{"id":699,"href":"https:\/\/urologiagirona.com\/es\/wp-json\/wp\/v2\/pages\/594\/revisions\/699"}],"wp:attachment":[{"href":"https:\/\/urologiagirona.com\/es\/wp-json\/wp\/v2\/media?parent=594"}],"curies":[{"name":"wp","href":"https:\/\/api.w.org\/{rel}","templated":true}]}}