{"id":591,"date":"2021-02-11T12:15:52","date_gmt":"2021-02-11T10:15:52","guid":{"rendered":"https:\/\/urologiagirona.com\/novaweb\/patologias\/"},"modified":"2021-05-07T11:48:38","modified_gmt":"2021-05-07T09:48:38","slug":"patologias","status":"publish","type":"page","link":"https:\/\/urologiagirona.com\/es\/patologias\/","title":{"rendered":"Patolog\u00edas"},"content":{"rendered":"<p>[et_pb_section fb_built=\u00bb1&#8243; _builder_version=\u00bb4.6.6&#8243; _module_preset=\u00bbdefault\u00bb][et_pb_row _builder_version=\u00bb4.6.6&#8243; _module_preset=\u00bbdefault\u00bb column_structure=\u00bb1_3,1_3,1_3&#8243;][et_pb_column _builder_version=\u00bb4.6.6&#8243; _module_preset=\u00bbdefault\u00bb type=\u00bb1_3&#8243;][et_pb_cta title=\u00bbC\u00e1ncer de Pr\u00f3stata\u00bb button_text=\u00bbM\u00e1s informaci\u00f3n\u00bb _builder_version=\u00bb4.6.6&#8243; _module_preset=\u00bbdefault\u00bb hover_enabled=\u00bb0&#8243; sticky_enabled=\u00bb0&#8243; background_color=\u00bb#0c71c3&#8243; custom_button=\u00bbon\u00bb button_alignment=\u00bbcenter\u00bb button_text_size=\u00bb13px\u00bb button_url=\u00bbhttps:\/\/urologiagirona.com\/\/urologia-general\/oncologia-urologica\/\u00bb button_bg_color=\u00bb#ffffff\u00bb button_bg_enable_color=\u00bbon\u00bb button_text_color=\u00bb#0c71c3&#8243; button_icon=\u00bb%%32%%\u00bb]<\/p>\n<p><span style=\"font-weight: 400;\">El <\/span><b>C\u00e0ncer de pr\u00f2stata<\/b><span style=\"font-weight: 400;\">, \u00e9s una malaltia en qu\u00e8 el c\u00e0ncer es desenvolupa en la gl\u00e0ndula prost\u00e0tica.\u00a0<\/span><span style=\"font-weight: 400;\">Es desenvolupa m\u00e9s freq\u00fcentment en homes d\u2019uns cinquanta anys. En la majoria dels casos es diagnostica a trav\u00e9s de l\u2019examen f\u00edsic o b\u00e9 per an\u00e0lisi&#8230;<\/span><\/p>\n<p>[\/et_pb_cta][\/et_pb_column][et_pb_column _builder_version=\u00bb4.6.6&#8243; _module_preset=\u00bbdefault\u00bb type=\u00bb1_3&#8243;][et_pb_cta title=\u00bbC\u00e1ncer Renal\u00bb button_url=\u00bbhttps:\/\/urologiagirona.com\/\/urologia-general\/oncologia-urologica\/\u00bb button_text=\u00bbM\u00e1s informaci\u00f3n\u00bb _builder_version=\u00bb4.6.6&#8243; _module_preset=\u00bbdefault\u00bb background_color=\u00bb#0c71c3&#8243; custom_button=\u00bbon\u00bb button_text_size=\u00bb13px\u00bb button_text_color=\u00bb#0c71c3&#8243; button_bg_color=\u00bb#ffffff\u00bb button_icon=\u00bb%%32%%\u00bb button_alignment=\u00bbcenter\u00bb hover_enabled=\u00bb0&#8243; sticky_enabled=\u00bb0&#8243;]<\/p>\n<p><b>\u00c9s aquell que es desenvolupa al rony\u00f3.<\/b><span style=\"font-weight: 400;\"> N\u2019hi ha de dos or\u00edgens segons la regi\u00f3 que afecti del rony\u00f3, si s\u2019afecta el sistema col\u2022lector: pelvis calzes, ur\u00e8ter, \u00e9s de al mateix fam\u00edlia que el c\u00e0ncer vesical. Si el seu origen \u00e9s en el par\u00e8nquima renal \u00e9s d\u2019un altre tipus&#8230;<\/span><\/p>\n<p>[\/et_pb_cta][\/et_pb_column][et_pb_column _builder_version=\u00bb4.6.6&#8243; _module_preset=\u00bbdefault\u00bb type=\u00bb1_3&#8243;][et_pb_cta title=\u00bbC\u00e1ncer de Bufeta\u00bb button_url=\u00bbhttps:\/\/urologiagirona.com\/\/urologia-general\/oncologia-urologica\/\u00bb button_text=\u00bbM\u00e1s informaci\u00f3n\u00bb _builder_version=\u00bb4.6.6&#8243; _module_preset=\u00bbdefault\u00bb background_color=\u00bb#0c71c3&#8243; custom_button=\u00bbon\u00bb button_text_size=\u00bb13px\u00bb button_text_color=\u00bb#0c71c3&#8243; button_bg_color=\u00bb#ffffff\u00bb button_icon=\u00bb%%32%%\u00bb button_alignment=\u00bbcenter\u00bb hover_enabled=\u00bb0&#8243; sticky_enabled=\u00bb0&#8243;]<\/p>\n<p><span style=\"font-weight: 400;\">El c\u00e0ncer de bufeta fa refer\u00e8ncia a qualsevol dels diversos tipus de <\/span><b>tumors malignes que s\u2019ubiquen a la bufeta de l\u2019orina.\u00a0<\/b><span style=\"font-weight: 400;\"><b>Es distingeixen el c\u00e0ncer superficial de bufeta i el c\u00e0ncer invasiu o infiltrant.<\/b> Si el c\u00e0ncer \u00e9s superficial&#8230;<\/span><\/p>\n<p>[\/et_pb_cta][\/et_pb_column][\/et_pb_row][et_pb_row _builder_version=\u00bb4.6.6&#8243; _module_preset=\u00bbdefault\u00bb column_structure=\u00bb1_3,1_3,1_3&#8243;][et_pb_column _builder_version=\u00bb4.6.6&#8243; _module_preset=\u00bbdefault\u00bb type=\u00bb1_3&#8243;][et_pb_cta title=\u00bbHiperplasia Benigna de Pr\u00f3stata\u00bb button_url=\u00bbhttps:\/\/urologiagirona.com\/\/urologia-general\/revisions-urologiques-controls-urologics-generals-prostatics-psa\/\u00bb button_text=\u00bbM\u00e1s informaci\u00f3n\u00bb _builder_version=\u00bb4.6.6&#8243; _module_preset=\u00bbdefault\u00bb background_color=\u00bb#0c71c3&#8243; custom_button=\u00bbon\u00bb button_text_size=\u00bb13px\u00bb button_text_color=\u00bb#0c71c3&#8243; button_bg_color=\u00bb#ffffff\u00bb button_icon=\u00bb%%32%%\u00bb button_alignment=\u00bbcenter\u00bb hover_enabled=\u00bb0&#8243; sticky_enabled=\u00bb0&#8243;]<\/p>\n<p><span style=\"font-weight: 400;\">La Hiperpl\u00e0sia Benigna de pr\u00f2stata (HBP) <\/span><b>consisteix en un creixement excessiu en la mida de la gl\u00e0ndula prost\u00e0tica<\/b><span style=\"font-weight: 400;\">. \u00c9s molt com\u00fa en els homes a partir de 60 anys.\u00a0Pot produir coma simptomatologia: dificultat per a la micci\u00f3, Sensaci\u00f3 de buidatge incomplet&#8230;<\/span><\/p>\n<p>[\/et_pb_cta][\/et_pb_column][et_pb_column _builder_version=\u00bb4.6.6&#8243; _module_preset=\u00bbdefault\u00bb type=\u00bb1_3&#8243;][et_pb_cta title=\u00bbLitiasis\u00bb button_url=\u00bbhttps:\/\/urologiagirona.com\/\/urologia-general\/litiasis\/\u00bb button_text=\u00bbM\u00e1s informaci\u00f3n\u00bb _builder_version=\u00bb4.6.6&#8243; _module_preset=\u00bbdefault\u00bb background_color=\u00bb#0c71c3&#8243; custom_button=\u00bbon\u00bb button_text_size=\u00bb13px\u00bb button_text_color=\u00bb#0c71c3&#8243; button_bg_color=\u00bb#ffffff\u00bb button_icon=\u00bb%%32%%\u00bb button_alignment=\u00bbcenter\u00bb hover_enabled=\u00bb0&#8243; sticky_enabled=\u00bb0&#8243;]<\/p>\n<p><span style=\"font-weight: 400;\">Les litiasis es generen el tracte urinari fru\u00eft d\u2019una sobresaturaci\u00f3 de determinats soluts en la orina (oxalat, calci, fosfat, \u00e0cid \u00faric entre d\u2019altres). El quadre cl\u00ednic que produeixen m\u00e9s freq\u00fcentment i que \u00e9s motiu de consulta, \u00e9s el <\/span><b>c\u00f2lic nefr\u00edtic.\u00a0<span>Aquest es caracteritza per un dolor lumbar&#8230;<\/span><\/b><\/p>\n<p>[\/et_pb_cta][\/et_pb_column][et_pb_column _builder_version=\u00bb4.6.6&#8243; _module_preset=\u00bbdefault\u00bb type=\u00bb1_3&#8243;][et_pb_cta title=\u00bbIncontinencia de orina\u00bb button_url=\u00bbhttps:\/\/urologiagirona.com\/\/urologia-general\/incontinencia-dorina\/\u00bb button_text=\u00bbM\u00e1s informaci\u00f3n\u00bb _builder_version=\u00bb4.6.6&#8243; _module_preset=\u00bbdefault\u00bb background_color=\u00bb#0c71c3&#8243; custom_button=\u00bbon\u00bb button_text_size=\u00bb13px\u00bb button_text_color=\u00bb#0c71c3&#8243; button_bg_color=\u00bb#ffffff\u00bb button_icon=\u00bb%%32%%\u00bb button_alignment=\u00bbcenter\u00bb hover_enabled=\u00bb0&#8243; sticky_enabled=\u00bb0&#8243;]<\/p>\n<p><span style=\"font-weight: 400;\">Es defineix com la incapacitat d\u2019evitar la emissi\u00f3 d\u2019orina quan no es vol o no espot orinar.\u00a0<\/span><span style=\"font-weight: 400;\">N\u2019hi ha de diversos tipus; d&#8217;esfor\u00e7, d&#8217;urg\u00e8ncia i mixta.\u00a0<\/span><span style=\"font-weight: 400;\">Per el seu \u00f2ptim diagn\u00f2stic, \u00e9s imperatiu realitzar una bona anamnesis i exploraci\u00f3 f\u00edsica i neurol\u00f2gica&#8230;<\/span><\/p>\n<p>[\/et_pb_cta][\/et_pb_column][\/et_pb_row][\/et_pb_section]<\/p>\n","protected":false},"excerpt":{"rendered":"<p>El C\u00e0ncer de pr\u00f2stata, \u00e9s una malaltia en qu\u00e8 el c\u00e0ncer es desenvolupa en la gl\u00e0ndula prost\u00e0tica.\u00a0Es desenvolupa m\u00e9s freq\u00fcentment en homes d\u2019uns cinquanta anys. En la majoria dels casos es diagnostica a trav\u00e9s de l\u2019examen f\u00edsic o b\u00e9 per an\u00e0lisi&#8230; \u00c9s aquell que es desenvolupa al rony\u00f3. N\u2019hi ha de dos or\u00edgens segons la [&hellip;]<\/p>\n","protected":false},"author":1,"featured_media":0,"parent":0,"menu_order":0,"comment_status":"closed","ping_status":"closed","template":"","meta":{"_et_pb_use_builder":"on","_et_pb_old_content":"","_et_gb_content_width":"","footnotes":""},"class_list":["post-591","page","type-page","status-publish","hentry"],"yoast_head":"<!-- This site is optimized with the Yoast SEO plugin v25.8 - https:\/\/yoast.com\/wordpress\/plugins\/seo\/ -->\n<title>Patolog\u00edas - Urologia Girona<\/title>\n<meta name=\"robots\" content=\"index, follow, max-snippet:-1, max-image-preview:large, max-video-preview:-1\" \/>\n<link rel=\"canonical\" href=\"https:\/\/urologiagirona.com\/es\/patologias\/\" \/>\n<meta property=\"og:locale\" content=\"es_ES\" \/>\n<meta property=\"og:type\" content=\"article\" \/>\n<meta property=\"og:title\" content=\"Patolog\u00edas - Urologia Girona\" \/>\n<meta property=\"og:description\" content=\"El C\u00e0ncer de pr\u00f2stata, \u00e9s una malaltia en qu\u00e8 el c\u00e0ncer es desenvolupa en la gl\u00e0ndula prost\u00e0tica.\u00a0Es desenvolupa m\u00e9s freq\u00fcentment en homes d\u2019uns cinquanta anys. En la majoria dels casos es diagnostica a trav\u00e9s de l\u2019examen f\u00edsic o b\u00e9 per an\u00e0lisi... \u00c9s aquell que es desenvolupa al rony\u00f3. N\u2019hi ha de dos or\u00edgens segons la [&hellip;]\" \/>\n<meta property=\"og:url\" content=\"https:\/\/urologiagirona.com\/es\/patologias\/\" \/>\n<meta property=\"og:site_name\" content=\"Urologia Girona\" \/>\n<meta property=\"article:modified_time\" content=\"2021-05-07T09:48:38+00:00\" \/>\n<meta property=\"og:image\" content=\"https:\/\/urologiagirona.com\/wp-content\/uploads\/2020\/11\/logo_urologia_girona.jpg\" \/>\n\t<meta property=\"og:image:width\" content=\"600\" \/>\n\t<meta property=\"og:image:height\" content=\"341\" \/>\n\t<meta property=\"og:image:type\" content=\"image\/jpeg\" \/>\n<script type=\"application\/ld+json\" class=\"yoast-schema-graph\">{\"@context\":\"https:\/\/schema.org\",\"@graph\":[{\"@type\":\"WebPage\",\"@id\":\"https:\/\/urologiagirona.com\/es\/patologias\/\",\"url\":\"https:\/\/urologiagirona.com\/es\/patologias\/\",\"name\":\"Patolog\u00edas - Urologia Girona\",\"isPartOf\":{\"@id\":\"https:\/\/urologiagirona.com\/#website\"},\"datePublished\":\"2021-02-11T10:15:52+00:00\",\"dateModified\":\"2021-05-07T09:48:38+00:00\",\"breadcrumb\":{\"@id\":\"https:\/\/urologiagirona.com\/es\/patologias\/#breadcrumb\"},\"inLanguage\":\"es\",\"potentialAction\":[{\"@type\":\"ReadAction\",\"target\":[\"https:\/\/urologiagirona.com\/es\/patologias\/\"]}]},{\"@type\":\"BreadcrumbList\",\"@id\":\"https:\/\/urologiagirona.com\/es\/patologias\/#breadcrumb\",\"itemListElement\":[{\"@type\":\"ListItem\",\"position\":1,\"name\":\"Inici\",\"item\":\"https:\/\/urologiagirona.com\/es\/nueva-home-castellano\/\"},{\"@type\":\"ListItem\",\"position\":2,\"name\":\"Patolog\u00edas\"}]},{\"@type\":\"WebSite\",\"@id\":\"https:\/\/urologiagirona.com\/#website\",\"url\":\"https:\/\/urologiagirona.com\/\",\"name\":\"Urologia Girona \/ Cl\u00ednica Urologia Girona\",\"description\":\"Som especialistes en cirurgia rob\u00f2tica i m\u00ednimament invasiva per el tractament de patologia prost\u00e0tica ( l\u00e0ser de pr\u00f2stata, Robot Da Vinci, ter\u00e0pia focal), patologia renal (c\u00e0ncer, litiasis, cirurgia rob\u00f2tica i laparosc\u00f2pia) i vesical (tumors de bufeta).\",\"publisher\":{\"@id\":\"https:\/\/urologiagirona.com\/#organization\"},\"alternateName\":\"Cl\u00ednica Urologia Girona\",\"potentialAction\":[{\"@type\":\"SearchAction\",\"target\":{\"@type\":\"EntryPoint\",\"urlTemplate\":\"https:\/\/urologiagirona.com\/?s={search_term_string}\"},\"query-input\":{\"@type\":\"PropertyValueSpecification\",\"valueRequired\":true,\"valueName\":\"search_term_string\"}}],\"inLanguage\":\"es\"},{\"@type\":\"Organization\",\"@id\":\"https:\/\/urologiagirona.com\/#organization\",\"name\":\"Urologia Girona \/ Cl\u00ednica Urologia Girona\",\"url\":\"https:\/\/urologiagirona.com\/\",\"logo\":{\"@type\":\"ImageObject\",\"inLanguage\":\"es\",\"@id\":\"https:\/\/urologiagirona.com\/#\/schema\/logo\/image\/\",\"url\":\"https:\/\/urologiagirona.com\/wp-content\/uploads\/2020\/11\/logo_urologia_girona.jpg\",\"contentUrl\":\"https:\/\/urologiagirona.com\/wp-content\/uploads\/2020\/11\/logo_urologia_girona.jpg\",\"width\":600,\"height\":341,\"caption\":\"Urologia Girona \/ Cl\u00ednica Urologia Girona\"},\"image\":{\"@id\":\"https:\/\/urologiagirona.com\/#\/schema\/logo\/image\/\"}}]}<\/script>\n<!-- \/ Yoast SEO plugin. -->","yoast_head_json":{"title":"Patolog\u00edas - Urologia Girona","robots":{"index":"index","follow":"follow","max-snippet":"max-snippet:-1","max-image-preview":"max-image-preview:large","max-video-preview":"max-video-preview:-1"},"canonical":"https:\/\/urologiagirona.com\/es\/patologias\/","og_locale":"es_ES","og_type":"article","og_title":"Patolog\u00edas - Urologia Girona","og_description":"El C\u00e0ncer de pr\u00f2stata, \u00e9s una malaltia en qu\u00e8 el c\u00e0ncer es desenvolupa en la gl\u00e0ndula prost\u00e0tica.\u00a0Es desenvolupa m\u00e9s freq\u00fcentment en homes d\u2019uns cinquanta anys. En la majoria dels casos es diagnostica a trav\u00e9s de l\u2019examen f\u00edsic o b\u00e9 per an\u00e0lisi... \u00c9s aquell que es desenvolupa al rony\u00f3. N\u2019hi ha de dos or\u00edgens segons la [&hellip;]","og_url":"https:\/\/urologiagirona.com\/es\/patologias\/","og_site_name":"Urologia Girona","article_modified_time":"2021-05-07T09:48:38+00:00","og_image":[{"width":600,"height":341,"url":"https:\/\/urologiagirona.com\/wp-content\/uploads\/2020\/11\/logo_urologia_girona.jpg","type":"image\/jpeg"}],"schema":{"@context":"https:\/\/schema.org","@graph":[{"@type":"WebPage","@id":"https:\/\/urologiagirona.com\/es\/patologias\/","url":"https:\/\/urologiagirona.com\/es\/patologias\/","name":"Patolog\u00edas - Urologia Girona","isPartOf":{"@id":"https:\/\/urologiagirona.com\/#website"},"datePublished":"2021-02-11T10:15:52+00:00","dateModified":"2021-05-07T09:48:38+00:00","breadcrumb":{"@id":"https:\/\/urologiagirona.com\/es\/patologias\/#breadcrumb"},"inLanguage":"es","potentialAction":[{"@type":"ReadAction","target":["https:\/\/urologiagirona.com\/es\/patologias\/"]}]},{"@type":"BreadcrumbList","@id":"https:\/\/urologiagirona.com\/es\/patologias\/#breadcrumb","itemListElement":[{"@type":"ListItem","position":1,"name":"Inici","item":"https:\/\/urologiagirona.com\/es\/nueva-home-castellano\/"},{"@type":"ListItem","position":2,"name":"Patolog\u00edas"}]},{"@type":"WebSite","@id":"https:\/\/urologiagirona.com\/#website","url":"https:\/\/urologiagirona.com\/","name":"Urologia Girona \/ Cl\u00ednica Urologia Girona","description":"Som especialistes en cirurgia rob\u00f2tica i m\u00ednimament invasiva per el tractament de patologia prost\u00e0tica ( l\u00e0ser de pr\u00f2stata, Robot Da Vinci, ter\u00e0pia focal), patologia renal (c\u00e0ncer, litiasis, cirurgia rob\u00f2tica i laparosc\u00f2pia) i vesical (tumors de bufeta).","publisher":{"@id":"https:\/\/urologiagirona.com\/#organization"},"alternateName":"Cl\u00ednica Urologia Girona","potentialAction":[{"@type":"SearchAction","target":{"@type":"EntryPoint","urlTemplate":"https:\/\/urologiagirona.com\/?s={search_term_string}"},"query-input":{"@type":"PropertyValueSpecification","valueRequired":true,"valueName":"search_term_string"}}],"inLanguage":"es"},{"@type":"Organization","@id":"https:\/\/urologiagirona.com\/#organization","name":"Urologia Girona \/ Cl\u00ednica Urologia Girona","url":"https:\/\/urologiagirona.com\/","logo":{"@type":"ImageObject","inLanguage":"es","@id":"https:\/\/urologiagirona.com\/#\/schema\/logo\/image\/","url":"https:\/\/urologiagirona.com\/wp-content\/uploads\/2020\/11\/logo_urologia_girona.jpg","contentUrl":"https:\/\/urologiagirona.com\/wp-content\/uploads\/2020\/11\/logo_urologia_girona.jpg","width":600,"height":341,"caption":"Urologia Girona \/ Cl\u00ednica Urologia Girona"},"image":{"@id":"https:\/\/urologiagirona.com\/#\/schema\/logo\/image\/"}}]}},"_links":{"self":[{"href":"https:\/\/urologiagirona.com\/es\/wp-json\/wp\/v2\/pages\/591","targetHints":{"allow":["GET"]}}],"collection":[{"href":"https:\/\/urologiagirona.com\/es\/wp-json\/wp\/v2\/pages"}],"about":[{"href":"https:\/\/urologiagirona.com\/es\/wp-json\/wp\/v2\/types\/page"}],"author":[{"embeddable":true,"href":"https:\/\/urologiagirona.com\/es\/wp-json\/wp\/v2\/users\/1"}],"replies":[{"embeddable":true,"href":"https:\/\/urologiagirona.com\/es\/wp-json\/wp\/v2\/comments?post=591"}],"version-history":[{"count":8,"href":"https:\/\/urologiagirona.com\/es\/wp-json\/wp\/v2\/pages\/591\/revisions"}],"predecessor-version":[{"id":812,"href":"https:\/\/urologiagirona.com\/es\/wp-json\/wp\/v2\/pages\/591\/revisions\/812"}],"wp:attachment":[{"href":"https:\/\/urologiagirona.com\/es\/wp-json\/wp\/v2\/media?parent=591"}],"curies":[{"name":"wp","href":"https:\/\/api.w.org\/{rel}","templated":true}]}}