{"id":589,"date":"2021-02-11T12:13:41","date_gmt":"2021-02-11T10:13:41","guid":{"rendered":"https:\/\/urologiagirona.com\/novaweb\/biopsia-por-fusion-i-terapia-focal\/"},"modified":"2021-03-09T10:56:27","modified_gmt":"2021-03-09T08:56:27","slug":"biopsia-por-fusion-i-terapia-focal","status":"publish","type":"page","link":"https:\/\/urologiagirona.com\/es\/biopsia-por-fusion-i-terapia-focal\/","title":{"rendered":"Biopsia por fusi\u00f3n y Terapia Focal"},"content":{"rendered":"\n<p><strong>La Biopsia por fusi\u00f3n es un procedimiento m\u00ednimamente invasivo que, mediante un software de fusi\u00f3n combina las im\u00e1genes extra\u00eddas de la RMN multipar\u00e1metro con los obtenidos de la ecograf\u00eda en tiempo real.<\/strong><\/p>\n\n\n\n<p><strong>El resultado es una imagen 3D de la gl\u00e1ndula prost\u00e1tica<\/strong>, en la que se pueden localizar con exactitud las lesiones sospechosas de CaP, haciendo posible una biopsia dirigida m\u00e1s precisa y una planificaci\u00f3n de tratamiento m\u00e1s personalizado, como por ejemplo, la Terapia Focal.<\/p>\n\n\n\n<p>La Terapia Focal ofrece un tratamiento activo sobre el CaP localizado, con una disminuci\u00f3n de la morbilidad, ya que se limita a tratar una parte de la pr\u00f3stata (hemiablaci\u00f3n) o la lesi\u00f3n dominante, <strong>respetando el resto de la gl\u00e1ndula prost\u00e1tica y las estructuras neurovasculares y esfinterianas.<\/strong><\/p>\n","protected":false},"excerpt":{"rendered":"<p>La Biopsia por fusi\u00f3n es un procedimiento m\u00ednimamente invasivo que, mediante un software de fusi\u00f3n combina las im\u00e1genes extra\u00eddas de la RMN multipar\u00e1metro con los obtenidos de la ecograf\u00eda en tiempo real. El resultado es una imagen 3D de la gl\u00e1ndula prost\u00e1tica, en la que se pueden localizar con exactitud las lesiones sospechosas de CaP, [&hellip;]<\/p>\n","protected":false},"author":1,"featured_media":0,"parent":0,"menu_order":0,"comment_status":"closed","ping_status":"closed","template":"","meta":{"_et_pb_use_builder":"off","_et_pb_old_content":"","_et_gb_content_width":"","footnotes":""},"class_list":["post-589","page","type-page","status-publish","hentry"],"yoast_head":"<!-- This site is optimized with the Yoast SEO plugin v25.8 - https:\/\/yoast.com\/wordpress\/plugins\/seo\/ -->\n<title>Biopsia por fusi\u00f3n y Terapia Focal - Urologia Girona<\/title>\n<meta name=\"robots\" content=\"index, follow, max-snippet:-1, max-image-preview:large, max-video-preview:-1\" \/>\n<link rel=\"canonical\" href=\"https:\/\/urologiagirona.com\/es\/biopsia-por-fusion-i-terapia-focal\/\" \/>\n<meta property=\"og:locale\" content=\"es_ES\" \/>\n<meta property=\"og:type\" content=\"article\" \/>\n<meta property=\"og:title\" content=\"Biopsia por fusi\u00f3n y Terapia Focal - Urologia Girona\" \/>\n<meta property=\"og:description\" content=\"La Biopsia por fusi\u00f3n es un procedimiento m\u00ednimamente invasivo que, mediante un software de fusi\u00f3n combina las im\u00e1genes extra\u00eddas de la RMN multipar\u00e1metro con los obtenidos de la ecograf\u00eda en tiempo real. El resultado es una imagen 3D de la gl\u00e1ndula prost\u00e1tica, en la que se pueden localizar con exactitud las lesiones sospechosas de CaP, [&hellip;]\" \/>\n<meta property=\"og:url\" content=\"https:\/\/urologiagirona.com\/es\/biopsia-por-fusion-i-terapia-focal\/\" \/>\n<meta property=\"og:site_name\" content=\"Urologia Girona\" \/>\n<meta property=\"article:modified_time\" content=\"2021-03-09T08:56:27+00:00\" \/>\n<meta property=\"og:image\" content=\"https:\/\/urologiagirona.com\/wp-content\/uploads\/2020\/11\/logo_urologia_girona.jpg\" \/>\n\t<meta property=\"og:image:width\" content=\"600\" \/>\n\t<meta property=\"og:image:height\" content=\"341\" \/>\n\t<meta property=\"og:image:type\" content=\"image\/jpeg\" \/>\n<script type=\"application\/ld+json\" class=\"yoast-schema-graph\">{\"@context\":\"https:\/\/schema.org\",\"@graph\":[{\"@type\":\"WebPage\",\"@id\":\"https:\/\/urologiagirona.com\/es\/biopsia-por-fusion-i-terapia-focal\/\",\"url\":\"https:\/\/urologiagirona.com\/es\/biopsia-por-fusion-i-terapia-focal\/\",\"name\":\"Biopsia por fusi\u00f3n y Terapia Focal - Urologia Girona\",\"isPartOf\":{\"@id\":\"https:\/\/urologiagirona.com\/#website\"},\"datePublished\":\"2021-02-11T10:13:41+00:00\",\"dateModified\":\"2021-03-09T08:56:27+00:00\",\"breadcrumb\":{\"@id\":\"https:\/\/urologiagirona.com\/es\/biopsia-por-fusion-i-terapia-focal\/#breadcrumb\"},\"inLanguage\":\"es\",\"potentialAction\":[{\"@type\":\"ReadAction\",\"target\":[\"https:\/\/urologiagirona.com\/es\/biopsia-por-fusion-i-terapia-focal\/\"]}]},{\"@type\":\"BreadcrumbList\",\"@id\":\"https:\/\/urologiagirona.com\/es\/biopsia-por-fusion-i-terapia-focal\/#breadcrumb\",\"itemListElement\":[{\"@type\":\"ListItem\",\"position\":1,\"name\":\"Inici\",\"item\":\"https:\/\/urologiagirona.com\/es\/nueva-home-castellano\/\"},{\"@type\":\"ListItem\",\"position\":2,\"name\":\"Biopsia por fusi\u00f3n y Terapia Focal\"}]},{\"@type\":\"WebSite\",\"@id\":\"https:\/\/urologiagirona.com\/#website\",\"url\":\"https:\/\/urologiagirona.com\/\",\"name\":\"Urologia Girona \/ Cl\u00ednica Urologia Girona\",\"description\":\"Som especialistes en cirurgia rob\u00f2tica i m\u00ednimament invasiva per el tractament de patologia prost\u00e0tica ( l\u00e0ser de pr\u00f2stata, Robot Da Vinci, ter\u00e0pia focal), patologia renal (c\u00e0ncer, litiasis, cirurgia rob\u00f2tica i laparosc\u00f2pia) i vesical (tumors de bufeta).\",\"publisher\":{\"@id\":\"https:\/\/urologiagirona.com\/#organization\"},\"alternateName\":\"Cl\u00ednica Urologia Girona\",\"potentialAction\":[{\"@type\":\"SearchAction\",\"target\":{\"@type\":\"EntryPoint\",\"urlTemplate\":\"https:\/\/urologiagirona.com\/?s={search_term_string}\"},\"query-input\":{\"@type\":\"PropertyValueSpecification\",\"valueRequired\":true,\"valueName\":\"search_term_string\"}}],\"inLanguage\":\"es\"},{\"@type\":\"Organization\",\"@id\":\"https:\/\/urologiagirona.com\/#organization\",\"name\":\"Urologia Girona \/ Cl\u00ednica Urologia Girona\",\"url\":\"https:\/\/urologiagirona.com\/\",\"logo\":{\"@type\":\"ImageObject\",\"inLanguage\":\"es\",\"@id\":\"https:\/\/urologiagirona.com\/#\/schema\/logo\/image\/\",\"url\":\"https:\/\/urologiagirona.com\/wp-content\/uploads\/2020\/11\/logo_urologia_girona.jpg\",\"contentUrl\":\"https:\/\/urologiagirona.com\/wp-content\/uploads\/2020\/11\/logo_urologia_girona.jpg\",\"width\":600,\"height\":341,\"caption\":\"Urologia Girona \/ Cl\u00ednica Urologia Girona\"},\"image\":{\"@id\":\"https:\/\/urologiagirona.com\/#\/schema\/logo\/image\/\"}}]}<\/script>\n<!-- \/ Yoast SEO plugin. -->","yoast_head_json":{"title":"Biopsia por fusi\u00f3n y Terapia Focal - Urologia Girona","robots":{"index":"index","follow":"follow","max-snippet":"max-snippet:-1","max-image-preview":"max-image-preview:large","max-video-preview":"max-video-preview:-1"},"canonical":"https:\/\/urologiagirona.com\/es\/biopsia-por-fusion-i-terapia-focal\/","og_locale":"es_ES","og_type":"article","og_title":"Biopsia por fusi\u00f3n y Terapia Focal - Urologia Girona","og_description":"La Biopsia por fusi\u00f3n es un procedimiento m\u00ednimamente invasivo que, mediante un software de fusi\u00f3n combina las im\u00e1genes extra\u00eddas de la RMN multipar\u00e1metro con los obtenidos de la ecograf\u00eda en tiempo real. El resultado es una imagen 3D de la gl\u00e1ndula prost\u00e1tica, en la que se pueden localizar con exactitud las lesiones sospechosas de CaP, [&hellip;]","og_url":"https:\/\/urologiagirona.com\/es\/biopsia-por-fusion-i-terapia-focal\/","og_site_name":"Urologia Girona","article_modified_time":"2021-03-09T08:56:27+00:00","og_image":[{"width":600,"height":341,"url":"https:\/\/urologiagirona.com\/wp-content\/uploads\/2020\/11\/logo_urologia_girona.jpg","type":"image\/jpeg"}],"schema":{"@context":"https:\/\/schema.org","@graph":[{"@type":"WebPage","@id":"https:\/\/urologiagirona.com\/es\/biopsia-por-fusion-i-terapia-focal\/","url":"https:\/\/urologiagirona.com\/es\/biopsia-por-fusion-i-terapia-focal\/","name":"Biopsia por fusi\u00f3n y Terapia Focal - Urologia Girona","isPartOf":{"@id":"https:\/\/urologiagirona.com\/#website"},"datePublished":"2021-02-11T10:13:41+00:00","dateModified":"2021-03-09T08:56:27+00:00","breadcrumb":{"@id":"https:\/\/urologiagirona.com\/es\/biopsia-por-fusion-i-terapia-focal\/#breadcrumb"},"inLanguage":"es","potentialAction":[{"@type":"ReadAction","target":["https:\/\/urologiagirona.com\/es\/biopsia-por-fusion-i-terapia-focal\/"]}]},{"@type":"BreadcrumbList","@id":"https:\/\/urologiagirona.com\/es\/biopsia-por-fusion-i-terapia-focal\/#breadcrumb","itemListElement":[{"@type":"ListItem","position":1,"name":"Inici","item":"https:\/\/urologiagirona.com\/es\/nueva-home-castellano\/"},{"@type":"ListItem","position":2,"name":"Biopsia por fusi\u00f3n y Terapia Focal"}]},{"@type":"WebSite","@id":"https:\/\/urologiagirona.com\/#website","url":"https:\/\/urologiagirona.com\/","name":"Urologia Girona \/ Cl\u00ednica Urologia Girona","description":"Som especialistes en cirurgia rob\u00f2tica i m\u00ednimament invasiva per el tractament de patologia prost\u00e0tica ( l\u00e0ser de pr\u00f2stata, Robot Da Vinci, ter\u00e0pia focal), patologia renal (c\u00e0ncer, litiasis, cirurgia rob\u00f2tica i laparosc\u00f2pia) i vesical (tumors de bufeta).","publisher":{"@id":"https:\/\/urologiagirona.com\/#organization"},"alternateName":"Cl\u00ednica Urologia Girona","potentialAction":[{"@type":"SearchAction","target":{"@type":"EntryPoint","urlTemplate":"https:\/\/urologiagirona.com\/?s={search_term_string}"},"query-input":{"@type":"PropertyValueSpecification","valueRequired":true,"valueName":"search_term_string"}}],"inLanguage":"es"},{"@type":"Organization","@id":"https:\/\/urologiagirona.com\/#organization","name":"Urologia Girona \/ Cl\u00ednica Urologia Girona","url":"https:\/\/urologiagirona.com\/","logo":{"@type":"ImageObject","inLanguage":"es","@id":"https:\/\/urologiagirona.com\/#\/schema\/logo\/image\/","url":"https:\/\/urologiagirona.com\/wp-content\/uploads\/2020\/11\/logo_urologia_girona.jpg","contentUrl":"https:\/\/urologiagirona.com\/wp-content\/uploads\/2020\/11\/logo_urologia_girona.jpg","width":600,"height":341,"caption":"Urologia Girona \/ Cl\u00ednica Urologia Girona"},"image":{"@id":"https:\/\/urologiagirona.com\/#\/schema\/logo\/image\/"}}]}},"_links":{"self":[{"href":"https:\/\/urologiagirona.com\/es\/wp-json\/wp\/v2\/pages\/589","targetHints":{"allow":["GET"]}}],"collection":[{"href":"https:\/\/urologiagirona.com\/es\/wp-json\/wp\/v2\/pages"}],"about":[{"href":"https:\/\/urologiagirona.com\/es\/wp-json\/wp\/v2\/types\/page"}],"author":[{"embeddable":true,"href":"https:\/\/urologiagirona.com\/es\/wp-json\/wp\/v2\/users\/1"}],"replies":[{"embeddable":true,"href":"https:\/\/urologiagirona.com\/es\/wp-json\/wp\/v2\/comments?post=589"}],"version-history":[{"count":2,"href":"https:\/\/urologiagirona.com\/es\/wp-json\/wp\/v2\/pages\/589\/revisions"}],"predecessor-version":[{"id":711,"href":"https:\/\/urologiagirona.com\/es\/wp-json\/wp\/v2\/pages\/589\/revisions\/711"}],"wp:attachment":[{"href":"https:\/\/urologiagirona.com\/es\/wp-json\/wp\/v2\/media?parent=589"}],"curies":[{"name":"wp","href":"https:\/\/api.w.org\/{rel}","templated":true}]}}