{"id":986,"date":"2021-05-28T12:01:20","date_gmt":"2021-05-28T10:01:20","guid":{"rendered":"https:\/\/urologiagirona.com\/home\/"},"modified":"2023-08-28T11:53:51","modified_gmt":"2023-08-28T09:53:51","slug":"home","status":"publish","type":"page","link":"https:\/\/urologiagirona.com\/en\/home\/","title":{"rendered":"Home"},"content":{"rendered":"<p>[et_pb_section fb_built=&#8221;1&#8243; _builder_version=&#8221;4.6.6&#8243; _module_preset=&#8221;default&#8221; background_color=&#8221;#EBFAFE&#8221; custom_padding=&#8221;0px||||false|false&#8221;][et_pb_row _builder_version=&#8221;4.9.0&#8243; _module_preset=&#8221;default&#8221; custom_padding=&#8221;0px||0px|||&#8221; hover_enabled=&#8221;0&#8243; sticky_enabled=&#8221;0&#8243; width_last_edited=&#8221;on|phone&#8221; width_phone=&#8221;100%&#8221;][et_pb_column type=&#8221;4_4&#8243; _builder_version=&#8221;4.6.6&#8243; _module_preset=&#8221;default&#8221;][et_pb_slider use_bg_overlay=&#8221;off&#8221; _builder_version=&#8221;4.9.0&#8243; _module_preset=&#8221;default&#8221; hover_enabled=&#8221;0&#8243; width_last_edited=&#8221;on|phone&#8221; width_phone=&#8221;&#8221; height=&#8221;429px&#8221; sticky_enabled=&#8221;0&#8243;][et_pb_slide heading=&#8221;Urologia Girona&#8221; button_text=&#8221;Our services&#8221; button_link=&#8221;https:\/\/urologiagirona.com\/en\/urological-oncology\/&#8221; use_bg_overlay=&#8221;off&#8221; use_text_overlay=&#8221;on&#8221; text_overlay_color=&#8221;rgba(12,153,214,0.13)&#8221; text_border_radius=&#8221;0px&#8221; _builder_version=&#8221;4.9.0&#8243; _module_preset=&#8221;default&#8221; header_level=&#8221;h2&#8243; header_font=&#8221;Alata||||||||&#8221; header_font_size=&#8221;63px&#8221; body_font=&#8221;Alata||||||||&#8221; body_font_size=&#8221;29px&#8221; background_image=&#8221;https:\/\/urologiagirona.com\/\/wp-content\/uploads\/2020\/11\/slider_1.jpg&#8221; background_enable_image=&#8221;on&#8221; custom_button=&#8221;on&#8221; button_bg_color=&#8221;#1d89d6&#8243; button_border_width=&#8221;0px&#8221; button_border_radius=&#8221;20px&#8221; button_letter_spacing=&#8221;0px&#8221; button_alignment=&#8221;right&#8221; text_orientation=&#8221;right&#8221; width=&#8221;100%&#8221; custom_padding=&#8221;|||0px|false|false&#8221; header_text_shadow_style=&#8221;preset2&#8243; header_text_shadow_horizontal_length=&#8221;0.07em&#8221; header_text_shadow_vertical_length=&#8221;0.03em&#8221; body_text_shadow_style=&#8221;preset1&#8243; text_shadow_style=&#8221;preset1&#8243; sticky_transition=&#8221;on&#8221;]Your health is in our hands[\/et_pb_slide][et_pb_slide heading=&#8221;Experience&#8221; button_text=&#8221;Consult our team&#8221; button_link=&#8221;https:\/\/urologiagirona.com\/en\/about-us\/&#8221; use_bg_overlay=&#8221;off&#8221; use_text_overlay=&#8221;on&#8221; text_overlay_color=&#8221;rgba(12,153,214,0.13)&#8221; text_border_radius=&#8221;0px&#8221; _builder_version=&#8221;4.9.0&#8243; _module_preset=&#8221;default&#8221; header_level=&#8221;h2&#8243; header_font=&#8221;Alata||||||||&#8221; header_font_size=&#8221;63px&#8221; body_font=&#8221;Alata||||||||&#8221; body_font_size=&#8221;29px&#8221; background_image=&#8221;https:\/\/urologiagirona.com\/\/wp-content\/uploads\/2020\/11\/equip.jpg&#8221; background_enable_image=&#8221;on&#8221; custom_button=&#8221;on&#8221; button_text_color=&#8221;#ffffff&#8221; button_bg_color=&#8221;#0c71c3&#8243; button_border_width=&#8221;0px&#8221; button_border_radius=&#8221;19px&#8221; button_letter_spacing=&#8221;0px&#8221; button_font=&#8221;ABeeZee||||||||&#8221; button_use_icon=&#8221;on&#8221; button_icon=&#8221;%%28%%&#8221; text_orientation=&#8221;right&#8221; width=&#8221;100%&#8221; custom_padding=&#8221;|||0px|false|false&#8221; header_text_shadow_style=&#8221;preset2&#8243; header_text_shadow_horizontal_length=&#8221;0.07em&#8221; header_text_shadow_vertical_length=&#8221;0.03em&#8221; body_text_shadow_style=&#8221;preset1&#8243; text_shadow_style=&#8221;preset1&#8243; sticky_transition=&#8221;on&#8221;]<\/p>\n<p>Doctor Boix, Doctor Comet and Doctor Domingo<\/p>\n<p>[\/et_pb_slide][et_pb_slide heading=&#8221;The best equipment &#8221; button_text=&#8221;Da Vinci Surgical Systems (Robotics)&#8221; button_link=&#8221;https:\/\/urologiagirona.com\/en\/da-vinci-robotics\/&#8221; use_bg_overlay=&#8221;off&#8221; use_text_overlay=&#8221;on&#8221; text_overlay_color=&#8221;rgba(12,153,214,0.13)&#8221; text_border_radius=&#8221;0px&#8221; _builder_version=&#8221;4.9.0&#8243; _module_preset=&#8221;default&#8221; header_level=&#8221;h2&#8243; header_font=&#8221;Alata||||||||&#8221; header_font_size=&#8221;63px&#8221; body_font=&#8221;Alata||||||||&#8221; body_font_size=&#8221;19px&#8221; background_image=&#8221;https:\/\/urologiagirona.com\/\/wp-content\/uploads\/2020\/11\/elmillormaterial.jpg&#8221; background_enable_image=&#8221;on&#8221; custom_button=&#8221;on&#8221; button_bg_color=&#8221;#0c71c3&#8243; button_border_width=&#8221;0px&#8221; button_border_radius=&#8221;18px&#8221; text_orientation=&#8221;right&#8221; width=&#8221;100%&#8221; max_width=&#8221;82%&#8221; custom_padding=&#8221;|||0px|false|false&#8221; header_text_shadow_style=&#8221;preset2&#8243; header_text_shadow_horizontal_length=&#8221;0.07em&#8221; header_text_shadow_vertical_length=&#8221;0.03em&#8221; body_text_shadow_style=&#8221;preset1&#8243; text_shadow_style=&#8221;preset1&#8243; sticky_transition=&#8221;on&#8221;]<\/p>\n<p><span>We use state-of-the-art equipment to offer the best and latest solutions in the urological field: minimally invasive surgery, laparoscopic surgery, laser endoscopic surgery.<\/span><\/p>\n<p>[\/et_pb_slide][\/et_pb_slider][\/et_pb_column][\/et_pb_row][et_pb_row column_structure=&#8221;1_3,1_3,1_3&#8243; _builder_version=&#8221;4.6.6&#8243; _module_preset=&#8221;default&#8221; width=&#8221;100%&#8221; max_width=&#8221;1079px&#8221; custom_margin=&#8221;-27px||||false|false&#8221; custom_padding=&#8221;||||false|false&#8221;][et_pb_column type=&#8221;1_3&#8243; _builder_version=&#8221;4.6.6&#8243; _module_preset=&#8221;default&#8221;][et_pb_text _builder_version=&#8221;4.9.0&#8243; _module_preset=&#8221;default&#8221; text_font=&#8221;Cabin||||||||&#8221; text_text_color=&#8221;#ffffff&#8221; text_font_size=&#8221;15px&#8221; text_line_height=&#8221;1.5em&#8221; link_font=&#8221;Cabin||||||||&#8221; link_text_color=&#8221;#0c71c3&#8243; link_font_size=&#8221;17px&#8221; header_text_color=&#8221;#ffffff&#8221; header_font_size=&#8221;24px&#8221; background_color=&#8221;#3BB8E1&#8243; use_background_color_gradient=&#8221;on&#8221; background_image=&#8221;https:\/\/urologiagirona.com\/\/wp-content\/uploads\/2020\/11\/BACKGROUND.jpg&#8221; width=&#8221;370px&#8221; height=&#8221;300px&#8221; custom_padding=&#8221;125px|20px||20px|false|false&#8221; hover_enabled=&#8221;0&#8243; custom_margin_last_edited=&#8221;on|phone&#8221; custom_margin_phone=&#8221;9px|||8px|false|false&#8221; sticky_enabled=&#8221;0&#8243;]<\/p>\n<h3><strong><span style=\"color: #ffffff;\">WE ARE SPECIALISTS<\/span><\/strong><\/h3>\n<p>We specialize in robotic and minimally invasive surgery for the treatment of prostate pathology (prostate laser, <a href=\"https:\/\/urologiagirona.com\/en\/da-vinci-robotics\/\">Da Vinci Robot<\/a>, focal therapy), renal pathology (<a href=\"https:\/\/urologiagirona.com\/en\/urological-oncology\/\">canc<\/a>er, <a href=\"https:\/\/urologiagirona.com\/en\/lithiasis-laser\/\">lithiasis<\/a>, robotic surgery and laparoscopy) and <a href=\"https:\/\/urologiagirona.com\/en\/urological-oncology\/\">bladder pathology (bladder tumours).<\/a><\/p>\n<p>[\/et_pb_text][\/et_pb_column][et_pb_column type=&#8221;1_3&#8243; _builder_version=&#8221;4.6.6&#8243; _module_preset=&#8221;default&#8221;][et_pb_text _builder_version=&#8221;4.9.0&#8243; _module_preset=&#8221;default&#8221; text_font=&#8221;Cabin||||||||&#8221; text_text_color=&#8221;#ffffff&#8221; text_line_height=&#8221;1.5em&#8221; link_font=&#8221;Cabin||||||||&#8221; link_text_color=&#8221;#00106b&#8221; link_font_size=&#8221;17px&#8221; header_text_color=&#8221;#ffffff&#8221; header_font_size=&#8221;24px&#8221; background_color=&#8221;#3BB8E1&#8243; use_background_color_gradient=&#8221;on&#8221; background_image=&#8221;https:\/\/urologiagirona.com\/\/wp-content\/uploads\/2020\/11\/contrast-1.jpg&#8221; width=&#8221;370px&#8221; height=&#8221;300px&#8221; custom_margin=&#8221;|||-20px|false|false&#8221; custom_padding=&#8221;70px|20px||120px|false|false&#8221; hover_enabled=&#8221;0&#8243; text_text_shadow_style=&#8221;preset1&#8243; custom_margin_last_edited=&#8221;on|phone&#8221; custom_margin_phone=&#8221;-12px|||9px|false|false&#8221; sticky_enabled=&#8221;0&#8243;]<\/p>\n<h3><strong><span style=\"color: #ffffff;\">THE BEST TECHNOLOGY<\/span><\/strong><\/h3>\n<p>We use state-of-the-art equipment to offer the best and latest solutions in the urological field: minimally invasive surgery, laparoscopic surgery, <a href=\"https:\/\/urologiagirona.com\/en\/laparoscopic-surgery-in-3d\/\">3D laparoscopic surgery<\/a>, <a href=\"https:\/\/urologiagirona.com\/en\/lithiasis-laser\/\">laser endoscopic surgery<\/a> and <a href=\"https:\/\/urologiagirona.com\/en\/da-vinci-robotics\/\">robotic surgery (Da Vinci).<\/a><\/p>\n<p>[\/et_pb_text][\/et_pb_column][et_pb_column type=&#8221;1_3&#8243; _builder_version=&#8221;4.6.6&#8243; _module_preset=&#8221;default&#8221;][et_pb_text _builder_version=&#8221;4.9.0&#8243; _module_preset=&#8221;default&#8221; text_font=&#8221;Cabin||||||||&#8221; text_text_color=&#8221;#ffffff&#8221; text_font_size=&#8221;15px&#8221; text_line_height=&#8221;1.5em&#8221; link_font=&#8221;Cabin||||||||&#8221; header_text_color=&#8221;#ffffff&#8221; header_font_size=&#8221;24px&#8221; background_color=&#8221;#3BB8E1&#8243; use_background_color_gradient=&#8221;on&#8221; background_image=&#8221;https:\/\/urologiagirona.com\/\/wp-content\/uploads\/2020\/11\/material2.jpg&#8221; width=&#8221;350px&#8221; height=&#8221;300px&#8221; custom_margin=&#8221;|||-30px|false|false&#8221; custom_padding=&#8221;70px|120px||20px|false|false&#8221; hover_enabled=&#8221;0&#8243; custom_margin_last_edited=&#8221;on|phone&#8221; custom_margin_phone=&#8221;|||18px|false|false&#8221; sticky_enabled=&#8221;0&#8243;]<\/p>\n<h3><strong><span style=\"color: #ffffff;\"><br \/> WE FOCUS ON<\/span><\/strong><\/h3>\n<p>In addition to <a href=\"https:\/\/urologiagirona.com\/en\/urological-oncology\/\">Oncology Urology<\/a>, we also focus on the treatment of <a href=\"https:\/\/urologiagirona.com\/en\/reconstructive-surgery-and-urethral-surgery\/\">urethral reconstructive surgery (urethral stenosis).<\/a>Urinary incontinence surgery and andrology.<\/p>\n<p>[\/et_pb_text][\/et_pb_column][\/et_pb_row][et_pb_row column_structure=&#8221;1_2,1_2&#8243; _builder_version=&#8221;4.9.0&#8243; _module_preset=&#8221;default&#8221; hover_enabled=&#8221;0&#8243; disabled_on=&#8221;on|off|off&#8221; sticky_enabled=&#8221;0&#8243;][et_pb_column type=&#8221;1_2&#8243; _builder_version=&#8221;4.6.6&#8243; _module_preset=&#8221;default&#8221;][et_pb_text _builder_version=&#8221;4.6.6&#8243; _module_preset=&#8221;default&#8221; text_text_color=&#8221;#3AB8E0&#8243; text_font_size=&#8221;12px&#8221; text_line_height=&#8221;1.6em&#8221; background_image=&#8221;https:\/\/urologiagirona.com\/\/wp-content\/uploads\/2020\/11\/back2.png&#8221; background_size=&#8221;initial&#8221; background_position=&#8221;top_left&#8221; width=&#8221;505px&#8221; height=&#8221;202px&#8221; custom_padding=&#8221;25px|0px||220px|false|false&#8221; saved_tabs=&#8221;all&#8221;]<\/p>\n<h3><strong><span color=\"#00ccff\" style=\"color: #00ccff;\">WHERE ARE WE<\/span><\/strong><\/h3>\n<p>We carry out our private surgical activity mainly in Causse Cl\u00ednic (formerly Cl\u00ednica Onyar) in Girona. We visit the clinic itself as well as other centers such as: the Institut Catal\u00e0 de Serveis M\u00e8dics, in Girona, and the Centre Noum\u00e8dic in Figueres.<\/p>\n<p>[\/et_pb_text][\/et_pb_column][et_pb_column type=&#8221;1_2&#8243; _builder_version=&#8221;4.6.6&#8243; _module_preset=&#8221;default&#8221;][et_pb_text _builder_version=&#8221;4.6.6&#8243; _module_preset=&#8221;default&#8221; text_text_color=&#8221;#3AB8E0&#8243; text_font_size=&#8221;12px&#8221; text_line_height=&#8221;1.6em&#8221; background_image=&#8221;https:\/\/urologiagirona.com\/\/wp-content\/uploads\/2020\/11\/BACK1.png&#8221; background_size=&#8221;initial&#8221; background_position=&#8221;top_left&#8221; width=&#8221;505px&#8221; height=&#8221;202px&#8221; custom_padding=&#8221;25px|0px||220px|false|false&#8221;]<\/p>\n<h3><strong><span color=\"#00ccff\" style=\"color: #00ccff;\">CONTACTAR<\/span><\/strong><\/h3>\n<p><a href=\"https:\/\/urologiagirona.com\/en\/contact\/\">Posa\u2019t en contacte amb nosaltres per fer una primera visita i valorar el teu cas.<\/a> O pots fer via formulari de contacte i via trucada telef\u00f2nica: <strong>+34 972 204 900<\/strong>, o <strong>via correu electr\u00f2nic info@urologiagirona.com<\/strong><\/p>\n<p>[\/et_pb_text][\/et_pb_column][\/et_pb_row][\/et_pb_section]<\/p>\n","protected":false},"excerpt":{"rendered":"<p>Your health is in our handsDoctor Boix, Doctor Comet and Doctor DomingoWe use state-of-the-art equipment to offer the best and latest solutions in the urological field: minimally invasive surgery, laparoscopic surgery, laser endoscopic surgery.WE ARE SPECIALISTS We specialize in robotic and minimally invasive surgery for the treatment of prostate pathology (prostate laser, Da Vinci Robot, [&hellip;]<\/p>\n","protected":false},"author":1,"featured_media":0,"parent":0,"menu_order":0,"comment_status":"closed","ping_status":"closed","template":"","meta":{"_et_pb_use_builder":"on","_et_pb_old_content":"","_et_gb_content_width":"","footnotes":""},"class_list":["post-986","page","type-page","status-publish","hentry"],"yoast_head":"<!-- This site is optimized with the Yoast SEO plugin v25.8 - https:\/\/yoast.com\/wordpress\/plugins\/seo\/ -->\n<title>Home - Urologia Girona<\/title>\n<meta name=\"robots\" content=\"index, follow, max-snippet:-1, max-image-preview:large, max-video-preview:-1\" \/>\n<link rel=\"canonical\" href=\"https:\/\/urologiagirona.com\/en\/\" \/>\n<meta property=\"og:locale\" content=\"en_US\" \/>\n<meta property=\"og:type\" content=\"article\" \/>\n<meta property=\"og:title\" content=\"Home - Urologia Girona\" \/>\n<meta property=\"og:description\" content=\"Your health is in our handsDoctor Boix, Doctor Comet and Doctor DomingoWe use state-of-the-art equipment to offer the best and latest solutions in the urological field: minimally invasive surgery, laparoscopic surgery, laser endoscopic surgery.WE ARE SPECIALISTS We specialize in robotic and minimally invasive surgery for the treatment of prostate pathology (prostate laser, Da Vinci Robot, [&hellip;]\" \/>\n<meta property=\"og:url\" content=\"https:\/\/urologiagirona.com\/en\/\" \/>\n<meta property=\"og:site_name\" content=\"Urologia Girona\" \/>\n<meta property=\"article:modified_time\" content=\"2023-08-28T09:53:51+00:00\" \/>\n<meta property=\"og:image\" content=\"https:\/\/urologiagirona.com\/wp-content\/uploads\/2020\/11\/logo_urologia_girona.jpg\" \/>\n\t<meta property=\"og:image:width\" content=\"600\" \/>\n\t<meta property=\"og:image:height\" content=\"341\" \/>\n\t<meta property=\"og:image:type\" content=\"image\/jpeg\" \/>\n<script type=\"application\/ld+json\" class=\"yoast-schema-graph\">{\"@context\":\"https:\/\/schema.org\",\"@graph\":[{\"@type\":\"WebPage\",\"@id\":\"https:\/\/urologiagirona.com\/en\/\",\"url\":\"https:\/\/urologiagirona.com\/en\/\",\"name\":\"Home - Urologia Girona\",\"isPartOf\":{\"@id\":\"https:\/\/urologiagirona.com\/#website\"},\"datePublished\":\"2021-05-28T10:01:20+00:00\",\"dateModified\":\"2023-08-28T09:53:51+00:00\",\"breadcrumb\":{\"@id\":\"https:\/\/urologiagirona.com\/en\/#breadcrumb\"},\"inLanguage\":\"en-US\",\"potentialAction\":[{\"@type\":\"ReadAction\",\"target\":[\"https:\/\/urologiagirona.com\/en\/\"]}]},{\"@type\":\"BreadcrumbList\",\"@id\":\"https:\/\/urologiagirona.com\/en\/#breadcrumb\",\"itemListElement\":[{\"@type\":\"ListItem\",\"position\":1,\"name\":\"Inici\",\"item\":\"https:\/\/urologiagirona.com\/urologia-girona-2025\/\"},{\"@type\":\"ListItem\",\"position\":2,\"name\":\"Home\"}]},{\"@type\":\"WebSite\",\"@id\":\"https:\/\/urologiagirona.com\/#website\",\"url\":\"https:\/\/urologiagirona.com\/\",\"name\":\"Urologia Girona \/ Cl\u00ednica Urologia Girona\",\"description\":\"Som especialistes en cirurgia rob\u00f2tica i m\u00ednimament invasiva per el tractament de patologia prost\u00e0tica ( l\u00e0ser de pr\u00f2stata, Robot Da Vinci, ter\u00e0pia focal), patologia renal (c\u00e0ncer, litiasis, cirurgia rob\u00f2tica i laparosc\u00f2pia) i vesical (tumors de bufeta).\",\"publisher\":{\"@id\":\"https:\/\/urologiagirona.com\/#organization\"},\"alternateName\":\"Cl\u00ednica Urologia Girona\",\"potentialAction\":[{\"@type\":\"SearchAction\",\"target\":{\"@type\":\"EntryPoint\",\"urlTemplate\":\"https:\/\/urologiagirona.com\/?s={search_term_string}\"},\"query-input\":{\"@type\":\"PropertyValueSpecification\",\"valueRequired\":true,\"valueName\":\"search_term_string\"}}],\"inLanguage\":\"en-US\"},{\"@type\":\"Organization\",\"@id\":\"https:\/\/urologiagirona.com\/#organization\",\"name\":\"Urologia Girona \/ Cl\u00ednica Urologia Girona\",\"url\":\"https:\/\/urologiagirona.com\/\",\"logo\":{\"@type\":\"ImageObject\",\"inLanguage\":\"en-US\",\"@id\":\"https:\/\/urologiagirona.com\/#\/schema\/logo\/image\/\",\"url\":\"https:\/\/urologiagirona.com\/wp-content\/uploads\/2020\/11\/logo_urologia_girona.jpg\",\"contentUrl\":\"https:\/\/urologiagirona.com\/wp-content\/uploads\/2020\/11\/logo_urologia_girona.jpg\",\"width\":600,\"height\":341,\"caption\":\"Urologia Girona \/ Cl\u00ednica Urologia Girona\"},\"image\":{\"@id\":\"https:\/\/urologiagirona.com\/#\/schema\/logo\/image\/\"}}]}<\/script>\n<!-- \/ Yoast SEO plugin. -->","yoast_head_json":{"title":"Home - Urologia Girona","robots":{"index":"index","follow":"follow","max-snippet":"max-snippet:-1","max-image-preview":"max-image-preview:large","max-video-preview":"max-video-preview:-1"},"canonical":"https:\/\/urologiagirona.com\/en\/","og_locale":"en_US","og_type":"article","og_title":"Home - Urologia Girona","og_description":"Your health is in our handsDoctor Boix, Doctor Comet and Doctor DomingoWe use state-of-the-art equipment to offer the best and latest solutions in the urological field: minimally invasive surgery, laparoscopic surgery, laser endoscopic surgery.WE ARE SPECIALISTS We specialize in robotic and minimally invasive surgery for the treatment of prostate pathology (prostate laser, Da Vinci Robot, [&hellip;]","og_url":"https:\/\/urologiagirona.com\/en\/","og_site_name":"Urologia Girona","article_modified_time":"2023-08-28T09:53:51+00:00","og_image":[{"width":600,"height":341,"url":"https:\/\/urologiagirona.com\/wp-content\/uploads\/2020\/11\/logo_urologia_girona.jpg","type":"image\/jpeg"}],"schema":{"@context":"https:\/\/schema.org","@graph":[{"@type":"WebPage","@id":"https:\/\/urologiagirona.com\/en\/","url":"https:\/\/urologiagirona.com\/en\/","name":"Home - Urologia Girona","isPartOf":{"@id":"https:\/\/urologiagirona.com\/#website"},"datePublished":"2021-05-28T10:01:20+00:00","dateModified":"2023-08-28T09:53:51+00:00","breadcrumb":{"@id":"https:\/\/urologiagirona.com\/en\/#breadcrumb"},"inLanguage":"en-US","potentialAction":[{"@type":"ReadAction","target":["https:\/\/urologiagirona.com\/en\/"]}]},{"@type":"BreadcrumbList","@id":"https:\/\/urologiagirona.com\/en\/#breadcrumb","itemListElement":[{"@type":"ListItem","position":1,"name":"Inici","item":"https:\/\/urologiagirona.com\/urologia-girona-2025\/"},{"@type":"ListItem","position":2,"name":"Home"}]},{"@type":"WebSite","@id":"https:\/\/urologiagirona.com\/#website","url":"https:\/\/urologiagirona.com\/","name":"Urologia Girona \/ Cl\u00ednica Urologia Girona","description":"Som especialistes en cirurgia rob\u00f2tica i m\u00ednimament invasiva per el tractament de patologia prost\u00e0tica ( l\u00e0ser de pr\u00f2stata, Robot Da Vinci, ter\u00e0pia focal), patologia renal (c\u00e0ncer, litiasis, cirurgia rob\u00f2tica i laparosc\u00f2pia) i vesical (tumors de bufeta).","publisher":{"@id":"https:\/\/urologiagirona.com\/#organization"},"alternateName":"Cl\u00ednica Urologia Girona","potentialAction":[{"@type":"SearchAction","target":{"@type":"EntryPoint","urlTemplate":"https:\/\/urologiagirona.com\/?s={search_term_string}"},"query-input":{"@type":"PropertyValueSpecification","valueRequired":true,"valueName":"search_term_string"}}],"inLanguage":"en-US"},{"@type":"Organization","@id":"https:\/\/urologiagirona.com\/#organization","name":"Urologia Girona \/ Cl\u00ednica Urologia Girona","url":"https:\/\/urologiagirona.com\/","logo":{"@type":"ImageObject","inLanguage":"en-US","@id":"https:\/\/urologiagirona.com\/#\/schema\/logo\/image\/","url":"https:\/\/urologiagirona.com\/wp-content\/uploads\/2020\/11\/logo_urologia_girona.jpg","contentUrl":"https:\/\/urologiagirona.com\/wp-content\/uploads\/2020\/11\/logo_urologia_girona.jpg","width":600,"height":341,"caption":"Urologia Girona \/ Cl\u00ednica Urologia Girona"},"image":{"@id":"https:\/\/urologiagirona.com\/#\/schema\/logo\/image\/"}}]}},"_links":{"self":[{"href":"https:\/\/urologiagirona.com\/en\/wp-json\/wp\/v2\/pages\/986","targetHints":{"allow":["GET"]}}],"collection":[{"href":"https:\/\/urologiagirona.com\/en\/wp-json\/wp\/v2\/pages"}],"about":[{"href":"https:\/\/urologiagirona.com\/en\/wp-json\/wp\/v2\/types\/page"}],"author":[{"embeddable":true,"href":"https:\/\/urologiagirona.com\/en\/wp-json\/wp\/v2\/users\/1"}],"replies":[{"embeddable":true,"href":"https:\/\/urologiagirona.com\/en\/wp-json\/wp\/v2\/comments?post=986"}],"version-history":[{"count":6,"href":"https:\/\/urologiagirona.com\/en\/wp-json\/wp\/v2\/pages\/986\/revisions"}],"predecessor-version":[{"id":1050,"href":"https:\/\/urologiagirona.com\/en\/wp-json\/wp\/v2\/pages\/986\/revisions\/1050"}],"wp:attachment":[{"href":"https:\/\/urologiagirona.com\/en\/wp-json\/wp\/v2\/media?parent=986"}],"curies":[{"name":"wp","href":"https:\/\/api.w.org\/{rel}","templated":true}]}}