{"id":976,"date":"2021-05-28T11:41:01","date_gmt":"2021-05-28T09:41:01","guid":{"rendered":"https:\/\/urologiagirona.com\/about-us\/"},"modified":"2026-03-25T10:50:52","modified_gmt":"2026-03-25T08:50:52","slug":"about-us","status":"publish","type":"page","link":"https:\/\/urologiagirona.com\/en\/about-us\/","title":{"rendered":"About us"},"content":{"rendered":"<p>[et_pb_section fb_built=&#8221;1&#8243; admin_label=&#8221;section&#8221; _builder_version=&#8221;4.16&#8243; custom_padding=&#8221;15px|||||&#8221; global_colors_info=&#8221;{}&#8221;][et_pb_row _builder_version=&#8221;4.16&#8243; _module_preset=&#8221;default&#8221; global_colors_info=&#8221;{}&#8221;][et_pb_column type=&#8221;4_4&#8243; _builder_version=&#8221;4.16&#8243; _module_preset=&#8221;default&#8221; global_colors_info=&#8221;{}&#8221;][et_pb_text content_tablet=&#8221;&#8221; content_phone=&#8221;&#8221; content_last_edited=&#8221;on|desktop&#8221; disabled_on=&#8221;on|on|off&#8221; _builder_version=&#8221;4.16&#8243; _module_preset=&#8221;default&#8221; text_text_color=&#8221;#ffffff&#8221; background_image=&#8221;https:\/\/urologiagirona.com\/\/wp-content\/uploads\/2020\/11\/drboix.jpg&#8221; background_position=&#8221;top_left&#8221; height=&#8221;342px&#8221; custom_margin=&#8221;-6px||||false|false&#8221; custom_padding=&#8221;30px|500px||28px|false|false&#8221; text_text_shadow_style=&#8221;preset1&#8243; global_colors_info=&#8221;{}&#8221;]<\/p>\n<h2><span style=\"color: #ffffff;\"><strong>Doctor Boix<\/strong><\/span><\/h2>\n<p><span><strong><\/strong><\/span><\/p>\n<p><span><strong>Degree in Medicine from the University of Barcelona, 2003. <\/strong> Specialist in Urology since 2009 after completing MIR residency at the Germans Trias i Pujol Hospital in Badalona 2004-2009. Assistant Physician in the Urology Service of Josep Trueta Hospital, Girona, since 2009. Assistance as a clinical and surgical observer at the Department of Urology at Eastern Medical Virginia University, Norfolk (VA) USA, in urological reconstructive surgery. Associate Professor of Urology at the Faculty of Medicine of the University of Girona. Doctor in Surgery (Urology) from the UAB obtaining an Excellent \u201cCum Laude\u201d qualification. Fellow of the European Board of Urology<br \/>\n<\/span><\/p>\n<p>[\/et_pb_text][et_pb_text content_tablet=&#8221;&#8221; content_phone=&#8221;<\/p>\n<h2><span style=%22color: #ffffff;%22><strong>Doctor Boix<\/strong><\/span><\/h2>\n<p><span><strong><img src=%22https:\/\/urologiagirona.com\/wp-content\/uploads\/2020\/11\/drboix-1024x674.jpg%22 width=%221024%22 height=%22674%22 alt=%22%22 class=%22wp-image-610 alignleft size-large%22 \/><\/strong><\/span><\/p>\n<p><span><strong>Llicenciat en Medicina per la Universitat de Barcelona, 2003.<\/strong> Especialista en Urologia des de 2009 despr\u00e9s de cursar la resid\u00e8ncia MIR a l\u2019Hospital Germans Trias i Pujol de Badalona 2004-2009. Metge Adjunt en el Servei d\u2019Urologia de l\u2019Hospital Josep Trueta, Girona, des de 2009. Assist\u00e8ncia com a observador cl\u00ednic i quir\u00fargic al departament d\u2019Urologia de la Eastern Medical Virginia University, Norfolk (VA) USA, en cirurgia reconstructiva urol\u00f2gica. Professor associat d\u2019Urologia de la Facultat de Medicina de la Universitat de Girona. Doctor en Cirurgia (Urologia) per la UAB obtenint qualificaci\u00f3 Excel\u00b7lent \u201cCum Laude\u201d. Fellow of the European Board of Urology<\/span><\/p>\n<p>&#8221; content_last_edited=&#8221;on|phone&#8221; disabled_on=&#8221;off|off|on&#8221; _builder_version=&#8221;4.16&#8243; _module_preset=&#8221;default&#8221; text_text_color=&#8221;#ffffff&#8221; background_color=&#8221;#54aad8&#8243; background_enable_image=&#8221;off&#8221; background_position=&#8221;top_left&#8221; module_alignment=&#8221;center&#8221; custom_margin=&#8221;||||false|false&#8221; custom_padding=&#8221;2em|2em|2em|2em|false|false&#8221; text_text_shadow_style=&#8221;preset1&#8243; global_colors_info=&#8221;{}&#8221;]<\/p>\n<h2 style=\"text-align: center;\"><span style=\"color: #ffffff;\"><strong>Doctor Boix<\/strong><\/span><\/h2>\n<p><span><strong>Degree in Medicine from the University of Barcelona, 2003. <\/strong> Specialist in Urology since 2009 after completing MIR residency at the Germans Trias i Pujol Hospital in Badalona 2004-2009. Assistant Physician in the Urology Service of Josep Trueta Hospital, Girona, since 2009. Assistance as a clinical and surgical observer at the Department of Urology at Eastern Medical Virginia University, Norfolk (VA) USA, in urological reconstructive surgery. Associate Professor of Urology at the Faculty of Medicine of the University of Girona. Doctor in Surgery (Urology) from the UAB obtaining an Excellent \u201cCum Laude\u201d qualification. Fellow of the European Board of Urology<br \/>\n<\/span><\/p>\n<p>[\/et_pb_text][et_pb_text content_tablet=&#8221;&#8221; content_phone=&#8221;<\/p>\n<h2><span style=%22color: #ffffff;%22><strong>Doctor Comet<\/strong><\/span><\/h2>\n<p><strong><img src=%22https:\/\/urologiagirona.com\/wp-content\/uploads\/2020\/11\/drcomet-1024x674.jpg%22 width=%221024%22 height=%22674%22 alt=%22%22 class=%22wp-image-611 alignleft size-large%22 \/><\/strong><\/p>\n<p><strong>Llicenciat en Medicina i Cirurgia a la Universitat de Barcelona,<\/strong> 1990. Resid\u00e8ncia en Urologia a l\u2019Hospital Universitari Germans Trias i Pujol, Badalona, 1992-1996. Adjunt d\u2019Urologia de l\u2019Hospital de Palam\u00f3s, 1997. Des de 1998 est\u00e0 exercint activitat com adjunt d\u2019Urologia <strong>a l\u2019Hospital Universitari Dr. Josep Trueta de Girona i com a Cap de Servei d\u2019Urologia des de 2016<\/strong>, Assist\u00e8ncia com a observador cl\u00ednic al Departament d\u2019Urologia de la Washington University School of Medicine per a l\u2019aprenentatge de t\u00e8cniques en endosc\u00f2pia i laparosc\u00f2pia, 1995. Ha realitzat un gran nombre de publicacions a nivell nacional i internacional. Professor associat d\u2019Urologia de la Facultat de Medicina de la Universitat de Girona. Fellow of the European Board of Urology. Doctor en Medicina i Cirurgia per la UAB<\/p>\n<p>&#8221; content_last_edited=&#8221;on|phone&#8221; disabled_on=&#8221;off|off|on&#8221; _builder_version=&#8221;4.16&#8243; _module_preset=&#8221;default&#8221; text_text_color=&#8221;#ffffff&#8221; background_color=&#8221;#54aad8&#8243; background_enable_image=&#8221;off&#8221; background_position=&#8221;top_left&#8221; module_alignment=&#8221;center&#8221; custom_margin=&#8221;||||false|false&#8221; custom_padding=&#8221;2em|2em|2em|2em|false|false&#8221; text_text_shadow_style=&#8221;preset1&#8243; global_colors_info=&#8221;{}&#8221;]<\/p>\n<h2 style=\"text-align: center;\"><span style=\"color: #ffffff;\"><strong>Doctor Comet<\/strong><\/span><\/h2>\n<p style=\"text-align: center;\"><strong>Degree in Medicine and Surgery from the University of Barcelona, <\/strong> 1990. <span style=\"font-weight: 400;\">Residency in Urology at the Germans Trias i Pujol University Hospital, Badalona, 1992-1996. Associate doctor of Urology at Palam\u00f3s Hospital, 1997. Since 1998 he has been working as an associate doctor of Urology at the University Hospital Dr. Josep Trueta of Girona and as Head of the Urology Service since 2016. Assistance as a clinical observer at the Department of Urology of the Washington University School of Medicine for learning techniques in endoscopy and laparoscopy, 1995. He has performed many publications nationally and internationally. Associate Professor of Urology at the Faculty of Medicine of the University of Girona. Fellow of the European Board of Urology. Doctor in Medicine and Surgery from the UAB.<\/span><\/p>\n<p>[\/et_pb_text][et_pb_text disabled_on=&#8221;on|on|off&#8221; _builder_version=&#8221;4.16&#8243; _module_preset=&#8221;default&#8221; text_text_color=&#8221;#ffffff&#8221; background_image=&#8221;https:\/\/urologiagirona.com\/\/wp-content\/uploads\/2020\/11\/drcomet.jpg&#8221; background_position=&#8221;top_left&#8221; height=&#8221;342px&#8221; custom_margin=&#8221;-6px||||false|false&#8221; custom_padding=&#8221;30px|500px||28px|false|false&#8221; text_text_shadow_style=&#8221;preset5&#8243; text_text_shadow_horizontal_length=&#8221;0.07em&#8221; text_text_shadow_vertical_length=&#8221;0.11em&#8221; text_text_shadow_blur_strength=&#8221;0.41em&#8221; text_text_shadow_color=&#8221;#000000&#8243; global_colors_info=&#8221;{}&#8221;]<\/p>\n<h2><span style=\"color: #ffffff;\"><strong>Doctor Comet<\/strong><\/span><\/h2>\n<p><span><strong><\/strong><\/span><\/p>\n<p><strong>Degree in Medicine and Surgery from the University of Barcelona, <\/strong> 1990. <span>Residency in Urology at the Germans Trias i Pujol University Hospital, Badalona, 1992-1996. Associate doctor of Urology at Palam\u00f3s Hospital, 1997. Since 1998 he has been working as an associate doctor of Urology at the University Hospital Dr. Josep Trueta of Girona and as Head of the Urology Service since 2016. Assistance as a clinical observer at the Department of Urology of the Washington University School of Medicine for learning techniques in endoscopy and laparoscopy, 1995. He has performed many publications nationally and internationally. Associate Professor of Urology at the Faculty of Medicine of the University of Girona. Fellow of the European Board of Urology. Doctor in Medicine and Surgery from the UAB.<\/span><\/p>\n<p>[\/et_pb_text][\/et_pb_column][\/et_pb_row][et_pb_row column_structure=&#8221;1_3,1_3,1_3&#8243; _builder_version=&#8221;4.16&#8243; _module_preset=&#8221;default&#8221; global_colors_info=&#8221;{}&#8221;][et_pb_column type=&#8221;1_3&#8243; _builder_version=&#8221;4.16&#8243; _module_preset=&#8221;default&#8221; global_colors_info=&#8221;{}&#8221;][\/et_pb_column][et_pb_column type=&#8221;1_3&#8243; _builder_version=&#8221;4.16&#8243; _module_preset=&#8221;default&#8221; global_colors_info=&#8221;{}&#8221;][et_pb_team_member name=&#8221;Doctor Alex Boix Bonfill&#8221; position=&#8221;Bachelor of Medicine, International University of Catalonia (UIC), 2013\u20132019.&#8221; image_url=&#8221;https:\/\/urologiagirona.com\/\/wp-content\/uploads\/2021\/01\/doctoragarcia.jpg&#8221; _builder_version=&#8221;4.22.1&#8243; _module_preset=&#8221;default&#8221; hover_enabled=&#8221;0&#8243; global_colors_info=&#8221;{}&#8221; sticky_enabled=&#8221;0&#8243;]<\/p>\n<p>Specialist in Urology, trained at the Joan XXIII University Hospital in Tarragona, 2020\u20132025. Attending Physician at the Doctor Josep Trueta University Hospital in Girona, where he is a member of the Kidney and Lithiasis Pathology units.<\/p>\n<p>[\/et_pb_team_member][\/et_pb_column][et_pb_column type=&#8221;1_3&#8243; _builder_version=&#8221;4.16&#8243; _module_preset=&#8221;default&#8221; global_colors_info=&#8221;{}&#8221;][\/et_pb_column][\/et_pb_row][\/et_pb_section]<\/p>\n","protected":false},"excerpt":{"rendered":"<p>Doctor Boix Degree in Medicine from the University of Barcelona, 2003. Specialist in Urology since 2009 after completing MIR residency at the Germans Trias i Pujol Hospital in Badalona 2004-2009. Assistant Physician in the Urology Service of Josep Trueta Hospital, Girona, since 2009. Assistance as a clinical and surgical observer at the Department of Urology [&hellip;]<\/p>\n","protected":false},"author":1,"featured_media":0,"parent":0,"menu_order":0,"comment_status":"open","ping_status":"open","template":"","meta":{"_et_pb_use_builder":"on","_et_pb_old_content":"","_et_gb_content_width":"","footnotes":""},"class_list":["post-976","page","type-page","status-publish","hentry"],"yoast_head":"<!-- This site is optimized with the Yoast SEO plugin v25.8 - https:\/\/yoast.com\/wordpress\/plugins\/seo\/ -->\n<title>About us - Urologia Girona<\/title>\n<meta name=\"robots\" content=\"index, follow, max-snippet:-1, max-image-preview:large, max-video-preview:-1\" \/>\n<link rel=\"canonical\" href=\"https:\/\/urologiagirona.com\/en\/about-us\/\" \/>\n<meta property=\"og:locale\" content=\"en_US\" \/>\n<meta property=\"og:type\" content=\"article\" \/>\n<meta property=\"og:title\" content=\"About us - Urologia Girona\" \/>\n<meta property=\"og:description\" content=\"Doctor Boix Degree in Medicine from the University of Barcelona, 2003. Specialist in Urology since 2009 after completing MIR residency at the Germans Trias i Pujol Hospital in Badalona 2004-2009. Assistant Physician in the Urology Service of Josep Trueta Hospital, Girona, since 2009. Assistance as a clinical and surgical observer at the Department of Urology [&hellip;]\" \/>\n<meta property=\"og:url\" content=\"https:\/\/urologiagirona.com\/en\/about-us\/\" \/>\n<meta property=\"og:site_name\" content=\"Urologia Girona\" \/>\n<meta property=\"article:modified_time\" content=\"2026-03-25T08:50:52+00:00\" \/>\n<meta property=\"og:image\" content=\"https:\/\/urologiagirona.com\/wp-content\/uploads\/2020\/11\/logo_urologia_girona.jpg\" \/>\n\t<meta property=\"og:image:width\" content=\"600\" \/>\n\t<meta property=\"og:image:height\" content=\"341\" \/>\n\t<meta property=\"og:image:type\" content=\"image\/jpeg\" \/>\n<script type=\"application\/ld+json\" class=\"yoast-schema-graph\">{\"@context\":\"https:\/\/schema.org\",\"@graph\":[{\"@type\":\"WebPage\",\"@id\":\"https:\/\/urologiagirona.com\/en\/about-us\/\",\"url\":\"https:\/\/urologiagirona.com\/en\/about-us\/\",\"name\":\"About us - Urologia Girona\",\"isPartOf\":{\"@id\":\"https:\/\/urologiagirona.com\/#website\"},\"datePublished\":\"2021-05-28T09:41:01+00:00\",\"dateModified\":\"2026-03-25T08:50:52+00:00\",\"breadcrumb\":{\"@id\":\"https:\/\/urologiagirona.com\/en\/about-us\/#breadcrumb\"},\"inLanguage\":\"en-US\",\"potentialAction\":[{\"@type\":\"ReadAction\",\"target\":[\"https:\/\/urologiagirona.com\/en\/about-us\/\"]}]},{\"@type\":\"BreadcrumbList\",\"@id\":\"https:\/\/urologiagirona.com\/en\/about-us\/#breadcrumb\",\"itemListElement\":[{\"@type\":\"ListItem\",\"position\":1,\"name\":\"Inici\",\"item\":\"https:\/\/urologiagirona.com\/urologia-girona-2025\/\"},{\"@type\":\"ListItem\",\"position\":2,\"name\":\"About us\"}]},{\"@type\":\"WebSite\",\"@id\":\"https:\/\/urologiagirona.com\/#website\",\"url\":\"https:\/\/urologiagirona.com\/\",\"name\":\"Urologia Girona \/ Cl\u00ednica Urologia Girona\",\"description\":\"Som especialistes en cirurgia rob\u00f2tica i m\u00ednimament invasiva per el tractament de patologia prost\u00e0tica ( l\u00e0ser de pr\u00f2stata, Robot Da Vinci, ter\u00e0pia focal), patologia renal (c\u00e0ncer, litiasis, cirurgia rob\u00f2tica i laparosc\u00f2pia) i vesical (tumors de bufeta).\",\"publisher\":{\"@id\":\"https:\/\/urologiagirona.com\/#organization\"},\"alternateName\":\"Cl\u00ednica Urologia Girona\",\"potentialAction\":[{\"@type\":\"SearchAction\",\"target\":{\"@type\":\"EntryPoint\",\"urlTemplate\":\"https:\/\/urologiagirona.com\/?s={search_term_string}\"},\"query-input\":{\"@type\":\"PropertyValueSpecification\",\"valueRequired\":true,\"valueName\":\"search_term_string\"}}],\"inLanguage\":\"en-US\"},{\"@type\":\"Organization\",\"@id\":\"https:\/\/urologiagirona.com\/#organization\",\"name\":\"Urologia Girona \/ Cl\u00ednica Urologia Girona\",\"url\":\"https:\/\/urologiagirona.com\/\",\"logo\":{\"@type\":\"ImageObject\",\"inLanguage\":\"en-US\",\"@id\":\"https:\/\/urologiagirona.com\/#\/schema\/logo\/image\/\",\"url\":\"https:\/\/urologiagirona.com\/wp-content\/uploads\/2020\/11\/logo_urologia_girona.jpg\",\"contentUrl\":\"https:\/\/urologiagirona.com\/wp-content\/uploads\/2020\/11\/logo_urologia_girona.jpg\",\"width\":600,\"height\":341,\"caption\":\"Urologia Girona \/ Cl\u00ednica Urologia Girona\"},\"image\":{\"@id\":\"https:\/\/urologiagirona.com\/#\/schema\/logo\/image\/\"}}]}<\/script>\n<!-- \/ Yoast SEO plugin. -->","yoast_head_json":{"title":"About us - Urologia Girona","robots":{"index":"index","follow":"follow","max-snippet":"max-snippet:-1","max-image-preview":"max-image-preview:large","max-video-preview":"max-video-preview:-1"},"canonical":"https:\/\/urologiagirona.com\/en\/about-us\/","og_locale":"en_US","og_type":"article","og_title":"About us - Urologia Girona","og_description":"Doctor Boix Degree in Medicine from the University of Barcelona, 2003. Specialist in Urology since 2009 after completing MIR residency at the Germans Trias i Pujol Hospital in Badalona 2004-2009. Assistant Physician in the Urology Service of Josep Trueta Hospital, Girona, since 2009. Assistance as a clinical and surgical observer at the Department of Urology [&hellip;]","og_url":"https:\/\/urologiagirona.com\/en\/about-us\/","og_site_name":"Urologia Girona","article_modified_time":"2026-03-25T08:50:52+00:00","og_image":[{"width":600,"height":341,"url":"https:\/\/urologiagirona.com\/wp-content\/uploads\/2020\/11\/logo_urologia_girona.jpg","type":"image\/jpeg"}],"schema":{"@context":"https:\/\/schema.org","@graph":[{"@type":"WebPage","@id":"https:\/\/urologiagirona.com\/en\/about-us\/","url":"https:\/\/urologiagirona.com\/en\/about-us\/","name":"About us - Urologia Girona","isPartOf":{"@id":"https:\/\/urologiagirona.com\/#website"},"datePublished":"2021-05-28T09:41:01+00:00","dateModified":"2026-03-25T08:50:52+00:00","breadcrumb":{"@id":"https:\/\/urologiagirona.com\/en\/about-us\/#breadcrumb"},"inLanguage":"en-US","potentialAction":[{"@type":"ReadAction","target":["https:\/\/urologiagirona.com\/en\/about-us\/"]}]},{"@type":"BreadcrumbList","@id":"https:\/\/urologiagirona.com\/en\/about-us\/#breadcrumb","itemListElement":[{"@type":"ListItem","position":1,"name":"Inici","item":"https:\/\/urologiagirona.com\/urologia-girona-2025\/"},{"@type":"ListItem","position":2,"name":"About us"}]},{"@type":"WebSite","@id":"https:\/\/urologiagirona.com\/#website","url":"https:\/\/urologiagirona.com\/","name":"Urologia Girona \/ Cl\u00ednica Urologia Girona","description":"Som especialistes en cirurgia rob\u00f2tica i m\u00ednimament invasiva per el tractament de patologia prost\u00e0tica ( l\u00e0ser de pr\u00f2stata, Robot Da Vinci, ter\u00e0pia focal), patologia renal (c\u00e0ncer, litiasis, cirurgia rob\u00f2tica i laparosc\u00f2pia) i vesical (tumors de bufeta).","publisher":{"@id":"https:\/\/urologiagirona.com\/#organization"},"alternateName":"Cl\u00ednica Urologia Girona","potentialAction":[{"@type":"SearchAction","target":{"@type":"EntryPoint","urlTemplate":"https:\/\/urologiagirona.com\/?s={search_term_string}"},"query-input":{"@type":"PropertyValueSpecification","valueRequired":true,"valueName":"search_term_string"}}],"inLanguage":"en-US"},{"@type":"Organization","@id":"https:\/\/urologiagirona.com\/#organization","name":"Urologia Girona \/ Cl\u00ednica Urologia Girona","url":"https:\/\/urologiagirona.com\/","logo":{"@type":"ImageObject","inLanguage":"en-US","@id":"https:\/\/urologiagirona.com\/#\/schema\/logo\/image\/","url":"https:\/\/urologiagirona.com\/wp-content\/uploads\/2020\/11\/logo_urologia_girona.jpg","contentUrl":"https:\/\/urologiagirona.com\/wp-content\/uploads\/2020\/11\/logo_urologia_girona.jpg","width":600,"height":341,"caption":"Urologia Girona \/ Cl\u00ednica Urologia Girona"},"image":{"@id":"https:\/\/urologiagirona.com\/#\/schema\/logo\/image\/"}}]}},"_links":{"self":[{"href":"https:\/\/urologiagirona.com\/en\/wp-json\/wp\/v2\/pages\/976","targetHints":{"allow":["GET"]}}],"collection":[{"href":"https:\/\/urologiagirona.com\/en\/wp-json\/wp\/v2\/pages"}],"about":[{"href":"https:\/\/urologiagirona.com\/en\/wp-json\/wp\/v2\/types\/page"}],"author":[{"embeddable":true,"href":"https:\/\/urologiagirona.com\/en\/wp-json\/wp\/v2\/users\/1"}],"replies":[{"embeddable":true,"href":"https:\/\/urologiagirona.com\/en\/wp-json\/wp\/v2\/comments?post=976"}],"version-history":[{"count":7,"href":"https:\/\/urologiagirona.com\/en\/wp-json\/wp\/v2\/pages\/976\/revisions"}],"predecessor-version":[{"id":1204,"href":"https:\/\/urologiagirona.com\/en\/wp-json\/wp\/v2\/pages\/976\/revisions\/1204"}],"wp:attachment":[{"href":"https:\/\/urologiagirona.com\/en\/wp-json\/wp\/v2\/media?parent=976"}],"curies":[{"name":"wp","href":"https:\/\/api.w.org\/{rel}","templated":true}]}}