{"id":959,"date":"2021-05-28T11:19:31","date_gmt":"2021-05-28T09:19:31","guid":{"rendered":"https:\/\/urologiagirona.com\/da-vinci-robotics\/robotic-radical-cystectomy-bladder-cancer\/"},"modified":"2021-05-28T11:19:31","modified_gmt":"2021-05-28T09:19:31","slug":"robotic-radical-cystectomy-bladder-cancer","status":"publish","type":"page","link":"https:\/\/urologiagirona.com\/en\/da-vinci-robotics\/robotic-radical-cystectomy-bladder-cancer\/","title":{"rendered":"Robotic Radical Cystectomy. (BLADDER CANCER)"},"content":{"rendered":"\r\n<p><b>When the tumor invades the bladder muscle, it is necessary to completely remove the bladder and rebuild the urinary tract using different techniques.<\/b><\/p>\r\n<p><span style=\"font-weight: 400;\">Robotic radical cystectomy<\/span><\/p>\r\n<p><span style=\"font-weight: 400;\">It consists of removing the bladder (and the prostate in the case of men, in the case of women it includes the uterus and two-thirds of the anterior face of the vagina). A lymphadenectomy is also performed, which involves removing lymph nodes. In this way, it is possible to remove all tumor tissue.<\/span><\/p>\r\n<p><b>Once the bladder has been removed,<\/b><span style=\"font-weight: 400;\"> the reconstruction of the urinary tract is required. Depending on the case, this reconstruction may be by interposing a bowel loop that approaches the skin (ileal duct, Bricker technique) or by making a Neo-bladder, in which case urinary continence is preserved and will not be It is necessary for the patient to wear urine elimination bags.<\/span><\/p>\r\n<p><span style=\"font-weight: 400;\">Robotic surgery provides the possibility of avoiding the surgical incision and therefore the consequences of contact of the intestinal loops with the exterior, so that recovery is much swifter.<\/span><\/p>\r\n<p><b>Usually, hospital admission lasts 10-14 days and intensive care is required for the first 24-48 hours.<\/b><\/p>\r\n<p><b>Brief description of the procedure<\/b><\/p>\r\n<p><span style=\"font-weight: 400;\">The patient is placed in a supine position under general anesthesia. 4 holes are made in the lower abdomen, these small holes are what the robot uses as access ports to introduce the instruments.<\/span><\/p>\r\n<p><span style=\"font-weight: 400;\">The bladder and pertinent structures are removed according to the sex of the patient, followed by lymphadectomy. Next, the urinary reconstruction is carried out either with the ileal conduit or the making of a neobladder, in both cases it will be necessary to manipulate the small intestine.<\/span><\/p>\r\n<p><span style=\"font-weight: 400;\">At the end of the surgery, the excised tissue is removed through one of these slightly enlarged mini-incisions and a drain is placed. The duration of the surgery is between 4-8h (varying depending on the urinary diversion to be performed and the difficulties that may arise). Admission lasts between 7-10 days, <\/span><b>the first 48 hours in the ICU. It takes between 3 and 5 weeks of convalescence before you can gradually begin to recover your usual activities.<\/b><\/p>\r\n","protected":false},"excerpt":{"rendered":"<p>When the tumor invades the bladder muscle, it is necessary to completely remove the bladder and rebuild the urinary tract using different techniques. Robotic radical cystectomy It consists of removing the bladder (and the prostate in the case of men, in the case of women it includes the uterus and two-thirds of the anterior face [&hellip;]<\/p>\n","protected":false},"author":1,"featured_media":0,"parent":953,"menu_order":0,"comment_status":"closed","ping_status":"closed","template":"","meta":{"_et_pb_use_builder":"off","_et_pb_old_content":"","_et_gb_content_width":"","footnotes":""},"class_list":["post-959","page","type-page","status-publish","hentry"],"yoast_head":"<!-- This site is optimized with the Yoast SEO plugin v25.8 - https:\/\/yoast.com\/wordpress\/plugins\/seo\/ -->\n<title>Robotic Radical Cystectomy. (BLADDER CANCER) - Urologia Girona<\/title>\n<meta name=\"robots\" content=\"index, follow, max-snippet:-1, max-image-preview:large, max-video-preview:-1\" \/>\n<link rel=\"canonical\" href=\"https:\/\/urologiagirona.com\/en\/da-vinci-robotics\/robotic-radical-cystectomy-bladder-cancer\/\" \/>\n<meta property=\"og:locale\" content=\"en_US\" \/>\n<meta property=\"og:type\" content=\"article\" \/>\n<meta property=\"og:title\" content=\"Robotic Radical Cystectomy. (BLADDER CANCER) - Urologia Girona\" \/>\n<meta property=\"og:description\" content=\"When the tumor invades the bladder muscle, it is necessary to completely remove the bladder and rebuild the urinary tract using different techniques. Robotic radical cystectomy It consists of removing the bladder (and the prostate in the case of men, in the case of women it includes the uterus and two-thirds of the anterior face [&hellip;]\" \/>\n<meta property=\"og:url\" content=\"https:\/\/urologiagirona.com\/en\/da-vinci-robotics\/robotic-radical-cystectomy-bladder-cancer\/\" \/>\n<meta property=\"og:site_name\" content=\"Urologia Girona\" \/>\n<meta property=\"og:image\" content=\"https:\/\/urologiagirona.com\/wp-content\/uploads\/2020\/11\/logo_urologia_girona.jpg\" \/>\n\t<meta property=\"og:image:width\" content=\"600\" \/>\n\t<meta property=\"og:image:height\" content=\"341\" \/>\n\t<meta property=\"og:image:type\" content=\"image\/jpeg\" \/>\n<script type=\"application\/ld+json\" class=\"yoast-schema-graph\">{\"@context\":\"https:\/\/schema.org\",\"@graph\":[{\"@type\":\"WebPage\",\"@id\":\"https:\/\/urologiagirona.com\/en\/da-vinci-robotics\/robotic-radical-cystectomy-bladder-cancer\/\",\"url\":\"https:\/\/urologiagirona.com\/en\/da-vinci-robotics\/robotic-radical-cystectomy-bladder-cancer\/\",\"name\":\"Robotic Radical Cystectomy. (BLADDER CANCER) - Urologia Girona\",\"isPartOf\":{\"@id\":\"https:\/\/urologiagirona.com\/#website\"},\"datePublished\":\"2021-05-28T09:19:31+00:00\",\"breadcrumb\":{\"@id\":\"https:\/\/urologiagirona.com\/en\/da-vinci-robotics\/robotic-radical-cystectomy-bladder-cancer\/#breadcrumb\"},\"inLanguage\":\"en-US\",\"potentialAction\":[{\"@type\":\"ReadAction\",\"target\":[\"https:\/\/urologiagirona.com\/en\/da-vinci-robotics\/robotic-radical-cystectomy-bladder-cancer\/\"]}]},{\"@type\":\"BreadcrumbList\",\"@id\":\"https:\/\/urologiagirona.com\/en\/da-vinci-robotics\/robotic-radical-cystectomy-bladder-cancer\/#breadcrumb\",\"itemListElement\":[{\"@type\":\"ListItem\",\"position\":1,\"name\":\"Inici\",\"item\":\"https:\/\/urologiagirona.com\/urologia-girona-2025\/\"},{\"@type\":\"ListItem\",\"position\":2,\"name\":\"Da Vinci Robotics\",\"item\":\"https:\/\/urologiagirona.com\/en\/da-vinci-robotics\/\"},{\"@type\":\"ListItem\",\"position\":3,\"name\":\"Robotic Radical Cystectomy. (BLADDER CANCER)\"}]},{\"@type\":\"WebSite\",\"@id\":\"https:\/\/urologiagirona.com\/#website\",\"url\":\"https:\/\/urologiagirona.com\/\",\"name\":\"Urologia Girona \/ Cl\u00ednica Urologia Girona\",\"description\":\"Som especialistes en cirurgia rob\u00f2tica i m\u00ednimament invasiva per el tractament de patologia prost\u00e0tica ( l\u00e0ser de pr\u00f2stata, Robot Da Vinci, ter\u00e0pia focal), patologia renal (c\u00e0ncer, litiasis, cirurgia rob\u00f2tica i laparosc\u00f2pia) i vesical (tumors de bufeta).\",\"publisher\":{\"@id\":\"https:\/\/urologiagirona.com\/#organization\"},\"alternateName\":\"Cl\u00ednica Urologia Girona\",\"potentialAction\":[{\"@type\":\"SearchAction\",\"target\":{\"@type\":\"EntryPoint\",\"urlTemplate\":\"https:\/\/urologiagirona.com\/?s={search_term_string}\"},\"query-input\":{\"@type\":\"PropertyValueSpecification\",\"valueRequired\":true,\"valueName\":\"search_term_string\"}}],\"inLanguage\":\"en-US\"},{\"@type\":\"Organization\",\"@id\":\"https:\/\/urologiagirona.com\/#organization\",\"name\":\"Urologia Girona \/ Cl\u00ednica Urologia Girona\",\"url\":\"https:\/\/urologiagirona.com\/\",\"logo\":{\"@type\":\"ImageObject\",\"inLanguage\":\"en-US\",\"@id\":\"https:\/\/urologiagirona.com\/#\/schema\/logo\/image\/\",\"url\":\"https:\/\/urologiagirona.com\/wp-content\/uploads\/2020\/11\/logo_urologia_girona.jpg\",\"contentUrl\":\"https:\/\/urologiagirona.com\/wp-content\/uploads\/2020\/11\/logo_urologia_girona.jpg\",\"width\":600,\"height\":341,\"caption\":\"Urologia Girona \/ Cl\u00ednica Urologia Girona\"},\"image\":{\"@id\":\"https:\/\/urologiagirona.com\/#\/schema\/logo\/image\/\"}}]}<\/script>\n<!-- \/ Yoast SEO plugin. -->","yoast_head_json":{"title":"Robotic Radical Cystectomy. (BLADDER CANCER) - Urologia Girona","robots":{"index":"index","follow":"follow","max-snippet":"max-snippet:-1","max-image-preview":"max-image-preview:large","max-video-preview":"max-video-preview:-1"},"canonical":"https:\/\/urologiagirona.com\/en\/da-vinci-robotics\/robotic-radical-cystectomy-bladder-cancer\/","og_locale":"en_US","og_type":"article","og_title":"Robotic Radical Cystectomy. (BLADDER CANCER) - Urologia Girona","og_description":"When the tumor invades the bladder muscle, it is necessary to completely remove the bladder and rebuild the urinary tract using different techniques. Robotic radical cystectomy It consists of removing the bladder (and the prostate in the case of men, in the case of women it includes the uterus and two-thirds of the anterior face [&hellip;]","og_url":"https:\/\/urologiagirona.com\/en\/da-vinci-robotics\/robotic-radical-cystectomy-bladder-cancer\/","og_site_name":"Urologia Girona","og_image":[{"width":600,"height":341,"url":"https:\/\/urologiagirona.com\/wp-content\/uploads\/2020\/11\/logo_urologia_girona.jpg","type":"image\/jpeg"}],"schema":{"@context":"https:\/\/schema.org","@graph":[{"@type":"WebPage","@id":"https:\/\/urologiagirona.com\/en\/da-vinci-robotics\/robotic-radical-cystectomy-bladder-cancer\/","url":"https:\/\/urologiagirona.com\/en\/da-vinci-robotics\/robotic-radical-cystectomy-bladder-cancer\/","name":"Robotic Radical Cystectomy. (BLADDER CANCER) - Urologia Girona","isPartOf":{"@id":"https:\/\/urologiagirona.com\/#website"},"datePublished":"2021-05-28T09:19:31+00:00","breadcrumb":{"@id":"https:\/\/urologiagirona.com\/en\/da-vinci-robotics\/robotic-radical-cystectomy-bladder-cancer\/#breadcrumb"},"inLanguage":"en-US","potentialAction":[{"@type":"ReadAction","target":["https:\/\/urologiagirona.com\/en\/da-vinci-robotics\/robotic-radical-cystectomy-bladder-cancer\/"]}]},{"@type":"BreadcrumbList","@id":"https:\/\/urologiagirona.com\/en\/da-vinci-robotics\/robotic-radical-cystectomy-bladder-cancer\/#breadcrumb","itemListElement":[{"@type":"ListItem","position":1,"name":"Inici","item":"https:\/\/urologiagirona.com\/urologia-girona-2025\/"},{"@type":"ListItem","position":2,"name":"Da Vinci Robotics","item":"https:\/\/urologiagirona.com\/en\/da-vinci-robotics\/"},{"@type":"ListItem","position":3,"name":"Robotic Radical Cystectomy. (BLADDER CANCER)"}]},{"@type":"WebSite","@id":"https:\/\/urologiagirona.com\/#website","url":"https:\/\/urologiagirona.com\/","name":"Urologia Girona \/ Cl\u00ednica Urologia Girona","description":"Som especialistes en cirurgia rob\u00f2tica i m\u00ednimament invasiva per el tractament de patologia prost\u00e0tica ( l\u00e0ser de pr\u00f2stata, Robot Da Vinci, ter\u00e0pia focal), patologia renal (c\u00e0ncer, litiasis, cirurgia rob\u00f2tica i laparosc\u00f2pia) i vesical (tumors de bufeta).","publisher":{"@id":"https:\/\/urologiagirona.com\/#organization"},"alternateName":"Cl\u00ednica Urologia Girona","potentialAction":[{"@type":"SearchAction","target":{"@type":"EntryPoint","urlTemplate":"https:\/\/urologiagirona.com\/?s={search_term_string}"},"query-input":{"@type":"PropertyValueSpecification","valueRequired":true,"valueName":"search_term_string"}}],"inLanguage":"en-US"},{"@type":"Organization","@id":"https:\/\/urologiagirona.com\/#organization","name":"Urologia Girona \/ Cl\u00ednica Urologia Girona","url":"https:\/\/urologiagirona.com\/","logo":{"@type":"ImageObject","inLanguage":"en-US","@id":"https:\/\/urologiagirona.com\/#\/schema\/logo\/image\/","url":"https:\/\/urologiagirona.com\/wp-content\/uploads\/2020\/11\/logo_urologia_girona.jpg","contentUrl":"https:\/\/urologiagirona.com\/wp-content\/uploads\/2020\/11\/logo_urologia_girona.jpg","width":600,"height":341,"caption":"Urologia Girona \/ Cl\u00ednica Urologia Girona"},"image":{"@id":"https:\/\/urologiagirona.com\/#\/schema\/logo\/image\/"}}]}},"_links":{"self":[{"href":"https:\/\/urologiagirona.com\/en\/wp-json\/wp\/v2\/pages\/959","targetHints":{"allow":["GET"]}}],"collection":[{"href":"https:\/\/urologiagirona.com\/en\/wp-json\/wp\/v2\/pages"}],"about":[{"href":"https:\/\/urologiagirona.com\/en\/wp-json\/wp\/v2\/types\/page"}],"author":[{"embeddable":true,"href":"https:\/\/urologiagirona.com\/en\/wp-json\/wp\/v2\/users\/1"}],"replies":[{"embeddable":true,"href":"https:\/\/urologiagirona.com\/en\/wp-json\/wp\/v2\/comments?post=959"}],"version-history":[{"count":0,"href":"https:\/\/urologiagirona.com\/en\/wp-json\/wp\/v2\/pages\/959\/revisions"}],"up":[{"embeddable":true,"href":"https:\/\/urologiagirona.com\/en\/wp-json\/wp\/v2\/pages\/953"}],"wp:attachment":[{"href":"https:\/\/urologiagirona.com\/en\/wp-json\/wp\/v2\/media?parent=959"}],"curies":[{"name":"wp","href":"https:\/\/api.w.org\/{rel}","templated":true}]}}