{"id":953,"date":"2021-05-28T11:16:58","date_gmt":"2021-05-28T09:16:58","guid":{"rendered":"https:\/\/urologiagirona.com\/da-vinci-robotics\/"},"modified":"2021-05-28T12:02:59","modified_gmt":"2021-05-28T10:02:59","slug":"da-vinci-robotics","status":"publish","type":"page","link":"https:\/\/urologiagirona.com\/en\/da-vinci-robotics\/","title":{"rendered":"Da Vinci Robotics"},"content":{"rendered":"[et_pb_section admin_label=&#8221;section&#8221;]\n\t\t\t[et_pb_row admin_label=&#8221;row&#8221;]\n\t\t\t\t[et_pb_column type=&#8221;4_4&#8243;][et_pb_text admin_label=&#8221;Text&#8221;]\n<p><strong>The Da Vinci system<\/strong> is a <strong>robotic surgery system<\/strong> designed and manufactured in the United States at the beginning of the year 2000 and that has been developed and refined to this day. It is one more step to the contribution made by laparoscopic surgery, since a robot assists the surgeon at the time of performing it.<\/p>\n\n\n\n<p>The robot consists of 4 robotic arms, one of them supports the optical system, that is, where you can see the surgical procedures that are being carried out and, on the other three arms, different types of devices are attached (tweezers, scalpels, needle holders, staplers \u2026) in order to proceed with the intervention. All of them do not act autonomously as many people believe or assume. The surgeon, from a console located in the same operating room, is in charge of activating and controlling all the elements described above.<\/p>\n\n\n\n<p>This complex system offers a vision in three dimensions and at a very high resolution. The robotic arms have a superior mobility to the human wrist in terms of degrees of freedom. <strong>As a result of these technical advances, precision and safety increase.<\/strong><\/p>\n\n\n\n<p><strong>In urology, all procedures that are performed laparoscopically can be performed robotically. More and more procedures are being implemented; not only in the oncological field, but also in reconstructive urology (fistulas, strictures\u2026) and functional surgery (bladder prolapse, urinary incontinence\u2026).<\/strong><\/p>\n\n\n\n<p>The Urology Girona team led by Dr. Comet and Dr.Boix have <strong>the opportunity to offer this type of intervention to patients, performing the surgery ourselves at the facilities of the Sagrada Familia Clinic in Barcelona<\/strong>, where the Da Vinci system is located, and in close collaboration with the urologists of the center during the postoperative period of the patient. These facilities allow us to provide comprehensive patient care, since we can carry out the diagnosis, treatment and monitoring of our patients without having to renounce the latest current technologies or refer our patients to other centers.<\/p>\n[\/et_pb_text][\/et_pb_column]\n\t\t\t[\/et_pb_row]\n\t\t[\/et_pb_section]","protected":false},"excerpt":{"rendered":"<p>[et_pb_section admin_label=&#8221;section&#8221;] [et_pb_row admin_label=&#8221;row&#8221;] [et_pb_column type=&#8221;4_4&#8243;][et_pb_text admin_label=&#8221;Text&#8221;] The Da Vinci system is a robotic surgery system designed and manufactured in the United States at the beginning of the year 2000 and that has been developed and refined to this day. It is one more step to the contribution made by laparoscopic surgery, since a robot [&hellip;]<\/p>\n","protected":false},"author":1,"featured_media":0,"parent":0,"menu_order":0,"comment_status":"closed","ping_status":"closed","template":"","meta":{"_et_pb_use_builder":"off","_et_pb_old_content":"<!-- wp:paragraph -->\n<p><strong>The Da Vinci system<\/strong> is a <strong>robotic surgery system<\/strong> designed and manufactured in the United States at the beginning of the year 2000 and that has been developed and refined to this day. It is one more step to the contribution made by laparoscopic surgery, since a robot assists the surgeon at the time of performing it.<\/p>\n<!-- \/wp:paragraph -->\n\n<!-- wp:paragraph -->\n<p>The robot consists of 4 robotic arms, one of them supports the optical system, that is, where you can see the surgical procedures that are being carried out and, on the other three arms, different types of devices are attached (tweezers, scalpels, needle holders, staplers \u2026) in order to proceed with the intervention. All of them do not act autonomously as many people believe or assume. The surgeon, from a console located in the same operating room, is in charge of activating and controlling all the elements described above.<\/p>\n<!-- \/wp:paragraph -->\n\n<!-- wp:paragraph -->\n<p>This complex system offers a vision in three dimensions and at a very high resolution. The robotic arms have a superior mobility to the human wrist in terms of degrees of freedom. <strong>As a result of these technical advances, precision and safety increase.<\/strong><\/p>\n<!-- \/wp:paragraph -->\n\n<!-- wp:paragraph -->\n<p><strong>In urology, all procedures that are performed laparoscopically can be performed robotically. More and more procedures are being implemented; not only in the oncological field, but also in reconstructive urology (fistulas, strictures\u2026) and functional surgery (bladder prolapse, urinary incontinence\u2026).<\/strong><\/p>\n<!-- \/wp:paragraph -->\n\n<!-- wp:paragraph -->\n<p>The Urology Girona team led by Dr. Comet and Dr.Boix have <strong>the opportunity to offer this type of intervention to patients, performing the surgery ourselves at the facilities of the Sagrada Familia Clinic in Barcelona<\/strong>, where the Da Vinci system is located, and in close collaboration with the urologists of the center during the postoperative period of the patient. These facilities allow us to provide comprehensive patient care, since we can carry out the diagnosis, treatment and monitoring of our patients without having to renounce the latest current technologies or refer our patients to other centers.<\/p>\n<!-- \/wp:paragraph -->","_et_gb_content_width":"","footnotes":""},"class_list":["post-953","page","type-page","status-publish","hentry"],"yoast_head":"<!-- This site is optimized with the Yoast SEO plugin v25.8 - https:\/\/yoast.com\/wordpress\/plugins\/seo\/ -->\n<title>Da Vinci Robotics - Urologia Girona<\/title>\n<meta name=\"robots\" content=\"index, follow, max-snippet:-1, max-image-preview:large, max-video-preview:-1\" \/>\n<link rel=\"canonical\" href=\"https:\/\/urologiagirona.com\/en\/da-vinci-robotics\/\" \/>\n<meta property=\"og:locale\" content=\"en_US\" \/>\n<meta property=\"og:type\" content=\"article\" \/>\n<meta property=\"og:title\" content=\"Da Vinci Robotics - Urologia Girona\" \/>\n<meta property=\"og:description\" content=\"[et_pb_section admin_label=&#8221;section&#8221;] [et_pb_row admin_label=&#8221;row&#8221;] [et_pb_column type=&#8221;4_4&#8243;][et_pb_text admin_label=&#8221;Text&#8221;] The Da Vinci system is a robotic surgery system designed and manufactured in the United States at the beginning of the year 2000 and that has been developed and refined to this day. It is one more step to the contribution made by laparoscopic surgery, since a robot [&hellip;]\" \/>\n<meta property=\"og:url\" content=\"https:\/\/urologiagirona.com\/en\/da-vinci-robotics\/\" \/>\n<meta property=\"og:site_name\" content=\"Urologia Girona\" \/>\n<meta property=\"article:modified_time\" content=\"2021-05-28T10:02:59+00:00\" \/>\n<meta property=\"og:image\" content=\"https:\/\/urologiagirona.com\/wp-content\/uploads\/2020\/11\/logo_urologia_girona.jpg\" \/>\n\t<meta property=\"og:image:width\" content=\"600\" \/>\n\t<meta property=\"og:image:height\" content=\"341\" \/>\n\t<meta property=\"og:image:type\" content=\"image\/jpeg\" \/>\n<script type=\"application\/ld+json\" class=\"yoast-schema-graph\">{\"@context\":\"https:\/\/schema.org\",\"@graph\":[{\"@type\":\"WebPage\",\"@id\":\"https:\/\/urologiagirona.com\/en\/da-vinci-robotics\/\",\"url\":\"https:\/\/urologiagirona.com\/en\/da-vinci-robotics\/\",\"name\":\"Da Vinci Robotics - Urologia Girona\",\"isPartOf\":{\"@id\":\"https:\/\/urologiagirona.com\/#website\"},\"datePublished\":\"2021-05-28T09:16:58+00:00\",\"dateModified\":\"2021-05-28T10:02:59+00:00\",\"breadcrumb\":{\"@id\":\"https:\/\/urologiagirona.com\/en\/da-vinci-robotics\/#breadcrumb\"},\"inLanguage\":\"en-US\",\"potentialAction\":[{\"@type\":\"ReadAction\",\"target\":[\"https:\/\/urologiagirona.com\/en\/da-vinci-robotics\/\"]}]},{\"@type\":\"BreadcrumbList\",\"@id\":\"https:\/\/urologiagirona.com\/en\/da-vinci-robotics\/#breadcrumb\",\"itemListElement\":[{\"@type\":\"ListItem\",\"position\":1,\"name\":\"Inici\",\"item\":\"https:\/\/urologiagirona.com\/urologia-girona-2025\/\"},{\"@type\":\"ListItem\",\"position\":2,\"name\":\"Da Vinci Robotics\"}]},{\"@type\":\"WebSite\",\"@id\":\"https:\/\/urologiagirona.com\/#website\",\"url\":\"https:\/\/urologiagirona.com\/\",\"name\":\"Urologia Girona \/ Cl\u00ednica Urologia Girona\",\"description\":\"Som especialistes en cirurgia rob\u00f2tica i m\u00ednimament invasiva per el tractament de patologia prost\u00e0tica ( l\u00e0ser de pr\u00f2stata, Robot Da Vinci, ter\u00e0pia focal), patologia renal (c\u00e0ncer, litiasis, cirurgia rob\u00f2tica i laparosc\u00f2pia) i vesical (tumors de bufeta).\",\"publisher\":{\"@id\":\"https:\/\/urologiagirona.com\/#organization\"},\"alternateName\":\"Cl\u00ednica Urologia Girona\",\"potentialAction\":[{\"@type\":\"SearchAction\",\"target\":{\"@type\":\"EntryPoint\",\"urlTemplate\":\"https:\/\/urologiagirona.com\/?s={search_term_string}\"},\"query-input\":{\"@type\":\"PropertyValueSpecification\",\"valueRequired\":true,\"valueName\":\"search_term_string\"}}],\"inLanguage\":\"en-US\"},{\"@type\":\"Organization\",\"@id\":\"https:\/\/urologiagirona.com\/#organization\",\"name\":\"Urologia Girona \/ Cl\u00ednica Urologia Girona\",\"url\":\"https:\/\/urologiagirona.com\/\",\"logo\":{\"@type\":\"ImageObject\",\"inLanguage\":\"en-US\",\"@id\":\"https:\/\/urologiagirona.com\/#\/schema\/logo\/image\/\",\"url\":\"https:\/\/urologiagirona.com\/wp-content\/uploads\/2020\/11\/logo_urologia_girona.jpg\",\"contentUrl\":\"https:\/\/urologiagirona.com\/wp-content\/uploads\/2020\/11\/logo_urologia_girona.jpg\",\"width\":600,\"height\":341,\"caption\":\"Urologia Girona \/ Cl\u00ednica Urologia Girona\"},\"image\":{\"@id\":\"https:\/\/urologiagirona.com\/#\/schema\/logo\/image\/\"}}]}<\/script>\n<!-- \/ Yoast SEO plugin. -->","yoast_head_json":{"title":"Da Vinci Robotics - Urologia Girona","robots":{"index":"index","follow":"follow","max-snippet":"max-snippet:-1","max-image-preview":"max-image-preview:large","max-video-preview":"max-video-preview:-1"},"canonical":"https:\/\/urologiagirona.com\/en\/da-vinci-robotics\/","og_locale":"en_US","og_type":"article","og_title":"Da Vinci Robotics - Urologia Girona","og_description":"[et_pb_section admin_label=&#8221;section&#8221;] [et_pb_row admin_label=&#8221;row&#8221;] [et_pb_column type=&#8221;4_4&#8243;][et_pb_text admin_label=&#8221;Text&#8221;] The Da Vinci system is a robotic surgery system designed and manufactured in the United States at the beginning of the year 2000 and that has been developed and refined to this day. It is one more step to the contribution made by laparoscopic surgery, since a robot [&hellip;]","og_url":"https:\/\/urologiagirona.com\/en\/da-vinci-robotics\/","og_site_name":"Urologia Girona","article_modified_time":"2021-05-28T10:02:59+00:00","og_image":[{"width":600,"height":341,"url":"https:\/\/urologiagirona.com\/wp-content\/uploads\/2020\/11\/logo_urologia_girona.jpg","type":"image\/jpeg"}],"schema":{"@context":"https:\/\/schema.org","@graph":[{"@type":"WebPage","@id":"https:\/\/urologiagirona.com\/en\/da-vinci-robotics\/","url":"https:\/\/urologiagirona.com\/en\/da-vinci-robotics\/","name":"Da Vinci Robotics - Urologia Girona","isPartOf":{"@id":"https:\/\/urologiagirona.com\/#website"},"datePublished":"2021-05-28T09:16:58+00:00","dateModified":"2021-05-28T10:02:59+00:00","breadcrumb":{"@id":"https:\/\/urologiagirona.com\/en\/da-vinci-robotics\/#breadcrumb"},"inLanguage":"en-US","potentialAction":[{"@type":"ReadAction","target":["https:\/\/urologiagirona.com\/en\/da-vinci-robotics\/"]}]},{"@type":"BreadcrumbList","@id":"https:\/\/urologiagirona.com\/en\/da-vinci-robotics\/#breadcrumb","itemListElement":[{"@type":"ListItem","position":1,"name":"Inici","item":"https:\/\/urologiagirona.com\/urologia-girona-2025\/"},{"@type":"ListItem","position":2,"name":"Da Vinci Robotics"}]},{"@type":"WebSite","@id":"https:\/\/urologiagirona.com\/#website","url":"https:\/\/urologiagirona.com\/","name":"Urologia Girona \/ Cl\u00ednica Urologia Girona","description":"Som especialistes en cirurgia rob\u00f2tica i m\u00ednimament invasiva per el tractament de patologia prost\u00e0tica ( l\u00e0ser de pr\u00f2stata, Robot Da Vinci, ter\u00e0pia focal), patologia renal (c\u00e0ncer, litiasis, cirurgia rob\u00f2tica i laparosc\u00f2pia) i vesical (tumors de bufeta).","publisher":{"@id":"https:\/\/urologiagirona.com\/#organization"},"alternateName":"Cl\u00ednica Urologia Girona","potentialAction":[{"@type":"SearchAction","target":{"@type":"EntryPoint","urlTemplate":"https:\/\/urologiagirona.com\/?s={search_term_string}"},"query-input":{"@type":"PropertyValueSpecification","valueRequired":true,"valueName":"search_term_string"}}],"inLanguage":"en-US"},{"@type":"Organization","@id":"https:\/\/urologiagirona.com\/#organization","name":"Urologia Girona \/ Cl\u00ednica Urologia Girona","url":"https:\/\/urologiagirona.com\/","logo":{"@type":"ImageObject","inLanguage":"en-US","@id":"https:\/\/urologiagirona.com\/#\/schema\/logo\/image\/","url":"https:\/\/urologiagirona.com\/wp-content\/uploads\/2020\/11\/logo_urologia_girona.jpg","contentUrl":"https:\/\/urologiagirona.com\/wp-content\/uploads\/2020\/11\/logo_urologia_girona.jpg","width":600,"height":341,"caption":"Urologia Girona \/ Cl\u00ednica Urologia Girona"},"image":{"@id":"https:\/\/urologiagirona.com\/#\/schema\/logo\/image\/"}}]}},"_links":{"self":[{"href":"https:\/\/urologiagirona.com\/en\/wp-json\/wp\/v2\/pages\/953","targetHints":{"allow":["GET"]}}],"collection":[{"href":"https:\/\/urologiagirona.com\/en\/wp-json\/wp\/v2\/pages"}],"about":[{"href":"https:\/\/urologiagirona.com\/en\/wp-json\/wp\/v2\/types\/page"}],"author":[{"embeddable":true,"href":"https:\/\/urologiagirona.com\/en\/wp-json\/wp\/v2\/users\/1"}],"replies":[{"embeddable":true,"href":"https:\/\/urologiagirona.com\/en\/wp-json\/wp\/v2\/comments?post=953"}],"version-history":[{"count":3,"href":"https:\/\/urologiagirona.com\/en\/wp-json\/wp\/v2\/pages\/953\/revisions"}],"predecessor-version":[{"id":990,"href":"https:\/\/urologiagirona.com\/en\/wp-json\/wp\/v2\/pages\/953\/revisions\/990"}],"wp:attachment":[{"href":"https:\/\/urologiagirona.com\/en\/wp-json\/wp\/v2\/media?parent=953"}],"curies":[{"name":"wp","href":"https:\/\/api.w.org\/{rel}","templated":true}]}}