{"id":949,"date":"2021-05-28T11:14:44","date_gmt":"2021-05-28T09:14:44","guid":{"rendered":"https:\/\/urologiagirona.com\/laparoscopic-surgery-in-3d\/"},"modified":"2021-05-28T11:15:14","modified_gmt":"2021-05-28T09:15:14","slug":"laparoscopic-surgery-in-3d","status":"publish","type":"page","link":"https:\/\/urologiagirona.com\/en\/laparoscopic-surgery-in-3d\/","title":{"rendered":"Laparoscopic surgery in 3D"},"content":{"rendered":"<p><a href=\"https:\/\/urologiagirona.com\/wp-content\/uploads\/2015\/04\/uroleg-1631.jpg\"><img fetchpriority=\"high\" fetchpriority=\"high\" decoding=\"async\" class=\" wp-image-119 alignright\" src=\"https:\/\/urologiagirona.com\/wp-content\/uploads\/2015\/04\/uroleg-1631-300x200.jpg\" alt=\"uroleg, urologia, clinica onyar, dr boix, dr comet\" width=\"379\" height=\"239\" \/><\/a><\/p>\n<p><b>Laparoscopic 3D surgery is a type of surgery that has the same advantages as conventional laparoscopy (without incisions, surgery is performed through small holes) but with 3D vision.<\/b><span style=\"font-weight: 400;\"> This three-dimensional view facilitates surgery, especially when performing complex movements, such as sutures.<\/span><\/p>\n<p><b>To carry out laparoscopic surgery in 3D<\/b><span style=\"font-weight: 400;\">, carbon dioxide is also blown into the abdominal cavity and the instruments are inserted through holes that allow us to carry out the intervention. But the type of vision we obtain changes, with a 3D camera.<\/span><\/p>\n<p><span style=\"font-weight: 400;\">The advantages of laparoscopic surgery (conventional and 3D) over classical open surgery are:<\/span><\/p>\n<ul>\n<li style=\"font-weight: 400;\" aria-level=\"1\"><span style=\"font-weight: 400;\">Faster recovery without major injuries.<\/span><\/li>\n<li style=\"font-weight: 400;\" aria-level=\"1\"><span style=\"font-weight: 400;\">Decreased blood loss during surgery. The need for blood transfusions is very low.<\/span><\/li>\n<li style=\"font-weight: 400;\" aria-level=\"1\"><span style=\"font-weight: 400;\">Increased precision, thanks to the magnification of the image, which allows us to appreciate a greater detail of the anatomy.<\/span><\/li>\n<\/ul>\n<p><span style=\"font-weight: 400;\">We perform <\/span><b>3D laparoscopic surgery<\/b><span style=\"font-weight: 400;\"> for practically all laparoscopic oncological procedures of the kidney, prostate and bladder. It is also very useful for the surgery of benign processes of the kidney and urinary tract, such as stones and malformations, as well as the correction of prolapse of the pelvic organs in women.<\/span><\/p>\n<p><span style=\"font-weight: 400;\">The procedures that we do via conventional laparoscopy and in 3D are:<\/span><\/p>\n<ul>\n<li style=\"font-weight: 400;\" aria-level=\"1\"><b>Laparoscopic radical prostatectomy:<\/b><span style=\"font-weight: 400;\"> or removal of the prostate and seminal vesicles in prostate cancer<\/span><\/li>\n<li style=\"font-weight: 400;\" aria-level=\"1\"><b>Laparoscopic radical and partial nephrectomy<\/b><span style=\"font-weight: 400;\">: consists of the removal of the entire kidney or the tumor nodule, when it is smaller and in a more peripheral location<\/span><\/li>\n<li style=\"font-weight: 400;\" aria-level=\"1\"><b>Radical cystectomy with laparoscopic lymphadenectomy:<\/b><span style=\"font-weight: 400;\"> It is the complete removal of the urinary bladder and pelvic nodes for bladder cancer. This intervention is associated with a reconstruction that requires the use of intestinal segments.<\/span><\/li>\n<li style=\"font-weight: 400;\" aria-level=\"1\"><b>Laparoscopic pyeloplasty:<\/b><span style=\"font-weight: 400;\"> consists of the repair of a malformation of the urinary tract that causes an obstruction in the elimination of urine at the kidney level.<\/span><\/li>\n<li style=\"font-weight: 400;\" aria-level=\"1\"><b>Laparoscopic ureterolithotomy and pyelolithotomy<\/b><span style=\"font-weight: 400;\">: or removal of stones in the ureter or kidney that cannot be ruptured endoscopically or with extracorporeal lithotripsy.<\/span><\/li>\n<li style=\"font-weight: 400;\" aria-level=\"1\"><b>Laparoscopic colposacropexy:<\/b><span style=\"font-weight: 400;\"> or correction of pelvic organ prolapses (bladder, vaginal vault and rectum) using meshes that are fixed to the pelvis.<\/span><\/li>\n<\/ul>\n","protected":false},"excerpt":{"rendered":"<p>Laparoscopic 3D surgery is a type of surgery that has the same advantages as conventional laparoscopy (without incisions, surgery is performed through small holes) but with 3D vision. This three-dimensional view facilitates surgery, especially when performing complex movements, such as sutures. To carry out laparoscopic surgery in 3D, carbon dioxide is also blown into the [&hellip;]<\/p>\n","protected":false},"author":1,"featured_media":0,"parent":0,"menu_order":0,"comment_status":"open","ping_status":"open","template":"","meta":{"_et_pb_use_builder":"","_et_pb_old_content":"","_et_gb_content_width":"","footnotes":""},"class_list":["post-949","page","type-page","status-publish","hentry"],"yoast_head":"<!-- This site is optimized with the Yoast SEO plugin v25.8 - https:\/\/yoast.com\/wordpress\/plugins\/seo\/ -->\n<title>Laparoscopic surgery in 3D - Urologia Girona<\/title>\n<meta name=\"robots\" content=\"index, follow, max-snippet:-1, max-image-preview:large, max-video-preview:-1\" \/>\n<link rel=\"canonical\" href=\"https:\/\/urologiagirona.com\/en\/laparoscopic-surgery-in-3d\/\" \/>\n<meta property=\"og:locale\" content=\"en_US\" \/>\n<meta property=\"og:type\" content=\"article\" \/>\n<meta property=\"og:title\" content=\"Laparoscopic surgery in 3D - Urologia Girona\" \/>\n<meta property=\"og:description\" content=\"Laparoscopic 3D surgery is a type of surgery that has the same advantages as conventional laparoscopy (without incisions, surgery is performed through small holes) but with 3D vision. This three-dimensional view facilitates surgery, especially when performing complex movements, such as sutures. To carry out laparoscopic surgery in 3D, carbon dioxide is also blown into the [&hellip;]\" \/>\n<meta property=\"og:url\" content=\"https:\/\/urologiagirona.com\/en\/laparoscopic-surgery-in-3d\/\" \/>\n<meta property=\"og:site_name\" content=\"Urologia Girona\" \/>\n<meta property=\"article:modified_time\" content=\"2021-05-28T09:15:14+00:00\" \/>\n<meta property=\"og:image\" content=\"https:\/\/urologiagirona.com\/wp-content\/uploads\/2015\/04\/uroleg-1631-300x200.jpg\" \/>\n<script type=\"application\/ld+json\" class=\"yoast-schema-graph\">{\"@context\":\"https:\/\/schema.org\",\"@graph\":[{\"@type\":\"WebPage\",\"@id\":\"https:\/\/urologiagirona.com\/en\/laparoscopic-surgery-in-3d\/\",\"url\":\"https:\/\/urologiagirona.com\/en\/laparoscopic-surgery-in-3d\/\",\"name\":\"Laparoscopic surgery in 3D - Urologia Girona\",\"isPartOf\":{\"@id\":\"https:\/\/urologiagirona.com\/#website\"},\"primaryImageOfPage\":{\"@id\":\"https:\/\/urologiagirona.com\/en\/laparoscopic-surgery-in-3d\/#primaryimage\"},\"image\":{\"@id\":\"https:\/\/urologiagirona.com\/en\/laparoscopic-surgery-in-3d\/#primaryimage\"},\"thumbnailUrl\":\"https:\/\/urologiagirona.com\/wp-content\/uploads\/2015\/04\/uroleg-1631-300x200.jpg\",\"datePublished\":\"2021-05-28T09:14:44+00:00\",\"dateModified\":\"2021-05-28T09:15:14+00:00\",\"breadcrumb\":{\"@id\":\"https:\/\/urologiagirona.com\/en\/laparoscopic-surgery-in-3d\/#breadcrumb\"},\"inLanguage\":\"en-US\",\"potentialAction\":[{\"@type\":\"ReadAction\",\"target\":[\"https:\/\/urologiagirona.com\/en\/laparoscopic-surgery-in-3d\/\"]}]},{\"@type\":\"ImageObject\",\"inLanguage\":\"en-US\",\"@id\":\"https:\/\/urologiagirona.com\/en\/laparoscopic-surgery-in-3d\/#primaryimage\",\"url\":\"https:\/\/urologiagirona.com\/wp-content\/uploads\/2015\/04\/uroleg-1631-300x200.jpg\",\"contentUrl\":\"https:\/\/urologiagirona.com\/wp-content\/uploads\/2015\/04\/uroleg-1631-300x200.jpg\"},{\"@type\":\"BreadcrumbList\",\"@id\":\"https:\/\/urologiagirona.com\/en\/laparoscopic-surgery-in-3d\/#breadcrumb\",\"itemListElement\":[{\"@type\":\"ListItem\",\"position\":1,\"name\":\"Inici\",\"item\":\"https:\/\/urologiagirona.com\/urologia-girona-2025\/\"},{\"@type\":\"ListItem\",\"position\":2,\"name\":\"Laparoscopic surgery in 3D\"}]},{\"@type\":\"WebSite\",\"@id\":\"https:\/\/urologiagirona.com\/#website\",\"url\":\"https:\/\/urologiagirona.com\/\",\"name\":\"Urologia Girona \/ Cl\u00ednica Urologia Girona\",\"description\":\"Som especialistes en cirurgia rob\u00f2tica i m\u00ednimament invasiva per el tractament de patologia prost\u00e0tica ( l\u00e0ser de pr\u00f2stata, Robot Da Vinci, ter\u00e0pia focal), patologia renal (c\u00e0ncer, litiasis, cirurgia rob\u00f2tica i laparosc\u00f2pia) i vesical (tumors de bufeta).\",\"publisher\":{\"@id\":\"https:\/\/urologiagirona.com\/#organization\"},\"alternateName\":\"Cl\u00ednica Urologia Girona\",\"potentialAction\":[{\"@type\":\"SearchAction\",\"target\":{\"@type\":\"EntryPoint\",\"urlTemplate\":\"https:\/\/urologiagirona.com\/?s={search_term_string}\"},\"query-input\":{\"@type\":\"PropertyValueSpecification\",\"valueRequired\":true,\"valueName\":\"search_term_string\"}}],\"inLanguage\":\"en-US\"},{\"@type\":\"Organization\",\"@id\":\"https:\/\/urologiagirona.com\/#organization\",\"name\":\"Urologia Girona \/ Cl\u00ednica Urologia Girona\",\"url\":\"https:\/\/urologiagirona.com\/\",\"logo\":{\"@type\":\"ImageObject\",\"inLanguage\":\"en-US\",\"@id\":\"https:\/\/urologiagirona.com\/#\/schema\/logo\/image\/\",\"url\":\"https:\/\/urologiagirona.com\/wp-content\/uploads\/2020\/11\/logo_urologia_girona.jpg\",\"contentUrl\":\"https:\/\/urologiagirona.com\/wp-content\/uploads\/2020\/11\/logo_urologia_girona.jpg\",\"width\":600,\"height\":341,\"caption\":\"Urologia Girona \/ Cl\u00ednica Urologia Girona\"},\"image\":{\"@id\":\"https:\/\/urologiagirona.com\/#\/schema\/logo\/image\/\"}}]}<\/script>\n<!-- \/ Yoast SEO plugin. -->","yoast_head_json":{"title":"Laparoscopic surgery in 3D - Urologia Girona","robots":{"index":"index","follow":"follow","max-snippet":"max-snippet:-1","max-image-preview":"max-image-preview:large","max-video-preview":"max-video-preview:-1"},"canonical":"https:\/\/urologiagirona.com\/en\/laparoscopic-surgery-in-3d\/","og_locale":"en_US","og_type":"article","og_title":"Laparoscopic surgery in 3D - Urologia Girona","og_description":"Laparoscopic 3D surgery is a type of surgery that has the same advantages as conventional laparoscopy (without incisions, surgery is performed through small holes) but with 3D vision. This three-dimensional view facilitates surgery, especially when performing complex movements, such as sutures. To carry out laparoscopic surgery in 3D, carbon dioxide is also blown into the [&hellip;]","og_url":"https:\/\/urologiagirona.com\/en\/laparoscopic-surgery-in-3d\/","og_site_name":"Urologia Girona","article_modified_time":"2021-05-28T09:15:14+00:00","og_image":[{"url":"https:\/\/urologiagirona.com\/wp-content\/uploads\/2015\/04\/uroleg-1631-300x200.jpg","type":"","width":"","height":""}],"schema":{"@context":"https:\/\/schema.org","@graph":[{"@type":"WebPage","@id":"https:\/\/urologiagirona.com\/en\/laparoscopic-surgery-in-3d\/","url":"https:\/\/urologiagirona.com\/en\/laparoscopic-surgery-in-3d\/","name":"Laparoscopic surgery in 3D - Urologia Girona","isPartOf":{"@id":"https:\/\/urologiagirona.com\/#website"},"primaryImageOfPage":{"@id":"https:\/\/urologiagirona.com\/en\/laparoscopic-surgery-in-3d\/#primaryimage"},"image":{"@id":"https:\/\/urologiagirona.com\/en\/laparoscopic-surgery-in-3d\/#primaryimage"},"thumbnailUrl":"https:\/\/urologiagirona.com\/wp-content\/uploads\/2015\/04\/uroleg-1631-300x200.jpg","datePublished":"2021-05-28T09:14:44+00:00","dateModified":"2021-05-28T09:15:14+00:00","breadcrumb":{"@id":"https:\/\/urologiagirona.com\/en\/laparoscopic-surgery-in-3d\/#breadcrumb"},"inLanguage":"en-US","potentialAction":[{"@type":"ReadAction","target":["https:\/\/urologiagirona.com\/en\/laparoscopic-surgery-in-3d\/"]}]},{"@type":"ImageObject","inLanguage":"en-US","@id":"https:\/\/urologiagirona.com\/en\/laparoscopic-surgery-in-3d\/#primaryimage","url":"https:\/\/urologiagirona.com\/wp-content\/uploads\/2015\/04\/uroleg-1631-300x200.jpg","contentUrl":"https:\/\/urologiagirona.com\/wp-content\/uploads\/2015\/04\/uroleg-1631-300x200.jpg"},{"@type":"BreadcrumbList","@id":"https:\/\/urologiagirona.com\/en\/laparoscopic-surgery-in-3d\/#breadcrumb","itemListElement":[{"@type":"ListItem","position":1,"name":"Inici","item":"https:\/\/urologiagirona.com\/urologia-girona-2025\/"},{"@type":"ListItem","position":2,"name":"Laparoscopic surgery in 3D"}]},{"@type":"WebSite","@id":"https:\/\/urologiagirona.com\/#website","url":"https:\/\/urologiagirona.com\/","name":"Urologia Girona \/ Cl\u00ednica Urologia Girona","description":"Som especialistes en cirurgia rob\u00f2tica i m\u00ednimament invasiva per el tractament de patologia prost\u00e0tica ( l\u00e0ser de pr\u00f2stata, Robot Da Vinci, ter\u00e0pia focal), patologia renal (c\u00e0ncer, litiasis, cirurgia rob\u00f2tica i laparosc\u00f2pia) i vesical (tumors de bufeta).","publisher":{"@id":"https:\/\/urologiagirona.com\/#organization"},"alternateName":"Cl\u00ednica Urologia Girona","potentialAction":[{"@type":"SearchAction","target":{"@type":"EntryPoint","urlTemplate":"https:\/\/urologiagirona.com\/?s={search_term_string}"},"query-input":{"@type":"PropertyValueSpecification","valueRequired":true,"valueName":"search_term_string"}}],"inLanguage":"en-US"},{"@type":"Organization","@id":"https:\/\/urologiagirona.com\/#organization","name":"Urologia Girona \/ Cl\u00ednica Urologia Girona","url":"https:\/\/urologiagirona.com\/","logo":{"@type":"ImageObject","inLanguage":"en-US","@id":"https:\/\/urologiagirona.com\/#\/schema\/logo\/image\/","url":"https:\/\/urologiagirona.com\/wp-content\/uploads\/2020\/11\/logo_urologia_girona.jpg","contentUrl":"https:\/\/urologiagirona.com\/wp-content\/uploads\/2020\/11\/logo_urologia_girona.jpg","width":600,"height":341,"caption":"Urologia Girona \/ Cl\u00ednica Urologia Girona"},"image":{"@id":"https:\/\/urologiagirona.com\/#\/schema\/logo\/image\/"}}]}},"_links":{"self":[{"href":"https:\/\/urologiagirona.com\/en\/wp-json\/wp\/v2\/pages\/949","targetHints":{"allow":["GET"]}}],"collection":[{"href":"https:\/\/urologiagirona.com\/en\/wp-json\/wp\/v2\/pages"}],"about":[{"href":"https:\/\/urologiagirona.com\/en\/wp-json\/wp\/v2\/types\/page"}],"author":[{"embeddable":true,"href":"https:\/\/urologiagirona.com\/en\/wp-json\/wp\/v2\/users\/1"}],"replies":[{"embeddable":true,"href":"https:\/\/urologiagirona.com\/en\/wp-json\/wp\/v2\/comments?post=949"}],"version-history":[{"count":1,"href":"https:\/\/urologiagirona.com\/en\/wp-json\/wp\/v2\/pages\/949\/revisions"}],"predecessor-version":[{"id":950,"href":"https:\/\/urologiagirona.com\/en\/wp-json\/wp\/v2\/pages\/949\/revisions\/950"}],"wp:attachment":[{"href":"https:\/\/urologiagirona.com\/en\/wp-json\/wp\/v2\/media?parent=949"}],"curies":[{"name":"wp","href":"https:\/\/api.w.org\/{rel}","templated":true}]}}