{"id":942,"date":"2021-05-28T11:12:26","date_gmt":"2021-05-28T09:12:26","guid":{"rendered":"https:\/\/urologiagirona.com\/prostate-laser-surgery\/"},"modified":"2021-05-28T11:12:26","modified_gmt":"2021-05-28T09:12:26","slug":"prostate-laser-surgery","status":"publish","type":"page","link":"https:\/\/urologiagirona.com\/en\/prostate-laser-surgery\/","title":{"rendered":"Prostate Laser Surgery"},"content":{"rendered":"\n<p>The introduction of the laser in the treatment of BPH has revolutionized their approach. It can be done with different types of light waves depending on the effect you want to achieve on the tissue. (Green laser, Holmium, Thulium, Diode). Some of them allow photovaporization of the prostate, such as the green laser.<\/p>\n\n<p>At Urologia Girona, we perform prostate enucleation with Holmium laser that allows the treatment of prostates of all sizes, but especially large ones, which previously had to be performed via open surgery. This also allows us to treat the lithiasis that eventually form in the bladder as a result of the obstruction caused by the prostate, without the need for an incision or opening the bladder.<\/p>\n\n<figure class=\"wp-block-image size-large\"><img fetchpriority=\"high\" fetchpriority=\"high\" decoding=\"async\" width=\"1024\" height=\"683\" src=\"https:\/\/urologiagirona.com\/\/wp-content\/uploads\/2020\/11\/laser-de-prostata-1-1024x683.jpg\" alt=\"\" class=\"wp-image-541\" srcset=\"https:\/\/urologiagirona.com\/wp-content\/uploads\/2020\/11\/laser-de-prostata-1-1024x683.jpg 1024w, https:\/\/urologiagirona.com\/wp-content\/uploads\/2020\/11\/laser-de-prostata-1-300x200.jpg 300w, https:\/\/urologiagirona.com\/wp-content\/uploads\/2020\/11\/laser-de-prostata-1-768x512.jpg 768w, https:\/\/urologiagirona.com\/wp-content\/uploads\/2020\/11\/laser-de-prostata-1-1536x1024.jpg 1536w, https:\/\/urologiagirona.com\/wp-content\/uploads\/2020\/11\/laser-de-prostata-1-2048x1365.jpg 2048w, https:\/\/urologiagirona.com\/wp-content\/uploads\/2020\/11\/laser-de-prostata-1-1080x720.jpg 1080w\" sizes=\"(max-width: 1024px) 100vw, 1024px\" \/><figcaption><em> Dr Comet  Dr Boix<\/em><\/figcaption><\/figure>\n<h2 class=\"wp-block-heading\"><strong>Prostatic enucleation with laser<\/strong><\/h2>\n\n<p>The same intervention as the open retropubic adenomectomy is perfomed, but without the need for an incision in the skin, since using the laser allows us to perform the intervention through the urethra. It allows treating large-volume prostates. It achieves similar results but with less blood loss, a reduction in the need for transfusions, a faster postoperative period and return to normal activity.<\/p>\n","protected":false},"excerpt":{"rendered":"<p>The introduction of the laser in the treatment of BPH has revolutionized their approach. It can be done with different types of light waves depending on the effect you want to achieve on the tissue. (Green laser, Holmium, Thulium, Diode). Some of them allow photovaporization of the prostate, such as the green laser. At Urologia [&hellip;]<\/p>\n","protected":false},"author":1,"featured_media":0,"parent":0,"menu_order":0,"comment_status":"closed","ping_status":"closed","template":"","meta":{"_et_pb_use_builder":"off","_et_pb_old_content":"","_et_gb_content_width":"","footnotes":""},"class_list":["post-942","page","type-page","status-publish","hentry"],"yoast_head":"<!-- This site is optimized with the Yoast SEO plugin v25.8 - https:\/\/yoast.com\/wordpress\/plugins\/seo\/ -->\n<title>Prostate Laser Surgery - Urologia Girona<\/title>\n<meta name=\"robots\" content=\"index, follow, max-snippet:-1, max-image-preview:large, max-video-preview:-1\" \/>\n<link rel=\"canonical\" href=\"https:\/\/urologiagirona.com\/en\/prostate-laser-surgery\/\" \/>\n<meta property=\"og:locale\" content=\"en_US\" \/>\n<meta property=\"og:type\" content=\"article\" \/>\n<meta property=\"og:title\" content=\"Prostate Laser Surgery - Urologia Girona\" \/>\n<meta property=\"og:description\" content=\"The introduction of the laser in the treatment of BPH has revolutionized their approach. It can be done with different types of light waves depending on the effect you want to achieve on the tissue. (Green laser, Holmium, Thulium, Diode). Some of them allow photovaporization of the prostate, such as the green laser. At Urologia [&hellip;]\" \/>\n<meta property=\"og:url\" content=\"https:\/\/urologiagirona.com\/en\/prostate-laser-surgery\/\" \/>\n<meta property=\"og:site_name\" content=\"Urologia Girona\" \/>\n<meta property=\"og:image\" content=\"https:\/\/urologiagirona.com\/\/wp-content\/uploads\/2020\/11\/laser-de-prostata-1-1024x683.jpg\" \/>\n<script type=\"application\/ld+json\" class=\"yoast-schema-graph\">{\"@context\":\"https:\/\/schema.org\",\"@graph\":[{\"@type\":\"WebPage\",\"@id\":\"https:\/\/urologiagirona.com\/en\/prostate-laser-surgery\/\",\"url\":\"https:\/\/urologiagirona.com\/en\/prostate-laser-surgery\/\",\"name\":\"Prostate Laser Surgery - Urologia Girona\",\"isPartOf\":{\"@id\":\"https:\/\/urologiagirona.com\/#website\"},\"primaryImageOfPage\":{\"@id\":\"https:\/\/urologiagirona.com\/en\/prostate-laser-surgery\/#primaryimage\"},\"image\":{\"@id\":\"https:\/\/urologiagirona.com\/en\/prostate-laser-surgery\/#primaryimage\"},\"thumbnailUrl\":\"https:\/\/urologiagirona.com\/\/wp-content\/uploads\/2020\/11\/laser-de-prostata-1-1024x683.jpg\",\"datePublished\":\"2021-05-28T09:12:26+00:00\",\"breadcrumb\":{\"@id\":\"https:\/\/urologiagirona.com\/en\/prostate-laser-surgery\/#breadcrumb\"},\"inLanguage\":\"en-US\",\"potentialAction\":[{\"@type\":\"ReadAction\",\"target\":[\"https:\/\/urologiagirona.com\/en\/prostate-laser-surgery\/\"]}]},{\"@type\":\"ImageObject\",\"inLanguage\":\"en-US\",\"@id\":\"https:\/\/urologiagirona.com\/en\/prostate-laser-surgery\/#primaryimage\",\"url\":\"https:\/\/urologiagirona.com\/\/wp-content\/uploads\/2020\/11\/laser-de-prostata-1-1024x683.jpg\",\"contentUrl\":\"https:\/\/urologiagirona.com\/\/wp-content\/uploads\/2020\/11\/laser-de-prostata-1-1024x683.jpg\"},{\"@type\":\"BreadcrumbList\",\"@id\":\"https:\/\/urologiagirona.com\/en\/prostate-laser-surgery\/#breadcrumb\",\"itemListElement\":[{\"@type\":\"ListItem\",\"position\":1,\"name\":\"Inici\",\"item\":\"https:\/\/urologiagirona.com\/urologia-girona-2025\/\"},{\"@type\":\"ListItem\",\"position\":2,\"name\":\"Prostate Laser Surgery\"}]},{\"@type\":\"WebSite\",\"@id\":\"https:\/\/urologiagirona.com\/#website\",\"url\":\"https:\/\/urologiagirona.com\/\",\"name\":\"Urologia Girona \/ Cl\u00ednica Urologia Girona\",\"description\":\"Som especialistes en cirurgia rob\u00f2tica i m\u00ednimament invasiva per el tractament de patologia prost\u00e0tica ( l\u00e0ser de pr\u00f2stata, Robot Da Vinci, ter\u00e0pia focal), patologia renal (c\u00e0ncer, litiasis, cirurgia rob\u00f2tica i laparosc\u00f2pia) i vesical (tumors de bufeta).\",\"publisher\":{\"@id\":\"https:\/\/urologiagirona.com\/#organization\"},\"alternateName\":\"Cl\u00ednica Urologia Girona\",\"potentialAction\":[{\"@type\":\"SearchAction\",\"target\":{\"@type\":\"EntryPoint\",\"urlTemplate\":\"https:\/\/urologiagirona.com\/?s={search_term_string}\"},\"query-input\":{\"@type\":\"PropertyValueSpecification\",\"valueRequired\":true,\"valueName\":\"search_term_string\"}}],\"inLanguage\":\"en-US\"},{\"@type\":\"Organization\",\"@id\":\"https:\/\/urologiagirona.com\/#organization\",\"name\":\"Urologia Girona \/ Cl\u00ednica Urologia Girona\",\"url\":\"https:\/\/urologiagirona.com\/\",\"logo\":{\"@type\":\"ImageObject\",\"inLanguage\":\"en-US\",\"@id\":\"https:\/\/urologiagirona.com\/#\/schema\/logo\/image\/\",\"url\":\"https:\/\/urologiagirona.com\/wp-content\/uploads\/2020\/11\/logo_urologia_girona.jpg\",\"contentUrl\":\"https:\/\/urologiagirona.com\/wp-content\/uploads\/2020\/11\/logo_urologia_girona.jpg\",\"width\":600,\"height\":341,\"caption\":\"Urologia Girona \/ Cl\u00ednica Urologia Girona\"},\"image\":{\"@id\":\"https:\/\/urologiagirona.com\/#\/schema\/logo\/image\/\"}}]}<\/script>\n<!-- \/ Yoast SEO plugin. -->","yoast_head_json":{"title":"Prostate Laser Surgery - Urologia Girona","robots":{"index":"index","follow":"follow","max-snippet":"max-snippet:-1","max-image-preview":"max-image-preview:large","max-video-preview":"max-video-preview:-1"},"canonical":"https:\/\/urologiagirona.com\/en\/prostate-laser-surgery\/","og_locale":"en_US","og_type":"article","og_title":"Prostate Laser Surgery - Urologia Girona","og_description":"The introduction of the laser in the treatment of BPH has revolutionized their approach. It can be done with different types of light waves depending on the effect you want to achieve on the tissue. (Green laser, Holmium, Thulium, Diode). Some of them allow photovaporization of the prostate, such as the green laser. At Urologia [&hellip;]","og_url":"https:\/\/urologiagirona.com\/en\/prostate-laser-surgery\/","og_site_name":"Urologia Girona","og_image":[{"url":"https:\/\/urologiagirona.com\/\/wp-content\/uploads\/2020\/11\/laser-de-prostata-1-1024x683.jpg","type":"","width":"","height":""}],"schema":{"@context":"https:\/\/schema.org","@graph":[{"@type":"WebPage","@id":"https:\/\/urologiagirona.com\/en\/prostate-laser-surgery\/","url":"https:\/\/urologiagirona.com\/en\/prostate-laser-surgery\/","name":"Prostate Laser Surgery - Urologia Girona","isPartOf":{"@id":"https:\/\/urologiagirona.com\/#website"},"primaryImageOfPage":{"@id":"https:\/\/urologiagirona.com\/en\/prostate-laser-surgery\/#primaryimage"},"image":{"@id":"https:\/\/urologiagirona.com\/en\/prostate-laser-surgery\/#primaryimage"},"thumbnailUrl":"https:\/\/urologiagirona.com\/\/wp-content\/uploads\/2020\/11\/laser-de-prostata-1-1024x683.jpg","datePublished":"2021-05-28T09:12:26+00:00","breadcrumb":{"@id":"https:\/\/urologiagirona.com\/en\/prostate-laser-surgery\/#breadcrumb"},"inLanguage":"en-US","potentialAction":[{"@type":"ReadAction","target":["https:\/\/urologiagirona.com\/en\/prostate-laser-surgery\/"]}]},{"@type":"ImageObject","inLanguage":"en-US","@id":"https:\/\/urologiagirona.com\/en\/prostate-laser-surgery\/#primaryimage","url":"https:\/\/urologiagirona.com\/\/wp-content\/uploads\/2020\/11\/laser-de-prostata-1-1024x683.jpg","contentUrl":"https:\/\/urologiagirona.com\/\/wp-content\/uploads\/2020\/11\/laser-de-prostata-1-1024x683.jpg"},{"@type":"BreadcrumbList","@id":"https:\/\/urologiagirona.com\/en\/prostate-laser-surgery\/#breadcrumb","itemListElement":[{"@type":"ListItem","position":1,"name":"Inici","item":"https:\/\/urologiagirona.com\/urologia-girona-2025\/"},{"@type":"ListItem","position":2,"name":"Prostate Laser Surgery"}]},{"@type":"WebSite","@id":"https:\/\/urologiagirona.com\/#website","url":"https:\/\/urologiagirona.com\/","name":"Urologia Girona \/ Cl\u00ednica Urologia Girona","description":"Som especialistes en cirurgia rob\u00f2tica i m\u00ednimament invasiva per el tractament de patologia prost\u00e0tica ( l\u00e0ser de pr\u00f2stata, Robot Da Vinci, ter\u00e0pia focal), patologia renal (c\u00e0ncer, litiasis, cirurgia rob\u00f2tica i laparosc\u00f2pia) i vesical (tumors de bufeta).","publisher":{"@id":"https:\/\/urologiagirona.com\/#organization"},"alternateName":"Cl\u00ednica Urologia Girona","potentialAction":[{"@type":"SearchAction","target":{"@type":"EntryPoint","urlTemplate":"https:\/\/urologiagirona.com\/?s={search_term_string}"},"query-input":{"@type":"PropertyValueSpecification","valueRequired":true,"valueName":"search_term_string"}}],"inLanguage":"en-US"},{"@type":"Organization","@id":"https:\/\/urologiagirona.com\/#organization","name":"Urologia Girona \/ Cl\u00ednica Urologia Girona","url":"https:\/\/urologiagirona.com\/","logo":{"@type":"ImageObject","inLanguage":"en-US","@id":"https:\/\/urologiagirona.com\/#\/schema\/logo\/image\/","url":"https:\/\/urologiagirona.com\/wp-content\/uploads\/2020\/11\/logo_urologia_girona.jpg","contentUrl":"https:\/\/urologiagirona.com\/wp-content\/uploads\/2020\/11\/logo_urologia_girona.jpg","width":600,"height":341,"caption":"Urologia Girona \/ Cl\u00ednica Urologia Girona"},"image":{"@id":"https:\/\/urologiagirona.com\/#\/schema\/logo\/image\/"}}]}},"_links":{"self":[{"href":"https:\/\/urologiagirona.com\/en\/wp-json\/wp\/v2\/pages\/942","targetHints":{"allow":["GET"]}}],"collection":[{"href":"https:\/\/urologiagirona.com\/en\/wp-json\/wp\/v2\/pages"}],"about":[{"href":"https:\/\/urologiagirona.com\/en\/wp-json\/wp\/v2\/types\/page"}],"author":[{"embeddable":true,"href":"https:\/\/urologiagirona.com\/en\/wp-json\/wp\/v2\/users\/1"}],"replies":[{"embeddable":true,"href":"https:\/\/urologiagirona.com\/en\/wp-json\/wp\/v2\/comments?post=942"}],"version-history":[{"count":1,"href":"https:\/\/urologiagirona.com\/en\/wp-json\/wp\/v2\/pages\/942\/revisions"}],"predecessor-version":[{"id":944,"href":"https:\/\/urologiagirona.com\/en\/wp-json\/wp\/v2\/pages\/942\/revisions\/944"}],"wp:attachment":[{"href":"https:\/\/urologiagirona.com\/en\/wp-json\/wp\/v2\/media?parent=942"}],"curies":[{"name":"wp","href":"https:\/\/api.w.org\/{rel}","templated":true}]}}