{"id":939,"date":"2021-05-28T11:10:29","date_gmt":"2021-05-28T09:10:29","guid":{"rendered":"https:\/\/urologiagirona.com\/lithiasis\/"},"modified":"2021-05-28T11:10:29","modified_gmt":"2021-05-28T09:10:29","slug":"lithiasis","status":"publish","type":"page","link":"https:\/\/urologiagirona.com\/en\/lithiasis\/","title":{"rendered":"Lithiasis"},"content":{"rendered":"\n<div class=\"wp-block-image\"><figure class=\"alignright size-large is-resized\"><img fetchpriority=\"high\" fetchpriority=\"high\" decoding=\"async\" src=\"https:\/\/urologiagirona.com\/\/wp-content\/uploads\/2020\/11\/laser-litiasi-1024x683.jpg\" alt=\"\" class=\"wp-image-489\" width=\"416\" height=\"277\" srcset=\"https:\/\/urologiagirona.com\/wp-content\/uploads\/2020\/11\/laser-litiasi-1024x683.jpg 1024w, https:\/\/urologiagirona.com\/wp-content\/uploads\/2020\/11\/laser-litiasi-300x200.jpg 300w, https:\/\/urologiagirona.com\/wp-content\/uploads\/2020\/11\/laser-litiasi-768x512.jpg 768w, https:\/\/urologiagirona.com\/wp-content\/uploads\/2020\/11\/laser-litiasi-1536x1024.jpg 1536w, https:\/\/urologiagirona.com\/wp-content\/uploads\/2020\/11\/laser-litiasi-2048x1365.jpg 2048w, https:\/\/urologiagirona.com\/wp-content\/uploads\/2020\/11\/laser-litiasi-1080x720.jpg 1080w\" sizes=\"(max-width: 416px) 100vw, 416px\" \/><\/figure><\/div>\n\n<p><p><b>Lithiasis are generated in the urinary tract as a result of a supersaturation of certain solutes in the urine (oxalate, calcium, phosphate, uric acid, among others). The clinical cause that is frequently the reason for consultation is renal colic. This is characterized by acute low back pain with varying intensity, which requires high-dose analgesia and is often accompanied by nausea and vomiting.<\/b><\/p><\/p>\n\n<p>Lithiasis need treatment to cure the discomfort and avoid future complications, the treatment may consist of:<\/p>\n\n<ul class=\"wp-block-list\"><li>Expulsive medical treatment.<\/li><li><p><span style=\"font-weight: 400;\">Ureteroscopy with laser lithotripsy (intervention where the urethra is accessed endoscopically and the lithiasis is broken and removed).<\/span><\/p><\/li><li><p><span style=\"font-weight: 400;\">Extracorporeal shock wave lithotripsy; without the need for surgery, a series of impulses are transmitted to the skin that reach the stone, break it and then expel the fragments.<\/span><\/p><\/li><li><p><span style=\"font-weight: 400;\">Open surgery, percutaneous surgery.<\/span><\/p><\/li><\/ul>\n<p>It is important once the lithiasis is resolved, to carry out a metabolic study to prevent new ones from being generated.&#13;\n<\/p>\n","protected":false},"excerpt":{"rendered":"<p>Lithiasis are generated in the urinary tract as a result of a supersaturation of certain solutes in the urine (oxalate, calcium, phosphate, uric acid, among others). The clinical cause that is frequently the reason for consultation is renal colic. This is characterized by acute low back pain with varying intensity, which requires high-dose analgesia and [&hellip;]<\/p>\n","protected":false},"author":1,"featured_media":0,"parent":0,"menu_order":0,"comment_status":"closed","ping_status":"closed","template":"","meta":{"_et_pb_use_builder":"off","_et_pb_old_content":"","_et_gb_content_width":"","footnotes":""},"class_list":["post-939","page","type-page","status-publish","hentry"],"yoast_head":"<!-- This site is optimized with the Yoast SEO plugin v25.8 - https:\/\/yoast.com\/wordpress\/plugins\/seo\/ -->\n<title>Lithiasis - Urologia Girona<\/title>\n<meta name=\"robots\" content=\"index, follow, max-snippet:-1, max-image-preview:large, max-video-preview:-1\" \/>\n<link rel=\"canonical\" href=\"https:\/\/urologiagirona.com\/en\/lithiasis\/\" \/>\n<meta property=\"og:locale\" content=\"en_US\" \/>\n<meta property=\"og:type\" content=\"article\" \/>\n<meta property=\"og:title\" content=\"Lithiasis - Urologia Girona\" \/>\n<meta property=\"og:description\" content=\"Lithiasis are generated in the urinary tract as a result of a supersaturation of certain solutes in the urine (oxalate, calcium, phosphate, uric acid, among others). The clinical cause that is frequently the reason for consultation is renal colic. This is characterized by acute low back pain with varying intensity, which requires high-dose analgesia and [&hellip;]\" \/>\n<meta property=\"og:url\" content=\"https:\/\/urologiagirona.com\/en\/lithiasis\/\" \/>\n<meta property=\"og:site_name\" content=\"Urologia Girona\" \/>\n<meta property=\"og:image\" content=\"https:\/\/urologiagirona.com\/\/wp-content\/uploads\/2020\/11\/laser-litiasi-1024x683.jpg\" \/>\n<script type=\"application\/ld+json\" class=\"yoast-schema-graph\">{\"@context\":\"https:\/\/schema.org\",\"@graph\":[{\"@type\":\"WebPage\",\"@id\":\"https:\/\/urologiagirona.com\/en\/lithiasis\/\",\"url\":\"https:\/\/urologiagirona.com\/en\/lithiasis\/\",\"name\":\"Lithiasis - Urologia Girona\",\"isPartOf\":{\"@id\":\"https:\/\/urologiagirona.com\/#website\"},\"primaryImageOfPage\":{\"@id\":\"https:\/\/urologiagirona.com\/en\/lithiasis\/#primaryimage\"},\"image\":{\"@id\":\"https:\/\/urologiagirona.com\/en\/lithiasis\/#primaryimage\"},\"thumbnailUrl\":\"https:\/\/urologiagirona.com\/\/wp-content\/uploads\/2020\/11\/laser-litiasi-1024x683.jpg\",\"datePublished\":\"2021-05-28T09:10:29+00:00\",\"breadcrumb\":{\"@id\":\"https:\/\/urologiagirona.com\/en\/lithiasis\/#breadcrumb\"},\"inLanguage\":\"en-US\",\"potentialAction\":[{\"@type\":\"ReadAction\",\"target\":[\"https:\/\/urologiagirona.com\/en\/lithiasis\/\"]}]},{\"@type\":\"ImageObject\",\"inLanguage\":\"en-US\",\"@id\":\"https:\/\/urologiagirona.com\/en\/lithiasis\/#primaryimage\",\"url\":\"https:\/\/urologiagirona.com\/\/wp-content\/uploads\/2020\/11\/laser-litiasi-1024x683.jpg\",\"contentUrl\":\"https:\/\/urologiagirona.com\/\/wp-content\/uploads\/2020\/11\/laser-litiasi-1024x683.jpg\"},{\"@type\":\"BreadcrumbList\",\"@id\":\"https:\/\/urologiagirona.com\/en\/lithiasis\/#breadcrumb\",\"itemListElement\":[{\"@type\":\"ListItem\",\"position\":1,\"name\":\"Inici\",\"item\":\"https:\/\/urologiagirona.com\/urologia-girona-2025\/\"},{\"@type\":\"ListItem\",\"position\":2,\"name\":\"Lithiasis\"}]},{\"@type\":\"WebSite\",\"@id\":\"https:\/\/urologiagirona.com\/#website\",\"url\":\"https:\/\/urologiagirona.com\/\",\"name\":\"Urologia Girona \/ Cl\u00ednica Urologia Girona\",\"description\":\"Som especialistes en cirurgia rob\u00f2tica i m\u00ednimament invasiva per el tractament de patologia prost\u00e0tica ( l\u00e0ser de pr\u00f2stata, Robot Da Vinci, ter\u00e0pia focal), patologia renal (c\u00e0ncer, litiasis, cirurgia rob\u00f2tica i laparosc\u00f2pia) i vesical (tumors de bufeta).\",\"publisher\":{\"@id\":\"https:\/\/urologiagirona.com\/#organization\"},\"alternateName\":\"Cl\u00ednica Urologia Girona\",\"potentialAction\":[{\"@type\":\"SearchAction\",\"target\":{\"@type\":\"EntryPoint\",\"urlTemplate\":\"https:\/\/urologiagirona.com\/?s={search_term_string}\"},\"query-input\":{\"@type\":\"PropertyValueSpecification\",\"valueRequired\":true,\"valueName\":\"search_term_string\"}}],\"inLanguage\":\"en-US\"},{\"@type\":\"Organization\",\"@id\":\"https:\/\/urologiagirona.com\/#organization\",\"name\":\"Urologia Girona \/ Cl\u00ednica Urologia Girona\",\"url\":\"https:\/\/urologiagirona.com\/\",\"logo\":{\"@type\":\"ImageObject\",\"inLanguage\":\"en-US\",\"@id\":\"https:\/\/urologiagirona.com\/#\/schema\/logo\/image\/\",\"url\":\"https:\/\/urologiagirona.com\/wp-content\/uploads\/2020\/11\/logo_urologia_girona.jpg\",\"contentUrl\":\"https:\/\/urologiagirona.com\/wp-content\/uploads\/2020\/11\/logo_urologia_girona.jpg\",\"width\":600,\"height\":341,\"caption\":\"Urologia Girona \/ Cl\u00ednica Urologia Girona\"},\"image\":{\"@id\":\"https:\/\/urologiagirona.com\/#\/schema\/logo\/image\/\"}}]}<\/script>\n<!-- \/ Yoast SEO plugin. -->","yoast_head_json":{"title":"Lithiasis - Urologia Girona","robots":{"index":"index","follow":"follow","max-snippet":"max-snippet:-1","max-image-preview":"max-image-preview:large","max-video-preview":"max-video-preview:-1"},"canonical":"https:\/\/urologiagirona.com\/en\/lithiasis\/","og_locale":"en_US","og_type":"article","og_title":"Lithiasis - Urologia Girona","og_description":"Lithiasis are generated in the urinary tract as a result of a supersaturation of certain solutes in the urine (oxalate, calcium, phosphate, uric acid, among others). The clinical cause that is frequently the reason for consultation is renal colic. This is characterized by acute low back pain with varying intensity, which requires high-dose analgesia and [&hellip;]","og_url":"https:\/\/urologiagirona.com\/en\/lithiasis\/","og_site_name":"Urologia Girona","og_image":[{"url":"https:\/\/urologiagirona.com\/\/wp-content\/uploads\/2020\/11\/laser-litiasi-1024x683.jpg","type":"","width":"","height":""}],"schema":{"@context":"https:\/\/schema.org","@graph":[{"@type":"WebPage","@id":"https:\/\/urologiagirona.com\/en\/lithiasis\/","url":"https:\/\/urologiagirona.com\/en\/lithiasis\/","name":"Lithiasis - Urologia Girona","isPartOf":{"@id":"https:\/\/urologiagirona.com\/#website"},"primaryImageOfPage":{"@id":"https:\/\/urologiagirona.com\/en\/lithiasis\/#primaryimage"},"image":{"@id":"https:\/\/urologiagirona.com\/en\/lithiasis\/#primaryimage"},"thumbnailUrl":"https:\/\/urologiagirona.com\/\/wp-content\/uploads\/2020\/11\/laser-litiasi-1024x683.jpg","datePublished":"2021-05-28T09:10:29+00:00","breadcrumb":{"@id":"https:\/\/urologiagirona.com\/en\/lithiasis\/#breadcrumb"},"inLanguage":"en-US","potentialAction":[{"@type":"ReadAction","target":["https:\/\/urologiagirona.com\/en\/lithiasis\/"]}]},{"@type":"ImageObject","inLanguage":"en-US","@id":"https:\/\/urologiagirona.com\/en\/lithiasis\/#primaryimage","url":"https:\/\/urologiagirona.com\/\/wp-content\/uploads\/2020\/11\/laser-litiasi-1024x683.jpg","contentUrl":"https:\/\/urologiagirona.com\/\/wp-content\/uploads\/2020\/11\/laser-litiasi-1024x683.jpg"},{"@type":"BreadcrumbList","@id":"https:\/\/urologiagirona.com\/en\/lithiasis\/#breadcrumb","itemListElement":[{"@type":"ListItem","position":1,"name":"Inici","item":"https:\/\/urologiagirona.com\/urologia-girona-2025\/"},{"@type":"ListItem","position":2,"name":"Lithiasis"}]},{"@type":"WebSite","@id":"https:\/\/urologiagirona.com\/#website","url":"https:\/\/urologiagirona.com\/","name":"Urologia Girona \/ Cl\u00ednica Urologia Girona","description":"Som especialistes en cirurgia rob\u00f2tica i m\u00ednimament invasiva per el tractament de patologia prost\u00e0tica ( l\u00e0ser de pr\u00f2stata, Robot Da Vinci, ter\u00e0pia focal), patologia renal (c\u00e0ncer, litiasis, cirurgia rob\u00f2tica i laparosc\u00f2pia) i vesical (tumors de bufeta).","publisher":{"@id":"https:\/\/urologiagirona.com\/#organization"},"alternateName":"Cl\u00ednica Urologia Girona","potentialAction":[{"@type":"SearchAction","target":{"@type":"EntryPoint","urlTemplate":"https:\/\/urologiagirona.com\/?s={search_term_string}"},"query-input":{"@type":"PropertyValueSpecification","valueRequired":true,"valueName":"search_term_string"}}],"inLanguage":"en-US"},{"@type":"Organization","@id":"https:\/\/urologiagirona.com\/#organization","name":"Urologia Girona \/ Cl\u00ednica Urologia Girona","url":"https:\/\/urologiagirona.com\/","logo":{"@type":"ImageObject","inLanguage":"en-US","@id":"https:\/\/urologiagirona.com\/#\/schema\/logo\/image\/","url":"https:\/\/urologiagirona.com\/wp-content\/uploads\/2020\/11\/logo_urologia_girona.jpg","contentUrl":"https:\/\/urologiagirona.com\/wp-content\/uploads\/2020\/11\/logo_urologia_girona.jpg","width":600,"height":341,"caption":"Urologia Girona \/ Cl\u00ednica Urologia Girona"},"image":{"@id":"https:\/\/urologiagirona.com\/#\/schema\/logo\/image\/"}}]}},"_links":{"self":[{"href":"https:\/\/urologiagirona.com\/en\/wp-json\/wp\/v2\/pages\/939","targetHints":{"allow":["GET"]}}],"collection":[{"href":"https:\/\/urologiagirona.com\/en\/wp-json\/wp\/v2\/pages"}],"about":[{"href":"https:\/\/urologiagirona.com\/en\/wp-json\/wp\/v2\/types\/page"}],"author":[{"embeddable":true,"href":"https:\/\/urologiagirona.com\/en\/wp-json\/wp\/v2\/users\/1"}],"replies":[{"embeddable":true,"href":"https:\/\/urologiagirona.com\/en\/wp-json\/wp\/v2\/comments?post=939"}],"version-history":[{"count":1,"href":"https:\/\/urologiagirona.com\/en\/wp-json\/wp\/v2\/pages\/939\/revisions"}],"predecessor-version":[{"id":941,"href":"https:\/\/urologiagirona.com\/en\/wp-json\/wp\/v2\/pages\/939\/revisions\/941"}],"wp:attachment":[{"href":"https:\/\/urologiagirona.com\/en\/wp-json\/wp\/v2\/media?parent=939"}],"curies":[{"name":"wp","href":"https:\/\/api.w.org\/{rel}","templated":true}]}}