{"id":936,"date":"2021-05-28T11:06:14","date_gmt":"2021-05-28T09:06:14","guid":{"rendered":"https:\/\/urologiagirona.com\/urine-infections\/"},"modified":"2021-05-28T11:06:56","modified_gmt":"2021-05-28T09:06:56","slug":"urine-infections","status":"publish","type":"page","link":"https:\/\/urologiagirona.com\/en\/urine-infections\/","title":{"rendered":"Urine Infections"},"content":{"rendered":"\n<h2 class=\"wp-block-heading\"><strong>Acute cystitis<\/strong><\/h2>\n\n\n\n<p><strong>Special emphasis on recurrent cystitis. Recurrent cystitis criteria are those patients who have had more than 3 infections in a year<\/strong>, and require an evaluation by a urologist to rule out any problem that justifies recurrence, as well as a treatment for the acute phase and the evaluation of an eventual preventive treatment.<\/p>\n\n\n\n<p><strong>This pathology frequently affects sexually active women between the ages of 20 and 50<\/strong>, but it can also occur in those who are not sexually active and in girls. Older adults are also at high risk of developing cystitis, with a much higher incidence than in younger people. Cystitis is rare in men. More than 90% of cystitis cases are caused by E. coli, a bacteria found in the intestine and colon.<\/p>\n\n\n\n<p>Clinic: Pressure in the lower part of the pelvis, painful urination, urgent need to urinate, cloudy urine, urine odor.<\/p>\n\n\n\n<h2 class=\"wp-block-heading\"><strong>Acute Prostatitis<\/strong><\/h2>\n\n\n\n<p><strong>Acute prostatitis is a common type of acute bacterial infection<\/strong> that is easily diagnosed and usually responds well to antibiotic treatment. The clinical picture is characterized by sudden onset with high fever, chills or tremors, general malaise, low back pain and intense voiding discomfort that can lead to acute urine retention.<\/p>\n\n\n\n<p><strong>The infection clears quickly<\/strong> with antibiotics that must be maintained for a relatively long time between six and eight weeks.<\/p>\n\n\n\n<p>It is important once an acute episode has been presented, to rule out any cause that could justify its cause and to evaluate the characteristics of the prostate <strong>and the proper functioning of the urine bladder.<\/strong><\/p>\n","protected":false},"excerpt":{"rendered":"<p>Acute cystitis Special emphasis on recurrent cystitis. Recurrent cystitis criteria are those patients who have had more than 3 infections in a year, and require an evaluation by a urologist to rule out any problem that justifies recurrence, as well as a treatment for the acute phase and the evaluation of an eventual preventive treatment. [&hellip;]<\/p>\n","protected":false},"author":1,"featured_media":0,"parent":0,"menu_order":0,"comment_status":"closed","ping_status":"closed","template":"","meta":{"_et_pb_use_builder":"off","_et_pb_old_content":"","_et_gb_content_width":"","footnotes":""},"class_list":["post-936","page","type-page","status-publish","hentry"],"yoast_head":"<!-- This site is optimized with the Yoast SEO plugin v25.8 - https:\/\/yoast.com\/wordpress\/plugins\/seo\/ -->\n<title>Urine Infections - Urologia Girona<\/title>\n<meta name=\"robots\" content=\"index, follow, max-snippet:-1, max-image-preview:large, max-video-preview:-1\" \/>\n<link rel=\"canonical\" href=\"https:\/\/urologiagirona.com\/en\/urine-infections\/\" \/>\n<meta property=\"og:locale\" content=\"en_US\" \/>\n<meta property=\"og:type\" content=\"article\" \/>\n<meta property=\"og:title\" content=\"Urine Infections - Urologia Girona\" \/>\n<meta property=\"og:description\" content=\"Acute cystitis Special emphasis on recurrent cystitis. Recurrent cystitis criteria are those patients who have had more than 3 infections in a year, and require an evaluation by a urologist to rule out any problem that justifies recurrence, as well as a treatment for the acute phase and the evaluation of an eventual preventive treatment. [&hellip;]\" \/>\n<meta property=\"og:url\" content=\"https:\/\/urologiagirona.com\/en\/urine-infections\/\" \/>\n<meta property=\"og:site_name\" content=\"Urologia Girona\" \/>\n<meta property=\"article:modified_time\" content=\"2021-05-28T09:06:56+00:00\" \/>\n<meta property=\"og:image\" content=\"https:\/\/urologiagirona.com\/wp-content\/uploads\/2020\/11\/logo_urologia_girona.jpg\" \/>\n\t<meta property=\"og:image:width\" content=\"600\" \/>\n\t<meta property=\"og:image:height\" content=\"341\" \/>\n\t<meta property=\"og:image:type\" content=\"image\/jpeg\" \/>\n<script type=\"application\/ld+json\" class=\"yoast-schema-graph\">{\"@context\":\"https:\/\/schema.org\",\"@graph\":[{\"@type\":\"WebPage\",\"@id\":\"https:\/\/urologiagirona.com\/en\/urine-infections\/\",\"url\":\"https:\/\/urologiagirona.com\/en\/urine-infections\/\",\"name\":\"Urine Infections - Urologia Girona\",\"isPartOf\":{\"@id\":\"https:\/\/urologiagirona.com\/#website\"},\"datePublished\":\"2021-05-28T09:06:14+00:00\",\"dateModified\":\"2021-05-28T09:06:56+00:00\",\"breadcrumb\":{\"@id\":\"https:\/\/urologiagirona.com\/en\/urine-infections\/#breadcrumb\"},\"inLanguage\":\"en-US\",\"potentialAction\":[{\"@type\":\"ReadAction\",\"target\":[\"https:\/\/urologiagirona.com\/en\/urine-infections\/\"]}]},{\"@type\":\"BreadcrumbList\",\"@id\":\"https:\/\/urologiagirona.com\/en\/urine-infections\/#breadcrumb\",\"itemListElement\":[{\"@type\":\"ListItem\",\"position\":1,\"name\":\"Inici\",\"item\":\"https:\/\/urologiagirona.com\/urologia-girona-2025\/\"},{\"@type\":\"ListItem\",\"position\":2,\"name\":\"Urine Infections\"}]},{\"@type\":\"WebSite\",\"@id\":\"https:\/\/urologiagirona.com\/#website\",\"url\":\"https:\/\/urologiagirona.com\/\",\"name\":\"Urologia Girona \/ Cl\u00ednica Urologia Girona\",\"description\":\"Som especialistes en cirurgia rob\u00f2tica i m\u00ednimament invasiva per el tractament de patologia prost\u00e0tica ( l\u00e0ser de pr\u00f2stata, Robot Da Vinci, ter\u00e0pia focal), patologia renal (c\u00e0ncer, litiasis, cirurgia rob\u00f2tica i laparosc\u00f2pia) i vesical (tumors de bufeta).\",\"publisher\":{\"@id\":\"https:\/\/urologiagirona.com\/#organization\"},\"alternateName\":\"Cl\u00ednica Urologia Girona\",\"potentialAction\":[{\"@type\":\"SearchAction\",\"target\":{\"@type\":\"EntryPoint\",\"urlTemplate\":\"https:\/\/urologiagirona.com\/?s={search_term_string}\"},\"query-input\":{\"@type\":\"PropertyValueSpecification\",\"valueRequired\":true,\"valueName\":\"search_term_string\"}}],\"inLanguage\":\"en-US\"},{\"@type\":\"Organization\",\"@id\":\"https:\/\/urologiagirona.com\/#organization\",\"name\":\"Urologia Girona \/ Cl\u00ednica Urologia Girona\",\"url\":\"https:\/\/urologiagirona.com\/\",\"logo\":{\"@type\":\"ImageObject\",\"inLanguage\":\"en-US\",\"@id\":\"https:\/\/urologiagirona.com\/#\/schema\/logo\/image\/\",\"url\":\"https:\/\/urologiagirona.com\/wp-content\/uploads\/2020\/11\/logo_urologia_girona.jpg\",\"contentUrl\":\"https:\/\/urologiagirona.com\/wp-content\/uploads\/2020\/11\/logo_urologia_girona.jpg\",\"width\":600,\"height\":341,\"caption\":\"Urologia Girona \/ Cl\u00ednica Urologia Girona\"},\"image\":{\"@id\":\"https:\/\/urologiagirona.com\/#\/schema\/logo\/image\/\"}}]}<\/script>\n<!-- \/ Yoast SEO plugin. -->","yoast_head_json":{"title":"Urine Infections - Urologia Girona","robots":{"index":"index","follow":"follow","max-snippet":"max-snippet:-1","max-image-preview":"max-image-preview:large","max-video-preview":"max-video-preview:-1"},"canonical":"https:\/\/urologiagirona.com\/en\/urine-infections\/","og_locale":"en_US","og_type":"article","og_title":"Urine Infections - Urologia Girona","og_description":"Acute cystitis Special emphasis on recurrent cystitis. Recurrent cystitis criteria are those patients who have had more than 3 infections in a year, and require an evaluation by a urologist to rule out any problem that justifies recurrence, as well as a treatment for the acute phase and the evaluation of an eventual preventive treatment. [&hellip;]","og_url":"https:\/\/urologiagirona.com\/en\/urine-infections\/","og_site_name":"Urologia Girona","article_modified_time":"2021-05-28T09:06:56+00:00","og_image":[{"width":600,"height":341,"url":"https:\/\/urologiagirona.com\/wp-content\/uploads\/2020\/11\/logo_urologia_girona.jpg","type":"image\/jpeg"}],"schema":{"@context":"https:\/\/schema.org","@graph":[{"@type":"WebPage","@id":"https:\/\/urologiagirona.com\/en\/urine-infections\/","url":"https:\/\/urologiagirona.com\/en\/urine-infections\/","name":"Urine Infections - Urologia Girona","isPartOf":{"@id":"https:\/\/urologiagirona.com\/#website"},"datePublished":"2021-05-28T09:06:14+00:00","dateModified":"2021-05-28T09:06:56+00:00","breadcrumb":{"@id":"https:\/\/urologiagirona.com\/en\/urine-infections\/#breadcrumb"},"inLanguage":"en-US","potentialAction":[{"@type":"ReadAction","target":["https:\/\/urologiagirona.com\/en\/urine-infections\/"]}]},{"@type":"BreadcrumbList","@id":"https:\/\/urologiagirona.com\/en\/urine-infections\/#breadcrumb","itemListElement":[{"@type":"ListItem","position":1,"name":"Inici","item":"https:\/\/urologiagirona.com\/urologia-girona-2025\/"},{"@type":"ListItem","position":2,"name":"Urine Infections"}]},{"@type":"WebSite","@id":"https:\/\/urologiagirona.com\/#website","url":"https:\/\/urologiagirona.com\/","name":"Urologia Girona \/ Cl\u00ednica Urologia Girona","description":"Som especialistes en cirurgia rob\u00f2tica i m\u00ednimament invasiva per el tractament de patologia prost\u00e0tica ( l\u00e0ser de pr\u00f2stata, Robot Da Vinci, ter\u00e0pia focal), patologia renal (c\u00e0ncer, litiasis, cirurgia rob\u00f2tica i laparosc\u00f2pia) i vesical (tumors de bufeta).","publisher":{"@id":"https:\/\/urologiagirona.com\/#organization"},"alternateName":"Cl\u00ednica Urologia Girona","potentialAction":[{"@type":"SearchAction","target":{"@type":"EntryPoint","urlTemplate":"https:\/\/urologiagirona.com\/?s={search_term_string}"},"query-input":{"@type":"PropertyValueSpecification","valueRequired":true,"valueName":"search_term_string"}}],"inLanguage":"en-US"},{"@type":"Organization","@id":"https:\/\/urologiagirona.com\/#organization","name":"Urologia Girona \/ Cl\u00ednica Urologia Girona","url":"https:\/\/urologiagirona.com\/","logo":{"@type":"ImageObject","inLanguage":"en-US","@id":"https:\/\/urologiagirona.com\/#\/schema\/logo\/image\/","url":"https:\/\/urologiagirona.com\/wp-content\/uploads\/2020\/11\/logo_urologia_girona.jpg","contentUrl":"https:\/\/urologiagirona.com\/wp-content\/uploads\/2020\/11\/logo_urologia_girona.jpg","width":600,"height":341,"caption":"Urologia Girona \/ Cl\u00ednica Urologia Girona"},"image":{"@id":"https:\/\/urologiagirona.com\/#\/schema\/logo\/image\/"}}]}},"_links":{"self":[{"href":"https:\/\/urologiagirona.com\/en\/wp-json\/wp\/v2\/pages\/936","targetHints":{"allow":["GET"]}}],"collection":[{"href":"https:\/\/urologiagirona.com\/en\/wp-json\/wp\/v2\/pages"}],"about":[{"href":"https:\/\/urologiagirona.com\/en\/wp-json\/wp\/v2\/types\/page"}],"author":[{"embeddable":true,"href":"https:\/\/urologiagirona.com\/en\/wp-json\/wp\/v2\/users\/1"}],"replies":[{"embeddable":true,"href":"https:\/\/urologiagirona.com\/en\/wp-json\/wp\/v2\/comments?post=936"}],"version-history":[{"count":2,"href":"https:\/\/urologiagirona.com\/en\/wp-json\/wp\/v2\/pages\/936\/revisions"}],"predecessor-version":[{"id":938,"href":"https:\/\/urologiagirona.com\/en\/wp-json\/wp\/v2\/pages\/936\/revisions\/938"}],"wp:attachment":[{"href":"https:\/\/urologiagirona.com\/en\/wp-json\/wp\/v2\/media?parent=936"}],"curies":[{"name":"wp","href":"https:\/\/api.w.org\/{rel}","templated":true}]}}