{"id":927,"date":"2021-05-20T12:28:46","date_gmt":"2021-05-20T10:28:46","guid":{"rendered":"https:\/\/urologiagirona.com\/reconstructive-surgery-and-urethral-surgery\/"},"modified":"2021-05-28T10:58:40","modified_gmt":"2021-05-28T08:58:40","slug":"reconstructive-surgery-and-urethral-surgery","status":"publish","type":"page","link":"https:\/\/urologiagirona.com\/en\/reconstructive-surgery-and-urethral-surgery\/","title":{"rendered":"Reconstructive Surgery and Urethral Surgery"},"content":{"rendered":"\n<h2 class=\"wp-block-heading\">Reconstructive Surgery<\/h2>\n\n\n\n<p>It is the part of urology that is dedicated to carrying out interventions to preserve or recover the correct function of the male excretory and reproductive system.<\/p>\n\n\n\n<h2 class=\"wp-block-heading\">Urethral Surgery<\/h2>\n\n\n\n<p><strong>It is the part of urology dedicated to the correction of all the alterations of the urethra. It is the channel that is responsible for carrying urine and semen from the organs, where it is made, to the outside.<\/strong><\/p>\n\n\n\n<p>The main urethral pathology is urethral stenosis, that is, the thinning of the lumen of the urethra that can occur due to multiple causes.<\/p>\n\n\n\n<p><strong>The treatment is eminently surgical<\/strong> and can be performed according to the location and length: an endoscopic internal urethrotomy, that is, a cold cut of the urethra where there is the narrowing through the urethral canal. Its performance, on certain occasions, is quite high, although the stenosis usually recurs, thus requiring more complex open surgery techniques. Sometimes they require grafts (tissues from other parts of the body) to be carried out. Lately it has been seen that one of the best grafts is the buccal mucosa.<\/p>\n\n\n\n<p>The Girona Urology team has been specifically trained in this type of surgery and has successfully carried out many complex interventions using buccal mucosa grafts. It is important during this type of intervention, to give a careful diagnosis, to choose the simplest and at the same time most decisive technique, to have extensive previous experience and the have the appropriate tools.<\/p>\n\n\n\n<figure class=\"wp-block-image size-large\"><img fetchpriority=\"high\" fetchpriority=\"high\" decoding=\"async\" width=\"1024\" height=\"683\" src=\"https:\/\/urologiagirona.com\/\/wp-content\/uploads\/2020\/11\/biopsai-de-prostata-1024x683.jpg\" alt=\"\" class=\"wp-image-551\" srcset=\"https:\/\/urologiagirona.com\/wp-content\/uploads\/2020\/11\/biopsai-de-prostata-1024x683.jpg 1024w, https:\/\/urologiagirona.com\/wp-content\/uploads\/2020\/11\/biopsai-de-prostata-300x200.jpg 300w, https:\/\/urologiagirona.com\/wp-content\/uploads\/2020\/11\/biopsai-de-prostata-768x512.jpg 768w, https:\/\/urologiagirona.com\/wp-content\/uploads\/2020\/11\/biopsai-de-prostata-1536x1024.jpg 1536w, https:\/\/urologiagirona.com\/wp-content\/uploads\/2020\/11\/biopsai-de-prostata-2048x1365.jpg 2048w, https:\/\/urologiagirona.com\/wp-content\/uploads\/2020\/11\/biopsai-de-prostata-1080x720.jpg 1080w\" sizes=\"(max-width: 1024px) 100vw, 1024px\" \/><figcaption><strong>Dr. Comet and Dr. Boix, urologists at the Onyar Clinic<\/strong><\/figcaption><\/figure>\n\n\n\n<p><\/p>\n","protected":false},"excerpt":{"rendered":"<p>Reconstructive Surgery It is the part of urology that is dedicated to carrying out interventions to preserve or recover the correct function of the male excretory and reproductive system. Urethral Surgery It is the part of urology dedicated to the correction of all the alterations of the urethra. It is the channel that is responsible [&hellip;]<\/p>\n","protected":false},"author":1,"featured_media":0,"parent":0,"menu_order":0,"comment_status":"closed","ping_status":"closed","template":"","meta":{"_et_pb_use_builder":"off","_et_pb_old_content":"","_et_gb_content_width":"","footnotes":""},"class_list":["post-927","page","type-page","status-publish","hentry"],"yoast_head":"<!-- This site is optimized with the Yoast SEO plugin v25.8 - https:\/\/yoast.com\/wordpress\/plugins\/seo\/ -->\n<title>Reconstructive Surgery and Urethral Surgery - Urologia Girona<\/title>\n<meta name=\"robots\" content=\"index, follow, max-snippet:-1, max-image-preview:large, max-video-preview:-1\" \/>\n<link rel=\"canonical\" href=\"https:\/\/urologiagirona.com\/en\/reconstructive-surgery-and-urethral-surgery\/\" \/>\n<meta property=\"og:locale\" content=\"en_US\" \/>\n<meta property=\"og:type\" content=\"article\" \/>\n<meta property=\"og:title\" content=\"Reconstructive Surgery and Urethral Surgery - Urologia Girona\" \/>\n<meta property=\"og:description\" content=\"Reconstructive Surgery It is the part of urology that is dedicated to carrying out interventions to preserve or recover the correct function of the male excretory and reproductive system. Urethral Surgery It is the part of urology dedicated to the correction of all the alterations of the urethra. It is the channel that is responsible [&hellip;]\" \/>\n<meta property=\"og:url\" content=\"https:\/\/urologiagirona.com\/en\/reconstructive-surgery-and-urethral-surgery\/\" \/>\n<meta property=\"og:site_name\" content=\"Urologia Girona\" \/>\n<meta property=\"article:modified_time\" content=\"2021-05-28T08:58:40+00:00\" \/>\n<meta property=\"og:image\" content=\"https:\/\/urologiagirona.com\/\/wp-content\/uploads\/2020\/11\/biopsai-de-prostata-1024x683.jpg\" \/>\n<script type=\"application\/ld+json\" class=\"yoast-schema-graph\">{\"@context\":\"https:\/\/schema.org\",\"@graph\":[{\"@type\":\"WebPage\",\"@id\":\"https:\/\/urologiagirona.com\/en\/reconstructive-surgery-and-urethral-surgery\/\",\"url\":\"https:\/\/urologiagirona.com\/en\/reconstructive-surgery-and-urethral-surgery\/\",\"name\":\"Reconstructive Surgery and Urethral Surgery - Urologia Girona\",\"isPartOf\":{\"@id\":\"https:\/\/urologiagirona.com\/#website\"},\"primaryImageOfPage\":{\"@id\":\"https:\/\/urologiagirona.com\/en\/reconstructive-surgery-and-urethral-surgery\/#primaryimage\"},\"image\":{\"@id\":\"https:\/\/urologiagirona.com\/en\/reconstructive-surgery-and-urethral-surgery\/#primaryimage\"},\"thumbnailUrl\":\"https:\/\/urologiagirona.com\/\/wp-content\/uploads\/2020\/11\/biopsai-de-prostata-1024x683.jpg\",\"datePublished\":\"2021-05-20T10:28:46+00:00\",\"dateModified\":\"2021-05-28T08:58:40+00:00\",\"breadcrumb\":{\"@id\":\"https:\/\/urologiagirona.com\/en\/reconstructive-surgery-and-urethral-surgery\/#breadcrumb\"},\"inLanguage\":\"en-US\",\"potentialAction\":[{\"@type\":\"ReadAction\",\"target\":[\"https:\/\/urologiagirona.com\/en\/reconstructive-surgery-and-urethral-surgery\/\"]}]},{\"@type\":\"ImageObject\",\"inLanguage\":\"en-US\",\"@id\":\"https:\/\/urologiagirona.com\/en\/reconstructive-surgery-and-urethral-surgery\/#primaryimage\",\"url\":\"https:\/\/urologiagirona.com\/\/wp-content\/uploads\/2020\/11\/biopsai-de-prostata-1024x683.jpg\",\"contentUrl\":\"https:\/\/urologiagirona.com\/\/wp-content\/uploads\/2020\/11\/biopsai-de-prostata-1024x683.jpg\"},{\"@type\":\"BreadcrumbList\",\"@id\":\"https:\/\/urologiagirona.com\/en\/reconstructive-surgery-and-urethral-surgery\/#breadcrumb\",\"itemListElement\":[{\"@type\":\"ListItem\",\"position\":1,\"name\":\"Inici\",\"item\":\"https:\/\/urologiagirona.com\/urologia-girona-2025\/\"},{\"@type\":\"ListItem\",\"position\":2,\"name\":\"Reconstructive Surgery and Urethral Surgery\"}]},{\"@type\":\"WebSite\",\"@id\":\"https:\/\/urologiagirona.com\/#website\",\"url\":\"https:\/\/urologiagirona.com\/\",\"name\":\"Urologia Girona \/ Cl\u00ednica Urologia Girona\",\"description\":\"Som especialistes en cirurgia rob\u00f2tica i m\u00ednimament invasiva per el tractament de patologia prost\u00e0tica ( l\u00e0ser de pr\u00f2stata, Robot Da Vinci, ter\u00e0pia focal), patologia renal (c\u00e0ncer, litiasis, cirurgia rob\u00f2tica i laparosc\u00f2pia) i vesical (tumors de bufeta).\",\"publisher\":{\"@id\":\"https:\/\/urologiagirona.com\/#organization\"},\"alternateName\":\"Cl\u00ednica Urologia Girona\",\"potentialAction\":[{\"@type\":\"SearchAction\",\"target\":{\"@type\":\"EntryPoint\",\"urlTemplate\":\"https:\/\/urologiagirona.com\/?s={search_term_string}\"},\"query-input\":{\"@type\":\"PropertyValueSpecification\",\"valueRequired\":true,\"valueName\":\"search_term_string\"}}],\"inLanguage\":\"en-US\"},{\"@type\":\"Organization\",\"@id\":\"https:\/\/urologiagirona.com\/#organization\",\"name\":\"Urologia Girona \/ Cl\u00ednica Urologia Girona\",\"url\":\"https:\/\/urologiagirona.com\/\",\"logo\":{\"@type\":\"ImageObject\",\"inLanguage\":\"en-US\",\"@id\":\"https:\/\/urologiagirona.com\/#\/schema\/logo\/image\/\",\"url\":\"https:\/\/urologiagirona.com\/wp-content\/uploads\/2020\/11\/logo_urologia_girona.jpg\",\"contentUrl\":\"https:\/\/urologiagirona.com\/wp-content\/uploads\/2020\/11\/logo_urologia_girona.jpg\",\"width\":600,\"height\":341,\"caption\":\"Urologia Girona \/ Cl\u00ednica Urologia Girona\"},\"image\":{\"@id\":\"https:\/\/urologiagirona.com\/#\/schema\/logo\/image\/\"}}]}<\/script>\n<!-- \/ Yoast SEO plugin. -->","yoast_head_json":{"title":"Reconstructive Surgery and Urethral Surgery - Urologia Girona","robots":{"index":"index","follow":"follow","max-snippet":"max-snippet:-1","max-image-preview":"max-image-preview:large","max-video-preview":"max-video-preview:-1"},"canonical":"https:\/\/urologiagirona.com\/en\/reconstructive-surgery-and-urethral-surgery\/","og_locale":"en_US","og_type":"article","og_title":"Reconstructive Surgery and Urethral Surgery - Urologia Girona","og_description":"Reconstructive Surgery It is the part of urology that is dedicated to carrying out interventions to preserve or recover the correct function of the male excretory and reproductive system. Urethral Surgery It is the part of urology dedicated to the correction of all the alterations of the urethra. It is the channel that is responsible [&hellip;]","og_url":"https:\/\/urologiagirona.com\/en\/reconstructive-surgery-and-urethral-surgery\/","og_site_name":"Urologia Girona","article_modified_time":"2021-05-28T08:58:40+00:00","og_image":[{"url":"https:\/\/urologiagirona.com\/\/wp-content\/uploads\/2020\/11\/biopsai-de-prostata-1024x683.jpg","type":"","width":"","height":""}],"schema":{"@context":"https:\/\/schema.org","@graph":[{"@type":"WebPage","@id":"https:\/\/urologiagirona.com\/en\/reconstructive-surgery-and-urethral-surgery\/","url":"https:\/\/urologiagirona.com\/en\/reconstructive-surgery-and-urethral-surgery\/","name":"Reconstructive Surgery and Urethral Surgery - Urologia Girona","isPartOf":{"@id":"https:\/\/urologiagirona.com\/#website"},"primaryImageOfPage":{"@id":"https:\/\/urologiagirona.com\/en\/reconstructive-surgery-and-urethral-surgery\/#primaryimage"},"image":{"@id":"https:\/\/urologiagirona.com\/en\/reconstructive-surgery-and-urethral-surgery\/#primaryimage"},"thumbnailUrl":"https:\/\/urologiagirona.com\/\/wp-content\/uploads\/2020\/11\/biopsai-de-prostata-1024x683.jpg","datePublished":"2021-05-20T10:28:46+00:00","dateModified":"2021-05-28T08:58:40+00:00","breadcrumb":{"@id":"https:\/\/urologiagirona.com\/en\/reconstructive-surgery-and-urethral-surgery\/#breadcrumb"},"inLanguage":"en-US","potentialAction":[{"@type":"ReadAction","target":["https:\/\/urologiagirona.com\/en\/reconstructive-surgery-and-urethral-surgery\/"]}]},{"@type":"ImageObject","inLanguage":"en-US","@id":"https:\/\/urologiagirona.com\/en\/reconstructive-surgery-and-urethral-surgery\/#primaryimage","url":"https:\/\/urologiagirona.com\/\/wp-content\/uploads\/2020\/11\/biopsai-de-prostata-1024x683.jpg","contentUrl":"https:\/\/urologiagirona.com\/\/wp-content\/uploads\/2020\/11\/biopsai-de-prostata-1024x683.jpg"},{"@type":"BreadcrumbList","@id":"https:\/\/urologiagirona.com\/en\/reconstructive-surgery-and-urethral-surgery\/#breadcrumb","itemListElement":[{"@type":"ListItem","position":1,"name":"Inici","item":"https:\/\/urologiagirona.com\/urologia-girona-2025\/"},{"@type":"ListItem","position":2,"name":"Reconstructive Surgery and Urethral Surgery"}]},{"@type":"WebSite","@id":"https:\/\/urologiagirona.com\/#website","url":"https:\/\/urologiagirona.com\/","name":"Urologia Girona \/ Cl\u00ednica Urologia Girona","description":"Som especialistes en cirurgia rob\u00f2tica i m\u00ednimament invasiva per el tractament de patologia prost\u00e0tica ( l\u00e0ser de pr\u00f2stata, Robot Da Vinci, ter\u00e0pia focal), patologia renal (c\u00e0ncer, litiasis, cirurgia rob\u00f2tica i laparosc\u00f2pia) i vesical (tumors de bufeta).","publisher":{"@id":"https:\/\/urologiagirona.com\/#organization"},"alternateName":"Cl\u00ednica Urologia Girona","potentialAction":[{"@type":"SearchAction","target":{"@type":"EntryPoint","urlTemplate":"https:\/\/urologiagirona.com\/?s={search_term_string}"},"query-input":{"@type":"PropertyValueSpecification","valueRequired":true,"valueName":"search_term_string"}}],"inLanguage":"en-US"},{"@type":"Organization","@id":"https:\/\/urologiagirona.com\/#organization","name":"Urologia Girona \/ Cl\u00ednica Urologia Girona","url":"https:\/\/urologiagirona.com\/","logo":{"@type":"ImageObject","inLanguage":"en-US","@id":"https:\/\/urologiagirona.com\/#\/schema\/logo\/image\/","url":"https:\/\/urologiagirona.com\/wp-content\/uploads\/2020\/11\/logo_urologia_girona.jpg","contentUrl":"https:\/\/urologiagirona.com\/wp-content\/uploads\/2020\/11\/logo_urologia_girona.jpg","width":600,"height":341,"caption":"Urologia Girona \/ Cl\u00ednica Urologia Girona"},"image":{"@id":"https:\/\/urologiagirona.com\/#\/schema\/logo\/image\/"}}]}},"_links":{"self":[{"href":"https:\/\/urologiagirona.com\/en\/wp-json\/wp\/v2\/pages\/927","targetHints":{"allow":["GET"]}}],"collection":[{"href":"https:\/\/urologiagirona.com\/en\/wp-json\/wp\/v2\/pages"}],"about":[{"href":"https:\/\/urologiagirona.com\/en\/wp-json\/wp\/v2\/types\/page"}],"author":[{"embeddable":true,"href":"https:\/\/urologiagirona.com\/en\/wp-json\/wp\/v2\/users\/1"}],"replies":[{"embeddable":true,"href":"https:\/\/urologiagirona.com\/en\/wp-json\/wp\/v2\/comments?post=927"}],"version-history":[{"count":2,"href":"https:\/\/urologiagirona.com\/en\/wp-json\/wp\/v2\/pages\/927\/revisions"}],"predecessor-version":[{"id":931,"href":"https:\/\/urologiagirona.com\/en\/wp-json\/wp\/v2\/pages\/927\/revisions\/931"}],"wp:attachment":[{"href":"https:\/\/urologiagirona.com\/en\/wp-json\/wp\/v2\/media?parent=927"}],"curies":[{"name":"wp","href":"https:\/\/api.w.org\/{rel}","templated":true}]}}