{"id":920,"date":"2021-05-20T12:21:41","date_gmt":"2021-05-20T10:21:41","guid":{"rendered":"https:\/\/urologiagirona.com\/vasovasostomy\/"},"modified":"2021-05-20T12:28:03","modified_gmt":"2021-05-20T10:28:03","slug":"vasovasostomy","status":"publish","type":"page","link":"https:\/\/urologiagirona.com\/en\/vasovasostomy\/","title":{"rendered":"Vasovasostomy"},"content":{"rendered":"\n<div class=\"wp-block-image\"><figure class=\"alignright\"><a href=\"https:\/\/urologiagirona.com\/wp-content\/uploads\/2015\/04\/vaso-vasostomia1.jpg\"><img decoding=\"async\" src=\"https:\/\/urologiagirona.com\/wp-content\/uploads\/2015\/04\/vaso-vasostomia1-300x224.jpg\" alt=\"vaso-vasostomia1\" class=\"wp-image-137\"\/><\/a><\/figure><\/div>\n\n\n\n<p><strong>Vasovasostomy is the surgical technique that aims to anastomosis or recanalize the vas deferens that have previously been sectioned by performing a vasectomy.<\/strong><\/p>\n\n\n\n<p>The intervention is performed under local anaesthesia and lasts approximately 3 hours. It is done on an outpatient basis.<\/p>\n\n\n\n<h3 class=\"wp-block-heading\">Prognostic Factors:<\/h3>\n\n\n\n<ul class=\"wp-block-list\"><li>Surgeon&#8217;s experience in microsurgery<\/li><li>Obstruction Time: That is, time elapsed since the vasectomy. The success rate (positive seminograms) according to the latest publications * \/ **, is:<ul><li>&lt;5 years &#8211; 96%<\/li><li>5-10 years &#8211; 90%<\/li><li>10-15 years &#8211; 65%<\/li><li>15-20 years&nbsp; &#8211; 35%<\/li><\/ul><\/li><\/ul>\n\n\n\n<p>Although the seminogram is positive, a pregnancy may not be achieved spontaneously, although it may simplify and make assisted reproductive techniques possible.<\/p>\n\n\n\n<ul class=\"wp-block-list\"><li>Surgical technique: The use of microsurgical material and techniques is essential.<\/li><li>Level of obstruction: Determined by where the vasectomy was performed. The further away from the testicle the better, because the diameter of the vas deferens is greater.<\/li><\/ul>\n\n\n\n<h4 class=\"wp-block-heading\">Preparation:<\/h4>\n\n\n\n<div class=\"wp-block-image\"><figure class=\"alignright size-large\"><img fetchpriority=\"high\" fetchpriority=\"high\" decoding=\"async\" width=\"300\" height=\"300\" src=\"https:\/\/urologiagirona.com\/wp-content\/uploads\/2021\/03\/vaso-vasostomia2-300x300-1.jpg\" alt=\"\" class=\"wp-image-682\" srcset=\"https:\/\/urologiagirona.com\/wp-content\/uploads\/2021\/03\/vaso-vasostomia2-300x300-1.jpg 300w, https:\/\/urologiagirona.com\/wp-content\/uploads\/2021\/03\/vaso-vasostomia2-300x300-1-150x150.jpg 150w\" sizes=\"(max-width: 300px) 100vw, 300px\" \/><\/figure><\/div>\n\n\n\n<p>5-hour fast and shaving of the area.<\/p>\n\n\n\n<h4 class=\"wp-block-heading\">Recovery:<\/h4>\n\n\n\n<p>Gentle movements the first 3 days and 20 days without practicing intercourse (to ensure healing of the suture of the vas deferens).<\/p>\n\n\n\n<h4 class=\"wp-block-heading\">Control:<\/h4>\n\n\n\n<p>1st semen analysis at 8 weeks. If we observe the presence of motile sperm, a new control is carried out 16 weeks after surgery to observe the result of recanalization. If in the first control we observe azoospermia (absence of sperm), we perform a new analysis 16 weeks after surgery. If this fact persists until 32 weeks after the procedure, we consider that it has not been successful.<\/p>\n\n\n\n<h4 class=\"wp-block-heading\">Other Alternatives:<\/h4>\n\n\n\n<p>Obtaining sperm by puncture and biopsy of the testicle, and with the sperm obtained, practice an In Vitro Fertilization (IVF &#8211; ICSI).<\/p>\n\n\n\n<p><em>* Vasectomy Reversal Outcomes Among Patients With Vasal Obstructive Intervalos Greater Than 10 Years.Grober ED, Karpman E, Fanipour M.Urology. 2013 Nov 6.<\/em><\/p>\n\n\n\n<p><em>** Current status of vasectomy reversal. Schwarzer JU, Steinfatt H.Nat Rev Urola. 2013 Apr; 10 (4): 195-205.<\/em><\/p>\n","protected":false},"excerpt":{"rendered":"<p>Vasovasostomy is the surgical technique that aims to anastomosis or recanalize the vas deferens that have previously been sectioned by performing a vasectomy. The intervention is performed under local anaesthesia and lasts approximately 3 hours. It is done on an outpatient basis. Prognostic Factors: Surgeon&#8217;s experience in microsurgery Obstruction Time: That is, time elapsed since [&hellip;]<\/p>\n","protected":false},"author":1,"featured_media":0,"parent":0,"menu_order":0,"comment_status":"open","ping_status":"open","template":"","meta":{"_et_pb_use_builder":"","_et_pb_old_content":"","_et_gb_content_width":"","footnotes":""},"class_list":["post-920","page","type-page","status-publish","hentry"],"yoast_head":"<!-- This site is optimized with the Yoast SEO plugin v25.8 - https:\/\/yoast.com\/wordpress\/plugins\/seo\/ -->\n<title>Vasovasostomy - Urologia Girona<\/title>\n<meta name=\"robots\" content=\"index, follow, max-snippet:-1, max-image-preview:large, max-video-preview:-1\" \/>\n<link rel=\"canonical\" href=\"https:\/\/urologiagirona.com\/en\/vasovasostomy\/\" \/>\n<meta property=\"og:locale\" content=\"en_US\" \/>\n<meta property=\"og:type\" content=\"article\" \/>\n<meta property=\"og:title\" content=\"Vasovasostomy - Urologia Girona\" \/>\n<meta property=\"og:description\" content=\"Vasovasostomy is the surgical technique that aims to anastomosis or recanalize the vas deferens that have previously been sectioned by performing a vasectomy. The intervention is performed under local anaesthesia and lasts approximately 3 hours. It is done on an outpatient basis. Prognostic Factors: Surgeon&#8217;s experience in microsurgery Obstruction Time: That is, time elapsed since [&hellip;]\" \/>\n<meta property=\"og:url\" content=\"https:\/\/urologiagirona.com\/en\/vasovasostomy\/\" \/>\n<meta property=\"og:site_name\" content=\"Urologia Girona\" \/>\n<meta property=\"article:modified_time\" content=\"2021-05-20T10:28:03+00:00\" \/>\n<meta property=\"og:image\" content=\"https:\/\/urologiagirona.com\/wp-content\/uploads\/2015\/04\/vaso-vasostomia1-300x224.jpg\" \/>\n<script type=\"application\/ld+json\" class=\"yoast-schema-graph\">{\"@context\":\"https:\/\/schema.org\",\"@graph\":[{\"@type\":\"WebPage\",\"@id\":\"https:\/\/urologiagirona.com\/en\/vasovasostomy\/\",\"url\":\"https:\/\/urologiagirona.com\/en\/vasovasostomy\/\",\"name\":\"Vasovasostomy - Urologia Girona\",\"isPartOf\":{\"@id\":\"https:\/\/urologiagirona.com\/#website\"},\"primaryImageOfPage\":{\"@id\":\"https:\/\/urologiagirona.com\/en\/vasovasostomy\/#primaryimage\"},\"image\":{\"@id\":\"https:\/\/urologiagirona.com\/en\/vasovasostomy\/#primaryimage\"},\"thumbnailUrl\":\"https:\/\/urologiagirona.com\/wp-content\/uploads\/2015\/04\/vaso-vasostomia1-300x224.jpg\",\"datePublished\":\"2021-05-20T10:21:41+00:00\",\"dateModified\":\"2021-05-20T10:28:03+00:00\",\"breadcrumb\":{\"@id\":\"https:\/\/urologiagirona.com\/en\/vasovasostomy\/#breadcrumb\"},\"inLanguage\":\"en-US\",\"potentialAction\":[{\"@type\":\"ReadAction\",\"target\":[\"https:\/\/urologiagirona.com\/en\/vasovasostomy\/\"]}]},{\"@type\":\"ImageObject\",\"inLanguage\":\"en-US\",\"@id\":\"https:\/\/urologiagirona.com\/en\/vasovasostomy\/#primaryimage\",\"url\":\"https:\/\/urologiagirona.com\/wp-content\/uploads\/2015\/04\/vaso-vasostomia1-300x224.jpg\",\"contentUrl\":\"https:\/\/urologiagirona.com\/wp-content\/uploads\/2015\/04\/vaso-vasostomia1-300x224.jpg\"},{\"@type\":\"BreadcrumbList\",\"@id\":\"https:\/\/urologiagirona.com\/en\/vasovasostomy\/#breadcrumb\",\"itemListElement\":[{\"@type\":\"ListItem\",\"position\":1,\"name\":\"Inici\",\"item\":\"https:\/\/urologiagirona.com\/urologia-girona-2025\/\"},{\"@type\":\"ListItem\",\"position\":2,\"name\":\"Vasovasostomy\"}]},{\"@type\":\"WebSite\",\"@id\":\"https:\/\/urologiagirona.com\/#website\",\"url\":\"https:\/\/urologiagirona.com\/\",\"name\":\"Urologia Girona \/ Cl\u00ednica Urologia Girona\",\"description\":\"Som especialistes en cirurgia rob\u00f2tica i m\u00ednimament invasiva per el tractament de patologia prost\u00e0tica ( l\u00e0ser de pr\u00f2stata, Robot Da Vinci, ter\u00e0pia focal), patologia renal (c\u00e0ncer, litiasis, cirurgia rob\u00f2tica i laparosc\u00f2pia) i vesical (tumors de bufeta).\",\"publisher\":{\"@id\":\"https:\/\/urologiagirona.com\/#organization\"},\"alternateName\":\"Cl\u00ednica Urologia Girona\",\"potentialAction\":[{\"@type\":\"SearchAction\",\"target\":{\"@type\":\"EntryPoint\",\"urlTemplate\":\"https:\/\/urologiagirona.com\/?s={search_term_string}\"},\"query-input\":{\"@type\":\"PropertyValueSpecification\",\"valueRequired\":true,\"valueName\":\"search_term_string\"}}],\"inLanguage\":\"en-US\"},{\"@type\":\"Organization\",\"@id\":\"https:\/\/urologiagirona.com\/#organization\",\"name\":\"Urologia Girona \/ Cl\u00ednica Urologia Girona\",\"url\":\"https:\/\/urologiagirona.com\/\",\"logo\":{\"@type\":\"ImageObject\",\"inLanguage\":\"en-US\",\"@id\":\"https:\/\/urologiagirona.com\/#\/schema\/logo\/image\/\",\"url\":\"https:\/\/urologiagirona.com\/wp-content\/uploads\/2020\/11\/logo_urologia_girona.jpg\",\"contentUrl\":\"https:\/\/urologiagirona.com\/wp-content\/uploads\/2020\/11\/logo_urologia_girona.jpg\",\"width\":600,\"height\":341,\"caption\":\"Urologia Girona \/ Cl\u00ednica Urologia Girona\"},\"image\":{\"@id\":\"https:\/\/urologiagirona.com\/#\/schema\/logo\/image\/\"}}]}<\/script>\n<!-- \/ Yoast SEO plugin. -->","yoast_head_json":{"title":"Vasovasostomy - Urologia Girona","robots":{"index":"index","follow":"follow","max-snippet":"max-snippet:-1","max-image-preview":"max-image-preview:large","max-video-preview":"max-video-preview:-1"},"canonical":"https:\/\/urologiagirona.com\/en\/vasovasostomy\/","og_locale":"en_US","og_type":"article","og_title":"Vasovasostomy - Urologia Girona","og_description":"Vasovasostomy is the surgical technique that aims to anastomosis or recanalize the vas deferens that have previously been sectioned by performing a vasectomy. The intervention is performed under local anaesthesia and lasts approximately 3 hours. It is done on an outpatient basis. Prognostic Factors: Surgeon&#8217;s experience in microsurgery Obstruction Time: That is, time elapsed since [&hellip;]","og_url":"https:\/\/urologiagirona.com\/en\/vasovasostomy\/","og_site_name":"Urologia Girona","article_modified_time":"2021-05-20T10:28:03+00:00","og_image":[{"url":"https:\/\/urologiagirona.com\/wp-content\/uploads\/2015\/04\/vaso-vasostomia1-300x224.jpg","type":"","width":"","height":""}],"schema":{"@context":"https:\/\/schema.org","@graph":[{"@type":"WebPage","@id":"https:\/\/urologiagirona.com\/en\/vasovasostomy\/","url":"https:\/\/urologiagirona.com\/en\/vasovasostomy\/","name":"Vasovasostomy - Urologia Girona","isPartOf":{"@id":"https:\/\/urologiagirona.com\/#website"},"primaryImageOfPage":{"@id":"https:\/\/urologiagirona.com\/en\/vasovasostomy\/#primaryimage"},"image":{"@id":"https:\/\/urologiagirona.com\/en\/vasovasostomy\/#primaryimage"},"thumbnailUrl":"https:\/\/urologiagirona.com\/wp-content\/uploads\/2015\/04\/vaso-vasostomia1-300x224.jpg","datePublished":"2021-05-20T10:21:41+00:00","dateModified":"2021-05-20T10:28:03+00:00","breadcrumb":{"@id":"https:\/\/urologiagirona.com\/en\/vasovasostomy\/#breadcrumb"},"inLanguage":"en-US","potentialAction":[{"@type":"ReadAction","target":["https:\/\/urologiagirona.com\/en\/vasovasostomy\/"]}]},{"@type":"ImageObject","inLanguage":"en-US","@id":"https:\/\/urologiagirona.com\/en\/vasovasostomy\/#primaryimage","url":"https:\/\/urologiagirona.com\/wp-content\/uploads\/2015\/04\/vaso-vasostomia1-300x224.jpg","contentUrl":"https:\/\/urologiagirona.com\/wp-content\/uploads\/2015\/04\/vaso-vasostomia1-300x224.jpg"},{"@type":"BreadcrumbList","@id":"https:\/\/urologiagirona.com\/en\/vasovasostomy\/#breadcrumb","itemListElement":[{"@type":"ListItem","position":1,"name":"Inici","item":"https:\/\/urologiagirona.com\/urologia-girona-2025\/"},{"@type":"ListItem","position":2,"name":"Vasovasostomy"}]},{"@type":"WebSite","@id":"https:\/\/urologiagirona.com\/#website","url":"https:\/\/urologiagirona.com\/","name":"Urologia Girona \/ Cl\u00ednica Urologia Girona","description":"Som especialistes en cirurgia rob\u00f2tica i m\u00ednimament invasiva per el tractament de patologia prost\u00e0tica ( l\u00e0ser de pr\u00f2stata, Robot Da Vinci, ter\u00e0pia focal), patologia renal (c\u00e0ncer, litiasis, cirurgia rob\u00f2tica i laparosc\u00f2pia) i vesical (tumors de bufeta).","publisher":{"@id":"https:\/\/urologiagirona.com\/#organization"},"alternateName":"Cl\u00ednica Urologia Girona","potentialAction":[{"@type":"SearchAction","target":{"@type":"EntryPoint","urlTemplate":"https:\/\/urologiagirona.com\/?s={search_term_string}"},"query-input":{"@type":"PropertyValueSpecification","valueRequired":true,"valueName":"search_term_string"}}],"inLanguage":"en-US"},{"@type":"Organization","@id":"https:\/\/urologiagirona.com\/#organization","name":"Urologia Girona \/ Cl\u00ednica Urologia Girona","url":"https:\/\/urologiagirona.com\/","logo":{"@type":"ImageObject","inLanguage":"en-US","@id":"https:\/\/urologiagirona.com\/#\/schema\/logo\/image\/","url":"https:\/\/urologiagirona.com\/wp-content\/uploads\/2020\/11\/logo_urologia_girona.jpg","contentUrl":"https:\/\/urologiagirona.com\/wp-content\/uploads\/2020\/11\/logo_urologia_girona.jpg","width":600,"height":341,"caption":"Urologia Girona \/ Cl\u00ednica Urologia Girona"},"image":{"@id":"https:\/\/urologiagirona.com\/#\/schema\/logo\/image\/"}}]}},"_links":{"self":[{"href":"https:\/\/urologiagirona.com\/en\/wp-json\/wp\/v2\/pages\/920","targetHints":{"allow":["GET"]}}],"collection":[{"href":"https:\/\/urologiagirona.com\/en\/wp-json\/wp\/v2\/pages"}],"about":[{"href":"https:\/\/urologiagirona.com\/en\/wp-json\/wp\/v2\/types\/page"}],"author":[{"embeddable":true,"href":"https:\/\/urologiagirona.com\/en\/wp-json\/wp\/v2\/users\/1"}],"replies":[{"embeddable":true,"href":"https:\/\/urologiagirona.com\/en\/wp-json\/wp\/v2\/comments?post=920"}],"version-history":[{"count":1,"href":"https:\/\/urologiagirona.com\/en\/wp-json\/wp\/v2\/pages\/920\/revisions"}],"predecessor-version":[{"id":923,"href":"https:\/\/urologiagirona.com\/en\/wp-json\/wp\/v2\/pages\/920\/revisions\/923"}],"wp:attachment":[{"href":"https:\/\/urologiagirona.com\/en\/wp-json\/wp\/v2\/media?parent=920"}],"curies":[{"name":"wp","href":"https:\/\/api.w.org\/{rel}","templated":true}]}}