{"id":914,"date":"2021-05-20T12:17:20","date_gmt":"2021-05-20T10:17:20","guid":{"rendered":"https:\/\/urologiagirona.com\/andrology\/"},"modified":"2021-05-20T12:18:14","modified_gmt":"2021-05-20T10:18:14","slug":"andrology","status":"publish","type":"page","link":"https:\/\/urologiagirona.com\/en\/andrology\/","title":{"rendered":"Andrology"},"content":{"rendered":"<p><span style=\"font-weight: 400;\">It is the medical discipline that deals with the pathologies of the male reproductive system.<\/span><\/p>\n<h3><span style=\"font-weight: 400;\">Erectile disfunction\u00a0<\/span><\/h3>\n<p><span style=\"font-weight: 400;\">Before called impotence, it is a situation in which there is no adequate erection of the penis to sexual stimuli, which does not allow the introduction of the penis into the vagina.<\/span><\/p>\n<p><b>There are several causes:<\/b><\/p>\n<p><span style=\"font-weight: 400;\">Causes because of physical problems are called organic ED<\/span><\/p>\n<p><span style=\"font-weight: 400;\">Types of organic ED:<\/span><\/p>\n<ul>\n<li style=\"font-weight: 400;\" aria-level=\"1\"><span style=\"font-weight: 400;\">Vascular (lack of blood supply)<\/span><\/li>\n<li style=\"font-weight: 400;\" aria-level=\"1\"><span style=\"font-weight: 400;\">Hormonal (lack of testosterone)<\/span><\/li>\n<li style=\"font-weight: 400;\" aria-level=\"1\"><span style=\"font-weight: 400;\">Neurological: (bad condition of the nerves)<\/span><\/li>\n<\/ul>\n<p><span style=\"font-weight: 400;\">When it is due to psychological problems is mainly because of thoughts of fear of not getting an erection.\u00a0<\/span><\/p>\n<p><span style=\"font-weight: 400;\">For both organic and psychological problems, it is called Mixed ED.<\/span><\/p>\n<h3><b>Treatment<\/b><\/h3>\n<p><span style=\"font-weight: 400;\">Change to healthy lifestyle.<\/span><\/p>\n<p><span style=\"font-weight: 400;\">Drugs:<\/span><\/p>\n<ul>\n<li style=\"font-weight: 400;\" aria-level=\"1\"><span style=\"font-weight: 400;\">Oral route: phosphodiesterase 5 inhibitors.<\/span><\/li>\n<li style=\"font-weight: 400;\" aria-level=\"1\"><span style=\"font-weight: 400;\">Intracavernous route: that is, an injection into the penis.<\/span><\/li>\n<\/ul>\n<p><span style=\"font-weight: 400;\">Mechanic:<\/span><\/p>\n<ul>\n<li style=\"font-weight: 400;\" aria-level=\"1\"><span style=\"font-weight: 400;\">Constrictor rings are placed at the base of the penis.<\/span><\/li>\n<li style=\"font-weight: 400;\" aria-level=\"1\"><span style=\"font-weight: 400;\">Vacuum devices.<\/span><\/li>\n<\/ul>\n<p><span style=\"font-weight: 400;\">Surgical: It is done as a last resort, and consists of the implantation of a penile prosthesis, the most advisable ones are the hydraulic ones, which have a mechanism that allows the reversibility of the erect position of the penis.<\/span><\/p>\n<h3><b>TDS Control<\/b><\/h3>\n<p><span style=\"font-weight: 400;\">Testosterone deficiency syndrome.<\/span><\/p>\n<h3><b>Fertility in men<\/b><\/h3>\n<p><span style=\"font-weight: 400;\">Study using seminograms to evaluate and objectify the degree of male infertility and carry out the appropriate treatment. In the case of vasectomized patients, we can perform the vasovasostomy.<\/span><\/p>\n","protected":false},"excerpt":{"rendered":"<p>It is the medical discipline that deals with the pathologies of the male reproductive system. Erectile disfunction\u00a0 Before called impotence, it is a situation in which there is no adequate erection of the penis to sexual stimuli, which does not allow the introduction of the penis into the vagina. There are several causes: Causes because [&hellip;]<\/p>\n","protected":false},"author":1,"featured_media":0,"parent":0,"menu_order":0,"comment_status":"closed","ping_status":"closed","template":"","meta":{"_et_pb_use_builder":"off","_et_pb_old_content":"","_et_gb_content_width":"","footnotes":""},"class_list":["post-914","page","type-page","status-publish","hentry"],"yoast_head":"<!-- This site is optimized with the Yoast SEO plugin v25.8 - https:\/\/yoast.com\/wordpress\/plugins\/seo\/ -->\n<title>Andrology - Urologia Girona<\/title>\n<meta name=\"robots\" content=\"index, follow, max-snippet:-1, max-image-preview:large, max-video-preview:-1\" \/>\n<link rel=\"canonical\" href=\"https:\/\/urologiagirona.com\/en\/andrology\/\" \/>\n<meta property=\"og:locale\" content=\"en_US\" \/>\n<meta property=\"og:type\" content=\"article\" \/>\n<meta property=\"og:title\" content=\"Andrology - Urologia Girona\" \/>\n<meta property=\"og:description\" content=\"It is the medical discipline that deals with the pathologies of the male reproductive system. Erectile disfunction\u00a0 Before called impotence, it is a situation in which there is no adequate erection of the penis to sexual stimuli, which does not allow the introduction of the penis into the vagina. There are several causes: Causes because [&hellip;]\" \/>\n<meta property=\"og:url\" content=\"https:\/\/urologiagirona.com\/en\/andrology\/\" \/>\n<meta property=\"og:site_name\" content=\"Urologia Girona\" \/>\n<meta property=\"article:modified_time\" content=\"2021-05-20T10:18:14+00:00\" \/>\n<meta property=\"og:image\" content=\"https:\/\/urologiagirona.com\/wp-content\/uploads\/2020\/11\/logo_urologia_girona.jpg\" \/>\n\t<meta property=\"og:image:width\" content=\"600\" \/>\n\t<meta property=\"og:image:height\" content=\"341\" \/>\n\t<meta property=\"og:image:type\" content=\"image\/jpeg\" \/>\n<script type=\"application\/ld+json\" class=\"yoast-schema-graph\">{\"@context\":\"https:\/\/schema.org\",\"@graph\":[{\"@type\":\"WebPage\",\"@id\":\"https:\/\/urologiagirona.com\/en\/andrology\/\",\"url\":\"https:\/\/urologiagirona.com\/en\/andrology\/\",\"name\":\"Andrology - Urologia Girona\",\"isPartOf\":{\"@id\":\"https:\/\/urologiagirona.com\/#website\"},\"datePublished\":\"2021-05-20T10:17:20+00:00\",\"dateModified\":\"2021-05-20T10:18:14+00:00\",\"breadcrumb\":{\"@id\":\"https:\/\/urologiagirona.com\/en\/andrology\/#breadcrumb\"},\"inLanguage\":\"en-US\",\"potentialAction\":[{\"@type\":\"ReadAction\",\"target\":[\"https:\/\/urologiagirona.com\/en\/andrology\/\"]}]},{\"@type\":\"BreadcrumbList\",\"@id\":\"https:\/\/urologiagirona.com\/en\/andrology\/#breadcrumb\",\"itemListElement\":[{\"@type\":\"ListItem\",\"position\":1,\"name\":\"Inici\",\"item\":\"https:\/\/urologiagirona.com\/urologia-girona-2025\/\"},{\"@type\":\"ListItem\",\"position\":2,\"name\":\"Andrology\"}]},{\"@type\":\"WebSite\",\"@id\":\"https:\/\/urologiagirona.com\/#website\",\"url\":\"https:\/\/urologiagirona.com\/\",\"name\":\"Urologia Girona \/ Cl\u00ednica Urologia Girona\",\"description\":\"Som especialistes en cirurgia rob\u00f2tica i m\u00ednimament invasiva per el tractament de patologia prost\u00e0tica ( l\u00e0ser de pr\u00f2stata, Robot Da Vinci, ter\u00e0pia focal), patologia renal (c\u00e0ncer, litiasis, cirurgia rob\u00f2tica i laparosc\u00f2pia) i vesical (tumors de bufeta).\",\"publisher\":{\"@id\":\"https:\/\/urologiagirona.com\/#organization\"},\"alternateName\":\"Cl\u00ednica Urologia Girona\",\"potentialAction\":[{\"@type\":\"SearchAction\",\"target\":{\"@type\":\"EntryPoint\",\"urlTemplate\":\"https:\/\/urologiagirona.com\/?s={search_term_string}\"},\"query-input\":{\"@type\":\"PropertyValueSpecification\",\"valueRequired\":true,\"valueName\":\"search_term_string\"}}],\"inLanguage\":\"en-US\"},{\"@type\":\"Organization\",\"@id\":\"https:\/\/urologiagirona.com\/#organization\",\"name\":\"Urologia Girona \/ Cl\u00ednica Urologia Girona\",\"url\":\"https:\/\/urologiagirona.com\/\",\"logo\":{\"@type\":\"ImageObject\",\"inLanguage\":\"en-US\",\"@id\":\"https:\/\/urologiagirona.com\/#\/schema\/logo\/image\/\",\"url\":\"https:\/\/urologiagirona.com\/wp-content\/uploads\/2020\/11\/logo_urologia_girona.jpg\",\"contentUrl\":\"https:\/\/urologiagirona.com\/wp-content\/uploads\/2020\/11\/logo_urologia_girona.jpg\",\"width\":600,\"height\":341,\"caption\":\"Urologia Girona \/ Cl\u00ednica Urologia Girona\"},\"image\":{\"@id\":\"https:\/\/urologiagirona.com\/#\/schema\/logo\/image\/\"}}]}<\/script>\n<!-- \/ Yoast SEO plugin. -->","yoast_head_json":{"title":"Andrology - Urologia Girona","robots":{"index":"index","follow":"follow","max-snippet":"max-snippet:-1","max-image-preview":"max-image-preview:large","max-video-preview":"max-video-preview:-1"},"canonical":"https:\/\/urologiagirona.com\/en\/andrology\/","og_locale":"en_US","og_type":"article","og_title":"Andrology - Urologia Girona","og_description":"It is the medical discipline that deals with the pathologies of the male reproductive system. Erectile disfunction\u00a0 Before called impotence, it is a situation in which there is no adequate erection of the penis to sexual stimuli, which does not allow the introduction of the penis into the vagina. There are several causes: Causes because [&hellip;]","og_url":"https:\/\/urologiagirona.com\/en\/andrology\/","og_site_name":"Urologia Girona","article_modified_time":"2021-05-20T10:18:14+00:00","og_image":[{"width":600,"height":341,"url":"https:\/\/urologiagirona.com\/wp-content\/uploads\/2020\/11\/logo_urologia_girona.jpg","type":"image\/jpeg"}],"schema":{"@context":"https:\/\/schema.org","@graph":[{"@type":"WebPage","@id":"https:\/\/urologiagirona.com\/en\/andrology\/","url":"https:\/\/urologiagirona.com\/en\/andrology\/","name":"Andrology - Urologia Girona","isPartOf":{"@id":"https:\/\/urologiagirona.com\/#website"},"datePublished":"2021-05-20T10:17:20+00:00","dateModified":"2021-05-20T10:18:14+00:00","breadcrumb":{"@id":"https:\/\/urologiagirona.com\/en\/andrology\/#breadcrumb"},"inLanguage":"en-US","potentialAction":[{"@type":"ReadAction","target":["https:\/\/urologiagirona.com\/en\/andrology\/"]}]},{"@type":"BreadcrumbList","@id":"https:\/\/urologiagirona.com\/en\/andrology\/#breadcrumb","itemListElement":[{"@type":"ListItem","position":1,"name":"Inici","item":"https:\/\/urologiagirona.com\/urologia-girona-2025\/"},{"@type":"ListItem","position":2,"name":"Andrology"}]},{"@type":"WebSite","@id":"https:\/\/urologiagirona.com\/#website","url":"https:\/\/urologiagirona.com\/","name":"Urologia Girona \/ Cl\u00ednica Urologia Girona","description":"Som especialistes en cirurgia rob\u00f2tica i m\u00ednimament invasiva per el tractament de patologia prost\u00e0tica ( l\u00e0ser de pr\u00f2stata, Robot Da Vinci, ter\u00e0pia focal), patologia renal (c\u00e0ncer, litiasis, cirurgia rob\u00f2tica i laparosc\u00f2pia) i vesical (tumors de bufeta).","publisher":{"@id":"https:\/\/urologiagirona.com\/#organization"},"alternateName":"Cl\u00ednica Urologia Girona","potentialAction":[{"@type":"SearchAction","target":{"@type":"EntryPoint","urlTemplate":"https:\/\/urologiagirona.com\/?s={search_term_string}"},"query-input":{"@type":"PropertyValueSpecification","valueRequired":true,"valueName":"search_term_string"}}],"inLanguage":"en-US"},{"@type":"Organization","@id":"https:\/\/urologiagirona.com\/#organization","name":"Urologia Girona \/ Cl\u00ednica Urologia Girona","url":"https:\/\/urologiagirona.com\/","logo":{"@type":"ImageObject","inLanguage":"en-US","@id":"https:\/\/urologiagirona.com\/#\/schema\/logo\/image\/","url":"https:\/\/urologiagirona.com\/wp-content\/uploads\/2020\/11\/logo_urologia_girona.jpg","contentUrl":"https:\/\/urologiagirona.com\/wp-content\/uploads\/2020\/11\/logo_urologia_girona.jpg","width":600,"height":341,"caption":"Urologia Girona \/ Cl\u00ednica Urologia Girona"},"image":{"@id":"https:\/\/urologiagirona.com\/#\/schema\/logo\/image\/"}}]}},"_links":{"self":[{"href":"https:\/\/urologiagirona.com\/en\/wp-json\/wp\/v2\/pages\/914","targetHints":{"allow":["GET"]}}],"collection":[{"href":"https:\/\/urologiagirona.com\/en\/wp-json\/wp\/v2\/pages"}],"about":[{"href":"https:\/\/urologiagirona.com\/en\/wp-json\/wp\/v2\/types\/page"}],"author":[{"embeddable":true,"href":"https:\/\/urologiagirona.com\/en\/wp-json\/wp\/v2\/users\/1"}],"replies":[{"embeddable":true,"href":"https:\/\/urologiagirona.com\/en\/wp-json\/wp\/v2\/comments?post=914"}],"version-history":[{"count":1,"href":"https:\/\/urologiagirona.com\/en\/wp-json\/wp\/v2\/pages\/914\/revisions"}],"predecessor-version":[{"id":915,"href":"https:\/\/urologiagirona.com\/en\/wp-json\/wp\/v2\/pages\/914\/revisions\/915"}],"wp:attachment":[{"href":"https:\/\/urologiagirona.com\/en\/wp-json\/wp\/v2\/media?parent=914"}],"curies":[{"name":"wp","href":"https:\/\/api.w.org\/{rel}","templated":true}]}}