{"id":912,"date":"2021-05-20T12:15:19","date_gmt":"2021-05-20T10:15:19","guid":{"rendered":"https:\/\/urologiagirona.com\/urological-oncology\/"},"modified":"2021-05-20T12:15:19","modified_gmt":"2021-05-20T10:15:19","slug":"urological-oncology","status":"publish","type":"page","link":"https:\/\/urologiagirona.com\/en\/urological-oncology\/","title":{"rendered":"Urological Oncology"},"content":{"rendered":"\r\n<p><strong>It is the part of urology in charge of the diagnosis and treatment of cancer in the urinary system.<\/strong><\/p>\r\n\r\n\r\n\r\n<h3 class=\"wp-block-heading\">Bladder cancer<\/h3>\r\n\r\n\r\n\r\n<p><span style=\"font-weight: 400;\">Bladder cancer refers to any of the many types of malignant tumours located in the urinary bladder.<\/span><\/p>\r\n<p><span style=\"font-weight: 400;\">We distinguish superficial bladder cancer and invasive or infiltrating cancer. If the cancer is superficial, it is resolved with transurethral resection of the bladder and chemotherapy or intravesical immunotherapy, a strict follow-up is imperative since it has a high tendency to recur. If the cancer is infiltrating, it is much more serious and requires aggressive treatment, if staging allows it, radical cystectomy (removal of the bladder) must be indicated, creating an ileal conduit (Bricker) that involves carrying a bag through, which the urine goes through, attached to the abdomen or to make a neobladder using the intestine, in this case the urine continues to flow through the urethra.<\/span><\/p>\r\n<p><span style=\"font-weight: 400;\">The most common form is hematuria, namely urinating blood, voiding syndrome (itching stinging when urinating). For the diagnosis we use ultrasound, cystoscopy and cytologies.<\/span><\/p>\r\n\r\n\r\n\r\n<h3 class=\"wp-block-heading\">Prostate Cancer<\/h3>\r\n\r\n\r\n\r\n<p><span style=\"font-weight: 400;\">Prostate Cancer is a disease in which cancer develops in the prostate gland.<\/span><\/p>\r\n<p><span style=\"font-weight: 400;\">It develops more frequently in men starting from their fifties. In most cases it is diagnosed through physical examination or by analysis, such as the PSA test (Prostate Specific Antigen). Suspicions of prostate cancer are confirmed by removing a sample from the prostate (prostate biopsy). Sometimes it is necessary to perform several biopsies on the same individual over time, in order to rule out being affected by this pathology. The members of Urologia Girona have dedicated their efforts and participated in various investigations to perfect less invasive techniques that help diagnose prostate cancer. Currently, before performing a biopsy, a multiparametric Magnetic resonance imaging is performed (which combines morphological, dynamic and functional sequences) for a better characterization of the prostate and possible lesions.<\/span><\/p>\r\n<p><span style=\"font-weight: 400;\">At Urolog\u00eda Girona we perform biopsies via fusion. This technique allows us to perform ultrasound-guided prostate biopsies with a real-time correlation to the images obtained from the previous MRI. This technology increases the diagnostic precision of the technique, avoiding the need for new biopsies in the future.<\/span><\/p>\r\n\r\n\r\n\r\n<figure class=\"wp-block-image size-large\"><img fetchpriority=\"high\" fetchpriority=\"high\" decoding=\"async\" width=\"1024\" height=\"683\" class=\"wp-image-548\" src=\"https:\/\/urologiagirona.com\/\/wp-content\/uploads\/2020\/11\/biopsia-de-prostata-1024x683.jpg\" alt=\"\" srcset=\"https:\/\/urologiagirona.com\/wp-content\/uploads\/2020\/11\/biopsia-de-prostata-1024x683.jpg 1024w, https:\/\/urologiagirona.com\/wp-content\/uploads\/2020\/11\/biopsia-de-prostata-300x200.jpg 300w, https:\/\/urologiagirona.com\/wp-content\/uploads\/2020\/11\/biopsia-de-prostata-768x512.jpg 768w, https:\/\/urologiagirona.com\/wp-content\/uploads\/2020\/11\/biopsia-de-prostata-1536x1024.jpg 1536w, https:\/\/urologiagirona.com\/wp-content\/uploads\/2020\/11\/biopsia-de-prostata-2048x1365.jpg 2048w, https:\/\/urologiagirona.com\/wp-content\/uploads\/2020\/11\/biopsia-de-prostata-1080x720.jpg 1080w\" sizes=\"(max-width: 1024px) 100vw, 1024px\" \/>\r\n<figcaption><em><span style=\"font-weight: 400;\">Dr Comet and Dr Boix, urologists at Clinica Onyar.<\/span><\/em><\/figcaption>\r\n<\/figure>\r\n\r\n\r\n\r\n<h4 class=\"wp-block-heading\"><strong><strong>Treatment<\/strong><\/strong><\/h4>\r\n\r\n\r\n\r\n<p><span style=\"font-weight: 400;\">The treatment of prostate cancer is highly individualized, many factors must be considered: Age and life expectancy, the patient&#8217;s preferences regarding the side effects associated with each treatment, the stage and grade of the cancer.<\/span><\/p>\r\n<ul>\r\n<li style=\"list-style-type: none;\">\r\n<ul>\r\n<li style=\"font-weight: 400;\" aria-level=\"1\"><span style=\"font-weight: 400;\">Expectant management: Because prostate cancer often grows very slowly, if the patient is older or has other serious illnesses, it is not necessary to treat the prostate cancer. Normally, PSA determinations in blood and digital rectal examination are carried out periodically.<\/span><\/li>\r\n<li style=\"font-weight: 400;\" aria-level=\"1\"><span style=\"font-weight: 400;\">Surgery: radical prostatectomy is surgery done with the intent to cure prostate cancer.<\/span><\/li>\r\n<li style=\"font-weight: 400;\" aria-level=\"1\"><span style=\"font-weight: 400;\">Radical Retropubic Prostatectomy: Open Wound Surgery.<\/span><\/li>\r\n<li style=\"font-weight: 400;\" aria-level=\"1\"><span style=\"font-weight: 400;\">Laparoscopic Radical Prostatectomy: Trocar Wound Surgery.<\/span><\/li>\r\n<li style=\"font-weight: 400;\" aria-level=\"1\"><span style=\"font-weight: 400;\">Side Effects: Urine incontinence, erectile dysfunction.<\/span><\/li>\r\n<\/ul>\r\n<\/li>\r\n<\/ul>\r\n<ul>\r\n<li aria-level=\"1\"><b>Da Vinci robotic radical prostatectomy.<\/b><\/li>\r\n<\/ul>\r\n<ul>\r\n<li style=\"font-weight: 400;\" aria-level=\"1\"><span style=\"font-weight: 400;\">Radiation therapy: Radiation treats low-grade cancer that is confined to the prostate or has only invaded neighbouring tissue. There are several external and internal techniques. Side effects are the same surgery and radiation own neighbouring tissues, such as: actinic proctitis, and radiation cystitis.<\/span><\/li>\r\n<li style=\"font-weight: 400;\" aria-level=\"1\"><span style=\"font-weight: 400;\">* Other techniques: HIFU, Cryotherapy: they are not yet accepted as first line treatment for most national and international urological associations.<\/span><\/li>\r\n<\/ul>\r\n<p><span style=\"font-weight: 400;\">Hormonal treatment: it is aimed at those patients who are not subject to radical treatment and allows us, through the administration of hormones, to slow down the evolution of the disease for a certain time. Lately, new hormonal treatments have appeared that allow us to increase the survival of patients with disseminated prostate tumour, that is, with metastasis.<\/span><\/p>\r\n\r\n\r\n\r\n<h3 class=\"wp-block-heading\"><strong>Kidney Cancer or Renal Cancer<\/strong><\/h3>\r\n\r\n\r\n\r\n<p><span style=\"font-weight: 400;\">It develops in the kidney. There are two sources depending on the region that affects the kidney. If it affects the collecting system (pelvis, calyces, ureter) it is from the bladder cancer family. If its root is in the renal parenchyma, it is of another type.<\/span><\/p>\r\n<p><span style=\"font-weight: 400;\">Usually, if the staging of the disease allows, the treatment of choice is radical surgery through a nephrectomy, which can be performed via open surgery, laparoscopic or robotic. Depending on the type of tumour it is, there are other rescue treatments. There is a growing tendency to be as less aggressive as possible and to conserve as much healthy parenchyma as possible adjacent to the tumour. This procedure is called partial nephrectomy, it is usually performed laparoscopically or robotically.<\/span><\/p>\r\n\r\n\r\n\r\n<h3 class=\"wp-block-heading\"><strong>Testicular cancer<\/strong><\/h3>\r\n\r\n\r\n\r\n<p><span style=\"font-weight: 400;\">It is located in the testicles. This type of cancer may develop in the chest and abdomen. It is the most common type of malignant tumour among young people, between the ages of fifteen and forty.<\/span><\/p>\r\n<p><span style=\"font-weight: 400;\">Removal of the testicle is often enough to cure the patient (orchiectomy). This disease has a fairly high cure rate, around 90%. Sometimes and depending on the staging, chemotherapy, radiotherapy and more complex operations are required to achieve healing of the patient.<\/span><\/p>\r\n<p><span style=\"font-weight: 400;\">Renal lithiasis is a disorder that affects the urinary system where kidney stones form (stones in the kidney or in the urinary tract, due to the crystallization and precipitation of compounds from the urine). This can remain in the kidney or it can detach and go down the ureter, producing renal colic. There are various of different composition: calcium oxalate, uric acid, struvite, cystine.<\/span><\/p>\r\n","protected":false},"excerpt":{"rendered":"<p>It is the part of urology in charge of the diagnosis and treatment of cancer in the urinary system. Bladder cancer Bladder cancer refers to any of the many types of malignant tumours located in the urinary bladder. We distinguish superficial bladder cancer and invasive or infiltrating cancer. If the cancer is superficial, it is [&hellip;]<\/p>\n","protected":false},"author":1,"featured_media":0,"parent":0,"menu_order":0,"comment_status":"closed","ping_status":"closed","template":"","meta":{"_et_pb_use_builder":"off","_et_pb_old_content":"","_et_gb_content_width":"","footnotes":""},"class_list":["post-912","page","type-page","status-publish","hentry"],"yoast_head":"<!-- This site is optimized with the Yoast SEO plugin v25.8 - https:\/\/yoast.com\/wordpress\/plugins\/seo\/ -->\n<title>Urological Oncology - Urologia Girona<\/title>\n<meta name=\"robots\" content=\"index, follow, max-snippet:-1, max-image-preview:large, max-video-preview:-1\" \/>\n<link rel=\"canonical\" href=\"https:\/\/urologiagirona.com\/en\/urological-oncology\/\" \/>\n<meta property=\"og:locale\" content=\"en_US\" \/>\n<meta property=\"og:type\" content=\"article\" \/>\n<meta property=\"og:title\" content=\"Urological Oncology - Urologia Girona\" \/>\n<meta property=\"og:description\" content=\"It is the part of urology in charge of the diagnosis and treatment of cancer in the urinary system. Bladder cancer Bladder cancer refers to any of the many types of malignant tumours located in the urinary bladder. We distinguish superficial bladder cancer and invasive or infiltrating cancer. If the cancer is superficial, it is [&hellip;]\" \/>\n<meta property=\"og:url\" content=\"https:\/\/urologiagirona.com\/en\/urological-oncology\/\" \/>\n<meta property=\"og:site_name\" content=\"Urologia Girona\" \/>\n<meta property=\"og:image\" content=\"https:\/\/urologiagirona.com\/\/wp-content\/uploads\/2020\/11\/biopsia-de-prostata-1024x683.jpg\" \/>\n<script type=\"application\/ld+json\" class=\"yoast-schema-graph\">{\"@context\":\"https:\/\/schema.org\",\"@graph\":[{\"@type\":\"WebPage\",\"@id\":\"https:\/\/urologiagirona.com\/en\/urological-oncology\/\",\"url\":\"https:\/\/urologiagirona.com\/en\/urological-oncology\/\",\"name\":\"Urological Oncology - Urologia Girona\",\"isPartOf\":{\"@id\":\"https:\/\/urologiagirona.com\/#website\"},\"primaryImageOfPage\":{\"@id\":\"https:\/\/urologiagirona.com\/en\/urological-oncology\/#primaryimage\"},\"image\":{\"@id\":\"https:\/\/urologiagirona.com\/en\/urological-oncology\/#primaryimage\"},\"thumbnailUrl\":\"https:\/\/urologiagirona.com\/\/wp-content\/uploads\/2020\/11\/biopsia-de-prostata-1024x683.jpg\",\"datePublished\":\"2021-05-20T10:15:19+00:00\",\"breadcrumb\":{\"@id\":\"https:\/\/urologiagirona.com\/en\/urological-oncology\/#breadcrumb\"},\"inLanguage\":\"en-US\",\"potentialAction\":[{\"@type\":\"ReadAction\",\"target\":[\"https:\/\/urologiagirona.com\/en\/urological-oncology\/\"]}]},{\"@type\":\"ImageObject\",\"inLanguage\":\"en-US\",\"@id\":\"https:\/\/urologiagirona.com\/en\/urological-oncology\/#primaryimage\",\"url\":\"https:\/\/urologiagirona.com\/\/wp-content\/uploads\/2020\/11\/biopsia-de-prostata-1024x683.jpg\",\"contentUrl\":\"https:\/\/urologiagirona.com\/\/wp-content\/uploads\/2020\/11\/biopsia-de-prostata-1024x683.jpg\"},{\"@type\":\"BreadcrumbList\",\"@id\":\"https:\/\/urologiagirona.com\/en\/urological-oncology\/#breadcrumb\",\"itemListElement\":[{\"@type\":\"ListItem\",\"position\":1,\"name\":\"Inici\",\"item\":\"https:\/\/urologiagirona.com\/urologia-girona-2025\/\"},{\"@type\":\"ListItem\",\"position\":2,\"name\":\"Urological Oncology\"}]},{\"@type\":\"WebSite\",\"@id\":\"https:\/\/urologiagirona.com\/#website\",\"url\":\"https:\/\/urologiagirona.com\/\",\"name\":\"Urologia Girona \/ Cl\u00ednica Urologia Girona\",\"description\":\"Som especialistes en cirurgia rob\u00f2tica i m\u00ednimament invasiva per el tractament de patologia prost\u00e0tica ( l\u00e0ser de pr\u00f2stata, Robot Da Vinci, ter\u00e0pia focal), patologia renal (c\u00e0ncer, litiasis, cirurgia rob\u00f2tica i laparosc\u00f2pia) i vesical (tumors de bufeta).\",\"publisher\":{\"@id\":\"https:\/\/urologiagirona.com\/#organization\"},\"alternateName\":\"Cl\u00ednica Urologia Girona\",\"potentialAction\":[{\"@type\":\"SearchAction\",\"target\":{\"@type\":\"EntryPoint\",\"urlTemplate\":\"https:\/\/urologiagirona.com\/?s={search_term_string}\"},\"query-input\":{\"@type\":\"PropertyValueSpecification\",\"valueRequired\":true,\"valueName\":\"search_term_string\"}}],\"inLanguage\":\"en-US\"},{\"@type\":\"Organization\",\"@id\":\"https:\/\/urologiagirona.com\/#organization\",\"name\":\"Urologia Girona \/ Cl\u00ednica Urologia Girona\",\"url\":\"https:\/\/urologiagirona.com\/\",\"logo\":{\"@type\":\"ImageObject\",\"inLanguage\":\"en-US\",\"@id\":\"https:\/\/urologiagirona.com\/#\/schema\/logo\/image\/\",\"url\":\"https:\/\/urologiagirona.com\/wp-content\/uploads\/2020\/11\/logo_urologia_girona.jpg\",\"contentUrl\":\"https:\/\/urologiagirona.com\/wp-content\/uploads\/2020\/11\/logo_urologia_girona.jpg\",\"width\":600,\"height\":341,\"caption\":\"Urologia Girona \/ Cl\u00ednica Urologia Girona\"},\"image\":{\"@id\":\"https:\/\/urologiagirona.com\/#\/schema\/logo\/image\/\"}}]}<\/script>\n<!-- \/ Yoast SEO plugin. -->","yoast_head_json":{"title":"Urological Oncology - Urologia Girona","robots":{"index":"index","follow":"follow","max-snippet":"max-snippet:-1","max-image-preview":"max-image-preview:large","max-video-preview":"max-video-preview:-1"},"canonical":"https:\/\/urologiagirona.com\/en\/urological-oncology\/","og_locale":"en_US","og_type":"article","og_title":"Urological Oncology - Urologia Girona","og_description":"It is the part of urology in charge of the diagnosis and treatment of cancer in the urinary system. Bladder cancer Bladder cancer refers to any of the many types of malignant tumours located in the urinary bladder. We distinguish superficial bladder cancer and invasive or infiltrating cancer. If the cancer is superficial, it is [&hellip;]","og_url":"https:\/\/urologiagirona.com\/en\/urological-oncology\/","og_site_name":"Urologia Girona","og_image":[{"url":"https:\/\/urologiagirona.com\/\/wp-content\/uploads\/2020\/11\/biopsia-de-prostata-1024x683.jpg","type":"","width":"","height":""}],"schema":{"@context":"https:\/\/schema.org","@graph":[{"@type":"WebPage","@id":"https:\/\/urologiagirona.com\/en\/urological-oncology\/","url":"https:\/\/urologiagirona.com\/en\/urological-oncology\/","name":"Urological Oncology - Urologia Girona","isPartOf":{"@id":"https:\/\/urologiagirona.com\/#website"},"primaryImageOfPage":{"@id":"https:\/\/urologiagirona.com\/en\/urological-oncology\/#primaryimage"},"image":{"@id":"https:\/\/urologiagirona.com\/en\/urological-oncology\/#primaryimage"},"thumbnailUrl":"https:\/\/urologiagirona.com\/\/wp-content\/uploads\/2020\/11\/biopsia-de-prostata-1024x683.jpg","datePublished":"2021-05-20T10:15:19+00:00","breadcrumb":{"@id":"https:\/\/urologiagirona.com\/en\/urological-oncology\/#breadcrumb"},"inLanguage":"en-US","potentialAction":[{"@type":"ReadAction","target":["https:\/\/urologiagirona.com\/en\/urological-oncology\/"]}]},{"@type":"ImageObject","inLanguage":"en-US","@id":"https:\/\/urologiagirona.com\/en\/urological-oncology\/#primaryimage","url":"https:\/\/urologiagirona.com\/\/wp-content\/uploads\/2020\/11\/biopsia-de-prostata-1024x683.jpg","contentUrl":"https:\/\/urologiagirona.com\/\/wp-content\/uploads\/2020\/11\/biopsia-de-prostata-1024x683.jpg"},{"@type":"BreadcrumbList","@id":"https:\/\/urologiagirona.com\/en\/urological-oncology\/#breadcrumb","itemListElement":[{"@type":"ListItem","position":1,"name":"Inici","item":"https:\/\/urologiagirona.com\/urologia-girona-2025\/"},{"@type":"ListItem","position":2,"name":"Urological Oncology"}]},{"@type":"WebSite","@id":"https:\/\/urologiagirona.com\/#website","url":"https:\/\/urologiagirona.com\/","name":"Urologia Girona \/ Cl\u00ednica Urologia Girona","description":"Som especialistes en cirurgia rob\u00f2tica i m\u00ednimament invasiva per el tractament de patologia prost\u00e0tica ( l\u00e0ser de pr\u00f2stata, Robot Da Vinci, ter\u00e0pia focal), patologia renal (c\u00e0ncer, litiasis, cirurgia rob\u00f2tica i laparosc\u00f2pia) i vesical (tumors de bufeta).","publisher":{"@id":"https:\/\/urologiagirona.com\/#organization"},"alternateName":"Cl\u00ednica Urologia Girona","potentialAction":[{"@type":"SearchAction","target":{"@type":"EntryPoint","urlTemplate":"https:\/\/urologiagirona.com\/?s={search_term_string}"},"query-input":{"@type":"PropertyValueSpecification","valueRequired":true,"valueName":"search_term_string"}}],"inLanguage":"en-US"},{"@type":"Organization","@id":"https:\/\/urologiagirona.com\/#organization","name":"Urologia Girona \/ Cl\u00ednica Urologia Girona","url":"https:\/\/urologiagirona.com\/","logo":{"@type":"ImageObject","inLanguage":"en-US","@id":"https:\/\/urologiagirona.com\/#\/schema\/logo\/image\/","url":"https:\/\/urologiagirona.com\/wp-content\/uploads\/2020\/11\/logo_urologia_girona.jpg","contentUrl":"https:\/\/urologiagirona.com\/wp-content\/uploads\/2020\/11\/logo_urologia_girona.jpg","width":600,"height":341,"caption":"Urologia Girona \/ Cl\u00ednica Urologia Girona"},"image":{"@id":"https:\/\/urologiagirona.com\/#\/schema\/logo\/image\/"}}]}},"_links":{"self":[{"href":"https:\/\/urologiagirona.com\/en\/wp-json\/wp\/v2\/pages\/912","targetHints":{"allow":["GET"]}}],"collection":[{"href":"https:\/\/urologiagirona.com\/en\/wp-json\/wp\/v2\/pages"}],"about":[{"href":"https:\/\/urologiagirona.com\/en\/wp-json\/wp\/v2\/types\/page"}],"author":[{"embeddable":true,"href":"https:\/\/urologiagirona.com\/en\/wp-json\/wp\/v2\/users\/1"}],"replies":[{"embeddable":true,"href":"https:\/\/urologiagirona.com\/en\/wp-json\/wp\/v2\/comments?post=912"}],"version-history":[{"count":0,"href":"https:\/\/urologiagirona.com\/en\/wp-json\/wp\/v2\/pages\/912\/revisions"}],"wp:attachment":[{"href":"https:\/\/urologiagirona.com\/en\/wp-json\/wp\/v2\/media?parent=912"}],"curies":[{"name":"wp","href":"https:\/\/api.w.org\/{rel}","templated":true}]}}