{"id":1150,"date":"2025-06-02T08:02:26","date_gmt":"2025-06-02T06:02:26","guid":{"rendered":"https:\/\/urologiagirona.com\/?page_id=1150"},"modified":"2025-06-02T08:11:26","modified_gmt":"2025-06-02T06:11:26","slug":"home-2025","status":"publish","type":"page","link":"https:\/\/urologiagirona.com\/en\/","title":{"rendered":"Home &#8211; English &#8211; 2025"},"content":{"rendered":"\t\t<div data-elementor-type=\"wp-page\" data-elementor-id=\"1150\" class=\"elementor elementor-1150\" data-elementor-post-type=\"page\">\n\t\t\t\t<div class=\"elementor-element elementor-element-72163d55 e-flex e-con-boxed e-con e-parent\" data-id=\"72163d55\" data-element_type=\"container\">\n\t\t\t\t\t<div class=\"e-con-inner\">\n\t\t\t\t<div class=\"elementor-element elementor-element-5daad744 elementor-widget elementor-widget-text-editor\" data-id=\"5daad744\" data-element_type=\"widget\" data-widget_type=\"text-editor.default\">\n\t\t\t\t<div class=\"elementor-widget-container\">\n\t\t\t\t\t\t\t\t\t\t\t\t\t\t\t\t\t<\/div>\n\t\t\t\t<\/div>\n\t\t\t\t\t<\/div>\n\t\t\t\t<\/div>\n\t\t<div class=\"elementor-element elementor-element-3342bfb e-con-full e-flex e-con e-parent\" data-id=\"3342bfb\" data-element_type=\"container\">\n\t\t\t\t<div class=\"elementor-element elementor-element-d2ba192 elementor--h-position-center elementor--v-position-middle elementor-arrows-position-inside elementor-pagination-position-inside elementor-widget elementor-widget-slides\" data-id=\"d2ba192\" data-element_type=\"widget\" data-settings=\"{&quot;navigation&quot;:&quot;both&quot;,&quot;autoplay&quot;:&quot;yes&quot;,&quot;pause_on_hover&quot;:&quot;yes&quot;,&quot;pause_on_interaction&quot;:&quot;yes&quot;,&quot;autoplay_speed&quot;:5000,&quot;infinite&quot;:&quot;yes&quot;,&quot;transition&quot;:&quot;slide&quot;,&quot;transition_speed&quot;:500}\" data-widget_type=\"slides.default\">\n\t\t\t\t<div class=\"elementor-widget-container\">\n\t\t\t\t\t\t\t\t\t<div class=\"elementor-swiper\">\n\t\t\t\t\t<div class=\"elementor-slides-wrapper elementor-main-swiper swiper\" role=\"region\" aria-roledescription=\"carousel\" aria-label=\"Slides\" dir=\"ltr\" data-animation=\"fadeInUp\">\n\t\t\t\t<div class=\"swiper-wrapper elementor-slides\">\n\t\t\t\t\t\t\t\t\t\t<div class=\"elementor-repeater-item-c4a47c4 swiper-slide\" role=\"group\" aria-roledescription=\"slide\"><div class=\"swiper-slide-bg\" role=\"img\"><\/div><a class=\"swiper-slide-inner\" href=\"https:\/\/urologiagirona.com\/en\/urological-oncology\/\"><div class=\"swiper-slide-contents\"><div class=\"elementor-slide-heading\">Urologia Girona <\/div><div class=\"elementor-slide-description\">Your health in our hands<\/div><div  class=\"elementor-button elementor-slide-button elementor-size-md\">OUR SERVICES<\/div><\/div><\/a><\/div><div class=\"elementor-repeater-item-5037ca5 swiper-slide\" role=\"group\" aria-roledescription=\"slide\"><div class=\"swiper-slide-bg\" role=\"img\"><\/div><a class=\"swiper-slide-inner\" href=\"https:\/\/urologiagirona.com\/en\/about-us\/\"><div class=\"swiper-slide-contents\"><div class=\"elementor-slide-heading\">Experience<\/div><div class=\"elementor-slide-description\">Doctor Boix i Doctor Comet<\/div><div  class=\"elementor-button elementor-slide-button elementor-size-md\">OUR TEAM<\/div><\/div><\/a><\/div><div class=\"elementor-repeater-item-c62e5b0 swiper-slide\" role=\"group\" aria-roledescription=\"slide\"><div class=\"swiper-slide-bg\" role=\"img\"><\/div><a class=\"swiper-slide-inner\" href=\"https:\/\/urologiagirona.com\/en\/da-vinci-robotics\/\"><div class=\"swiper-slide-contents\"><div class=\"elementor-slide-heading\">The best Equipment<\/div><div class=\"elementor-slide-description\">\nWe use state-of-the-art equipment to offer the best and latest solutions in the urological field: minimally invasive surgery, laparoscopic surgery, laser endoscopic surgery.<\/div><div  class=\"elementor-button elementor-slide-button elementor-size-md\">Da Vinci Surgical Systems (Robotics)<\/div><\/div><\/a><\/div>\t\t\t\t<\/div>\n\t\t\t\t\t\t\t\t\t\t\t\t\t\t\t<div class=\"elementor-swiper-button elementor-swiper-button-prev\" role=\"button\" tabindex=\"0\" aria-label=\"Previous slide\">\n\t\t\t\t\t\t\t<svg aria-hidden=\"true\" class=\"e-font-icon-svg e-eicon-chevron-left\" viewBox=\"0 0 1000 1000\" xmlns=\"http:\/\/www.w3.org\/2000\/svg\"><path d=\"M646 125C629 125 613 133 604 142L308 442C296 454 292 471 292 487 292 504 296 521 308 533L604 854C617 867 629 875 646 875 663 875 679 871 692 858 704 846 713 829 713 812 713 796 708 779 692 767L438 487 692 225C700 217 708 204 708 187 708 171 704 154 692 142 675 129 663 125 646 125Z\"><\/path><\/svg>\t\t\t\t\t\t<\/div>\n\t\t\t\t\t\t<div class=\"elementor-swiper-button elementor-swiper-button-next\" role=\"button\" tabindex=\"0\" aria-label=\"Next slide\">\n\t\t\t\t\t\t\t<svg aria-hidden=\"true\" class=\"e-font-icon-svg e-eicon-chevron-right\" viewBox=\"0 0 1000 1000\" xmlns=\"http:\/\/www.w3.org\/2000\/svg\"><path d=\"M696 533C708 521 713 504 713 487 713 471 708 454 696 446L400 146C388 133 375 125 354 125 338 125 325 129 313 142 300 154 292 171 292 187 292 204 296 221 308 233L563 492 304 771C292 783 288 800 288 817 288 833 296 850 308 863 321 871 338 875 354 875 371 875 388 867 400 854L696 533Z\"><\/path><\/svg>\t\t\t\t\t\t<\/div>\n\t\t\t\t\t\t\t\t\t\t\t\t\t\t\t\t<div class=\"swiper-pagination\"><\/div>\n\t\t\t\t\t\t\t\t\t\t\t\t<\/div>\n\t\t\t\t<\/div>\n\t\t\t\t\t\t\t\t<\/div>\n\t\t\t\t<\/div>\n\t\t\t\t<\/div>\n\t\t<div class=\"elementor-element elementor-element-7f5687b e-grid e-con-boxed e-con e-parent\" data-id=\"7f5687b\" data-element_type=\"container\">\n\t\t\t\t\t<div class=\"e-con-inner\">\n\t\t\t\t<div class=\"elementor-element elementor-element-3557f7d elementor-widget elementor-widget-text-editor\" data-id=\"3557f7d\" data-element_type=\"widget\" data-widget_type=\"text-editor.default\">\n\t\t\t\t<div class=\"elementor-widget-container\">\n\t\t\t\t\t\t\t\t\t<h3><span style=\"color: #ffffff;\">WE ARE ESPECIALISTS<\/span><\/h3>\n<p>We specialize in robotic and minimally invasive surgery for the treatment of prostate pathology (prostate laser,\u00a0<a href=\"https:\/\/urologiagirona.com\/en\/da-vinci-robotics\/\">Da Vinci Robot<\/a>, focal therapy), renal pathology (<a href=\"https:\/\/urologiagirona.com\/en\/urological-oncology\/\">canc<\/a>er,\u00a0<a href=\"https:\/\/urologiagirona.com\/en\/lithiasis-laser\/\">lithiasis<\/a>, robotic surgery and laparoscopy) and\u00a0<a href=\"https:\/\/urologiagirona.com\/en\/urological-oncology\/\">bladder pathology (bladder tumours).<\/a><\/p>\t\t\t\t\t\t\t\t<\/div>\n\t\t\t\t<\/div>\n\t\t\t\t<div class=\"elementor-element elementor-element-24ba2c6 elementor-widget elementor-widget-text-editor\" data-id=\"24ba2c6\" data-element_type=\"widget\" data-widget_type=\"text-editor.default\">\n\t\t\t\t<div class=\"elementor-widget-container\">\n\t\t\t\t\t\t\t\t\t<h3><span style=\"color: #ffffff;\"><strong>THE BEST TECHNOLOGY<\/strong><\/h3><\/span>\n<p>We use state-of-the-art equipment to offer the best and latest solutions in the urological field: minimally invasive surgery, laparoscopic surgery,\u00a0<a href=\"https:\/\/urologiagirona.com\/en\/laparoscopic-surgery-in-3d\/\">3D laparoscopic surgery<\/a>,\u00a0<a href=\"https:\/\/urologiagirona.com\/en\/lithiasis-laser\/\">laser endoscopic surgery<\/a>\u00a0and\u00a0<a href=\"https:\/\/urologiagirona.com\/en\/da-vinci-robotics\/\">robotic surgery (Da Vinci).<\/a><\/p>\t\t\t\t\t\t\t\t<\/div>\n\t\t\t\t<\/div>\n\t\t\t\t<div class=\"elementor-element elementor-element-c0ef732 elementor-widget elementor-widget-text-editor\" data-id=\"c0ef732\" data-element_type=\"widget\" data-widget_type=\"text-editor.default\">\n\t\t\t\t<div class=\"elementor-widget-container\">\n\t\t\t\t\t\t\t\t\t\n<h3><strong><span style=\"color: #ffffff;\">WE FOCUS ON<\/span><\/strong><\/h3>\n<p>In addition to\u00a0<a href=\"https:\/\/urologiagirona.com\/en\/urological-oncology\/\">Oncology Urology<\/a>, we also focus on the treatment of\u00a0<a href=\"https:\/\/urologiagirona.com\/en\/reconstructive-surgery-and-urethral-surgery\/\">urethral reconstructive surgery (urethral stenosis).<\/a>Urinary incontinence surgery and andrology.<\/p>\t\t\t\t\t\t\t\t<\/div>\n\t\t\t\t<\/div>\n\t\t\t\t\t<\/div>\n\t\t\t\t<\/div>\n\t\t<div class=\"elementor-element elementor-element-6871ad6 e-flex e-con-boxed e-con e-parent\" data-id=\"6871ad6\" data-element_type=\"container\">\n\t\t\t\t\t<div class=\"e-con-inner\">\n\t\t<div class=\"elementor-element elementor-element-1acf01e e-con-full e-flex e-con e-child\" data-id=\"1acf01e\" data-element_type=\"container\">\n\t\t\t\t<div class=\"elementor-element elementor-element-393f7fe elementor-position-top elementor-widget elementor-widget-image-box\" data-id=\"393f7fe\" data-element_type=\"widget\" data-widget_type=\"image-box.default\">\n\t\t\t\t<div class=\"elementor-widget-container\">\n\t\t\t\t\t<div class=\"elementor-image-box-wrapper\"><figure class=\"elementor-image-box-img\"><img fetchpriority=\"high\" fetchpriority=\"high\" decoding=\"async\" width=\"2560\" height=\"1707\" src=\"https:\/\/urologiagirona.com\/wp-content\/uploads\/2020\/11\/uretroplastia-scaled.jpg\" class=\"attachment-full size-full wp-image-546\" alt=\"\" srcset=\"https:\/\/urologiagirona.com\/wp-content\/uploads\/2020\/11\/uretroplastia-scaled.jpg 2560w, https:\/\/urologiagirona.com\/wp-content\/uploads\/2020\/11\/uretroplastia-300x200.jpg 300w, https:\/\/urologiagirona.com\/wp-content\/uploads\/2020\/11\/uretroplastia-1024x683.jpg 1024w, https:\/\/urologiagirona.com\/wp-content\/uploads\/2020\/11\/uretroplastia-768x512.jpg 768w, https:\/\/urologiagirona.com\/wp-content\/uploads\/2020\/11\/uretroplastia-1536x1024.jpg 1536w, https:\/\/urologiagirona.com\/wp-content\/uploads\/2020\/11\/uretroplastia-2048x1365.jpg 2048w, https:\/\/urologiagirona.com\/wp-content\/uploads\/2020\/11\/uretroplastia-1080x720.jpg 1080w\" sizes=\"(max-width: 2560px) 100vw, 2560px\" \/><\/figure><div class=\"elementor-image-box-content\"><h3 class=\"elementor-image-box-title\">WHERE ARE WE<\/h3><p class=\"elementor-image-box-description\">We carry out our main private surgical activity primarily at Causse Clinic (formerly Cl\u00ednica Onyar) in Girona. We see patients at the clinic itself as well as at other centers such as Cl\u00ednica Girona.<\/p><\/div><\/div>\t\t\t\t<\/div>\n\t\t\t\t<\/div>\n\t\t\t\t<\/div>\n\t\t<div class=\"elementor-element elementor-element-7b08394 e-con-full e-flex e-con e-child\" data-id=\"7b08394\" data-element_type=\"container\">\n\t\t\t\t<div class=\"elementor-element elementor-element-8b2dc83 elementor-position-top elementor-widget elementor-widget-image-box\" data-id=\"8b2dc83\" data-element_type=\"widget\" data-widget_type=\"image-box.default\">\n\t\t\t\t<div class=\"elementor-widget-container\">\n\t\t\t\t\t<div class=\"elementor-image-box-wrapper\"><figure class=\"elementor-image-box-img\"><img decoding=\"async\" width=\"2560\" height=\"1707\" src=\"https:\/\/urologiagirona.com\/wp-content\/uploads\/2020\/11\/biopsai-de-prostata-scaled.jpg\" class=\"attachment-full size-full wp-image-551\" alt=\"\" srcset=\"https:\/\/urologiagirona.com\/wp-content\/uploads\/2020\/11\/biopsai-de-prostata-scaled.jpg 2560w, https:\/\/urologiagirona.com\/wp-content\/uploads\/2020\/11\/biopsai-de-prostata-1280x720.jpg 1280w, https:\/\/urologiagirona.com\/wp-content\/uploads\/2020\/11\/biopsai-de-prostata-980x551.jpg 980w, https:\/\/urologiagirona.com\/wp-content\/uploads\/2020\/11\/biopsai-de-prostata-480x270.jpg 480w\" sizes=\"(min-width: 0px) and (max-width: 480px) 480px, (min-width: 481px) and (max-width: 980px) 980px, (min-width: 981px) and (max-width: 1280px) 1280px, (min-width: 1281px) 2560px, 100vw\" \/><\/figure><div class=\"elementor-image-box-content\"><h3 class=\"elementor-image-box-title\">CONTACT<\/h3><p class=\"elementor-image-box-description\">Posa\u2019t en contacte amb nosaltres per fer una primera visita i valorar el teu cas. O pots fer via formulari de contacte i via trucada telef\u00f2nica: +34 972 204 900, o via correu electr\u00f2nic info@urologiagirona.com<\/p><\/div><\/div>\t\t\t\t<\/div>\n\t\t\t\t<\/div>\n\t\t\t\t<\/div>\n\t\t\t\t\t<\/div>\n\t\t\t\t<\/div>\n\t\t\t\t<\/div>\n\t\t","protected":false},"excerpt":{"rendered":"<p>Urologia Girona Your health in our handsOUR SERVICESExperienceDoctor Boix i Doctor CometOUR TEAMThe best Equipment We use state-of-the-art equipment to offer the best and latest solutions in the urological field: minimally invasive surgery, laparoscopic surgery, laser endoscopic surgery.Da Vinci Surgical Systems (Robotics) WE ARE ESPECIALISTS We specialize in robotic and minimally invasive surgery for the [&hellip;]<\/p>\n","protected":false},"author":1,"featured_media":0,"parent":0,"menu_order":0,"comment_status":"closed","ping_status":"closed","template":"elementor_header_footer","meta":{"_et_pb_use_builder":"","_et_pb_old_content":"","_et_gb_content_width":"","footnotes":""},"class_list":["post-1150","page","type-page","status-publish","hentry"],"yoast_head":"<!-- This site is optimized with the Yoast SEO plugin v25.8 - https:\/\/yoast.com\/wordpress\/plugins\/seo\/ -->\n<title>Home - English - 2025 - Urologia Girona<\/title>\n<meta name=\"robots\" content=\"index, follow, max-snippet:-1, max-image-preview:large, max-video-preview:-1\" \/>\n<link rel=\"canonical\" href=\"https:\/\/urologiagirona.com\/en\/urologia-girona-2025\/\" \/>\n<meta property=\"og:locale\" content=\"en_US\" \/>\n<meta property=\"og:type\" content=\"article\" \/>\n<meta property=\"og:title\" content=\"Home - English - 2025 - Urologia Girona\" \/>\n<meta property=\"og:description\" content=\"Urologia Girona Your health in our handsOUR SERVICESExperienceDoctor Boix i Doctor CometOUR TEAMThe best Equipment We use state-of-the-art equipment to offer the best and latest solutions in the urological field: minimally invasive surgery, laparoscopic surgery, laser endoscopic surgery.Da Vinci Surgical Systems (Robotics) WE ARE ESPECIALISTS We specialize in robotic and minimally invasive surgery for the [&hellip;]\" \/>\n<meta property=\"og:url\" content=\"https:\/\/urologiagirona.com\/urologia-girona-2025\/\" \/>\n<meta property=\"og:site_name\" content=\"Urologia Girona\" \/>\n<meta property=\"article:modified_time\" content=\"2025-06-02T06:11:26+00:00\" \/>\n<meta property=\"og:image\" content=\"https:\/\/urologiagirona.com\/wp-content\/uploads\/2020\/11\/uretroplastia-scaled.jpg\" \/>\n\t<meta property=\"og:image:width\" content=\"2560\" \/>\n\t<meta property=\"og:image:height\" content=\"1707\" \/>\n\t<meta property=\"og:image:type\" content=\"image\/jpeg\" \/>\n<script type=\"application\/ld+json\" class=\"yoast-schema-graph\">{\"@context\":\"https:\/\/schema.org\",\"@graph\":[{\"@type\":\"WebPage\",\"@id\":\"https:\/\/urologiagirona.com\/urologia-girona-2025\/\",\"url\":\"https:\/\/urologiagirona.com\/urologia-girona-2025\/\",\"name\":\"Home - English - 2025 - Urologia Girona\",\"isPartOf\":{\"@id\":\"https:\/\/urologiagirona.com\/#website\"},\"primaryImageOfPage\":{\"@id\":\"https:\/\/urologiagirona.com\/urologia-girona-2025\/#primaryimage\"},\"image\":{\"@id\":\"https:\/\/urologiagirona.com\/urologia-girona-2025\/#primaryimage\"},\"thumbnailUrl\":\"https:\/\/urologiagirona.com\/wp-content\/uploads\/2020\/11\/uretroplastia-scaled.jpg\",\"datePublished\":\"2025-06-02T06:02:26+00:00\",\"dateModified\":\"2025-06-02T06:11:26+00:00\",\"breadcrumb\":{\"@id\":\"https:\/\/urologiagirona.com\/urologia-girona-2025\/#breadcrumb\"},\"inLanguage\":\"en-US\",\"potentialAction\":[{\"@type\":\"ReadAction\",\"target\":[\"https:\/\/urologiagirona.com\/urologia-girona-2025\/\"]}]},{\"@type\":\"ImageObject\",\"inLanguage\":\"en-US\",\"@id\":\"https:\/\/urologiagirona.com\/urologia-girona-2025\/#primaryimage\",\"url\":\"https:\/\/urologiagirona.com\/wp-content\/uploads\/2020\/11\/uretroplastia-scaled.jpg\",\"contentUrl\":\"https:\/\/urologiagirona.com\/wp-content\/uploads\/2020\/11\/uretroplastia-scaled.jpg\"},{\"@type\":\"BreadcrumbList\",\"@id\":\"https:\/\/urologiagirona.com\/urologia-girona-2025\/#breadcrumb\",\"itemListElement\":[{\"@type\":\"ListItem\",\"position\":1,\"name\":\"Inici\",\"item\":\"https:\/\/urologiagirona.com\/urologia-girona-2025\/\"},{\"@type\":\"ListItem\",\"position\":2,\"name\":\"Home &#8211; English &#8211; 2025\"}]},{\"@type\":\"WebSite\",\"@id\":\"https:\/\/urologiagirona.com\/#website\",\"url\":\"https:\/\/urologiagirona.com\/\",\"name\":\"Urologia Girona \/ Cl\u00ednica Urologia Girona\",\"description\":\"Som especialistes en cirurgia rob\u00f2tica i m\u00ednimament invasiva per el tractament de patologia prost\u00e0tica ( l\u00e0ser de pr\u00f2stata, Robot Da Vinci, ter\u00e0pia focal), patologia renal (c\u00e0ncer, litiasis, cirurgia rob\u00f2tica i laparosc\u00f2pia) i vesical (tumors de bufeta).\",\"publisher\":{\"@id\":\"https:\/\/urologiagirona.com\/#organization\"},\"alternateName\":\"Cl\u00ednica Urologia Girona\",\"potentialAction\":[{\"@type\":\"SearchAction\",\"target\":{\"@type\":\"EntryPoint\",\"urlTemplate\":\"https:\/\/urologiagirona.com\/?s={search_term_string}\"},\"query-input\":{\"@type\":\"PropertyValueSpecification\",\"valueRequired\":true,\"valueName\":\"search_term_string\"}}],\"inLanguage\":\"en-US\"},{\"@type\":\"Organization\",\"@id\":\"https:\/\/urologiagirona.com\/#organization\",\"name\":\"Urologia Girona \/ Cl\u00ednica Urologia Girona\",\"url\":\"https:\/\/urologiagirona.com\/\",\"logo\":{\"@type\":\"ImageObject\",\"inLanguage\":\"en-US\",\"@id\":\"https:\/\/urologiagirona.com\/#\/schema\/logo\/image\/\",\"url\":\"https:\/\/urologiagirona.com\/wp-content\/uploads\/2020\/11\/logo_urologia_girona.jpg\",\"contentUrl\":\"https:\/\/urologiagirona.com\/wp-content\/uploads\/2020\/11\/logo_urologia_girona.jpg\",\"width\":600,\"height\":341,\"caption\":\"Urologia Girona \/ Cl\u00ednica Urologia Girona\"},\"image\":{\"@id\":\"https:\/\/urologiagirona.com\/#\/schema\/logo\/image\/\"}}]}<\/script>\n<!-- \/ Yoast SEO plugin. -->","yoast_head_json":{"title":"Home - English - 2025 - Urologia Girona","robots":{"index":"index","follow":"follow","max-snippet":"max-snippet:-1","max-image-preview":"max-image-preview:large","max-video-preview":"max-video-preview:-1"},"canonical":"https:\/\/urologiagirona.com\/en\/urologia-girona-2025\/","og_locale":"en_US","og_type":"article","og_title":"Home - English - 2025 - Urologia Girona","og_description":"Urologia Girona Your health in our handsOUR SERVICESExperienceDoctor Boix i Doctor CometOUR TEAMThe best Equipment We use state-of-the-art equipment to offer the best and latest solutions in the urological field: minimally invasive surgery, laparoscopic surgery, laser endoscopic surgery.Da Vinci Surgical Systems (Robotics) WE ARE ESPECIALISTS We specialize in robotic and minimally invasive surgery for the [&hellip;]","og_url":"https:\/\/urologiagirona.com\/urologia-girona-2025\/","og_site_name":"Urologia Girona","article_modified_time":"2025-06-02T06:11:26+00:00","og_image":[{"width":2560,"height":1707,"url":"https:\/\/urologiagirona.com\/wp-content\/uploads\/2020\/11\/uretroplastia-scaled.jpg","type":"image\/jpeg"}],"schema":{"@context":"https:\/\/schema.org","@graph":[{"@type":"WebPage","@id":"https:\/\/urologiagirona.com\/urologia-girona-2025\/","url":"https:\/\/urologiagirona.com\/urologia-girona-2025\/","name":"Home - English - 2025 - Urologia Girona","isPartOf":{"@id":"https:\/\/urologiagirona.com\/#website"},"primaryImageOfPage":{"@id":"https:\/\/urologiagirona.com\/urologia-girona-2025\/#primaryimage"},"image":{"@id":"https:\/\/urologiagirona.com\/urologia-girona-2025\/#primaryimage"},"thumbnailUrl":"https:\/\/urologiagirona.com\/wp-content\/uploads\/2020\/11\/uretroplastia-scaled.jpg","datePublished":"2025-06-02T06:02:26+00:00","dateModified":"2025-06-02T06:11:26+00:00","breadcrumb":{"@id":"https:\/\/urologiagirona.com\/urologia-girona-2025\/#breadcrumb"},"inLanguage":"en-US","potentialAction":[{"@type":"ReadAction","target":["https:\/\/urologiagirona.com\/urologia-girona-2025\/"]}]},{"@type":"ImageObject","inLanguage":"en-US","@id":"https:\/\/urologiagirona.com\/urologia-girona-2025\/#primaryimage","url":"https:\/\/urologiagirona.com\/wp-content\/uploads\/2020\/11\/uretroplastia-scaled.jpg","contentUrl":"https:\/\/urologiagirona.com\/wp-content\/uploads\/2020\/11\/uretroplastia-scaled.jpg"},{"@type":"BreadcrumbList","@id":"https:\/\/urologiagirona.com\/urologia-girona-2025\/#breadcrumb","itemListElement":[{"@type":"ListItem","position":1,"name":"Inici","item":"https:\/\/urologiagirona.com\/urologia-girona-2025\/"},{"@type":"ListItem","position":2,"name":"Home &#8211; English &#8211; 2025"}]},{"@type":"WebSite","@id":"https:\/\/urologiagirona.com\/#website","url":"https:\/\/urologiagirona.com\/","name":"Urologia Girona \/ Cl\u00ednica Urologia Girona","description":"Som especialistes en cirurgia rob\u00f2tica i m\u00ednimament invasiva per el tractament de patologia prost\u00e0tica ( l\u00e0ser de pr\u00f2stata, Robot Da Vinci, ter\u00e0pia focal), patologia renal (c\u00e0ncer, litiasis, cirurgia rob\u00f2tica i laparosc\u00f2pia) i vesical (tumors de bufeta).","publisher":{"@id":"https:\/\/urologiagirona.com\/#organization"},"alternateName":"Cl\u00ednica Urologia Girona","potentialAction":[{"@type":"SearchAction","target":{"@type":"EntryPoint","urlTemplate":"https:\/\/urologiagirona.com\/?s={search_term_string}"},"query-input":{"@type":"PropertyValueSpecification","valueRequired":true,"valueName":"search_term_string"}}],"inLanguage":"en-US"},{"@type":"Organization","@id":"https:\/\/urologiagirona.com\/#organization","name":"Urologia Girona \/ Cl\u00ednica Urologia Girona","url":"https:\/\/urologiagirona.com\/","logo":{"@type":"ImageObject","inLanguage":"en-US","@id":"https:\/\/urologiagirona.com\/#\/schema\/logo\/image\/","url":"https:\/\/urologiagirona.com\/wp-content\/uploads\/2020\/11\/logo_urologia_girona.jpg","contentUrl":"https:\/\/urologiagirona.com\/wp-content\/uploads\/2020\/11\/logo_urologia_girona.jpg","width":600,"height":341,"caption":"Urologia Girona \/ Cl\u00ednica Urologia Girona"},"image":{"@id":"https:\/\/urologiagirona.com\/#\/schema\/logo\/image\/"}}]}},"_links":{"self":[{"href":"https:\/\/urologiagirona.com\/en\/wp-json\/wp\/v2\/pages\/1150","targetHints":{"allow":["GET"]}}],"collection":[{"href":"https:\/\/urologiagirona.com\/en\/wp-json\/wp\/v2\/pages"}],"about":[{"href":"https:\/\/urologiagirona.com\/en\/wp-json\/wp\/v2\/types\/page"}],"author":[{"embeddable":true,"href":"https:\/\/urologiagirona.com\/en\/wp-json\/wp\/v2\/users\/1"}],"replies":[{"embeddable":true,"href":"https:\/\/urologiagirona.com\/en\/wp-json\/wp\/v2\/comments?post=1150"}],"version-history":[{"count":17,"href":"https:\/\/urologiagirona.com\/en\/wp-json\/wp\/v2\/pages\/1150\/revisions"}],"predecessor-version":[{"id":1169,"href":"https:\/\/urologiagirona.com\/en\/wp-json\/wp\/v2\/pages\/1150\/revisions\/1169"}],"wp:attachment":[{"href":"https:\/\/urologiagirona.com\/en\/wp-json\/wp\/v2\/media?parent=1150"}],"curies":[{"name":"wp","href":"https:\/\/api.w.org\/{rel}","templated":true}]}}